{"id":22950,"date":"2020-06-24T09:52:45","date_gmt":"2020-06-24T09:52:45","guid":{"rendered":"https:\/\/ettagoglobal.com\/?post_type=product&#038;p=22950"},"modified":"2023-03-30T13:44:39","modified_gmt":"2023-03-30T13:44:39","slug":"wirtualna-komunikacja-w-miedzynarodowym-zespole","status":"publish","type":"product","link":"https:\/\/ettagoglobal.com\/pl\/produkt\/wirtualna-komunikacja-w-miedzynarodowym-zespole\/","title":{"rendered":"WEBINAR: Wirtualna komunikacja w mi\u0119dzynarodowym zespole"},"content":{"rendered":"<h1>WEBINAR: Wirtualna komunikacja w&nbsp;mi\u0119dzynarodowym zespole<\/h1>\n<p><strong>Czego dowiesz si\u0119 po&nbsp;obejrzeniu webinaru?<\/strong><\/p>\n<p>\ud83d\udcac <strong>Podej\u015bcie do&nbsp;komunikacji<\/strong> &#8211; jeden z&nbsp;najwa\u017cniejszych aspekt\u00f3w kultury<\/p>\n<p>\u27a1\ufe0f Wprost albo&nbsp;naoko\u0142o &#8211; jakie <strong>komunikaty<\/strong> w&nbsp;kt\u00f3rych kulturach i&nbsp;z czego to wynika?<\/p>\n<p>\ud83d\udce7 Odpowiednie<strong> kana\u0142y i&nbsp;sposoby komunikacji<\/strong> z&nbsp;osobami z&nbsp;r\u00f3\u017cnych kultur<\/p>\n<p>\ud83d\udde3 <strong>Moje w\u0142asne preferencje<\/strong> &#8211; na&nbsp;co zwr\u00f3ci\u0107 uwag\u0119, \u017ceby komunikowa\u0107 si\u0119 efektywnie?<\/p>\n","protected":false},"excerpt":{"rendered":"<p>Nagranie webinaru, kt\u00f3ry odby\u0142 si\u0119 na \u017cywo 18 czerwca 2020 r. i by\u0142 prowadzony przez Katarzyn\u0119 Romanowicz.<\/p>\n<p>Webinar skierowany jest do mened\u017cer\u00f3w i team lider\u00f3w zarz\u0105dzaj\u0105cych rozproszonymi, wirtualnymi zespo\u0142ami w Polsce i za granic\u0105 oraz do cz\u0142onk\u00f3w mi\u0119dzynarowych zespo\u0142\u00f3w. Opr\u00f3cz tre\u015bci merytorycznych na ko\u0144cu nagrania znajdziesz sesj\u0119 pyta\u0144 i odpowiedzi.<\/p>\n<p>Kupuj\u0105c webinar otrzymujesz <strong>bezterminowy dost\u0119p<\/strong> do nagrania, <strong>prezentacj\u0119<\/strong> oraz <strong>notatk\u0119 graficzn\u0105<\/strong>.<\/p>\n<hr \/>\n<p><strong>Czego dowiesz si\u0119 po obejrzeniu webinaru?<\/strong><\/p>\n<p>&nbsp;<\/p>\n<p>\ud83d\udcac <strong>Podej\u015bcie do komunikacji<\/strong> &#8211; jeden z najwa\u017cniejszych aspekt\u00f3w kultury<\/p>\n<p>\u27a1\ufe0f Wprost albo naoko\u0142o &#8211; jakie <strong>komunikaty<\/strong> w kt\u00f3rych kulturach i z czego to wynika?<\/p>\n<p>\ud83d\udce7 Odpowiednie<strong> kana\u0142y i sposoby komunikacji<\/strong> z osobami z r\u00f3\u017cnych kultur<\/p>\n<p>\ud83d\udde3 <strong>Moje w\u0142asne preferencje<\/strong> &#8211; na co zwr\u00f3ci\u0107 uwag\u0119, \u017ceby komunikowa\u0107 si\u0119 efektywnie?<\/p>\n<p>&nbsp;<\/p>\n<p>Webinar przeprowadzi\u0142a <b>Katarzyna Romanowicz, <\/b>kt\u00f3ra na co dzie\u0144 wspiera w rozwijaniu umiej\u0119tno\u015bci komunikacyjnych tych, kt\u00f3rzy cz\u0119sto preferuj\u0105 kontakt wirtualny: in\u017cynier\u00f3w i pracownik\u00f3w IT, dlatego \u015bwiat wirtualny i wyzwania z nim zwi\u0105zane s\u0105 jej dobrze znane. Ponadto wsp\u00f3\u0142pracuje z rozproszonymi zespo\u0142ami jako ich lider lub wsp\u00f3\u0142pracownik od 2005 roku.<\/p>\n","protected":false},"featured_media":25512,"template":"","meta":{"_acf_changed":false,"_links_to":"","_links_to_target":""},"product_brand":[],"product_cat":[45],"product_tag":[],"class_list":{"0":"post-22950","1":"product","2":"type-product","3":"status-publish","4":"has-post-thumbnail","6":"product_cat-komunikacja-miedzykulturowa","8":"first","9":"instock","10":"downloadable","11":"virtual","12":"taxable","13":"purchasable","14":"product-type-simple"},"acf":[],"yoast_head":"<!-- This site is optimized with the Yoast SEO plugin v27.3 - https:\/\/yoast.com\/product\/yoast-seo-wordpress\/ -->\n<title>WEBINAR: Wirtualna komunikacja w mi\u0119dzynarodowym zespole - ETTA<\/title>\n<meta name=\"description\" content=\"Sprawd\u017a jak sprawi\u0107, by wirtualna komunikacja w mi\u0119dzynarodowym zespole by\u0142a efektywna, klarowna i pozwala\u0142a dba\u0107 o relacje i zaanga\u017cowanie.\" \/>\n<meta name=\"robots\" content=\"index, follow, max-snippet:-1, max-image-preview:large, max-video-preview:-1\" \/>\n<link rel=\"canonical\" href=\"https:\/\/ettagoglobal.com\/pl\/produkt\/wirtualna-komunikacja-w-miedzynarodowym-zespole\/\" \/>\n<meta property=\"og:locale\" content=\"pl_PL\" \/>\n<meta property=\"og:type\" content=\"article\" \/>\n<meta property=\"og:title\" content=\"WEBINAR: Wirtualna komunikacja w mi\u0119dzynarodowym zespole - ETTA\" \/>\n<meta property=\"og:description\" content=\"Sprawd\u017a jak sprawi\u0107, by wirtualna komunikacja w mi\u0119dzynarodowym zespole by\u0142a efektywna, klarowna i pozwala\u0142a dba\u0107 o relacje i zaanga\u017cowanie.\" \/>\n<meta property=\"og:url\" content=\"https:\/\/ettagoglobal.com\/pl\/produkt\/wirtualna-komunikacja-w-miedzynarodowym-zespole\/\" \/>\n<meta property=\"og:site_name\" content=\"ETTA\" \/>\n<meta property=\"article:modified_time\" content=\"2023-03-30T13:44:39+00:00\" \/>\n<meta property=\"og:image\" content=\"https:\/\/ettagoglobal.com\/wp-content\/uploads\/2022\/06\/webinar-etta-wirtualna-komunikacja-w-miedzynarodowym-zespole.png\" \/>\n\t<meta property=\"og:image:width\" content=\"1080\" \/>\n\t<meta property=\"og:image:height\" content=\"1080\" \/>\n\t<meta property=\"og:image:type\" content=\"image\/png\" \/>\n<meta name=\"twitter:card\" content=\"summary_large_image\" \/>\n<script type=\"application\/ld+json\" class=\"yoast-schema-graph\">{\"@context\":\"https:\\\/\\\/schema.org\",\"@graph\":[{\"@type\":\"WebPage\",\"@id\":\"https:\\\/\\\/ettagoglobal.com\\\/pl\\\/produkt\\\/wirtualna-komunikacja-w-miedzynarodowym-zespole\\\/\",\"url\":\"https:\\\/\\\/ettagoglobal.com\\\/pl\\\/produkt\\\/wirtualna-komunikacja-w-miedzynarodowym-zespole\\\/\",\"name\":\"WEBINAR: Wirtualna komunikacja w mi\u0119dzynarodowym zespole - ETTA\",\"isPartOf\":{\"@id\":\"https:\\\/\\\/ettagoglobal.com\\\/#website\"},\"primaryImageOfPage\":{\"@id\":\"https:\\\/\\\/ettagoglobal.com\\\/pl\\\/produkt\\\/wirtualna-komunikacja-w-miedzynarodowym-zespole\\\/#primaryimage\"},\"image\":{\"@id\":\"https:\\\/\\\/ettagoglobal.com\\\/pl\\\/produkt\\\/wirtualna-komunikacja-w-miedzynarodowym-zespole\\\/#primaryimage\"},\"thumbnailUrl\":\"https:\\\/\\\/ettagoglobal.com\\\/wp-content\\\/uploads\\\/2022\\\/06\\\/webinar-etta-wirtualna-komunikacja-w-miedzynarodowym-zespole.png\",\"datePublished\":\"2020-06-24T09:52:45+00:00\",\"dateModified\":\"2023-03-30T13:44:39+00:00\",\"description\":\"Sprawd\u017a jak sprawi\u0107, by wirtualna komunikacja w mi\u0119dzynarodowym zespole by\u0142a efektywna, klarowna i pozwala\u0142a dba\u0107 o relacje i zaanga\u017cowanie.\",\"breadcrumb\":{\"@id\":\"https:\\\/\\\/ettagoglobal.com\\\/pl\\\/produkt\\\/wirtualna-komunikacja-w-miedzynarodowym-zespole\\\/#breadcrumb\"},\"inLanguage\":\"pl-PL\",\"potentialAction\":[{\"@type\":\"ReadAction\",\"target\":[\"https:\\\/\\\/ettagoglobal.com\\\/pl\\\/produkt\\\/wirtualna-komunikacja-w-miedzynarodowym-zespole\\\/\"]}]},{\"@type\":\"ImageObject\",\"inLanguage\":\"pl-PL\",\"@id\":\"https:\\\/\\\/ettagoglobal.com\\\/pl\\\/produkt\\\/wirtualna-komunikacja-w-miedzynarodowym-zespole\\\/#primaryimage\",\"url\":\"https:\\\/\\\/ettagoglobal.com\\\/wp-content\\\/uploads\\\/2022\\\/06\\\/webinar-etta-wirtualna-komunikacja-w-miedzynarodowym-zespole.png\",\"contentUrl\":\"https:\\\/\\\/ettagoglobal.com\\\/wp-content\\\/uploads\\\/2022\\\/06\\\/webinar-etta-wirtualna-komunikacja-w-miedzynarodowym-zespole.png\",\"width\":1080,\"height\":1080,\"caption\":\"webinar wirtualna komunikacja miedzynarodowy zespol\"},{\"@type\":\"BreadcrumbList\",\"@id\":\"https:\\\/\\\/ettagoglobal.com\\\/pl\\\/produkt\\\/wirtualna-komunikacja-w-miedzynarodowym-zespole\\\/#breadcrumb\",\"itemListElement\":[{\"@type\":\"ListItem\",\"position\":1,\"name\":\"Strona g\u0142\u00f3wna\",\"item\":\"https:\\\/\\\/ettagoglobal.com\\\/pl\\\/home-2\\\/\"},{\"@type\":\"ListItem\",\"position\":2,\"name\":\"Sklep\",\"item\":\"https:\\\/\\\/ettagoglobal.com\\\/pl\\\/sklep\\\/\"},{\"@type\":\"ListItem\",\"position\":3,\"name\":\"WEBINAR: Wirtualna komunikacja w mi\u0119dzynarodowym zespole\"}]},{\"@type\":\"WebSite\",\"@id\":\"https:\\\/\\\/ettagoglobal.com\\\/#website\",\"url\":\"https:\\\/\\\/ettagoglobal.com\\\/\",\"name\":\"ETTA\",\"description\":\"Global Connections. Let&#039;s do it bETTA!\",\"potentialAction\":[{\"@type\":\"SearchAction\",\"target\":{\"@type\":\"EntryPoint\",\"urlTemplate\":\"https:\\\/\\\/ettagoglobal.com\\\/?s={search_term_string}\"},\"query-input\":{\"@type\":\"PropertyValueSpecification\",\"valueRequired\":true,\"valueName\":\"search_term_string\"}}],\"inLanguage\":\"pl-PL\"}]}<\/script>\n<!-- \/ Yoast SEO plugin. -->","yoast_head_json":{"title":"WEBINAR: Wirtualna komunikacja w mi\u0119dzynarodowym zespole - ETTA","description":"Sprawd\u017a jak sprawi\u0107, by wirtualna komunikacja w mi\u0119dzynarodowym zespole by\u0142a efektywna, klarowna i pozwala\u0142a dba\u0107 o relacje i zaanga\u017cowanie.","robots":{"index":"index","follow":"follow","max-snippet":"max-snippet:-1","max-image-preview":"max-image-preview:large","max-video-preview":"max-video-preview:-1"},"canonical":"https:\/\/ettagoglobal.com\/pl\/produkt\/wirtualna-komunikacja-w-miedzynarodowym-zespole\/","og_locale":"pl_PL","og_type":"article","og_title":"WEBINAR: Wirtualna komunikacja w mi\u0119dzynarodowym zespole - ETTA","og_description":"Sprawd\u017a jak sprawi\u0107, by wirtualna komunikacja w mi\u0119dzynarodowym zespole by\u0142a efektywna, klarowna i pozwala\u0142a dba\u0107 o relacje i zaanga\u017cowanie.","og_url":"https:\/\/ettagoglobal.com\/pl\/produkt\/wirtualna-komunikacja-w-miedzynarodowym-zespole\/","og_site_name":"ETTA","article_modified_time":"2023-03-30T13:44:39+00:00","og_image":[{"width":1080,"height":1080,"url":"https:\/\/ettagoglobal.com\/wp-content\/uploads\/2022\/06\/webinar-etta-wirtualna-komunikacja-w-miedzynarodowym-zespole.png","type":"image\/png"}],"twitter_card":"summary_large_image","schema":{"@context":"https:\/\/schema.org","@graph":[{"@type":"WebPage","@id":"https:\/\/ettagoglobal.com\/pl\/produkt\/wirtualna-komunikacja-w-miedzynarodowym-zespole\/","url":"https:\/\/ettagoglobal.com\/pl\/produkt\/wirtualna-komunikacja-w-miedzynarodowym-zespole\/","name":"WEBINAR: Wirtualna komunikacja w mi\u0119dzynarodowym zespole - ETTA","isPartOf":{"@id":"https:\/\/ettagoglobal.com\/#website"},"primaryImageOfPage":{"@id":"https:\/\/ettagoglobal.com\/pl\/produkt\/wirtualna-komunikacja-w-miedzynarodowym-zespole\/#primaryimage"},"image":{"@id":"https:\/\/ettagoglobal.com\/pl\/produkt\/wirtualna-komunikacja-w-miedzynarodowym-zespole\/#primaryimage"},"thumbnailUrl":"https:\/\/ettagoglobal.com\/wp-content\/uploads\/2022\/06\/webinar-etta-wirtualna-komunikacja-w-miedzynarodowym-zespole.png","datePublished":"2020-06-24T09:52:45+00:00","dateModified":"2023-03-30T13:44:39+00:00","description":"Sprawd\u017a jak sprawi\u0107, by wirtualna komunikacja w mi\u0119dzynarodowym zespole by\u0142a efektywna, klarowna i pozwala\u0142a dba\u0107 o relacje i zaanga\u017cowanie.","breadcrumb":{"@id":"https:\/\/ettagoglobal.com\/pl\/produkt\/wirtualna-komunikacja-w-miedzynarodowym-zespole\/#breadcrumb"},"inLanguage":"pl-PL","potentialAction":[{"@type":"ReadAction","target":["https:\/\/ettagoglobal.com\/pl\/produkt\/wirtualna-komunikacja-w-miedzynarodowym-zespole\/"]}]},{"@type":"ImageObject","inLanguage":"pl-PL","@id":"https:\/\/ettagoglobal.com\/pl\/produkt\/wirtualna-komunikacja-w-miedzynarodowym-zespole\/#primaryimage","url":"https:\/\/ettagoglobal.com\/wp-content\/uploads\/2022\/06\/webinar-etta-wirtualna-komunikacja-w-miedzynarodowym-zespole.png","contentUrl":"https:\/\/ettagoglobal.com\/wp-content\/uploads\/2022\/06\/webinar-etta-wirtualna-komunikacja-w-miedzynarodowym-zespole.png","width":1080,"height":1080,"caption":"webinar wirtualna komunikacja miedzynarodowy zespol"},{"@type":"BreadcrumbList","@id":"https:\/\/ettagoglobal.com\/pl\/produkt\/wirtualna-komunikacja-w-miedzynarodowym-zespole\/#breadcrumb","itemListElement":[{"@type":"ListItem","position":1,"name":"Strona g\u0142\u00f3wna","item":"https:\/\/ettagoglobal.com\/pl\/home-2\/"},{"@type":"ListItem","position":2,"name":"Sklep","item":"https:\/\/ettagoglobal.com\/pl\/sklep\/"},{"@type":"ListItem","position":3,"name":"WEBINAR: Wirtualna komunikacja w mi\u0119dzynarodowym zespole"}]},{"@type":"WebSite","@id":"https:\/\/ettagoglobal.com\/#website","url":"https:\/\/ettagoglobal.com\/","name":"ETTA","description":"Global Connections. Let&#039;s do it bETTA!","potentialAction":[{"@type":"SearchAction","target":{"@type":"EntryPoint","urlTemplate":"https:\/\/ettagoglobal.com\/?s={search_term_string}"},"query-input":{"@type":"PropertyValueSpecification","valueRequired":true,"valueName":"search_term_string"}}],"inLanguage":"pl-PL"}]}},"tiered_pricing_type":"fixed","tiered_pricing_fixed_rules":[],"tiered_pricing_product_settings":{"layout":"default","base_unit_name":{"singular":null,"plural":null},"default_variation":null},"tiered_pricing_minimum_quantity":null,"tiered_pricing_roles_data":[],"tiered_pricing_percentage_rules":[],"_links":{"self":[{"href":"https:\/\/ettagoglobal.com\/pl\/wp-json\/wp\/v2\/product\/22950","targetHints":{"allow":["GET"]}}],"collection":[{"href":"https:\/\/ettagoglobal.com\/pl\/wp-json\/wp\/v2\/product"}],"about":[{"href":"https:\/\/ettagoglobal.com\/pl\/wp-json\/wp\/v2\/types\/product"}],"wp:featuredmedia":[{"embeddable":true,"href":"https:\/\/ettagoglobal.com\/pl\/wp-json\/wp\/v2\/media\/25512"}],"wp:attachment":[{"href":"https:\/\/ettagoglobal.com\/pl\/wp-json\/wp\/v2\/media?parent=22950"}],"wp:term":[{"taxonomy":"product_brand","embeddable":true,"href":"https:\/\/ettagoglobal.com\/pl\/wp-json\/wp\/v2\/product_brand?post=22950"},{"taxonomy":"product_cat","embeddable":true,"href":"https:\/\/ettagoglobal.com\/pl\/wp-json\/wp\/v2\/product_cat?post=22950"},{"taxonomy":"product_tag","embeddable":true,"href":"https:\/\/ettagoglobal.com\/pl\/wp-json\/wp\/v2\/product_tag?post=22950"}],"curies":[{"name":"wp","href":"https:\/\/api.w.org\/{rel}","templated":true}]}}