{"id":22940,"date":"2020-06-16T12:23:49","date_gmt":"2020-06-16T12:23:49","guid":{"rendered":"https:\/\/ettagoglobal.com\/?post_type=product&#038;p=22940"},"modified":"2023-03-30T13:44:55","modified_gmt":"2023-03-30T13:44:55","slug":"webinar-odpornosc-psychiczna-w-kryzysie","status":"publish","type":"product","link":"https:\/\/ettagoglobal.com\/pl\/produkt\/webinar-odpornosc-psychiczna-w-kryzysie\/","title":{"rendered":"WEBINAR: Odporno\u015b\u0107 psychiczna w kryzysie. Liderzy potrzebuj\u0105 jej bardziej"},"content":{"rendered":"<h1>WEBINAR: Odporno\u015b\u0107 psychiczna w&nbsp;kryzysie. Liderzy potrzebuj\u0105 jej bardziej<\/h1>\n<p><strong>Czego dowiesz si\u0119 po&nbsp;obejrzeniu webinaru?<\/strong><\/p>\n<p>\ud83d\udccc Czym jest <strong>odporno\u015b\u0107 psychiczna<\/strong>? Po&nbsp;co si\u0119 ni\u0105 zajmowa\u0107?<\/p>\n<p>\ud83d\udccc<strong> Liderzy<\/strong> potrzebuj\u0105 jej bardziej &#8211; dlaczego tak jest?<\/p>\n<p>\ud83d\udccc Co <strong>sk\u0142ada si\u0119<\/strong> na&nbsp;odporno\u015b\u0107 psychiczn\u0105?<\/p>\n<p>\ud83d\udccc Jak<strong> budowa\u0107 nawyki<\/strong> wspieraj\u0105ce odporno\u015b\u0107 psychiczn\u0105 w&nbsp;kryzysie i&nbsp;nie tylko?<\/p>\n<p>&nbsp;<\/p>\n","protected":false},"excerpt":{"rendered":"<p>Nagranie webinaru, kt\u00f3ry odby\u0142 si\u0119 na \u017cywo 10 czerwca 2020 r. i by\u0142 prowadzony przez Monik\u0119 Chutnik.<\/p>\n<p>Webinar skierowany jest do mened\u017cer\u00f3w i team lider\u00f3w zarz\u0105dzaj\u0105cych rozproszonymi, wirtualnymi zespo\u0142ami w Polsce i za granic\u0105. Opr\u00f3cz tre\u015bci merytorycznych na ko\u0144cu nagrania znajdziesz sesj\u0119 pyta\u0144 i odpowiedzi.<\/p>\n<p>Kupuj\u0105c webinar otrzymujesz <strong>bezterminowy dost\u0119p<\/strong> do nagrania, <strong>prezentacj\u0119<\/strong> oraz <strong>notatk\u0119 graficzn\u0105<\/strong>.<\/p>\n<hr \/>\n<p><strong>Czego dowiesz si\u0119 po obejrzeniu webinaru?<\/strong><\/p>\n<p>&nbsp;<\/p>\n<p>\ud83d\udccc Czym jest <strong>odporno\u015b\u0107 psychiczna<\/strong>? Po co si\u0119 ni\u0105 zajmowa\u0107?<\/p>\n<p>\ud83d\udccc<strong> Liderzy<\/strong> potrzebuj\u0105 jej bardziej &#8211; dlaczego tak jest?<\/p>\n<p>\ud83d\udccc Co <strong>sk\u0142ada si\u0119<\/strong> na odporno\u015b\u0107 psychiczn\u0105?<\/p>\n<p>\ud83d\udccc Jak<strong> budowa\u0107 nawyki<\/strong> wspieraj\u0105ce odporno\u015b\u0107 psychiczn\u0105 w kryzysie i nie tylko?<\/p>\n<p>&nbsp;<\/p>\n<p>Webinar przeprowadzi\u0142a <b>Monika Chutnik<\/b>, kt\u00f3ra m\u00f3wi o sobie &#8211; pomagam ludziom, zespo\u0142om i organizacjom rozwija\u0107 swoje kompetencje zarz\u0105dzania i wsp\u00f3\u0142pracy tak, by lepiej radzili sobie w wirtualnym \u015brodowisku biznesu. Moje obszary pracy to rozw\u00f3j m\u0105drych lider\u00f3w, mi\u0119dzykulturowe zarz\u0105dzanie, wirtualna mi\u0119dzynarodowa wsp\u00f3\u0142praca na co dzie\u0144.<\/p>\n","protected":false},"featured_media":25500,"template":"","meta":{"_acf_changed":false,"_links_to":"","_links_to_target":""},"product_brand":[],"product_cat":[46,47],"product_tag":[],"class_list":{"0":"post-22940","1":"product","2":"type-product","3":"status-publish","4":"has-post-thumbnail","6":"product_cat-human-centred-leadership","7":"product_cat-kompetencje-przyszlosci","9":"first","10":"instock","11":"downloadable","12":"virtual","13":"taxable","14":"purchasable","15":"product-type-simple"},"acf":[],"yoast_head":"<!-- This site is optimized with the Yoast SEO plugin v27.3 - https:\/\/yoast.com\/product\/yoast-seo-wordpress\/ -->\n<title>WEBINAR: Odporno\u015b\u0107 psychiczna w kryzysie. Liderzy potrzebuj\u0105 jej bardziej - ETTA<\/title>\n<meta name=\"description\" content=\"Dlaczego odporno\u015b\u0107 psychiczna jest tak wa\u017cna w kryzysie i dlaczego liderzy potrzebuj\u0105 jej bardziej - kup webinar prowadzony przez Monik\u0119 Chutnik.\" \/>\n<meta name=\"robots\" content=\"index, follow, max-snippet:-1, max-image-preview:large, max-video-preview:-1\" \/>\n<link rel=\"canonical\" href=\"https:\/\/ettagoglobal.com\/pl\/produkt\/webinar-odpornosc-psychiczna-w-kryzysie\/\" \/>\n<meta property=\"og:locale\" content=\"pl_PL\" \/>\n<meta property=\"og:type\" content=\"article\" \/>\n<meta property=\"og:title\" content=\"WEBINAR: Odporno\u015b\u0107 psychiczna w kryzysie. Liderzy potrzebuj\u0105 jej bardziej - ETTA\" \/>\n<meta property=\"og:description\" content=\"Dlaczego odporno\u015b\u0107 psychiczna jest tak wa\u017cna w kryzysie i dlaczego liderzy potrzebuj\u0105 jej bardziej - kup webinar prowadzony przez Monik\u0119 Chutnik.\" \/>\n<meta property=\"og:url\" content=\"https:\/\/ettagoglobal.com\/pl\/produkt\/webinar-odpornosc-psychiczna-w-kryzysie\/\" \/>\n<meta property=\"og:site_name\" content=\"ETTA\" \/>\n<meta property=\"article:modified_time\" content=\"2023-03-30T13:44:55+00:00\" \/>\n<meta property=\"og:image\" content=\"https:\/\/ettagoglobal.com\/wp-content\/uploads\/2022\/06\/webinar-etta-odpornosc-psychiczna-w-kryzysie-liderzy-potrzebuja-jej-bardziej.png\" \/>\n\t<meta property=\"og:image:width\" content=\"1080\" \/>\n\t<meta property=\"og:image:height\" content=\"1080\" \/>\n\t<meta property=\"og:image:type\" content=\"image\/png\" \/>\n<meta name=\"twitter:card\" content=\"summary_large_image\" \/>\n<script type=\"application\/ld+json\" class=\"yoast-schema-graph\">{\"@context\":\"https:\\\/\\\/schema.org\",\"@graph\":[{\"@type\":\"WebPage\",\"@id\":\"https:\\\/\\\/ettagoglobal.com\\\/pl\\\/produkt\\\/webinar-odpornosc-psychiczna-w-kryzysie\\\/\",\"url\":\"https:\\\/\\\/ettagoglobal.com\\\/pl\\\/produkt\\\/webinar-odpornosc-psychiczna-w-kryzysie\\\/\",\"name\":\"WEBINAR: Odporno\u015b\u0107 psychiczna w kryzysie. Liderzy potrzebuj\u0105 jej bardziej - ETTA\",\"isPartOf\":{\"@id\":\"https:\\\/\\\/ettagoglobal.com\\\/#website\"},\"primaryImageOfPage\":{\"@id\":\"https:\\\/\\\/ettagoglobal.com\\\/pl\\\/produkt\\\/webinar-odpornosc-psychiczna-w-kryzysie\\\/#primaryimage\"},\"image\":{\"@id\":\"https:\\\/\\\/ettagoglobal.com\\\/pl\\\/produkt\\\/webinar-odpornosc-psychiczna-w-kryzysie\\\/#primaryimage\"},\"thumbnailUrl\":\"https:\\\/\\\/ettagoglobal.com\\\/wp-content\\\/uploads\\\/2022\\\/06\\\/webinar-etta-odpornosc-psychiczna-w-kryzysie-liderzy-potrzebuja-jej-bardziej.png\",\"datePublished\":\"2020-06-16T12:23:49+00:00\",\"dateModified\":\"2023-03-30T13:44:55+00:00\",\"description\":\"Dlaczego odporno\u015b\u0107 psychiczna jest tak wa\u017cna w kryzysie i dlaczego liderzy potrzebuj\u0105 jej bardziej - kup webinar prowadzony przez Monik\u0119 Chutnik.\",\"breadcrumb\":{\"@id\":\"https:\\\/\\\/ettagoglobal.com\\\/pl\\\/produkt\\\/webinar-odpornosc-psychiczna-w-kryzysie\\\/#breadcrumb\"},\"inLanguage\":\"pl-PL\",\"potentialAction\":[{\"@type\":\"ReadAction\",\"target\":[\"https:\\\/\\\/ettagoglobal.com\\\/pl\\\/produkt\\\/webinar-odpornosc-psychiczna-w-kryzysie\\\/\"]}]},{\"@type\":\"ImageObject\",\"inLanguage\":\"pl-PL\",\"@id\":\"https:\\\/\\\/ettagoglobal.com\\\/pl\\\/produkt\\\/webinar-odpornosc-psychiczna-w-kryzysie\\\/#primaryimage\",\"url\":\"https:\\\/\\\/ettagoglobal.com\\\/wp-content\\\/uploads\\\/2022\\\/06\\\/webinar-etta-odpornosc-psychiczna-w-kryzysie-liderzy-potrzebuja-jej-bardziej.png\",\"contentUrl\":\"https:\\\/\\\/ettagoglobal.com\\\/wp-content\\\/uploads\\\/2022\\\/06\\\/webinar-etta-odpornosc-psychiczna-w-kryzysie-liderzy-potrzebuja-jej-bardziej.png\",\"width\":1080,\"height\":1080,\"caption\":\"lider odpornosc psychiczna kryzys webinar\"},{\"@type\":\"BreadcrumbList\",\"@id\":\"https:\\\/\\\/ettagoglobal.com\\\/pl\\\/produkt\\\/webinar-odpornosc-psychiczna-w-kryzysie\\\/#breadcrumb\",\"itemListElement\":[{\"@type\":\"ListItem\",\"position\":1,\"name\":\"Strona g\u0142\u00f3wna\",\"item\":\"https:\\\/\\\/ettagoglobal.com\\\/pl\\\/home-2\\\/\"},{\"@type\":\"ListItem\",\"position\":2,\"name\":\"Sklep\",\"item\":\"https:\\\/\\\/ettagoglobal.com\\\/pl\\\/sklep\\\/\"},{\"@type\":\"ListItem\",\"position\":3,\"name\":\"WEBINAR: Odporno\u015b\u0107 psychiczna w kryzysie. Liderzy potrzebuj\u0105 jej bardziej\"}]},{\"@type\":\"WebSite\",\"@id\":\"https:\\\/\\\/ettagoglobal.com\\\/#website\",\"url\":\"https:\\\/\\\/ettagoglobal.com\\\/\",\"name\":\"ETTA\",\"description\":\"Global Connections. Let&#039;s do it bETTA!\",\"potentialAction\":[{\"@type\":\"SearchAction\",\"target\":{\"@type\":\"EntryPoint\",\"urlTemplate\":\"https:\\\/\\\/ettagoglobal.com\\\/?s={search_term_string}\"},\"query-input\":{\"@type\":\"PropertyValueSpecification\",\"valueRequired\":true,\"valueName\":\"search_term_string\"}}],\"inLanguage\":\"pl-PL\"}]}<\/script>\n<!-- \/ Yoast SEO plugin. -->","yoast_head_json":{"title":"WEBINAR: Odporno\u015b\u0107 psychiczna w kryzysie. Liderzy potrzebuj\u0105 jej bardziej - ETTA","description":"Dlaczego odporno\u015b\u0107 psychiczna jest tak wa\u017cna w kryzysie i dlaczego liderzy potrzebuj\u0105 jej bardziej - kup webinar prowadzony przez Monik\u0119 Chutnik.","robots":{"index":"index","follow":"follow","max-snippet":"max-snippet:-1","max-image-preview":"max-image-preview:large","max-video-preview":"max-video-preview:-1"},"canonical":"https:\/\/ettagoglobal.com\/pl\/produkt\/webinar-odpornosc-psychiczna-w-kryzysie\/","og_locale":"pl_PL","og_type":"article","og_title":"WEBINAR: Odporno\u015b\u0107 psychiczna w kryzysie. Liderzy potrzebuj\u0105 jej bardziej - ETTA","og_description":"Dlaczego odporno\u015b\u0107 psychiczna jest tak wa\u017cna w kryzysie i dlaczego liderzy potrzebuj\u0105 jej bardziej - kup webinar prowadzony przez Monik\u0119 Chutnik.","og_url":"https:\/\/ettagoglobal.com\/pl\/produkt\/webinar-odpornosc-psychiczna-w-kryzysie\/","og_site_name":"ETTA","article_modified_time":"2023-03-30T13:44:55+00:00","og_image":[{"width":1080,"height":1080,"url":"https:\/\/ettagoglobal.com\/wp-content\/uploads\/2022\/06\/webinar-etta-odpornosc-psychiczna-w-kryzysie-liderzy-potrzebuja-jej-bardziej.png","type":"image\/png"}],"twitter_card":"summary_large_image","schema":{"@context":"https:\/\/schema.org","@graph":[{"@type":"WebPage","@id":"https:\/\/ettagoglobal.com\/pl\/produkt\/webinar-odpornosc-psychiczna-w-kryzysie\/","url":"https:\/\/ettagoglobal.com\/pl\/produkt\/webinar-odpornosc-psychiczna-w-kryzysie\/","name":"WEBINAR: Odporno\u015b\u0107 psychiczna w kryzysie. Liderzy potrzebuj\u0105 jej bardziej - ETTA","isPartOf":{"@id":"https:\/\/ettagoglobal.com\/#website"},"primaryImageOfPage":{"@id":"https:\/\/ettagoglobal.com\/pl\/produkt\/webinar-odpornosc-psychiczna-w-kryzysie\/#primaryimage"},"image":{"@id":"https:\/\/ettagoglobal.com\/pl\/produkt\/webinar-odpornosc-psychiczna-w-kryzysie\/#primaryimage"},"thumbnailUrl":"https:\/\/ettagoglobal.com\/wp-content\/uploads\/2022\/06\/webinar-etta-odpornosc-psychiczna-w-kryzysie-liderzy-potrzebuja-jej-bardziej.png","datePublished":"2020-06-16T12:23:49+00:00","dateModified":"2023-03-30T13:44:55+00:00","description":"Dlaczego odporno\u015b\u0107 psychiczna jest tak wa\u017cna w kryzysie i dlaczego liderzy potrzebuj\u0105 jej bardziej - kup webinar prowadzony przez Monik\u0119 Chutnik.","breadcrumb":{"@id":"https:\/\/ettagoglobal.com\/pl\/produkt\/webinar-odpornosc-psychiczna-w-kryzysie\/#breadcrumb"},"inLanguage":"pl-PL","potentialAction":[{"@type":"ReadAction","target":["https:\/\/ettagoglobal.com\/pl\/produkt\/webinar-odpornosc-psychiczna-w-kryzysie\/"]}]},{"@type":"ImageObject","inLanguage":"pl-PL","@id":"https:\/\/ettagoglobal.com\/pl\/produkt\/webinar-odpornosc-psychiczna-w-kryzysie\/#primaryimage","url":"https:\/\/ettagoglobal.com\/wp-content\/uploads\/2022\/06\/webinar-etta-odpornosc-psychiczna-w-kryzysie-liderzy-potrzebuja-jej-bardziej.png","contentUrl":"https:\/\/ettagoglobal.com\/wp-content\/uploads\/2022\/06\/webinar-etta-odpornosc-psychiczna-w-kryzysie-liderzy-potrzebuja-jej-bardziej.png","width":1080,"height":1080,"caption":"lider odpornosc psychiczna kryzys webinar"},{"@type":"BreadcrumbList","@id":"https:\/\/ettagoglobal.com\/pl\/produkt\/webinar-odpornosc-psychiczna-w-kryzysie\/#breadcrumb","itemListElement":[{"@type":"ListItem","position":1,"name":"Strona g\u0142\u00f3wna","item":"https:\/\/ettagoglobal.com\/pl\/home-2\/"},{"@type":"ListItem","position":2,"name":"Sklep","item":"https:\/\/ettagoglobal.com\/pl\/sklep\/"},{"@type":"ListItem","position":3,"name":"WEBINAR: Odporno\u015b\u0107 psychiczna w kryzysie. Liderzy potrzebuj\u0105 jej bardziej"}]},{"@type":"WebSite","@id":"https:\/\/ettagoglobal.com\/#website","url":"https:\/\/ettagoglobal.com\/","name":"ETTA","description":"Global Connections. Let&#039;s do it bETTA!","potentialAction":[{"@type":"SearchAction","target":{"@type":"EntryPoint","urlTemplate":"https:\/\/ettagoglobal.com\/?s={search_term_string}"},"query-input":{"@type":"PropertyValueSpecification","valueRequired":true,"valueName":"search_term_string"}}],"inLanguage":"pl-PL"}]}},"tiered_pricing_type":"fixed","tiered_pricing_fixed_rules":[],"tiered_pricing_product_settings":{"layout":"default","base_unit_name":{"singular":null,"plural":null},"default_variation":null},"tiered_pricing_minimum_quantity":null,"tiered_pricing_roles_data":[],"tiered_pricing_percentage_rules":[],"_links":{"self":[{"href":"https:\/\/ettagoglobal.com\/pl\/wp-json\/wp\/v2\/product\/22940","targetHints":{"allow":["GET"]}}],"collection":[{"href":"https:\/\/ettagoglobal.com\/pl\/wp-json\/wp\/v2\/product"}],"about":[{"href":"https:\/\/ettagoglobal.com\/pl\/wp-json\/wp\/v2\/types\/product"}],"wp:featuredmedia":[{"embeddable":true,"href":"https:\/\/ettagoglobal.com\/pl\/wp-json\/wp\/v2\/media\/25500"}],"wp:attachment":[{"href":"https:\/\/ettagoglobal.com\/pl\/wp-json\/wp\/v2\/media?parent=22940"}],"wp:term":[{"taxonomy":"product_brand","embeddable":true,"href":"https:\/\/ettagoglobal.com\/pl\/wp-json\/wp\/v2\/product_brand?post=22940"},{"taxonomy":"product_cat","embeddable":true,"href":"https:\/\/ettagoglobal.com\/pl\/wp-json\/wp\/v2\/product_cat?post=22940"},{"taxonomy":"product_tag","embeddable":true,"href":"https:\/\/ettagoglobal.com\/pl\/wp-json\/wp\/v2\/product_tag?post=22940"}],"curies":[{"name":"wp","href":"https:\/\/api.w.org\/{rel}","templated":true}]}}