{"id":22922,"date":"2020-05-25T09:23:47","date_gmt":"2020-05-25T09:23:47","guid":{"rendered":"https:\/\/ettagoglobal.com\/?post_type=product&#038;p=22922"},"modified":"2023-03-30T13:45:06","modified_gmt":"2023-03-30T13:45:06","slug":"webinar-zaangazowanie-potrzeby-ludzi-wirtualny-zespol","status":"publish","type":"product","link":"https:\/\/ettagoglobal.com\/pl\/produkt\/webinar-zaangazowanie-potrzeby-ludzi-wirtualny-zespol\/","title":{"rendered":"WEBINAR: Zaanga\u017cowanie 2.0, czyli czego potrzebuj\u0105 ludzie w wirtualnych zespo\u0142ach"},"content":{"rendered":"<h1>WEBINAR: Zaanga\u017cowanie 2.0, czyli&nbsp;czego potrzebuj\u0105 ludzie w&nbsp;wirtualnych zespo\u0142ach<\/h1>\n<p><strong>Czego dowiesz si\u0119 po&nbsp;obejrzeniu webinaru?<\/strong><\/p>\n<p>&nbsp;<\/p>\n<p>\ud83e\uddd0 Dlaczego organizacje <strong>potrzebuj\u0105<\/strong> zaanga\u017cowania pracownik\u00f3w?<\/p>\n<p>\ud83d\udc68\u200d\ud83d\udcbc W&nbsp;jaki spos\u00f3b mo\u017cna <strong>bada\u0107<\/strong> zaanga\u017cowanie? &#8211; Najlepsze praktyki z&nbsp;<strong>Instytutu Gallupa<\/strong><\/p>\n<p>\ud83d\udc49 Jakie <strong>obszary nale\u017cy zaadresowa\u0107<\/strong>, \u017ceby budowa\u0107 zaanga\u017cowanie pracownik\u00f3w?<\/p>\n<p>\ud83d\udcdd Najlepsze <strong>praktyki i&nbsp;wskaz\u00f3wki<\/strong> na&nbsp;budowanie zaanga\u017cowania w&nbsp;<strong>wirtualnych zespo\u0142ach<\/strong><\/p>\n<p>&nbsp;<\/p>\n<p>Jako uzupe\u0142nienie tematu polecamy webinar <a href=\"https:\/\/ettaconsult.pl\/produkt\/budowanie-zaangazowania-wirtualny-zespol\/\">Budowanie zaanga\u017cowania w&nbsp;wirtualnym zespole<\/a><\/p>\n<p>&nbsp;<\/p>\n","protected":false},"excerpt":{"rendered":"<p>Nagranie webinaru, kt\u00f3ry odby\u0142 si\u0119 na \u017cywo 17.09. 2020 r. Prowadzi\u0142a go Monika Chutnik.<\/p>\n<p>Webinar skierowany jest do mened\u017cer\u00f3w i team lider\u00f3w zarz\u0105dzaj\u0105cych rozproszonymi, wirtualnymi zespo\u0142ami w Polsce i za granic\u0105. Opr\u00f3cz tre\u015bci merytorycznych na ko\u0144cu nagrania znajdziesz sesj\u0119 pyta\u0144 i odpowiedzi.<\/p>\n<p>Kupuj\u0105c webinar otrzymujesz <strong>bezterminowy dost\u0119p<\/strong> do nagrania, <strong>prezentacj\u0119<\/strong> oraz <strong>notatk\u0119 graficzn\u0105<\/strong>.<\/p>\n<hr \/>\n<p><strong>Czego dowiesz si\u0119 po obejrzeniu webinaru?<\/strong><\/p>\n<p>&nbsp;<\/p>\n<p>\ud83e\uddd0 Dlaczego organizacje <strong>potrzebuj\u0105<\/strong> zaanga\u017cowania pracownik\u00f3w?<\/p>\n<p>\ud83d\udc68\u200d\ud83d\udcbc W jaki spos\u00f3b mo\u017cna <strong>bada\u0107<\/strong> zaanga\u017cowanie? &#8211; Najlepsze praktyki z <strong>Instytutu Gallupa<\/strong><\/p>\n<p>\ud83d\udc49 Jakie <strong>obszary nale\u017cy zaadresowa\u0107<\/strong>, \u017ceby budowa\u0107 zaanga\u017cowanie pracownik\u00f3w?<\/p>\n<p>\ud83d\udcdd Najlepsze <strong>praktyki i wskaz\u00f3wki<\/strong> na budowanie zaanga\u017cowania w <strong>wirtualnych zespo\u0142ach<\/strong><\/p>\n<p>&nbsp;<\/p>\n<p>Webinar przeprowadzi\u0142a <b>Monika Chutnik<\/b>, kt\u00f3ra m\u00f3wi o sobie &#8211; pomagam ludziom, zespo\u0142om i organizacjom rozwija\u0107 swoje kompetencje zarz\u0105dzania i wsp\u00f3\u0142pracy tak, by lepiej radzili sobie w wirtualnym \u015brodowisku biznesu. Moje obszary pracy to rozw\u00f3j m\u0105drych lider\u00f3w, mi\u0119dzykulturowe zarz\u0105dzanie, wirtualna mi\u0119dzynarodowa wsp\u00f3\u0142praca na co dzie\u0144.<\/p>\n","protected":false},"featured_media":25490,"template":"","meta":{"_acf_changed":false,"_links_to":"","_links_to_target":""},"product_brand":[],"product_cat":[46,47],"product_tag":[],"class_list":{"0":"post-22922","1":"product","2":"type-product","3":"status-publish","4":"has-post-thumbnail","6":"product_cat-human-centred-leadership","7":"product_cat-kompetencje-przyszlosci","9":"first","10":"instock","11":"downloadable","12":"virtual","13":"taxable","14":"purchasable","15":"product-type-simple"},"acf":[],"yoast_head":"<!-- This site is optimized with the Yoast SEO plugin v27.3 - https:\/\/yoast.com\/product\/yoast-seo-wordpress\/ -->\n<title>WEBINAR: Zaanga\u017cowanie 2.0, czyli czego potrzebuj\u0105 ludzie w wirtualnych zespo\u0142ach - ETTA<\/title>\n<meta name=\"description\" content=\"Jak zbada\u0107 i zadba\u0107 o potrzeby wirtualnego zespo\u0142u? Praktyczne wskaz\u00f3wki dla lider\u00f3w, narz\u0119dzie Q12 pomagaj\u0105ce zbada\u0107 zaanga\u017cowanie pracownik\u00f3w.\" \/>\n<meta name=\"robots\" content=\"index, follow, max-snippet:-1, max-image-preview:large, max-video-preview:-1\" \/>\n<link rel=\"canonical\" href=\"https:\/\/ettagoglobal.com\/pl\/produkt\/webinar-zaangazowanie-potrzeby-ludzi-wirtualny-zespol\/\" \/>\n<meta property=\"og:locale\" content=\"pl_PL\" \/>\n<meta property=\"og:type\" content=\"article\" \/>\n<meta property=\"og:title\" content=\"WEBINAR: Zaanga\u017cowanie 2.0, czyli czego potrzebuj\u0105 ludzie w wirtualnych zespo\u0142ach - ETTA\" \/>\n<meta property=\"og:description\" content=\"Jak zbada\u0107 i zadba\u0107 o potrzeby wirtualnego zespo\u0142u? Praktyczne wskaz\u00f3wki dla lider\u00f3w, narz\u0119dzie Q12 pomagaj\u0105ce zbada\u0107 zaanga\u017cowanie pracownik\u00f3w.\" \/>\n<meta property=\"og:url\" content=\"https:\/\/ettagoglobal.com\/pl\/produkt\/webinar-zaangazowanie-potrzeby-ludzi-wirtualny-zespol\/\" \/>\n<meta property=\"og:site_name\" content=\"ETTA\" \/>\n<meta property=\"article:modified_time\" content=\"2023-03-30T13:45:06+00:00\" \/>\n<meta property=\"og:image\" content=\"https:\/\/ettagoglobal.com\/wp-content\/uploads\/2022\/06\/webinar-etta-zaangazowanie-wirtualny-zespol-potrzeby-pracownikow.png\" \/>\n\t<meta property=\"og:image:width\" content=\"1080\" \/>\n\t<meta property=\"og:image:height\" content=\"1080\" \/>\n\t<meta property=\"og:image:type\" content=\"image\/png\" \/>\n<meta name=\"twitter:card\" content=\"summary_large_image\" \/>\n<script type=\"application\/ld+json\" class=\"yoast-schema-graph\">{\"@context\":\"https:\\\/\\\/schema.org\",\"@graph\":[{\"@type\":\"WebPage\",\"@id\":\"https:\\\/\\\/ettagoglobal.com\\\/pl\\\/produkt\\\/webinar-zaangazowanie-potrzeby-ludzi-wirtualny-zespol\\\/\",\"url\":\"https:\\\/\\\/ettagoglobal.com\\\/pl\\\/produkt\\\/webinar-zaangazowanie-potrzeby-ludzi-wirtualny-zespol\\\/\",\"name\":\"WEBINAR: Zaanga\u017cowanie 2.0, czyli czego potrzebuj\u0105 ludzie w wirtualnych zespo\u0142ach - ETTA\",\"isPartOf\":{\"@id\":\"https:\\\/\\\/ettagoglobal.com\\\/#website\"},\"primaryImageOfPage\":{\"@id\":\"https:\\\/\\\/ettagoglobal.com\\\/pl\\\/produkt\\\/webinar-zaangazowanie-potrzeby-ludzi-wirtualny-zespol\\\/#primaryimage\"},\"image\":{\"@id\":\"https:\\\/\\\/ettagoglobal.com\\\/pl\\\/produkt\\\/webinar-zaangazowanie-potrzeby-ludzi-wirtualny-zespol\\\/#primaryimage\"},\"thumbnailUrl\":\"https:\\\/\\\/ettagoglobal.com\\\/wp-content\\\/uploads\\\/2022\\\/06\\\/webinar-etta-zaangazowanie-wirtualny-zespol-potrzeby-pracownikow.png\",\"datePublished\":\"2020-05-25T09:23:47+00:00\",\"dateModified\":\"2023-03-30T13:45:06+00:00\",\"description\":\"Jak zbada\u0107 i zadba\u0107 o potrzeby wirtualnego zespo\u0142u? Praktyczne wskaz\u00f3wki dla lider\u00f3w, narz\u0119dzie Q12 pomagaj\u0105ce zbada\u0107 zaanga\u017cowanie pracownik\u00f3w.\",\"breadcrumb\":{\"@id\":\"https:\\\/\\\/ettagoglobal.com\\\/pl\\\/produkt\\\/webinar-zaangazowanie-potrzeby-ludzi-wirtualny-zespol\\\/#breadcrumb\"},\"inLanguage\":\"pl-PL\",\"potentialAction\":[{\"@type\":\"ReadAction\",\"target\":[\"https:\\\/\\\/ettagoglobal.com\\\/pl\\\/produkt\\\/webinar-zaangazowanie-potrzeby-ludzi-wirtualny-zespol\\\/\"]}]},{\"@type\":\"ImageObject\",\"inLanguage\":\"pl-PL\",\"@id\":\"https:\\\/\\\/ettagoglobal.com\\\/pl\\\/produkt\\\/webinar-zaangazowanie-potrzeby-ludzi-wirtualny-zespol\\\/#primaryimage\",\"url\":\"https:\\\/\\\/ettagoglobal.com\\\/wp-content\\\/uploads\\\/2022\\\/06\\\/webinar-etta-zaangazowanie-wirtualny-zespol-potrzeby-pracownikow.png\",\"contentUrl\":\"https:\\\/\\\/ettagoglobal.com\\\/wp-content\\\/uploads\\\/2022\\\/06\\\/webinar-etta-zaangazowanie-wirtualny-zespol-potrzeby-pracownikow.png\",\"width\":1080,\"height\":1080,\"caption\":\"zaangazowanie potrzeby ludzi wirtualny zespol\"},{\"@type\":\"BreadcrumbList\",\"@id\":\"https:\\\/\\\/ettagoglobal.com\\\/pl\\\/produkt\\\/webinar-zaangazowanie-potrzeby-ludzi-wirtualny-zespol\\\/#breadcrumb\",\"itemListElement\":[{\"@type\":\"ListItem\",\"position\":1,\"name\":\"Strona g\u0142\u00f3wna\",\"item\":\"https:\\\/\\\/ettagoglobal.com\\\/pl\\\/home-2\\\/\"},{\"@type\":\"ListItem\",\"position\":2,\"name\":\"Sklep\",\"item\":\"https:\\\/\\\/ettagoglobal.com\\\/pl\\\/sklep\\\/\"},{\"@type\":\"ListItem\",\"position\":3,\"name\":\"WEBINAR: Zaanga\u017cowanie 2.0, czyli czego potrzebuj\u0105 ludzie w wirtualnych zespo\u0142ach\"}]},{\"@type\":\"WebSite\",\"@id\":\"https:\\\/\\\/ettagoglobal.com\\\/#website\",\"url\":\"https:\\\/\\\/ettagoglobal.com\\\/\",\"name\":\"ETTA\",\"description\":\"Global Connections. Let&#039;s do it bETTA!\",\"potentialAction\":[{\"@type\":\"SearchAction\",\"target\":{\"@type\":\"EntryPoint\",\"urlTemplate\":\"https:\\\/\\\/ettagoglobal.com\\\/?s={search_term_string}\"},\"query-input\":{\"@type\":\"PropertyValueSpecification\",\"valueRequired\":true,\"valueName\":\"search_term_string\"}}],\"inLanguage\":\"pl-PL\"}]}<\/script>\n<!-- \/ Yoast SEO plugin. -->","yoast_head_json":{"title":"WEBINAR: Zaanga\u017cowanie 2.0, czyli czego potrzebuj\u0105 ludzie w wirtualnych zespo\u0142ach - ETTA","description":"Jak zbada\u0107 i zadba\u0107 o potrzeby wirtualnego zespo\u0142u? Praktyczne wskaz\u00f3wki dla lider\u00f3w, narz\u0119dzie Q12 pomagaj\u0105ce zbada\u0107 zaanga\u017cowanie pracownik\u00f3w.","robots":{"index":"index","follow":"follow","max-snippet":"max-snippet:-1","max-image-preview":"max-image-preview:large","max-video-preview":"max-video-preview:-1"},"canonical":"https:\/\/ettagoglobal.com\/pl\/produkt\/webinar-zaangazowanie-potrzeby-ludzi-wirtualny-zespol\/","og_locale":"pl_PL","og_type":"article","og_title":"WEBINAR: Zaanga\u017cowanie 2.0, czyli czego potrzebuj\u0105 ludzie w wirtualnych zespo\u0142ach - ETTA","og_description":"Jak zbada\u0107 i zadba\u0107 o potrzeby wirtualnego zespo\u0142u? Praktyczne wskaz\u00f3wki dla lider\u00f3w, narz\u0119dzie Q12 pomagaj\u0105ce zbada\u0107 zaanga\u017cowanie pracownik\u00f3w.","og_url":"https:\/\/ettagoglobal.com\/pl\/produkt\/webinar-zaangazowanie-potrzeby-ludzi-wirtualny-zespol\/","og_site_name":"ETTA","article_modified_time":"2023-03-30T13:45:06+00:00","og_image":[{"width":1080,"height":1080,"url":"https:\/\/ettagoglobal.com\/wp-content\/uploads\/2022\/06\/webinar-etta-zaangazowanie-wirtualny-zespol-potrzeby-pracownikow.png","type":"image\/png"}],"twitter_card":"summary_large_image","schema":{"@context":"https:\/\/schema.org","@graph":[{"@type":"WebPage","@id":"https:\/\/ettagoglobal.com\/pl\/produkt\/webinar-zaangazowanie-potrzeby-ludzi-wirtualny-zespol\/","url":"https:\/\/ettagoglobal.com\/pl\/produkt\/webinar-zaangazowanie-potrzeby-ludzi-wirtualny-zespol\/","name":"WEBINAR: Zaanga\u017cowanie 2.0, czyli czego potrzebuj\u0105 ludzie w wirtualnych zespo\u0142ach - ETTA","isPartOf":{"@id":"https:\/\/ettagoglobal.com\/#website"},"primaryImageOfPage":{"@id":"https:\/\/ettagoglobal.com\/pl\/produkt\/webinar-zaangazowanie-potrzeby-ludzi-wirtualny-zespol\/#primaryimage"},"image":{"@id":"https:\/\/ettagoglobal.com\/pl\/produkt\/webinar-zaangazowanie-potrzeby-ludzi-wirtualny-zespol\/#primaryimage"},"thumbnailUrl":"https:\/\/ettagoglobal.com\/wp-content\/uploads\/2022\/06\/webinar-etta-zaangazowanie-wirtualny-zespol-potrzeby-pracownikow.png","datePublished":"2020-05-25T09:23:47+00:00","dateModified":"2023-03-30T13:45:06+00:00","description":"Jak zbada\u0107 i zadba\u0107 o potrzeby wirtualnego zespo\u0142u? Praktyczne wskaz\u00f3wki dla lider\u00f3w, narz\u0119dzie Q12 pomagaj\u0105ce zbada\u0107 zaanga\u017cowanie pracownik\u00f3w.","breadcrumb":{"@id":"https:\/\/ettagoglobal.com\/pl\/produkt\/webinar-zaangazowanie-potrzeby-ludzi-wirtualny-zespol\/#breadcrumb"},"inLanguage":"pl-PL","potentialAction":[{"@type":"ReadAction","target":["https:\/\/ettagoglobal.com\/pl\/produkt\/webinar-zaangazowanie-potrzeby-ludzi-wirtualny-zespol\/"]}]},{"@type":"ImageObject","inLanguage":"pl-PL","@id":"https:\/\/ettagoglobal.com\/pl\/produkt\/webinar-zaangazowanie-potrzeby-ludzi-wirtualny-zespol\/#primaryimage","url":"https:\/\/ettagoglobal.com\/wp-content\/uploads\/2022\/06\/webinar-etta-zaangazowanie-wirtualny-zespol-potrzeby-pracownikow.png","contentUrl":"https:\/\/ettagoglobal.com\/wp-content\/uploads\/2022\/06\/webinar-etta-zaangazowanie-wirtualny-zespol-potrzeby-pracownikow.png","width":1080,"height":1080,"caption":"zaangazowanie potrzeby ludzi wirtualny zespol"},{"@type":"BreadcrumbList","@id":"https:\/\/ettagoglobal.com\/pl\/produkt\/webinar-zaangazowanie-potrzeby-ludzi-wirtualny-zespol\/#breadcrumb","itemListElement":[{"@type":"ListItem","position":1,"name":"Strona g\u0142\u00f3wna","item":"https:\/\/ettagoglobal.com\/pl\/home-2\/"},{"@type":"ListItem","position":2,"name":"Sklep","item":"https:\/\/ettagoglobal.com\/pl\/sklep\/"},{"@type":"ListItem","position":3,"name":"WEBINAR: Zaanga\u017cowanie 2.0, czyli czego potrzebuj\u0105 ludzie w wirtualnych zespo\u0142ach"}]},{"@type":"WebSite","@id":"https:\/\/ettagoglobal.com\/#website","url":"https:\/\/ettagoglobal.com\/","name":"ETTA","description":"Global Connections. Let&#039;s do it bETTA!","potentialAction":[{"@type":"SearchAction","target":{"@type":"EntryPoint","urlTemplate":"https:\/\/ettagoglobal.com\/?s={search_term_string}"},"query-input":{"@type":"PropertyValueSpecification","valueRequired":true,"valueName":"search_term_string"}}],"inLanguage":"pl-PL"}]}},"tiered_pricing_type":"fixed","tiered_pricing_fixed_rules":[],"tiered_pricing_product_settings":{"layout":"default","base_unit_name":{"singular":null,"plural":null},"default_variation":null},"tiered_pricing_minimum_quantity":null,"tiered_pricing_roles_data":[],"tiered_pricing_percentage_rules":[],"_links":{"self":[{"href":"https:\/\/ettagoglobal.com\/pl\/wp-json\/wp\/v2\/product\/22922","targetHints":{"allow":["GET"]}}],"collection":[{"href":"https:\/\/ettagoglobal.com\/pl\/wp-json\/wp\/v2\/product"}],"about":[{"href":"https:\/\/ettagoglobal.com\/pl\/wp-json\/wp\/v2\/types\/product"}],"wp:featuredmedia":[{"embeddable":true,"href":"https:\/\/ettagoglobal.com\/pl\/wp-json\/wp\/v2\/media\/25490"}],"wp:attachment":[{"href":"https:\/\/ettagoglobal.com\/pl\/wp-json\/wp\/v2\/media?parent=22922"}],"wp:term":[{"taxonomy":"product_brand","embeddable":true,"href":"https:\/\/ettagoglobal.com\/pl\/wp-json\/wp\/v2\/product_brand?post=22922"},{"taxonomy":"product_cat","embeddable":true,"href":"https:\/\/ettagoglobal.com\/pl\/wp-json\/wp\/v2\/product_cat?post=22922"},{"taxonomy":"product_tag","embeddable":true,"href":"https:\/\/ettagoglobal.com\/pl\/wp-json\/wp\/v2\/product_tag?post=22922"}],"curies":[{"name":"wp","href":"https:\/\/api.w.org\/{rel}","templated":true}]}}