{"id":22877,"date":"2020-05-01T10:46:22","date_gmt":"2020-05-01T10:46:22","guid":{"rendered":"https:\/\/ettagoglobal.com\/?post_type=product&#038;p=22877"},"modified":"2023-03-30T13:45:36","modified_gmt":"2023-03-30T13:45:36","slug":"budowanie-zaangazowania-wirtualny-zespol","status":"publish","type":"product","link":"https:\/\/ettagoglobal.com\/pl\/produkt\/budowanie-zaangazowania-wirtualny-zespol\/","title":{"rendered":"WEBINAR: Budowanie zaanga\u017cowania w wirtualnym zespole"},"content":{"rendered":"<h1><strong>Czego dowiesz si\u0119 po&nbsp;obejrzeniu webinaru Budowanie zaanga\u017cowania w&nbsp;wirtualnym zespole<\/strong><\/h1>\n<p>&nbsp;<\/p>\n<p>\ud83d\udccc Jakie s\u0105 <strong>4 filary zaanga\u017cowania<\/strong> w&nbsp;wirtualnym zespole<\/p>\n<p>\ud83d\udccc W&nbsp;jaki spos\u00f3b <strong>przejrzysty zakres zada\u0144<\/strong> przek\u0142ada si\u0119 na&nbsp;prac\u0119 zespo\u0142u<\/p>\n<p>\ud83d\udccc Dlaczego lider powinien przeprowadza\u0107 <strong>rozmowy z&nbsp;u\u017cyciem kamery<\/strong><\/p>\n<p>\ud83d\udccc Jak stworzy\u0107 i&nbsp;wdro\u017cy\u0107 <strong>kalendarz\u00a0komunikacji<\/strong> wirtualnego lidera<\/p>\n<p>\ud83d\udccc Kto jest odpowiedzialny za&nbsp;przekazywanie pracownikom <strong>informacji od zarz\u0105du<\/strong><\/p>\n<p>&nbsp;<\/p>\n","protected":false},"excerpt":{"rendered":"<p>WEBINAR <strong>Budowanie zaanga\u017cowania w wirtualnym zespole<\/strong><\/p>\n<p>Nagranie webinaru, kt\u00f3ry odby\u0142 si\u0119 na \u017cywo 24 marca 2020 r.<\/p>\n<p>Webinar skierowany jest do mened\u017cer\u00f3w i team lider\u00f3w zarz\u0105dzaj\u0105cych rozproszonymi, wirtualnymi zespo\u0142ami w Polsce i za granic\u0105. Opr\u00f3cz tre\u015bci merytorycznych na ko\u0144cu nagrania znajdziesz sesj\u0119 pyta\u0144 i odpowiedzi.<\/p>\n<p>Kupuj\u0105c webinar otrzymujesz <strong>bezterminowy dost\u0119p<\/strong> do nagrania, <strong>prezentacj\u0119<\/strong> oraz <strong>notatk\u0119 graficzn\u0105<\/strong>.<\/p>\n<hr \/>\n<p><strong>Czego dowiesz si\u0119 po obejrzeniu webinaru?<\/strong><\/p>\n<p>&nbsp;<\/p>\n<p>\ud83d\udccc Jakie s\u0105 <strong>4 filary zaanga\u017cowania<\/strong> w wirtualnym zespole<\/p>\n<p>\ud83d\udccc W jaki spos\u00f3b <strong>przejrzysty zakres zada\u0144<\/strong> przek\u0142ada si\u0119 na prac\u0119 zespo\u0142u<\/p>\n<p>\ud83d\udccc Dlaczego lider powinien przeprowadza\u0107 <strong>rozmowy z u\u017cyciem kamery<\/strong><\/p>\n<p>\ud83d\udccc Jak stworzy\u0107 i wdro\u017cy\u0107 <strong>kalendarz\u00a0komunikacji<\/strong> wirtualnego lidera<\/p>\n<p>\ud83d\udccc Kto jest odpowiedzialny za przekazywanie pracownikom <strong>informacji od zarz\u0105du<\/strong><\/p>\n<p>&nbsp;<\/p>\n<p>Webinar przeprowadzi\u0142a <strong>Katarzyna Romanowicz<\/strong>, kt\u00f3ra na co dzie\u0144 wspiera w rozwijaniu umiej\u0119tno\u015bci komunikacyjnych tych, kt\u00f3rzy cz\u0119sto preferuj\u0105 kontakt wirtualny: in\u017cynier\u00f3w i pracownik\u00f3w IT, dlatego \u015bwiat wirtualny i wyzwania z nim zwi\u0105zane s\u0105 jej dobrze znane. Ponadto wsp\u00f3\u0142pracuje z rozproszonymi zespo\u0142ami jako ich lider lub wsp\u00f3\u0142pracownik od 2005 roku.<\/p>\n","protected":false},"featured_media":25454,"template":"","meta":{"_acf_changed":false,"_links_to":"","_links_to_target":""},"product_brand":[],"product_cat":[46,47],"product_tag":[],"class_list":{"0":"post-22877","1":"product","2":"type-product","3":"status-publish","4":"has-post-thumbnail","6":"product_cat-human-centred-leadership","7":"product_cat-kompetencje-przyszlosci","9":"first","10":"instock","11":"downloadable","12":"virtual","13":"taxable","14":"purchasable","15":"product-type-simple"},"acf":[],"yoast_head":"<!-- This site is optimized with the Yoast SEO plugin v27.3 - https:\/\/yoast.com\/product\/yoast-seo-wordpress\/ -->\n<title>WEBINAR: Budowanie zaanga\u017cowania w wirtualnym zespole - ETTA<\/title>\n<meta name=\"description\" content=\"Ka\u017cdy lider wie, jak wa\u017cne jest budowanie zaanga\u017cowania w zespole. Dowiedz si\u0119 jak robi\u0107 to dobrzy, gdy zesp\u00f3\u0142 jest wirtualny i rozproszony.\" \/>\n<meta name=\"robots\" content=\"index, follow, max-snippet:-1, max-image-preview:large, max-video-preview:-1\" \/>\n<link rel=\"canonical\" href=\"https:\/\/ettagoglobal.com\/pl\/produkt\/budowanie-zaangazowania-wirtualny-zespol\/\" \/>\n<meta property=\"og:locale\" content=\"pl_PL\" \/>\n<meta property=\"og:type\" content=\"article\" \/>\n<meta property=\"og:title\" content=\"WEBINAR: Budowanie zaanga\u017cowania w wirtualnym zespole - ETTA\" \/>\n<meta property=\"og:description\" content=\"Ka\u017cdy lider wie, jak wa\u017cne jest budowanie zaanga\u017cowania w zespole. Dowiedz si\u0119 jak robi\u0107 to dobrzy, gdy zesp\u00f3\u0142 jest wirtualny i rozproszony.\" \/>\n<meta property=\"og:url\" content=\"https:\/\/ettagoglobal.com\/pl\/produkt\/budowanie-zaangazowania-wirtualny-zespol\/\" \/>\n<meta property=\"og:site_name\" content=\"ETTA\" \/>\n<meta property=\"article:modified_time\" content=\"2023-03-30T13:45:36+00:00\" \/>\n<meta property=\"og:image\" content=\"https:\/\/ettagoglobal.com\/wp-content\/uploads\/2022\/06\/ETTA-WEBINAR-Budowanie-zaangazowania-w-wirtualnym-zespole.png\" \/>\n\t<meta property=\"og:image:width\" content=\"1080\" \/>\n\t<meta property=\"og:image:height\" content=\"1080\" \/>\n\t<meta property=\"og:image:type\" content=\"image\/png\" \/>\n<meta name=\"twitter:card\" content=\"summary_large_image\" \/>\n<script type=\"application\/ld+json\" class=\"yoast-schema-graph\">{\"@context\":\"https:\\\/\\\/schema.org\",\"@graph\":[{\"@type\":\"WebPage\",\"@id\":\"https:\\\/\\\/ettagoglobal.com\\\/pl\\\/produkt\\\/budowanie-zaangazowania-wirtualny-zespol\\\/\",\"url\":\"https:\\\/\\\/ettagoglobal.com\\\/pl\\\/produkt\\\/budowanie-zaangazowania-wirtualny-zespol\\\/\",\"name\":\"WEBINAR: Budowanie zaanga\u017cowania w wirtualnym zespole - ETTA\",\"isPartOf\":{\"@id\":\"https:\\\/\\\/ettagoglobal.com\\\/#website\"},\"primaryImageOfPage\":{\"@id\":\"https:\\\/\\\/ettagoglobal.com\\\/pl\\\/produkt\\\/budowanie-zaangazowania-wirtualny-zespol\\\/#primaryimage\"},\"image\":{\"@id\":\"https:\\\/\\\/ettagoglobal.com\\\/pl\\\/produkt\\\/budowanie-zaangazowania-wirtualny-zespol\\\/#primaryimage\"},\"thumbnailUrl\":\"https:\\\/\\\/ettagoglobal.com\\\/wp-content\\\/uploads\\\/2022\\\/06\\\/ETTA-WEBINAR-Budowanie-zaangazowania-w-wirtualnym-zespole.png\",\"datePublished\":\"2020-05-01T10:46:22+00:00\",\"dateModified\":\"2023-03-30T13:45:36+00:00\",\"description\":\"Ka\u017cdy lider wie, jak wa\u017cne jest budowanie zaanga\u017cowania w zespole. Dowiedz si\u0119 jak robi\u0107 to dobrzy, gdy zesp\u00f3\u0142 jest wirtualny i rozproszony.\",\"breadcrumb\":{\"@id\":\"https:\\\/\\\/ettagoglobal.com\\\/pl\\\/produkt\\\/budowanie-zaangazowania-wirtualny-zespol\\\/#breadcrumb\"},\"inLanguage\":\"pl-PL\",\"potentialAction\":[{\"@type\":\"ReadAction\",\"target\":[\"https:\\\/\\\/ettagoglobal.com\\\/pl\\\/produkt\\\/budowanie-zaangazowania-wirtualny-zespol\\\/\"]}]},{\"@type\":\"ImageObject\",\"inLanguage\":\"pl-PL\",\"@id\":\"https:\\\/\\\/ettagoglobal.com\\\/pl\\\/produkt\\\/budowanie-zaangazowania-wirtualny-zespol\\\/#primaryimage\",\"url\":\"https:\\\/\\\/ettagoglobal.com\\\/wp-content\\\/uploads\\\/2022\\\/06\\\/ETTA-WEBINAR-Budowanie-zaangazowania-w-wirtualnym-zespole.png\",\"contentUrl\":\"https:\\\/\\\/ettagoglobal.com\\\/wp-content\\\/uploads\\\/2022\\\/06\\\/ETTA-WEBINAR-Budowanie-zaangazowania-w-wirtualnym-zespole.png\",\"width\":1080,\"height\":1080,\"caption\":\"webinar etta budowanie zaanga\u017cowania w wirtualnym zespole\"},{\"@type\":\"BreadcrumbList\",\"@id\":\"https:\\\/\\\/ettagoglobal.com\\\/pl\\\/produkt\\\/budowanie-zaangazowania-wirtualny-zespol\\\/#breadcrumb\",\"itemListElement\":[{\"@type\":\"ListItem\",\"position\":1,\"name\":\"Strona g\u0142\u00f3wna\",\"item\":\"https:\\\/\\\/ettagoglobal.com\\\/pl\\\/home-2\\\/\"},{\"@type\":\"ListItem\",\"position\":2,\"name\":\"Sklep\",\"item\":\"https:\\\/\\\/ettagoglobal.com\\\/pl\\\/sklep\\\/\"},{\"@type\":\"ListItem\",\"position\":3,\"name\":\"WEBINAR: Budowanie zaanga\u017cowania w wirtualnym zespole\"}]},{\"@type\":\"WebSite\",\"@id\":\"https:\\\/\\\/ettagoglobal.com\\\/#website\",\"url\":\"https:\\\/\\\/ettagoglobal.com\\\/\",\"name\":\"ETTA\",\"description\":\"Global Connections. Let&#039;s do it bETTA!\",\"potentialAction\":[{\"@type\":\"SearchAction\",\"target\":{\"@type\":\"EntryPoint\",\"urlTemplate\":\"https:\\\/\\\/ettagoglobal.com\\\/?s={search_term_string}\"},\"query-input\":{\"@type\":\"PropertyValueSpecification\",\"valueRequired\":true,\"valueName\":\"search_term_string\"}}],\"inLanguage\":\"pl-PL\"}]}<\/script>\n<!-- \/ Yoast SEO plugin. -->","yoast_head_json":{"title":"WEBINAR: Budowanie zaanga\u017cowania w wirtualnym zespole - ETTA","description":"Ka\u017cdy lider wie, jak wa\u017cne jest budowanie zaanga\u017cowania w zespole. Dowiedz si\u0119 jak robi\u0107 to dobrzy, gdy zesp\u00f3\u0142 jest wirtualny i rozproszony.","robots":{"index":"index","follow":"follow","max-snippet":"max-snippet:-1","max-image-preview":"max-image-preview:large","max-video-preview":"max-video-preview:-1"},"canonical":"https:\/\/ettagoglobal.com\/pl\/produkt\/budowanie-zaangazowania-wirtualny-zespol\/","og_locale":"pl_PL","og_type":"article","og_title":"WEBINAR: Budowanie zaanga\u017cowania w wirtualnym zespole - ETTA","og_description":"Ka\u017cdy lider wie, jak wa\u017cne jest budowanie zaanga\u017cowania w zespole. Dowiedz si\u0119 jak robi\u0107 to dobrzy, gdy zesp\u00f3\u0142 jest wirtualny i rozproszony.","og_url":"https:\/\/ettagoglobal.com\/pl\/produkt\/budowanie-zaangazowania-wirtualny-zespol\/","og_site_name":"ETTA","article_modified_time":"2023-03-30T13:45:36+00:00","og_image":[{"width":1080,"height":1080,"url":"https:\/\/ettagoglobal.com\/wp-content\/uploads\/2022\/06\/ETTA-WEBINAR-Budowanie-zaangazowania-w-wirtualnym-zespole.png","type":"image\/png"}],"twitter_card":"summary_large_image","schema":{"@context":"https:\/\/schema.org","@graph":[{"@type":"WebPage","@id":"https:\/\/ettagoglobal.com\/pl\/produkt\/budowanie-zaangazowania-wirtualny-zespol\/","url":"https:\/\/ettagoglobal.com\/pl\/produkt\/budowanie-zaangazowania-wirtualny-zespol\/","name":"WEBINAR: Budowanie zaanga\u017cowania w wirtualnym zespole - ETTA","isPartOf":{"@id":"https:\/\/ettagoglobal.com\/#website"},"primaryImageOfPage":{"@id":"https:\/\/ettagoglobal.com\/pl\/produkt\/budowanie-zaangazowania-wirtualny-zespol\/#primaryimage"},"image":{"@id":"https:\/\/ettagoglobal.com\/pl\/produkt\/budowanie-zaangazowania-wirtualny-zespol\/#primaryimage"},"thumbnailUrl":"https:\/\/ettagoglobal.com\/wp-content\/uploads\/2022\/06\/ETTA-WEBINAR-Budowanie-zaangazowania-w-wirtualnym-zespole.png","datePublished":"2020-05-01T10:46:22+00:00","dateModified":"2023-03-30T13:45:36+00:00","description":"Ka\u017cdy lider wie, jak wa\u017cne jest budowanie zaanga\u017cowania w zespole. Dowiedz si\u0119 jak robi\u0107 to dobrzy, gdy zesp\u00f3\u0142 jest wirtualny i rozproszony.","breadcrumb":{"@id":"https:\/\/ettagoglobal.com\/pl\/produkt\/budowanie-zaangazowania-wirtualny-zespol\/#breadcrumb"},"inLanguage":"pl-PL","potentialAction":[{"@type":"ReadAction","target":["https:\/\/ettagoglobal.com\/pl\/produkt\/budowanie-zaangazowania-wirtualny-zespol\/"]}]},{"@type":"ImageObject","inLanguage":"pl-PL","@id":"https:\/\/ettagoglobal.com\/pl\/produkt\/budowanie-zaangazowania-wirtualny-zespol\/#primaryimage","url":"https:\/\/ettagoglobal.com\/wp-content\/uploads\/2022\/06\/ETTA-WEBINAR-Budowanie-zaangazowania-w-wirtualnym-zespole.png","contentUrl":"https:\/\/ettagoglobal.com\/wp-content\/uploads\/2022\/06\/ETTA-WEBINAR-Budowanie-zaangazowania-w-wirtualnym-zespole.png","width":1080,"height":1080,"caption":"webinar etta budowanie zaanga\u017cowania w wirtualnym zespole"},{"@type":"BreadcrumbList","@id":"https:\/\/ettagoglobal.com\/pl\/produkt\/budowanie-zaangazowania-wirtualny-zespol\/#breadcrumb","itemListElement":[{"@type":"ListItem","position":1,"name":"Strona g\u0142\u00f3wna","item":"https:\/\/ettagoglobal.com\/pl\/home-2\/"},{"@type":"ListItem","position":2,"name":"Sklep","item":"https:\/\/ettagoglobal.com\/pl\/sklep\/"},{"@type":"ListItem","position":3,"name":"WEBINAR: Budowanie zaanga\u017cowania w wirtualnym zespole"}]},{"@type":"WebSite","@id":"https:\/\/ettagoglobal.com\/#website","url":"https:\/\/ettagoglobal.com\/","name":"ETTA","description":"Global Connections. Let&#039;s do it bETTA!","potentialAction":[{"@type":"SearchAction","target":{"@type":"EntryPoint","urlTemplate":"https:\/\/ettagoglobal.com\/?s={search_term_string}"},"query-input":{"@type":"PropertyValueSpecification","valueRequired":true,"valueName":"search_term_string"}}],"inLanguage":"pl-PL"}]}},"tiered_pricing_type":"fixed","tiered_pricing_fixed_rules":[],"tiered_pricing_product_settings":{"layout":"default","base_unit_name":{"singular":null,"plural":null},"default_variation":null},"tiered_pricing_minimum_quantity":null,"tiered_pricing_roles_data":[],"tiered_pricing_percentage_rules":[],"_links":{"self":[{"href":"https:\/\/ettagoglobal.com\/pl\/wp-json\/wp\/v2\/product\/22877","targetHints":{"allow":["GET"]}}],"collection":[{"href":"https:\/\/ettagoglobal.com\/pl\/wp-json\/wp\/v2\/product"}],"about":[{"href":"https:\/\/ettagoglobal.com\/pl\/wp-json\/wp\/v2\/types\/product"}],"wp:featuredmedia":[{"embeddable":true,"href":"https:\/\/ettagoglobal.com\/pl\/wp-json\/wp\/v2\/media\/25454"}],"wp:attachment":[{"href":"https:\/\/ettagoglobal.com\/pl\/wp-json\/wp\/v2\/media?parent=22877"}],"wp:term":[{"taxonomy":"product_brand","embeddable":true,"href":"https:\/\/ettagoglobal.com\/pl\/wp-json\/wp\/v2\/product_brand?post=22877"},{"taxonomy":"product_cat","embeddable":true,"href":"https:\/\/ettagoglobal.com\/pl\/wp-json\/wp\/v2\/product_cat?post=22877"},{"taxonomy":"product_tag","embeddable":true,"href":"https:\/\/ettagoglobal.com\/pl\/wp-json\/wp\/v2\/product_tag?post=22877"}],"curies":[{"name":"wp","href":"https:\/\/api.w.org\/{rel}","templated":true}]}}