{"id":1844,"date":"2022-03-15T08:58:37","date_gmt":"2022-03-15T08:58:37","guid":{"rendered":"https:\/\/flamboyant-cerf.46-242-130-188.plesk.page\/?post_type=product&#038;p=1844"},"modified":"2023-03-30T13:38:14","modified_gmt":"2023-03-30T13:38:14","slug":"webinar-hybrydowy-zespol-kluczowe-wyzwania-lidera","status":"publish","type":"product","link":"https:\/\/ettagoglobal.com\/pl\/produkt\/webinar-hybrydowy-zespol-kluczowe-wyzwania-lidera\/","title":{"rendered":"WEBINAR: Hybrydowy zesp\u00f3\u0142 &#8211; kluczowe wyzwania lidera"},"content":{"rendered":"<hr \/>\n<p>&nbsp;<\/p>\n","protected":false},"excerpt":{"rendered":"<p>Nagranie webinaru <strong>Hybrydowy zesp\u00f3\u0142 &#8211; kluczowe wyzwania lidera<\/strong><strong>,<\/strong> kt\u00f3ry prowadzi\u0142a Katarzyna Romanowicz, 23 wrze\u015bnia 2021 r.<\/p>\n<p>Webinar skierowany jest do wszystkich, kt\u00f3rzy zarz\u0105dzaj\u0105 zespo\u0142ami cz\u0119\u015bciowo stacjonarnymi, a cz\u0119\u015bciowo zdalnymi, i chc\u0105 rozwin\u0105\u0107 swoj\u0105 efektywno\u015b\u0107 w tym zakresie.<\/p>\n<p>Kupuj\u0105c webinar otrzymujesz <strong>bezterminowy dost\u0119p<\/strong> do nagrania, <strong>prezentacj\u0119<\/strong> oraz <strong>notatk\u0119 graficzn\u0105<\/strong>.<\/p>\n<p>&nbsp;<\/p>\n<hr \/>\n<h3><strong>Czego dowiesz si\u0119 po obejrzeniu webinaru?<\/strong><\/h3>\n<p><span class=\"pq6dq46d tbxw36s4 knj5qynh kvgmc6g5 ditlmg2l oygrvhab nvdbi5me sf5mxxl7 gl3lb2sf hhz5lgdu\">\ud83d\udfe1\u00a0<\/span> Zesp\u00f3\u0142 hybrydowy \u00a0\u2013 co to jest? Miks pracy zdalnej i wirtualnej &#8211; warianty<\/p>\n<p>\ud83d\udfe1\u00a0 Rdze\u0144 zespo\u0142u i \u201esatelity\u201d \u2013 potencjalne trudno\u015bci w porozumieniu<\/p>\n<p>\ud83d\udfe1\u00a0 B\u0142\u0119dy w postrzeganiu pracownik\u00f3w \u201ebiurowych\u201d i \u201ezdalnych\u201d i jak im zapobiega\u0107<\/p>\n<p>\ud83d\udfe1\u00a0 7 przykaza\u0144 lidera hybrydowego zespo\u0142u<\/p>\n<p>&nbsp;<\/p>\n<div>\n<div class=\"o9v6fnle cxmmr5t8 oygrvhab hcukyx3x c1et5uql\">\n<div class=\"o9v6fnle cxmmr5t8 oygrvhab hcukyx3x c1et5uql\">\n<div class=\"o9v6fnle cxmmr5t8 oygrvhab hcukyx3x c1et5uql\">\n<hr \/>\n<\/div>\n<div><\/div>\n<\/div>\n<\/div>\n<\/div>\n<p><strong>Opinie po webinarze:<\/strong><\/p>\n<p><em>&#8222;Dzi\u0119kuj\u0119 za mas\u0119 przydatnych link\u00f3w i materia\u0142\u00f3w. Zabieram te\u017c dla siebie przykazania lidera hybrydowego zespo\u0142u!&#8221; <\/em>Patrycja, Konsultant ds. rekrutacji<\/p>\n<p><em>&#8222;Dzi\u0119kuj\u0119 za to spotkanie &#8211; u\u015bwiadomi\u0142o mi, \u017ce nie tylko ja mam problemy z zarz\u0105dzaniem hybrydowym zespo\u0142em.&#8221;<\/em> Katarzyna, HR Manager<\/p>\n<p class=\"_04xlpA direction-ltr align-center para-style-body\"><em><span class=\"JsGRdQ\">&#8222;Dzi\u0119kuj\u0119 za przypomnienie mi tego, jak wa\u017cne jest badanie kondycji psychicznej wszystkich cz\u0142onk\u00f3w zespo\u0142u &#8211; tych w biurze, i tych w domu.&#8221; <\/span><\/em><span class=\"JsGRdQ\">Magdalena, Recruitment Specialist\u00a0<\/span><\/p>\n<p>&nbsp;<\/p>\n<hr \/>\n<div class=\"o9v6fnle cxmmr5t8 oygrvhab hcukyx3x c1et5uql\"><\/div>\n<div>Webinar prowadzi\u0142a <strong>Katarzyna Romanowicz,<\/strong>\u00a0kt\u00f3ra na co dzie\u0144 wspiera w rozwijaniu umiej\u0119tno\u015bci komunikacyjnych tych, kt\u00f3rzy cz\u0119sto preferuj\u0105 kontakt wirtualny: in\u017cynier\u00f3w i pracownik\u00f3w IT, dlatego \u015bwiat wirtualny i wyzwania z nim zwi\u0105zane s\u0105 jej dobrze znane. Ponadto wsp\u00f3\u0142pracuje z rozproszonymi zespo\u0142ami jako ich lider lub wsp\u00f3\u0142pracownik od 2005 roku.<\/div>\n<div><\/div>\n<div>\n<hr \/>\n<\/div>\n","protected":false},"featured_media":2147,"template":"","meta":{"_acf_changed":false,"_links_to":"","_links_to_target":""},"product_brand":[],"product_cat":[46],"product_tag":[],"class_list":{"0":"post-1844","1":"product","2":"type-product","3":"status-publish","4":"has-post-thumbnail","6":"product_cat-human-centred-leadership","8":"first","9":"instock","10":"downloadable","11":"virtual","12":"taxable","13":"purchasable","14":"product-type-simple"},"acf":[],"yoast_head":"<!-- This site is optimized with the Yoast SEO plugin v27.3 - https:\/\/yoast.com\/product\/yoast-seo-wordpress\/ -->\n<title>WEBINAR: Hybrydowy zesp\u00f3\u0142 - kluczowe wyzwania lidera - ETTA<\/title>\n<meta name=\"description\" content=\"Tw\u00f3j zesp\u00f3\u0142 sta\u0142 si\u0119 hybrydowy - cz\u0119\u015b\u0107 os\u00f3b pracuje z domu, cz\u0119\u015b\u0107 z biura. Jakie wyzwania czekaj\u0105 lidera? Zobacz webinar!\" \/>\n<meta name=\"robots\" content=\"index, follow, max-snippet:-1, max-image-preview:large, max-video-preview:-1\" \/>\n<link rel=\"canonical\" href=\"https:\/\/ettagoglobal.com\/pl\/produkt\/webinar-hybrydowy-zespol-kluczowe-wyzwania-lidera\/\" \/>\n<meta property=\"og:locale\" content=\"pl_PL\" \/>\n<meta property=\"og:type\" content=\"article\" \/>\n<meta property=\"og:title\" content=\"WEBINAR: Hybrydowy zesp\u00f3\u0142 - kluczowe wyzwania lidera - ETTA\" \/>\n<meta property=\"og:description\" content=\"Tw\u00f3j zesp\u00f3\u0142 sta\u0142 si\u0119 hybrydowy - cz\u0119\u015b\u0107 os\u00f3b pracuje z domu, cz\u0119\u015b\u0107 z biura. Jakie wyzwania czekaj\u0105 lidera? Zobacz webinar!\" \/>\n<meta property=\"og:url\" content=\"https:\/\/ettagoglobal.com\/pl\/produkt\/webinar-hybrydowy-zespol-kluczowe-wyzwania-lidera\/\" \/>\n<meta property=\"og:site_name\" content=\"ETTA\" \/>\n<meta property=\"article:modified_time\" content=\"2023-03-30T13:38:14+00:00\" \/>\n<meta property=\"og:image\" content=\"https:\/\/ettagoglobal.com\/wp-content\/uploads\/2022\/03\/webinar-etta-hybrydowy-zespol-kluczowe-wyzwania-lidera.png\" \/>\n\t<meta property=\"og:image:width\" content=\"1080\" \/>\n\t<meta property=\"og:image:height\" content=\"1080\" \/>\n\t<meta property=\"og:image:type\" content=\"image\/png\" \/>\n<meta name=\"twitter:card\" content=\"summary_large_image\" \/>\n<script type=\"application\/ld+json\" class=\"yoast-schema-graph\">{\"@context\":\"https:\\\/\\\/schema.org\",\"@graph\":[{\"@type\":\"WebPage\",\"@id\":\"https:\\\/\\\/ettagoglobal.com\\\/pl\\\/produkt\\\/webinar-hybrydowy-zespol-kluczowe-wyzwania-lidera\\\/\",\"url\":\"https:\\\/\\\/ettagoglobal.com\\\/pl\\\/produkt\\\/webinar-hybrydowy-zespol-kluczowe-wyzwania-lidera\\\/\",\"name\":\"WEBINAR: Hybrydowy zesp\u00f3\u0142 - kluczowe wyzwania lidera - ETTA\",\"isPartOf\":{\"@id\":\"https:\\\/\\\/ettagoglobal.com\\\/#website\"},\"primaryImageOfPage\":{\"@id\":\"https:\\\/\\\/ettagoglobal.com\\\/pl\\\/produkt\\\/webinar-hybrydowy-zespol-kluczowe-wyzwania-lidera\\\/#primaryimage\"},\"image\":{\"@id\":\"https:\\\/\\\/ettagoglobal.com\\\/pl\\\/produkt\\\/webinar-hybrydowy-zespol-kluczowe-wyzwania-lidera\\\/#primaryimage\"},\"thumbnailUrl\":\"https:\\\/\\\/ettagoglobal.com\\\/wp-content\\\/uploads\\\/2022\\\/03\\\/webinar-etta-hybrydowy-zespol-kluczowe-wyzwania-lidera.png\",\"datePublished\":\"2022-03-15T08:58:37+00:00\",\"dateModified\":\"2023-03-30T13:38:14+00:00\",\"description\":\"Tw\u00f3j zesp\u00f3\u0142 sta\u0142 si\u0119 hybrydowy - cz\u0119\u015b\u0107 os\u00f3b pracuje z domu, cz\u0119\u015b\u0107 z biura. Jakie wyzwania czekaj\u0105 lidera? Zobacz webinar!\",\"breadcrumb\":{\"@id\":\"https:\\\/\\\/ettagoglobal.com\\\/pl\\\/produkt\\\/webinar-hybrydowy-zespol-kluczowe-wyzwania-lidera\\\/#breadcrumb\"},\"inLanguage\":\"pl-PL\",\"potentialAction\":[{\"@type\":\"ReadAction\",\"target\":[\"https:\\\/\\\/ettagoglobal.com\\\/pl\\\/produkt\\\/webinar-hybrydowy-zespol-kluczowe-wyzwania-lidera\\\/\"]}]},{\"@type\":\"ImageObject\",\"inLanguage\":\"pl-PL\",\"@id\":\"https:\\\/\\\/ettagoglobal.com\\\/pl\\\/produkt\\\/webinar-hybrydowy-zespol-kluczowe-wyzwania-lidera\\\/#primaryimage\",\"url\":\"https:\\\/\\\/ettagoglobal.com\\\/wp-content\\\/uploads\\\/2022\\\/03\\\/webinar-etta-hybrydowy-zespol-kluczowe-wyzwania-lidera.png\",\"contentUrl\":\"https:\\\/\\\/ettagoglobal.com\\\/wp-content\\\/uploads\\\/2022\\\/03\\\/webinar-etta-hybrydowy-zespol-kluczowe-wyzwania-lidera.png\",\"width\":1080,\"height\":1080},{\"@type\":\"BreadcrumbList\",\"@id\":\"https:\\\/\\\/ettagoglobal.com\\\/pl\\\/produkt\\\/webinar-hybrydowy-zespol-kluczowe-wyzwania-lidera\\\/#breadcrumb\",\"itemListElement\":[{\"@type\":\"ListItem\",\"position\":1,\"name\":\"Strona g\u0142\u00f3wna\",\"item\":\"https:\\\/\\\/ettagoglobal.com\\\/pl\\\/home-2\\\/\"},{\"@type\":\"ListItem\",\"position\":2,\"name\":\"Sklep\",\"item\":\"https:\\\/\\\/ettagoglobal.com\\\/pl\\\/sklep\\\/\"},{\"@type\":\"ListItem\",\"position\":3,\"name\":\"WEBINAR: Hybrydowy zesp\u00f3\u0142 &#8211; kluczowe wyzwania lidera\"}]},{\"@type\":\"WebSite\",\"@id\":\"https:\\\/\\\/ettagoglobal.com\\\/#website\",\"url\":\"https:\\\/\\\/ettagoglobal.com\\\/\",\"name\":\"ETTA\",\"description\":\"Global Connections. Let&#039;s do it bETTA!\",\"potentialAction\":[{\"@type\":\"SearchAction\",\"target\":{\"@type\":\"EntryPoint\",\"urlTemplate\":\"https:\\\/\\\/ettagoglobal.com\\\/?s={search_term_string}\"},\"query-input\":{\"@type\":\"PropertyValueSpecification\",\"valueRequired\":true,\"valueName\":\"search_term_string\"}}],\"inLanguage\":\"pl-PL\"}]}<\/script>\n<!-- \/ Yoast SEO plugin. -->","yoast_head_json":{"title":"WEBINAR: Hybrydowy zesp\u00f3\u0142 - kluczowe wyzwania lidera - ETTA","description":"Tw\u00f3j zesp\u00f3\u0142 sta\u0142 si\u0119 hybrydowy - cz\u0119\u015b\u0107 os\u00f3b pracuje z domu, cz\u0119\u015b\u0107 z biura. Jakie wyzwania czekaj\u0105 lidera? Zobacz webinar!","robots":{"index":"index","follow":"follow","max-snippet":"max-snippet:-1","max-image-preview":"max-image-preview:large","max-video-preview":"max-video-preview:-1"},"canonical":"https:\/\/ettagoglobal.com\/pl\/produkt\/webinar-hybrydowy-zespol-kluczowe-wyzwania-lidera\/","og_locale":"pl_PL","og_type":"article","og_title":"WEBINAR: Hybrydowy zesp\u00f3\u0142 - kluczowe wyzwania lidera - ETTA","og_description":"Tw\u00f3j zesp\u00f3\u0142 sta\u0142 si\u0119 hybrydowy - cz\u0119\u015b\u0107 os\u00f3b pracuje z domu, cz\u0119\u015b\u0107 z biura. Jakie wyzwania czekaj\u0105 lidera? Zobacz webinar!","og_url":"https:\/\/ettagoglobal.com\/pl\/produkt\/webinar-hybrydowy-zespol-kluczowe-wyzwania-lidera\/","og_site_name":"ETTA","article_modified_time":"2023-03-30T13:38:14+00:00","og_image":[{"width":1080,"height":1080,"url":"https:\/\/ettagoglobal.com\/wp-content\/uploads\/2022\/03\/webinar-etta-hybrydowy-zespol-kluczowe-wyzwania-lidera.png","type":"image\/png"}],"twitter_card":"summary_large_image","schema":{"@context":"https:\/\/schema.org","@graph":[{"@type":"WebPage","@id":"https:\/\/ettagoglobal.com\/pl\/produkt\/webinar-hybrydowy-zespol-kluczowe-wyzwania-lidera\/","url":"https:\/\/ettagoglobal.com\/pl\/produkt\/webinar-hybrydowy-zespol-kluczowe-wyzwania-lidera\/","name":"WEBINAR: Hybrydowy zesp\u00f3\u0142 - kluczowe wyzwania lidera - ETTA","isPartOf":{"@id":"https:\/\/ettagoglobal.com\/#website"},"primaryImageOfPage":{"@id":"https:\/\/ettagoglobal.com\/pl\/produkt\/webinar-hybrydowy-zespol-kluczowe-wyzwania-lidera\/#primaryimage"},"image":{"@id":"https:\/\/ettagoglobal.com\/pl\/produkt\/webinar-hybrydowy-zespol-kluczowe-wyzwania-lidera\/#primaryimage"},"thumbnailUrl":"https:\/\/ettagoglobal.com\/wp-content\/uploads\/2022\/03\/webinar-etta-hybrydowy-zespol-kluczowe-wyzwania-lidera.png","datePublished":"2022-03-15T08:58:37+00:00","dateModified":"2023-03-30T13:38:14+00:00","description":"Tw\u00f3j zesp\u00f3\u0142 sta\u0142 si\u0119 hybrydowy - cz\u0119\u015b\u0107 os\u00f3b pracuje z domu, cz\u0119\u015b\u0107 z biura. Jakie wyzwania czekaj\u0105 lidera? Zobacz webinar!","breadcrumb":{"@id":"https:\/\/ettagoglobal.com\/pl\/produkt\/webinar-hybrydowy-zespol-kluczowe-wyzwania-lidera\/#breadcrumb"},"inLanguage":"pl-PL","potentialAction":[{"@type":"ReadAction","target":["https:\/\/ettagoglobal.com\/pl\/produkt\/webinar-hybrydowy-zespol-kluczowe-wyzwania-lidera\/"]}]},{"@type":"ImageObject","inLanguage":"pl-PL","@id":"https:\/\/ettagoglobal.com\/pl\/produkt\/webinar-hybrydowy-zespol-kluczowe-wyzwania-lidera\/#primaryimage","url":"https:\/\/ettagoglobal.com\/wp-content\/uploads\/2022\/03\/webinar-etta-hybrydowy-zespol-kluczowe-wyzwania-lidera.png","contentUrl":"https:\/\/ettagoglobal.com\/wp-content\/uploads\/2022\/03\/webinar-etta-hybrydowy-zespol-kluczowe-wyzwania-lidera.png","width":1080,"height":1080},{"@type":"BreadcrumbList","@id":"https:\/\/ettagoglobal.com\/pl\/produkt\/webinar-hybrydowy-zespol-kluczowe-wyzwania-lidera\/#breadcrumb","itemListElement":[{"@type":"ListItem","position":1,"name":"Strona g\u0142\u00f3wna","item":"https:\/\/ettagoglobal.com\/pl\/home-2\/"},{"@type":"ListItem","position":2,"name":"Sklep","item":"https:\/\/ettagoglobal.com\/pl\/sklep\/"},{"@type":"ListItem","position":3,"name":"WEBINAR: Hybrydowy zesp\u00f3\u0142 &#8211; kluczowe wyzwania lidera"}]},{"@type":"WebSite","@id":"https:\/\/ettagoglobal.com\/#website","url":"https:\/\/ettagoglobal.com\/","name":"ETTA","description":"Global Connections. Let&#039;s do it bETTA!","potentialAction":[{"@type":"SearchAction","target":{"@type":"EntryPoint","urlTemplate":"https:\/\/ettagoglobal.com\/?s={search_term_string}"},"query-input":{"@type":"PropertyValueSpecification","valueRequired":true,"valueName":"search_term_string"}}],"inLanguage":"pl-PL"}]}},"tiered_pricing_type":"fixed","tiered_pricing_fixed_rules":[],"tiered_pricing_product_settings":{"layout":"default","base_unit_name":{"singular":null,"plural":null},"default_variation":null},"tiered_pricing_minimum_quantity":null,"tiered_pricing_roles_data":[],"tiered_pricing_percentage_rules":[],"_links":{"self":[{"href":"https:\/\/ettagoglobal.com\/pl\/wp-json\/wp\/v2\/product\/1844","targetHints":{"allow":["GET"]}}],"collection":[{"href":"https:\/\/ettagoglobal.com\/pl\/wp-json\/wp\/v2\/product"}],"about":[{"href":"https:\/\/ettagoglobal.com\/pl\/wp-json\/wp\/v2\/types\/product"}],"wp:featuredmedia":[{"embeddable":true,"href":"https:\/\/ettagoglobal.com\/pl\/wp-json\/wp\/v2\/media\/2147"}],"wp:attachment":[{"href":"https:\/\/ettagoglobal.com\/pl\/wp-json\/wp\/v2\/media?parent=1844"}],"wp:term":[{"taxonomy":"product_brand","embeddable":true,"href":"https:\/\/ettagoglobal.com\/pl\/wp-json\/wp\/v2\/product_brand?post=1844"},{"taxonomy":"product_cat","embeddable":true,"href":"https:\/\/ettagoglobal.com\/pl\/wp-json\/wp\/v2\/product_cat?post=1844"},{"taxonomy":"product_tag","embeddable":true,"href":"https:\/\/ettagoglobal.com\/pl\/wp-json\/wp\/v2\/product_tag?post=1844"}],"curies":[{"name":"wp","href":"https:\/\/api.w.org\/{rel}","templated":true}]}}