{"id":1806,"date":"2022-03-15T08:58:12","date_gmt":"2022-03-15T08:58:12","guid":{"rendered":"https:\/\/flamboyant-cerf.46-242-130-188.plesk.page\/?post_type=product&#038;p=1806"},"modified":"2023-03-30T13:41:26","modified_gmt":"2023-03-30T13:41:26","slug":"webinar-komunikacja-asynchroniczna","status":"publish","type":"product","link":"https:\/\/ettagoglobal.com\/pl\/produkt\/webinar-komunikacja-asynchroniczna\/","title":{"rendered":"WEBINAR Komunikacja asynchroniczna"},"content":{"rendered":"<hr \/>\n<p>&nbsp;<\/p>\n<h3><strong>Czego dowiesz si\u0119 po&nbsp;obejrzeniu webinaru?<\/strong><\/h3>\n<div>\n<div class=\"o9v6fnle cxmmr5t8 oygrvhab hcukyx3x c1et5uql\">\n<div class=\"o9v6fnle cxmmr5t8 oygrvhab hcukyx3x c1et5uql\">\n<div class=\"o9v6fnle cxmmr5t8 oygrvhab hcukyx3x c1et5uql\">\n<div class=\"o9v6fnle cxmmr5t8 oygrvhab hcukyx3x c1et5uql\">\n<div class=\"o9v6fnle cxmmr5t8 oygrvhab hcukyx3x c1et5uql\">\n<div class=\"o9v6fnle cxmmr5t8 oygrvhab hcukyx3x c1et5uql\"><span class=\"pq6dq46d tbxw36s4 knj5qynh kvgmc6g5 ditlmg2l oygrvhab nvdbi5me sf5mxxl7 gl3lb2sf hhz5lgdu\">\ud83d\udfe1\u00a0<strong>Przyt\u0142oczeni spotkaniami<\/strong> &#8211; czas odkry\u0107 komunikacj\u0119 asynchroniczn\u0105!<br \/>\n\ud83d\udfe1 Co to&nbsp;jest&nbsp;<strong>komunikacja asynchroniczna<\/strong>, kiedy po&nbsp;ni\u0105 si\u0119gamy?<br \/>\n\ud83d\udfe1 Jak robi\u0105 to inni? <strong>Benchmarki z&nbsp;innych firm<\/strong><br \/>\n\ud83d\udfe1 <strong>5 kluczowych zasad<\/strong> na&nbsp;udan\u0105 komunikacj\u0119 asynchroniczn\u0105 w&nbsp;rozproszonym zespole<\/span><\/div>\n<\/div>\n<\/div>\n<\/div>\n<\/div>\n<\/div>\n<\/div>\n<div class=\"o9v6fnle cxmmr5t8 oygrvhab hcukyx3x c1et5uql\"><\/div>\n<div>\n<hr \/>\n<\/div>\n<p>&nbsp;<\/p>\n<p><strong>Opinie po&nbsp;webinarze:<\/strong><\/p>\n<p><em>&#8222;Bior\u0119 dla&nbsp;siebie zrobienie przegl\u0105du moich spotka\u0144 i&nbsp;wybranie tych, na&nbsp;kt\u00f3rych moja obecno\u015b\u0107 jest faktycznie potrzebna.&#8221; <\/em>Marta, Trener<\/p>\n<p><em>&#8222;<span class=\"JsGRdQ\">Zrozumia\u0142am, \u017ce&nbsp;moja ukochana<\/span><span class=\"JsGRdQ\"> komunikacja F2F odchodzi na&nbsp;dalszy plan<\/span><span class=\"JsGRdQ\"> i&nbsp;musz\u0119 si\u0119 z&nbsp;tym pogodzi\u0107 i&nbsp;dostosowa\u0107<\/span>.&#8221; Ewa, Head of HR<\/em><\/p>\n<p><em>&#8222;<span class=\"JsGRdQ\">Dla&nbsp;siebie zabieram zdecydowanie uczestniczenie <\/span><span class=\"JsGRdQ\">w&nbsp;spotkaniach<\/span><span class=\"JsGRdQ\"> b\u0119d\u0105c jednocze\u015bnie na&nbsp;spacerze. <\/span><span class=\"JsGRdQ\">TO MI SI\u0118 PODOBA!<\/span><span class=\"JsGRdQ\">&#8221;\u00a0<\/span><\/em><span class=\"JsGRdQ\"> Anita, Manager<\/span><\/p>\n<p>&nbsp;<\/p>\n<hr \/>\n<p>Webinar prowadzi\u0142a <b>Monika Chutnik, <\/b>kt\u00f3ra m\u00f3wi o&nbsp;sobie: Pomagam ludziom, zespo\u0142om i&nbsp;organizacjom rozwija\u0107 swoje kompetencje zarz\u0105dzania i&nbsp;wsp\u00f3\u0142pracy tak, by lepiej radzili sobie w&nbsp;wirtualnym \u015brodowisku biznesu. Moje obszary pracy to rozw\u00f3j m\u0105drych lider\u00f3w, mi\u0119dzykulturowe zarz\u0105dzanie, wirtualna mi\u0119dzynarodowa wsp\u00f3\u0142praca na&nbsp;co dzie\u0144.<\/p>\n<hr \/>\n<p>&nbsp;<\/p>\n","protected":false},"excerpt":{"rendered":"<p>Nagranie webinaru &#8222;<strong>Komunikacja asynchroniczna&#8221;, <\/strong>kt\u00f3ry 20 lipca 2021 poprowadzi\u0142a Monika Chutnik.<\/p>\n<p>Webinar skierowany jest do mened\u017cer\u00f3w i Team Lider\u00f3w wirtualnych zespo\u0142\u00f3w oraz os\u00f3b pracuj\u0105cych w rozproszonych zespo\u0142ach w Polsce i za granic\u0105.<\/p>\n<p>Kupuj\u0105c webinar otrzymujesz <strong>bezterminowy dost\u0119p<\/strong> do nagrania, <strong>prezentacj\u0119<\/strong> oraz <strong>notatk\u0119 graficzn\u0105<\/strong>.<\/p>\n<p>&nbsp;<\/p>\n<hr \/>\n","protected":false},"featured_media":2099,"template":"","meta":{"_acf_changed":false,"_links_to":"","_links_to_target":""},"product_brand":[],"product_cat":[46,47],"product_tag":[],"class_list":{"0":"post-1806","1":"product","2":"type-product","3":"status-publish","4":"has-post-thumbnail","6":"product_cat-human-centred-leadership","7":"product_cat-kompetencje-przyszlosci","9":"first","10":"instock","11":"downloadable","12":"virtual","13":"taxable","14":"purchasable","15":"product-type-simple"},"acf":[],"yoast_head":"<!-- This site is optimized with the Yoast SEO plugin v27.3 - https:\/\/yoast.com\/product\/yoast-seo-wordpress\/ -->\n<title>WEBINAR Komunikacja asynchroniczna - ETTA<\/title>\n<meta name=\"description\" content=\"Czujesz \u017ce spotkania online zabieraj\u0105 Ci wi\u0119kszo\u015b\u0107 czasu pracy? Odpowiedzi\u0105 na to jest komunikacja asynchroniczna!\" \/>\n<meta name=\"robots\" content=\"index, follow, max-snippet:-1, max-image-preview:large, max-video-preview:-1\" \/>\n<link rel=\"canonical\" href=\"https:\/\/ettagoglobal.com\/pl\/produkt\/webinar-komunikacja-asynchroniczna\/\" \/>\n<meta property=\"og:locale\" content=\"pl_PL\" \/>\n<meta property=\"og:type\" content=\"article\" \/>\n<meta property=\"og:title\" content=\"WEBINAR Komunikacja asynchroniczna - ETTA\" \/>\n<meta property=\"og:description\" content=\"Czujesz \u017ce spotkania online zabieraj\u0105 Ci wi\u0119kszo\u015b\u0107 czasu pracy? Odpowiedzi\u0105 na to jest komunikacja asynchroniczna!\" \/>\n<meta property=\"og:url\" content=\"https:\/\/ettagoglobal.com\/pl\/produkt\/webinar-komunikacja-asynchroniczna\/\" \/>\n<meta property=\"og:site_name\" content=\"ETTA\" \/>\n<meta property=\"article:modified_time\" content=\"2023-03-30T13:41:26+00:00\" \/>\n<meta property=\"og:image\" content=\"https:\/\/ettagoglobal.com\/wp-content\/uploads\/2022\/03\/webinar-etta-komunikacja-asynchroniczna.png\" \/>\n\t<meta property=\"og:image:width\" content=\"1080\" \/>\n\t<meta property=\"og:image:height\" content=\"1080\" \/>\n\t<meta property=\"og:image:type\" content=\"image\/png\" \/>\n<meta name=\"twitter:card\" content=\"summary_large_image\" \/>\n<meta name=\"twitter:label1\" content=\"Szacowany czas czytania\" \/>\n\t<meta name=\"twitter:data1\" content=\"1 minuta\" \/>\n<script type=\"application\/ld+json\" class=\"yoast-schema-graph\">{\"@context\":\"https:\\\/\\\/schema.org\",\"@graph\":[{\"@type\":\"WebPage\",\"@id\":\"https:\\\/\\\/ettagoglobal.com\\\/pl\\\/produkt\\\/webinar-komunikacja-asynchroniczna\\\/\",\"url\":\"https:\\\/\\\/ettagoglobal.com\\\/pl\\\/produkt\\\/webinar-komunikacja-asynchroniczna\\\/\",\"name\":\"WEBINAR Komunikacja asynchroniczna - ETTA\",\"isPartOf\":{\"@id\":\"https:\\\/\\\/ettagoglobal.com\\\/#website\"},\"primaryImageOfPage\":{\"@id\":\"https:\\\/\\\/ettagoglobal.com\\\/pl\\\/produkt\\\/webinar-komunikacja-asynchroniczna\\\/#primaryimage\"},\"image\":{\"@id\":\"https:\\\/\\\/ettagoglobal.com\\\/pl\\\/produkt\\\/webinar-komunikacja-asynchroniczna\\\/#primaryimage\"},\"thumbnailUrl\":\"https:\\\/\\\/ettagoglobal.com\\\/wp-content\\\/uploads\\\/2022\\\/03\\\/webinar-etta-komunikacja-asynchroniczna.png\",\"datePublished\":\"2022-03-15T08:58:12+00:00\",\"dateModified\":\"2023-03-30T13:41:26+00:00\",\"description\":\"Czujesz \u017ce spotkania online zabieraj\u0105 Ci wi\u0119kszo\u015b\u0107 czasu pracy? Odpowiedzi\u0105 na to jest komunikacja asynchroniczna!\",\"breadcrumb\":{\"@id\":\"https:\\\/\\\/ettagoglobal.com\\\/pl\\\/produkt\\\/webinar-komunikacja-asynchroniczna\\\/#breadcrumb\"},\"inLanguage\":\"pl-PL\",\"potentialAction\":[{\"@type\":\"ReadAction\",\"target\":[\"https:\\\/\\\/ettagoglobal.com\\\/pl\\\/produkt\\\/webinar-komunikacja-asynchroniczna\\\/\"]}]},{\"@type\":\"ImageObject\",\"inLanguage\":\"pl-PL\",\"@id\":\"https:\\\/\\\/ettagoglobal.com\\\/pl\\\/produkt\\\/webinar-komunikacja-asynchroniczna\\\/#primaryimage\",\"url\":\"https:\\\/\\\/ettagoglobal.com\\\/wp-content\\\/uploads\\\/2022\\\/03\\\/webinar-etta-komunikacja-asynchroniczna.png\",\"contentUrl\":\"https:\\\/\\\/ettagoglobal.com\\\/wp-content\\\/uploads\\\/2022\\\/03\\\/webinar-etta-komunikacja-asynchroniczna.png\",\"width\":1080,\"height\":1080},{\"@type\":\"BreadcrumbList\",\"@id\":\"https:\\\/\\\/ettagoglobal.com\\\/pl\\\/produkt\\\/webinar-komunikacja-asynchroniczna\\\/#breadcrumb\",\"itemListElement\":[{\"@type\":\"ListItem\",\"position\":1,\"name\":\"Strona g\u0142\u00f3wna\",\"item\":\"https:\\\/\\\/ettagoglobal.com\\\/pl\\\/home-2\\\/\"},{\"@type\":\"ListItem\",\"position\":2,\"name\":\"Sklep\",\"item\":\"https:\\\/\\\/ettagoglobal.com\\\/pl\\\/sklep\\\/\"},{\"@type\":\"ListItem\",\"position\":3,\"name\":\"WEBINAR Komunikacja asynchroniczna\"}]},{\"@type\":\"WebSite\",\"@id\":\"https:\\\/\\\/ettagoglobal.com\\\/#website\",\"url\":\"https:\\\/\\\/ettagoglobal.com\\\/\",\"name\":\"ETTA\",\"description\":\"Global Connections. Let&#039;s do it bETTA!\",\"potentialAction\":[{\"@type\":\"SearchAction\",\"target\":{\"@type\":\"EntryPoint\",\"urlTemplate\":\"https:\\\/\\\/ettagoglobal.com\\\/?s={search_term_string}\"},\"query-input\":{\"@type\":\"PropertyValueSpecification\",\"valueRequired\":true,\"valueName\":\"search_term_string\"}}],\"inLanguage\":\"pl-PL\"}]}<\/script>\n<!-- \/ Yoast SEO plugin. -->","yoast_head_json":{"title":"WEBINAR Komunikacja asynchroniczna - ETTA","description":"Czujesz \u017ce spotkania online zabieraj\u0105 Ci wi\u0119kszo\u015b\u0107 czasu pracy? Odpowiedzi\u0105 na to jest komunikacja asynchroniczna!","robots":{"index":"index","follow":"follow","max-snippet":"max-snippet:-1","max-image-preview":"max-image-preview:large","max-video-preview":"max-video-preview:-1"},"canonical":"https:\/\/ettagoglobal.com\/pl\/produkt\/webinar-komunikacja-asynchroniczna\/","og_locale":"pl_PL","og_type":"article","og_title":"WEBINAR Komunikacja asynchroniczna - ETTA","og_description":"Czujesz \u017ce spotkania online zabieraj\u0105 Ci wi\u0119kszo\u015b\u0107 czasu pracy? Odpowiedzi\u0105 na to jest komunikacja asynchroniczna!","og_url":"https:\/\/ettagoglobal.com\/pl\/produkt\/webinar-komunikacja-asynchroniczna\/","og_site_name":"ETTA","article_modified_time":"2023-03-30T13:41:26+00:00","og_image":[{"width":1080,"height":1080,"url":"https:\/\/ettagoglobal.com\/wp-content\/uploads\/2022\/03\/webinar-etta-komunikacja-asynchroniczna.png","type":"image\/png"}],"twitter_card":"summary_large_image","twitter_misc":{"Szacowany czas czytania":"1 minuta"},"schema":{"@context":"https:\/\/schema.org","@graph":[{"@type":"WebPage","@id":"https:\/\/ettagoglobal.com\/pl\/produkt\/webinar-komunikacja-asynchroniczna\/","url":"https:\/\/ettagoglobal.com\/pl\/produkt\/webinar-komunikacja-asynchroniczna\/","name":"WEBINAR Komunikacja asynchroniczna - ETTA","isPartOf":{"@id":"https:\/\/ettagoglobal.com\/#website"},"primaryImageOfPage":{"@id":"https:\/\/ettagoglobal.com\/pl\/produkt\/webinar-komunikacja-asynchroniczna\/#primaryimage"},"image":{"@id":"https:\/\/ettagoglobal.com\/pl\/produkt\/webinar-komunikacja-asynchroniczna\/#primaryimage"},"thumbnailUrl":"https:\/\/ettagoglobal.com\/wp-content\/uploads\/2022\/03\/webinar-etta-komunikacja-asynchroniczna.png","datePublished":"2022-03-15T08:58:12+00:00","dateModified":"2023-03-30T13:41:26+00:00","description":"Czujesz \u017ce spotkania online zabieraj\u0105 Ci wi\u0119kszo\u015b\u0107 czasu pracy? Odpowiedzi\u0105 na to jest komunikacja asynchroniczna!","breadcrumb":{"@id":"https:\/\/ettagoglobal.com\/pl\/produkt\/webinar-komunikacja-asynchroniczna\/#breadcrumb"},"inLanguage":"pl-PL","potentialAction":[{"@type":"ReadAction","target":["https:\/\/ettagoglobal.com\/pl\/produkt\/webinar-komunikacja-asynchroniczna\/"]}]},{"@type":"ImageObject","inLanguage":"pl-PL","@id":"https:\/\/ettagoglobal.com\/pl\/produkt\/webinar-komunikacja-asynchroniczna\/#primaryimage","url":"https:\/\/ettagoglobal.com\/wp-content\/uploads\/2022\/03\/webinar-etta-komunikacja-asynchroniczna.png","contentUrl":"https:\/\/ettagoglobal.com\/wp-content\/uploads\/2022\/03\/webinar-etta-komunikacja-asynchroniczna.png","width":1080,"height":1080},{"@type":"BreadcrumbList","@id":"https:\/\/ettagoglobal.com\/pl\/produkt\/webinar-komunikacja-asynchroniczna\/#breadcrumb","itemListElement":[{"@type":"ListItem","position":1,"name":"Strona g\u0142\u00f3wna","item":"https:\/\/ettagoglobal.com\/pl\/home-2\/"},{"@type":"ListItem","position":2,"name":"Sklep","item":"https:\/\/ettagoglobal.com\/pl\/sklep\/"},{"@type":"ListItem","position":3,"name":"WEBINAR Komunikacja asynchroniczna"}]},{"@type":"WebSite","@id":"https:\/\/ettagoglobal.com\/#website","url":"https:\/\/ettagoglobal.com\/","name":"ETTA","description":"Global Connections. Let&#039;s do it bETTA!","potentialAction":[{"@type":"SearchAction","target":{"@type":"EntryPoint","urlTemplate":"https:\/\/ettagoglobal.com\/?s={search_term_string}"},"query-input":{"@type":"PropertyValueSpecification","valueRequired":true,"valueName":"search_term_string"}}],"inLanguage":"pl-PL"}]}},"tiered_pricing_type":"fixed","tiered_pricing_fixed_rules":[],"tiered_pricing_product_settings":{"layout":"default","base_unit_name":{"singular":null,"plural":null},"default_variation":null},"tiered_pricing_minimum_quantity":null,"tiered_pricing_roles_data":[],"tiered_pricing_percentage_rules":[],"_links":{"self":[{"href":"https:\/\/ettagoglobal.com\/pl\/wp-json\/wp\/v2\/product\/1806","targetHints":{"allow":["GET"]}}],"collection":[{"href":"https:\/\/ettagoglobal.com\/pl\/wp-json\/wp\/v2\/product"}],"about":[{"href":"https:\/\/ettagoglobal.com\/pl\/wp-json\/wp\/v2\/types\/product"}],"wp:featuredmedia":[{"embeddable":true,"href":"https:\/\/ettagoglobal.com\/pl\/wp-json\/wp\/v2\/media\/2099"}],"wp:attachment":[{"href":"https:\/\/ettagoglobal.com\/pl\/wp-json\/wp\/v2\/media?parent=1806"}],"wp:term":[{"taxonomy":"product_brand","embeddable":true,"href":"https:\/\/ettagoglobal.com\/pl\/wp-json\/wp\/v2\/product_brand?post=1806"},{"taxonomy":"product_cat","embeddable":true,"href":"https:\/\/ettagoglobal.com\/pl\/wp-json\/wp\/v2\/product_cat?post=1806"},{"taxonomy":"product_tag","embeddable":true,"href":"https:\/\/ettagoglobal.com\/pl\/wp-json\/wp\/v2\/product_tag?post=1806"}],"curies":[{"name":"wp","href":"https:\/\/api.w.org\/{rel}","templated":true}]}}