{"id":1804,"date":"2022-03-15T08:58:12","date_gmt":"2022-03-15T08:58:12","guid":{"rendered":"https:\/\/flamboyant-cerf.46-242-130-188.plesk.page\/?post_type=product&#038;p=1804"},"modified":"2023-03-30T13:39:55","modified_gmt":"2023-03-30T13:39:55","slug":"webinar-wlaczanie-obcokrajowcow-do-polskiego-zespolu","status":"publish","type":"product","link":"https:\/\/ettagoglobal.com\/pl\/produkt\/webinar-wlaczanie-obcokrajowcow-do-polskiego-zespolu\/","title":{"rendered":"WEBINAR W\u0142\u0105czanie obcokrajowc\u00f3w do polskiego zespo\u0142u"},"content":{"rendered":"<hr \/>\n<p>&nbsp;<\/p>\n","protected":false},"excerpt":{"rendered":"<p>Nagranie webinaru <strong>W\u0142\u0105czanie obcokrajowc\u00f3w do zespo\u0142u. Jak nawi\u0105zuje si\u0119 relacje w Polsce?<\/strong>, kt\u00f3ry 21 maja 2021 r. poprowadzi\u0142a Katarzyna Romanowicz.<\/p>\n<p>Webinar skierowany jest do mened\u017cer\u00f3w, HR-\u00f3w oraz os\u00f3b odpowiedzialnych za rekrutacj\u0119 i onboarding.<\/p>\n<p>Kupuj\u0105c webinar otrzymujesz <strong>bezterminowy dost\u0119p<\/strong> do nagrania, <strong>prezentacj\u0119<\/strong> oraz <strong>notatk\u0119 graficzn\u0105<\/strong>.<\/p>\n<p>&nbsp;<\/p>\n<hr \/>\n<h3><strong>Czego dowiesz si\u0119 po obejrzeniu webinaru?<\/strong><\/h3>\n<p><strong><span class=\"pq6dq46d tbxw36s4 knj5qynh kvgmc6g5 ditlmg2l oygrvhab nvdbi5me sf5mxxl7 gl3lb2sf hhz5lgdu\">\ud83d\udfe1 <\/span><\/strong>\u00a0Sposoby na budowanie pierwszego kontaktu<\/p>\n<div>\n<div class=\"o9v6fnle cxmmr5t8 oygrvhab hcukyx3x c1et5uql\">\n<div class=\"o9v6fnle cxmmr5t8 oygrvhab hcukyx3x c1et5uql\">\n<div class=\"o9v6fnle cxmmr5t8 oygrvhab hcukyx3x c1et5uql\">\n<div class=\"o9v6fnle cxmmr5t8 oygrvhab hcukyx3x c1et5uql\">\n<div class=\"o9v6fnle cxmmr5t8 oygrvhab hcukyx3x c1et5uql\">\n<div class=\"o9v6fnle cxmmr5t8 oygrvhab hcukyx3x c1et5uql\"><span class=\"pq6dq46d tbxw36s4 knj5qynh kvgmc6g5 ditlmg2l oygrvhab nvdbi5me sf5mxxl7 gl3lb2sf hhz5lgdu\">\ud83d\udfe1\u00a0 <\/span>Na czym opiera si\u0119 nawi\u0105zywanie relacji w r\u00f3\u017cnych kulturach, jak buduje si\u0119 zaufanie<\/div>\n<div class=\"o9v6fnle cxmmr5t8 oygrvhab hcukyx3x c1et5uql\"><span class=\"pq6dq46d tbxw36s4 knj5qynh kvgmc6g5 ditlmg2l oygrvhab nvdbi5me sf5mxxl7 gl3lb2sf hhz5lgdu\">\ud83d\udfe1\u00a0 <\/span>Rola mened\u017cera i kultura zespo\u0142u &#8211; jak otworzy\u0107 si\u0119 na r\u00f3\u017cnorodno\u015b\u0107<\/div>\n<div class=\"o9v6fnle cxmmr5t8 oygrvhab hcukyx3x c1et5uql\"><span class=\"pq6dq46d tbxw36s4 knj5qynh kvgmc6g5 ditlmg2l oygrvhab nvdbi5me sf5mxxl7 gl3lb2sf hhz5lgdu\">\ud83d\udfe1\u00a0 <\/span>Sprawdzone sposoby na w\u0142\u0105czanie w wirtualnym zespole<\/div>\n<div><\/div>\n<\/div>\n<\/div>\n<\/div>\n<\/div>\n<\/div>\n<\/div>\n<div>\n<hr \/>\n<\/div>\n<p><strong>Opinie po webinarze:<\/strong><\/p>\n<p><em>&#8222;Dzi\u0119kuj\u0119 za pokazanie tego, \u017ce bardzo wa\u017cny jest kontakt jeszcze przed rozpocz\u0119ciem w\u0142a\u015bciwej pracy, wdro\u017cenie do przysz\u0142ych obowi\u0105zk\u00f3w <\/em><em>i kultury firmy.&#8221;<\/em> Marta, Recruitment Specialist<\/p>\n<p><em><span class=\"JsGRdQ\">&#8222;Przydatne jest dla mnie rozr\u00f3\u017cnienie tego, kt\u00f3re narodowo\u015bci <\/span><span class=\"JsGRdQ\">ceni\u0105 sobie<\/span> <span class=\"JsGRdQ\">dobre relacje<\/span><span class=\"JsGRdQ\">, a kt\u00f3re s\u0105 <\/span><span class=\"JsGRdQ\">nastawione na zadania.&#8221; <\/span><\/em><span class=\"JsGRdQ\">Anna, Team Leader<\/span><\/p>\n<p><em>&#8222;<span class=\"JsGRdQ\">Wa\u017cne jest to, \u017ceby zadba\u0107 o taki system przep\u0142ywu informacji i komunikacj\u0119 w firmie, \u017ceby nikt nie poczu\u0142 si\u0119 z niego wykluczony.&#8221; <\/span><\/em><span class=\"JsGRdQ\">Oliwia, Transition Manager<\/span><\/p>\n<p>&nbsp;<\/p>\n<hr \/>\n<p>Webinar prowadzi\u0142a <strong>Katarzyna Romanowicz<\/strong>, kt\u00f3ra na co dzie\u0144 wspiera w rozwijaniu umiej\u0119tno\u015bci komunikacyjnych tych, kt\u00f3rzy cz\u0119sto preferuj\u0105 kontakt wirtualny i pracuj\u0105 w mi\u0119dzynarodowym \u015brodowisku: in\u017cynier\u00f3w i pracownik\u00f3w IT.<\/p>\n<hr \/>\n<p>&nbsp;<\/p>\n","protected":false},"featured_media":2075,"template":"","meta":{"_acf_changed":false,"_links_to":"","_links_to_target":""},"product_brand":[],"product_cat":[45],"product_tag":[],"class_list":{"0":"post-1804","1":"product","2":"type-product","3":"status-publish","4":"has-post-thumbnail","6":"product_cat-komunikacja-miedzykulturowa","8":"first","9":"instock","10":"downloadable","11":"virtual","12":"taxable","13":"purchasable","14":"product-type-simple"},"acf":[],"yoast_head":"<!-- This site is optimized with the Yoast SEO plugin v27.3 - https:\/\/yoast.com\/product\/yoast-seo-wordpress\/ -->\n<title>WEBINAR W\u0142\u0105czanie obcokrajowc\u00f3w do polskiego zespo\u0142u - ETTA<\/title>\n<meta name=\"description\" content=\"Twoja firma si\u0119 rozrasta? Wychodzicie na mi\u0119dzynarodowe rynki? Zobacz jak powinno wygl\u0105da\u0107 w\u0142\u0105czanie obcokrajowc\u00f3w do polskiego zespo\u0142u.\" \/>\n<meta name=\"robots\" content=\"index, follow, max-snippet:-1, max-image-preview:large, max-video-preview:-1\" \/>\n<link rel=\"canonical\" href=\"https:\/\/ettagoglobal.com\/pl\/produkt\/webinar-wlaczanie-obcokrajowcow-do-polskiego-zespolu\/\" \/>\n<meta property=\"og:locale\" content=\"pl_PL\" \/>\n<meta property=\"og:type\" content=\"article\" \/>\n<meta property=\"og:title\" content=\"WEBINAR W\u0142\u0105czanie obcokrajowc\u00f3w do polskiego zespo\u0142u - ETTA\" \/>\n<meta property=\"og:description\" content=\"Twoja firma si\u0119 rozrasta? Wychodzicie na mi\u0119dzynarodowe rynki? Zobacz jak powinno wygl\u0105da\u0107 w\u0142\u0105czanie obcokrajowc\u00f3w do polskiego zespo\u0142u.\" \/>\n<meta property=\"og:url\" content=\"https:\/\/ettagoglobal.com\/pl\/produkt\/webinar-wlaczanie-obcokrajowcow-do-polskiego-zespolu\/\" \/>\n<meta property=\"og:site_name\" content=\"ETTA\" \/>\n<meta property=\"article:modified_time\" content=\"2023-03-30T13:39:55+00:00\" \/>\n<meta property=\"og:image\" content=\"https:\/\/ettagoglobal.com\/wp-content\/uploads\/2022\/03\/webinar-etta-wlaczanie-obcokrajowcow-do-zespolu.png\" \/>\n\t<meta property=\"og:image:width\" content=\"1080\" \/>\n\t<meta property=\"og:image:height\" content=\"1080\" \/>\n\t<meta property=\"og:image:type\" content=\"image\/png\" \/>\n<meta name=\"twitter:card\" content=\"summary_large_image\" \/>\n<script type=\"application\/ld+json\" class=\"yoast-schema-graph\">{\"@context\":\"https:\\\/\\\/schema.org\",\"@graph\":[{\"@type\":\"WebPage\",\"@id\":\"https:\\\/\\\/ettagoglobal.com\\\/pl\\\/produkt\\\/webinar-wlaczanie-obcokrajowcow-do-polskiego-zespolu\\\/\",\"url\":\"https:\\\/\\\/ettagoglobal.com\\\/pl\\\/produkt\\\/webinar-wlaczanie-obcokrajowcow-do-polskiego-zespolu\\\/\",\"name\":\"WEBINAR W\u0142\u0105czanie obcokrajowc\u00f3w do polskiego zespo\u0142u - ETTA\",\"isPartOf\":{\"@id\":\"https:\\\/\\\/ettagoglobal.com\\\/#website\"},\"primaryImageOfPage\":{\"@id\":\"https:\\\/\\\/ettagoglobal.com\\\/pl\\\/produkt\\\/webinar-wlaczanie-obcokrajowcow-do-polskiego-zespolu\\\/#primaryimage\"},\"image\":{\"@id\":\"https:\\\/\\\/ettagoglobal.com\\\/pl\\\/produkt\\\/webinar-wlaczanie-obcokrajowcow-do-polskiego-zespolu\\\/#primaryimage\"},\"thumbnailUrl\":\"https:\\\/\\\/ettagoglobal.com\\\/wp-content\\\/uploads\\\/2022\\\/03\\\/webinar-etta-wlaczanie-obcokrajowcow-do-zespolu.png\",\"datePublished\":\"2022-03-15T08:58:12+00:00\",\"dateModified\":\"2023-03-30T13:39:55+00:00\",\"description\":\"Twoja firma si\u0119 rozrasta? Wychodzicie na mi\u0119dzynarodowe rynki? Zobacz jak powinno wygl\u0105da\u0107 w\u0142\u0105czanie obcokrajowc\u00f3w do polskiego zespo\u0142u.\",\"breadcrumb\":{\"@id\":\"https:\\\/\\\/ettagoglobal.com\\\/pl\\\/produkt\\\/webinar-wlaczanie-obcokrajowcow-do-polskiego-zespolu\\\/#breadcrumb\"},\"inLanguage\":\"pl-PL\",\"potentialAction\":[{\"@type\":\"ReadAction\",\"target\":[\"https:\\\/\\\/ettagoglobal.com\\\/pl\\\/produkt\\\/webinar-wlaczanie-obcokrajowcow-do-polskiego-zespolu\\\/\"]}]},{\"@type\":\"ImageObject\",\"inLanguage\":\"pl-PL\",\"@id\":\"https:\\\/\\\/ettagoglobal.com\\\/pl\\\/produkt\\\/webinar-wlaczanie-obcokrajowcow-do-polskiego-zespolu\\\/#primaryimage\",\"url\":\"https:\\\/\\\/ettagoglobal.com\\\/wp-content\\\/uploads\\\/2022\\\/03\\\/webinar-etta-wlaczanie-obcokrajowcow-do-zespolu.png\",\"contentUrl\":\"https:\\\/\\\/ettagoglobal.com\\\/wp-content\\\/uploads\\\/2022\\\/03\\\/webinar-etta-wlaczanie-obcokrajowcow-do-zespolu.png\",\"width\":1080,\"height\":1080},{\"@type\":\"BreadcrumbList\",\"@id\":\"https:\\\/\\\/ettagoglobal.com\\\/pl\\\/produkt\\\/webinar-wlaczanie-obcokrajowcow-do-polskiego-zespolu\\\/#breadcrumb\",\"itemListElement\":[{\"@type\":\"ListItem\",\"position\":1,\"name\":\"Strona g\u0142\u00f3wna\",\"item\":\"https:\\\/\\\/ettagoglobal.com\\\/pl\\\/home-2\\\/\"},{\"@type\":\"ListItem\",\"position\":2,\"name\":\"Sklep\",\"item\":\"https:\\\/\\\/ettagoglobal.com\\\/pl\\\/sklep\\\/\"},{\"@type\":\"ListItem\",\"position\":3,\"name\":\"WEBINAR W\u0142\u0105czanie obcokrajowc\u00f3w do polskiego zespo\u0142u\"}]},{\"@type\":\"WebSite\",\"@id\":\"https:\\\/\\\/ettagoglobal.com\\\/#website\",\"url\":\"https:\\\/\\\/ettagoglobal.com\\\/\",\"name\":\"ETTA\",\"description\":\"Global Connections. Let&#039;s do it bETTA!\",\"potentialAction\":[{\"@type\":\"SearchAction\",\"target\":{\"@type\":\"EntryPoint\",\"urlTemplate\":\"https:\\\/\\\/ettagoglobal.com\\\/?s={search_term_string}\"},\"query-input\":{\"@type\":\"PropertyValueSpecification\",\"valueRequired\":true,\"valueName\":\"search_term_string\"}}],\"inLanguage\":\"pl-PL\"}]}<\/script>\n<!-- \/ Yoast SEO plugin. -->","yoast_head_json":{"title":"WEBINAR W\u0142\u0105czanie obcokrajowc\u00f3w do polskiego zespo\u0142u - ETTA","description":"Twoja firma si\u0119 rozrasta? Wychodzicie na mi\u0119dzynarodowe rynki? Zobacz jak powinno wygl\u0105da\u0107 w\u0142\u0105czanie obcokrajowc\u00f3w do polskiego zespo\u0142u.","robots":{"index":"index","follow":"follow","max-snippet":"max-snippet:-1","max-image-preview":"max-image-preview:large","max-video-preview":"max-video-preview:-1"},"canonical":"https:\/\/ettagoglobal.com\/pl\/produkt\/webinar-wlaczanie-obcokrajowcow-do-polskiego-zespolu\/","og_locale":"pl_PL","og_type":"article","og_title":"WEBINAR W\u0142\u0105czanie obcokrajowc\u00f3w do polskiego zespo\u0142u - ETTA","og_description":"Twoja firma si\u0119 rozrasta? Wychodzicie na mi\u0119dzynarodowe rynki? Zobacz jak powinno wygl\u0105da\u0107 w\u0142\u0105czanie obcokrajowc\u00f3w do polskiego zespo\u0142u.","og_url":"https:\/\/ettagoglobal.com\/pl\/produkt\/webinar-wlaczanie-obcokrajowcow-do-polskiego-zespolu\/","og_site_name":"ETTA","article_modified_time":"2023-03-30T13:39:55+00:00","og_image":[{"width":1080,"height":1080,"url":"https:\/\/ettagoglobal.com\/wp-content\/uploads\/2022\/03\/webinar-etta-wlaczanie-obcokrajowcow-do-zespolu.png","type":"image\/png"}],"twitter_card":"summary_large_image","schema":{"@context":"https:\/\/schema.org","@graph":[{"@type":"WebPage","@id":"https:\/\/ettagoglobal.com\/pl\/produkt\/webinar-wlaczanie-obcokrajowcow-do-polskiego-zespolu\/","url":"https:\/\/ettagoglobal.com\/pl\/produkt\/webinar-wlaczanie-obcokrajowcow-do-polskiego-zespolu\/","name":"WEBINAR W\u0142\u0105czanie obcokrajowc\u00f3w do polskiego zespo\u0142u - ETTA","isPartOf":{"@id":"https:\/\/ettagoglobal.com\/#website"},"primaryImageOfPage":{"@id":"https:\/\/ettagoglobal.com\/pl\/produkt\/webinar-wlaczanie-obcokrajowcow-do-polskiego-zespolu\/#primaryimage"},"image":{"@id":"https:\/\/ettagoglobal.com\/pl\/produkt\/webinar-wlaczanie-obcokrajowcow-do-polskiego-zespolu\/#primaryimage"},"thumbnailUrl":"https:\/\/ettagoglobal.com\/wp-content\/uploads\/2022\/03\/webinar-etta-wlaczanie-obcokrajowcow-do-zespolu.png","datePublished":"2022-03-15T08:58:12+00:00","dateModified":"2023-03-30T13:39:55+00:00","description":"Twoja firma si\u0119 rozrasta? Wychodzicie na mi\u0119dzynarodowe rynki? Zobacz jak powinno wygl\u0105da\u0107 w\u0142\u0105czanie obcokrajowc\u00f3w do polskiego zespo\u0142u.","breadcrumb":{"@id":"https:\/\/ettagoglobal.com\/pl\/produkt\/webinar-wlaczanie-obcokrajowcow-do-polskiego-zespolu\/#breadcrumb"},"inLanguage":"pl-PL","potentialAction":[{"@type":"ReadAction","target":["https:\/\/ettagoglobal.com\/pl\/produkt\/webinar-wlaczanie-obcokrajowcow-do-polskiego-zespolu\/"]}]},{"@type":"ImageObject","inLanguage":"pl-PL","@id":"https:\/\/ettagoglobal.com\/pl\/produkt\/webinar-wlaczanie-obcokrajowcow-do-polskiego-zespolu\/#primaryimage","url":"https:\/\/ettagoglobal.com\/wp-content\/uploads\/2022\/03\/webinar-etta-wlaczanie-obcokrajowcow-do-zespolu.png","contentUrl":"https:\/\/ettagoglobal.com\/wp-content\/uploads\/2022\/03\/webinar-etta-wlaczanie-obcokrajowcow-do-zespolu.png","width":1080,"height":1080},{"@type":"BreadcrumbList","@id":"https:\/\/ettagoglobal.com\/pl\/produkt\/webinar-wlaczanie-obcokrajowcow-do-polskiego-zespolu\/#breadcrumb","itemListElement":[{"@type":"ListItem","position":1,"name":"Strona g\u0142\u00f3wna","item":"https:\/\/ettagoglobal.com\/pl\/home-2\/"},{"@type":"ListItem","position":2,"name":"Sklep","item":"https:\/\/ettagoglobal.com\/pl\/sklep\/"},{"@type":"ListItem","position":3,"name":"WEBINAR W\u0142\u0105czanie obcokrajowc\u00f3w do polskiego zespo\u0142u"}]},{"@type":"WebSite","@id":"https:\/\/ettagoglobal.com\/#website","url":"https:\/\/ettagoglobal.com\/","name":"ETTA","description":"Global Connections. Let&#039;s do it bETTA!","potentialAction":[{"@type":"SearchAction","target":{"@type":"EntryPoint","urlTemplate":"https:\/\/ettagoglobal.com\/?s={search_term_string}"},"query-input":{"@type":"PropertyValueSpecification","valueRequired":true,"valueName":"search_term_string"}}],"inLanguage":"pl-PL"}]}},"tiered_pricing_type":"fixed","tiered_pricing_fixed_rules":[],"tiered_pricing_product_settings":{"layout":"default","base_unit_name":{"singular":null,"plural":null},"default_variation":null},"tiered_pricing_minimum_quantity":null,"tiered_pricing_roles_data":[],"tiered_pricing_percentage_rules":[],"_links":{"self":[{"href":"https:\/\/ettagoglobal.com\/pl\/wp-json\/wp\/v2\/product\/1804","targetHints":{"allow":["GET"]}}],"collection":[{"href":"https:\/\/ettagoglobal.com\/pl\/wp-json\/wp\/v2\/product"}],"about":[{"href":"https:\/\/ettagoglobal.com\/pl\/wp-json\/wp\/v2\/types\/product"}],"wp:featuredmedia":[{"embeddable":true,"href":"https:\/\/ettagoglobal.com\/pl\/wp-json\/wp\/v2\/media\/2075"}],"wp:attachment":[{"href":"https:\/\/ettagoglobal.com\/pl\/wp-json\/wp\/v2\/media?parent=1804"}],"wp:term":[{"taxonomy":"product_brand","embeddable":true,"href":"https:\/\/ettagoglobal.com\/pl\/wp-json\/wp\/v2\/product_brand?post=1804"},{"taxonomy":"product_cat","embeddable":true,"href":"https:\/\/ettagoglobal.com\/pl\/wp-json\/wp\/v2\/product_cat?post=1804"},{"taxonomy":"product_tag","embeddable":true,"href":"https:\/\/ettagoglobal.com\/pl\/wp-json\/wp\/v2\/product_tag?post=1804"}],"curies":[{"name":"wp","href":"https:\/\/api.w.org\/{rel}","templated":true}]}}