{"id":1761,"date":"2022-03-15T08:57:46","date_gmt":"2022-03-15T08:57:46","guid":{"rendered":"https:\/\/flamboyant-cerf.46-242-130-188.plesk.page\/?post_type=product&#038;p=1761"},"modified":"2023-03-30T13:42:18","modified_gmt":"2023-03-30T13:42:18","slug":"webinar-diversity-inclusion-jak-dbac-o-wlaczanie-w-wirtualnym-swiecie","status":"publish","type":"product","link":"https:\/\/ettagoglobal.com\/pl\/produkt\/webinar-diversity-inclusion-jak-dbac-o-wlaczanie-w-wirtualnym-swiecie\/","title":{"rendered":"WEBINAR Diversity &#038; Inclusion &#8211; w\u0142\u0105czanie w wirtualnym \u015bwiecie"},"content":{"rendered":"<hr \/>\n<p>&nbsp;<\/p>\n","protected":false},"excerpt":{"rendered":"<p>Nagranie webinaru <strong>Diversity &amp; Inclusion &#8211; jak dba\u0107 o w\u0142\u0105czanie w wirtualnym \u015bwiecie?<\/strong>, kt\u00f3ry 9 marca 2021 r. poprowadzi\u0142a Katarzyna Romanowicz.<\/p>\n<p>Webinar skierowany jest do wszystkich, kt\u00f3rzy odpowiadaj\u0105 w swoich organizacjach za obszar D&amp;I, dzia\u0142y HR oraz lider\u00f3w wirtualnych zespo\u0142\u00f3w zainteresowanych tematyk\u0105 r\u00f3\u017cnorodno\u015bci i w\u0142\u0105czania.<\/p>\n<p>Kupuj\u0105c webinar otrzymujesz <strong>bezterminowy dost\u0119p<\/strong> do nagrania, <strong>prezentacj\u0119<\/strong> oraz <strong>notatk\u0119 graficzn\u0105<\/strong>.<\/p>\n<p>&nbsp;<\/p>\n<hr \/>\n<h3><strong>Czego dowiesz si\u0119 po obejrzeniu webinaru?<\/strong><\/h3>\n<p>\ud83d\udfe1\u00a0 Jak si\u0119 dzisiaj ma Diversity &amp; Inclusion? <strong style=\"font-size: 16px;\">Przegl\u0105d trend\u00f3w.<\/strong><\/p>\n<p>\ud83d\udfe1\u00a0 W\u0142\u0105czanie i przynale\u017cno\u015b\u0107 <strong>w czasach zarazy<\/strong> &#8211; nowe obszary, nowe wyzwania<\/p>\n<p>\ud83d\udfe1\u00a0 Jak dba\u0107 o w\u0142\u0105czanie, gdy ka\u017cdy siedzi przed swoim ekranem? <strong>Dobre praktyki i rozwi\u0105zania<\/strong><\/p>\n<p><strong>\ud83d\udfe1\u00a0 5 kluczowych zasad w\u0142\u0105czania w wirtualnym \u015bwiecie<\/strong><\/p>\n<div>\n<div class=\"o9v6fnle cxmmr5t8 oygrvhab hcukyx3x c1et5uql\">\n<div class=\"o9v6fnle cxmmr5t8 oygrvhab hcukyx3x c1et5uql\">\n<div><\/div>\n<\/div>\n<\/div>\n<\/div>\n<div>\n<hr \/>\n<\/div>\n<p>&nbsp;<\/p>\n<p><strong>Opinie uczestnik\u00f3w:<\/strong><\/p>\n<p><em>&#8222;\u015awietny webinar! Dzi\u0119kuj\u0119 za om\u00f3wienie 6 kluczowych zasad w\u0142\u0105czenia !&#8221; <\/em>Paulina, Delivery Leader<\/p>\n<p><em>&#8222;Dla mnie najbardziej przydatne z webinaru s\u0105 niekonstruktywne przekonania na temat w\u0142\u0105czania w czasie pandemii.&#8221;<\/em>, Magdalena, trener, coach<\/p>\n<p>&nbsp;<\/p>\n<hr \/>\n<p>Webinar prowadzi\u0142a<strong> Katarzyna Romanowicz<\/strong>, kt\u00f3ra sko\u0144czy\u0142a studia podyplomowe w obszarze CSR na Akademii Leona Ko\u017ami\u0144skiego. Od kilkunastu lat tworzy i wsp\u00f3\u0142tworzy strategi\u0119 zarz\u0105dzania r\u00f3\u017cnorodno\u015bci\u0105 i w\u0142\u0105czeniem, przede wszystkim w kontek\u015bcie mi\u0119dzypokoleniowym i mi\u0119dzykulturowym. Prowadzi r\u00f3wnie\u017c szkolenia w tym obszarze dla uczestnik\u00f3w z ca\u0142ego \u015bwiata. Jej osobist\u0105 misj\u0105 jest budowanie most\u00f3w pomi\u0119dzy osobami, kt\u00f3re r\u00f3\u017cni\u0105 si\u0119 mi\u0119dzy sob\u0105.<\/p>\n<hr \/>\n<p>&nbsp;<\/p>\n","protected":false},"featured_media":2029,"template":"","meta":{"_acf_changed":false,"_links_to":"","_links_to_target":""},"product_brand":[],"product_cat":[46,47],"product_tag":[],"class_list":{"0":"post-1761","1":"product","2":"type-product","3":"status-publish","4":"has-post-thumbnail","6":"product_cat-human-centred-leadership","7":"product_cat-kompetencje-przyszlosci","9":"first","10":"instock","11":"downloadable","12":"virtual","13":"taxable","14":"purchasable","15":"product-type-simple"},"acf":[],"yoast_head":"<!-- This site is optimized with the Yoast SEO plugin v27.3 - https:\/\/yoast.com\/product\/yoast-seo-wordpress\/ -->\n<title>WEBINAR Diversity &amp; Inclusion - w\u0142\u0105czanie w wirtualnym \u015bwiecie - ETTA<\/title>\n<meta name=\"description\" content=\"Diversity &amp; Inclusion to obszar o jaki dba coraz wi\u0119cej firm w Polsce. Jak zatem dba\u0107 o w\u0142\u0105czanie w wirtualnym \u015bwiecie?\" \/>\n<meta name=\"robots\" content=\"index, follow, max-snippet:-1, max-image-preview:large, max-video-preview:-1\" \/>\n<link rel=\"canonical\" href=\"https:\/\/ettagoglobal.com\/pl\/produkt\/webinar-diversity-inclusion-jak-dbac-o-wlaczanie-w-wirtualnym-swiecie\/\" \/>\n<meta property=\"og:locale\" content=\"pl_PL\" \/>\n<meta property=\"og:type\" content=\"article\" \/>\n<meta property=\"og:title\" content=\"WEBINAR Diversity &amp; Inclusion - w\u0142\u0105czanie w wirtualnym \u015bwiecie - ETTA\" \/>\n<meta property=\"og:description\" content=\"Diversity &amp; Inclusion to obszar o jaki dba coraz wi\u0119cej firm w Polsce. Jak zatem dba\u0107 o w\u0142\u0105czanie w wirtualnym \u015bwiecie?\" \/>\n<meta property=\"og:url\" content=\"https:\/\/ettagoglobal.com\/pl\/produkt\/webinar-diversity-inclusion-jak-dbac-o-wlaczanie-w-wirtualnym-swiecie\/\" \/>\n<meta property=\"og:site_name\" content=\"ETTA\" \/>\n<meta property=\"article:modified_time\" content=\"2023-03-30T13:42:18+00:00\" \/>\n<meta property=\"og:image\" content=\"https:\/\/ettagoglobal.com\/wp-content\/uploads\/2022\/03\/etta-webinar-diversity-inclusion-w-swiecie-online-sklep.png\" \/>\n\t<meta property=\"og:image:width\" content=\"1080\" \/>\n\t<meta property=\"og:image:height\" content=\"1080\" \/>\n\t<meta property=\"og:image:type\" content=\"image\/png\" \/>\n<meta name=\"twitter:card\" content=\"summary_large_image\" \/>\n<script type=\"application\/ld+json\" class=\"yoast-schema-graph\">{\"@context\":\"https:\\\/\\\/schema.org\",\"@graph\":[{\"@type\":\"WebPage\",\"@id\":\"https:\\\/\\\/ettagoglobal.com\\\/pl\\\/produkt\\\/webinar-diversity-inclusion-jak-dbac-o-wlaczanie-w-wirtualnym-swiecie\\\/\",\"url\":\"https:\\\/\\\/ettagoglobal.com\\\/pl\\\/produkt\\\/webinar-diversity-inclusion-jak-dbac-o-wlaczanie-w-wirtualnym-swiecie\\\/\",\"name\":\"WEBINAR Diversity & Inclusion - w\u0142\u0105czanie w wirtualnym \u015bwiecie - ETTA\",\"isPartOf\":{\"@id\":\"https:\\\/\\\/ettagoglobal.com\\\/#website\"},\"primaryImageOfPage\":{\"@id\":\"https:\\\/\\\/ettagoglobal.com\\\/pl\\\/produkt\\\/webinar-diversity-inclusion-jak-dbac-o-wlaczanie-w-wirtualnym-swiecie\\\/#primaryimage\"},\"image\":{\"@id\":\"https:\\\/\\\/ettagoglobal.com\\\/pl\\\/produkt\\\/webinar-diversity-inclusion-jak-dbac-o-wlaczanie-w-wirtualnym-swiecie\\\/#primaryimage\"},\"thumbnailUrl\":\"https:\\\/\\\/ettagoglobal.com\\\/wp-content\\\/uploads\\\/2022\\\/03\\\/etta-webinar-diversity-inclusion-w-swiecie-online-sklep.png\",\"datePublished\":\"2022-03-15T08:57:46+00:00\",\"dateModified\":\"2023-03-30T13:42:18+00:00\",\"description\":\"Diversity & Inclusion to obszar o jaki dba coraz wi\u0119cej firm w Polsce. Jak zatem dba\u0107 o w\u0142\u0105czanie w wirtualnym \u015bwiecie?\",\"breadcrumb\":{\"@id\":\"https:\\\/\\\/ettagoglobal.com\\\/pl\\\/produkt\\\/webinar-diversity-inclusion-jak-dbac-o-wlaczanie-w-wirtualnym-swiecie\\\/#breadcrumb\"},\"inLanguage\":\"pl-PL\",\"potentialAction\":[{\"@type\":\"ReadAction\",\"target\":[\"https:\\\/\\\/ettagoglobal.com\\\/pl\\\/produkt\\\/webinar-diversity-inclusion-jak-dbac-o-wlaczanie-w-wirtualnym-swiecie\\\/\"]}]},{\"@type\":\"ImageObject\",\"inLanguage\":\"pl-PL\",\"@id\":\"https:\\\/\\\/ettagoglobal.com\\\/pl\\\/produkt\\\/webinar-diversity-inclusion-jak-dbac-o-wlaczanie-w-wirtualnym-swiecie\\\/#primaryimage\",\"url\":\"https:\\\/\\\/ettagoglobal.com\\\/wp-content\\\/uploads\\\/2022\\\/03\\\/etta-webinar-diversity-inclusion-w-swiecie-online-sklep.png\",\"contentUrl\":\"https:\\\/\\\/ettagoglobal.com\\\/wp-content\\\/uploads\\\/2022\\\/03\\\/etta-webinar-diversity-inclusion-w-swiecie-online-sklep.png\",\"width\":1080,\"height\":1080},{\"@type\":\"BreadcrumbList\",\"@id\":\"https:\\\/\\\/ettagoglobal.com\\\/pl\\\/produkt\\\/webinar-diversity-inclusion-jak-dbac-o-wlaczanie-w-wirtualnym-swiecie\\\/#breadcrumb\",\"itemListElement\":[{\"@type\":\"ListItem\",\"position\":1,\"name\":\"Strona g\u0142\u00f3wna\",\"item\":\"https:\\\/\\\/ettagoglobal.com\\\/pl\\\/home-2\\\/\"},{\"@type\":\"ListItem\",\"position\":2,\"name\":\"Sklep\",\"item\":\"https:\\\/\\\/ettagoglobal.com\\\/pl\\\/sklep\\\/\"},{\"@type\":\"ListItem\",\"position\":3,\"name\":\"WEBINAR Diversity &#038; Inclusion &#8211; w\u0142\u0105czanie w wirtualnym \u015bwiecie\"}]},{\"@type\":\"WebSite\",\"@id\":\"https:\\\/\\\/ettagoglobal.com\\\/#website\",\"url\":\"https:\\\/\\\/ettagoglobal.com\\\/\",\"name\":\"ETTA\",\"description\":\"Global Connections. Let&#039;s do it bETTA!\",\"potentialAction\":[{\"@type\":\"SearchAction\",\"target\":{\"@type\":\"EntryPoint\",\"urlTemplate\":\"https:\\\/\\\/ettagoglobal.com\\\/?s={search_term_string}\"},\"query-input\":{\"@type\":\"PropertyValueSpecification\",\"valueRequired\":true,\"valueName\":\"search_term_string\"}}],\"inLanguage\":\"pl-PL\"}]}<\/script>\n<!-- \/ Yoast SEO plugin. -->","yoast_head_json":{"title":"WEBINAR Diversity & Inclusion - w\u0142\u0105czanie w wirtualnym \u015bwiecie - ETTA","description":"Diversity & Inclusion to obszar o jaki dba coraz wi\u0119cej firm w Polsce. Jak zatem dba\u0107 o w\u0142\u0105czanie w wirtualnym \u015bwiecie?","robots":{"index":"index","follow":"follow","max-snippet":"max-snippet:-1","max-image-preview":"max-image-preview:large","max-video-preview":"max-video-preview:-1"},"canonical":"https:\/\/ettagoglobal.com\/pl\/produkt\/webinar-diversity-inclusion-jak-dbac-o-wlaczanie-w-wirtualnym-swiecie\/","og_locale":"pl_PL","og_type":"article","og_title":"WEBINAR Diversity & Inclusion - w\u0142\u0105czanie w wirtualnym \u015bwiecie - ETTA","og_description":"Diversity & Inclusion to obszar o jaki dba coraz wi\u0119cej firm w Polsce. Jak zatem dba\u0107 o w\u0142\u0105czanie w wirtualnym \u015bwiecie?","og_url":"https:\/\/ettagoglobal.com\/pl\/produkt\/webinar-diversity-inclusion-jak-dbac-o-wlaczanie-w-wirtualnym-swiecie\/","og_site_name":"ETTA","article_modified_time":"2023-03-30T13:42:18+00:00","og_image":[{"width":1080,"height":1080,"url":"https:\/\/ettagoglobal.com\/wp-content\/uploads\/2022\/03\/etta-webinar-diversity-inclusion-w-swiecie-online-sklep.png","type":"image\/png"}],"twitter_card":"summary_large_image","schema":{"@context":"https:\/\/schema.org","@graph":[{"@type":"WebPage","@id":"https:\/\/ettagoglobal.com\/pl\/produkt\/webinar-diversity-inclusion-jak-dbac-o-wlaczanie-w-wirtualnym-swiecie\/","url":"https:\/\/ettagoglobal.com\/pl\/produkt\/webinar-diversity-inclusion-jak-dbac-o-wlaczanie-w-wirtualnym-swiecie\/","name":"WEBINAR Diversity & Inclusion - w\u0142\u0105czanie w wirtualnym \u015bwiecie - ETTA","isPartOf":{"@id":"https:\/\/ettagoglobal.com\/#website"},"primaryImageOfPage":{"@id":"https:\/\/ettagoglobal.com\/pl\/produkt\/webinar-diversity-inclusion-jak-dbac-o-wlaczanie-w-wirtualnym-swiecie\/#primaryimage"},"image":{"@id":"https:\/\/ettagoglobal.com\/pl\/produkt\/webinar-diversity-inclusion-jak-dbac-o-wlaczanie-w-wirtualnym-swiecie\/#primaryimage"},"thumbnailUrl":"https:\/\/ettagoglobal.com\/wp-content\/uploads\/2022\/03\/etta-webinar-diversity-inclusion-w-swiecie-online-sklep.png","datePublished":"2022-03-15T08:57:46+00:00","dateModified":"2023-03-30T13:42:18+00:00","description":"Diversity & Inclusion to obszar o jaki dba coraz wi\u0119cej firm w Polsce. Jak zatem dba\u0107 o w\u0142\u0105czanie w wirtualnym \u015bwiecie?","breadcrumb":{"@id":"https:\/\/ettagoglobal.com\/pl\/produkt\/webinar-diversity-inclusion-jak-dbac-o-wlaczanie-w-wirtualnym-swiecie\/#breadcrumb"},"inLanguage":"pl-PL","potentialAction":[{"@type":"ReadAction","target":["https:\/\/ettagoglobal.com\/pl\/produkt\/webinar-diversity-inclusion-jak-dbac-o-wlaczanie-w-wirtualnym-swiecie\/"]}]},{"@type":"ImageObject","inLanguage":"pl-PL","@id":"https:\/\/ettagoglobal.com\/pl\/produkt\/webinar-diversity-inclusion-jak-dbac-o-wlaczanie-w-wirtualnym-swiecie\/#primaryimage","url":"https:\/\/ettagoglobal.com\/wp-content\/uploads\/2022\/03\/etta-webinar-diversity-inclusion-w-swiecie-online-sklep.png","contentUrl":"https:\/\/ettagoglobal.com\/wp-content\/uploads\/2022\/03\/etta-webinar-diversity-inclusion-w-swiecie-online-sklep.png","width":1080,"height":1080},{"@type":"BreadcrumbList","@id":"https:\/\/ettagoglobal.com\/pl\/produkt\/webinar-diversity-inclusion-jak-dbac-o-wlaczanie-w-wirtualnym-swiecie\/#breadcrumb","itemListElement":[{"@type":"ListItem","position":1,"name":"Strona g\u0142\u00f3wna","item":"https:\/\/ettagoglobal.com\/pl\/home-2\/"},{"@type":"ListItem","position":2,"name":"Sklep","item":"https:\/\/ettagoglobal.com\/pl\/sklep\/"},{"@type":"ListItem","position":3,"name":"WEBINAR Diversity &#038; Inclusion &#8211; w\u0142\u0105czanie w wirtualnym \u015bwiecie"}]},{"@type":"WebSite","@id":"https:\/\/ettagoglobal.com\/#website","url":"https:\/\/ettagoglobal.com\/","name":"ETTA","description":"Global Connections. Let&#039;s do it bETTA!","potentialAction":[{"@type":"SearchAction","target":{"@type":"EntryPoint","urlTemplate":"https:\/\/ettagoglobal.com\/?s={search_term_string}"},"query-input":{"@type":"PropertyValueSpecification","valueRequired":true,"valueName":"search_term_string"}}],"inLanguage":"pl-PL"}]}},"tiered_pricing_type":"fixed","tiered_pricing_fixed_rules":[],"tiered_pricing_product_settings":{"layout":"default","base_unit_name":{"singular":null,"plural":null},"default_variation":null},"tiered_pricing_minimum_quantity":null,"tiered_pricing_roles_data":[],"tiered_pricing_percentage_rules":[],"_links":{"self":[{"href":"https:\/\/ettagoglobal.com\/pl\/wp-json\/wp\/v2\/product\/1761","targetHints":{"allow":["GET"]}}],"collection":[{"href":"https:\/\/ettagoglobal.com\/pl\/wp-json\/wp\/v2\/product"}],"about":[{"href":"https:\/\/ettagoglobal.com\/pl\/wp-json\/wp\/v2\/types\/product"}],"wp:featuredmedia":[{"embeddable":true,"href":"https:\/\/ettagoglobal.com\/pl\/wp-json\/wp\/v2\/media\/2029"}],"wp:attachment":[{"href":"https:\/\/ettagoglobal.com\/pl\/wp-json\/wp\/v2\/media?parent=1761"}],"wp:term":[{"taxonomy":"product_brand","embeddable":true,"href":"https:\/\/ettagoglobal.com\/pl\/wp-json\/wp\/v2\/product_brand?post=1761"},{"taxonomy":"product_cat","embeddable":true,"href":"https:\/\/ettagoglobal.com\/pl\/wp-json\/wp\/v2\/product_cat?post=1761"},{"taxonomy":"product_tag","embeddable":true,"href":"https:\/\/ettagoglobal.com\/pl\/wp-json\/wp\/v2\/product_tag?post=1761"}],"curies":[{"name":"wp","href":"https:\/\/api.w.org\/{rel}","templated":true}]}}