{"id":1760,"date":"2022-03-15T08:57:46","date_gmt":"2022-03-15T08:57:46","guid":{"rendered":"https:\/\/flamboyant-cerf.46-242-130-188.plesk.page\/?post_type=product&#038;p=1760"},"modified":"2023-03-30T13:42:02","modified_gmt":"2023-03-30T13:42:02","slug":"webinar-angazujace-spotkania-online-jak-je-prowadzic","status":"publish","type":"product","link":"https:\/\/ettagoglobal.com\/pl\/produkt\/webinar-angazujace-spotkania-online-jak-je-prowadzic\/","title":{"rendered":"WEBINAR: Anga\u017cuj\u0105ce spotkania online. Jak je prowadzi\u0107?"},"content":{"rendered":"<hr \/>\n<p>&nbsp;<\/p>\n","protected":false},"excerpt":{"rendered":"<p>Nagranie webinaru <strong>Anga\u017cuj\u0105ce spotkania online. Jak je prowadzi\u0107?<\/strong>, kt\u00f3ry 20.01.2021 r. poprowadzi\u0142a Katarzyna Romanowicz.<\/p>\n<p>Webinar skierowany jest do mened\u017cer\u00f3w i Team Lider\u00f3w wirtualnych zespo\u0142\u00f3w oraz os\u00f3b pracuj\u0105cych w rozproszonych zespo\u0142ach w Polsce i za granic\u0105.<\/p>\n<p>Kupuj\u0105c webinar otrzymujesz <strong>bezterminowy dost\u0119p<\/strong> do nagrania, <strong>prezentacj\u0119<\/strong> oraz <strong>notatk\u0119 graficzn\u0105<\/strong>.<\/p>\n<p>&nbsp;<\/p>\n<hr \/>\n<h3><strong>Czego dowiesz si\u0119 po obejrzeniu webinaru?<\/strong><\/h3>\n<div class=\"o9v6fnle cxmmr5t8 oygrvhab hcukyx3x c1et5uql\"><\/div>\n<div>\n<div class=\"o9v6fnle cxmmr5t8 oygrvhab hcukyx3x c1et5uql\">\n<div class=\"o9v6fnle cxmmr5t8 oygrvhab hcukyx3x c1et5uql\">\n<div class=\"o9v6fnle cxmmr5t8 oygrvhab hcukyx3x c1et5uql\">\ud83d\udfe1\u00a0 Przygotowanie spotkania online\u2013 klucz do sukcesu<\/div>\n<div class=\"o9v6fnle cxmmr5t8 oygrvhab hcukyx3x c1et5uql\">\ud83d\udfe1\u00a0 Kilka prawd o skupieniu uwagi w \u015bwiecie online \u2013 jak dba\u0107 o utrzymanie uwagi?<\/div>\n<div class=\"o9v6fnle cxmmr5t8 oygrvhab hcukyx3x c1et5uql\">\ud83d\udfe1\u00a0 Wybrane metody facylitowania wypowiedzi uczestnik\u00f3w spotkania<\/div>\n<div class=\"o9v6fnle cxmmr5t8 oygrvhab hcukyx3x c1et5uql\">\ud83d\udfe1\u00a0 Tablice wirtualne \u2013 jak z nimi pracowa\u0107, by budowa\u0107 zaanga\u017cowanie uczestnik\u00f3w?<\/div>\n<div><\/div>\n<\/div>\n<\/div>\n<\/div>\n<div class=\"o9v6fnle cxmmr5t8 oygrvhab hcukyx3x c1et5uql\"><\/div>\n<div>\n<hr \/>\n<\/div>\n<p>&nbsp;<\/p>\n<p><strong>Opinie uczestnik\u00f3w:<\/strong><\/p>\n<p><em>&#8222;\u015awietny webinar, dzi\u0119ki wielkie! Na pewno wiele rzeczy wspomnianych przez Kasi\u0119 mi si\u0119 przyda w codziennej pracy!&#8221; <\/em>Alicja, Koordynator ds. Marketingu<\/p>\n<p>&#8222;<em>Szkoda, \u017ce taki webinar nie odby\u0142 si\u0119 rok temu, wtedy na pewno by\u0142bym w stanie lepiej przygotowa\u0107 spotkanie dla zespo\u0142u.&#8221;\u00a0 <\/em>Patryk, Lider zespo\u0142u<\/p>\n<p class=\"_04xlpA direction-ltr align-center para-style-body\"><em><span class=\"JsGRdQ\">&#8222;Dzi\u0119kuj\u0119 za uporz\u0105dkowanie dotychczasowej wiedzy, Bior\u0119 dla siebie model CAVA oraz <\/span><span class=\"JsGRdQ\">interaktywne tablice<\/span><span class=\"JsGRdQ\">.<\/span>&#8222;<\/em>\u00a0 Monika, Mened\u017cer Projekt\u00f3w<\/p>\n<p>&nbsp;<\/p>\n<hr \/>\n<p>Webinar prowadzi\u0142a<strong> Katarzyna Romanowicz, <\/strong>kt\u00f3ra na co dzie\u0144 wspiera w rozwijaniu umiej\u0119tno\u015bci komunikacyjnych tych, kt\u00f3rzy cz\u0119sto preferuj\u0105 kontakt wirtualny: in\u017cynier\u00f3w i pracownik\u00f3w IT, dlatego \u015bwiat wirtualny i wyzwania z nim zwi\u0105zane s\u0105 jej dobrze znane. Ponadto wsp\u00f3\u0142pracuje z rozproszonymi zespo\u0142ami jako ich lider lub wsp\u00f3\u0142pracownik od 2005 roku.<\/p>\n<hr \/>\n<p>&nbsp;<\/p>\n","protected":false},"featured_media":2017,"template":"","meta":{"_acf_changed":false,"_links_to":"","_links_to_target":""},"product_brand":[],"product_cat":[46],"product_tag":[],"class_list":{"0":"post-1760","1":"product","2":"type-product","3":"status-publish","4":"has-post-thumbnail","6":"product_cat-human-centred-leadership","8":"first","9":"instock","10":"downloadable","11":"virtual","12":"taxable","13":"purchasable","14":"product-type-simple"},"acf":[],"yoast_head":"<!-- This site is optimized with the Yoast SEO plugin v27.3 - https:\/\/yoast.com\/product\/yoast-seo-wordpress\/ -->\n<title>WEBINAR: Anga\u017cuj\u0105ce spotkania online. Jak je prowadzi\u0107? - ETTA<\/title>\n<meta name=\"description\" content=\"Jak prowadzi\u0107 anga\u017cuj\u0105ce spotkania online? W jaki spos\u00f3b dobrze si\u0119 do nich przygotowa\u0107? A z kt\u00f3rych zrezygnowa\u0107? Obejrzyj webinar!\" \/>\n<meta name=\"robots\" content=\"index, follow, max-snippet:-1, max-image-preview:large, max-video-preview:-1\" \/>\n<link rel=\"canonical\" href=\"https:\/\/ettagoglobal.com\/pl\/produkt\/webinar-angazujace-spotkania-online-jak-je-prowadzic\/\" \/>\n<meta property=\"og:locale\" content=\"pl_PL\" \/>\n<meta property=\"og:type\" content=\"article\" \/>\n<meta property=\"og:title\" content=\"WEBINAR: Anga\u017cuj\u0105ce spotkania online. Jak je prowadzi\u0107? - ETTA\" \/>\n<meta property=\"og:description\" content=\"Jak prowadzi\u0107 anga\u017cuj\u0105ce spotkania online? W jaki spos\u00f3b dobrze si\u0119 do nich przygotowa\u0107? A z kt\u00f3rych zrezygnowa\u0107? Obejrzyj webinar!\" \/>\n<meta property=\"og:url\" content=\"https:\/\/ettagoglobal.com\/pl\/produkt\/webinar-angazujace-spotkania-online-jak-je-prowadzic\/\" \/>\n<meta property=\"og:site_name\" content=\"ETTA\" \/>\n<meta property=\"article:modified_time\" content=\"2023-03-30T13:42:02+00:00\" \/>\n<meta property=\"og:image\" content=\"https:\/\/ettagoglobal.com\/wp-content\/uploads\/2022\/03\/webinar-etta-angazujace-spotkania-online.png\" \/>\n\t<meta property=\"og:image:width\" content=\"1080\" \/>\n\t<meta property=\"og:image:height\" content=\"1080\" \/>\n\t<meta property=\"og:image:type\" content=\"image\/png\" \/>\n<meta name=\"twitter:card\" content=\"summary_large_image\" \/>\n<script type=\"application\/ld+json\" class=\"yoast-schema-graph\">{\"@context\":\"https:\\\/\\\/schema.org\",\"@graph\":[{\"@type\":\"WebPage\",\"@id\":\"https:\\\/\\\/ettagoglobal.com\\\/pl\\\/produkt\\\/webinar-angazujace-spotkania-online-jak-je-prowadzic\\\/\",\"url\":\"https:\\\/\\\/ettagoglobal.com\\\/pl\\\/produkt\\\/webinar-angazujace-spotkania-online-jak-je-prowadzic\\\/\",\"name\":\"WEBINAR: Anga\u017cuj\u0105ce spotkania online. Jak je prowadzi\u0107? - ETTA\",\"isPartOf\":{\"@id\":\"https:\\\/\\\/ettagoglobal.com\\\/#website\"},\"primaryImageOfPage\":{\"@id\":\"https:\\\/\\\/ettagoglobal.com\\\/pl\\\/produkt\\\/webinar-angazujace-spotkania-online-jak-je-prowadzic\\\/#primaryimage\"},\"image\":{\"@id\":\"https:\\\/\\\/ettagoglobal.com\\\/pl\\\/produkt\\\/webinar-angazujace-spotkania-online-jak-je-prowadzic\\\/#primaryimage\"},\"thumbnailUrl\":\"https:\\\/\\\/ettagoglobal.com\\\/wp-content\\\/uploads\\\/2022\\\/03\\\/webinar-etta-angazujace-spotkania-online.png\",\"datePublished\":\"2022-03-15T08:57:46+00:00\",\"dateModified\":\"2023-03-30T13:42:02+00:00\",\"description\":\"Jak prowadzi\u0107 anga\u017cuj\u0105ce spotkania online? W jaki spos\u00f3b dobrze si\u0119 do nich przygotowa\u0107? A z kt\u00f3rych zrezygnowa\u0107? Obejrzyj webinar!\",\"breadcrumb\":{\"@id\":\"https:\\\/\\\/ettagoglobal.com\\\/pl\\\/produkt\\\/webinar-angazujace-spotkania-online-jak-je-prowadzic\\\/#breadcrumb\"},\"inLanguage\":\"pl-PL\",\"potentialAction\":[{\"@type\":\"ReadAction\",\"target\":[\"https:\\\/\\\/ettagoglobal.com\\\/pl\\\/produkt\\\/webinar-angazujace-spotkania-online-jak-je-prowadzic\\\/\"]}]},{\"@type\":\"ImageObject\",\"inLanguage\":\"pl-PL\",\"@id\":\"https:\\\/\\\/ettagoglobal.com\\\/pl\\\/produkt\\\/webinar-angazujace-spotkania-online-jak-je-prowadzic\\\/#primaryimage\",\"url\":\"https:\\\/\\\/ettagoglobal.com\\\/wp-content\\\/uploads\\\/2022\\\/03\\\/webinar-etta-angazujace-spotkania-online.png\",\"contentUrl\":\"https:\\\/\\\/ettagoglobal.com\\\/wp-content\\\/uploads\\\/2022\\\/03\\\/webinar-etta-angazujace-spotkania-online.png\",\"width\":1080,\"height\":1080},{\"@type\":\"BreadcrumbList\",\"@id\":\"https:\\\/\\\/ettagoglobal.com\\\/pl\\\/produkt\\\/webinar-angazujace-spotkania-online-jak-je-prowadzic\\\/#breadcrumb\",\"itemListElement\":[{\"@type\":\"ListItem\",\"position\":1,\"name\":\"Strona g\u0142\u00f3wna\",\"item\":\"https:\\\/\\\/ettagoglobal.com\\\/pl\\\/home-2\\\/\"},{\"@type\":\"ListItem\",\"position\":2,\"name\":\"Sklep\",\"item\":\"https:\\\/\\\/ettagoglobal.com\\\/pl\\\/sklep\\\/\"},{\"@type\":\"ListItem\",\"position\":3,\"name\":\"WEBINAR: Anga\u017cuj\u0105ce spotkania online. Jak je prowadzi\u0107?\"}]},{\"@type\":\"WebSite\",\"@id\":\"https:\\\/\\\/ettagoglobal.com\\\/#website\",\"url\":\"https:\\\/\\\/ettagoglobal.com\\\/\",\"name\":\"ETTA\",\"description\":\"Global Connections. Let&#039;s do it bETTA!\",\"potentialAction\":[{\"@type\":\"SearchAction\",\"target\":{\"@type\":\"EntryPoint\",\"urlTemplate\":\"https:\\\/\\\/ettagoglobal.com\\\/?s={search_term_string}\"},\"query-input\":{\"@type\":\"PropertyValueSpecification\",\"valueRequired\":true,\"valueName\":\"search_term_string\"}}],\"inLanguage\":\"pl-PL\"}]}<\/script>\n<!-- \/ Yoast SEO plugin. -->","yoast_head_json":{"title":"WEBINAR: Anga\u017cuj\u0105ce spotkania online. Jak je prowadzi\u0107? - ETTA","description":"Jak prowadzi\u0107 anga\u017cuj\u0105ce spotkania online? W jaki spos\u00f3b dobrze si\u0119 do nich przygotowa\u0107? A z kt\u00f3rych zrezygnowa\u0107? Obejrzyj webinar!","robots":{"index":"index","follow":"follow","max-snippet":"max-snippet:-1","max-image-preview":"max-image-preview:large","max-video-preview":"max-video-preview:-1"},"canonical":"https:\/\/ettagoglobal.com\/pl\/produkt\/webinar-angazujace-spotkania-online-jak-je-prowadzic\/","og_locale":"pl_PL","og_type":"article","og_title":"WEBINAR: Anga\u017cuj\u0105ce spotkania online. Jak je prowadzi\u0107? - ETTA","og_description":"Jak prowadzi\u0107 anga\u017cuj\u0105ce spotkania online? W jaki spos\u00f3b dobrze si\u0119 do nich przygotowa\u0107? A z kt\u00f3rych zrezygnowa\u0107? Obejrzyj webinar!","og_url":"https:\/\/ettagoglobal.com\/pl\/produkt\/webinar-angazujace-spotkania-online-jak-je-prowadzic\/","og_site_name":"ETTA","article_modified_time":"2023-03-30T13:42:02+00:00","og_image":[{"width":1080,"height":1080,"url":"https:\/\/ettagoglobal.com\/wp-content\/uploads\/2022\/03\/webinar-etta-angazujace-spotkania-online.png","type":"image\/png"}],"twitter_card":"summary_large_image","schema":{"@context":"https:\/\/schema.org","@graph":[{"@type":"WebPage","@id":"https:\/\/ettagoglobal.com\/pl\/produkt\/webinar-angazujace-spotkania-online-jak-je-prowadzic\/","url":"https:\/\/ettagoglobal.com\/pl\/produkt\/webinar-angazujace-spotkania-online-jak-je-prowadzic\/","name":"WEBINAR: Anga\u017cuj\u0105ce spotkania online. Jak je prowadzi\u0107? - ETTA","isPartOf":{"@id":"https:\/\/ettagoglobal.com\/#website"},"primaryImageOfPage":{"@id":"https:\/\/ettagoglobal.com\/pl\/produkt\/webinar-angazujace-spotkania-online-jak-je-prowadzic\/#primaryimage"},"image":{"@id":"https:\/\/ettagoglobal.com\/pl\/produkt\/webinar-angazujace-spotkania-online-jak-je-prowadzic\/#primaryimage"},"thumbnailUrl":"https:\/\/ettagoglobal.com\/wp-content\/uploads\/2022\/03\/webinar-etta-angazujace-spotkania-online.png","datePublished":"2022-03-15T08:57:46+00:00","dateModified":"2023-03-30T13:42:02+00:00","description":"Jak prowadzi\u0107 anga\u017cuj\u0105ce spotkania online? W jaki spos\u00f3b dobrze si\u0119 do nich przygotowa\u0107? A z kt\u00f3rych zrezygnowa\u0107? Obejrzyj webinar!","breadcrumb":{"@id":"https:\/\/ettagoglobal.com\/pl\/produkt\/webinar-angazujace-spotkania-online-jak-je-prowadzic\/#breadcrumb"},"inLanguage":"pl-PL","potentialAction":[{"@type":"ReadAction","target":["https:\/\/ettagoglobal.com\/pl\/produkt\/webinar-angazujace-spotkania-online-jak-je-prowadzic\/"]}]},{"@type":"ImageObject","inLanguage":"pl-PL","@id":"https:\/\/ettagoglobal.com\/pl\/produkt\/webinar-angazujace-spotkania-online-jak-je-prowadzic\/#primaryimage","url":"https:\/\/ettagoglobal.com\/wp-content\/uploads\/2022\/03\/webinar-etta-angazujace-spotkania-online.png","contentUrl":"https:\/\/ettagoglobal.com\/wp-content\/uploads\/2022\/03\/webinar-etta-angazujace-spotkania-online.png","width":1080,"height":1080},{"@type":"BreadcrumbList","@id":"https:\/\/ettagoglobal.com\/pl\/produkt\/webinar-angazujace-spotkania-online-jak-je-prowadzic\/#breadcrumb","itemListElement":[{"@type":"ListItem","position":1,"name":"Strona g\u0142\u00f3wna","item":"https:\/\/ettagoglobal.com\/pl\/home-2\/"},{"@type":"ListItem","position":2,"name":"Sklep","item":"https:\/\/ettagoglobal.com\/pl\/sklep\/"},{"@type":"ListItem","position":3,"name":"WEBINAR: Anga\u017cuj\u0105ce spotkania online. Jak je prowadzi\u0107?"}]},{"@type":"WebSite","@id":"https:\/\/ettagoglobal.com\/#website","url":"https:\/\/ettagoglobal.com\/","name":"ETTA","description":"Global Connections. Let&#039;s do it bETTA!","potentialAction":[{"@type":"SearchAction","target":{"@type":"EntryPoint","urlTemplate":"https:\/\/ettagoglobal.com\/?s={search_term_string}"},"query-input":{"@type":"PropertyValueSpecification","valueRequired":true,"valueName":"search_term_string"}}],"inLanguage":"pl-PL"}]}},"tiered_pricing_type":"fixed","tiered_pricing_fixed_rules":[],"tiered_pricing_product_settings":{"layout":"default","base_unit_name":{"singular":null,"plural":null},"default_variation":null},"tiered_pricing_minimum_quantity":null,"tiered_pricing_roles_data":[],"tiered_pricing_percentage_rules":[],"_links":{"self":[{"href":"https:\/\/ettagoglobal.com\/pl\/wp-json\/wp\/v2\/product\/1760","targetHints":{"allow":["GET"]}}],"collection":[{"href":"https:\/\/ettagoglobal.com\/pl\/wp-json\/wp\/v2\/product"}],"about":[{"href":"https:\/\/ettagoglobal.com\/pl\/wp-json\/wp\/v2\/types\/product"}],"wp:featuredmedia":[{"embeddable":true,"href":"https:\/\/ettagoglobal.com\/pl\/wp-json\/wp\/v2\/media\/2017"}],"wp:attachment":[{"href":"https:\/\/ettagoglobal.com\/pl\/wp-json\/wp\/v2\/media?parent=1760"}],"wp:term":[{"taxonomy":"product_brand","embeddable":true,"href":"https:\/\/ettagoglobal.com\/pl\/wp-json\/wp\/v2\/product_brand?post=1760"},{"taxonomy":"product_cat","embeddable":true,"href":"https:\/\/ettagoglobal.com\/pl\/wp-json\/wp\/v2\/product_cat?post=1760"},{"taxonomy":"product_tag","embeddable":true,"href":"https:\/\/ettagoglobal.com\/pl\/wp-json\/wp\/v2\/product_tag?post=1760"}],"curies":[{"name":"wp","href":"https:\/\/api.w.org\/{rel}","templated":true}]}}