{"id":1755,"date":"2022-03-15T08:57:45","date_gmt":"2022-03-15T08:57:45","guid":{"rendered":"https:\/\/flamboyant-cerf.46-242-130-188.plesk.page\/?post_type=product&#038;p=1755"},"modified":"2023-03-30T13:44:23","modified_gmt":"2023-03-30T13:44:23","slug":"webinar-kreatywnosc-online-jak-o-nia-zadbac-w-wirtualnym-zespole","status":"publish","type":"product","link":"https:\/\/ettagoglobal.com\/pl\/produkt\/webinar-kreatywnosc-online-jak-o-nia-zadbac-w-wirtualnym-zespole\/","title":{"rendered":"WEBINAR: Kreatywno\u015b\u0107 online &#8211; jak o ni\u0105 zadba\u0107 w wirtualnym zespole?"},"content":{"rendered":"<hr \/>\n<p>&nbsp;<\/p>\n","protected":false},"excerpt":{"rendered":"<p>Nagranie webinaru <strong>Kreatywno\u015b\u0107 online &#8211; jak o ni\u0105 zadba\u0107 w wirtualnym zespole?<\/strong>, kt\u00f3ry odby\u0142 si\u0119 na \u017cywo 15 pa\u017adziernika 2020 r. i by\u0142 prowadzony przez Monik\u0119 Chutnik.<\/p>\n<p>Webinar skierowany jest do os\u00f3b do pracownik\u00f3w Dzia\u0142\u00f3w HR i Lider\u00f3w wirtualnych zespo\u0142\u00f3w. Opr\u00f3cz tre\u015bci merytorycznych na ko\u0144cu nagrania znajdziesz sesj\u0119 pyta\u0144 i odpowiedzi.<\/p>\n<p>Kupuj\u0105c webinar otrzymujesz <strong>bezterminowy dost\u0119p<\/strong> do nagrania, <strong>prezentacj\u0119<\/strong> oraz <strong>notatk\u0119 graficzn\u0105<\/strong>.<\/p>\n<hr \/>\n<h3><\/h3>\n<h3><strong>Czego dowiesz si\u0119 po obejrzeniu webinaru?<\/strong><\/h3>\n<p>&nbsp;<\/p>\n<div class=\"o9v6fnle cxmmr5t8 oygrvhab hcukyx3x c1et5uql\">\n<div class=\"o9v6fnle cxmmr5t8 oygrvhab hcukyx3x c1et5uql\">\ud83d\udfe1\u00a0 Kiedy i gdzie potrzebujemy kreatywno\u015bci w biznesie?<\/div>\n<div class=\"o9v6fnle cxmmr5t8 oygrvhab hcukyx3x c1et5uql\">\ud83d\udfe1\u00a0 Co to w\u0142a\u015bciwie jest kreatywno\u015b\u0107? &#8211; czy wiemy o czym m\u00f3wimy i czego si\u0119 spodziewamy?<\/div>\n<div class=\"o9v6fnle cxmmr5t8 oygrvhab hcukyx3x c1et5uql\">\ud83d\udfe1\u00a0 Jakie parametry ma kreatywno\u015b\u0107? Czy mo\u017cna j\u0105 zmierzy\u0107?<\/div>\n<div class=\"o9v6fnle cxmmr5t8 oygrvhab hcukyx3x c1et5uql\">\ud83d\udfe1\u00a0 Kreatywno\u015b\u0107 mo\u017cna \u201crozgrzewa\u0107\u201d &#8211; rozgrzewki kreatywne<\/div>\n<div class=\"o9v6fnle cxmmr5t8 oygrvhab hcukyx3x c1et5uql\"><span class=\"pq6dq46d tbxw36s4 knj5qynh kvgmc6g5 ditlmg2l oygrvhab nvdbi5me sf5mxxl7 gl3lb2sf hhz5lgdu\">\ud83d\udfe1\u00a0 <\/span>Burza m\u00f3zg\u00f3w online &#8211; jak j\u0105 prowadzi\u0107? Zasady burzy m\u00f3zg\u00f3w online. Typowe b\u0142\u0119dy przy burzy m\u00f3zg\u00f3w jako technice kreatywnego tworzenia rozwi\u0105za\u0144.<\/div>\n<\/div>\n<div><\/div>\n<hr \/>\n<p>Webinar prowadzi\u0142a<strong> Monika Chutnik,<\/strong> kt\u00f3ra o sobie m\u00f3wi: Pomagam ludziom, zespo\u0142om i organizacjom rozwija\u0107 swoje kompetencje zarz\u0105dzania i wsp\u00f3\u0142pracy tak, by lepiej radzili sobie w wirtualnym \u015brodowisku biznesu. Moje obszary pracy to rozw\u00f3j m\u0105drych lider\u00f3w, mi\u0119dzykulturowe zarz\u0105dzanie, wirtualna mi\u0119dzynarodowa wsp\u00f3\u0142praca na co dzie\u0144.<\/p>\n<hr \/>\n<p>&nbsp;<\/p>\n","protected":false},"featured_media":1957,"template":"","meta":{"_acf_changed":false,"_links_to":"","_links_to_target":""},"product_brand":[],"product_cat":[46,47],"product_tag":[],"class_list":{"0":"post-1755","1":"product","2":"type-product","3":"status-publish","4":"has-post-thumbnail","6":"product_cat-human-centred-leadership","7":"product_cat-kompetencje-przyszlosci","9":"first","10":"instock","11":"downloadable","12":"virtual","13":"taxable","14":"purchasable","15":"product-type-simple"},"acf":[],"yoast_head":"<!-- This site is optimized with the Yoast SEO plugin v27.3 - https:\/\/yoast.com\/product\/yoast-seo-wordpress\/ -->\n<title>WEBINAR: Kreatywno\u015b\u0107 online - jak o ni\u0105 zadba\u0107 w wirtualnym zespole?<\/title>\n<meta name=\"description\" content=\"Czy kreatywno\u015b\u0107 ma prawo dzia\u0142a\u0107 online? Jak o ni\u0105 zadba\u0107 w wirtualnym zespole? Jakich narz\u0119dzie u\u017cy\u0107 i jak poprowadzi\u0107 spotkanie?\" \/>\n<meta name=\"robots\" content=\"index, follow, max-snippet:-1, max-image-preview:large, max-video-preview:-1\" \/>\n<link rel=\"canonical\" href=\"https:\/\/ettagoglobal.com\/pl\/produkt\/webinar-kreatywnosc-online-jak-o-nia-zadbac-w-wirtualnym-zespole\/\" \/>\n<meta property=\"og:locale\" content=\"pl_PL\" \/>\n<meta property=\"og:type\" content=\"article\" \/>\n<meta property=\"og:title\" content=\"WEBINAR: Kreatywno\u015b\u0107 online - jak o ni\u0105 zadba\u0107 w wirtualnym zespole?\" \/>\n<meta property=\"og:description\" content=\"Czy kreatywno\u015b\u0107 ma prawo dzia\u0142a\u0107 online? Jak o ni\u0105 zadba\u0107 w wirtualnym zespole? Jakich narz\u0119dzie u\u017cy\u0107 i jak poprowadzi\u0107 spotkanie?\" \/>\n<meta property=\"og:url\" content=\"https:\/\/ettagoglobal.com\/pl\/produkt\/webinar-kreatywnosc-online-jak-o-nia-zadbac-w-wirtualnym-zespole\/\" \/>\n<meta property=\"og:site_name\" content=\"ETTA\" \/>\n<meta property=\"article:modified_time\" content=\"2023-03-30T13:44:23+00:00\" \/>\n<meta property=\"og:image\" content=\"https:\/\/ettagoglobal.com\/wp-content\/uploads\/2022\/03\/WEBINAR-Kreatywnosc-online-jak-o-nia-zadbac-w-wirtualnym-zespole-okladka.png\" \/>\n\t<meta property=\"og:image:width\" content=\"1080\" \/>\n\t<meta property=\"og:image:height\" content=\"1080\" \/>\n\t<meta property=\"og:image:type\" content=\"image\/png\" \/>\n<meta name=\"twitter:card\" content=\"summary_large_image\" \/>\n<script type=\"application\/ld+json\" class=\"yoast-schema-graph\">{\"@context\":\"https:\\\/\\\/schema.org\",\"@graph\":[{\"@type\":\"WebPage\",\"@id\":\"https:\\\/\\\/ettagoglobal.com\\\/pl\\\/produkt\\\/webinar-kreatywnosc-online-jak-o-nia-zadbac-w-wirtualnym-zespole\\\/\",\"url\":\"https:\\\/\\\/ettagoglobal.com\\\/pl\\\/produkt\\\/webinar-kreatywnosc-online-jak-o-nia-zadbac-w-wirtualnym-zespole\\\/\",\"name\":\"WEBINAR: Kreatywno\u015b\u0107 online - jak o ni\u0105 zadba\u0107 w wirtualnym zespole?\",\"isPartOf\":{\"@id\":\"https:\\\/\\\/ettagoglobal.com\\\/#website\"},\"primaryImageOfPage\":{\"@id\":\"https:\\\/\\\/ettagoglobal.com\\\/pl\\\/produkt\\\/webinar-kreatywnosc-online-jak-o-nia-zadbac-w-wirtualnym-zespole\\\/#primaryimage\"},\"image\":{\"@id\":\"https:\\\/\\\/ettagoglobal.com\\\/pl\\\/produkt\\\/webinar-kreatywnosc-online-jak-o-nia-zadbac-w-wirtualnym-zespole\\\/#primaryimage\"},\"thumbnailUrl\":\"https:\\\/\\\/ettagoglobal.com\\\/wp-content\\\/uploads\\\/2022\\\/03\\\/WEBINAR-Kreatywnosc-online-jak-o-nia-zadbac-w-wirtualnym-zespole-okladka.png\",\"datePublished\":\"2022-03-15T08:57:45+00:00\",\"dateModified\":\"2023-03-30T13:44:23+00:00\",\"description\":\"Czy kreatywno\u015b\u0107 ma prawo dzia\u0142a\u0107 online? Jak o ni\u0105 zadba\u0107 w wirtualnym zespole? Jakich narz\u0119dzie u\u017cy\u0107 i jak poprowadzi\u0107 spotkanie?\",\"breadcrumb\":{\"@id\":\"https:\\\/\\\/ettagoglobal.com\\\/pl\\\/produkt\\\/webinar-kreatywnosc-online-jak-o-nia-zadbac-w-wirtualnym-zespole\\\/#breadcrumb\"},\"inLanguage\":\"pl-PL\",\"potentialAction\":[{\"@type\":\"ReadAction\",\"target\":[\"https:\\\/\\\/ettagoglobal.com\\\/pl\\\/produkt\\\/webinar-kreatywnosc-online-jak-o-nia-zadbac-w-wirtualnym-zespole\\\/\"]}]},{\"@type\":\"ImageObject\",\"inLanguage\":\"pl-PL\",\"@id\":\"https:\\\/\\\/ettagoglobal.com\\\/pl\\\/produkt\\\/webinar-kreatywnosc-online-jak-o-nia-zadbac-w-wirtualnym-zespole\\\/#primaryimage\",\"url\":\"https:\\\/\\\/ettagoglobal.com\\\/wp-content\\\/uploads\\\/2022\\\/03\\\/WEBINAR-Kreatywnosc-online-jak-o-nia-zadbac-w-wirtualnym-zespole-okladka.png\",\"contentUrl\":\"https:\\\/\\\/ettagoglobal.com\\\/wp-content\\\/uploads\\\/2022\\\/03\\\/WEBINAR-Kreatywnosc-online-jak-o-nia-zadbac-w-wirtualnym-zespole-okladka.png\",\"width\":1080,\"height\":1080},{\"@type\":\"BreadcrumbList\",\"@id\":\"https:\\\/\\\/ettagoglobal.com\\\/pl\\\/produkt\\\/webinar-kreatywnosc-online-jak-o-nia-zadbac-w-wirtualnym-zespole\\\/#breadcrumb\",\"itemListElement\":[{\"@type\":\"ListItem\",\"position\":1,\"name\":\"Strona g\u0142\u00f3wna\",\"item\":\"https:\\\/\\\/ettagoglobal.com\\\/pl\\\/home-2\\\/\"},{\"@type\":\"ListItem\",\"position\":2,\"name\":\"Sklep\",\"item\":\"https:\\\/\\\/ettagoglobal.com\\\/pl\\\/sklep\\\/\"},{\"@type\":\"ListItem\",\"position\":3,\"name\":\"WEBINAR: Kreatywno\u015b\u0107 online &#8211; jak o ni\u0105 zadba\u0107 w wirtualnym zespole?\"}]},{\"@type\":\"WebSite\",\"@id\":\"https:\\\/\\\/ettagoglobal.com\\\/#website\",\"url\":\"https:\\\/\\\/ettagoglobal.com\\\/\",\"name\":\"ETTA\",\"description\":\"Global Connections. Let&#039;s do it bETTA!\",\"potentialAction\":[{\"@type\":\"SearchAction\",\"target\":{\"@type\":\"EntryPoint\",\"urlTemplate\":\"https:\\\/\\\/ettagoglobal.com\\\/?s={search_term_string}\"},\"query-input\":{\"@type\":\"PropertyValueSpecification\",\"valueRequired\":true,\"valueName\":\"search_term_string\"}}],\"inLanguage\":\"pl-PL\"}]}<\/script>\n<!-- \/ Yoast SEO plugin. -->","yoast_head_json":{"title":"WEBINAR: Kreatywno\u015b\u0107 online - jak o ni\u0105 zadba\u0107 w wirtualnym zespole?","description":"Czy kreatywno\u015b\u0107 ma prawo dzia\u0142a\u0107 online? Jak o ni\u0105 zadba\u0107 w wirtualnym zespole? Jakich narz\u0119dzie u\u017cy\u0107 i jak poprowadzi\u0107 spotkanie?","robots":{"index":"index","follow":"follow","max-snippet":"max-snippet:-1","max-image-preview":"max-image-preview:large","max-video-preview":"max-video-preview:-1"},"canonical":"https:\/\/ettagoglobal.com\/pl\/produkt\/webinar-kreatywnosc-online-jak-o-nia-zadbac-w-wirtualnym-zespole\/","og_locale":"pl_PL","og_type":"article","og_title":"WEBINAR: Kreatywno\u015b\u0107 online - jak o ni\u0105 zadba\u0107 w wirtualnym zespole?","og_description":"Czy kreatywno\u015b\u0107 ma prawo dzia\u0142a\u0107 online? Jak o ni\u0105 zadba\u0107 w wirtualnym zespole? Jakich narz\u0119dzie u\u017cy\u0107 i jak poprowadzi\u0107 spotkanie?","og_url":"https:\/\/ettagoglobal.com\/pl\/produkt\/webinar-kreatywnosc-online-jak-o-nia-zadbac-w-wirtualnym-zespole\/","og_site_name":"ETTA","article_modified_time":"2023-03-30T13:44:23+00:00","og_image":[{"width":1080,"height":1080,"url":"https:\/\/ettagoglobal.com\/wp-content\/uploads\/2022\/03\/WEBINAR-Kreatywnosc-online-jak-o-nia-zadbac-w-wirtualnym-zespole-okladka.png","type":"image\/png"}],"twitter_card":"summary_large_image","schema":{"@context":"https:\/\/schema.org","@graph":[{"@type":"WebPage","@id":"https:\/\/ettagoglobal.com\/pl\/produkt\/webinar-kreatywnosc-online-jak-o-nia-zadbac-w-wirtualnym-zespole\/","url":"https:\/\/ettagoglobal.com\/pl\/produkt\/webinar-kreatywnosc-online-jak-o-nia-zadbac-w-wirtualnym-zespole\/","name":"WEBINAR: Kreatywno\u015b\u0107 online - jak o ni\u0105 zadba\u0107 w wirtualnym zespole?","isPartOf":{"@id":"https:\/\/ettagoglobal.com\/#website"},"primaryImageOfPage":{"@id":"https:\/\/ettagoglobal.com\/pl\/produkt\/webinar-kreatywnosc-online-jak-o-nia-zadbac-w-wirtualnym-zespole\/#primaryimage"},"image":{"@id":"https:\/\/ettagoglobal.com\/pl\/produkt\/webinar-kreatywnosc-online-jak-o-nia-zadbac-w-wirtualnym-zespole\/#primaryimage"},"thumbnailUrl":"https:\/\/ettagoglobal.com\/wp-content\/uploads\/2022\/03\/WEBINAR-Kreatywnosc-online-jak-o-nia-zadbac-w-wirtualnym-zespole-okladka.png","datePublished":"2022-03-15T08:57:45+00:00","dateModified":"2023-03-30T13:44:23+00:00","description":"Czy kreatywno\u015b\u0107 ma prawo dzia\u0142a\u0107 online? Jak o ni\u0105 zadba\u0107 w wirtualnym zespole? Jakich narz\u0119dzie u\u017cy\u0107 i jak poprowadzi\u0107 spotkanie?","breadcrumb":{"@id":"https:\/\/ettagoglobal.com\/pl\/produkt\/webinar-kreatywnosc-online-jak-o-nia-zadbac-w-wirtualnym-zespole\/#breadcrumb"},"inLanguage":"pl-PL","potentialAction":[{"@type":"ReadAction","target":["https:\/\/ettagoglobal.com\/pl\/produkt\/webinar-kreatywnosc-online-jak-o-nia-zadbac-w-wirtualnym-zespole\/"]}]},{"@type":"ImageObject","inLanguage":"pl-PL","@id":"https:\/\/ettagoglobal.com\/pl\/produkt\/webinar-kreatywnosc-online-jak-o-nia-zadbac-w-wirtualnym-zespole\/#primaryimage","url":"https:\/\/ettagoglobal.com\/wp-content\/uploads\/2022\/03\/WEBINAR-Kreatywnosc-online-jak-o-nia-zadbac-w-wirtualnym-zespole-okladka.png","contentUrl":"https:\/\/ettagoglobal.com\/wp-content\/uploads\/2022\/03\/WEBINAR-Kreatywnosc-online-jak-o-nia-zadbac-w-wirtualnym-zespole-okladka.png","width":1080,"height":1080},{"@type":"BreadcrumbList","@id":"https:\/\/ettagoglobal.com\/pl\/produkt\/webinar-kreatywnosc-online-jak-o-nia-zadbac-w-wirtualnym-zespole\/#breadcrumb","itemListElement":[{"@type":"ListItem","position":1,"name":"Strona g\u0142\u00f3wna","item":"https:\/\/ettagoglobal.com\/pl\/home-2\/"},{"@type":"ListItem","position":2,"name":"Sklep","item":"https:\/\/ettagoglobal.com\/pl\/sklep\/"},{"@type":"ListItem","position":3,"name":"WEBINAR: Kreatywno\u015b\u0107 online &#8211; jak o ni\u0105 zadba\u0107 w wirtualnym zespole?"}]},{"@type":"WebSite","@id":"https:\/\/ettagoglobal.com\/#website","url":"https:\/\/ettagoglobal.com\/","name":"ETTA","description":"Global Connections. Let&#039;s do it bETTA!","potentialAction":[{"@type":"SearchAction","target":{"@type":"EntryPoint","urlTemplate":"https:\/\/ettagoglobal.com\/?s={search_term_string}"},"query-input":{"@type":"PropertyValueSpecification","valueRequired":true,"valueName":"search_term_string"}}],"inLanguage":"pl-PL"}]}},"tiered_pricing_type":"fixed","tiered_pricing_fixed_rules":[],"tiered_pricing_product_settings":{"layout":"default","base_unit_name":{"singular":null,"plural":null},"default_variation":null},"tiered_pricing_minimum_quantity":null,"tiered_pricing_roles_data":[],"tiered_pricing_percentage_rules":[],"_links":{"self":[{"href":"https:\/\/ettagoglobal.com\/pl\/wp-json\/wp\/v2\/product\/1755","targetHints":{"allow":["GET"]}}],"collection":[{"href":"https:\/\/ettagoglobal.com\/pl\/wp-json\/wp\/v2\/product"}],"about":[{"href":"https:\/\/ettagoglobal.com\/pl\/wp-json\/wp\/v2\/types\/product"}],"wp:featuredmedia":[{"embeddable":true,"href":"https:\/\/ettagoglobal.com\/pl\/wp-json\/wp\/v2\/media\/1957"}],"wp:attachment":[{"href":"https:\/\/ettagoglobal.com\/pl\/wp-json\/wp\/v2\/media?parent=1755"}],"wp:term":[{"taxonomy":"product_brand","embeddable":true,"href":"https:\/\/ettagoglobal.com\/pl\/wp-json\/wp\/v2\/product_brand?post=1755"},{"taxonomy":"product_cat","embeddable":true,"href":"https:\/\/ettagoglobal.com\/pl\/wp-json\/wp\/v2\/product_cat?post=1755"},{"taxonomy":"product_tag","embeddable":true,"href":"https:\/\/ettagoglobal.com\/pl\/wp-json\/wp\/v2\/product_tag?post=1755"}],"curies":[{"name":"wp","href":"https:\/\/api.w.org\/{rel}","templated":true}]}}