{"id":1753,"date":"2022-03-15T08:57:45","date_gmt":"2022-03-15T08:57:45","guid":{"rendered":"https:\/\/flamboyant-cerf.46-242-130-188.plesk.page\/?post_type=product&#038;p=1753"},"modified":"2022-09-09T10:54:45","modified_gmt":"2022-09-09T10:54:45","slug":"webinar-wirtualny-one-to-one-dzwignia-efektywnosci-i-zaangazowania","status":"publish","type":"product","link":"https:\/\/ettagoglobal.com\/pl\/produkt\/webinar-wirtualny-one-to-one-dzwignia-efektywnosci-i-zaangazowania\/","title":{"rendered":"WEBINAR: Wirtualny one to one &#8211; d\u017awignia efektywno\u015bci i zaanga\u017cowania"},"content":{"rendered":"<hr \/>\n<p>&nbsp;<\/p>\n","protected":false},"excerpt":{"rendered":"<p>Nagranie webinaru, kt\u00f3ry odby\u0142 si\u0119 na \u017cywo 30 wrze\u015bnia 2020 r. i by\u0142 prowadzony przez Monik\u0119 Chutnik.<\/p>\n<p>Webinar skierowany jest do os\u00f3b do pracownik\u00f3w Dzia\u0142\u00f3w HR i Lider\u00f3w wirtualnych zespo\u0142\u00f3w. Opr\u00f3cz tre\u015bci merytorycznych na ko\u0144cu nagrania znajdziesz sesj\u0119 pyta\u0144 i odpowiedzi.<\/p>\n<p>Kupuj\u0105c webinar otrzymujesz <strong>bezterminowy dost\u0119p<\/strong> do nagrania, <strong>prezentacj\u0119<\/strong> oraz <strong>notatk\u0119 graficzn\u0105<\/strong>.<\/p>\n<p>&nbsp;<\/p>\n<hr \/>\n<h3><strong>Czego dowiesz si\u0119 po obejrzeniu webinaru?<\/strong><\/h3>\n<div class=\"o9v6fnle cxmmr5t8 oygrvhab hcukyx3x c1et5uql\"><span class=\"q9uorilb tbxw36s4 knj5qynh kvgmc6g5 ditlmg2l oygrvhab nvdbi5me fgm26odu gl3lb2sf hhz5lgdu\">\ud83d\udfe1\u00a0 Kto zyskuje na one to one&#8217;ach? Jaki u\u017cytek ze spotka\u0144 one to one robi\u0105 liderzy i cz\u0142onkowie zespo\u0142\u00f3w?<\/span><\/div>\n<div class=\"o9v6fnle cxmmr5t8 oygrvhab hcukyx3x c1et5uql\"><span class=\"q9uorilb tbxw36s4 knj5qynh kvgmc6g5 ditlmg2l oygrvhab nvdbi5me fgm26odu gl3lb2sf hhz5lgdu\">\ud83d\udfe1\u00a0 Technikalia i rekomendacje: jak d\u0142ugo, jak cz\u0119sto, jakie tre\u015bci warto umie\u015bci\u0107 na spotkaniu one to one?<\/span><\/div>\n<div class=\"o9v6fnle cxmmr5t8 oygrvhab hcukyx3x c1et5uql\"><span class=\"q9uorilb tbxw36s4 knj5qynh kvgmc6g5 ditlmg2l oygrvhab nvdbi5me fgm26odu gl3lb2sf hhz5lgdu\">\ud83d\udfe1\u00a0 Trzy najbardziej u\u017cyteczne pytania na wirtualne one to one&#8217;y<\/span><\/div>\n<div class=\"o9v6fnle cxmmr5t8 oygrvhab hcukyx3x c1et5uql\"><span class=\"q9uorilb tbxw36s4 knj5qynh kvgmc6g5 ditlmg2l oygrvhab nvdbi5me fgm26odu gl3lb2sf hhz5lgdu\">\ud83d\udfe1\u00a0 A co gdyby nie robi\u0107 one to one&#8217;\u00f3w? Co si\u0119 dzieje gdy rezygnujesz ze spotka\u0144 1:1<\/span><\/div>\n<div class=\"o9v6fnle cxmmr5t8 oygrvhab hcukyx3x c1et5uql\"><span class=\"q9uorilb tbxw36s4 knj5qynh kvgmc6g5 ditlmg2l oygrvhab nvdbi5me fgm26odu gl3lb2sf hhz5lgdu\">\ud83d\udfe1\u00a0 A co gdy&#8230; pojawi\u0105 si\u0119 emocje???<\/span><\/div>\n<div class=\"o9v6fnle cxmmr5t8 oygrvhab hcukyx3x c1et5uql\"><span class=\"q9uorilb tbxw36s4 knj5qynh kvgmc6g5 ditlmg2l oygrvhab nvdbi5me fgm26odu gl3lb2sf hhz5lgdu\">\ud83d\udfe1\u00a0 Jak za pomoc\u0105 spotka\u0144 one to one do budowa\u0107 zaanga\u017cowanie w wirtualnym zespole?<\/span><\/div>\n<div><\/div>\n<hr \/>\n<p>Webinar prowadzi\u0142a<strong> Monika Chutnik,<\/strong> kt\u00f3ra o sobie m\u00f3wi: Pomagam ludziom, zespo\u0142om i organizacjom rozwija\u0107 swoje kompetencje zarz\u0105dzania i wsp\u00f3\u0142pracy tak, by lepiej radzili sobie w wirtualnym \u015brodowisku biznesu. Moje obszary pracy to rozw\u00f3j m\u0105drych lider\u00f3w, mi\u0119dzykulturowe zarz\u0105dzanie, wirtualna mi\u0119dzynarodowa wsp\u00f3\u0142praca na co dzie\u0144.<\/p>\n<hr \/>\n<p>&nbsp;<\/p>\n","protected":false},"featured_media":1943,"template":"","meta":{"_acf_changed":false,"_links_to":"","_links_to_target":""},"product_brand":[],"product_cat":[46],"product_tag":[],"class_list":{"0":"post-1753","1":"product","2":"type-product","3":"status-publish","4":"has-post-thumbnail","6":"product_cat-human-centred-leadership","8":"first","9":"instock","10":"downloadable","11":"virtual","12":"taxable","13":"purchasable","14":"product-type-simple"},"acf":[],"yoast_head":"<!-- This site is optimized with the Yoast SEO plugin v27.3 - https:\/\/yoast.com\/product\/yoast-seo-wordpress\/ -->\n<title>WEBINAR: Wirtualny one to one - d\u017awignia efektywno\u015bci i zaanga\u017cowania - ETTA<\/title>\n<meta name=\"description\" content=\"Wirtualny one to one, czyli spotkanie pracownika i lidera 1:1, to d\u017awignia efektywno\u015bci i zaanga\u017cowania. Jak je prowadzi\u0107?\" \/>\n<meta name=\"robots\" content=\"index, follow, max-snippet:-1, max-image-preview:large, max-video-preview:-1\" \/>\n<link rel=\"canonical\" href=\"https:\/\/ettagoglobal.com\/pl\/produkt\/webinar-wirtualny-one-to-one-dzwignia-efektywnosci-i-zaangazowania\/\" \/>\n<meta property=\"og:locale\" content=\"pl_PL\" \/>\n<meta property=\"og:type\" content=\"article\" \/>\n<meta property=\"og:title\" content=\"WEBINAR: Wirtualny one to one - d\u017awignia efektywno\u015bci i zaanga\u017cowania - ETTA\" \/>\n<meta property=\"og:description\" content=\"Wirtualny one to one, czyli spotkanie pracownika i lidera 1:1, to d\u017awignia efektywno\u015bci i zaanga\u017cowania. Jak je prowadzi\u0107?\" \/>\n<meta property=\"og:url\" content=\"https:\/\/ettagoglobal.com\/pl\/produkt\/webinar-wirtualny-one-to-one-dzwignia-efektywnosci-i-zaangazowania\/\" \/>\n<meta property=\"og:site_name\" content=\"ETTA\" \/>\n<meta property=\"article:modified_time\" content=\"2022-09-09T10:54:45+00:00\" \/>\n<meta property=\"og:image\" content=\"https:\/\/ettagoglobal.com\/wp-content\/uploads\/2022\/03\/Webinar-ETTA-Wirtualny-1_1_okladka.png\" \/>\n\t<meta property=\"og:image:width\" content=\"1080\" \/>\n\t<meta property=\"og:image:height\" content=\"1080\" \/>\n\t<meta property=\"og:image:type\" content=\"image\/png\" \/>\n<meta name=\"twitter:card\" content=\"summary_large_image\" \/>\n<script type=\"application\/ld+json\" class=\"yoast-schema-graph\">{\"@context\":\"https:\\\/\\\/schema.org\",\"@graph\":[{\"@type\":\"WebPage\",\"@id\":\"https:\\\/\\\/ettagoglobal.com\\\/pl\\\/produkt\\\/webinar-wirtualny-one-to-one-dzwignia-efektywnosci-i-zaangazowania\\\/\",\"url\":\"https:\\\/\\\/ettagoglobal.com\\\/pl\\\/produkt\\\/webinar-wirtualny-one-to-one-dzwignia-efektywnosci-i-zaangazowania\\\/\",\"name\":\"WEBINAR: Wirtualny one to one - d\u017awignia efektywno\u015bci i zaanga\u017cowania - ETTA\",\"isPartOf\":{\"@id\":\"https:\\\/\\\/ettagoglobal.com\\\/#website\"},\"primaryImageOfPage\":{\"@id\":\"https:\\\/\\\/ettagoglobal.com\\\/pl\\\/produkt\\\/webinar-wirtualny-one-to-one-dzwignia-efektywnosci-i-zaangazowania\\\/#primaryimage\"},\"image\":{\"@id\":\"https:\\\/\\\/ettagoglobal.com\\\/pl\\\/produkt\\\/webinar-wirtualny-one-to-one-dzwignia-efektywnosci-i-zaangazowania\\\/#primaryimage\"},\"thumbnailUrl\":\"https:\\\/\\\/ettagoglobal.com\\\/wp-content\\\/uploads\\\/2022\\\/03\\\/Webinar-ETTA-Wirtualny-1_1_okladka.png\",\"datePublished\":\"2022-03-15T08:57:45+00:00\",\"dateModified\":\"2022-09-09T10:54:45+00:00\",\"description\":\"Wirtualny one to one, czyli spotkanie pracownika i lidera 1:1, to d\u017awignia efektywno\u015bci i zaanga\u017cowania. Jak je prowadzi\u0107?\",\"breadcrumb\":{\"@id\":\"https:\\\/\\\/ettagoglobal.com\\\/pl\\\/produkt\\\/webinar-wirtualny-one-to-one-dzwignia-efektywnosci-i-zaangazowania\\\/#breadcrumb\"},\"inLanguage\":\"pl-PL\",\"potentialAction\":[{\"@type\":\"ReadAction\",\"target\":[\"https:\\\/\\\/ettagoglobal.com\\\/pl\\\/produkt\\\/webinar-wirtualny-one-to-one-dzwignia-efektywnosci-i-zaangazowania\\\/\"]}]},{\"@type\":\"ImageObject\",\"inLanguage\":\"pl-PL\",\"@id\":\"https:\\\/\\\/ettagoglobal.com\\\/pl\\\/produkt\\\/webinar-wirtualny-one-to-one-dzwignia-efektywnosci-i-zaangazowania\\\/#primaryimage\",\"url\":\"https:\\\/\\\/ettagoglobal.com\\\/wp-content\\\/uploads\\\/2022\\\/03\\\/Webinar-ETTA-Wirtualny-1_1_okladka.png\",\"contentUrl\":\"https:\\\/\\\/ettagoglobal.com\\\/wp-content\\\/uploads\\\/2022\\\/03\\\/Webinar-ETTA-Wirtualny-1_1_okladka.png\",\"width\":1080,\"height\":1080},{\"@type\":\"BreadcrumbList\",\"@id\":\"https:\\\/\\\/ettagoglobal.com\\\/pl\\\/produkt\\\/webinar-wirtualny-one-to-one-dzwignia-efektywnosci-i-zaangazowania\\\/#breadcrumb\",\"itemListElement\":[{\"@type\":\"ListItem\",\"position\":1,\"name\":\"Strona g\u0142\u00f3wna\",\"item\":\"https:\\\/\\\/ettagoglobal.com\\\/pl\\\/home-2\\\/\"},{\"@type\":\"ListItem\",\"position\":2,\"name\":\"Sklep\",\"item\":\"https:\\\/\\\/ettagoglobal.com\\\/pl\\\/sklep\\\/\"},{\"@type\":\"ListItem\",\"position\":3,\"name\":\"WEBINAR: Wirtualny one to one &#8211; d\u017awignia efektywno\u015bci i zaanga\u017cowania\"}]},{\"@type\":\"WebSite\",\"@id\":\"https:\\\/\\\/ettagoglobal.com\\\/#website\",\"url\":\"https:\\\/\\\/ettagoglobal.com\\\/\",\"name\":\"ETTA\",\"description\":\"Global Connections. Let&#039;s do it bETTA!\",\"potentialAction\":[{\"@type\":\"SearchAction\",\"target\":{\"@type\":\"EntryPoint\",\"urlTemplate\":\"https:\\\/\\\/ettagoglobal.com\\\/?s={search_term_string}\"},\"query-input\":{\"@type\":\"PropertyValueSpecification\",\"valueRequired\":true,\"valueName\":\"search_term_string\"}}],\"inLanguage\":\"pl-PL\"}]}<\/script>\n<!-- \/ Yoast SEO plugin. -->","yoast_head_json":{"title":"WEBINAR: Wirtualny one to one - d\u017awignia efektywno\u015bci i zaanga\u017cowania - ETTA","description":"Wirtualny one to one, czyli spotkanie pracownika i lidera 1:1, to d\u017awignia efektywno\u015bci i zaanga\u017cowania. Jak je prowadzi\u0107?","robots":{"index":"index","follow":"follow","max-snippet":"max-snippet:-1","max-image-preview":"max-image-preview:large","max-video-preview":"max-video-preview:-1"},"canonical":"https:\/\/ettagoglobal.com\/pl\/produkt\/webinar-wirtualny-one-to-one-dzwignia-efektywnosci-i-zaangazowania\/","og_locale":"pl_PL","og_type":"article","og_title":"WEBINAR: Wirtualny one to one - d\u017awignia efektywno\u015bci i zaanga\u017cowania - ETTA","og_description":"Wirtualny one to one, czyli spotkanie pracownika i lidera 1:1, to d\u017awignia efektywno\u015bci i zaanga\u017cowania. Jak je prowadzi\u0107?","og_url":"https:\/\/ettagoglobal.com\/pl\/produkt\/webinar-wirtualny-one-to-one-dzwignia-efektywnosci-i-zaangazowania\/","og_site_name":"ETTA","article_modified_time":"2022-09-09T10:54:45+00:00","og_image":[{"width":1080,"height":1080,"url":"https:\/\/ettagoglobal.com\/wp-content\/uploads\/2022\/03\/Webinar-ETTA-Wirtualny-1_1_okladka.png","type":"image\/png"}],"twitter_card":"summary_large_image","schema":{"@context":"https:\/\/schema.org","@graph":[{"@type":"WebPage","@id":"https:\/\/ettagoglobal.com\/pl\/produkt\/webinar-wirtualny-one-to-one-dzwignia-efektywnosci-i-zaangazowania\/","url":"https:\/\/ettagoglobal.com\/pl\/produkt\/webinar-wirtualny-one-to-one-dzwignia-efektywnosci-i-zaangazowania\/","name":"WEBINAR: Wirtualny one to one - d\u017awignia efektywno\u015bci i zaanga\u017cowania - ETTA","isPartOf":{"@id":"https:\/\/ettagoglobal.com\/#website"},"primaryImageOfPage":{"@id":"https:\/\/ettagoglobal.com\/pl\/produkt\/webinar-wirtualny-one-to-one-dzwignia-efektywnosci-i-zaangazowania\/#primaryimage"},"image":{"@id":"https:\/\/ettagoglobal.com\/pl\/produkt\/webinar-wirtualny-one-to-one-dzwignia-efektywnosci-i-zaangazowania\/#primaryimage"},"thumbnailUrl":"https:\/\/ettagoglobal.com\/wp-content\/uploads\/2022\/03\/Webinar-ETTA-Wirtualny-1_1_okladka.png","datePublished":"2022-03-15T08:57:45+00:00","dateModified":"2022-09-09T10:54:45+00:00","description":"Wirtualny one to one, czyli spotkanie pracownika i lidera 1:1, to d\u017awignia efektywno\u015bci i zaanga\u017cowania. Jak je prowadzi\u0107?","breadcrumb":{"@id":"https:\/\/ettagoglobal.com\/pl\/produkt\/webinar-wirtualny-one-to-one-dzwignia-efektywnosci-i-zaangazowania\/#breadcrumb"},"inLanguage":"pl-PL","potentialAction":[{"@type":"ReadAction","target":["https:\/\/ettagoglobal.com\/pl\/produkt\/webinar-wirtualny-one-to-one-dzwignia-efektywnosci-i-zaangazowania\/"]}]},{"@type":"ImageObject","inLanguage":"pl-PL","@id":"https:\/\/ettagoglobal.com\/pl\/produkt\/webinar-wirtualny-one-to-one-dzwignia-efektywnosci-i-zaangazowania\/#primaryimage","url":"https:\/\/ettagoglobal.com\/wp-content\/uploads\/2022\/03\/Webinar-ETTA-Wirtualny-1_1_okladka.png","contentUrl":"https:\/\/ettagoglobal.com\/wp-content\/uploads\/2022\/03\/Webinar-ETTA-Wirtualny-1_1_okladka.png","width":1080,"height":1080},{"@type":"BreadcrumbList","@id":"https:\/\/ettagoglobal.com\/pl\/produkt\/webinar-wirtualny-one-to-one-dzwignia-efektywnosci-i-zaangazowania\/#breadcrumb","itemListElement":[{"@type":"ListItem","position":1,"name":"Strona g\u0142\u00f3wna","item":"https:\/\/ettagoglobal.com\/pl\/home-2\/"},{"@type":"ListItem","position":2,"name":"Sklep","item":"https:\/\/ettagoglobal.com\/pl\/sklep\/"},{"@type":"ListItem","position":3,"name":"WEBINAR: Wirtualny one to one &#8211; d\u017awignia efektywno\u015bci i zaanga\u017cowania"}]},{"@type":"WebSite","@id":"https:\/\/ettagoglobal.com\/#website","url":"https:\/\/ettagoglobal.com\/","name":"ETTA","description":"Global Connections. Let&#039;s do it bETTA!","potentialAction":[{"@type":"SearchAction","target":{"@type":"EntryPoint","urlTemplate":"https:\/\/ettagoglobal.com\/?s={search_term_string}"},"query-input":{"@type":"PropertyValueSpecification","valueRequired":true,"valueName":"search_term_string"}}],"inLanguage":"pl-PL"}]}},"tiered_pricing_type":"fixed","tiered_pricing_fixed_rules":[],"tiered_pricing_product_settings":{"layout":"default","base_unit_name":{"singular":null,"plural":null},"default_variation":null},"tiered_pricing_minimum_quantity":null,"tiered_pricing_roles_data":[],"tiered_pricing_percentage_rules":[],"_links":{"self":[{"href":"https:\/\/ettagoglobal.com\/pl\/wp-json\/wp\/v2\/product\/1753","targetHints":{"allow":["GET"]}}],"collection":[{"href":"https:\/\/ettagoglobal.com\/pl\/wp-json\/wp\/v2\/product"}],"about":[{"href":"https:\/\/ettagoglobal.com\/pl\/wp-json\/wp\/v2\/types\/product"}],"wp:featuredmedia":[{"embeddable":true,"href":"https:\/\/ettagoglobal.com\/pl\/wp-json\/wp\/v2\/media\/1943"}],"wp:attachment":[{"href":"https:\/\/ettagoglobal.com\/pl\/wp-json\/wp\/v2\/media?parent=1753"}],"wp:term":[{"taxonomy":"product_brand","embeddable":true,"href":"https:\/\/ettagoglobal.com\/pl\/wp-json\/wp\/v2\/product_brand?post=1753"},{"taxonomy":"product_cat","embeddable":true,"href":"https:\/\/ettagoglobal.com\/pl\/wp-json\/wp\/v2\/product_cat?post=1753"},{"taxonomy":"product_tag","embeddable":true,"href":"https:\/\/ettagoglobal.com\/pl\/wp-json\/wp\/v2\/product_tag?post=1753"}],"curies":[{"name":"wp","href":"https:\/\/api.w.org\/{rel}","templated":true}]}}