{"id":1751,"date":"2022-03-15T08:57:45","date_gmt":"2022-03-15T08:57:45","guid":{"rendered":"https:\/\/flamboyant-cerf.46-242-130-188.plesk.page\/?post_type=product&#038;p=1751"},"modified":"2022-09-09T10:54:33","modified_gmt":"2022-09-09T10:54:33","slug":"webinar-wirtualny-onboarding-jak-budowac-relacje-i-zaangazowanie","status":"publish","type":"product","link":"https:\/\/ettagoglobal.com\/pl\/produkt\/webinar-wirtualny-onboarding-jak-budowac-relacje-i-zaangazowanie\/","title":{"rendered":"WEBINAR: Wirtualny onboarding &#8211; jak budowa\u0107 relacje i zaanga\u017cowanie"},"content":{"rendered":"<h1>WEBINAR: Wirtualny onboarding &#8211; jak budowa\u0107 relacje i&nbsp;zaanga\u017cowanie<\/h1>\n<div class=\"kvgmc6g5 cxmmr5t8 oygrvhab hcukyx3x c1et5uql\"><span class=\"q9uorilb tbxw36s4 knj5qynh kvgmc6g5 ditlmg2l oygrvhab nvdbi5me fgm26odu gl3lb2sf hhz5lgdu\"><img decoding=\"async\" src=\"https:\/\/static.xx.fbcdn.net\/images\/emoji.php\/v9\/t9\/1.5\/16\/1f3af.png\" alt=\"\ud83c\udfaf\" width=\"16\" height=\"16\" \/><\/span>\u00a0<strong>CEL WEBINARU<\/strong><\/div>\n<div><\/div>\n<div class=\"o9v6fnle cxmmr5t8 oygrvhab hcukyx3x c1et5uql\">Poznanie najwa\u017cniejszych element\u00f3w wirtualnego onboardingu pracownik\u00f3w i&nbsp;przygotowanie do&nbsp;ich wdro\u017cenia w&nbsp;praktyce<\/div>\n<p>&nbsp;<\/p>\n<p><strong>Czego dowiesz si\u0119 po&nbsp;obejrzeniu webinaru?<\/strong><\/p>\n<p>&nbsp;<\/p>\n<div class=\"o9v6fnle cxmmr5t8 oygrvhab hcukyx3x c1et5uql\"><span class=\"q9uorilb tbxw36s4 knj5qynh kvgmc6g5 ditlmg2l oygrvhab nvdbi5me fgm26odu gl3lb2sf hhz5lgdu\"><img decoding=\"async\" src=\"https:\/\/static.xx.fbcdn.net\/images\/emoji.php\/v9\/t4c\/1.5\/16\/1f539.png\" alt=\"\ud83d\udd39\" width=\"16\" height=\"16\" \/><\/span> Onboarding\u00a0\u2013 po&nbsp;co w&nbsp;og\u00f3le? <strong>Cele onboardingu<\/strong> w&nbsp;organizacjach<\/div>\n<div><\/div>\n<div class=\"o9v6fnle cxmmr5t8 oygrvhab hcukyx3x c1et5uql\"><span class=\"q9uorilb tbxw36s4 knj5qynh kvgmc6g5 ditlmg2l oygrvhab nvdbi5me fgm26odu gl3lb2sf hhz5lgdu\"><img decoding=\"async\" src=\"https:\/\/static.xx.fbcdn.net\/images\/emoji.php\/v9\/t4c\/1.5\/16\/1f539.png\" alt=\"\ud83d\udd39\" width=\"16\" height=\"16\" \/><\/span> <strong>R\u00f3\u017cnice<\/strong> mi\u0119dzy onboardingiem stacjonarnym i\u00a0online\u00a0\u2013 na&nbsp;co warto zwr\u00f3ci\u0107 uwag\u0119<\/div>\n<div><\/div>\n<div class=\"o9v6fnle cxmmr5t8 oygrvhab hcukyx3x c1et5uql\"><span class=\"q9uorilb tbxw36s4 knj5qynh kvgmc6g5 ditlmg2l oygrvhab nvdbi5me fgm26odu gl3lb2sf hhz5lgdu\"><img decoding=\"async\" src=\"https:\/\/static.xx.fbcdn.net\/images\/emoji.php\/v9\/t4c\/1.5\/16\/1f539.png\" alt=\"\ud83d\udd39\" width=\"16\" height=\"16\" \/><\/span> <strong>Dobre praktyki<\/strong> \u2013 jak budowa\u0107\u00a0zaanga\u017cowanie\u00a0nowych pracownik\u00f3w w&nbsp;\u015brodowisku wirtualnym<\/div>\n<div><\/div>\n<div class=\"o9v6fnle cxmmr5t8 oygrvhab hcukyx3x c1et5uql\"><span class=\"q9uorilb tbxw36s4 knj5qynh kvgmc6g5 ditlmg2l oygrvhab nvdbi5me fgm26odu gl3lb2sf hhz5lgdu\"><img decoding=\"async\" src=\"https:\/\/static.xx.fbcdn.net\/images\/emoji.php\/v9\/t4c\/1.5\/16\/1f539.png\" alt=\"\ud83d\udd39\" width=\"16\" height=\"16\" \/><\/span><strong> Budowanie relacji i&nbsp;integracja\u00a0zespo\u0142u<\/strong> \u2013 co zrobi\u0107, \u017ceby wirtualny pracownik nie by\u0142 samotn\u0105 wysp\u0105?<\/div>\n<div><\/div>\n<div><\/div>\n<div>Polecamy r\u00f3wnie\u017c webinar <a href=\"https:\/\/ettaconsult.pl\/produkt\/webinar-kryzys-zaufania-w-wirtualnych-zespolach\/\"><strong>Kryzys zaufania w&nbsp;wirtualnych zespo\u0142ach.\u00a0<\/strong><\/a><\/div>\n<p>&nbsp;<\/p>\n","protected":false},"excerpt":{"rendered":"<p>Nagranie webinaru, kt\u00f3ry odby\u0142 si\u0119 na \u017cywo 3 wrze\u015bnia 2020 r. i by\u0142 prowadzony przez Katarzyn\u0119 Romanowicz.<\/p>\n<p>Webinar skierowany jest do os\u00f3b odpowiedzialnych za onboarding, pracownik\u00f3w Dzia\u0142\u00f3w HR i Lider\u00f3w wirtualnych zespo\u0142\u00f3w. Opr\u00f3cz tre\u015bci merytorycznych na ko\u0144cu nagrania znajdziesz sesj\u0119 pyta\u0144 i odpowiedzi.<\/p>\n<p>Kupuj\u0105c webinar otrzymujesz <strong>bezterminowy dost\u0119p<\/strong> do nagrania, <strong>prezentacj\u0119<\/strong> oraz <strong>notatk\u0119 graficzn\u0105<\/strong>.<\/p>\n<hr \/>\n<p>&nbsp;<\/p>\n<h3><strong>Czego dowiesz si\u0119 po obejrzeniu webinaru?<\/strong><\/h3>\n<p>&nbsp;<\/p>\n<div class=\"o9v6fnle cxmmr5t8 oygrvhab hcukyx3x c1et5uql\"><span class=\"q9uorilb tbxw36s4 knj5qynh kvgmc6g5 ditlmg2l oygrvhab nvdbi5me fgm26odu gl3lb2sf hhz5lgdu\"><img decoding=\"async\" src=\"https:\/\/static.xx.fbcdn.net\/images\/emoji.php\/v9\/t4c\/1.5\/16\/1f539.png\" alt=\"\ud83d\udd39\" width=\"16\" height=\"16\" \/><\/span> Onboarding\u00a0\u2013 po co w og\u00f3le? <strong>Cele onboardingu<\/strong> w organizacjach<\/div>\n<div><\/div>\n<div class=\"o9v6fnle cxmmr5t8 oygrvhab hcukyx3x c1et5uql\"><span class=\"q9uorilb tbxw36s4 knj5qynh kvgmc6g5 ditlmg2l oygrvhab nvdbi5me fgm26odu gl3lb2sf hhz5lgdu\"><img decoding=\"async\" src=\"https:\/\/static.xx.fbcdn.net\/images\/emoji.php\/v9\/t4c\/1.5\/16\/1f539.png\" alt=\"\ud83d\udd39\" width=\"16\" height=\"16\" \/><\/span> <strong>R\u00f3\u017cnice<\/strong> mi\u0119dzy onboardingiem stacjonarnym i\u00a0online\u00a0\u2013 na co warto zwr\u00f3ci\u0107 uwag\u0119<\/div>\n<div><\/div>\n<div class=\"o9v6fnle cxmmr5t8 oygrvhab hcukyx3x c1et5uql\"><span class=\"q9uorilb tbxw36s4 knj5qynh kvgmc6g5 ditlmg2l oygrvhab nvdbi5me fgm26odu gl3lb2sf hhz5lgdu\"><img decoding=\"async\" src=\"https:\/\/static.xx.fbcdn.net\/images\/emoji.php\/v9\/t4c\/1.5\/16\/1f539.png\" alt=\"\ud83d\udd39\" width=\"16\" height=\"16\" \/><\/span> <strong>Dobre praktyki<\/strong> \u2013 jak budowa\u0107\u00a0zaanga\u017cowanie\u00a0nowych pracownik\u00f3w w \u015brodowisku wirtualnym<\/div>\n<div><\/div>\n<div class=\"o9v6fnle cxmmr5t8 oygrvhab hcukyx3x c1et5uql\"><span class=\"q9uorilb tbxw36s4 knj5qynh kvgmc6g5 ditlmg2l oygrvhab nvdbi5me fgm26odu gl3lb2sf hhz5lgdu\"><img decoding=\"async\" src=\"https:\/\/static.xx.fbcdn.net\/images\/emoji.php\/v9\/t4c\/1.5\/16\/1f539.png\" alt=\"\ud83d\udd39\" width=\"16\" height=\"16\" \/><\/span><strong> Budowanie relacji i integracja\u00a0zespo\u0142u<\/strong> \u2013 co zrobi\u0107, \u017ceby wirtualny pracownik nie by\u0142 samotn\u0105 wysp\u0105?<\/div>\n<p>&nbsp;<\/p>\n<p>Webinar prowadzi\u0142a <strong>Katarzyna Romanowicz<\/strong>, kt\u00f3ra na co dzie\u0144 wspiera w rozwijaniu umiej\u0119tno\u015bci komunikacyjnych tych, kt\u00f3rzy cz\u0119sto preferuj\u0105 kontakt wirtualny: in\u017cynier\u00f3w i pracownik\u00f3w IT, dlatego \u015bwiat wirtualny i wyzwania z nim zwi\u0105zane s\u0105 jej dobrze znane. Ponadto wsp\u00f3\u0142pracuje z rozproszonymi zespo\u0142ami jako ich lider lub wsp\u00f3\u0142pracownik od 2005 roku.<\/p>\n","protected":false},"featured_media":1925,"template":"","meta":{"_acf_changed":false,"_links_to":"","_links_to_target":""},"product_brand":[],"product_cat":[46],"product_tag":[],"class_list":{"0":"post-1751","1":"product","2":"type-product","3":"status-publish","4":"has-post-thumbnail","6":"product_cat-human-centred-leadership","8":"first","9":"instock","10":"downloadable","11":"virtual","12":"taxable","13":"purchasable","14":"product-type-simple"},"acf":[],"yoast_head":"<!-- This site is optimized with the Yoast SEO plugin v27.3 - https:\/\/yoast.com\/product\/yoast-seo-wordpress\/ -->\n<title>WEBINAR: Wirtualny onboarding - jak budowa\u0107 relacje i zaanga\u017cowanie - ETTA<\/title>\n<meta name=\"robots\" content=\"index, follow, max-snippet:-1, max-image-preview:large, max-video-preview:-1\" \/>\n<link rel=\"canonical\" href=\"https:\/\/ettagoglobal.com\/pl\/produkt\/webinar-wirtualny-onboarding-jak-budowac-relacje-i-zaangazowanie\/\" \/>\n<meta property=\"og:locale\" content=\"pl_PL\" \/>\n<meta property=\"og:type\" content=\"article\" \/>\n<meta property=\"og:title\" content=\"WEBINAR: Wirtualny onboarding - jak budowa\u0107 relacje i zaanga\u017cowanie - ETTA\" \/>\n<meta property=\"og:description\" content=\"Nagranie webinaru, kt\u00f3ry odby\u0142 si\u0119 na \u017cywo 3 wrze\u015bnia 2020 r. i by\u0142 prowadzony przez Katarzyn\u0119 Romanowicz.  Webinar skierowany jest do os\u00f3b odpowiedzialnych za onboarding, pracownik\u00f3w Dzia\u0142\u00f3w HR i Lider\u00f3w wirtualnych zespo\u0142\u00f3w. Opr\u00f3cz tre\u015bci merytorycznych na ko\u0144cu nagrania znajdziesz sesj\u0119 pyta\u0144 i odpowiedzi.  Kupuj\u0105c webinar otrzymujesz bezterminowy dost\u0119p do nagrania, prezentacj\u0119 oraz notatk\u0119 graficzn\u0105.    &nbsp; Czego dowiesz si\u0119 po obejrzeniu webinaru? &nbsp;  Onboarding\u00a0\u2013 po co w og\u00f3le? Cele onboardingu w organizacjach   R\u00f3\u017cnice mi\u0119dzy onboardingiem stacjonarnym i\u00a0online\u00a0\u2013 na co warto zwr\u00f3ci\u0107 uwag\u0119   Dobre praktyki \u2013 jak budowa\u0107\u00a0zaanga\u017cowanie\u00a0nowych pracownik\u00f3w w \u015brodowisku wirtualnym   Budowanie relacji i integracja\u00a0zespo\u0142u \u2013 co zrobi\u0107, \u017ceby wirtualny pracownik nie by\u0142 samotn\u0105 wysp\u0105? &nbsp;  Webinar prowadzi\u0142a Katarzyna Romanowicz, kt\u00f3ra na co dzie\u0144 wspiera w rozwijaniu umiej\u0119tno\u015bci komunikacyjnych tych, kt\u00f3rzy cz\u0119sto preferuj\u0105 kontakt wirtualny: in\u017cynier\u00f3w i pracownik\u00f3w IT, dlatego \u015bwiat wirtualny i wyzwania z nim zwi\u0105zane s\u0105 jej dobrze znane. Ponadto wsp\u00f3\u0142pracuje z rozproszonymi zespo\u0142ami jako ich lider lub wsp\u00f3\u0142pracownik od 2005 roku.\" \/>\n<meta property=\"og:url\" content=\"https:\/\/ettagoglobal.com\/pl\/produkt\/webinar-wirtualny-onboarding-jak-budowac-relacje-i-zaangazowanie\/\" \/>\n<meta property=\"og:site_name\" content=\"ETTA\" \/>\n<meta property=\"article:modified_time\" content=\"2022-09-09T10:54:33+00:00\" \/>\n<meta property=\"og:image\" content=\"https:\/\/ettagoglobal.com\/wp-content\/uploads\/2022\/03\/webinar-etta-wirtualny-onboarding-jak-budowac-relacje-i-zaangazowanie.png\" \/>\n\t<meta property=\"og:image:width\" content=\"1080\" \/>\n\t<meta property=\"og:image:height\" content=\"1080\" \/>\n\t<meta property=\"og:image:type\" content=\"image\/png\" \/>\n<meta name=\"twitter:card\" content=\"summary_large_image\" \/>\n<script type=\"application\/ld+json\" class=\"yoast-schema-graph\">{\"@context\":\"https:\\\/\\\/schema.org\",\"@graph\":[{\"@type\":\"WebPage\",\"@id\":\"https:\\\/\\\/ettagoglobal.com\\\/pl\\\/produkt\\\/webinar-wirtualny-onboarding-jak-budowac-relacje-i-zaangazowanie\\\/\",\"url\":\"https:\\\/\\\/ettagoglobal.com\\\/pl\\\/produkt\\\/webinar-wirtualny-onboarding-jak-budowac-relacje-i-zaangazowanie\\\/\",\"name\":\"WEBINAR: Wirtualny onboarding - jak budowa\u0107 relacje i zaanga\u017cowanie - ETTA\",\"isPartOf\":{\"@id\":\"https:\\\/\\\/ettagoglobal.com\\\/#website\"},\"primaryImageOfPage\":{\"@id\":\"https:\\\/\\\/ettagoglobal.com\\\/pl\\\/produkt\\\/webinar-wirtualny-onboarding-jak-budowac-relacje-i-zaangazowanie\\\/#primaryimage\"},\"image\":{\"@id\":\"https:\\\/\\\/ettagoglobal.com\\\/pl\\\/produkt\\\/webinar-wirtualny-onboarding-jak-budowac-relacje-i-zaangazowanie\\\/#primaryimage\"},\"thumbnailUrl\":\"https:\\\/\\\/ettagoglobal.com\\\/wp-content\\\/uploads\\\/2022\\\/03\\\/webinar-etta-wirtualny-onboarding-jak-budowac-relacje-i-zaangazowanie.png\",\"datePublished\":\"2022-03-15T08:57:45+00:00\",\"dateModified\":\"2022-09-09T10:54:33+00:00\",\"breadcrumb\":{\"@id\":\"https:\\\/\\\/ettagoglobal.com\\\/pl\\\/produkt\\\/webinar-wirtualny-onboarding-jak-budowac-relacje-i-zaangazowanie\\\/#breadcrumb\"},\"inLanguage\":\"pl-PL\",\"potentialAction\":[{\"@type\":\"ReadAction\",\"target\":[\"https:\\\/\\\/ettagoglobal.com\\\/pl\\\/produkt\\\/webinar-wirtualny-onboarding-jak-budowac-relacje-i-zaangazowanie\\\/\"]}]},{\"@type\":\"ImageObject\",\"inLanguage\":\"pl-PL\",\"@id\":\"https:\\\/\\\/ettagoglobal.com\\\/pl\\\/produkt\\\/webinar-wirtualny-onboarding-jak-budowac-relacje-i-zaangazowanie\\\/#primaryimage\",\"url\":\"https:\\\/\\\/ettagoglobal.com\\\/wp-content\\\/uploads\\\/2022\\\/03\\\/webinar-etta-wirtualny-onboarding-jak-budowac-relacje-i-zaangazowanie.png\",\"contentUrl\":\"https:\\\/\\\/ettagoglobal.com\\\/wp-content\\\/uploads\\\/2022\\\/03\\\/webinar-etta-wirtualny-onboarding-jak-budowac-relacje-i-zaangazowanie.png\",\"width\":1080,\"height\":1080},{\"@type\":\"BreadcrumbList\",\"@id\":\"https:\\\/\\\/ettagoglobal.com\\\/pl\\\/produkt\\\/webinar-wirtualny-onboarding-jak-budowac-relacje-i-zaangazowanie\\\/#breadcrumb\",\"itemListElement\":[{\"@type\":\"ListItem\",\"position\":1,\"name\":\"Strona g\u0142\u00f3wna\",\"item\":\"https:\\\/\\\/ettagoglobal.com\\\/pl\\\/home-2\\\/\"},{\"@type\":\"ListItem\",\"position\":2,\"name\":\"Sklep\",\"item\":\"https:\\\/\\\/ettagoglobal.com\\\/pl\\\/sklep\\\/\"},{\"@type\":\"ListItem\",\"position\":3,\"name\":\"WEBINAR: Wirtualny onboarding &#8211; jak budowa\u0107 relacje i zaanga\u017cowanie\"}]},{\"@type\":\"WebSite\",\"@id\":\"https:\\\/\\\/ettagoglobal.com\\\/#website\",\"url\":\"https:\\\/\\\/ettagoglobal.com\\\/\",\"name\":\"ETTA\",\"description\":\"Global Connections. Let&#039;s do it bETTA!\",\"potentialAction\":[{\"@type\":\"SearchAction\",\"target\":{\"@type\":\"EntryPoint\",\"urlTemplate\":\"https:\\\/\\\/ettagoglobal.com\\\/?s={search_term_string}\"},\"query-input\":{\"@type\":\"PropertyValueSpecification\",\"valueRequired\":true,\"valueName\":\"search_term_string\"}}],\"inLanguage\":\"pl-PL\"}]}<\/script>\n<!-- \/ Yoast SEO plugin. -->","yoast_head_json":{"title":"WEBINAR: Wirtualny onboarding - jak budowa\u0107 relacje i zaanga\u017cowanie - ETTA","robots":{"index":"index","follow":"follow","max-snippet":"max-snippet:-1","max-image-preview":"max-image-preview:large","max-video-preview":"max-video-preview:-1"},"canonical":"https:\/\/ettagoglobal.com\/pl\/produkt\/webinar-wirtualny-onboarding-jak-budowac-relacje-i-zaangazowanie\/","og_locale":"pl_PL","og_type":"article","og_title":"WEBINAR: Wirtualny onboarding - jak budowa\u0107 relacje i zaanga\u017cowanie - ETTA","og_description":"Nagranie webinaru, kt\u00f3ry odby\u0142 si\u0119 na \u017cywo 3 wrze\u015bnia 2020 r. i by\u0142 prowadzony przez Katarzyn\u0119 Romanowicz.  Webinar skierowany jest do os\u00f3b odpowiedzialnych za onboarding, pracownik\u00f3w Dzia\u0142\u00f3w HR i Lider\u00f3w wirtualnych zespo\u0142\u00f3w. Opr\u00f3cz tre\u015bci merytorycznych na ko\u0144cu nagrania znajdziesz sesj\u0119 pyta\u0144 i odpowiedzi.  Kupuj\u0105c webinar otrzymujesz bezterminowy dost\u0119p do nagrania, prezentacj\u0119 oraz notatk\u0119 graficzn\u0105.    &nbsp; Czego dowiesz si\u0119 po obejrzeniu webinaru? &nbsp;  Onboarding\u00a0\u2013 po co w og\u00f3le? Cele onboardingu w organizacjach   R\u00f3\u017cnice mi\u0119dzy onboardingiem stacjonarnym i\u00a0online\u00a0\u2013 na co warto zwr\u00f3ci\u0107 uwag\u0119   Dobre praktyki \u2013 jak budowa\u0107\u00a0zaanga\u017cowanie\u00a0nowych pracownik\u00f3w w \u015brodowisku wirtualnym   Budowanie relacji i integracja\u00a0zespo\u0142u \u2013 co zrobi\u0107, \u017ceby wirtualny pracownik nie by\u0142 samotn\u0105 wysp\u0105? &nbsp;  Webinar prowadzi\u0142a Katarzyna Romanowicz, kt\u00f3ra na co dzie\u0144 wspiera w rozwijaniu umiej\u0119tno\u015bci komunikacyjnych tych, kt\u00f3rzy cz\u0119sto preferuj\u0105 kontakt wirtualny: in\u017cynier\u00f3w i pracownik\u00f3w IT, dlatego \u015bwiat wirtualny i wyzwania z nim zwi\u0105zane s\u0105 jej dobrze znane. Ponadto wsp\u00f3\u0142pracuje z rozproszonymi zespo\u0142ami jako ich lider lub wsp\u00f3\u0142pracownik od 2005 roku.","og_url":"https:\/\/ettagoglobal.com\/pl\/produkt\/webinar-wirtualny-onboarding-jak-budowac-relacje-i-zaangazowanie\/","og_site_name":"ETTA","article_modified_time":"2022-09-09T10:54:33+00:00","og_image":[{"width":1080,"height":1080,"url":"https:\/\/ettagoglobal.com\/wp-content\/uploads\/2022\/03\/webinar-etta-wirtualny-onboarding-jak-budowac-relacje-i-zaangazowanie.png","type":"image\/png"}],"twitter_card":"summary_large_image","schema":{"@context":"https:\/\/schema.org","@graph":[{"@type":"WebPage","@id":"https:\/\/ettagoglobal.com\/pl\/produkt\/webinar-wirtualny-onboarding-jak-budowac-relacje-i-zaangazowanie\/","url":"https:\/\/ettagoglobal.com\/pl\/produkt\/webinar-wirtualny-onboarding-jak-budowac-relacje-i-zaangazowanie\/","name":"WEBINAR: Wirtualny onboarding - jak budowa\u0107 relacje i zaanga\u017cowanie - ETTA","isPartOf":{"@id":"https:\/\/ettagoglobal.com\/#website"},"primaryImageOfPage":{"@id":"https:\/\/ettagoglobal.com\/pl\/produkt\/webinar-wirtualny-onboarding-jak-budowac-relacje-i-zaangazowanie\/#primaryimage"},"image":{"@id":"https:\/\/ettagoglobal.com\/pl\/produkt\/webinar-wirtualny-onboarding-jak-budowac-relacje-i-zaangazowanie\/#primaryimage"},"thumbnailUrl":"https:\/\/ettagoglobal.com\/wp-content\/uploads\/2022\/03\/webinar-etta-wirtualny-onboarding-jak-budowac-relacje-i-zaangazowanie.png","datePublished":"2022-03-15T08:57:45+00:00","dateModified":"2022-09-09T10:54:33+00:00","breadcrumb":{"@id":"https:\/\/ettagoglobal.com\/pl\/produkt\/webinar-wirtualny-onboarding-jak-budowac-relacje-i-zaangazowanie\/#breadcrumb"},"inLanguage":"pl-PL","potentialAction":[{"@type":"ReadAction","target":["https:\/\/ettagoglobal.com\/pl\/produkt\/webinar-wirtualny-onboarding-jak-budowac-relacje-i-zaangazowanie\/"]}]},{"@type":"ImageObject","inLanguage":"pl-PL","@id":"https:\/\/ettagoglobal.com\/pl\/produkt\/webinar-wirtualny-onboarding-jak-budowac-relacje-i-zaangazowanie\/#primaryimage","url":"https:\/\/ettagoglobal.com\/wp-content\/uploads\/2022\/03\/webinar-etta-wirtualny-onboarding-jak-budowac-relacje-i-zaangazowanie.png","contentUrl":"https:\/\/ettagoglobal.com\/wp-content\/uploads\/2022\/03\/webinar-etta-wirtualny-onboarding-jak-budowac-relacje-i-zaangazowanie.png","width":1080,"height":1080},{"@type":"BreadcrumbList","@id":"https:\/\/ettagoglobal.com\/pl\/produkt\/webinar-wirtualny-onboarding-jak-budowac-relacje-i-zaangazowanie\/#breadcrumb","itemListElement":[{"@type":"ListItem","position":1,"name":"Strona g\u0142\u00f3wna","item":"https:\/\/ettagoglobal.com\/pl\/home-2\/"},{"@type":"ListItem","position":2,"name":"Sklep","item":"https:\/\/ettagoglobal.com\/pl\/sklep\/"},{"@type":"ListItem","position":3,"name":"WEBINAR: Wirtualny onboarding &#8211; jak budowa\u0107 relacje i zaanga\u017cowanie"}]},{"@type":"WebSite","@id":"https:\/\/ettagoglobal.com\/#website","url":"https:\/\/ettagoglobal.com\/","name":"ETTA","description":"Global Connections. Let&#039;s do it bETTA!","potentialAction":[{"@type":"SearchAction","target":{"@type":"EntryPoint","urlTemplate":"https:\/\/ettagoglobal.com\/?s={search_term_string}"},"query-input":{"@type":"PropertyValueSpecification","valueRequired":true,"valueName":"search_term_string"}}],"inLanguage":"pl-PL"}]}},"tiered_pricing_type":"fixed","tiered_pricing_fixed_rules":[],"tiered_pricing_product_settings":{"layout":"default","base_unit_name":{"singular":null,"plural":null},"default_variation":null},"tiered_pricing_minimum_quantity":null,"tiered_pricing_roles_data":[],"tiered_pricing_percentage_rules":[],"_links":{"self":[{"href":"https:\/\/ettagoglobal.com\/pl\/wp-json\/wp\/v2\/product\/1751","targetHints":{"allow":["GET"]}}],"collection":[{"href":"https:\/\/ettagoglobal.com\/pl\/wp-json\/wp\/v2\/product"}],"about":[{"href":"https:\/\/ettagoglobal.com\/pl\/wp-json\/wp\/v2\/types\/product"}],"wp:featuredmedia":[{"embeddable":true,"href":"https:\/\/ettagoglobal.com\/pl\/wp-json\/wp\/v2\/media\/1925"}],"wp:attachment":[{"href":"https:\/\/ettagoglobal.com\/pl\/wp-json\/wp\/v2\/media?parent=1751"}],"wp:term":[{"taxonomy":"product_brand","embeddable":true,"href":"https:\/\/ettagoglobal.com\/pl\/wp-json\/wp\/v2\/product_brand?post=1751"},{"taxonomy":"product_cat","embeddable":true,"href":"https:\/\/ettagoglobal.com\/pl\/wp-json\/wp\/v2\/product_cat?post=1751"},{"taxonomy":"product_tag","embeddable":true,"href":"https:\/\/ettagoglobal.com\/pl\/wp-json\/wp\/v2\/product_tag?post=1751"}],"curies":[{"name":"wp","href":"https:\/\/api.w.org\/{rel}","templated":true}]}}