{"id":1750,"date":"2022-03-15T08:57:45","date_gmt":"2022-03-15T08:57:45","guid":{"rendered":"https:\/\/flamboyant-cerf.46-242-130-188.plesk.page\/?post_type=product&#038;p=1750"},"modified":"2022-09-09T10:54:23","modified_gmt":"2022-09-09T10:54:23","slug":"webinar-feedback-w-roznych-kulturach","status":"publish","type":"product","link":"https:\/\/ettagoglobal.com\/pl\/produkt\/webinar-feedback-w-roznych-kulturach\/","title":{"rendered":"WEBINAR: Feedback w r\u00f3\u017cnych kulturach"},"content":{"rendered":"<h1>WEBINAR: Feedback w&nbsp;r\u00f3\u017cnych kulturach &#8211; jak go przyjmowa\u0107 i&nbsp;udziela\u0107<\/h1>\n<p>&nbsp;<\/p>\n<p><strong>Czego dowiesz si\u0119 po&nbsp;obejrzeniu webinaru?<\/strong><\/p>\n<p>\ud83d\udde3 Feedback a&nbsp;m\u00f3wienie wprost \u2013 dwa r\u00f3\u017cne <strong>wymiary kultury<\/strong><\/p>\n<p>\ud83e\udd2f <strong>Przyjmowanie feedbacku<\/strong>: \u201ecios mi\u0119dzy oczy\u201d albo&nbsp;zawoalowany komunikat \u2013 z&nbsp;czym jest nam \u0142atwiej, z&nbsp;czym trudniej?<\/p>\n<p>\ud83d\udc73\u200d\u2640\ufe0f<strong> Zachowanie twarzy<\/strong> \u2013 w&nbsp;jakich kulturach jest szczeg\u00f3lnie wa\u017cne i&nbsp;jak wp\u0142ywa na&nbsp;spos\u00f3b udzielania feedbacku?<\/p>\n<p>\ud83c\udf0e<strong> Praktyczne wskaz\u00f3wki \u2013<\/strong> jak radzi\u0107 sobie z&nbsp;feedbackiem w&nbsp;wielokulturowym, wirtualnym \u015brodowisku (tre\u015b\u0107, kana\u0142, forma)<\/p>\n<p>&nbsp;<\/p>\n","protected":false},"excerpt":{"rendered":"<p>Nagranie webinaru, kt\u00f3ry odby\u0142 si\u0119 na \u017cywo 20 sierpnia 2020 r. i by\u0142 prowadzony przez Katarzyn\u0119 Romanowicz.<\/p>\n<p>Webinar skierowany jest do mened\u017cer\u00f3w i Team Lider\u00f3w mi\u0119dzynarodowych zespo\u0142\u00f3w oraz os\u00f3b pracuj\u0105cych w rozproszonych zespo\u0142ach z zagranicznymi partnerami.\u00a0Opr\u00f3cz tre\u015bci merytorycznych na ko\u0144cu nagrania znajdziesz sesj\u0119 pyta\u0144 i odpowiedzi.<\/p>\n<p>Kupuj\u0105c webinar otrzymujesz <strong>bezterminowy dost\u0119p<\/strong> do nagrania, <strong>prezentacj\u0119<\/strong> oraz <strong>notatk\u0119 graficzn\u0105<\/strong>.<\/p>\n<hr \/>\n<p>&nbsp;<\/p>\n<p><strong>Czego dowiesz si\u0119 po obejrzeniu webinaru?<\/strong><\/p>\n<p>\ud83d\udde3 Feedback a m\u00f3wienie wprost \u2013 dwa r\u00f3\u017cne <strong>wymiary kultury<\/strong><\/p>\n<p>\ud83e\udd2f <strong>Przyjmowanie feedbacku<\/strong>: \u201ecios mi\u0119dzy oczy\u201d albo zawoalowany komunikat \u2013 z czym jest nam \u0142atwiej, z czym trudniej?<\/p>\n<p>\ud83d\udc73\u200d\u2640\ufe0f<strong> Zachowanie twarzy<\/strong> \u2013 w jakich kulturach jest szczeg\u00f3lnie wa\u017cne i jak wp\u0142ywa na spos\u00f3b udzielania feedbacku?<\/p>\n<p>\ud83c\udf0e <strong>Praktyczne wskaz\u00f3wki<\/strong> \u2013 jak radzi\u0107 sobie z feedbackiem w wielokulturowym, wirtualnym \u015brodowisku (tre\u015b\u0107, kana\u0142, forma)<\/p>\n<p>&nbsp;<\/p>\n<p>Webinar prowadzi\u0142a <strong>Katarzyna Romanowicz<\/strong>, kt\u00f3ra na co dzie\u0144 wspiera w rozwijaniu umiej\u0119tno\u015bci komunikacyjnych tych, kt\u00f3rzy cz\u0119sto preferuj\u0105 kontakt wirtualny: in\u017cynier\u00f3w i pracownik\u00f3w IT, dlatego \u015bwiat wirtualny i wyzwania z nim zwi\u0105zane s\u0105 jej dobrze znane. Ponadto wsp\u00f3\u0142pracuje z rozproszonymi zespo\u0142ami jako ich lider lub wsp\u00f3\u0142pracownik od 2005 roku.<\/p>\n","protected":false},"featured_media":1911,"template":"","meta":{"_acf_changed":false,"_links_to":"","_links_to_target":""},"product_brand":[],"product_cat":[45],"product_tag":[],"class_list":{"0":"post-1750","1":"product","2":"type-product","3":"status-publish","4":"has-post-thumbnail","6":"product_cat-komunikacja-miedzykulturowa","8":"first","9":"instock","10":"downloadable","11":"virtual","12":"taxable","13":"purchasable","14":"product-type-simple"},"acf":[],"yoast_head":"<!-- This site is optimized with the Yoast SEO plugin v27.3 - https:\/\/yoast.com\/product\/yoast-seo-wordpress\/ -->\n<title>WEBINAR: Feedback w r\u00f3\u017cnych kulturach - ETTA<\/title>\n<meta name=\"robots\" content=\"index, follow, max-snippet:-1, max-image-preview:large, max-video-preview:-1\" \/>\n<link rel=\"canonical\" href=\"https:\/\/ettagoglobal.com\/pl\/produkt\/webinar-feedback-w-roznych-kulturach\/\" \/>\n<meta property=\"og:locale\" content=\"pl_PL\" \/>\n<meta property=\"og:type\" content=\"article\" \/>\n<meta property=\"og:title\" content=\"WEBINAR: Feedback w r\u00f3\u017cnych kulturach - ETTA\" \/>\n<meta property=\"og:description\" content=\"Nagranie webinaru, kt\u00f3ry odby\u0142 si\u0119 na \u017cywo 20 sierpnia 2020 r. i by\u0142 prowadzony przez Katarzyn\u0119 Romanowicz.  Webinar skierowany jest do mened\u017cer\u00f3w i Team Lider\u00f3w mi\u0119dzynarodowych zespo\u0142\u00f3w oraz os\u00f3b pracuj\u0105cych w rozproszonych zespo\u0142ach z zagranicznymi partnerami.\u00a0Opr\u00f3cz tre\u015bci merytorycznych na ko\u0144cu nagrania znajdziesz sesj\u0119 pyta\u0144 i odpowiedzi.  Kupuj\u0105c webinar otrzymujesz bezterminowy dost\u0119p do nagrania, prezentacj\u0119 oraz notatk\u0119 graficzn\u0105.    &nbsp;  Czego dowiesz si\u0119 po obejrzeniu webinaru?  \ud83d\udde3 Feedback a m\u00f3wienie wprost \u2013 dwa r\u00f3\u017cne wymiary kultury  \ud83e\udd2f Przyjmowanie feedbacku: \u201ecios mi\u0119dzy oczy\u201d albo zawoalowany komunikat \u2013 z czym jest nam \u0142atwiej, z czym trudniej?  \ud83d\udc73\u200d\u2640\ufe0f Zachowanie twarzy \u2013 w jakich kulturach jest szczeg\u00f3lnie wa\u017cne i jak wp\u0142ywa na spos\u00f3b udzielania feedbacku?  \ud83c\udf0e Praktyczne wskaz\u00f3wki \u2013 jak radzi\u0107 sobie z feedbackiem w wielokulturowym, wirtualnym \u015brodowisku (tre\u015b\u0107, kana\u0142, forma)  &nbsp;  Webinar prowadzi\u0142a Katarzyna Romanowicz, kt\u00f3ra na co dzie\u0144 wspiera w rozwijaniu umiej\u0119tno\u015bci komunikacyjnych tych, kt\u00f3rzy cz\u0119sto preferuj\u0105 kontakt wirtualny: in\u017cynier\u00f3w i pracownik\u00f3w IT, dlatego \u015bwiat wirtualny i wyzwania z nim zwi\u0105zane s\u0105 jej dobrze znane. Ponadto wsp\u00f3\u0142pracuje z rozproszonymi zespo\u0142ami jako ich lider lub wsp\u00f3\u0142pracownik od 2005 roku.\" \/>\n<meta property=\"og:url\" content=\"https:\/\/ettagoglobal.com\/pl\/produkt\/webinar-feedback-w-roznych-kulturach\/\" \/>\n<meta property=\"og:site_name\" content=\"ETTA\" \/>\n<meta property=\"article:modified_time\" content=\"2022-09-09T10:54:23+00:00\" \/>\n<meta property=\"og:image\" content=\"https:\/\/ettagoglobal.com\/wp-content\/uploads\/2022\/03\/webinar-etta-feedback-w-roznych-kulturach.png\" \/>\n\t<meta property=\"og:image:width\" content=\"1080\" \/>\n\t<meta property=\"og:image:height\" content=\"1080\" \/>\n\t<meta property=\"og:image:type\" content=\"image\/png\" \/>\n<meta name=\"twitter:card\" content=\"summary_large_image\" \/>\n<script type=\"application\/ld+json\" class=\"yoast-schema-graph\">{\"@context\":\"https:\\\/\\\/schema.org\",\"@graph\":[{\"@type\":\"WebPage\",\"@id\":\"https:\\\/\\\/ettagoglobal.com\\\/pl\\\/produkt\\\/webinar-feedback-w-roznych-kulturach\\\/\",\"url\":\"https:\\\/\\\/ettagoglobal.com\\\/pl\\\/produkt\\\/webinar-feedback-w-roznych-kulturach\\\/\",\"name\":\"WEBINAR: Feedback w r\u00f3\u017cnych kulturach - ETTA\",\"isPartOf\":{\"@id\":\"https:\\\/\\\/ettagoglobal.com\\\/#website\"},\"primaryImageOfPage\":{\"@id\":\"https:\\\/\\\/ettagoglobal.com\\\/pl\\\/produkt\\\/webinar-feedback-w-roznych-kulturach\\\/#primaryimage\"},\"image\":{\"@id\":\"https:\\\/\\\/ettagoglobal.com\\\/pl\\\/produkt\\\/webinar-feedback-w-roznych-kulturach\\\/#primaryimage\"},\"thumbnailUrl\":\"https:\\\/\\\/ettagoglobal.com\\\/wp-content\\\/uploads\\\/2022\\\/03\\\/webinar-etta-feedback-w-roznych-kulturach.png\",\"datePublished\":\"2022-03-15T08:57:45+00:00\",\"dateModified\":\"2022-09-09T10:54:23+00:00\",\"breadcrumb\":{\"@id\":\"https:\\\/\\\/ettagoglobal.com\\\/pl\\\/produkt\\\/webinar-feedback-w-roznych-kulturach\\\/#breadcrumb\"},\"inLanguage\":\"pl-PL\",\"potentialAction\":[{\"@type\":\"ReadAction\",\"target\":[\"https:\\\/\\\/ettagoglobal.com\\\/pl\\\/produkt\\\/webinar-feedback-w-roznych-kulturach\\\/\"]}]},{\"@type\":\"ImageObject\",\"inLanguage\":\"pl-PL\",\"@id\":\"https:\\\/\\\/ettagoglobal.com\\\/pl\\\/produkt\\\/webinar-feedback-w-roznych-kulturach\\\/#primaryimage\",\"url\":\"https:\\\/\\\/ettagoglobal.com\\\/wp-content\\\/uploads\\\/2022\\\/03\\\/webinar-etta-feedback-w-roznych-kulturach.png\",\"contentUrl\":\"https:\\\/\\\/ettagoglobal.com\\\/wp-content\\\/uploads\\\/2022\\\/03\\\/webinar-etta-feedback-w-roznych-kulturach.png\",\"width\":1080,\"height\":1080},{\"@type\":\"BreadcrumbList\",\"@id\":\"https:\\\/\\\/ettagoglobal.com\\\/pl\\\/produkt\\\/webinar-feedback-w-roznych-kulturach\\\/#breadcrumb\",\"itemListElement\":[{\"@type\":\"ListItem\",\"position\":1,\"name\":\"Strona g\u0142\u00f3wna\",\"item\":\"https:\\\/\\\/ettagoglobal.com\\\/pl\\\/home-2\\\/\"},{\"@type\":\"ListItem\",\"position\":2,\"name\":\"Sklep\",\"item\":\"https:\\\/\\\/ettagoglobal.com\\\/pl\\\/sklep\\\/\"},{\"@type\":\"ListItem\",\"position\":3,\"name\":\"WEBINAR: Feedback w r\u00f3\u017cnych kulturach\"}]},{\"@type\":\"WebSite\",\"@id\":\"https:\\\/\\\/ettagoglobal.com\\\/#website\",\"url\":\"https:\\\/\\\/ettagoglobal.com\\\/\",\"name\":\"ETTA\",\"description\":\"Global Connections. Let&#039;s do it bETTA!\",\"potentialAction\":[{\"@type\":\"SearchAction\",\"target\":{\"@type\":\"EntryPoint\",\"urlTemplate\":\"https:\\\/\\\/ettagoglobal.com\\\/?s={search_term_string}\"},\"query-input\":{\"@type\":\"PropertyValueSpecification\",\"valueRequired\":true,\"valueName\":\"search_term_string\"}}],\"inLanguage\":\"pl-PL\"}]}<\/script>\n<!-- \/ Yoast SEO plugin. -->","yoast_head_json":{"title":"WEBINAR: Feedback w r\u00f3\u017cnych kulturach - ETTA","robots":{"index":"index","follow":"follow","max-snippet":"max-snippet:-1","max-image-preview":"max-image-preview:large","max-video-preview":"max-video-preview:-1"},"canonical":"https:\/\/ettagoglobal.com\/pl\/produkt\/webinar-feedback-w-roznych-kulturach\/","og_locale":"pl_PL","og_type":"article","og_title":"WEBINAR: Feedback w r\u00f3\u017cnych kulturach - ETTA","og_description":"Nagranie webinaru, kt\u00f3ry odby\u0142 si\u0119 na \u017cywo 20 sierpnia 2020 r. i by\u0142 prowadzony przez Katarzyn\u0119 Romanowicz.  Webinar skierowany jest do mened\u017cer\u00f3w i Team Lider\u00f3w mi\u0119dzynarodowych zespo\u0142\u00f3w oraz os\u00f3b pracuj\u0105cych w rozproszonych zespo\u0142ach z zagranicznymi partnerami.\u00a0Opr\u00f3cz tre\u015bci merytorycznych na ko\u0144cu nagrania znajdziesz sesj\u0119 pyta\u0144 i odpowiedzi.  Kupuj\u0105c webinar otrzymujesz bezterminowy dost\u0119p do nagrania, prezentacj\u0119 oraz notatk\u0119 graficzn\u0105.    &nbsp;  Czego dowiesz si\u0119 po obejrzeniu webinaru?  \ud83d\udde3 Feedback a m\u00f3wienie wprost \u2013 dwa r\u00f3\u017cne wymiary kultury  \ud83e\udd2f Przyjmowanie feedbacku: \u201ecios mi\u0119dzy oczy\u201d albo zawoalowany komunikat \u2013 z czym jest nam \u0142atwiej, z czym trudniej?  \ud83d\udc73\u200d\u2640\ufe0f Zachowanie twarzy \u2013 w jakich kulturach jest szczeg\u00f3lnie wa\u017cne i jak wp\u0142ywa na spos\u00f3b udzielania feedbacku?  \ud83c\udf0e Praktyczne wskaz\u00f3wki \u2013 jak radzi\u0107 sobie z feedbackiem w wielokulturowym, wirtualnym \u015brodowisku (tre\u015b\u0107, kana\u0142, forma)  &nbsp;  Webinar prowadzi\u0142a Katarzyna Romanowicz, kt\u00f3ra na co dzie\u0144 wspiera w rozwijaniu umiej\u0119tno\u015bci komunikacyjnych tych, kt\u00f3rzy cz\u0119sto preferuj\u0105 kontakt wirtualny: in\u017cynier\u00f3w i pracownik\u00f3w IT, dlatego \u015bwiat wirtualny i wyzwania z nim zwi\u0105zane s\u0105 jej dobrze znane. Ponadto wsp\u00f3\u0142pracuje z rozproszonymi zespo\u0142ami jako ich lider lub wsp\u00f3\u0142pracownik od 2005 roku.","og_url":"https:\/\/ettagoglobal.com\/pl\/produkt\/webinar-feedback-w-roznych-kulturach\/","og_site_name":"ETTA","article_modified_time":"2022-09-09T10:54:23+00:00","og_image":[{"width":1080,"height":1080,"url":"https:\/\/ettagoglobal.com\/wp-content\/uploads\/2022\/03\/webinar-etta-feedback-w-roznych-kulturach.png","type":"image\/png"}],"twitter_card":"summary_large_image","schema":{"@context":"https:\/\/schema.org","@graph":[{"@type":"WebPage","@id":"https:\/\/ettagoglobal.com\/pl\/produkt\/webinar-feedback-w-roznych-kulturach\/","url":"https:\/\/ettagoglobal.com\/pl\/produkt\/webinar-feedback-w-roznych-kulturach\/","name":"WEBINAR: Feedback w r\u00f3\u017cnych kulturach - ETTA","isPartOf":{"@id":"https:\/\/ettagoglobal.com\/#website"},"primaryImageOfPage":{"@id":"https:\/\/ettagoglobal.com\/pl\/produkt\/webinar-feedback-w-roznych-kulturach\/#primaryimage"},"image":{"@id":"https:\/\/ettagoglobal.com\/pl\/produkt\/webinar-feedback-w-roznych-kulturach\/#primaryimage"},"thumbnailUrl":"https:\/\/ettagoglobal.com\/wp-content\/uploads\/2022\/03\/webinar-etta-feedback-w-roznych-kulturach.png","datePublished":"2022-03-15T08:57:45+00:00","dateModified":"2022-09-09T10:54:23+00:00","breadcrumb":{"@id":"https:\/\/ettagoglobal.com\/pl\/produkt\/webinar-feedback-w-roznych-kulturach\/#breadcrumb"},"inLanguage":"pl-PL","potentialAction":[{"@type":"ReadAction","target":["https:\/\/ettagoglobal.com\/pl\/produkt\/webinar-feedback-w-roznych-kulturach\/"]}]},{"@type":"ImageObject","inLanguage":"pl-PL","@id":"https:\/\/ettagoglobal.com\/pl\/produkt\/webinar-feedback-w-roznych-kulturach\/#primaryimage","url":"https:\/\/ettagoglobal.com\/wp-content\/uploads\/2022\/03\/webinar-etta-feedback-w-roznych-kulturach.png","contentUrl":"https:\/\/ettagoglobal.com\/wp-content\/uploads\/2022\/03\/webinar-etta-feedback-w-roznych-kulturach.png","width":1080,"height":1080},{"@type":"BreadcrumbList","@id":"https:\/\/ettagoglobal.com\/pl\/produkt\/webinar-feedback-w-roznych-kulturach\/#breadcrumb","itemListElement":[{"@type":"ListItem","position":1,"name":"Strona g\u0142\u00f3wna","item":"https:\/\/ettagoglobal.com\/pl\/home-2\/"},{"@type":"ListItem","position":2,"name":"Sklep","item":"https:\/\/ettagoglobal.com\/pl\/sklep\/"},{"@type":"ListItem","position":3,"name":"WEBINAR: Feedback w r\u00f3\u017cnych kulturach"}]},{"@type":"WebSite","@id":"https:\/\/ettagoglobal.com\/#website","url":"https:\/\/ettagoglobal.com\/","name":"ETTA","description":"Global Connections. Let&#039;s do it bETTA!","potentialAction":[{"@type":"SearchAction","target":{"@type":"EntryPoint","urlTemplate":"https:\/\/ettagoglobal.com\/?s={search_term_string}"},"query-input":{"@type":"PropertyValueSpecification","valueRequired":true,"valueName":"search_term_string"}}],"inLanguage":"pl-PL"}]}},"tiered_pricing_type":"fixed","tiered_pricing_fixed_rules":[],"tiered_pricing_product_settings":{"layout":"default","base_unit_name":{"singular":null,"plural":null},"default_variation":null},"tiered_pricing_minimum_quantity":null,"tiered_pricing_roles_data":[],"tiered_pricing_percentage_rules":[],"_links":{"self":[{"href":"https:\/\/ettagoglobal.com\/pl\/wp-json\/wp\/v2\/product\/1750","targetHints":{"allow":["GET"]}}],"collection":[{"href":"https:\/\/ettagoglobal.com\/pl\/wp-json\/wp\/v2\/product"}],"about":[{"href":"https:\/\/ettagoglobal.com\/pl\/wp-json\/wp\/v2\/types\/product"}],"wp:featuredmedia":[{"embeddable":true,"href":"https:\/\/ettagoglobal.com\/pl\/wp-json\/wp\/v2\/media\/1911"}],"wp:attachment":[{"href":"https:\/\/ettagoglobal.com\/pl\/wp-json\/wp\/v2\/media?parent=1750"}],"wp:term":[{"taxonomy":"product_brand","embeddable":true,"href":"https:\/\/ettagoglobal.com\/pl\/wp-json\/wp\/v2\/product_brand?post=1750"},{"taxonomy":"product_cat","embeddable":true,"href":"https:\/\/ettagoglobal.com\/pl\/wp-json\/wp\/v2\/product_cat?post=1750"},{"taxonomy":"product_tag","embeddable":true,"href":"https:\/\/ettagoglobal.com\/pl\/wp-json\/wp\/v2\/product_tag?post=1750"}],"curies":[{"name":"wp","href":"https:\/\/api.w.org\/{rel}","templated":true}]}}