{"id":1739,"date":"2022-03-15T08:57:45","date_gmt":"2022-03-15T08:57:45","guid":{"rendered":"https:\/\/flamboyant-cerf.46-242-130-188.plesk.page\/?post_type=product&#038;p=1739"},"modified":"2022-09-09T10:54:03","modified_gmt":"2022-09-09T10:54:03","slug":"webinar-jak-przekazywac-zle-informacje-aby-nie-obnizyc-zaangazowania","status":"publish","type":"product","link":"https:\/\/ettagoglobal.com\/pl\/produkt\/webinar-jak-przekazywac-zle-informacje-aby-nie-obnizyc-zaangazowania\/","title":{"rendered":"WEBINAR: Jak przekazywa\u0107 z\u0142e informacje, aby nie obni\u017cy\u0107 zaanga\u017cowania"},"content":{"rendered":"<hr \/>\n<p>&nbsp;<\/p>\n","protected":false},"excerpt":{"rendered":"<p>Nagranie webinaru <strong>&#8222;Jak przekazywa\u0107 z\u0142e informacje, aby nie obni\u017cy\u0107 zaanga\u017cowania&#8221;<\/strong>, kt\u00f3ry odby\u0142 si\u0119 na \u017cywo 15 kwietnia 2020 r.<\/p>\n<p>Webinar skierowany jest do Lider\u00f3w zespo\u0142\u00f3w oraz os\u00f3b pracuj\u0105cych w wirtualnych, rozproszonych zespo\u0142ach w Polsce i za granic\u0105. Opr\u00f3cz tre\u015bci merytorycznych na ko\u0144cu nagrania znajdziesz sesj\u0119 pyta\u0144 i odpowiedzi.<\/p>\n<p>Kupuj\u0105c webinar otrzymujesz <strong>bezterminowy dost\u0119p<\/strong> do nagrania, <strong>prezentacj\u0119<\/strong> oraz <strong>notatk\u0119 graficzn\u0105<\/strong>.<\/p>\n<hr \/>\n<p>&nbsp;<\/p>\n<p><strong>Czego dowiesz si\u0119 po obejrzeniu webinaru?<\/strong><\/p>\n<p>\ud83d\udfe1\u00a0 Kiedy og\u0142asza\u0107 z\u0142e wiadomo\u015bci i jak wybra\u0107 odpowiedni moment na ich przekazywanie<\/p>\n<p>\ud83d\udfe1\u00a0 W jakich sytuacjach mamy najwi\u0119cej kontroli nad tym procesem?<\/p>\n<p>\ud83d\udfe1\u00a0 Jak og\u0142asza\u0107 z\u0142e wiadomo\u015bci, aby nie utraci\u0107 zaanga\u017cowania?<\/p>\n<p>\ud83d\udfe1\u00a0 Jak\u00a0 zaopiekowa\u0107 si\u0119 emocjami pracownik\u00f3w?<\/p>\n<p>\ud83d\udfe1\u00a0 Co koniecznie powinno si\u0119 znale\u017a\u0107 w takim przekazie?<\/p>\n<hr \/>\n<p>&nbsp;<\/p>\n<p>Webinar przeprowadzi\u0142a <strong>Monika Chutnik, <\/strong>kt\u00f3ra m\u00f3wi o sobie &#8211; pomagam ludziom, zespo\u0142om i organizacjom rozwija\u0107 swoje kompetencje zarz\u0105dzania i wsp\u00f3\u0142pracy tak, by lepiej radzili sobie w wirtualnym \u015brodowisku biznesu. Moje obszary pracy to rozw\u00f3j m\u0105drych lider\u00f3w, mi\u0119dzykulturowe zarz\u0105dzanie, wirtualna mi\u0119dzynarodowa wsp\u00f3\u0142praca na co dzie\u0144.<\/p>\n","protected":false},"featured_media":1792,"template":"","meta":{"_acf_changed":false,"_links_to":"","_links_to_target":""},"product_brand":[],"product_cat":[46],"product_tag":[],"class_list":{"0":"post-1739","1":"product","2":"type-product","3":"status-publish","4":"has-post-thumbnail","6":"product_cat-human-centred-leadership","8":"first","9":"instock","10":"downloadable","11":"virtual","12":"taxable","13":"purchasable","14":"product-type-simple"},"acf":[],"yoast_head":"<!-- This site is optimized with the Yoast SEO plugin v27.3 - https:\/\/yoast.com\/product\/yoast-seo-wordpress\/ -->\n<title>WEBINAR: Jak przekazywa\u0107 z\u0142e informacje, aby nie obni\u017cy\u0107 zaanga\u017cowania<\/title>\n<meta name=\"description\" content=\"Jak przekazywa\u0107 z\u0142e informacje, aby nie obni\u017cy\u0107 zaanga\u017cowania? Kiedy og\u0142asza\u0107 z\u0142e wiadomo\u015bci i jak wybra\u0107 odpowiedni moment na ich przekazywanie?\" \/>\n<meta name=\"robots\" content=\"index, follow, max-snippet:-1, max-image-preview:large, max-video-preview:-1\" \/>\n<link rel=\"canonical\" href=\"https:\/\/ettagoglobal.com\/pl\/produkt\/webinar-jak-przekazywac-zle-informacje-aby-nie-obnizyc-zaangazowania\/\" \/>\n<meta property=\"og:locale\" content=\"pl_PL\" \/>\n<meta property=\"og:type\" content=\"article\" \/>\n<meta property=\"og:title\" content=\"WEBINAR: Jak przekazywa\u0107 z\u0142e informacje, aby nie obni\u017cy\u0107 zaanga\u017cowania\" \/>\n<meta property=\"og:description\" content=\"Jak przekazywa\u0107 z\u0142e informacje, aby nie obni\u017cy\u0107 zaanga\u017cowania? Kiedy og\u0142asza\u0107 z\u0142e wiadomo\u015bci i jak wybra\u0107 odpowiedni moment na ich przekazywanie?\" \/>\n<meta property=\"og:url\" content=\"https:\/\/ettagoglobal.com\/pl\/produkt\/webinar-jak-przekazywac-zle-informacje-aby-nie-obnizyc-zaangazowania\/\" \/>\n<meta property=\"og:site_name\" content=\"ETTA\" \/>\n<meta property=\"article:modified_time\" content=\"2022-09-09T10:54:03+00:00\" \/>\n<meta property=\"og:image\" content=\"https:\/\/ettagoglobal.com\/wp-content\/uploads\/2022\/03\/etta-webinar-jak-przekazywac-zle-informacje-aby-nie-obnizyc-zaangazowania.png\" \/>\n\t<meta property=\"og:image:width\" content=\"1080\" \/>\n\t<meta property=\"og:image:height\" content=\"1080\" \/>\n\t<meta property=\"og:image:type\" content=\"image\/png\" \/>\n<meta name=\"twitter:card\" content=\"summary_large_image\" \/>\n<script type=\"application\/ld+json\" class=\"yoast-schema-graph\">{\"@context\":\"https:\\\/\\\/schema.org\",\"@graph\":[{\"@type\":\"WebPage\",\"@id\":\"https:\\\/\\\/ettagoglobal.com\\\/pl\\\/produkt\\\/webinar-jak-przekazywac-zle-informacje-aby-nie-obnizyc-zaangazowania\\\/\",\"url\":\"https:\\\/\\\/ettagoglobal.com\\\/pl\\\/produkt\\\/webinar-jak-przekazywac-zle-informacje-aby-nie-obnizyc-zaangazowania\\\/\",\"name\":\"WEBINAR: Jak przekazywa\u0107 z\u0142e informacje, aby nie obni\u017cy\u0107 zaanga\u017cowania\",\"isPartOf\":{\"@id\":\"https:\\\/\\\/ettagoglobal.com\\\/#website\"},\"primaryImageOfPage\":{\"@id\":\"https:\\\/\\\/ettagoglobal.com\\\/pl\\\/produkt\\\/webinar-jak-przekazywac-zle-informacje-aby-nie-obnizyc-zaangazowania\\\/#primaryimage\"},\"image\":{\"@id\":\"https:\\\/\\\/ettagoglobal.com\\\/pl\\\/produkt\\\/webinar-jak-przekazywac-zle-informacje-aby-nie-obnizyc-zaangazowania\\\/#primaryimage\"},\"thumbnailUrl\":\"https:\\\/\\\/ettagoglobal.com\\\/wp-content\\\/uploads\\\/2022\\\/03\\\/etta-webinar-jak-przekazywac-zle-informacje-aby-nie-obnizyc-zaangazowania.png\",\"datePublished\":\"2022-03-15T08:57:45+00:00\",\"dateModified\":\"2022-09-09T10:54:03+00:00\",\"description\":\"Jak przekazywa\u0107 z\u0142e informacje, aby nie obni\u017cy\u0107 zaanga\u017cowania? Kiedy og\u0142asza\u0107 z\u0142e wiadomo\u015bci i jak wybra\u0107 odpowiedni moment na ich przekazywanie?\",\"breadcrumb\":{\"@id\":\"https:\\\/\\\/ettagoglobal.com\\\/pl\\\/produkt\\\/webinar-jak-przekazywac-zle-informacje-aby-nie-obnizyc-zaangazowania\\\/#breadcrumb\"},\"inLanguage\":\"pl-PL\",\"potentialAction\":[{\"@type\":\"ReadAction\",\"target\":[\"https:\\\/\\\/ettagoglobal.com\\\/pl\\\/produkt\\\/webinar-jak-przekazywac-zle-informacje-aby-nie-obnizyc-zaangazowania\\\/\"]}]},{\"@type\":\"ImageObject\",\"inLanguage\":\"pl-PL\",\"@id\":\"https:\\\/\\\/ettagoglobal.com\\\/pl\\\/produkt\\\/webinar-jak-przekazywac-zle-informacje-aby-nie-obnizyc-zaangazowania\\\/#primaryimage\",\"url\":\"https:\\\/\\\/ettagoglobal.com\\\/wp-content\\\/uploads\\\/2022\\\/03\\\/etta-webinar-jak-przekazywac-zle-informacje-aby-nie-obnizyc-zaangazowania.png\",\"contentUrl\":\"https:\\\/\\\/ettagoglobal.com\\\/wp-content\\\/uploads\\\/2022\\\/03\\\/etta-webinar-jak-przekazywac-zle-informacje-aby-nie-obnizyc-zaangazowania.png\",\"width\":1080,\"height\":1080},{\"@type\":\"BreadcrumbList\",\"@id\":\"https:\\\/\\\/ettagoglobal.com\\\/pl\\\/produkt\\\/webinar-jak-przekazywac-zle-informacje-aby-nie-obnizyc-zaangazowania\\\/#breadcrumb\",\"itemListElement\":[{\"@type\":\"ListItem\",\"position\":1,\"name\":\"Strona g\u0142\u00f3wna\",\"item\":\"https:\\\/\\\/ettagoglobal.com\\\/pl\\\/home-2\\\/\"},{\"@type\":\"ListItem\",\"position\":2,\"name\":\"Sklep\",\"item\":\"https:\\\/\\\/ettagoglobal.com\\\/pl\\\/sklep\\\/\"},{\"@type\":\"ListItem\",\"position\":3,\"name\":\"WEBINAR: Jak przekazywa\u0107 z\u0142e informacje, aby nie obni\u017cy\u0107 zaanga\u017cowania\"}]},{\"@type\":\"WebSite\",\"@id\":\"https:\\\/\\\/ettagoglobal.com\\\/#website\",\"url\":\"https:\\\/\\\/ettagoglobal.com\\\/\",\"name\":\"ETTA\",\"description\":\"Global Connections. Let&#039;s do it bETTA!\",\"potentialAction\":[{\"@type\":\"SearchAction\",\"target\":{\"@type\":\"EntryPoint\",\"urlTemplate\":\"https:\\\/\\\/ettagoglobal.com\\\/?s={search_term_string}\"},\"query-input\":{\"@type\":\"PropertyValueSpecification\",\"valueRequired\":true,\"valueName\":\"search_term_string\"}}],\"inLanguage\":\"pl-PL\"}]}<\/script>\n<!-- \/ Yoast SEO plugin. -->","yoast_head_json":{"title":"WEBINAR: Jak przekazywa\u0107 z\u0142e informacje, aby nie obni\u017cy\u0107 zaanga\u017cowania","description":"Jak przekazywa\u0107 z\u0142e informacje, aby nie obni\u017cy\u0107 zaanga\u017cowania? Kiedy og\u0142asza\u0107 z\u0142e wiadomo\u015bci i jak wybra\u0107 odpowiedni moment na ich przekazywanie?","robots":{"index":"index","follow":"follow","max-snippet":"max-snippet:-1","max-image-preview":"max-image-preview:large","max-video-preview":"max-video-preview:-1"},"canonical":"https:\/\/ettagoglobal.com\/pl\/produkt\/webinar-jak-przekazywac-zle-informacje-aby-nie-obnizyc-zaangazowania\/","og_locale":"pl_PL","og_type":"article","og_title":"WEBINAR: Jak przekazywa\u0107 z\u0142e informacje, aby nie obni\u017cy\u0107 zaanga\u017cowania","og_description":"Jak przekazywa\u0107 z\u0142e informacje, aby nie obni\u017cy\u0107 zaanga\u017cowania? Kiedy og\u0142asza\u0107 z\u0142e wiadomo\u015bci i jak wybra\u0107 odpowiedni moment na ich przekazywanie?","og_url":"https:\/\/ettagoglobal.com\/pl\/produkt\/webinar-jak-przekazywac-zle-informacje-aby-nie-obnizyc-zaangazowania\/","og_site_name":"ETTA","article_modified_time":"2022-09-09T10:54:03+00:00","og_image":[{"width":1080,"height":1080,"url":"https:\/\/ettagoglobal.com\/wp-content\/uploads\/2022\/03\/etta-webinar-jak-przekazywac-zle-informacje-aby-nie-obnizyc-zaangazowania.png","type":"image\/png"}],"twitter_card":"summary_large_image","schema":{"@context":"https:\/\/schema.org","@graph":[{"@type":"WebPage","@id":"https:\/\/ettagoglobal.com\/pl\/produkt\/webinar-jak-przekazywac-zle-informacje-aby-nie-obnizyc-zaangazowania\/","url":"https:\/\/ettagoglobal.com\/pl\/produkt\/webinar-jak-przekazywac-zle-informacje-aby-nie-obnizyc-zaangazowania\/","name":"WEBINAR: Jak przekazywa\u0107 z\u0142e informacje, aby nie obni\u017cy\u0107 zaanga\u017cowania","isPartOf":{"@id":"https:\/\/ettagoglobal.com\/#website"},"primaryImageOfPage":{"@id":"https:\/\/ettagoglobal.com\/pl\/produkt\/webinar-jak-przekazywac-zle-informacje-aby-nie-obnizyc-zaangazowania\/#primaryimage"},"image":{"@id":"https:\/\/ettagoglobal.com\/pl\/produkt\/webinar-jak-przekazywac-zle-informacje-aby-nie-obnizyc-zaangazowania\/#primaryimage"},"thumbnailUrl":"https:\/\/ettagoglobal.com\/wp-content\/uploads\/2022\/03\/etta-webinar-jak-przekazywac-zle-informacje-aby-nie-obnizyc-zaangazowania.png","datePublished":"2022-03-15T08:57:45+00:00","dateModified":"2022-09-09T10:54:03+00:00","description":"Jak przekazywa\u0107 z\u0142e informacje, aby nie obni\u017cy\u0107 zaanga\u017cowania? Kiedy og\u0142asza\u0107 z\u0142e wiadomo\u015bci i jak wybra\u0107 odpowiedni moment na ich przekazywanie?","breadcrumb":{"@id":"https:\/\/ettagoglobal.com\/pl\/produkt\/webinar-jak-przekazywac-zle-informacje-aby-nie-obnizyc-zaangazowania\/#breadcrumb"},"inLanguage":"pl-PL","potentialAction":[{"@type":"ReadAction","target":["https:\/\/ettagoglobal.com\/pl\/produkt\/webinar-jak-przekazywac-zle-informacje-aby-nie-obnizyc-zaangazowania\/"]}]},{"@type":"ImageObject","inLanguage":"pl-PL","@id":"https:\/\/ettagoglobal.com\/pl\/produkt\/webinar-jak-przekazywac-zle-informacje-aby-nie-obnizyc-zaangazowania\/#primaryimage","url":"https:\/\/ettagoglobal.com\/wp-content\/uploads\/2022\/03\/etta-webinar-jak-przekazywac-zle-informacje-aby-nie-obnizyc-zaangazowania.png","contentUrl":"https:\/\/ettagoglobal.com\/wp-content\/uploads\/2022\/03\/etta-webinar-jak-przekazywac-zle-informacje-aby-nie-obnizyc-zaangazowania.png","width":1080,"height":1080},{"@type":"BreadcrumbList","@id":"https:\/\/ettagoglobal.com\/pl\/produkt\/webinar-jak-przekazywac-zle-informacje-aby-nie-obnizyc-zaangazowania\/#breadcrumb","itemListElement":[{"@type":"ListItem","position":1,"name":"Strona g\u0142\u00f3wna","item":"https:\/\/ettagoglobal.com\/pl\/home-2\/"},{"@type":"ListItem","position":2,"name":"Sklep","item":"https:\/\/ettagoglobal.com\/pl\/sklep\/"},{"@type":"ListItem","position":3,"name":"WEBINAR: Jak przekazywa\u0107 z\u0142e informacje, aby nie obni\u017cy\u0107 zaanga\u017cowania"}]},{"@type":"WebSite","@id":"https:\/\/ettagoglobal.com\/#website","url":"https:\/\/ettagoglobal.com\/","name":"ETTA","description":"Global Connections. Let&#039;s do it bETTA!","potentialAction":[{"@type":"SearchAction","target":{"@type":"EntryPoint","urlTemplate":"https:\/\/ettagoglobal.com\/?s={search_term_string}"},"query-input":{"@type":"PropertyValueSpecification","valueRequired":true,"valueName":"search_term_string"}}],"inLanguage":"pl-PL"}]}},"tiered_pricing_type":"fixed","tiered_pricing_fixed_rules":[],"tiered_pricing_product_settings":{"layout":"default","base_unit_name":{"singular":null,"plural":null},"default_variation":null},"tiered_pricing_minimum_quantity":null,"tiered_pricing_roles_data":[],"tiered_pricing_percentage_rules":[],"_links":{"self":[{"href":"https:\/\/ettagoglobal.com\/pl\/wp-json\/wp\/v2\/product\/1739","targetHints":{"allow":["GET"]}}],"collection":[{"href":"https:\/\/ettagoglobal.com\/pl\/wp-json\/wp\/v2\/product"}],"about":[{"href":"https:\/\/ettagoglobal.com\/pl\/wp-json\/wp\/v2\/types\/product"}],"wp:featuredmedia":[{"embeddable":true,"href":"https:\/\/ettagoglobal.com\/pl\/wp-json\/wp\/v2\/media\/1792"}],"wp:attachment":[{"href":"https:\/\/ettagoglobal.com\/pl\/wp-json\/wp\/v2\/media?parent=1739"}],"wp:term":[{"taxonomy":"product_brand","embeddable":true,"href":"https:\/\/ettagoglobal.com\/pl\/wp-json\/wp\/v2\/product_brand?post=1739"},{"taxonomy":"product_cat","embeddable":true,"href":"https:\/\/ettagoglobal.com\/pl\/wp-json\/wp\/v2\/product_cat?post=1739"},{"taxonomy":"product_tag","embeddable":true,"href":"https:\/\/ettagoglobal.com\/pl\/wp-json\/wp\/v2\/product_tag?post=1739"}],"curies":[{"name":"wp","href":"https:\/\/api.w.org\/{rel}","templated":true}]}}