{"id":428,"date":"2016-09-13T15:03:57","date_gmt":"2016-09-13T15:03:57","guid":{"rendered":"http:\/\/mnkythemes.com\/fintechwp\/davos\/?page_id=428"},"modified":"2022-07-28T13:39:24","modified_gmt":"2022-07-28T13:39:24","slug":"case-study","status":"publish","type":"page","link":"https:\/\/ettagoglobal.com\/pl\/case-study\/","title":{"rendered":"Case study"},"content":{"rendered":"<p>[vc_row full_width=&#8221;stretch_row&#8221;][vc_column][vc_column_text]<\/p>\n<h2>Case study<\/h2>\n<p>[\/vc_column_text][vc_empty_space height=&#8221;30px&#8221;][mnky_posts column_layout=&#8221;column-count-3&#8243; content_type=&#8221;excerpt&#8221; posts_per_page=&#8221;12&#8243; pagination=&#8221;on&#8221; taxonomy=&#8221;category&#8221; category=&#8221;case-study&#8221;][vc_empty_space height=&#8221;60px&#8221;][\/vc_column][\/vc_row]<\/p>\n","protected":false},"excerpt":{"rendered":"<p>[vc_row full_width=&#8221;stretch_row&#8221;][vc_column][vc_column_text] Case study [\/vc_column_text][vc_empty_space height=&#8221;30px&#8221;][mnky_posts column_layout=&#8221;column-count-3&#8243; content_type=&#8221;excerpt&#8221; posts_per_page=&#8221;12&#8243; pagination=&#8221;on&#8221; taxonomy=&#8221;category&#8221; category=&#8221;case-study&#8221;][vc_empty_space height=&#8221;60px&#8221;][\/vc_column][\/vc_row]<\/p>\n","protected":false},"author":1,"featured_media":0,"parent":0,"menu_order":81,"comment_status":"closed","ping_status":"closed","template":"","meta":{"_acf_changed":false,"footnotes":"","_links_to":"","_links_to_target":""},"class_list":["post-428","page","type-page","status-publish","hentry"],"acf":[],"yoast_head":"<!-- This site is optimized with the Yoast SEO plugin v27.3 - https:\/\/yoast.com\/product\/yoast-seo-wordpress\/ -->\n<title>Case study - ETTA<\/title>\n<meta name=\"description\" content=\"Tutaj dzielimy si\u0119 case study z realizacji w ETTA. Zobacz jak wygl\u0105da proces wsp\u00f3\u0142pracy i co m\u00f3wi\u0105 o nas nasi klienci.\" \/>\n<meta name=\"robots\" content=\"index, follow, max-snippet:-1, max-image-preview:large, max-video-preview:-1\" \/>\n<link rel=\"canonical\" href=\"https:\/\/ettagoglobal.com\/pl\/case-study\/\" \/>\n<meta property=\"og:locale\" content=\"pl_PL\" \/>\n<meta property=\"og:type\" content=\"article\" \/>\n<meta property=\"og:title\" content=\"Case study - ETTA\" \/>\n<meta property=\"og:description\" content=\"Tutaj dzielimy si\u0119 case study z realizacji w ETTA. Zobacz jak wygl\u0105da proces wsp\u00f3\u0142pracy i co m\u00f3wi\u0105 o nas nasi klienci.\" \/>\n<meta property=\"og:url\" content=\"https:\/\/ettagoglobal.com\/pl\/case-study\/\" \/>\n<meta property=\"og:site_name\" content=\"ETTA\" \/>\n<meta property=\"article:modified_time\" content=\"2022-07-28T13:39:24+00:00\" \/>\n<meta property=\"og:image\" content=\"https:\/\/ettagoglobal.com\/wp-content\/uploads\/2022\/02\/etta_logo_retina-1.png\" \/>\n\t<meta property=\"og:image:width\" content=\"410\" \/>\n\t<meta property=\"og:image:height\" content=\"150\" \/>\n\t<meta property=\"og:image:type\" content=\"image\/png\" \/>\n<meta name=\"twitter:card\" content=\"summary_large_image\" \/>\n<meta name=\"twitter:label1\" content=\"Szacowany czas czytania\" \/>\n\t<meta name=\"twitter:data1\" content=\"1 minuta\" \/>\n<script type=\"application\/ld+json\" class=\"yoast-schema-graph\">{\"@context\":\"https:\\\/\\\/schema.org\",\"@graph\":[{\"@type\":\"WebPage\",\"@id\":\"https:\\\/\\\/ettagoglobal.com\\\/pl\\\/case-study\\\/\",\"url\":\"https:\\\/\\\/ettagoglobal.com\\\/pl\\\/case-study\\\/\",\"name\":\"Case study - ETTA\",\"isPartOf\":{\"@id\":\"https:\\\/\\\/ettagoglobal.com\\\/#website\"},\"datePublished\":\"2016-09-13T15:03:57+00:00\",\"dateModified\":\"2022-07-28T13:39:24+00:00\",\"description\":\"Tutaj dzielimy si\u0119 case study z realizacji w ETTA. Zobacz jak wygl\u0105da proces wsp\u00f3\u0142pracy i co m\u00f3wi\u0105 o nas nasi klienci.\",\"breadcrumb\":{\"@id\":\"https:\\\/\\\/ettagoglobal.com\\\/pl\\\/case-study\\\/#breadcrumb\"},\"inLanguage\":\"pl-PL\",\"potentialAction\":[{\"@type\":\"ReadAction\",\"target\":[\"https:\\\/\\\/ettagoglobal.com\\\/pl\\\/case-study\\\/\"]}]},{\"@type\":\"BreadcrumbList\",\"@id\":\"https:\\\/\\\/ettagoglobal.com\\\/pl\\\/case-study\\\/#breadcrumb\",\"itemListElement\":[{\"@type\":\"ListItem\",\"position\":1,\"name\":\"Strona g\u0142\u00f3wna\",\"item\":\"https:\\\/\\\/ettagoglobal.com\\\/pl\\\/home-2\\\/\"},{\"@type\":\"ListItem\",\"position\":2,\"name\":\"Case study\"}]},{\"@type\":\"WebSite\",\"@id\":\"https:\\\/\\\/ettagoglobal.com\\\/#website\",\"url\":\"https:\\\/\\\/ettagoglobal.com\\\/\",\"name\":\"ETTA\",\"description\":\"Global Connections. Let&#039;s do it bETTA!\",\"potentialAction\":[{\"@type\":\"SearchAction\",\"target\":{\"@type\":\"EntryPoint\",\"urlTemplate\":\"https:\\\/\\\/ettagoglobal.com\\\/?s={search_term_string}\"},\"query-input\":{\"@type\":\"PropertyValueSpecification\",\"valueRequired\":true,\"valueName\":\"search_term_string\"}}],\"inLanguage\":\"pl-PL\"}]}<\/script>\n<!-- \/ Yoast SEO plugin. -->","yoast_head_json":{"title":"Case study - ETTA","description":"Tutaj dzielimy si\u0119 case study z realizacji w ETTA. Zobacz jak wygl\u0105da proces wsp\u00f3\u0142pracy i co m\u00f3wi\u0105 o nas nasi klienci.","robots":{"index":"index","follow":"follow","max-snippet":"max-snippet:-1","max-image-preview":"max-image-preview:large","max-video-preview":"max-video-preview:-1"},"canonical":"https:\/\/ettagoglobal.com\/pl\/case-study\/","og_locale":"pl_PL","og_type":"article","og_title":"Case study - ETTA","og_description":"Tutaj dzielimy si\u0119 case study z realizacji w ETTA. Zobacz jak wygl\u0105da proces wsp\u00f3\u0142pracy i co m\u00f3wi\u0105 o nas nasi klienci.","og_url":"https:\/\/ettagoglobal.com\/pl\/case-study\/","og_site_name":"ETTA","article_modified_time":"2022-07-28T13:39:24+00:00","og_image":[{"width":410,"height":150,"url":"https:\/\/ettagoglobal.com\/wp-content\/uploads\/2022\/02\/etta_logo_retina-1.png","type":"image\/png"}],"twitter_card":"summary_large_image","twitter_misc":{"Szacowany czas czytania":"1 minuta"},"schema":{"@context":"https:\/\/schema.org","@graph":[{"@type":"WebPage","@id":"https:\/\/ettagoglobal.com\/pl\/case-study\/","url":"https:\/\/ettagoglobal.com\/pl\/case-study\/","name":"Case study - ETTA","isPartOf":{"@id":"https:\/\/ettagoglobal.com\/#website"},"datePublished":"2016-09-13T15:03:57+00:00","dateModified":"2022-07-28T13:39:24+00:00","description":"Tutaj dzielimy si\u0119 case study z realizacji w ETTA. Zobacz jak wygl\u0105da proces wsp\u00f3\u0142pracy i co m\u00f3wi\u0105 o nas nasi klienci.","breadcrumb":{"@id":"https:\/\/ettagoglobal.com\/pl\/case-study\/#breadcrumb"},"inLanguage":"pl-PL","potentialAction":[{"@type":"ReadAction","target":["https:\/\/ettagoglobal.com\/pl\/case-study\/"]}]},{"@type":"BreadcrumbList","@id":"https:\/\/ettagoglobal.com\/pl\/case-study\/#breadcrumb","itemListElement":[{"@type":"ListItem","position":1,"name":"Strona g\u0142\u00f3wna","item":"https:\/\/ettagoglobal.com\/pl\/home-2\/"},{"@type":"ListItem","position":2,"name":"Case study"}]},{"@type":"WebSite","@id":"https:\/\/ettagoglobal.com\/#website","url":"https:\/\/ettagoglobal.com\/","name":"ETTA","description":"Global Connections. Let&#039;s do it bETTA!","potentialAction":[{"@type":"SearchAction","target":{"@type":"EntryPoint","urlTemplate":"https:\/\/ettagoglobal.com\/?s={search_term_string}"},"query-input":{"@type":"PropertyValueSpecification","valueRequired":true,"valueName":"search_term_string"}}],"inLanguage":"pl-PL"}]}},"_links":{"self":[{"href":"https:\/\/ettagoglobal.com\/pl\/wp-json\/wp\/v2\/pages\/428","targetHints":{"allow":["GET"]}}],"collection":[{"href":"https:\/\/ettagoglobal.com\/pl\/wp-json\/wp\/v2\/pages"}],"about":[{"href":"https:\/\/ettagoglobal.com\/pl\/wp-json\/wp\/v2\/types\/page"}],"author":[{"embeddable":true,"href":"https:\/\/ettagoglobal.com\/pl\/wp-json\/wp\/v2\/users\/1"}],"replies":[{"embeddable":true,"href":"https:\/\/ettagoglobal.com\/pl\/wp-json\/wp\/v2\/comments?post=428"}],"version-history":[{"count":0,"href":"https:\/\/ettagoglobal.com\/pl\/wp-json\/wp\/v2\/pages\/428\/revisions"}],"wp:attachment":[{"href":"https:\/\/ettagoglobal.com\/pl\/wp-json\/wp\/v2\/media?parent=428"}],"curies":[{"name":"wp","href":"https:\/\/api.w.org\/{rel}","templated":true}]}}