{"id":30583,"date":"2026-01-20T19:37:31","date_gmt":"2026-01-20T19:37:31","guid":{"rendered":"https:\/\/ettagoglobal.com\/?page_id=30583"},"modified":"2026-01-20T19:56:45","modified_gmt":"2026-01-20T19:56:45","slug":"udana-wspolpraca-miedzykulturowa","status":"publish","type":"page","link":"https:\/\/ettagoglobal.com\/pl\/kalendarz-szkolen\/udana-wspolpraca-miedzykulturowa\/","title":{"rendered":"Udana wsp\u00f3\u0142praca mi\u0119dzykulturowa"},"content":{"rendered":"<p>[vc_row full_width=&#8221;stretch_row&#8221; css=&#8221;.vc_custom_1768938344020{background-image: url(https:\/\/ettagoglobal.com\/wp-content\/uploads\/2023\/07\/Managing-Across-Cultures.png?id=27459)&nbsp;!important;background-position: center&nbsp;!important;background-repeat: no-repeat&nbsp;!important;background-size: cover&nbsp;!important;}&#8221; el_class=&#8221;main-slide&#8221;][vc_column][vc_empty_space height=&#8221;100px&#8221;][vc_column_text]<\/p>\n<h1>Udana wsp\u00f3\u0142praca mi\u0119dzykulturowa<\/h1>\n<p>[\/vc_column_text][vc_empty_space height=&#8221;30px&#8221;][vc_column_text]Szkolenie mi\u0119dzykulturowe dla&nbsp;profesjonalist\u00f3w dopiero rozpoczynaj\u0105cych wsp\u00f3\u0142prac\u0119 mi\u0119dzykulturow\u0105 lub&nbsp;ju\u017c wsp\u00f3\u0142pracuj\u0105cych w&nbsp;mi\u0119dzynarodowych zespo\u0142ach.[\/vc_column_text][vc_empty_space height=&#8221;100px&#8221;][\/vc_column][\/vc_row][vc_row el_class=&#8221;training-for&#8221;][vc_column][vc_empty_space height=&#8221;60px&#8221;][vc_column_text]<\/p>\n<h3 data-start=\"310\" data-end=\"368\">Rozpocznij udan\u0105 wsp\u00f3\u0142prac\u0119 z&nbsp;osobami z&nbsp;r\u00f3\u017cnych kultur!<\/h3>\n<p data-start=\"369\" data-end=\"599\">Praca w&nbsp;mi\u0119dzynarodowym, zr\u00f3\u017cnicowanym kulturowo zespole wymaga zdobycia nowych kompetencji \u2013 zrozumienia jak kultura wp\u0142ywa na&nbsp;nasz styl pracy, komunikacj\u0119, podej\u015bcie do&nbsp;czasu czy&nbsp;hierarchii w&nbsp;zespole. Tego w\u0142a\u015bnie uczymy na&nbsp;szkoleniach ETTA od kilkunastu lat.<\/p>\n<p data-start=\"601\" data-end=\"767\">To praktyczne szkolenie dostarczy Ci narz\u0119dzi, dzi\u0119ki kt\u00f3rym szybciej zyskasz pewno\u015b\u0107 w&nbsp;kontaktach, wzmocnisz relacje zawodowe i&nbsp;zaczniesz budowa\u0107 sukces w&nbsp;mi\u0119dzynarodowym \u015brodowisku.<\/p>\n<p>[\/vc_column_text][vc_empty_space height=&#8221;60px&#8221;][\/vc_column][\/vc_row][vc_row full_width=&#8221;stretch_row&#8221; el_class=&#8221;training-for&#8221; css=&#8221;.vc_custom_1757684017206{background-color: #f6f7f8&nbsp;!important;}&#8221;][vc_column width=&#8221;1\/3&#8243;][vc_empty_space height=&#8221;60px&#8221;][mnky_service icon_fontawesome=&#8221;fas fa-user-tie&#8221; title=&#8221;Dla kogo jest to szkolenie?&#8221; icon_color=&#8221;#993436&#8243;][\/mnky_service][vc_empty_space height=&#8221;60px&#8221;][\/vc_column][vc_column width=&#8221;2\/3&#8243;][vc_empty_space height=&#8221;60px&#8221;][vc_column_text]<\/p>\n<ul>\n<li data-start=\"809\" data-end=\"852\">specjali\u015bci<\/li>\n<li data-start=\"809\" data-end=\"852\">team liderzy<\/li>\n<li data-start=\"809\" data-end=\"852\">mened\u017cerowie<\/li>\n<\/ul>\n<p>kt\u00f3rzy pracuj\u0105 w&nbsp;mi\u0119dzynarodowych zespo\u0142ach i&nbsp;chc\u0105 podnie\u015b\u0107 swoje kompetencje mi\u0119dzykulturowe.<\/p>\n<p>[\/vc_column_text][vc_empty_space height=&#8221;60px&#8221;][\/vc_column][\/vc_row][vc_row full_width=&#8221;stretch_row&#8221;][vc_column][vc_empty_space height=&#8221;60px&#8221;][\/vc_column][vc_column width=&#8221;1\/3&#8243;][mnky_service icon_fontawesome=&#8221;fas fa-bullseye&#8221; title=&#8221;Co zyskasz?&#8221; icon_color=&#8221;#993436&#8243;][\/mnky_service][vc_empty_space height=&#8221;30px&#8221;][\/vc_column][vc_column width=&#8221;2\/3&#8243;][vc_column_text]<\/p>\n<p data-start=\"1203\" data-end=\"1265\">Bior\u0105c udzia\u0142 w&nbsp;warsztacie dowiesz si\u0119:<\/p>\n<ul data-start=\"1266\" data-end=\"1650\">\n<li data-start=\"1266\" data-end=\"1357\">jak budowa\u0107 relacje i&nbsp;zaufanie z&nbsp;osobami wywodz\u0105cymi si\u0119 z&nbsp;r\u00f3\u017cnych kultur,<\/li>\n<li data-start=\"1266\" data-end=\"1357\">rozumie\u0107 r\u00f3\u017cnice w&nbsp;podej\u015bciu do&nbsp;komunikacji i&nbsp;dostosowywa\u0107 swoje komunikaty do&nbsp;kultury odbiorcy,<\/li>\n<li data-start=\"1266\" data-end=\"1357\">jak podej\u015bcie do&nbsp;czasu przek\u0142ada si\u0119 na&nbsp;codzienn\u0105 prac\u0119 i&nbsp;zarz\u0105dzanie projektami,<\/li>\n<li data-start=\"1266\" data-end=\"1357\">jak przyjmowa\u0107 i&nbsp;udziela\u0107 feedback, uwzgl\u0119dniaj\u0105c preferencje os\u00f3b z&nbsp;r\u00f3\u017cnych kultur.<\/li>\n<\/ul>\n<p>[\/vc_column_text][vc_empty_space height=&#8221;60px&#8221;][\/vc_column][\/vc_row][vc_row full_width=&#8221;stretch_row&#8221; css=&#8221;.vc_custom_1646656326892{background-color: #f6f7f8&nbsp;!important;}&#8221;][vc_column][vc_empty_space height=&#8221;60px&#8221;][vc_column_text el_class=&#8221;button&#8221;]<\/p>\n<h2 style=\"text-align: center;\">Program szkolenia<\/h2>\n<p>[\/vc_column_text][vc_empty_space height=&#8221;30px&#8221;][\/vc_column][\/vc_row][vc_row full_width=&#8221;stretch_row&#8221; gap=&#8221;35&#8243; equal_height=&#8221;yes&#8221; el_class=&#8221;training-parts&#8221; css=&#8221;.vc_custom_1647354153948{background-color: #f6f7f8&nbsp;!important;}&#8221;][vc_column width=&#8221;1\/2&#8243; el_class=&#8221;section&#8221;][vc_empty_space height=&#8221;30px&#8221;][vc_column_text]<\/p>\n<h3 style=\"text-align: center;\">Modu\u0142 I<\/h3>\n<h4 style=\"text-align: center;\">Mi\u0119dzykulturowy zesp\u00f3\u0142<\/h4>\n<div class=\"wpb_text_column wpb_content_element \">\n<div class=\"wpb_wrapper\">\n<ul>\n<li aria-level=\"1\">Kultura \u2013 jak wp\u0142ywa na\u00a0wsp\u00f3\u0142prac\u0119 w\u00a0zespole?<\/li>\n<li aria-level=\"1\">Stereotypy i\u00a0uprzedzenia \u2013 sk\u0105d si\u0119 bior\u0105 i\u00a0jak mog\u0105 wp\u0142ywa\u0107 na\u00a0moje podej\u015bcie do\u00a0koleg\u00f3w?<\/li>\n<li aria-level=\"1\">Kultura jako g\u00f3ra lodowa \u2013 przekonania i\u00a0warto\u015bci a\u00a0zachowania. Jak przyj\u0105\u0107 nieoceniaj\u0105c\u0105 postaw\u0119?<\/li>\n<li aria-level=\"1\">Odkrywanie tego, co nas \u0142\u0105czy, jako spos\u00f3b na\u00a0rozwijanie wsp\u00f3\u0142pracy mi\u0119dzykulturowej<\/li>\n<li aria-level=\"1\">Pierwsze wra\u017cenie \u2013 jak je budowa\u0107 w\u00a0mi\u0119dzykulturowym zespole?<\/li>\n<li aria-level=\"1\">Sposoby budowania relacji i\u00a0zaufania w\u00a0r\u00f3\u017cnych kulturach<\/li>\n<li aria-level=\"1\">Kokosy i\u00a0brzoskwinie, kultury zaufania i\u00a0nieufno\u015bci \u2013 jak zrozumie\u0107 i\u00a0pracowa\u0107 z\u00a0podej\u015bciem wsp\u00f3\u0142pracownik\u00f3w do\u00a0budowania relacji<\/li>\n<li aria-level=\"1\">Wprowadzenie do\u00a0wymiar\u00f3w kultury jako sposobu na\u00a0zrozumienie r\u00f3\u017cnic mi\u0119dzykulturowych<\/li>\n<\/ul>\n<\/div>\n<\/div>\n<p>[\/vc_column_text][vc_empty_space height=&#8221;30px&#8221;][\/vc_column][vc_column width=&#8221;1\/2&#8243; el_class=&#8221;section&#8221;][vc_empty_space height=&#8221;30px&#8221;][vc_column_text]<\/p>\n<h3 style=\"text-align: center;\">Modu\u0142 II<\/h3>\n<h4 style=\"text-align: center;\">Efektywny cz\u0142onek mi\u0119dzykulturowego zespo\u0142u<\/h4>\n<ul>\n<li>Punktualno\u015b\u0107, czy\u00a0elastyczno\u015b\u0107 \u2013 jakie podej\u015bcie do\u00a0czasu jest oczekiwane w\u00a0wybranych kulturach<\/li>\n<li>Dystans w\u0142adzy \u2013 podej\u015bcie do\u00a0hierarchii w\u00a0r\u00f3\u017cnych kulturach<\/li>\n<li>Jak najlepiej post\u0119powa\u0107 ze swoim szefem?<\/li>\n<li>Co jest uznawane za\u00a0\u201edobrze wykonan\u0105 prac\u0119\u201d w\u00a0r\u00f3\u017cnych kulturach?<\/li>\n<li>E-maile, rozmowy, s\u0142owo pisane \u2013 na\u00a0czym opiera\u0107 nasz\u0105 komunikacj\u0119<\/li>\n<li>Kulturowe wymiary komunikacji: bezpo\u015bredni i\u00a0po\u015bredni feedback, asertywno\u015b\u0107, podej\u015bcie do\u00a0konfliktu \u2013 przyk\u0142ady z\u00a0r\u00f3\u017cnych kultur<\/li>\n<li>M\u00f3j styl komunikacji vs. style wsp\u00f3\u0142pracownik\u00f3w z\u00a0innych kultur \u2013 wysoki i\u00a0niski kontekst<\/li>\n<li>Jak m\u00f3wi\u0107, by zosta\u0107 wys\u0142uchanym \u2013 preferowane sposoby prezentowania rozwi\u0105za\u0144 w\u00a0r\u00f3\u017cnych kulturach<\/li>\n<\/ul>\n<p>[\/vc_column_text][vc_empty_space height=&#8221;30px&#8221;][\/vc_column][\/vc_row][vc_row el_class=&#8221;training-for&#8221;][vc_column width=&#8221;1\/3&#8243;][vc_empty_space height=&#8221;60px&#8221;][mnky_service icon_fontawesome=&#8221;fas fa-info-circle&#8221; title=&#8221;Szczeg\u00f3\u0142y szkolenia:&#8221; icon_color=&#8221;#993436&#8243;][\/mnky_service][vc_empty_space height=&#8221;60px&#8221;][\/vc_column][vc_column width=&#8221;2\/3&#8243;][vc_empty_space height=&#8221;60px&#8221;][vc_column_text]<\/p>\n<ul>\n<li data-start=\"2674\" data-end=\"2707\"><strong data-start=\"2674\" data-end=\"2686\">Terminy: <\/strong>14-15 maja 2026<\/li>\n<li data-start=\"2710\" data-end=\"2743\"><strong data-start=\"2710\" data-end=\"2722\">Godziny:<\/strong> 9:00 \u2013 13:00 (CET)<\/li>\n<li data-start=\"2746\" data-end=\"2786\"><strong data-start=\"2746\" data-end=\"2756\">Forma:<\/strong> warsztat online (wirtualny)<\/li>\n<li data-start=\"2789\" data-end=\"2815\"><strong data-start=\"2789\" data-end=\"2798\">Cena:<\/strong> 1450z\u0142 netto (+23% VAT)<\/li>\n<li data-start=\"2818\" data-end=\"2883\"><strong data-start=\"2818\" data-end=\"2833\">Certyfikat:<\/strong> ka\u017cdy uczestnik otrzymuje certyfikat uko\u0144czenia<\/li>\n<li data-start=\"2818\" data-end=\"2883\"><strong>Bonus:<\/strong> uczestnicy otrzymuj\u0105 dost\u0119p do&nbsp;bazy wiedzy ETTA w&nbsp;postaci nagra\u0144 z&nbsp;webinar\u00f3w<\/li>\n<li>Zapisz si\u0119 z&nbsp;koleg\u0105 lub&nbsp;kole\u017cank\u0105, a&nbsp;otrzymacie 10% zni\u017cki<\/li>\n<\/ul>\n<p>[\/vc_column_text][vc_empty_space height=&#8221;60px&#8221;][\/vc_column][\/vc_row][vc_row full_width=&#8221;stretch_row&#8221; css=&#8221;.vc_custom_1757678134900{background-color: #f6f7f8&nbsp;!important;}&#8221;][vc_column][vc_empty_space height=&#8221;60px&#8221;][vc_column_text]<\/p>\n<h3 data-start=\"3086\" data-end=\"3101\">Dlaczego warto?<\/h3>\n<p data-start=\"2912\" data-end=\"3100\">Nauka pracy w&nbsp;nowych kulturach wymaga czasu, ale&nbsp;dzi\u0119ki odpowiednim wskaz\u00f3wkom mo\u017cna unikn\u0105\u0107 typowych b\u0142\u0119d\u00f3w, uzyska\u0107 jasno\u015b\u0107 i&nbsp;skupi\u0107 si\u0119 na&nbsp;budowaniu sukcesu ze \u015bwiadomo\u015bci\u0105 i&nbsp;pewno\u015bci\u0105 siebie.<\/p>\n<p data-start=\"3102\" data-end=\"3201\">Do\u0142\u0105cz do&nbsp;warsztatu &#8211; naucz si\u0119 pracowa\u0107 skutecznie i&nbsp;poczuj si\u0119 swobodnie w&nbsp;mi\u0119dzykulturowym \u015brodowisku.<\/p>\n<p>[\/vc_column_text][vc_empty_space height=&#8221;60px&#8221;][vc_column_text el_class=&#8221;button&#8221;]<\/p>\n<p style=\"text-align: center;\"><a href=\"https:\/\/ettagoglobal.com\/open-training-registration\/\">Zapisz si\u0119 na&nbsp;szkolenie<\/a><\/p>\n<p>[\/vc_column_text][vc_empty_space height=&#8221;60px&#8221;][\/vc_column][\/vc_row][vc_row full_width=&#8221;stretch_row&#8221;][vc_column][vc_empty_space height=&#8221;60px&#8221;][vc_column_text]<\/p>\n<h3 data-start=\"3086\" data-end=\"3101\">Nie mo\u017cesz do\u0142\u0105czy\u0107 w&nbsp;proponowanych terminach?<\/h3>\n<p data-start=\"119\" data-end=\"317\">Rozumiemy, \u017ce&nbsp;harmonogramy mog\u0105 by\u0107 wymagaj\u0105ce. Je\u015bli jeste\u015b zainteresowany\/a tym szkoleniem, ale&nbsp;nie mo\u017cesz wzi\u0105\u0107 w&nbsp;nim udzia\u0142u w&nbsp;podanych terminach, mo\u017cesz <strong data-start=\"277\" data-end=\"314\">zapisa\u0107 si\u0119 na&nbsp;list\u0119 oczekuj\u0105cych<\/strong>.<\/p>\n<p data-start=\"319\" data-end=\"344\">Zapisuj\u0105c si\u0119, zyskasz:<\/p>\n<ul>\n<li data-start=\"347\" data-end=\"416\">Informacje o&nbsp;nowych terminach szkole\u0144, jak tylko zostan\u0105 og\u0142oszone.<\/li>\n<li data-start=\"419\" data-end=\"449\">Pierwsze\u0144stwo w&nbsp;rejestracji.<\/li>\n<li data-start=\"452\" data-end=\"499\">Pewno\u015b\u0107, \u017ce&nbsp;nie przegapisz okazji do&nbsp;udzia\u0142u.<\/li>\n<\/ul>\n<p>[\/vc_column_text][vc_empty_space height=&#8221;60px&#8221;][vc_btn title=&#8221;Zapisz si\u0119 na&nbsp;list\u0119 oczekuj\u0105cych&#8221; shape=&#8221;round&#8221; color=&#8221;inverse&#8221; align=&#8221;center&#8221; link=&#8221;url:https%3A%2F%2Fettagoglobal.com%2Fopen-training-waiting-list%2F&#8221;][vc_empty_space height=&#8221;60px&#8221;][\/vc_column][\/vc_row]<\/p>\n","protected":false},"excerpt":{"rendered":"<p>[vc_row full_width=&#8221;stretch_row&#8221; css=&#8221;.vc_custom_1768938344020{background-image: url(https:\/\/ettagoglobal.com\/wp-content\/uploads\/2023\/07\/Managing-Across-Cultures.png?id=27459)&nbsp;!important;background-position: center&nbsp;!important;background-repeat: no-repeat&nbsp;!important;background-size: cover&nbsp;!important;}&#8221; el_class=&#8221;main-slide&#8221;][vc_column][vc_empty_space height=&#8221;100px&#8221;][vc_column_text] Udana wsp\u00f3\u0142praca mi\u0119dzykulturowa [\/vc_column_text][vc_empty_space height=&#8221;30px&#8221;][vc_column_text]Szkolenie mi\u0119dzykulturowe dla&nbsp;profesjonalist\u00f3w dopiero rozpoczynaj\u0105cych wsp\u00f3\u0142prac\u0119 mi\u0119dzykulturow\u0105 &hellip; <\/p>\n","protected":false},"author":7,"featured_media":27461,"parent":29952,"menu_order":40,"comment_status":"closed","ping_status":"closed","template":"page-no-paddings.php","meta":{"_acf_changed":false,"footnotes":"","_links_to":"","_links_to_target":""},"class_list":["post-30583","page","type-page","status-publish","has-post-thumbnail","hentry"],"acf":[],"yoast_head":"<!-- This site is optimized with the Yoast SEO plugin v27.3 - https:\/\/yoast.com\/product\/yoast-seo-wordpress\/ -->\n<title>Udana wsp\u00f3\u0142praca mi\u0119dzykulturowa - ETTA<\/title>\n<meta name=\"description\" content=\"Witaj w Polsce! Praca i \u017cycie w Polsce - otwarte warsztaty wirtualne dla zespo\u0142\u00f3w oraz globalnych lider\u00f3w mieszkaj\u0105cych w Polsce.\" \/>\n<meta name=\"robots\" content=\"index, follow, max-snippet:-1, max-image-preview:large, max-video-preview:-1\" \/>\n<link rel=\"canonical\" href=\"https:\/\/ettagoglobal.com\/pl\/kalendarz-szkolen\/udana-wspolpraca-miedzykulturowa\/\" \/>\n<meta property=\"og:locale\" content=\"pl_PL\" \/>\n<meta property=\"og:type\" content=\"article\" \/>\n<meta property=\"og:title\" content=\"Udana wsp\u00f3\u0142praca mi\u0119dzykulturowa - ETTA\" \/>\n<meta property=\"og:description\" content=\"Witaj w Polsce! Praca i \u017cycie w Polsce - otwarte warsztaty wirtualne dla zespo\u0142\u00f3w oraz globalnych lider\u00f3w mieszkaj\u0105cych w Polsce.\" \/>\n<meta property=\"og:url\" content=\"https:\/\/ettagoglobal.com\/pl\/kalendarz-szkolen\/udana-wspolpraca-miedzykulturowa\/\" \/>\n<meta property=\"og:site_name\" content=\"ETTA\" \/>\n<meta property=\"article:modified_time\" content=\"2026-01-20T19:56:45+00:00\" \/>\n<meta property=\"og:image\" content=\"https:\/\/ettagoglobal.com\/wp-content\/uploads\/2023\/07\/Managing-Across-Cultures_kwadrat.png\" \/>\n\t<meta property=\"og:image:width\" content=\"1080\" \/>\n\t<meta property=\"og:image:height\" content=\"1080\" \/>\n\t<meta property=\"og:image:type\" content=\"image\/png\" \/>\n<meta name=\"twitter:card\" content=\"summary_large_image\" \/>\n<meta name=\"twitter:label1\" content=\"Szacowany czas czytania\" \/>\n\t<meta name=\"twitter:data1\" content=\"3 minuty\" \/>\n<script type=\"application\/ld+json\" class=\"yoast-schema-graph\">{\"@context\":\"https:\\\/\\\/schema.org\",\"@graph\":[{\"@type\":\"WebPage\",\"@id\":\"https:\\\/\\\/ettagoglobal.com\\\/pl\\\/kalendarz-szkolen\\\/udana-wspolpraca-miedzykulturowa\\\/\",\"url\":\"https:\\\/\\\/ettagoglobal.com\\\/pl\\\/kalendarz-szkolen\\\/udana-wspolpraca-miedzykulturowa\\\/\",\"name\":\"Udana wsp\u00f3\u0142praca mi\u0119dzykulturowa - ETTA\",\"isPartOf\":{\"@id\":\"https:\\\/\\\/ettagoglobal.com\\\/#website\"},\"primaryImageOfPage\":{\"@id\":\"https:\\\/\\\/ettagoglobal.com\\\/pl\\\/kalendarz-szkolen\\\/udana-wspolpraca-miedzykulturowa\\\/#primaryimage\"},\"image\":{\"@id\":\"https:\\\/\\\/ettagoglobal.com\\\/pl\\\/kalendarz-szkolen\\\/udana-wspolpraca-miedzykulturowa\\\/#primaryimage\"},\"thumbnailUrl\":\"https:\\\/\\\/ettagoglobal.com\\\/wp-content\\\/uploads\\\/2023\\\/07\\\/Managing-Across-Cultures_kwadrat.png\",\"datePublished\":\"2026-01-20T19:37:31+00:00\",\"dateModified\":\"2026-01-20T19:56:45+00:00\",\"description\":\"Witaj w Polsce! Praca i \u017cycie w Polsce - otwarte warsztaty wirtualne dla zespo\u0142\u00f3w oraz globalnych lider\u00f3w mieszkaj\u0105cych w Polsce.\",\"breadcrumb\":{\"@id\":\"https:\\\/\\\/ettagoglobal.com\\\/pl\\\/kalendarz-szkolen\\\/udana-wspolpraca-miedzykulturowa\\\/#breadcrumb\"},\"inLanguage\":\"pl-PL\",\"potentialAction\":[{\"@type\":\"ReadAction\",\"target\":[\"https:\\\/\\\/ettagoglobal.com\\\/pl\\\/kalendarz-szkolen\\\/udana-wspolpraca-miedzykulturowa\\\/\"]}]},{\"@type\":\"ImageObject\",\"inLanguage\":\"pl-PL\",\"@id\":\"https:\\\/\\\/ettagoglobal.com\\\/pl\\\/kalendarz-szkolen\\\/udana-wspolpraca-miedzykulturowa\\\/#primaryimage\",\"url\":\"https:\\\/\\\/ettagoglobal.com\\\/wp-content\\\/uploads\\\/2023\\\/07\\\/Managing-Across-Cultures_kwadrat.png\",\"contentUrl\":\"https:\\\/\\\/ettagoglobal.com\\\/wp-content\\\/uploads\\\/2023\\\/07\\\/Managing-Across-Cultures_kwadrat.png\",\"width\":1080,\"height\":1080,\"caption\":\"Managing Across Cultures\"},{\"@type\":\"BreadcrumbList\",\"@id\":\"https:\\\/\\\/ettagoglobal.com\\\/pl\\\/kalendarz-szkolen\\\/udana-wspolpraca-miedzykulturowa\\\/#breadcrumb\",\"itemListElement\":[{\"@type\":\"ListItem\",\"position\":1,\"name\":\"Strona g\u0142\u00f3wna\",\"item\":\"https:\\\/\\\/ettagoglobal.com\\\/pl\\\/home-2\\\/\"},{\"@type\":\"ListItem\",\"position\":2,\"name\":\"Kalendarz szkole\u0144\",\"item\":\"https:\\\/\\\/ettagoglobal.com\\\/pl\\\/kalendarz-szkolen\\\/\"},{\"@type\":\"ListItem\",\"position\":3,\"name\":\"Udana wsp\u00f3\u0142praca mi\u0119dzykulturowa\"}]},{\"@type\":\"WebSite\",\"@id\":\"https:\\\/\\\/ettagoglobal.com\\\/#website\",\"url\":\"https:\\\/\\\/ettagoglobal.com\\\/\",\"name\":\"ETTA\",\"description\":\"Global Connections. Let&#039;s do it bETTA!\",\"potentialAction\":[{\"@type\":\"SearchAction\",\"target\":{\"@type\":\"EntryPoint\",\"urlTemplate\":\"https:\\\/\\\/ettagoglobal.com\\\/?s={search_term_string}\"},\"query-input\":{\"@type\":\"PropertyValueSpecification\",\"valueRequired\":true,\"valueName\":\"search_term_string\"}}],\"inLanguage\":\"pl-PL\"}]}<\/script>\n<!-- \/ Yoast SEO plugin. -->","yoast_head_json":{"title":"Udana wsp\u00f3\u0142praca mi\u0119dzykulturowa - ETTA","description":"Witaj w Polsce! Praca i \u017cycie w Polsce - otwarte warsztaty wirtualne dla zespo\u0142\u00f3w oraz globalnych lider\u00f3w mieszkaj\u0105cych w Polsce.","robots":{"index":"index","follow":"follow","max-snippet":"max-snippet:-1","max-image-preview":"max-image-preview:large","max-video-preview":"max-video-preview:-1"},"canonical":"https:\/\/ettagoglobal.com\/pl\/kalendarz-szkolen\/udana-wspolpraca-miedzykulturowa\/","og_locale":"pl_PL","og_type":"article","og_title":"Udana wsp\u00f3\u0142praca mi\u0119dzykulturowa - ETTA","og_description":"Witaj w Polsce! Praca i \u017cycie w Polsce - otwarte warsztaty wirtualne dla zespo\u0142\u00f3w oraz globalnych lider\u00f3w mieszkaj\u0105cych w Polsce.","og_url":"https:\/\/ettagoglobal.com\/pl\/kalendarz-szkolen\/udana-wspolpraca-miedzykulturowa\/","og_site_name":"ETTA","article_modified_time":"2026-01-20T19:56:45+00:00","og_image":[{"width":1080,"height":1080,"url":"https:\/\/ettagoglobal.com\/wp-content\/uploads\/2023\/07\/Managing-Across-Cultures_kwadrat.png","type":"image\/png"}],"twitter_card":"summary_large_image","twitter_misc":{"Szacowany czas czytania":"3 minuty"},"schema":{"@context":"https:\/\/schema.org","@graph":[{"@type":"WebPage","@id":"https:\/\/ettagoglobal.com\/pl\/kalendarz-szkolen\/udana-wspolpraca-miedzykulturowa\/","url":"https:\/\/ettagoglobal.com\/pl\/kalendarz-szkolen\/udana-wspolpraca-miedzykulturowa\/","name":"Udana wsp\u00f3\u0142praca mi\u0119dzykulturowa - ETTA","isPartOf":{"@id":"https:\/\/ettagoglobal.com\/#website"},"primaryImageOfPage":{"@id":"https:\/\/ettagoglobal.com\/pl\/kalendarz-szkolen\/udana-wspolpraca-miedzykulturowa\/#primaryimage"},"image":{"@id":"https:\/\/ettagoglobal.com\/pl\/kalendarz-szkolen\/udana-wspolpraca-miedzykulturowa\/#primaryimage"},"thumbnailUrl":"https:\/\/ettagoglobal.com\/wp-content\/uploads\/2023\/07\/Managing-Across-Cultures_kwadrat.png","datePublished":"2026-01-20T19:37:31+00:00","dateModified":"2026-01-20T19:56:45+00:00","description":"Witaj w Polsce! Praca i \u017cycie w Polsce - otwarte warsztaty wirtualne dla zespo\u0142\u00f3w oraz globalnych lider\u00f3w mieszkaj\u0105cych w Polsce.","breadcrumb":{"@id":"https:\/\/ettagoglobal.com\/pl\/kalendarz-szkolen\/udana-wspolpraca-miedzykulturowa\/#breadcrumb"},"inLanguage":"pl-PL","potentialAction":[{"@type":"ReadAction","target":["https:\/\/ettagoglobal.com\/pl\/kalendarz-szkolen\/udana-wspolpraca-miedzykulturowa\/"]}]},{"@type":"ImageObject","inLanguage":"pl-PL","@id":"https:\/\/ettagoglobal.com\/pl\/kalendarz-szkolen\/udana-wspolpraca-miedzykulturowa\/#primaryimage","url":"https:\/\/ettagoglobal.com\/wp-content\/uploads\/2023\/07\/Managing-Across-Cultures_kwadrat.png","contentUrl":"https:\/\/ettagoglobal.com\/wp-content\/uploads\/2023\/07\/Managing-Across-Cultures_kwadrat.png","width":1080,"height":1080,"caption":"Managing Across Cultures"},{"@type":"BreadcrumbList","@id":"https:\/\/ettagoglobal.com\/pl\/kalendarz-szkolen\/udana-wspolpraca-miedzykulturowa\/#breadcrumb","itemListElement":[{"@type":"ListItem","position":1,"name":"Strona g\u0142\u00f3wna","item":"https:\/\/ettagoglobal.com\/pl\/home-2\/"},{"@type":"ListItem","position":2,"name":"Kalendarz szkole\u0144","item":"https:\/\/ettagoglobal.com\/pl\/kalendarz-szkolen\/"},{"@type":"ListItem","position":3,"name":"Udana wsp\u00f3\u0142praca mi\u0119dzykulturowa"}]},{"@type":"WebSite","@id":"https:\/\/ettagoglobal.com\/#website","url":"https:\/\/ettagoglobal.com\/","name":"ETTA","description":"Global Connections. Let&#039;s do it bETTA!","potentialAction":[{"@type":"SearchAction","target":{"@type":"EntryPoint","urlTemplate":"https:\/\/ettagoglobal.com\/?s={search_term_string}"},"query-input":{"@type":"PropertyValueSpecification","valueRequired":true,"valueName":"search_term_string"}}],"inLanguage":"pl-PL"}]}},"_links":{"self":[{"href":"https:\/\/ettagoglobal.com\/pl\/wp-json\/wp\/v2\/pages\/30583","targetHints":{"allow":["GET"]}}],"collection":[{"href":"https:\/\/ettagoglobal.com\/pl\/wp-json\/wp\/v2\/pages"}],"about":[{"href":"https:\/\/ettagoglobal.com\/pl\/wp-json\/wp\/v2\/types\/page"}],"author":[{"embeddable":true,"href":"https:\/\/ettagoglobal.com\/pl\/wp-json\/wp\/v2\/users\/7"}],"replies":[{"embeddable":true,"href":"https:\/\/ettagoglobal.com\/pl\/wp-json\/wp\/v2\/comments?post=30583"}],"version-history":[{"count":5,"href":"https:\/\/ettagoglobal.com\/pl\/wp-json\/wp\/v2\/pages\/30583\/revisions"}],"predecessor-version":[{"id":30596,"href":"https:\/\/ettagoglobal.com\/pl\/wp-json\/wp\/v2\/pages\/30583\/revisions\/30596"}],"up":[{"embeddable":true,"href":"https:\/\/ettagoglobal.com\/pl\/wp-json\/wp\/v2\/pages\/29952"}],"wp:featuredmedia":[{"embeddable":true,"href":"https:\/\/ettagoglobal.com\/pl\/wp-json\/wp\/v2\/media\/27461"}],"wp:attachment":[{"href":"https:\/\/ettagoglobal.com\/pl\/wp-json\/wp\/v2\/media?parent=30583"}],"curies":[{"name":"wp","href":"https:\/\/api.w.org\/{rel}","templated":true}]}}