{"id":30463,"date":"2025-11-18T10:38:17","date_gmt":"2025-11-18T10:38:17","guid":{"rendered":"https:\/\/ettagoglobal.com\/?page_id=30463"},"modified":"2025-11-18T10:39:03","modified_gmt":"2025-11-18T10:39:03","slug":"growth-2","status":"publish","type":"page","link":"https:\/\/ettagoglobal.com\/pl\/growth-2\/","title":{"rendered":"Growth 2.0"},"content":{"rendered":"<p>[vc_row full_width=&#8221;stretch_row&#8221; css=&#8221;.vc_custom_1753381629079{background-image: url(https:\/\/ettagoglobal.com\/wp-content\/uploads\/2022\/04\/background-zarzadzanie-pracownikami-z-ukrainy.jpg?id=24784)&nbsp;!important;background-position: center&nbsp;!important;background-repeat: no-repeat&nbsp;!important;background-size: cover&nbsp;!important;}&#8221; el_class=&#8221;main-slide&#8221;][vc_column width=&#8221;4\/5&#8243;][vc_empty_space height=&#8221;100px&#8221;][vc_column_text]<\/p>\n<h1>Growth 2.0<\/h1>\n<p>[\/vc_column_text][vc_empty_space height=&#8221;30px&#8221;][vc_column_text]<\/p>\n<div class=\"wpb_text_column wpb_content_element \">\n<div class=\"wpb_wrapper\">\n<p>Przekszta\u0142cenie grupy o&nbsp;widocznej r\u00f3\u017cnorodno\u015bci w&nbsp;zesp\u00f3\u0142 osi\u0105gaj\u0105cy wysokie wyniki stanowi wyzwanie. Pom\u00f3c mog\u0105 bezpiecze\u0144stwo psychologiczne i&nbsp;dobrze dobrane narz\u0119dzia. Sprawd\u017a nasze szkolenia i&nbsp;programy certyfikacyjne.<\/p>\n<\/div>\n<\/div>\n<p>[\/vc_column_text][vc_empty_space height=&#8221;100px&#8221;][\/vc_column][vc_column width=&#8221;1\/5&#8243;][\/vc_column][\/vc_row][vc_row full_width=&#8221;stretch_row&#8221; gap=&#8221;20&#8243; content_placement=&#8221;middle&#8221; el_class=&#8221;training-list&#8221;][vc_column][vc_column_text]<\/p>\n<h2>Nadchodz\u0105ce szkolenia i&nbsp;certyfikacje<\/h2>\n<p>[\/vc_column_text][\/vc_column][\/vc_row][vc_row gap=&#8221;30&#8243; el_class=&#8221;offer&#8221;][vc_column width=&#8221;1\/3&#8243; el_class=&#8221;section&#8221;][vc_empty_space height=&#8221;30px&#8221;][mnky_retina_image img_url=&#8221;27428&#8243; align=&#8221;retina-image-center&#8221; width=&#8221;200px&#8221; height=&#8221;200px&#8221; link=&#8221;url:https%3A%2F%2Fettagoglobal.com%2Fpl%2Fszkolenia-otwarte%2Fwitaj-w-polsce%2F&#8221;][vc_empty_space height=&#8221;20px&#8221;][vc_column_text]<\/p>\n<h3 style=\"text-align: center;\"><a href=\"https:\/\/ettagoglobal.com\/pl\/szkolenia-otwarte\/trzy-niewidzialne-sily-napedzajace-efektywne-zespoly\/\" target=\"_blank\" rel=\"noopener\">Trzy niewidzialne si\u0142y nap\u0119dzaj\u0105ce efektywne zespo\u0142y<\/a><\/h3>\n<p>[\/vc_column_text][vc_empty_space height=&#8221;30px&#8221;][\/vc_column][vc_column width=&#8221;1\/3&#8243; el_class=&#8221;section&#8221;][vc_empty_space height=&#8221;30px&#8221;][mnky_retina_image img_url=&#8221;27510&#8243; align=&#8221;retina-image-center&#8221; width=&#8221;200px&#8221; height=&#8221;200px&#8221; link=&#8221;url:https%3A%2F%2Fettagoglobal.com%2Fpl%2Fszkolenia-otwarte%2Fprogram-certyfikacyjny-growth-zone%2F&#8221;][vc_empty_space height=&#8221;20px&#8221;][vc_column_text]<\/p>\n<h3 style=\"text-align: center;\"><a href=\"https:\/\/ettagoglobal.com\/pl\/szkolenia-otwarte\/program-certyfikacyjny-growth-zone\/\" target=\"_blank\" rel=\"noopener\"><span class=\"TextRun SpellingErrorZoomed SCXP206189982 BCX0\" lang=\"PL-PL\" xml:lang=\"PL-PL\" data-usefontface=\"true\" data-contrast=\"none\"><span class=\"SCXP206189982 BCX0\">Program certyfikacyjny Growth Zone\u2122\u00a0<\/span><\/span><\/a><\/h3>\n<p>[\/vc_column_text][vc_empty_space height=&#8221;30px&#8221;][\/vc_column][vc_column width=&#8221;1\/3&#8243; el_class=&#8221;section&#8221;][vc_empty_space height=&#8221;30px&#8221;][mnky_retina_image img_url=&#8221;27474&#8243; align=&#8221;retina-image-center&#8221; width=&#8221;200px&#8221; height=&#8221;200px&#8221; link=&#8221;url:https%3A%2F%2Fettagoglobal.com%2Fpl%2Fszkolenia-otwarte%2Fprogram-certyfikacyjny-global-disc%2F&#8221;][vc_empty_space height=&#8221;20px&#8221;][vc_column_text]<\/p>\n<h3 style=\"text-align: center;\"><a href=\"https:\/\/ettagoglobal.com\/pl\/szkolenia-otwarte\/program-certyfikacyjny-global-disc\/\" target=\"_blank\" rel=\"noopener\">Program certyfikacyjny Global DISC\u2122<\/a><\/h3>\n<p>[\/vc_column_text][vc_empty_space height=&#8221;30px&#8221;][\/vc_column][\/vc_row][vc_row][vc_column][vc_empty_space height=&#8221;30px&#8221;][\/vc_column][\/vc_row][vc_row][vc_column][vc_separator][\/vc_column][\/vc_row][vc_row full_width=&#8221;stretch_row&#8221; gap=&#8221;20&#8243; content_placement=&#8221;middle&#8221; el_class=&#8221;training-list&#8221;][vc_column width=&#8221;1\/4&#8243;][\/vc_column][vc_column width=&#8221;1\/2&#8243;][vc_column_text]<\/p>\n<h2>Czy&nbsp;wiesz, \u017ce&#8230;?<\/h2>\n<p>[\/vc_column_text][vc_empty_space height=&#8221;30px&#8221;][vc_column_text]Bior\u0105c udzia\u0142 w&nbsp;szkoleniach ETTA, wspierasz dzia\u0142ania Fundacji Kosmos dla&nbsp;Dziewczynek.[\/vc_column_text][vc_empty_space height=&#8221;30px&#8221;][mnky_retina_image img_url=&#8221;30017&#8243; width=&#8221;450px&#8221; height=&#8221;450px&#8221;][\/vc_column][vc_column width=&#8221;1\/4&#8243;][\/vc_column][\/vc_row][vc_row][vc_column][vc_empty_space height=&#8221;60px&#8221;][\/vc_column][\/vc_row][vc_row][vc_column][vc_empty_space height=&#8221;30px&#8221;][\/vc_column][\/vc_row][vc_row][vc_column][vc_column_text]<\/p>\n<p>[\/vc_column_text][\/vc_column][\/vc_row]<\/p>\n","protected":false},"excerpt":{"rendered":"<p>[vc_row full_width=&#8221;stretch_row&#8221; css=&#8221;.vc_custom_1753381629079{background-image: url(https:\/\/ettagoglobal.com\/wp-content\/uploads\/2022\/04\/background-zarzadzanie-pracownikami-z-ukrainy.jpg?id=24784)&nbsp;!important;background-position: center&nbsp;!important;background-repeat: no-repeat&nbsp;!important;background-size: cover&nbsp;!important;}&#8221; el_class=&#8221;main-slide&#8221;][vc_column width=&#8221;4\/5&#8243;][vc_empty_space height=&#8221;100px&#8221;][vc_column_text] Growth 2.0 [\/vc_column_text][vc_empty_space height=&#8221;30px&#8221;][vc_column_text] Przekszta\u0142cenie grupy o&nbsp;widocznej r\u00f3\u017cnorodno\u015bci w&nbsp;zesp\u00f3\u0142 osi\u0105gaj\u0105cy &hellip; <\/p>\n","protected":false},"author":7,"featured_media":24873,"parent":0,"menu_order":56,"comment_status":"closed","ping_status":"closed","template":"page-no-paddings.php","meta":{"_acf_changed":false,"footnotes":"","_links_to":"","_links_to_target":""},"class_list":["post-30463","page","type-page","status-publish","has-post-thumbnail","hentry"],"acf":[],"yoast_head":"<!-- This site is optimized with the Yoast SEO plugin v27.3 - https:\/\/yoast.com\/product\/yoast-seo-wordpress\/ -->\n<title>Growth 2.0 - ETTA<\/title>\n<meta name=\"description\" content=\"Odkryj nadchodz\u0105ce otwarte szkolenia, warsztaty i sesje dialogowe. B\u0105d\u017a na bie\u017c\u0105co z wydarzeniami rozwojowymi dla lider\u00f3w i profesjonalist\u00f3w.\" \/>\n<meta name=\"robots\" content=\"index, follow, max-snippet:-1, max-image-preview:large, max-video-preview:-1\" \/>\n<link rel=\"canonical\" href=\"https:\/\/ettagoglobal.com\/pl\/growth-2\/\" \/>\n<meta property=\"og:locale\" content=\"pl_PL\" \/>\n<meta property=\"og:type\" content=\"article\" \/>\n<meta property=\"og:title\" content=\"Growth 2.0 - ETTA\" \/>\n<meta property=\"og:description\" content=\"Odkryj nadchodz\u0105ce otwarte szkolenia, warsztaty i sesje dialogowe. B\u0105d\u017a na bie\u017c\u0105co z wydarzeniami rozwojowymi dla lider\u00f3w i profesjonalist\u00f3w.\" \/>\n<meta property=\"og:url\" content=\"https:\/\/ettagoglobal.com\/pl\/growth-2\/\" \/>\n<meta property=\"og:site_name\" content=\"ETTA\" \/>\n<meta property=\"article:modified_time\" content=\"2025-11-18T10:39:03+00:00\" \/>\n<meta property=\"og:image\" content=\"https:\/\/ettagoglobal.com\/wp-content\/uploads\/2022\/04\/zarzadzanie-pokoleniami.jpg\" \/>\n\t<meta property=\"og:image:width\" content=\"400\" \/>\n\t<meta property=\"og:image:height\" content=\"400\" \/>\n\t<meta property=\"og:image:type\" content=\"image\/jpeg\" \/>\n<meta name=\"twitter:card\" content=\"summary_large_image\" \/>\n<meta name=\"twitter:label1\" content=\"Szacowany czas czytania\" \/>\n\t<meta name=\"twitter:data1\" content=\"1 minuta\" \/>\n<script type=\"application\/ld+json\" class=\"yoast-schema-graph\">{\"@context\":\"https:\\\/\\\/schema.org\",\"@graph\":[{\"@type\":\"WebPage\",\"@id\":\"https:\\\/\\\/ettagoglobal.com\\\/pl\\\/growth-2\\\/\",\"url\":\"https:\\\/\\\/ettagoglobal.com\\\/pl\\\/growth-2\\\/\",\"name\":\"Growth 2.0 - ETTA\",\"isPartOf\":{\"@id\":\"https:\\\/\\\/ettagoglobal.com\\\/#website\"},\"primaryImageOfPage\":{\"@id\":\"https:\\\/\\\/ettagoglobal.com\\\/pl\\\/growth-2\\\/#primaryimage\"},\"image\":{\"@id\":\"https:\\\/\\\/ettagoglobal.com\\\/pl\\\/growth-2\\\/#primaryimage\"},\"thumbnailUrl\":\"https:\\\/\\\/ettagoglobal.com\\\/wp-content\\\/uploads\\\/2022\\\/04\\\/zarzadzanie-pokoleniami.jpg\",\"datePublished\":\"2025-11-18T10:38:17+00:00\",\"dateModified\":\"2025-11-18T10:39:03+00:00\",\"description\":\"Odkryj nadchodz\u0105ce otwarte szkolenia, warsztaty i sesje dialogowe. B\u0105d\u017a na bie\u017c\u0105co z wydarzeniami rozwojowymi dla lider\u00f3w i profesjonalist\u00f3w.\",\"breadcrumb\":{\"@id\":\"https:\\\/\\\/ettagoglobal.com\\\/pl\\\/growth-2\\\/#breadcrumb\"},\"inLanguage\":\"pl-PL\",\"potentialAction\":[{\"@type\":\"ReadAction\",\"target\":[\"https:\\\/\\\/ettagoglobal.com\\\/pl\\\/growth-2\\\/\"]}]},{\"@type\":\"ImageObject\",\"inLanguage\":\"pl-PL\",\"@id\":\"https:\\\/\\\/ettagoglobal.com\\\/pl\\\/growth-2\\\/#primaryimage\",\"url\":\"https:\\\/\\\/ettagoglobal.com\\\/wp-content\\\/uploads\\\/2022\\\/04\\\/zarzadzanie-pokoleniami.jpg\",\"contentUrl\":\"https:\\\/\\\/ettagoglobal.com\\\/wp-content\\\/uploads\\\/2022\\\/04\\\/zarzadzanie-pokoleniami.jpg\",\"width\":400,\"height\":400,\"caption\":\"zarz\u0105dzanie pokoleniami szkolenie ETTA pokolenie Z generacja Z\"},{\"@type\":\"BreadcrumbList\",\"@id\":\"https:\\\/\\\/ettagoglobal.com\\\/pl\\\/growth-2\\\/#breadcrumb\",\"itemListElement\":[{\"@type\":\"ListItem\",\"position\":1,\"name\":\"Strona g\u0142\u00f3wna\",\"item\":\"https:\\\/\\\/ettagoglobal.com\\\/pl\\\/home-2\\\/\"},{\"@type\":\"ListItem\",\"position\":2,\"name\":\"Growth 2.0\"}]},{\"@type\":\"WebSite\",\"@id\":\"https:\\\/\\\/ettagoglobal.com\\\/#website\",\"url\":\"https:\\\/\\\/ettagoglobal.com\\\/\",\"name\":\"ETTA\",\"description\":\"Global Connections. Let&#039;s do it bETTA!\",\"potentialAction\":[{\"@type\":\"SearchAction\",\"target\":{\"@type\":\"EntryPoint\",\"urlTemplate\":\"https:\\\/\\\/ettagoglobal.com\\\/?s={search_term_string}\"},\"query-input\":{\"@type\":\"PropertyValueSpecification\",\"valueRequired\":true,\"valueName\":\"search_term_string\"}}],\"inLanguage\":\"pl-PL\"}]}<\/script>\n<!-- \/ Yoast SEO plugin. -->","yoast_head_json":{"title":"Growth 2.0 - ETTA","description":"Odkryj nadchodz\u0105ce otwarte szkolenia, warsztaty i sesje dialogowe. B\u0105d\u017a na bie\u017c\u0105co z wydarzeniami rozwojowymi dla lider\u00f3w i profesjonalist\u00f3w.","robots":{"index":"index","follow":"follow","max-snippet":"max-snippet:-1","max-image-preview":"max-image-preview:large","max-video-preview":"max-video-preview:-1"},"canonical":"https:\/\/ettagoglobal.com\/pl\/growth-2\/","og_locale":"pl_PL","og_type":"article","og_title":"Growth 2.0 - ETTA","og_description":"Odkryj nadchodz\u0105ce otwarte szkolenia, warsztaty i sesje dialogowe. B\u0105d\u017a na bie\u017c\u0105co z wydarzeniami rozwojowymi dla lider\u00f3w i profesjonalist\u00f3w.","og_url":"https:\/\/ettagoglobal.com\/pl\/growth-2\/","og_site_name":"ETTA","article_modified_time":"2025-11-18T10:39:03+00:00","og_image":[{"width":400,"height":400,"url":"https:\/\/ettagoglobal.com\/wp-content\/uploads\/2022\/04\/zarzadzanie-pokoleniami.jpg","type":"image\/jpeg"}],"twitter_card":"summary_large_image","twitter_misc":{"Szacowany czas czytania":"1 minuta"},"schema":{"@context":"https:\/\/schema.org","@graph":[{"@type":"WebPage","@id":"https:\/\/ettagoglobal.com\/pl\/growth-2\/","url":"https:\/\/ettagoglobal.com\/pl\/growth-2\/","name":"Growth 2.0 - ETTA","isPartOf":{"@id":"https:\/\/ettagoglobal.com\/#website"},"primaryImageOfPage":{"@id":"https:\/\/ettagoglobal.com\/pl\/growth-2\/#primaryimage"},"image":{"@id":"https:\/\/ettagoglobal.com\/pl\/growth-2\/#primaryimage"},"thumbnailUrl":"https:\/\/ettagoglobal.com\/wp-content\/uploads\/2022\/04\/zarzadzanie-pokoleniami.jpg","datePublished":"2025-11-18T10:38:17+00:00","dateModified":"2025-11-18T10:39:03+00:00","description":"Odkryj nadchodz\u0105ce otwarte szkolenia, warsztaty i sesje dialogowe. B\u0105d\u017a na bie\u017c\u0105co z wydarzeniami rozwojowymi dla lider\u00f3w i profesjonalist\u00f3w.","breadcrumb":{"@id":"https:\/\/ettagoglobal.com\/pl\/growth-2\/#breadcrumb"},"inLanguage":"pl-PL","potentialAction":[{"@type":"ReadAction","target":["https:\/\/ettagoglobal.com\/pl\/growth-2\/"]}]},{"@type":"ImageObject","inLanguage":"pl-PL","@id":"https:\/\/ettagoglobal.com\/pl\/growth-2\/#primaryimage","url":"https:\/\/ettagoglobal.com\/wp-content\/uploads\/2022\/04\/zarzadzanie-pokoleniami.jpg","contentUrl":"https:\/\/ettagoglobal.com\/wp-content\/uploads\/2022\/04\/zarzadzanie-pokoleniami.jpg","width":400,"height":400,"caption":"zarz\u0105dzanie pokoleniami szkolenie ETTA pokolenie Z generacja Z"},{"@type":"BreadcrumbList","@id":"https:\/\/ettagoglobal.com\/pl\/growth-2\/#breadcrumb","itemListElement":[{"@type":"ListItem","position":1,"name":"Strona g\u0142\u00f3wna","item":"https:\/\/ettagoglobal.com\/pl\/home-2\/"},{"@type":"ListItem","position":2,"name":"Growth 2.0"}]},{"@type":"WebSite","@id":"https:\/\/ettagoglobal.com\/#website","url":"https:\/\/ettagoglobal.com\/","name":"ETTA","description":"Global Connections. Let&#039;s do it bETTA!","potentialAction":[{"@type":"SearchAction","target":{"@type":"EntryPoint","urlTemplate":"https:\/\/ettagoglobal.com\/?s={search_term_string}"},"query-input":{"@type":"PropertyValueSpecification","valueRequired":true,"valueName":"search_term_string"}}],"inLanguage":"pl-PL"}]}},"_links":{"self":[{"href":"https:\/\/ettagoglobal.com\/pl\/wp-json\/wp\/v2\/pages\/30463","targetHints":{"allow":["GET"]}}],"collection":[{"href":"https:\/\/ettagoglobal.com\/pl\/wp-json\/wp\/v2\/pages"}],"about":[{"href":"https:\/\/ettagoglobal.com\/pl\/wp-json\/wp\/v2\/types\/page"}],"author":[{"embeddable":true,"href":"https:\/\/ettagoglobal.com\/pl\/wp-json\/wp\/v2\/users\/7"}],"replies":[{"embeddable":true,"href":"https:\/\/ettagoglobal.com\/pl\/wp-json\/wp\/v2\/comments?post=30463"}],"version-history":[{"count":3,"href":"https:\/\/ettagoglobal.com\/pl\/wp-json\/wp\/v2\/pages\/30463\/revisions"}],"predecessor-version":[{"id":30467,"href":"https:\/\/ettagoglobal.com\/pl\/wp-json\/wp\/v2\/pages\/30463\/revisions\/30467"}],"wp:featuredmedia":[{"embeddable":true,"href":"https:\/\/ettagoglobal.com\/pl\/wp-json\/wp\/v2\/media\/24873"}],"wp:attachment":[{"href":"https:\/\/ettagoglobal.com\/pl\/wp-json\/wp\/v2\/media?parent=30463"}],"curies":[{"name":"wp","href":"https:\/\/api.w.org\/{rel}","templated":true}]}}