{"id":30258,"date":"2025-09-13T10:51:06","date_gmt":"2025-09-13T10:51:06","guid":{"rendered":"https:\/\/ettagoglobal.com\/?page_id=30258"},"modified":"2025-11-26T21:27:48","modified_gmt":"2025-11-26T21:27:48","slug":"program-certyfikacyjny-global-disc","status":"publish","type":"page","link":"https:\/\/ettagoglobal.com\/pl\/kalendarz-szkolen\/program-certyfikacyjny-global-disc\/","title":{"rendered":"Program Certyfikacyjny Global DISC\u2122"},"content":{"rendered":"<p>[vc_row full_width=&#8221;stretch_row&#8221; css=&#8221;.vc_custom_1689849226450{background-image: url(https:\/\/ettagoglobal.com\/wp-content\/uploads\/2023\/07\/Communicating-and-Presenting-Across-Cultures.png?id=27490)&nbsp;!important;background-position: center&nbsp;!important;background-repeat: no-repeat&nbsp;!important;background-size: cover&nbsp;!important;}&#8221; el_class=&#8221;main-slide&#8221;][vc_column][vc_empty_space height=&#8221;100px&#8221;][vc_column_text]<\/p>\n<h1 data-start=\"169\" data-end=\"207\">Program Certyfikacyjny Global DISC\u2122<\/h1>\n<p>[\/vc_column_text][vc_empty_space height=&#8221;30px&#8221;][vc_column_text]<\/p>\n<p data-start=\"421\" data-end=\"504\">Zdob\u0105d\u017a certyfikacj\u0119 w&nbsp;nagradzanym narz\u0119dziu diagnostycznym i&nbsp;coachingowym, kt\u00f3re zamienia r\u00f3\u017cnorodno\u015b\u0107 w&nbsp;synergi\u0119<\/p>\n<p>[\/vc_column_text][vc_empty_space height=&#8221;100px&#8221;][\/vc_column][\/vc_row][vc_row el_class=&#8221;training-for&#8221;][vc_column][vc_empty_space height=&#8221;60px&#8221;][vc_column_text]<\/p>\n<h3 data-start=\"506\" data-end=\"589\">Odkryj potencja\u0142 tkwi\u0105cy w&nbsp;ludziach i&nbsp;zespo\u0142ach, \u0142\u0105cz\u0105c r\u00f3\u017cnice kulturowe i&nbsp;osobowo\u015bciowe<\/h3>\n<p data-start=\"453\" data-end=\"903\">Globalne zespo\u0142y odnosz\u0105 sukces lub&nbsp;ponosz\u0105 pora\u017ck\u0119 nie z&nbsp;powodu braku umiej\u0119tno\u015bci, ale&nbsp;z&nbsp;powodu problem\u00f3w komunikacyjnych i&nbsp;nieporozumie\u0144 kulturowych. <strong data-start=\"606\" data-end=\"622\">Global DISC\u2122<\/strong>, akredytowane przez&nbsp;<strong data-start=\"643\" data-end=\"650\">ICF<\/strong> i&nbsp;wielokrotnie nagradzane narz\u0119dzie, wprowadza inteligencj\u0119 kulturow\u0105 (ICQ) w&nbsp;j\u0119zyku najcz\u0119\u015bciej stosowanego modelu behawioralnego DISC. Pokazuje <strong data-start=\"797\" data-end=\"901\">co, jak i&nbsp;dlaczego ludzie my\u015bl\u0105 i&nbsp;zachowuj\u0105 si\u0119 tak r\u00f3\u017cnie \u2014 oraz&nbsp;jak te r\u00f3\u017cnice przeku\u0107 w&nbsp;przewag\u0119.<\/strong><\/p>\n<p data-start=\"905\" data-end=\"1164\">Jako <strong data-start=\"910\" data-end=\"947\">Licencjonowany Partner ICQ Global<\/strong> prowadzimy oficjalny program certyfikacyjny Global DISC, kt\u00f3ry wyposa\u017cy coach\u00f3w, konsultant\u00f3w, specjalist\u00f3w HR i&nbsp;L&amp;D w&nbsp;narz\u0119dzia pozwalaj\u0105ce diagnozowa\u0107, wyja\u015bnia\u0107 i&nbsp;zamyka\u0107 luki ograniczaj\u0105ce efektywno\u015b\u0107 zespo\u0142\u00f3w.<\/p>\n<p>[\/vc_column_text][vc_empty_space height=&#8221;60px&#8221;][\/vc_column][\/vc_row][vc_row full_width=&#8221;stretch_row&#8221; el_class=&#8221;training-for&#8221; css=&#8221;.vc_custom_1757682520197{background-color: #f6f7f8&nbsp;!important;}&#8221;][vc_column width=&#8221;1\/3&#8243;][vc_empty_space height=&#8221;60px&#8221;][mnky_service icon_fontawesome=&#8221;fas fa-user-tie&#8221; title=&#8221;Dla kogo jest ten program?&#8221; icon_color=&#8221;#993436&#8243;][\/mnky_service][vc_empty_space height=&#8221;60px&#8221;][\/vc_column][vc_column width=&#8221;2\/3&#8243;][vc_empty_space height=&#8221;60px&#8221;][vc_column_text]<\/p>\n<ul data-start=\"1207\" data-end=\"1508\">\n<li data-start=\"1207\" data-end=\"1304\">\n<p data-start=\"1209\" data-end=\"1304\">Coachowie, konsultanci i&nbsp;trenerzy, kt\u00f3rzy chc\u0105 poszerzy\u0107 ofert\u0119 o&nbsp;globalnie uznane narz\u0119dzie.<\/p>\n<\/li>\n<li data-start=\"1305\" data-end=\"1398\">\n<p data-start=\"1307\" data-end=\"1398\">Specjali\u015bci HR i&nbsp;L&amp;D, kt\u00f3rzy chc\u0105 rozwija\u0107 inteligencj\u0119 kulturow\u0105 w&nbsp;swoich organizacjach.<\/p>\n<\/li>\n<li data-start=\"1399\" data-end=\"1508\">\n<p data-start=\"1401\" data-end=\"1508\">Liderzy zespo\u0142\u00f3w i&nbsp;eksperci rozwoju przyw\u00f3dztwa pracuj\u0105cy z&nbsp;zespo\u0142ami wielokulturowymi lub&nbsp;rozproszonymi.<\/p>\n<\/li>\n<\/ul>\n<p data-start=\"1510\" data-end=\"1728\">Je\u015bli pracujesz z&nbsp;lud\u017ami o&nbsp;r\u00f3\u017cnych perspektywach \u2014 w&nbsp;skali mi\u0119dzynarodowej lub&nbsp;lokalnej \u2014 certyfikacja Global DISC wyposa\u017cy Ci\u0119 w&nbsp;wiedz\u0119 i&nbsp;narz\u0119dzia, kt\u00f3re pozwol\u0105 przekszta\u0142ci\u0107 r\u00f3\u017cnorodno\u015b\u0107 w&nbsp;przewag\u0119 konkurencyjn\u0105.<\/p>\n<p>[\/vc_column_text][vc_empty_space height=&#8221;60px&#8221;][\/vc_column][\/vc_row][vc_row full_width=&#8221;stretch_row&#8221;][vc_column][vc_empty_space height=&#8221;60px&#8221;][\/vc_column][vc_column width=&#8221;1\/3&#8243;][mnky_service icon_fontawesome=&#8221;fas fa-bullseye&#8221; title=&#8221;Dlaczego warto wybra\u0107 Global DISC?&#8221; icon_color=&#8221;#993436&#8243;][\/mnky_service][vc_empty_space height=&#8221;30px&#8221;][\/vc_column][vc_column width=&#8221;2\/3&#8243;][vc_column_text]<\/p>\n<ul data-start=\"1594\" data-end=\"2167\">\n<li data-start=\"1775\" data-end=\"1853\">\n<p data-start=\"1777\" data-end=\"1853\"><strong data-start=\"1777\" data-end=\"1796\">Akredytacja ICF<\/strong>: zdob\u0105d\u017a globalnie uznawan\u0105 certyfikacj\u0119 i&nbsp;punkty CCE.<\/p>\n<\/li>\n<li data-start=\"1854\" data-end=\"1982\">\n<p data-start=\"1856\" data-end=\"1982\"><strong data-start=\"1856\" data-end=\"1893\">Wielokrotnie nagradzane narz\u0119dzie<\/strong>: u\u017cywane przez&nbsp;firmy z&nbsp;listy Fortune 500, instytucje rz\u0105dowe i&nbsp;uczelnie w&nbsp;27+ krajach.<\/p>\n<\/li>\n<li data-start=\"1983\" data-end=\"2081\">\n<p data-start=\"1985\" data-end=\"2081\"><strong data-start=\"1985\" data-end=\"2009\">Naukowa wiarygodno\u015b\u0107<\/strong>: \u0142\u0105czy 11 zweryfikowanych modeli z&nbsp;praktyk\u0105 mi\u0119dzynarodowego biznesu.<\/p>\n<\/li>\n<li data-start=\"2082\" data-end=\"2187\">\n<p data-start=\"2084\" data-end=\"2187\"><strong data-start=\"2084\" data-end=\"2106\">Efektywne kosztowo<\/strong>: zast\u0119puje drogie szkolenia grupowe, oferuj\u0105c precyzyjne, indywidualne wyniki.<\/p>\n<\/li>\n<li data-start=\"2188\" data-end=\"2288\">\n<p data-start=\"2190\" data-end=\"2288\"><strong data-start=\"2190\" data-end=\"2217\">Praktyczne i&nbsp;skalowalne<\/strong>: dzia\u0142a zar\u00f3wno lokalnie, jak i&nbsp;globalnie, dla&nbsp;jednostek i&nbsp;zespo\u0142\u00f3w.<\/p>\n<\/li>\n<\/ul>\n<p>[\/vc_column_text][vc_empty_space height=&#8221;60px&#8221;][\/vc_column][\/vc_row][vc_row full_width=&#8221;stretch_row&#8221; css=&#8221;.vc_custom_1757759718938{background-color: #f6f7f8&nbsp;!important;}&#8221;][vc_column][vc_empty_space height=&#8221;60px&#8221;][\/vc_column][vc_column width=&#8221;1\/3&#8243;][mnky_service icon_fontawesome=&#8221;fas fa-bullseye&#8221; title=&#8221;Co zyskasz dzi\u0119ki certyfikacji?&#8221; icon_color=&#8221;#993436&#8243;][\/mnky_service][vc_empty_space height=&#8221;30px&#8221;][\/vc_column][vc_column width=&#8221;2\/3&#8243;][vc_column_text]<\/p>\n<ul data-start=\"2211\" data-end=\"2793\">\n<li data-start=\"2332\" data-end=\"2455\">\n<p data-start=\"2334\" data-end=\"2455\">Umiej\u0119tno\u015b\u0107 <strong data-start=\"2346\" data-end=\"2410\">diagnozy i&nbsp;wizualizacji r\u00f3\u017cnic kulturowych i&nbsp;osobowo\u015bciowych<\/strong> pomi\u0119dzy jednostkami, zespo\u0142ami i&nbsp;krajami.<\/p>\n<\/li>\n<li data-start=\"2456\" data-end=\"2563\">\n<p data-start=\"2458\" data-end=\"2563\">Dost\u0119p do&nbsp;<strong data-start=\"2468\" data-end=\"2511\">42-stronicowych raport\u00f3w indywidualnych<\/strong>, profili por\u00f3wnawczych oraz&nbsp;raport\u00f3w zespo\u0142owych.<\/p>\n<\/li>\n<li data-start=\"2564\" data-end=\"2667\">\n<p data-start=\"2566\" data-end=\"2667\">Kompetencje, by <strong data-start=\"2582\" data-end=\"2664\">stosowa\u0107 Global DISC w&nbsp;coachingu, szkoleniach i&nbsp;programach rozwoju przyw\u00f3dztwa<\/strong>.<\/p>\n<\/li>\n<li data-start=\"2668\" data-end=\"2753\">\n<p data-start=\"2670\" data-end=\"2753\">Zasoby umo\u017cliwiaj\u0105ce integracj\u0119 Global DISC z&nbsp;istniej\u0105cymi us\u0142ugami i&nbsp;programami.<\/p>\n<\/li>\n<li data-start=\"2754\" data-end=\"2844\">\n<p data-start=\"2756\" data-end=\"2844\">Cz\u0142onkostwo w&nbsp;<strong data-start=\"2770\" data-end=\"2822\">globalnej spo\u0142eczno\u015bci certyfikowanych praktyk\u00f3w<\/strong> w&nbsp;ponad 50 krajach.<\/p>\n<\/li>\n<li data-start=\"2845\" data-end=\"2947\">\n<p data-start=\"2847\" data-end=\"2947\">Wyj\u0105tkow\u0105 przewag\u0119 konkurencyjn\u0105 w&nbsp;pracy z&nbsp;klientami i&nbsp;zespo\u0142ami w&nbsp;z\u0142o\u017conym \u015brodowisku biznesowym.<\/p>\n<\/li>\n<\/ul>\n<p>[\/vc_column_text][vc_empty_space height=&#8221;60px&#8221;][\/vc_column][\/vc_row][vc_row full_width=&#8221;stretch_row&#8221;][vc_column][vc_empty_space height=&#8221;60px&#8221;][\/vc_column][vc_column width=&#8221;1\/3&#8243;][mnky_service icon_fontawesome=&#8221;fas fa-bullseye&#8221; title=&#8221;Certyfikacja obejmuje:&#8221; icon_color=&#8221;#993436&#8243;][\/mnky_service][vc_empty_space height=&#8221;30px&#8221;][\/vc_column][vc_column width=&#8221;2\/3&#8243;][vc_column_text]<\/p>\n<ul data-start=\"2827\" data-end=\"3422\">\n<li data-start=\"2981\" data-end=\"3062\">\n<p data-start=\"2983\" data-end=\"3062\"><strong data-start=\"2983\" data-end=\"3016\">Interaktywne szkolenia online<\/strong> prowadzone przez&nbsp;licencjonowanych ekspert\u00f3w<\/p>\n<\/li>\n<li data-start=\"3063\" data-end=\"3125\">\n<p data-start=\"3065\" data-end=\"3125\"><strong data-start=\"3065\" data-end=\"3083\">Punkty ICF CCE<\/strong>: uznane punkty kszta\u0142cenia ustawicznego<\/p>\n<\/li>\n<li data-start=\"3126\" data-end=\"3201\">\n<p data-start=\"3128\" data-end=\"3201\"><strong data-start=\"3128\" data-end=\"3148\">Kompletne zasoby<\/strong>: materia\u0142y szkoleniowe, sprzeda\u017cowe i&nbsp;marketingowe<\/p>\n<\/li>\n<li data-start=\"3202\" data-end=\"3297\">\n<p data-start=\"3204\" data-end=\"3297\"><strong data-start=\"3204\" data-end=\"3237\">Pakiet Global DISC Assessment<\/strong>: analiza, raporty i&nbsp;metodologia debriefingu coachingowego<\/p>\n<\/li>\n<li data-start=\"3298\" data-end=\"3388\">\n<p data-start=\"3300\" data-end=\"3388\"><strong data-start=\"3300\" data-end=\"3325\">Wsparcie spo\u0142eczno\u015bci<\/strong>: dost\u0119p do&nbsp;globalnej sieci praktyk\u00f3w, for\u00f3w i&nbsp;spotka\u0144 online<\/p>\n<\/li>\n<li data-start=\"3389\" data-end=\"3481\">\n<p data-start=\"3391\" data-end=\"3481\"><strong data-start=\"3391\" data-end=\"3413\">Wsparcie ekspert\u00f3w<\/strong>: pomoc w&nbsp;przygotowaniu warsztat\u00f3w, ofert i&nbsp;wsp\u00f3\u0142pracy z&nbsp;klientami<\/p>\n<\/li>\n<li data-start=\"3482\" data-end=\"3576\">\n<p data-start=\"3484\" data-end=\"3576\"><strong data-start=\"3484\" data-end=\"3513\">Zastosowania korporacyjne<\/strong>: mo\u017cliwo\u015b\u0107 certyfikacji do&nbsp;pracy z&nbsp;zespo\u0142ami i&nbsp;organizacjami<\/p>\n<\/li>\n<\/ul>\n<p>[\/vc_column_text][vc_empty_space height=&#8221;60px&#8221;][\/vc_column][\/vc_row][vc_row full_width=&#8221;stretch_row&#8221; el_class=&#8221;training-for&#8221; css=&#8221;.vc_custom_1757759736057{background-color: #f6f7f8&nbsp;!important;}&#8221;][vc_column width=&#8221;1\/3&#8243;][vc_empty_space height=&#8221;60px&#8221;][mnky_service icon_fontawesome=&#8221;fas fa-info-circle&#8221; title=&#8221;Szczeg\u00f3\u0142y szkolenia:&#8221; icon_color=&#8221;#993436&#8243;][\/mnky_service][vc_empty_space height=&#8221;60px&#8221;][\/vc_column][vc_column width=&#8221;2\/3&#8243;][vc_empty_space height=&#8221;60px&#8221;][vc_column_text]<\/p>\n<ul>\n<li data-start=\"3456\" data-end=\"3485\"><strong data-start=\"3456\" data-end=\"3468\">Terminy:<\/strong> 21-22 maja 2026<\/li>\n<li data-start=\"3488\" data-end=\"3526\"><strong data-start=\"3488\" data-end=\"3500\">Godziny:<\/strong> 9:00 &#8211; 14:00<\/li>\n<li data-start=\"3529\" data-end=\"3568\"><strong data-start=\"3529\" data-end=\"3539\">Forma:<\/strong> online, na&nbsp;\u017cywo przez&nbsp;Zoom<\/li>\n<li data-start=\"3571\" data-end=\"3595\"><strong data-start=\"3571\" data-end=\"3586\">Inwestycja:<\/strong> \u00a32268 \u2248 11.040 PLN netto<\/li>\n<li data-start=\"3598\" data-end=\"3693\"><strong data-start=\"3598\" data-end=\"3613\">Certyfikat:<\/strong> uczestnicy otrzymuj\u0105 oficjalny certyfikat Global DISC<\/li>\n<li data-start=\"3598\" data-end=\"3693\"><strong>Cena za&nbsp;obie certyfikacje<\/strong> (Global Disc\u2122 i&nbsp;Growth Zone\u2122): \u00a33490 \u2248 16.990 PLN netto<\/li>\n<\/ul>\n<p>[\/vc_column_text][vc_empty_space height=&#8221;60px&#8221;][\/vc_column][\/vc_row][vc_row full_width=&#8221;stretch_row&#8221;][vc_column][vc_empty_space height=&#8221;60px&#8221;][vc_column_text]<\/p>\n<h3 data-start=\"3086\" data-end=\"3101\">Dlaczego warto zapisa\u0107 si\u0119 teraz?<\/h3>\n<p data-start=\"3891\" data-end=\"4165\">W&nbsp;dzisiejszym po\u0142\u0105czonym \u015bwiecie <strong data-start=\"3924\" data-end=\"3983\">inteligencja kulturowa nie jest opcj\u0105 \u2014 to konieczno\u015b\u0107.<\/strong> Certyfikacja Global DISC zapewnia wiarygodno\u015b\u0107, narz\u0119dzia oparte na&nbsp;danych oraz&nbsp;globaln\u0105 spo\u0142eczno\u015b\u0107, kt\u00f3re pomog\u0105 ludziom i&nbsp;organizacjom odnosi\u0107 sukcesy w&nbsp;r\u00f3\u017cnorodnym \u015brodowisku.<\/p>\n<p data-start=\"4167\" data-end=\"4289\">Do\u0142\u0105cz do&nbsp;programu i&nbsp;zosta\u0144 cz\u0119\u015bci\u0105 globalnej sieci profesjonalist\u00f3w, kt\u00f3rzy potrafi\u0105 zamienia\u0107 r\u00f3\u017cnorodno\u015b\u0107 w&nbsp;synergi\u0119.<\/p>\n<p>[\/vc_column_text][vc_empty_space height=&#8221;60px&#8221;][vc_column_text el_class=&#8221;button&#8221;]<\/p>\n<p style=\"text-align: center;\"><a href=\"https:\/\/ettagoglobal.com\/open-training-registration\/\">Zapisz si\u0119 na&nbsp;szkolenie<\/a><\/p>\n<p>[\/vc_column_text][vc_empty_space height=&#8221;60px&#8221;][\/vc_column][\/vc_row][vc_row full_width=&#8221;stretch_row&#8221; css=&#8221;.vc_custom_1757779794602{background-color: #f6f7f8&nbsp;!important;}&#8221;][vc_column][vc_empty_space height=&#8221;60px&#8221;][vc_column_text]<\/p>\n<h3 data-start=\"3086\" data-end=\"3101\">Nie mo\u017cesz do\u0142\u0105czy\u0107 w&nbsp;proponowanych terminach?<\/h3>\n<p data-start=\"119\" data-end=\"317\">Rozumiemy, \u017ce&nbsp;harmonogramy mog\u0105 by\u0107 wymagaj\u0105ce. Je\u015bli jeste\u015b zainteresowany\/a tym szkoleniem, ale&nbsp;nie mo\u017cesz wzi\u0105\u0107 w&nbsp;nim udzia\u0142u w&nbsp;podanych terminach, mo\u017cesz <strong data-start=\"277\" data-end=\"314\">zapisa\u0107 si\u0119 na&nbsp;list\u0119 oczekuj\u0105cych<\/strong>.<\/p>\n<p data-start=\"319\" data-end=\"344\">Zapisuj\u0105c si\u0119, zyskasz:<\/p>\n<ul>\n<li data-start=\"347\" data-end=\"416\">Informacje o&nbsp;nowych terminach szkole\u0144, jak tylko zostan\u0105 og\u0142oszone.<\/li>\n<li data-start=\"419\" data-end=\"449\">Pierwsze\u0144stwo w&nbsp;rejestracji.<\/li>\n<li data-start=\"452\" data-end=\"499\">Pewno\u015b\u0107, \u017ce&nbsp;nie przegapisz okazji do&nbsp;udzia\u0142u.<\/li>\n<\/ul>\n<p>[\/vc_column_text][vc_empty_space height=&#8221;60px&#8221;][vc_btn title=&#8221;Zapisz si\u0119 na&nbsp;list\u0119 oczekuj\u0105cych&#8221; shape=&#8221;round&#8221; color=&#8221;inverse&#8221; align=&#8221;center&#8221; link=&#8221;url:https%3A%2F%2Fettagoglobal.com%2Fopen-training-waiting-list%2F&#8221;][vc_empty_space height=&#8221;60px&#8221;][\/vc_column][\/vc_row]<\/p>\n","protected":false},"excerpt":{"rendered":"<p>[vc_row full_width=&#8221;stretch_row&#8221; css=&#8221;.vc_custom_1689849226450{background-image: url(https:\/\/ettagoglobal.com\/wp-content\/uploads\/2023\/07\/Communicating-and-Presenting-Across-Cultures.png?id=27490)&nbsp;!important;background-position: center&nbsp;!important;background-repeat: no-repeat&nbsp;!important;background-size: cover&nbsp;!important;}&#8221; el_class=&#8221;main-slide&#8221;][vc_column][vc_empty_space height=&#8221;100px&#8221;][vc_column_text] Program Certyfikacyjny Global DISC\u2122 [\/vc_column_text][vc_empty_space height=&#8221;30px&#8221;][vc_column_text] Zdob\u0105d\u017a certyfikacj\u0119 w&nbsp;nagradzanym narz\u0119dziu diagnostycznym &hellip; <\/p>\n","protected":false},"author":7,"featured_media":27475,"parent":29952,"menu_order":40,"comment_status":"closed","ping_status":"closed","template":"page-no-paddings.php","meta":{"_acf_changed":false,"footnotes":"","_links_to":"","_links_to_target":""},"class_list":["post-30258","page","type-page","status-publish","has-post-thumbnail","hentry"],"acf":[],"yoast_head":"<!-- This site is optimized with the Yoast SEO plugin v27.3 - https:\/\/yoast.com\/product\/yoast-seo-wordpress\/ -->\n<title>Program Certyfikacyjny Global DISC\u2122<\/title>\n<meta name=\"description\" content=\"Zdob\u0105d\u017a akredytowany certyfikat Global DISC. Opanuj inteligencj\u0119 kulturow\u0105, wype\u0142nij luki i zamie\u0144 r\u00f3\u017cnorodno\u015b\u0107 w synergi\u0119 dla zespo\u0142\u00f3w i klient\u00f3w.\" \/>\n<meta name=\"robots\" content=\"index, follow, max-snippet:-1, max-image-preview:large, max-video-preview:-1\" \/>\n<link rel=\"canonical\" href=\"https:\/\/ettagoglobal.com\/pl\/kalendarz-szkolen\/program-certyfikacyjny-global-disc\/\" \/>\n<meta property=\"og:locale\" content=\"pl_PL\" \/>\n<meta property=\"og:type\" content=\"article\" \/>\n<meta property=\"og:title\" content=\"Program Certyfikacyjny Global DISC\u2122\" \/>\n<meta property=\"og:description\" content=\"Zdob\u0105d\u017a akredytowany certyfikat Global DISC. Opanuj inteligencj\u0119 kulturow\u0105, wype\u0142nij luki i zamie\u0144 r\u00f3\u017cnorodno\u015b\u0107 w synergi\u0119 dla zespo\u0142\u00f3w i klient\u00f3w.\" \/>\n<meta property=\"og:url\" content=\"https:\/\/ettagoglobal.com\/pl\/kalendarz-szkolen\/program-certyfikacyjny-global-disc\/\" \/>\n<meta property=\"og:site_name\" content=\"ETTA\" \/>\n<meta property=\"article:modified_time\" content=\"2025-11-26T21:27:48+00:00\" \/>\n<meta property=\"og:image\" content=\"https:\/\/ettagoglobal.com\/wp-content\/uploads\/2023\/07\/Communicating-and-Presenting-Across-Cultures_kwadrat.png\" \/>\n\t<meta property=\"og:image:width\" content=\"1080\" \/>\n\t<meta property=\"og:image:height\" content=\"1080\" \/>\n\t<meta property=\"og:image:type\" content=\"image\/png\" \/>\n<meta name=\"twitter:card\" content=\"summary_large_image\" \/>\n<meta name=\"twitter:label1\" content=\"Szacowany czas czytania\" \/>\n\t<meta name=\"twitter:data1\" content=\"4 minuty\" \/>\n<script type=\"application\/ld+json\" class=\"yoast-schema-graph\">{\"@context\":\"https:\\\/\\\/schema.org\",\"@graph\":[{\"@type\":\"WebPage\",\"@id\":\"https:\\\/\\\/ettagoglobal.com\\\/pl\\\/kalendarz-szkolen\\\/program-certyfikacyjny-global-disc\\\/\",\"url\":\"https:\\\/\\\/ettagoglobal.com\\\/pl\\\/kalendarz-szkolen\\\/program-certyfikacyjny-global-disc\\\/\",\"name\":\"Program Certyfikacyjny Global DISC\u2122\",\"isPartOf\":{\"@id\":\"https:\\\/\\\/ettagoglobal.com\\\/#website\"},\"primaryImageOfPage\":{\"@id\":\"https:\\\/\\\/ettagoglobal.com\\\/pl\\\/kalendarz-szkolen\\\/program-certyfikacyjny-global-disc\\\/#primaryimage\"},\"image\":{\"@id\":\"https:\\\/\\\/ettagoglobal.com\\\/pl\\\/kalendarz-szkolen\\\/program-certyfikacyjny-global-disc\\\/#primaryimage\"},\"thumbnailUrl\":\"https:\\\/\\\/ettagoglobal.com\\\/wp-content\\\/uploads\\\/2023\\\/07\\\/Communicating-and-Presenting-Across-Cultures_kwadrat.png\",\"datePublished\":\"2025-09-13T10:51:06+00:00\",\"dateModified\":\"2025-11-26T21:27:48+00:00\",\"description\":\"Zdob\u0105d\u017a akredytowany certyfikat Global DISC. Opanuj inteligencj\u0119 kulturow\u0105, wype\u0142nij luki i zamie\u0144 r\u00f3\u017cnorodno\u015b\u0107 w synergi\u0119 dla zespo\u0142\u00f3w i klient\u00f3w.\",\"breadcrumb\":{\"@id\":\"https:\\\/\\\/ettagoglobal.com\\\/pl\\\/kalendarz-szkolen\\\/program-certyfikacyjny-global-disc\\\/#breadcrumb\"},\"inLanguage\":\"pl-PL\",\"potentialAction\":[{\"@type\":\"ReadAction\",\"target\":[\"https:\\\/\\\/ettagoglobal.com\\\/pl\\\/kalendarz-szkolen\\\/program-certyfikacyjny-global-disc\\\/\"]}]},{\"@type\":\"ImageObject\",\"inLanguage\":\"pl-PL\",\"@id\":\"https:\\\/\\\/ettagoglobal.com\\\/pl\\\/kalendarz-szkolen\\\/program-certyfikacyjny-global-disc\\\/#primaryimage\",\"url\":\"https:\\\/\\\/ettagoglobal.com\\\/wp-content\\\/uploads\\\/2023\\\/07\\\/Communicating-and-Presenting-Across-Cultures_kwadrat.png\",\"contentUrl\":\"https:\\\/\\\/ettagoglobal.com\\\/wp-content\\\/uploads\\\/2023\\\/07\\\/Communicating-and-Presenting-Across-Cultures_kwadrat.png\",\"width\":1080,\"height\":1080,\"caption\":\"Communicating and Presenting Across Cultures\"},{\"@type\":\"BreadcrumbList\",\"@id\":\"https:\\\/\\\/ettagoglobal.com\\\/pl\\\/kalendarz-szkolen\\\/program-certyfikacyjny-global-disc\\\/#breadcrumb\",\"itemListElement\":[{\"@type\":\"ListItem\",\"position\":1,\"name\":\"Strona g\u0142\u00f3wna\",\"item\":\"https:\\\/\\\/ettagoglobal.com\\\/pl\\\/home-2\\\/\"},{\"@type\":\"ListItem\",\"position\":2,\"name\":\"Kalendarz szkole\u0144\",\"item\":\"https:\\\/\\\/ettagoglobal.com\\\/pl\\\/kalendarz-szkolen\\\/\"},{\"@type\":\"ListItem\",\"position\":3,\"name\":\"Program Certyfikacyjny Global DISC\u2122\"}]},{\"@type\":\"WebSite\",\"@id\":\"https:\\\/\\\/ettagoglobal.com\\\/#website\",\"url\":\"https:\\\/\\\/ettagoglobal.com\\\/\",\"name\":\"ETTA\",\"description\":\"Global Connections. Let&#039;s do it bETTA!\",\"potentialAction\":[{\"@type\":\"SearchAction\",\"target\":{\"@type\":\"EntryPoint\",\"urlTemplate\":\"https:\\\/\\\/ettagoglobal.com\\\/?s={search_term_string}\"},\"query-input\":{\"@type\":\"PropertyValueSpecification\",\"valueRequired\":true,\"valueName\":\"search_term_string\"}}],\"inLanguage\":\"pl-PL\"}]}<\/script>\n<!-- \/ Yoast SEO plugin. -->","yoast_head_json":{"title":"Program Certyfikacyjny Global DISC\u2122","description":"Zdob\u0105d\u017a akredytowany certyfikat Global DISC. Opanuj inteligencj\u0119 kulturow\u0105, wype\u0142nij luki i zamie\u0144 r\u00f3\u017cnorodno\u015b\u0107 w synergi\u0119 dla zespo\u0142\u00f3w i klient\u00f3w.","robots":{"index":"index","follow":"follow","max-snippet":"max-snippet:-1","max-image-preview":"max-image-preview:large","max-video-preview":"max-video-preview:-1"},"canonical":"https:\/\/ettagoglobal.com\/pl\/kalendarz-szkolen\/program-certyfikacyjny-global-disc\/","og_locale":"pl_PL","og_type":"article","og_title":"Program Certyfikacyjny Global DISC\u2122","og_description":"Zdob\u0105d\u017a akredytowany certyfikat Global DISC. Opanuj inteligencj\u0119 kulturow\u0105, wype\u0142nij luki i zamie\u0144 r\u00f3\u017cnorodno\u015b\u0107 w synergi\u0119 dla zespo\u0142\u00f3w i klient\u00f3w.","og_url":"https:\/\/ettagoglobal.com\/pl\/kalendarz-szkolen\/program-certyfikacyjny-global-disc\/","og_site_name":"ETTA","article_modified_time":"2025-11-26T21:27:48+00:00","og_image":[{"width":1080,"height":1080,"url":"https:\/\/ettagoglobal.com\/wp-content\/uploads\/2023\/07\/Communicating-and-Presenting-Across-Cultures_kwadrat.png","type":"image\/png"}],"twitter_card":"summary_large_image","twitter_misc":{"Szacowany czas czytania":"4 minuty"},"schema":{"@context":"https:\/\/schema.org","@graph":[{"@type":"WebPage","@id":"https:\/\/ettagoglobal.com\/pl\/kalendarz-szkolen\/program-certyfikacyjny-global-disc\/","url":"https:\/\/ettagoglobal.com\/pl\/kalendarz-szkolen\/program-certyfikacyjny-global-disc\/","name":"Program Certyfikacyjny Global DISC\u2122","isPartOf":{"@id":"https:\/\/ettagoglobal.com\/#website"},"primaryImageOfPage":{"@id":"https:\/\/ettagoglobal.com\/pl\/kalendarz-szkolen\/program-certyfikacyjny-global-disc\/#primaryimage"},"image":{"@id":"https:\/\/ettagoglobal.com\/pl\/kalendarz-szkolen\/program-certyfikacyjny-global-disc\/#primaryimage"},"thumbnailUrl":"https:\/\/ettagoglobal.com\/wp-content\/uploads\/2023\/07\/Communicating-and-Presenting-Across-Cultures_kwadrat.png","datePublished":"2025-09-13T10:51:06+00:00","dateModified":"2025-11-26T21:27:48+00:00","description":"Zdob\u0105d\u017a akredytowany certyfikat Global DISC. Opanuj inteligencj\u0119 kulturow\u0105, wype\u0142nij luki i zamie\u0144 r\u00f3\u017cnorodno\u015b\u0107 w synergi\u0119 dla zespo\u0142\u00f3w i klient\u00f3w.","breadcrumb":{"@id":"https:\/\/ettagoglobal.com\/pl\/kalendarz-szkolen\/program-certyfikacyjny-global-disc\/#breadcrumb"},"inLanguage":"pl-PL","potentialAction":[{"@type":"ReadAction","target":["https:\/\/ettagoglobal.com\/pl\/kalendarz-szkolen\/program-certyfikacyjny-global-disc\/"]}]},{"@type":"ImageObject","inLanguage":"pl-PL","@id":"https:\/\/ettagoglobal.com\/pl\/kalendarz-szkolen\/program-certyfikacyjny-global-disc\/#primaryimage","url":"https:\/\/ettagoglobal.com\/wp-content\/uploads\/2023\/07\/Communicating-and-Presenting-Across-Cultures_kwadrat.png","contentUrl":"https:\/\/ettagoglobal.com\/wp-content\/uploads\/2023\/07\/Communicating-and-Presenting-Across-Cultures_kwadrat.png","width":1080,"height":1080,"caption":"Communicating and Presenting Across Cultures"},{"@type":"BreadcrumbList","@id":"https:\/\/ettagoglobal.com\/pl\/kalendarz-szkolen\/program-certyfikacyjny-global-disc\/#breadcrumb","itemListElement":[{"@type":"ListItem","position":1,"name":"Strona g\u0142\u00f3wna","item":"https:\/\/ettagoglobal.com\/pl\/home-2\/"},{"@type":"ListItem","position":2,"name":"Kalendarz szkole\u0144","item":"https:\/\/ettagoglobal.com\/pl\/kalendarz-szkolen\/"},{"@type":"ListItem","position":3,"name":"Program Certyfikacyjny Global DISC\u2122"}]},{"@type":"WebSite","@id":"https:\/\/ettagoglobal.com\/#website","url":"https:\/\/ettagoglobal.com\/","name":"ETTA","description":"Global Connections. Let&#039;s do it bETTA!","potentialAction":[{"@type":"SearchAction","target":{"@type":"EntryPoint","urlTemplate":"https:\/\/ettagoglobal.com\/?s={search_term_string}"},"query-input":{"@type":"PropertyValueSpecification","valueRequired":true,"valueName":"search_term_string"}}],"inLanguage":"pl-PL"}]}},"_links":{"self":[{"href":"https:\/\/ettagoglobal.com\/pl\/wp-json\/wp\/v2\/pages\/30258","targetHints":{"allow":["GET"]}}],"collection":[{"href":"https:\/\/ettagoglobal.com\/pl\/wp-json\/wp\/v2\/pages"}],"about":[{"href":"https:\/\/ettagoglobal.com\/pl\/wp-json\/wp\/v2\/types\/page"}],"author":[{"embeddable":true,"href":"https:\/\/ettagoglobal.com\/pl\/wp-json\/wp\/v2\/users\/7"}],"replies":[{"embeddable":true,"href":"https:\/\/ettagoglobal.com\/pl\/wp-json\/wp\/v2\/comments?post=30258"}],"version-history":[{"count":10,"href":"https:\/\/ettagoglobal.com\/pl\/wp-json\/wp\/v2\/pages\/30258\/revisions"}],"predecessor-version":[{"id":30494,"href":"https:\/\/ettagoglobal.com\/pl\/wp-json\/wp\/v2\/pages\/30258\/revisions\/30494"}],"up":[{"embeddable":true,"href":"https:\/\/ettagoglobal.com\/pl\/wp-json\/wp\/v2\/pages\/29952"}],"wp:featuredmedia":[{"embeddable":true,"href":"https:\/\/ettagoglobal.com\/pl\/wp-json\/wp\/v2\/media\/27475"}],"wp:attachment":[{"href":"https:\/\/ettagoglobal.com\/pl\/wp-json\/wp\/v2\/media?parent=30258"}],"curies":[{"name":"wp","href":"https:\/\/api.w.org\/{rel}","templated":true}]}}