{"id":30248,"date":"2025-09-13T10:35:55","date_gmt":"2025-09-13T10:35:55","guid":{"rendered":"https:\/\/ettagoglobal.com\/?page_id=30248"},"modified":"2025-11-26T21:25:06","modified_gmt":"2025-11-26T21:25:06","slug":"program-certyfikacyjny-growth-zone","status":"publish","type":"page","link":"https:\/\/ettagoglobal.com\/pl\/kalendarz-szkolen\/program-certyfikacyjny-growth-zone\/","title":{"rendered":"Program Certyfikacyjny Growth Zone"},"content":{"rendered":"<p>[vc_row full_width=&#8221;stretch_row&#8221; css=&#8221;.vc_custom_1689849226450{background-image: url(https:\/\/ettagoglobal.com\/wp-content\/uploads\/2023\/07\/Influencing-Across-Cultures.png?id=27508)&nbsp;!important;background-position: center&nbsp;!important;background-repeat: no-repeat&nbsp;!important;background-size: cover&nbsp;!important;}&#8221; el_class=&#8221;main-slide&#8221;][vc_column][vc_empty_space height=&#8221;100px&#8221;][vc_column_text]<\/p>\n<h1 data-start=\"169\" data-end=\"207\">Program Certyfikacyjny Growth Zone\u2122<\/h1>\n<p>[\/vc_column_text][vc_empty_space height=&#8221;30px&#8221;][vc_column_text]<\/p>\n<p data-start=\"421\" data-end=\"504\">Zdob\u0105d\u017a certyfikacj\u0119, aby&nbsp;mierzy\u0107, wizualizowa\u0107 i&nbsp;optymalizowa\u0107 ukryte si\u0142y nap\u0119dowe wzrostu ludzi i&nbsp;zespo\u0142\u00f3w<\/p>\n<p>[\/vc_column_text][vc_empty_space height=&#8221;100px&#8221;][\/vc_column][\/vc_row][vc_row el_class=&#8221;training-for&#8221;][vc_column][vc_empty_space height=&#8221;60px&#8221;][vc_column_text]<\/p>\n<h3 data-start=\"506\" data-end=\"589\">Wyr\u00f3\u017cnij si\u0119 dzi\u0119ki podej\u015bciu opartemu na&nbsp;danych w&nbsp;rozwoju przyw\u00f3dztwa i&nbsp;zespo\u0142\u00f3w<\/h3>\n<p data-start=\"415\" data-end=\"738\">Wi\u0119kszo\u015b\u0107 organizacji i&nbsp;coach\u00f3w proponuje rozwi\u0105zania bez diagnozy rzeczywistych problem\u00f3w. Growth Zone zmienia to podej\u015bcie. Dzi\u0119ki <strong data-start=\"548\" data-end=\"584\">akredytowanej przez&nbsp;ICF analizie<\/strong> umo\u017cliwia precyzyjny pomiar bezpiecze\u0144stwa psychologicznego i&nbsp;motywacji wewn\u0119trznej, tak aby&nbsp;tworzy\u0107 \u015brodowiska sprzyjaj\u0105ce r\u00f3\u017cnorodno\u015bci i&nbsp;wsp\u00f3\u0142pracy.<\/p>\n<p data-start=\"740\" data-end=\"1043\">Jako <strong data-start=\"745\" data-end=\"788\">GROWTH Zone Licensed Partner ICQ Global<\/strong> pomagamy przek\u0142ada\u0107 niewidoczne dynamiki na&nbsp;widoczne, praktyczne dzia\u0142ania, kt\u00f3re prowadz\u0105 do&nbsp;mierzalnych rezultat\u00f3w. Ta certyfikacja wyposa\u017cy Ci\u0119 w&nbsp;wiedz\u0119, narz\u0119dzia oraz&nbsp;globaln\u0105 sie\u0107 kontakt\u00f3w, kt\u00f3re podnios\u0105 Tw\u00f3j poziom pracy i&nbsp;wzmocni\u0105 Tw\u00f3j wp\u0142yw.<\/p>\n<p>[\/vc_column_text][vc_empty_space height=&#8221;60px&#8221;][\/vc_column][\/vc_row][vc_row full_width=&#8221;stretch_row&#8221; el_class=&#8221;training-for&#8221; css=&#8221;.vc_custom_1757682520197{background-color: #f6f7f8&nbsp;!important;}&#8221;][vc_column width=&#8221;1\/3&#8243;][vc_empty_space height=&#8221;60px&#8221;][mnky_service icon_fontawesome=&#8221;fas fa-user-tie&#8221; title=&#8221;Dla kogo jest ten program?&#8221; icon_color=&#8221;#993436&#8243;][\/mnky_service][vc_empty_space height=&#8221;60px&#8221;][\/vc_column][vc_column width=&#8221;2\/3&#8243;][vc_empty_space height=&#8221;60px&#8221;][vc_column_text]<\/p>\n<ul data-start=\"1082\" data-end=\"1406\">\n<li data-start=\"1082\" data-end=\"1210\">\n<p data-start=\"1084\" data-end=\"1210\">Niezale\u017cni coachowie, konsultanci i&nbsp;trenerzy, kt\u00f3rzy chc\u0105 poszerzy\u0107 swoj\u0105 ofert\u0119 o&nbsp;narz\u0119dzie diagnostyczne oparte na&nbsp;danych.<\/p>\n<\/li>\n<li data-start=\"1211\" data-end=\"1301\">\n<p data-start=\"1213\" data-end=\"1301\">Specjali\u015bci HR i&nbsp;L&amp;D, kt\u00f3rzy chc\u0105 diagnozowa\u0107 i&nbsp;rozwija\u0107 zespo\u0142y wewn\u0105trz organizacji.<\/p>\n<\/li>\n<li data-start=\"1302\" data-end=\"1406\">\n<p data-start=\"1304\" data-end=\"1406\">Eksperci rozwoju przyw\u00f3dztwa poszukuj\u0105cy akredytowanych przez&nbsp;ICF szkole\u0144 daj\u0105cych mierzalne efekty.<\/p>\n<\/li>\n<\/ul>\n<p data-start=\"1408\" data-end=\"1547\">Je\u015bli chcesz wyj\u015b\u0107 poza teori\u0119 i&nbsp;zaoferowa\u0107 klientom lub&nbsp;zespo\u0142om rozwi\u0105zania oparte na&nbsp;wiarygodnych danych, ten program jest dla&nbsp;Ciebie.<\/p>\n<p>[\/vc_column_text][vc_empty_space height=&#8221;60px&#8221;][\/vc_column][\/vc_row][vc_row full_width=&#8221;stretch_row&#8221;][vc_column][vc_empty_space height=&#8221;60px&#8221;][\/vc_column][vc_column width=&#8221;1\/3&#8243;][mnky_service icon_fontawesome=&#8221;fas fa-bullseye&#8221; title=&#8221;Dlaczego warto wybra\u0107 Growth Zone?&#8221; icon_color=&#8221;#993436&#8243;][\/mnky_service][vc_empty_space height=&#8221;30px&#8221;][\/vc_column][vc_column width=&#8221;2\/3&#8243;][vc_column_text]<\/p>\n<ul data-start=\"1594\" data-end=\"2167\">\n<li data-start=\"1594\" data-end=\"1676\">\n<p data-start=\"1596\" data-end=\"1676\"><strong data-start=\"1596\" data-end=\"1615\">Akredytacja ICF<\/strong>: Zdob\u0105d\u017a globalnie uznawan\u0105 certyfikacj\u0119 i&nbsp;12 punkt\u00f3w CCE.<\/p>\n<\/li>\n<li data-start=\"1677\" data-end=\"1775\">\n<p data-start=\"1679\" data-end=\"1775\"><strong data-start=\"1679\" data-end=\"1706\">Dowody zamiast intuicji<\/strong>: Mierz i&nbsp;analizuj dane, zamiast bazowa\u0107 wy\u0142\u0105cznie na&nbsp;przeczuciach.<\/p>\n<\/li>\n<li data-start=\"1776\" data-end=\"1893\">\n<p data-start=\"1778\" data-end=\"1893\"><strong data-start=\"1778\" data-end=\"1804\">Przewaga konkurencyjna<\/strong>: Wyr\u00f3\u017cnij si\u0119 spo\u015br\u00f3d 99% coach\u00f3w i&nbsp;konsultant\u00f3w oferuj\u0105cych rozwi\u0105zania bez diagnozy.<\/p>\n<\/li>\n<li data-start=\"1894\" data-end=\"2011\">\n<p data-start=\"1896\" data-end=\"2011\"><strong data-start=\"1896\" data-end=\"1916\">Skalowalny wp\u0142yw<\/strong>: Diagnozuj wyzwania w&nbsp;o\u015bmiu kluczowych obszarach, zar\u00f3wno indywidualnych, jak i&nbsp;zespo\u0142owych.<\/p>\n<\/li>\n<li data-start=\"2012\" data-end=\"2167\">\n<p data-start=\"2014\" data-end=\"2167\"><strong data-start=\"2014\" data-end=\"2041\">Udowodniona op\u0142acalno\u015b\u0107<\/strong>: Humanizowanie organizacji to nie tylko w\u0142a\u015bciwe podej\u015bcie (case study Amy Edmondson), ale&nbsp;tak\u017ce wysoce rentowna strategia.<\/p>\n<\/li>\n<\/ul>\n<p>[\/vc_column_text][vc_empty_space height=&#8221;60px&#8221;][\/vc_column][\/vc_row][vc_row full_width=&#8221;stretch_row&#8221; css=&#8221;.vc_custom_1757759718938{background-color: #f6f7f8&nbsp;!important;}&#8221;][vc_column][vc_empty_space height=&#8221;60px&#8221;][\/vc_column][vc_column width=&#8221;1\/3&#8243;][mnky_service icon_fontawesome=&#8221;fas fa-bullseye&#8221; title=&#8221;Co zyskasz dzi\u0119ki certyfikacji?&#8221; icon_color=&#8221;#993436&#8243;][\/mnky_service][vc_empty_space height=&#8221;30px&#8221;][\/vc_column][vc_column width=&#8221;2\/3&#8243;][vc_column_text]<\/p>\n<ul data-start=\"2211\" data-end=\"2793\">\n<li data-start=\"2211\" data-end=\"2314\">\n<p data-start=\"2213\" data-end=\"2314\">Umiej\u0119tno\u015b\u0107 <strong data-start=\"2225\" data-end=\"2311\">pomiaru i&nbsp;optymalizacji bezpiecze\u0144stwa psychologicznego oraz&nbsp;motywacji wewn\u0119trznej<\/strong>.<\/p>\n<\/li>\n<li data-start=\"2315\" data-end=\"2420\">\n<p data-start=\"2317\" data-end=\"2420\">Dost\u0119p do&nbsp;<strong data-start=\"2327\" data-end=\"2367\">narz\u0119dzia diagnostycznego i&nbsp;raport\u00f3w<\/strong>, kt\u00f3re wizualizuj\u0105 strefy wzrostu os\u00f3b i&nbsp;zespo\u0142\u00f3w.<\/p>\n<\/li>\n<li data-start=\"2421\" data-end=\"2486\">\n<p data-start=\"2423\" data-end=\"2486\">Gotowe <strong data-start=\"2430\" data-end=\"2483\">materia\u0142y szkoleniowe, sprzeda\u017cowe i&nbsp;marketingowe<\/strong>.<\/p>\n<\/li>\n<li data-start=\"2487\" data-end=\"2569\">\n<p data-start=\"2489\" data-end=\"2569\">Ci\u0105g\u0142e <strong data-start=\"2496\" data-end=\"2518\">wsparcie ekspert\u00f3w<\/strong> w&nbsp;przygotowaniu ofert, warsztat\u00f3w i&nbsp;prezentacji.<\/p>\n<\/li>\n<li data-start=\"2570\" data-end=\"2660\">\n<p data-start=\"2572\" data-end=\"2660\">Cz\u0142onkostwo w&nbsp;<strong data-start=\"2586\" data-end=\"2612\">globalnej spo\u0142eczno\u015bci<\/strong> licencjonowanych partner\u00f3w z&nbsp;ponad 50 kraj\u00f3w.<\/p>\n<\/li>\n<li data-start=\"2661\" data-end=\"2793\">\n<p data-start=\"2663\" data-end=\"2793\">Praktyczne umiej\u0119tno\u015bci \u0142\u0105czenia <strong data-start=\"2696\" data-end=\"2717\">danych i&nbsp;historii<\/strong>, dzi\u0119ki czemu Tw\u00f3j wp\u0142yw staje si\u0119 zar\u00f3wno wiarygodny, jak i&nbsp;inspiruj\u0105cy.<\/p>\n<\/li>\n<\/ul>\n<p>[\/vc_column_text][vc_empty_space height=&#8221;60px&#8221;][\/vc_column][\/vc_row][vc_row full_width=&#8221;stretch_row&#8221;][vc_column][vc_empty_space height=&#8221;60px&#8221;][\/vc_column][vc_column width=&#8221;1\/3&#8243;][mnky_service icon_fontawesome=&#8221;fas fa-bullseye&#8221; title=&#8221;Certyfikacja obejmuje:&#8221; icon_color=&#8221;#993436&#8243;][\/mnky_service][vc_empty_space height=&#8221;30px&#8221;][\/vc_column][vc_column width=&#8221;2\/3&#8243;][vc_column_text]<\/p>\n<ul data-start=\"2827\" data-end=\"3422\">\n<li data-start=\"2827\" data-end=\"2895\">\n<p data-start=\"2829\" data-end=\"2895\"><strong data-start=\"2829\" data-end=\"2863\">Interaktywne szkolenie na&nbsp;\u017cywo<\/strong>: 2 \u00d7 4 godziny, online (Zoom)<\/p>\n<\/li>\n<li data-start=\"2896\" data-end=\"2934\">\n<p data-start=\"2898\" data-end=\"2934\"><strong data-start=\"2898\" data-end=\"2916\">Punkty ICF CCE<\/strong>: 12 punkt\u00f3w CCE<\/p>\n<\/li>\n<li data-start=\"2935\" data-end=\"3021\">\n<p data-start=\"2937\" data-end=\"3021\"><strong data-start=\"2937\" data-end=\"2960\">Kompletne materia\u0142y<\/strong>: edytowalne tre\u015bci szkoleniowe, sprzeda\u017cowe i&nbsp;marketingowe<\/p>\n<\/li>\n<li data-start=\"3022\" data-end=\"3099\">\n<p data-start=\"3024\" data-end=\"3099\"><strong data-start=\"3024\" data-end=\"3054\">Indywidualny portal online<\/strong>: zarz\u0105dzanie analizami, raportami i&nbsp;danymi<\/p>\n<\/li>\n<li data-start=\"3100\" data-end=\"3186\">\n<p data-start=\"3102\" data-end=\"3186\"><strong data-start=\"3102\" data-end=\"3127\">Spo\u0142eczno\u015b\u0107 praktyk\u00f3w<\/strong>: miesi\u0119czne spotkania online i&nbsp;dedykowane kana\u0142y Discord<\/p>\n<\/li>\n<li data-start=\"3187\" data-end=\"3260\">\n<p data-start=\"3189\" data-end=\"3260\"><strong data-start=\"3189\" data-end=\"3211\">Wsparcie ekspert\u00f3w<\/strong>: pomoc w&nbsp;ofertach, warsztatach i&nbsp;prezentacjach<\/p>\n<\/li>\n<li data-start=\"3261\" data-end=\"3358\">\n<p data-start=\"3263\" data-end=\"3358\"><strong data-start=\"3263\" data-end=\"3285\">Ekskluzywne zni\u017cki<\/strong>: plan partnerski z&nbsp;rocznym zakupem pakietu analiz po&nbsp;obni\u017conych cenach<\/p>\n<\/li>\n<li data-start=\"3359\" data-end=\"3422\">\n<p data-start=\"3361\" data-end=\"3422\"><strong data-start=\"3361\" data-end=\"3378\">Globalna sie\u0107<\/strong>: spo\u0142eczno\u015b\u0107 partner\u00f3w w&nbsp;ponad 50 krajach<\/p>\n<\/li>\n<\/ul>\n<p>[\/vc_column_text][vc_empty_space height=&#8221;60px&#8221;][\/vc_column][\/vc_row][vc_row full_width=&#8221;stretch_row&#8221; el_class=&#8221;training-for&#8221; css=&#8221;.vc_custom_1757759736057{background-color: #f6f7f8&nbsp;!important;}&#8221;][vc_column width=&#8221;1\/3&#8243;][vc_empty_space height=&#8221;60px&#8221;][mnky_service icon_fontawesome=&#8221;fas fa-info-circle&#8221; title=&#8221;Szczeg\u00f3\u0142y szkolenia:&#8221; icon_color=&#8221;#993436&#8243;][\/mnky_service][vc_empty_space height=&#8221;60px&#8221;][\/vc_column][vc_column width=&#8221;2\/3&#8243;][vc_empty_space height=&#8221;60px&#8221;][vc_column_text]<\/p>\n<ul>\n<li data-start=\"3456\" data-end=\"3485\"><strong data-start=\"3456\" data-end=\"3468\">Terminy:<\/strong> 7-8 maja 2026<\/li>\n<li data-start=\"3488\" data-end=\"3526\"><strong data-start=\"3488\" data-end=\"3500\">Godziny:<\/strong> 9:00 &#8211; 13:00<\/li>\n<li data-start=\"3529\" data-end=\"3568\"><strong data-start=\"3529\" data-end=\"3539\">Forma:<\/strong> online, na&nbsp;\u017cywo przez&nbsp;Zoom<\/li>\n<li data-start=\"3571\" data-end=\"3595\"><strong data-start=\"3571\" data-end=\"3586\">Inwestycja:<\/strong> \u00a31890 \u2248 9.200 PLN netto<\/li>\n<li data-start=\"3598\" data-end=\"3693\"><strong data-start=\"3598\" data-end=\"3613\">Certyfikat:<\/strong> uczestnicy otrzymuj\u0105 oficjalny certyfikat Growth Zone<\/li>\n<li><strong>Cena za&nbsp;obie certyfikacje<\/strong> (Global Disc\u2122 i&nbsp;Growth Zone\u2122): \u00a33490 \u2248 16.990 PLN netto<\/li>\n<\/ul>\n<p>[\/vc_column_text][vc_empty_space height=&#8221;60px&#8221;][\/vc_column][\/vc_row][vc_row full_width=&#8221;stretch_row&#8221;][vc_column][vc_empty_space height=&#8221;60px&#8221;][vc_column_text]<\/p>\n<h3 data-start=\"3086\" data-end=\"3101\">Dlaczego warto zapisa\u0107 si\u0119 teraz?<\/h3>\n<p data-start=\"3740\" data-end=\"3860\">Wzrost nigdy nie jest statyczny \u2014 organizacje albo&nbsp;si\u0119 rozwijaj\u0105, albo&nbsp;cofaj\u0105. Dzi\u0119ki certyfikacji Growth Zone mo\u017cesz:<\/p>\n<ul data-start=\"3861\" data-end=\"4017\">\n<li data-start=\"3861\" data-end=\"3898\">\n<p data-start=\"3863\" data-end=\"3898\">Precyzyjnie diagnozowa\u0107 wyzwania,<\/p>\n<\/li>\n<li data-start=\"3899\" data-end=\"3934\">\n<p data-start=\"3901\" data-end=\"3934\">Dostarcza\u0107 mierzalne rezultaty,<\/p>\n<\/li>\n<li data-start=\"3935\" data-end=\"4017\">\n<p data-start=\"3937\" data-end=\"4017\">I&nbsp;budowa\u0107 swoj\u0105 pozycj\u0119 jako zaufany ekspert w&nbsp;rozwoju przyw\u00f3dztwa i&nbsp;zespo\u0142\u00f3w.<\/p>\n<\/li>\n<\/ul>\n<p data-start=\"4019\" data-end=\"4129\">Liczba miejsc jest ograniczona. Do\u0142\u0105cz do&nbsp;globalnej sieci ekspert\u00f3w i&nbsp;zmie\u0144 spos\u00f3b, w&nbsp;jaki wspierasz rozw\u00f3j.<\/p>\n<p>[\/vc_column_text][vc_empty_space height=&#8221;60px&#8221;][vc_column_text el_class=&#8221;button&#8221;]<\/p>\n<p style=\"text-align: center;\"><a href=\"https:\/\/ettagoglobal.com\/open-training-registration\/\">Zapisz si\u0119 na&nbsp;szkolenie<\/a><\/p>\n<p>[\/vc_column_text][vc_empty_space height=&#8221;60px&#8221;][\/vc_column][\/vc_row][vc_row full_width=&#8221;stretch_row&#8221; css=&#8221;.vc_custom_1757779776297{background-color: #f6f7f8&nbsp;!important;}&#8221;][vc_column][vc_empty_space height=&#8221;60px&#8221;][vc_column_text]<\/p>\n<h3 data-start=\"3086\" data-end=\"3101\">Nie mo\u017cesz do\u0142\u0105czy\u0107 w&nbsp;proponowanych terminach?<\/h3>\n<p data-start=\"119\" data-end=\"317\">Rozumiemy, \u017ce&nbsp;harmonogramy mog\u0105 by\u0107 wymagaj\u0105ce. Je\u015bli jeste\u015b zainteresowany\/a tym szkoleniem, ale&nbsp;nie mo\u017cesz wzi\u0105\u0107 w&nbsp;nim udzia\u0142u w&nbsp;podanych terminach, mo\u017cesz <strong data-start=\"277\" data-end=\"314\">zapisa\u0107 si\u0119 na&nbsp;list\u0119 oczekuj\u0105cych<\/strong>.<\/p>\n<p data-start=\"319\" data-end=\"344\">Zapisuj\u0105c si\u0119, zyskasz:<\/p>\n<ul>\n<li data-start=\"347\" data-end=\"416\">Informacje o&nbsp;nowych terminach szkole\u0144, jak tylko zostan\u0105 og\u0142oszone.<\/li>\n<li data-start=\"419\" data-end=\"449\">Pierwsze\u0144stwo w&nbsp;rejestracji.<\/li>\n<li data-start=\"452\" data-end=\"499\">Pewno\u015b\u0107, \u017ce&nbsp;nie przegapisz okazji do&nbsp;udzia\u0142u.<\/li>\n<\/ul>\n<p>[\/vc_column_text][vc_empty_space height=&#8221;60px&#8221;][vc_btn title=&#8221;Zapisz si\u0119 na&nbsp;list\u0119 oczekuj\u0105cych&#8221; shape=&#8221;round&#8221; color=&#8221;inverse&#8221; align=&#8221;center&#8221; link=&#8221;url:https%3A%2F%2Fettagoglobal.com%2Fopen-training-waiting-list%2F&#8221;][vc_empty_space height=&#8221;60px&#8221;][\/vc_column][\/vc_row]<\/p>\n","protected":false},"excerpt":{"rendered":"<p>[vc_row full_width=&#8221;stretch_row&#8221; css=&#8221;.vc_custom_1689849226450{background-image: url(https:\/\/ettagoglobal.com\/wp-content\/uploads\/2023\/07\/Influencing-Across-Cultures.png?id=27508)&nbsp;!important;background-position: center&nbsp;!important;background-repeat: no-repeat&nbsp;!important;background-size: cover&nbsp;!important;}&#8221; el_class=&#8221;main-slide&#8221;][vc_column][vc_empty_space height=&#8221;100px&#8221;][vc_column_text] Program Certyfikacyjny Growth Zone\u2122 [\/vc_column_text][vc_empty_space height=&#8221;30px&#8221;][vc_column_text] Zdob\u0105d\u017a certyfikacj\u0119, aby&nbsp;mierzy\u0107, wizualizowa\u0107 i&nbsp;optymalizowa\u0107 &hellip; <\/p>\n","protected":false},"author":7,"featured_media":27511,"parent":29952,"menu_order":40,"comment_status":"closed","ping_status":"closed","template":"page-no-paddings.php","meta":{"_acf_changed":false,"footnotes":"","_links_to":"","_links_to_target":""},"class_list":["post-30248","page","type-page","status-publish","has-post-thumbnail","hentry"],"acf":[],"yoast_head":"<!-- This site is optimized with the Yoast SEO plugin v27.3 - https:\/\/yoast.com\/product\/yoast-seo-wordpress\/ -->\n<title>Program Certyfikacyjny Growth Zone<\/title>\n<meta name=\"description\" content=\"Zdob\u0105d\u017a certyfikat Growth Zone. Mierz i optymalizuj bezpiecze\u0144stwo psychologiczne, motywacj\u0119 i rozw\u00f3j zespo\u0142u za pomoc\u0105 narz\u0119dzi opartych na danych.\" \/>\n<meta name=\"robots\" content=\"index, follow, max-snippet:-1, max-image-preview:large, max-video-preview:-1\" \/>\n<link rel=\"canonical\" href=\"https:\/\/ettagoglobal.com\/pl\/kalendarz-szkolen\/program-certyfikacyjny-growth-zone\/\" \/>\n<meta property=\"og:locale\" content=\"pl_PL\" \/>\n<meta property=\"og:type\" content=\"article\" \/>\n<meta property=\"og:title\" content=\"Program Certyfikacyjny Growth Zone\" \/>\n<meta property=\"og:description\" content=\"Zdob\u0105d\u017a certyfikat Growth Zone. Mierz i optymalizuj bezpiecze\u0144stwo psychologiczne, motywacj\u0119 i rozw\u00f3j zespo\u0142u za pomoc\u0105 narz\u0119dzi opartych na danych.\" \/>\n<meta property=\"og:url\" content=\"https:\/\/ettagoglobal.com\/pl\/kalendarz-szkolen\/program-certyfikacyjny-growth-zone\/\" \/>\n<meta property=\"og:site_name\" content=\"ETTA\" \/>\n<meta property=\"article:modified_time\" content=\"2025-11-26T21:25:06+00:00\" \/>\n<meta property=\"og:image\" content=\"https:\/\/ettagoglobal.com\/wp-content\/uploads\/2023\/07\/Influencing-Across-Cultures_kwadrat.png\" \/>\n\t<meta property=\"og:image:width\" content=\"1080\" \/>\n\t<meta property=\"og:image:height\" content=\"1080\" \/>\n\t<meta property=\"og:image:type\" content=\"image\/png\" \/>\n<meta name=\"twitter:card\" content=\"summary_large_image\" \/>\n<meta name=\"twitter:label1\" content=\"Szacowany czas czytania\" \/>\n\t<meta name=\"twitter:data1\" content=\"4 minuty\" \/>\n<script type=\"application\/ld+json\" class=\"yoast-schema-graph\">{\"@context\":\"https:\\\/\\\/schema.org\",\"@graph\":[{\"@type\":\"WebPage\",\"@id\":\"https:\\\/\\\/ettagoglobal.com\\\/pl\\\/kalendarz-szkolen\\\/program-certyfikacyjny-growth-zone\\\/\",\"url\":\"https:\\\/\\\/ettagoglobal.com\\\/pl\\\/kalendarz-szkolen\\\/program-certyfikacyjny-growth-zone\\\/\",\"name\":\"Program Certyfikacyjny Growth Zone\",\"isPartOf\":{\"@id\":\"https:\\\/\\\/ettagoglobal.com\\\/#website\"},\"primaryImageOfPage\":{\"@id\":\"https:\\\/\\\/ettagoglobal.com\\\/pl\\\/kalendarz-szkolen\\\/program-certyfikacyjny-growth-zone\\\/#primaryimage\"},\"image\":{\"@id\":\"https:\\\/\\\/ettagoglobal.com\\\/pl\\\/kalendarz-szkolen\\\/program-certyfikacyjny-growth-zone\\\/#primaryimage\"},\"thumbnailUrl\":\"https:\\\/\\\/ettagoglobal.com\\\/wp-content\\\/uploads\\\/2023\\\/07\\\/Influencing-Across-Cultures_kwadrat.png\",\"datePublished\":\"2025-09-13T10:35:55+00:00\",\"dateModified\":\"2025-11-26T21:25:06+00:00\",\"description\":\"Zdob\u0105d\u017a certyfikat Growth Zone. Mierz i optymalizuj bezpiecze\u0144stwo psychologiczne, motywacj\u0119 i rozw\u00f3j zespo\u0142u za pomoc\u0105 narz\u0119dzi opartych na danych.\",\"breadcrumb\":{\"@id\":\"https:\\\/\\\/ettagoglobal.com\\\/pl\\\/kalendarz-szkolen\\\/program-certyfikacyjny-growth-zone\\\/#breadcrumb\"},\"inLanguage\":\"pl-PL\",\"potentialAction\":[{\"@type\":\"ReadAction\",\"target\":[\"https:\\\/\\\/ettagoglobal.com\\\/pl\\\/kalendarz-szkolen\\\/program-certyfikacyjny-growth-zone\\\/\"]}]},{\"@type\":\"ImageObject\",\"inLanguage\":\"pl-PL\",\"@id\":\"https:\\\/\\\/ettagoglobal.com\\\/pl\\\/kalendarz-szkolen\\\/program-certyfikacyjny-growth-zone\\\/#primaryimage\",\"url\":\"https:\\\/\\\/ettagoglobal.com\\\/wp-content\\\/uploads\\\/2023\\\/07\\\/Influencing-Across-Cultures_kwadrat.png\",\"contentUrl\":\"https:\\\/\\\/ettagoglobal.com\\\/wp-content\\\/uploads\\\/2023\\\/07\\\/Influencing-Across-Cultures_kwadrat.png\",\"width\":1080,\"height\":1080,\"caption\":\"Influencing Across Cultures\"},{\"@type\":\"BreadcrumbList\",\"@id\":\"https:\\\/\\\/ettagoglobal.com\\\/pl\\\/kalendarz-szkolen\\\/program-certyfikacyjny-growth-zone\\\/#breadcrumb\",\"itemListElement\":[{\"@type\":\"ListItem\",\"position\":1,\"name\":\"Strona g\u0142\u00f3wna\",\"item\":\"https:\\\/\\\/ettagoglobal.com\\\/pl\\\/home-2\\\/\"},{\"@type\":\"ListItem\",\"position\":2,\"name\":\"Kalendarz szkole\u0144\",\"item\":\"https:\\\/\\\/ettagoglobal.com\\\/pl\\\/kalendarz-szkolen\\\/\"},{\"@type\":\"ListItem\",\"position\":3,\"name\":\"Program Certyfikacyjny Growth Zone\"}]},{\"@type\":\"WebSite\",\"@id\":\"https:\\\/\\\/ettagoglobal.com\\\/#website\",\"url\":\"https:\\\/\\\/ettagoglobal.com\\\/\",\"name\":\"ETTA\",\"description\":\"Global Connections. Let&#039;s do it bETTA!\",\"potentialAction\":[{\"@type\":\"SearchAction\",\"target\":{\"@type\":\"EntryPoint\",\"urlTemplate\":\"https:\\\/\\\/ettagoglobal.com\\\/?s={search_term_string}\"},\"query-input\":{\"@type\":\"PropertyValueSpecification\",\"valueRequired\":true,\"valueName\":\"search_term_string\"}}],\"inLanguage\":\"pl-PL\"}]}<\/script>\n<!-- \/ Yoast SEO plugin. -->","yoast_head_json":{"title":"Program Certyfikacyjny Growth Zone","description":"Zdob\u0105d\u017a certyfikat Growth Zone. Mierz i optymalizuj bezpiecze\u0144stwo psychologiczne, motywacj\u0119 i rozw\u00f3j zespo\u0142u za pomoc\u0105 narz\u0119dzi opartych na danych.","robots":{"index":"index","follow":"follow","max-snippet":"max-snippet:-1","max-image-preview":"max-image-preview:large","max-video-preview":"max-video-preview:-1"},"canonical":"https:\/\/ettagoglobal.com\/pl\/kalendarz-szkolen\/program-certyfikacyjny-growth-zone\/","og_locale":"pl_PL","og_type":"article","og_title":"Program Certyfikacyjny Growth Zone","og_description":"Zdob\u0105d\u017a certyfikat Growth Zone. Mierz i optymalizuj bezpiecze\u0144stwo psychologiczne, motywacj\u0119 i rozw\u00f3j zespo\u0142u za pomoc\u0105 narz\u0119dzi opartych na danych.","og_url":"https:\/\/ettagoglobal.com\/pl\/kalendarz-szkolen\/program-certyfikacyjny-growth-zone\/","og_site_name":"ETTA","article_modified_time":"2025-11-26T21:25:06+00:00","og_image":[{"width":1080,"height":1080,"url":"https:\/\/ettagoglobal.com\/wp-content\/uploads\/2023\/07\/Influencing-Across-Cultures_kwadrat.png","type":"image\/png"}],"twitter_card":"summary_large_image","twitter_misc":{"Szacowany czas czytania":"4 minuty"},"schema":{"@context":"https:\/\/schema.org","@graph":[{"@type":"WebPage","@id":"https:\/\/ettagoglobal.com\/pl\/kalendarz-szkolen\/program-certyfikacyjny-growth-zone\/","url":"https:\/\/ettagoglobal.com\/pl\/kalendarz-szkolen\/program-certyfikacyjny-growth-zone\/","name":"Program Certyfikacyjny Growth Zone","isPartOf":{"@id":"https:\/\/ettagoglobal.com\/#website"},"primaryImageOfPage":{"@id":"https:\/\/ettagoglobal.com\/pl\/kalendarz-szkolen\/program-certyfikacyjny-growth-zone\/#primaryimage"},"image":{"@id":"https:\/\/ettagoglobal.com\/pl\/kalendarz-szkolen\/program-certyfikacyjny-growth-zone\/#primaryimage"},"thumbnailUrl":"https:\/\/ettagoglobal.com\/wp-content\/uploads\/2023\/07\/Influencing-Across-Cultures_kwadrat.png","datePublished":"2025-09-13T10:35:55+00:00","dateModified":"2025-11-26T21:25:06+00:00","description":"Zdob\u0105d\u017a certyfikat Growth Zone. Mierz i optymalizuj bezpiecze\u0144stwo psychologiczne, motywacj\u0119 i rozw\u00f3j zespo\u0142u za pomoc\u0105 narz\u0119dzi opartych na danych.","breadcrumb":{"@id":"https:\/\/ettagoglobal.com\/pl\/kalendarz-szkolen\/program-certyfikacyjny-growth-zone\/#breadcrumb"},"inLanguage":"pl-PL","potentialAction":[{"@type":"ReadAction","target":["https:\/\/ettagoglobal.com\/pl\/kalendarz-szkolen\/program-certyfikacyjny-growth-zone\/"]}]},{"@type":"ImageObject","inLanguage":"pl-PL","@id":"https:\/\/ettagoglobal.com\/pl\/kalendarz-szkolen\/program-certyfikacyjny-growth-zone\/#primaryimage","url":"https:\/\/ettagoglobal.com\/wp-content\/uploads\/2023\/07\/Influencing-Across-Cultures_kwadrat.png","contentUrl":"https:\/\/ettagoglobal.com\/wp-content\/uploads\/2023\/07\/Influencing-Across-Cultures_kwadrat.png","width":1080,"height":1080,"caption":"Influencing Across Cultures"},{"@type":"BreadcrumbList","@id":"https:\/\/ettagoglobal.com\/pl\/kalendarz-szkolen\/program-certyfikacyjny-growth-zone\/#breadcrumb","itemListElement":[{"@type":"ListItem","position":1,"name":"Strona g\u0142\u00f3wna","item":"https:\/\/ettagoglobal.com\/pl\/home-2\/"},{"@type":"ListItem","position":2,"name":"Kalendarz szkole\u0144","item":"https:\/\/ettagoglobal.com\/pl\/kalendarz-szkolen\/"},{"@type":"ListItem","position":3,"name":"Program Certyfikacyjny Growth Zone"}]},{"@type":"WebSite","@id":"https:\/\/ettagoglobal.com\/#website","url":"https:\/\/ettagoglobal.com\/","name":"ETTA","description":"Global Connections. Let&#039;s do it bETTA!","potentialAction":[{"@type":"SearchAction","target":{"@type":"EntryPoint","urlTemplate":"https:\/\/ettagoglobal.com\/?s={search_term_string}"},"query-input":{"@type":"PropertyValueSpecification","valueRequired":true,"valueName":"search_term_string"}}],"inLanguage":"pl-PL"}]}},"_links":{"self":[{"href":"https:\/\/ettagoglobal.com\/pl\/wp-json\/wp\/v2\/pages\/30248","targetHints":{"allow":["GET"]}}],"collection":[{"href":"https:\/\/ettagoglobal.com\/pl\/wp-json\/wp\/v2\/pages"}],"about":[{"href":"https:\/\/ettagoglobal.com\/pl\/wp-json\/wp\/v2\/types\/page"}],"author":[{"embeddable":true,"href":"https:\/\/ettagoglobal.com\/pl\/wp-json\/wp\/v2\/users\/7"}],"replies":[{"embeddable":true,"href":"https:\/\/ettagoglobal.com\/pl\/wp-json\/wp\/v2\/comments?post=30248"}],"version-history":[{"count":12,"href":"https:\/\/ettagoglobal.com\/pl\/wp-json\/wp\/v2\/pages\/30248\/revisions"}],"predecessor-version":[{"id":30492,"href":"https:\/\/ettagoglobal.com\/pl\/wp-json\/wp\/v2\/pages\/30248\/revisions\/30492"}],"up":[{"embeddable":true,"href":"https:\/\/ettagoglobal.com\/pl\/wp-json\/wp\/v2\/pages\/29952"}],"wp:featuredmedia":[{"embeddable":true,"href":"https:\/\/ettagoglobal.com\/pl\/wp-json\/wp\/v2\/media\/27511"}],"wp:attachment":[{"href":"https:\/\/ettagoglobal.com\/pl\/wp-json\/wp\/v2\/media?parent=30248"}],"curies":[{"name":"wp","href":"https:\/\/api.w.org\/{rel}","templated":true}]}}