{"id":30233,"date":"2025-09-13T09:34:25","date_gmt":"2025-09-13T09:34:25","guid":{"rendered":"https:\/\/ettagoglobal.com\/?page_id=30233"},"modified":"2025-10-21T19:13:54","modified_gmt":"2025-10-21T19:13:54","slug":"trzy-niewidzialne-sily-napedzajace-efektywne-zespoly","status":"publish","type":"page","link":"https:\/\/ettagoglobal.com\/pl\/kalendarz-szkolen\/trzy-niewidzialne-sily-napedzajace-efektywne-zespoly\/","title":{"rendered":"Trzy niewidzialne si\u0142y nap\u0119dzaj\u0105ce efektywne zespo\u0142y"},"content":{"rendered":"<p>[vc_row full_width=&#8221;stretch_row&#8221; css=&#8221;.vc_custom_1757756756478{background-image: url(https:\/\/ettagoglobal.com\/wp-content\/uploads\/2023\/07\/Cross-Cultural-Cooperation.png?id=27493)&nbsp;!important;background-position: center&nbsp;!important;background-repeat: no-repeat&nbsp;!important;background-size: cover&nbsp;!important;}&#8221; el_class=&#8221;main-slide&#8221;][vc_column][vc_empty_space height=&#8221;100px&#8221;][vc_column_text]<\/p>\n<h1>Trzy niewidzialne si\u0142y nap\u0119dzaj\u0105ce efektywne zespo\u0142y<\/h1>\n<p>[\/vc_column_text][vc_empty_space height=&#8221;30px&#8221;][vc_column_text]Szkolenie dla&nbsp;dzia\u0142\u00f3w HR, L&amp;D oraz&nbsp;lider\u00f3w zespo\u0142\u00f3w, kt\u00f3rzy chc\u0105 w&nbsp;pe\u0142ni wykorzysta\u0107 potencja\u0142 swoich ludzi[\/vc_column_text][vc_empty_space height=&#8221;100px&#8221;][\/vc_column][\/vc_row][vc_row el_class=&#8221;training-for&#8221;][vc_column][vc_empty_space height=&#8221;60px&#8221;][vc_column_text]<\/p>\n<h3 data-start=\"310\" data-end=\"368\">Odkryj niewidoczne czynniki, kt\u00f3re decyduj\u0105 o&nbsp;tym, czy&nbsp;zesp\u00f3\u0142 odnosi sukces, czy&nbsp;boryka si\u0119 z&nbsp;problemami<\/h3>\n<p data-start=\"475\" data-end=\"790\">Kompetencje, procesy i&nbsp;narz\u0119dzia s\u0105 \u0142atwe do&nbsp;zauwa\u017cenia. Jednak&nbsp;prawdziwe \u017ar\u00f3d\u0142a efektywno\u015bci zespo\u0142u cz\u0119sto ukryte s\u0105 pod&nbsp;powierzchni\u0105. Badania pokazuj\u0105, \u017ce&nbsp;trzy niewidoczne si\u0142y \u2014 <strong data-start=\"657\" data-end=\"737\">bezpiecze\u0144stwo psychologiczne, motywacja wewn\u0119trzna i&nbsp;r\u00f3\u017cnorodno\u015b\u0107 poznawcza<\/strong> \u2014 mog\u0105 zadecydowa\u0107 o&nbsp;sukcesie lub&nbsp;pora\u017cce zespo\u0142u.<\/p>\n<p data-start=\"792\" data-end=\"1013\">To szkolenie wyposa\u017cy lider\u00f3w i&nbsp;specjalist\u00f3w HR w&nbsp;wiedz\u0119 oraz&nbsp;praktyczne narz\u0119dzia, kt\u00f3re pozwol\u0105 wzmacnia\u0107 te trzy obszary, zapobiega\u0107 barierom w&nbsp;pracy zespo\u0142owej i&nbsp;budowa\u0107 warunki sprzyjaj\u0105ce innowacji oraz&nbsp;rozwojowi.<\/p>\n<p>[\/vc_column_text][vc_empty_space height=&#8221;60px&#8221;][\/vc_column][\/vc_row][vc_row full_width=&#8221;stretch_row&#8221; el_class=&#8221;training-for&#8221; css=&#8221;.vc_custom_1757684017206{background-color: #f6f7f8&nbsp;!important;}&#8221;][vc_column width=&#8221;1\/3&#8243;][vc_empty_space height=&#8221;60px&#8221;][mnky_service icon_fontawesome=&#8221;fas fa-user-tie&#8221; title=&#8221;Dla kogo jest to szkolenie?&#8221; icon_color=&#8221;#993436&#8243;][\/mnky_service][vc_empty_space height=&#8221;60px&#8221;][\/vc_column][vc_column width=&#8221;2\/3&#8243;][vc_empty_space height=&#8221;60px&#8221;][vc_column_text]<\/p>\n<ul data-start=\"1053\" data-end=\"1292\">\n<li data-start=\"1053\" data-end=\"1121\">\n<p data-start=\"1055\" data-end=\"1121\">Specjali\u015bci HR i&nbsp;L&amp;D odpowiedzialni za&nbsp;programy rozwoju zespo\u0142\u00f3w<\/p>\n<\/li>\n<li data-start=\"1122\" data-end=\"1200\">\n<p data-start=\"1124\" data-end=\"1200\">Liderzy i&nbsp;mened\u017cerowie buduj\u0105cy mi\u0119dzynarodowe lub&nbsp;mi\u0119dzyfunkcyjne zespo\u0142y<\/p>\n<\/li>\n<li data-start=\"1201\" data-end=\"1292\">\n<p data-start=\"1203\" data-end=\"1292\">Organizacje, kt\u00f3re chc\u0105 zwi\u0119kszy\u0107 wsp\u00f3\u0142prac\u0119, innowacyjno\u015b\u0107 i&nbsp;zaanga\u017cowanie pracownik\u00f3w<\/p>\n<\/li>\n<\/ul>\n<p data-start=\"1294\" data-end=\"1463\">Je\u015bli chcesz, by Tw\u00f3j zesp\u00f3\u0142 nie tylko sprawnie funkcjonowa\u0142, ale&nbsp;tak\u017ce rozwija\u0142 si\u0119, tworzy\u0142 nowe pomys\u0142y i&nbsp;osi\u0105ga\u0142 d\u0142ugofalowe wyniki \u2014 to szkolenie jest dla&nbsp;Ciebie.<\/p>\n<p>[\/vc_column_text][vc_empty_space height=&#8221;60px&#8221;][\/vc_column][\/vc_row][vc_row full_width=&#8221;stretch_row&#8221;][vc_column][vc_empty_space height=&#8221;60px&#8221;][\/vc_column][vc_column width=&#8221;1\/3&#8243;][mnky_service icon_fontawesome=&#8221;fas fa-bullseye&#8221; title=&#8221;Co zyskasz?&#8221; icon_color=&#8221;#993436&#8243;][\/mnky_service][vc_empty_space height=&#8221;30px&#8221;][\/vc_column][vc_column width=&#8221;2\/3&#8243;][vc_column_text]<\/p>\n<p data-start=\"1487\" data-end=\"1524\">Po&nbsp;uko\u0144czeniu szkolenia uczestnicy:<\/p>\n<ul data-start=\"1525\" data-end=\"1994\">\n<li data-start=\"1525\" data-end=\"1607\">\n<p data-start=\"1527\" data-end=\"1607\">Zrozumiej\u0105, czym s\u0105 trzy ukryte si\u0142y efektywno\u015bci i&nbsp;jak ze sob\u0105 wsp\u00f3\u0142dzia\u0142aj\u0105.<\/p>\n<\/li>\n<li data-start=\"1608\" data-end=\"1701\">\n<p data-start=\"1610\" data-end=\"1701\">Naucz\u0105 si\u0119 wzmacnia\u0107 bezpiecze\u0144stwo psychologiczne jako fundament wsp\u00f3\u0142pracy i&nbsp;innowacji.<\/p>\n<\/li>\n<li data-start=\"1702\" data-end=\"1808\">\n<p data-start=\"1704\" data-end=\"1808\">Dowiedz\u0105 si\u0119, jak podtrzymywa\u0107 motywacj\u0119 wewn\u0119trzn\u0105 opart\u0105 na&nbsp;autonomii, mistrzostwie i&nbsp;poczuciu celu.<\/p>\n<\/li>\n<li data-start=\"1809\" data-end=\"1906\">\n<p data-start=\"1811\" data-end=\"1906\">Naucz\u0105 si\u0119 wykorzystywa\u0107 r\u00f3\u017cnorodno\u015b\u0107 poznawcz\u0105, by uwalnia\u0107 kreatywno\u015b\u0107 i&nbsp;unika\u0107 konflikt\u00f3w.<\/p>\n<\/li>\n<li data-start=\"1907\" data-end=\"1994\">\n<p data-start=\"1909\" data-end=\"1994\">Opracuj\u0105 konkretne dzia\u0142ania, kt\u00f3re pomog\u0105 im wzmocni\u0107 potencja\u0142 w\u0142asnych zespo\u0142\u00f3w.<\/p>\n<\/li>\n<\/ul>\n<p>[\/vc_column_text][vc_empty_space height=&#8221;60px&#8221;][\/vc_column][\/vc_row][vc_row full_width=&#8221;stretch_row&#8221; css=&#8221;.vc_custom_1646656326892{background-color: #f6f7f8&nbsp;!important;}&#8221;][vc_column][vc_empty_space height=&#8221;60px&#8221;][vc_column_text el_class=&#8221;button&#8221;]<\/p>\n<h2 style=\"text-align: center;\">Program szkolenia<\/h2>\n<p>[\/vc_column_text][vc_empty_space height=&#8221;30px&#8221;][\/vc_column][\/vc_row][vc_row full_width=&#8221;stretch_row&#8221; gap=&#8221;35&#8243; equal_height=&#8221;yes&#8221; el_class=&#8221;training-parts&#8221; css=&#8221;.vc_custom_1647354153948{background-color: #f6f7f8&nbsp;!important;}&#8221;][vc_column width=&#8221;1\/3&#8243; el_class=&#8221;section&#8221;][vc_empty_space height=&#8221;30px&#8221;][vc_column_text]<\/p>\n<h3 style=\"text-align: center;\">Modu\u0142 I<\/h3>\n<h4 style=\"text-align: center;\">Bezpiecze\u0144stwo psychologiczne \u2014 fundament zaufania<\/h4>\n<ul>\n<li data-start=\"2093\" data-end=\"2152\">Czym jest bezpiecze\u0144stwo psychologiczne (i czym nie jest)<\/li>\n<li data-start=\"2155\" data-end=\"2249\">Dlaczego to najwa\u017cniejsza cecha zespo\u0142\u00f3w o&nbsp;wysokiej efektywno\u015bci (Project Aristotle, Google)<\/li>\n<li data-start=\"2252\" data-end=\"2316\">Jak l\u0119k przed pora\u017ck\u0105 i&nbsp;odrzuceniem wp\u0142ywa na&nbsp;dynamik\u0119 zespo\u0142u<\/li>\n<li data-start=\"2319\" data-end=\"2433\">Narz\u0119dzia do&nbsp;budowania przestrzeni, w&nbsp;kt\u00f3rej mo\u017cna otwarcie m\u00f3wi\u0107, zg\u0142asza\u0107 pomys\u0142y i&nbsp;konstruktywnie si\u0119 spiera\u0107<\/li>\n<\/ul>\n<p>[\/vc_column_text][vc_empty_space height=&#8221;30px&#8221;][\/vc_column][vc_column width=&#8221;1\/3&#8243; el_class=&#8221;section&#8221;][vc_empty_space height=&#8221;30px&#8221;][vc_column_text]<\/p>\n<h3 style=\"text-align: center;\">Modu\u0142 II<\/h3>\n<h4 style=\"text-align: center;\">Motywacja wewn\u0119trzna \u2014 od obowi\u0105zku do&nbsp;zaanga\u017cowania<\/h4>\n<ul>\n<li data-start=\"2506\" data-end=\"2577\">Ewolucja podej\u015bcia do&nbsp;motywacji: 1.0, 2.0 i&nbsp;3.0 (model Daniela Pinka)<\/li>\n<li data-start=\"2580\" data-end=\"2639\">Dlaczego system kar i&nbsp;nagr\u00f3d dzia\u0142a tylko kr\u00f3tkoterminowo<\/li>\n<li data-start=\"2642\" data-end=\"2715\">Trzy elementy trwa\u0142ej motywacji: autonomia, mistrzostwo i&nbsp;poczucie celu<\/li>\n<li data-start=\"2718\" data-end=\"2796\">Praktyczne sposoby wzmacniania zaanga\u017cowania i&nbsp;odpowiedzialno\u015bci w&nbsp;zespo\u0142ach<\/li>\n<\/ul>\n<p>[\/vc_column_text][vc_empty_space height=&#8221;30px&#8221;][\/vc_column][vc_column width=&#8221;1\/3&#8243; el_class=&#8221;section&#8221;][vc_empty_space height=&#8221;30px&#8221;][vc_column_text]<\/p>\n<h3 style=\"text-align: center;\">Modu\u0142 III<\/h3>\n<h4 style=\"text-align: center;\">R\u00f3\u017cnorodno\u015b\u0107 poznawcza \u2014 jak przeku\u0107 r\u00f3\u017cnice w&nbsp;przewag\u0119<\/h4>\n<ul>\n<li data-start=\"2873\" data-end=\"2962\">Czym jest r\u00f3\u017cnorodno\u015b\u0107 poznawcza i&nbsp;dlaczego jest wa\u017cniejsza ni\u017c r\u00f3\u017cnorodno\u015b\u0107 \u201ewidoczna\u201d<\/li>\n<li data-start=\"2965\" data-end=\"3048\">Jak wykorzysta\u0107 odmienne style my\u015blenia do&nbsp;kreatywno\u015bci i&nbsp;rozwi\u0105zywania problem\u00f3w<\/li>\n<li data-start=\"3051\" data-end=\"3108\">Zagro\u017cenia r\u00f3\u017cnorodno\u015bci bez bezpiecze\u0144stwa i&nbsp;motywacji<\/li>\n<li data-start=\"3111\" data-end=\"3178\">Strategie, by r\u00f3\u017cnorodno\u015b\u0107 by\u0142a \u017ar\u00f3d\u0142em rozwoju, a&nbsp;nie konflikt\u00f3w<\/li>\n<\/ul>\n<p>[\/vc_column_text][vc_empty_space height=&#8221;30px&#8221;][\/vc_column][\/vc_row][vc_row el_class=&#8221;training-for&#8221;][vc_column width=&#8221;1\/3&#8243;][vc_empty_space height=&#8221;60px&#8221;][mnky_service icon_fontawesome=&#8221;fas fa-info-circle&#8221; title=&#8221;Szczeg\u00f3\u0142y szkolenia:&#8221; icon_color=&#8221;#993436&#8243;][\/mnky_service][vc_empty_space height=&#8221;60px&#8221;][\/vc_column][vc_column width=&#8221;2\/3&#8243;][vc_empty_space height=&#8221;60px&#8221;][vc_column_text]<\/p>\n<ul>\n<li data-start=\"2674\" data-end=\"2707\"><strong data-start=\"2674\" data-end=\"2686\">Termin:<\/strong> TBC<\/li>\n<li data-start=\"2710\" data-end=\"2743\"><strong data-start=\"2710\" data-end=\"2722\">Godziny:<\/strong> 9:00 \u2013 13:00 (CET)<\/li>\n<li data-start=\"2746\" data-end=\"2786\"><strong data-start=\"2746\" data-end=\"2756\">Forma:<\/strong> warsztat online (wirtualny)<\/li>\n<li data-start=\"2789\" data-end=\"2815\"><strong data-start=\"2789\" data-end=\"2798\">Cena:<\/strong> 1450z\u0142 netto (+23% VAT)<\/li>\n<li data-start=\"2818\" data-end=\"2883\"><strong data-start=\"2818\" data-end=\"2833\">Certyfikat:<\/strong> ka\u017cdy uczestnik otrzymuje certyfikat uko\u0144czenia<\/li>\n<li data-start=\"2818\" data-end=\"2883\"><strong>Bonus:<\/strong> uczestnicy otrzymuj\u0105 dost\u0119p do&nbsp;bazy wiedzy ETTA w&nbsp;postaci nagra\u0144 z&nbsp;webinar\u00f3w<\/li>\n<li>Zapisz si\u0119 z&nbsp;koleg\u0105 lub&nbsp;kole\u017cank\u0105, a&nbsp;otrzymacie 10% zni\u017cki<\/li>\n<\/ul>\n<p>[\/vc_column_text][vc_empty_space height=&#8221;60px&#8221;][\/vc_column][\/vc_row][vc_row full_width=&#8221;stretch_row&#8221; css=&#8221;.vc_custom_1757678134900{background-color: #f6f7f8&nbsp;!important;}&#8221;][vc_column][vc_empty_space height=&#8221;60px&#8221;][vc_column_text]<\/p>\n<h3 data-start=\"3086\" data-end=\"3101\">Dlaczego warto?<\/h3>\n<p data-start=\"3455\" data-end=\"3786\">Zespo\u0142y rzadko zawodz\u0105 z&nbsp;powodu braku umiej\u0119tno\u015bci. Cz\u0119\u015bciej nie radz\u0105 sobie, gdy brakuje im ukrytych si\u0142, kt\u00f3re nap\u0119dzaj\u0105 efektywno\u015b\u0107. Wzmacniaj\u0105c bezpiecze\u0144stwo psychologiczne, motywacj\u0119 wewn\u0119trzn\u0105 i&nbsp;r\u00f3\u017cnorodno\u015b\u0107 poznawcz\u0105, tworzysz \u015brodowisko, w&nbsp;kt\u00f3rym zesp\u00f3\u0142 nie tylko pracuje \u2014 ale&nbsp;ro\u015bnie, rozwija si\u0119 i&nbsp;wprowadza innowacje.<\/p>\n<p data-start=\"3788\" data-end=\"3898\">Do\u0142\u0105cz do&nbsp;warsztatu i&nbsp;odkryj trzy ukryte si\u0142y, kt\u00f3re zamieniaj\u0105 grup\u0119 os\u00f3b w&nbsp;zesp\u00f3\u0142 o&nbsp;wysokiej efektywno\u015bci.<\/p>\n<p>[\/vc_column_text][vc_empty_space height=&#8221;60px&#8221;][vc_column_text el_class=&#8221;button&#8221;]<\/p>\n<p style=\"text-align: center;\"><a href=\"https:\/\/ettagoglobal.com\/open-training-registration\/\">Zapisz si\u0119 na&nbsp;szkolenie<\/a><\/p>\n<p>[\/vc_column_text][vc_empty_space height=&#8221;60px&#8221;][\/vc_column][\/vc_row][vc_row full_width=&#8221;stretch_row&#8221;][vc_column][vc_empty_space height=&#8221;60px&#8221;][vc_column_text]<\/p>\n<h3 data-start=\"3086\" data-end=\"3101\">Nie mo\u017cesz do\u0142\u0105czy\u0107 w&nbsp;proponowanych terminach?<\/h3>\n<p data-start=\"119\" data-end=\"317\">Rozumiemy, \u017ce&nbsp;harmonogramy mog\u0105 by\u0107 wymagaj\u0105ce. Je\u015bli jeste\u015b zainteresowany\/a tym szkoleniem, ale&nbsp;nie mo\u017cesz wzi\u0105\u0107 w&nbsp;nim udzia\u0142u w&nbsp;podanych terminach, mo\u017cesz <strong data-start=\"277\" data-end=\"314\">zapisa\u0107 si\u0119 na&nbsp;list\u0119 oczekuj\u0105cych<\/strong>.<\/p>\n<p data-start=\"319\" data-end=\"344\">Zapisuj\u0105c si\u0119, zyskasz:<\/p>\n<ul>\n<li data-start=\"347\" data-end=\"416\">Informacje o&nbsp;nowych terminach szkole\u0144, jak tylko zostan\u0105 og\u0142oszone.<\/li>\n<li data-start=\"419\" data-end=\"449\">Pierwsze\u0144stwo w&nbsp;rejestracji.<\/li>\n<li data-start=\"452\" data-end=\"499\">Pewno\u015b\u0107, \u017ce&nbsp;nie przegapisz okazji do&nbsp;udzia\u0142u.<\/li>\n<\/ul>\n<p>[\/vc_column_text][vc_empty_space height=&#8221;60px&#8221;][vc_btn title=&#8221;Zapisz si\u0119 na&nbsp;list\u0119 oczekuj\u0105cych&#8221; shape=&#8221;round&#8221; color=&#8221;inverse&#8221; align=&#8221;center&#8221; link=&#8221;url:https%3A%2F%2Fettagoglobal.com%2Fopen-training-waiting-list%2F&#8221;][vc_empty_space height=&#8221;60px&#8221;][\/vc_column][\/vc_row]<\/p>\n","protected":false},"excerpt":{"rendered":"<p>[vc_row full_width=&#8221;stretch_row&#8221; css=&#8221;.vc_custom_1757756756478{background-image: url(https:\/\/ettagoglobal.com\/wp-content\/uploads\/2023\/07\/Cross-Cultural-Cooperation.png?id=27493)&nbsp;!important;background-position: center&nbsp;!important;background-repeat: no-repeat&nbsp;!important;background-size: cover&nbsp;!important;}&#8221; el_class=&#8221;main-slide&#8221;][vc_column][vc_empty_space height=&#8221;100px&#8221;][vc_column_text] Trzy niewidzialne si\u0142y nap\u0119dzaj\u0105ce efektywne zespo\u0142y [\/vc_column_text][vc_empty_space height=&#8221;30px&#8221;][vc_column_text]Szkolenie dla&nbsp;dzia\u0142\u00f3w HR, L&amp;D &hellip; <\/p>\n","protected":false},"author":7,"featured_media":27495,"parent":29952,"menu_order":40,"comment_status":"closed","ping_status":"closed","template":"page-no-paddings.php","meta":{"_acf_changed":false,"footnotes":"","_links_to":"","_links_to_target":""},"class_list":["post-30233","page","type-page","status-publish","has-post-thumbnail","hentry"],"acf":[],"yoast_head":"<!-- This site is optimized with the Yoast SEO plugin v27.3 - https:\/\/yoast.com\/product\/yoast-seo-wordpress\/ -->\n<title>Trzy niewidzialne si\u0142y nap\u0119dzaj\u0105ce efektywne zespo\u0142y - ETTA<\/title>\n<meta name=\"description\" content=\"Uwolnij potencja\u0142 zespo\u0142u dzi\u0119ki szkoleniu dotycz\u0105cemu trzech ukrytych czynnik\u00f3w wp\u0142ywaj\u0105cych na wysok\u0105 wydajno\u015b\u0107 zespo\u0142\u00f3w: bezpiecze\u0144stwa psychicznego, motywacji i r\u00f3\u017cnorodno\u015bci poznawczej.\" \/>\n<meta name=\"robots\" content=\"index, follow, max-snippet:-1, max-image-preview:large, max-video-preview:-1\" \/>\n<link rel=\"canonical\" href=\"https:\/\/ettagoglobal.com\/pl\/kalendarz-szkolen\/trzy-niewidzialne-sily-napedzajace-efektywne-zespoly\/\" \/>\n<meta property=\"og:locale\" content=\"pl_PL\" \/>\n<meta property=\"og:type\" content=\"article\" \/>\n<meta property=\"og:title\" content=\"Trzy niewidzialne si\u0142y nap\u0119dzaj\u0105ce efektywne zespo\u0142y - ETTA\" \/>\n<meta property=\"og:description\" content=\"Uwolnij potencja\u0142 zespo\u0142u dzi\u0119ki szkoleniu dotycz\u0105cemu trzech ukrytych czynnik\u00f3w wp\u0142ywaj\u0105cych na wysok\u0105 wydajno\u015b\u0107 zespo\u0142\u00f3w: bezpiecze\u0144stwa psychicznego, motywacji i r\u00f3\u017cnorodno\u015bci poznawczej.\" \/>\n<meta property=\"og:url\" content=\"https:\/\/ettagoglobal.com\/pl\/kalendarz-szkolen\/trzy-niewidzialne-sily-napedzajace-efektywne-zespoly\/\" \/>\n<meta property=\"og:site_name\" content=\"ETTA\" \/>\n<meta property=\"article:modified_time\" content=\"2025-10-21T19:13:54+00:00\" \/>\n<meta property=\"og:image\" content=\"https:\/\/ettagoglobal.com\/wp-content\/uploads\/2023\/07\/Cross-Cultural-Cooperation_kwadrat.png\" \/>\n\t<meta property=\"og:image:width\" content=\"1080\" \/>\n\t<meta property=\"og:image:height\" content=\"1080\" \/>\n\t<meta property=\"og:image:type\" content=\"image\/png\" \/>\n<meta name=\"twitter:card\" content=\"summary_large_image\" \/>\n<meta name=\"twitter:label1\" content=\"Szacowany czas czytania\" \/>\n\t<meta name=\"twitter:data1\" content=\"4 minuty\" \/>\n<script type=\"application\/ld+json\" class=\"yoast-schema-graph\">{\"@context\":\"https:\\\/\\\/schema.org\",\"@graph\":[{\"@type\":\"WebPage\",\"@id\":\"https:\\\/\\\/ettagoglobal.com\\\/pl\\\/kalendarz-szkolen\\\/trzy-niewidzialne-sily-napedzajace-efektywne-zespoly\\\/\",\"url\":\"https:\\\/\\\/ettagoglobal.com\\\/pl\\\/kalendarz-szkolen\\\/trzy-niewidzialne-sily-napedzajace-efektywne-zespoly\\\/\",\"name\":\"Trzy niewidzialne si\u0142y nap\u0119dzaj\u0105ce efektywne zespo\u0142y - ETTA\",\"isPartOf\":{\"@id\":\"https:\\\/\\\/ettagoglobal.com\\\/#website\"},\"primaryImageOfPage\":{\"@id\":\"https:\\\/\\\/ettagoglobal.com\\\/pl\\\/kalendarz-szkolen\\\/trzy-niewidzialne-sily-napedzajace-efektywne-zespoly\\\/#primaryimage\"},\"image\":{\"@id\":\"https:\\\/\\\/ettagoglobal.com\\\/pl\\\/kalendarz-szkolen\\\/trzy-niewidzialne-sily-napedzajace-efektywne-zespoly\\\/#primaryimage\"},\"thumbnailUrl\":\"https:\\\/\\\/ettagoglobal.com\\\/wp-content\\\/uploads\\\/2023\\\/07\\\/Cross-Cultural-Cooperation_kwadrat.png\",\"datePublished\":\"2025-09-13T09:34:25+00:00\",\"dateModified\":\"2025-10-21T19:13:54+00:00\",\"description\":\"Uwolnij potencja\u0142 zespo\u0142u dzi\u0119ki szkoleniu dotycz\u0105cemu trzech ukrytych czynnik\u00f3w wp\u0142ywaj\u0105cych na wysok\u0105 wydajno\u015b\u0107 zespo\u0142\u00f3w: bezpiecze\u0144stwa psychicznego, motywacji i r\u00f3\u017cnorodno\u015bci poznawczej.\",\"breadcrumb\":{\"@id\":\"https:\\\/\\\/ettagoglobal.com\\\/pl\\\/kalendarz-szkolen\\\/trzy-niewidzialne-sily-napedzajace-efektywne-zespoly\\\/#breadcrumb\"},\"inLanguage\":\"pl-PL\",\"potentialAction\":[{\"@type\":\"ReadAction\",\"target\":[\"https:\\\/\\\/ettagoglobal.com\\\/pl\\\/kalendarz-szkolen\\\/trzy-niewidzialne-sily-napedzajace-efektywne-zespoly\\\/\"]}]},{\"@type\":\"ImageObject\",\"inLanguage\":\"pl-PL\",\"@id\":\"https:\\\/\\\/ettagoglobal.com\\\/pl\\\/kalendarz-szkolen\\\/trzy-niewidzialne-sily-napedzajace-efektywne-zespoly\\\/#primaryimage\",\"url\":\"https:\\\/\\\/ettagoglobal.com\\\/wp-content\\\/uploads\\\/2023\\\/07\\\/Cross-Cultural-Cooperation_kwadrat.png\",\"contentUrl\":\"https:\\\/\\\/ettagoglobal.com\\\/wp-content\\\/uploads\\\/2023\\\/07\\\/Cross-Cultural-Cooperation_kwadrat.png\",\"width\":1080,\"height\":1080,\"caption\":\"Cross Cultural Cooperation\"},{\"@type\":\"BreadcrumbList\",\"@id\":\"https:\\\/\\\/ettagoglobal.com\\\/pl\\\/kalendarz-szkolen\\\/trzy-niewidzialne-sily-napedzajace-efektywne-zespoly\\\/#breadcrumb\",\"itemListElement\":[{\"@type\":\"ListItem\",\"position\":1,\"name\":\"Strona g\u0142\u00f3wna\",\"item\":\"https:\\\/\\\/ettagoglobal.com\\\/pl\\\/home-2\\\/\"},{\"@type\":\"ListItem\",\"position\":2,\"name\":\"Kalendarz szkole\u0144\",\"item\":\"https:\\\/\\\/ettagoglobal.com\\\/pl\\\/kalendarz-szkolen\\\/\"},{\"@type\":\"ListItem\",\"position\":3,\"name\":\"Trzy niewidzialne si\u0142y nap\u0119dzaj\u0105ce efektywne zespo\u0142y\"}]},{\"@type\":\"WebSite\",\"@id\":\"https:\\\/\\\/ettagoglobal.com\\\/#website\",\"url\":\"https:\\\/\\\/ettagoglobal.com\\\/\",\"name\":\"ETTA\",\"description\":\"Global Connections. Let&#039;s do it bETTA!\",\"potentialAction\":[{\"@type\":\"SearchAction\",\"target\":{\"@type\":\"EntryPoint\",\"urlTemplate\":\"https:\\\/\\\/ettagoglobal.com\\\/?s={search_term_string}\"},\"query-input\":{\"@type\":\"PropertyValueSpecification\",\"valueRequired\":true,\"valueName\":\"search_term_string\"}}],\"inLanguage\":\"pl-PL\"}]}<\/script>\n<!-- \/ Yoast SEO plugin. -->","yoast_head_json":{"title":"Trzy niewidzialne si\u0142y nap\u0119dzaj\u0105ce efektywne zespo\u0142y - ETTA","description":"Uwolnij potencja\u0142 zespo\u0142u dzi\u0119ki szkoleniu dotycz\u0105cemu trzech ukrytych czynnik\u00f3w wp\u0142ywaj\u0105cych na wysok\u0105 wydajno\u015b\u0107 zespo\u0142\u00f3w: bezpiecze\u0144stwa psychicznego, motywacji i r\u00f3\u017cnorodno\u015bci poznawczej.","robots":{"index":"index","follow":"follow","max-snippet":"max-snippet:-1","max-image-preview":"max-image-preview:large","max-video-preview":"max-video-preview:-1"},"canonical":"https:\/\/ettagoglobal.com\/pl\/kalendarz-szkolen\/trzy-niewidzialne-sily-napedzajace-efektywne-zespoly\/","og_locale":"pl_PL","og_type":"article","og_title":"Trzy niewidzialne si\u0142y nap\u0119dzaj\u0105ce efektywne zespo\u0142y - ETTA","og_description":"Uwolnij potencja\u0142 zespo\u0142u dzi\u0119ki szkoleniu dotycz\u0105cemu trzech ukrytych czynnik\u00f3w wp\u0142ywaj\u0105cych na wysok\u0105 wydajno\u015b\u0107 zespo\u0142\u00f3w: bezpiecze\u0144stwa psychicznego, motywacji i r\u00f3\u017cnorodno\u015bci poznawczej.","og_url":"https:\/\/ettagoglobal.com\/pl\/kalendarz-szkolen\/trzy-niewidzialne-sily-napedzajace-efektywne-zespoly\/","og_site_name":"ETTA","article_modified_time":"2025-10-21T19:13:54+00:00","og_image":[{"width":1080,"height":1080,"url":"https:\/\/ettagoglobal.com\/wp-content\/uploads\/2023\/07\/Cross-Cultural-Cooperation_kwadrat.png","type":"image\/png"}],"twitter_card":"summary_large_image","twitter_misc":{"Szacowany czas czytania":"4 minuty"},"schema":{"@context":"https:\/\/schema.org","@graph":[{"@type":"WebPage","@id":"https:\/\/ettagoglobal.com\/pl\/kalendarz-szkolen\/trzy-niewidzialne-sily-napedzajace-efektywne-zespoly\/","url":"https:\/\/ettagoglobal.com\/pl\/kalendarz-szkolen\/trzy-niewidzialne-sily-napedzajace-efektywne-zespoly\/","name":"Trzy niewidzialne si\u0142y nap\u0119dzaj\u0105ce efektywne zespo\u0142y - ETTA","isPartOf":{"@id":"https:\/\/ettagoglobal.com\/#website"},"primaryImageOfPage":{"@id":"https:\/\/ettagoglobal.com\/pl\/kalendarz-szkolen\/trzy-niewidzialne-sily-napedzajace-efektywne-zespoly\/#primaryimage"},"image":{"@id":"https:\/\/ettagoglobal.com\/pl\/kalendarz-szkolen\/trzy-niewidzialne-sily-napedzajace-efektywne-zespoly\/#primaryimage"},"thumbnailUrl":"https:\/\/ettagoglobal.com\/wp-content\/uploads\/2023\/07\/Cross-Cultural-Cooperation_kwadrat.png","datePublished":"2025-09-13T09:34:25+00:00","dateModified":"2025-10-21T19:13:54+00:00","description":"Uwolnij potencja\u0142 zespo\u0142u dzi\u0119ki szkoleniu dotycz\u0105cemu trzech ukrytych czynnik\u00f3w wp\u0142ywaj\u0105cych na wysok\u0105 wydajno\u015b\u0107 zespo\u0142\u00f3w: bezpiecze\u0144stwa psychicznego, motywacji i r\u00f3\u017cnorodno\u015bci poznawczej.","breadcrumb":{"@id":"https:\/\/ettagoglobal.com\/pl\/kalendarz-szkolen\/trzy-niewidzialne-sily-napedzajace-efektywne-zespoly\/#breadcrumb"},"inLanguage":"pl-PL","potentialAction":[{"@type":"ReadAction","target":["https:\/\/ettagoglobal.com\/pl\/kalendarz-szkolen\/trzy-niewidzialne-sily-napedzajace-efektywne-zespoly\/"]}]},{"@type":"ImageObject","inLanguage":"pl-PL","@id":"https:\/\/ettagoglobal.com\/pl\/kalendarz-szkolen\/trzy-niewidzialne-sily-napedzajace-efektywne-zespoly\/#primaryimage","url":"https:\/\/ettagoglobal.com\/wp-content\/uploads\/2023\/07\/Cross-Cultural-Cooperation_kwadrat.png","contentUrl":"https:\/\/ettagoglobal.com\/wp-content\/uploads\/2023\/07\/Cross-Cultural-Cooperation_kwadrat.png","width":1080,"height":1080,"caption":"Cross Cultural Cooperation"},{"@type":"BreadcrumbList","@id":"https:\/\/ettagoglobal.com\/pl\/kalendarz-szkolen\/trzy-niewidzialne-sily-napedzajace-efektywne-zespoly\/#breadcrumb","itemListElement":[{"@type":"ListItem","position":1,"name":"Strona g\u0142\u00f3wna","item":"https:\/\/ettagoglobal.com\/pl\/home-2\/"},{"@type":"ListItem","position":2,"name":"Kalendarz szkole\u0144","item":"https:\/\/ettagoglobal.com\/pl\/kalendarz-szkolen\/"},{"@type":"ListItem","position":3,"name":"Trzy niewidzialne si\u0142y nap\u0119dzaj\u0105ce efektywne zespo\u0142y"}]},{"@type":"WebSite","@id":"https:\/\/ettagoglobal.com\/#website","url":"https:\/\/ettagoglobal.com\/","name":"ETTA","description":"Global Connections. Let&#039;s do it bETTA!","potentialAction":[{"@type":"SearchAction","target":{"@type":"EntryPoint","urlTemplate":"https:\/\/ettagoglobal.com\/?s={search_term_string}"},"query-input":{"@type":"PropertyValueSpecification","valueRequired":true,"valueName":"search_term_string"}}],"inLanguage":"pl-PL"}]}},"_links":{"self":[{"href":"https:\/\/ettagoglobal.com\/pl\/wp-json\/wp\/v2\/pages\/30233","targetHints":{"allow":["GET"]}}],"collection":[{"href":"https:\/\/ettagoglobal.com\/pl\/wp-json\/wp\/v2\/pages"}],"about":[{"href":"https:\/\/ettagoglobal.com\/pl\/wp-json\/wp\/v2\/types\/page"}],"author":[{"embeddable":true,"href":"https:\/\/ettagoglobal.com\/pl\/wp-json\/wp\/v2\/users\/7"}],"replies":[{"embeddable":true,"href":"https:\/\/ettagoglobal.com\/pl\/wp-json\/wp\/v2\/comments?post=30233"}],"version-history":[{"count":12,"href":"https:\/\/ettagoglobal.com\/pl\/wp-json\/wp\/v2\/pages\/30233\/revisions"}],"predecessor-version":[{"id":30422,"href":"https:\/\/ettagoglobal.com\/pl\/wp-json\/wp\/v2\/pages\/30233\/revisions\/30422"}],"up":[{"embeddable":true,"href":"https:\/\/ettagoglobal.com\/pl\/wp-json\/wp\/v2\/pages\/29952"}],"wp:featuredmedia":[{"embeddable":true,"href":"https:\/\/ettagoglobal.com\/pl\/wp-json\/wp\/v2\/media\/27495"}],"wp:attachment":[{"href":"https:\/\/ettagoglobal.com\/pl\/wp-json\/wp\/v2\/media?parent=30233"}],"curies":[{"name":"wp","href":"https:\/\/api.w.org\/{rel}","templated":true}]}}