{"id":30210,"date":"2025-09-11T19:30:16","date_gmt":"2025-09-11T19:30:16","guid":{"rendered":"https:\/\/ettagoglobal.com\/?page_id=30210"},"modified":"2025-12-09T22:10:25","modified_gmt":"2025-12-09T22:10:25","slug":"wspolpraca-z-osobami-z-indii","status":"publish","type":"page","link":"https:\/\/ettagoglobal.com\/pl\/kalendarz-szkolen\/wspolpraca-z-osobami-z-indii\/","title":{"rendered":"Wsp\u00f3\u0142praca z osobami z Indii"},"content":{"rendered":"<p>[vc_row full_width=&#8221;stretch_row&#8221; css=&#8221;.vc_custom_1757756957737{background-image: url(https:\/\/ettagoglobal.com\/wp-content\/uploads\/2023\/07\/Cooperation-with-India.png?id=27419)&nbsp;!important;background-position: center&nbsp;!important;background-repeat: no-repeat&nbsp;!important;background-size: cover&nbsp;!important;}&#8221; el_class=&#8221;main-slide&#8221;][vc_column][vc_empty_space height=&#8221;100px&#8221;][vc_column_text]<\/p>\n<h1>Wsp\u00f3\u0142praca z&nbsp;osobami z&nbsp;Indii<\/h1>\n<p>[\/vc_column_text][vc_empty_space height=&#8221;30px&#8221;][vc_column_text]Szkolenie mi\u0119dzykulturowe dla&nbsp;mened\u017cer\u00f3w, cz\u0142onk\u00f3w zespo\u0142\u00f3w i&nbsp;profesjonalist\u00f3w wsp\u00f3\u0142pracuj\u0105cych z&nbsp;partnerami z&nbsp;Indii[\/vc_column_text][vc_empty_space height=&#8221;100px&#8221;][\/vc_column][\/vc_row][vc_row el_class=&#8221;training-for&#8221;][vc_column][vc_empty_space height=&#8221;60px&#8221;][vc_column_text]<\/p>\n<h3 data-start=\"310\" data-end=\"368\">Buduj zaufanie, komunikuj si\u0119 skutecznie i&nbsp;osi\u0105gaj sukcesy we wsp\u00f3\u0142pracy z&nbsp;osobami z&nbsp;Indii<\/h3>\n<p data-start=\"336\" data-end=\"677\">Praca w&nbsp;\u015brodowisku mi\u0119dzykulturowym bywa inspiruj\u0105ca, ale&nbsp;tak\u017ce pe\u0142na wyzwa\u0144. Indie to jedna z&nbsp;najszybciej rozwijaj\u0105cych si\u0119 gospodarek \u015bwiata, a&nbsp;wsp\u00f3\u0142praca z&nbsp;indyjskimi kolegami, klientami czy&nbsp;partnerami wymaga nie tylko wiedzy merytorycznej, lecz&nbsp;tak\u017ce zrozumienia warto\u015bci, norm i&nbsp;zachowa\u0144, kt\u00f3re kszta\u0142tuj\u0105 codzienne relacje biznesowe.<\/p>\n<p data-start=\"679\" data-end=\"899\">To szkolenie dostarczy Ci wiedzy kulturowej i&nbsp;praktycznych narz\u0119dzi, dzi\u0119ki kt\u00f3rym zbudujesz d\u0142ugoterminowe relacje, poprowadzisz projekty efektywnie i&nbsp;unikniesz nieporozumie\u0144 we wsp\u00f3\u0142pracy z&nbsp;profesjonalistami z&nbsp;Indii.<\/p>\n<p>[\/vc_column_text][vc_empty_space height=&#8221;60px&#8221;][\/vc_column][\/vc_row][vc_row full_width=&#8221;stretch_row&#8221; el_class=&#8221;training-for&#8221; css=&#8221;.vc_custom_1757684017206{background-color: #f6f7f8&nbsp;!important;}&#8221;][vc_column width=&#8221;1\/3&#8243;][vc_empty_space height=&#8221;60px&#8221;][mnky_service icon_fontawesome=&#8221;fas fa-user-tie&#8221; title=&#8221;Dla kogo jest to szkolenie?&#8221; icon_color=&#8221;#993436&#8243;][\/mnky_service][vc_empty_space height=&#8221;60px&#8221;][\/vc_column][vc_column width=&#8221;2\/3&#8243;][vc_empty_space height=&#8221;60px&#8221;][vc_column_text]<\/p>\n<ul data-start=\"939\" data-end=\"1196\">\n<li data-start=\"939\" data-end=\"1013\">\n<p data-start=\"941\" data-end=\"1013\">Mened\u017cerowie i&nbsp;liderzy wsp\u00f3\u0142pracuj\u0105cy z&nbsp;kole\u017cankami i&nbsp;kolegami z&nbsp;Indii<\/p>\n<\/li>\n<li data-start=\"1014\" data-end=\"1106\">\n<p data-start=\"1016\" data-end=\"1106\">Profesjonali\u015bci maj\u0105cy kontakt z&nbsp;indyjskimi klientami, prze\u0142o\u017conymi czy&nbsp;interesariuszami<\/p>\n<\/li>\n<li data-start=\"1107\" data-end=\"1196\">\n<p data-start=\"1109\" data-end=\"1196\">Cz\u0142onkowie zespo\u0142\u00f3w bior\u0105cy udzia\u0142 w&nbsp;projektach mi\u0119dzynarodowych z&nbsp;partnerami z&nbsp;Indii<\/p>\n<\/li>\n<\/ul>\n<p data-start=\"1198\" data-end=\"1400\">Niezale\u017cnie od tego, czy&nbsp;zarz\u0105dzasz globalnym zespo\u0142em, negocjujesz z&nbsp;klientami, czy&nbsp;wsp\u00f3\u0142pracujesz w&nbsp;projektach online \u2014 to szkolenie pomo\u017ce Ci komunikowa\u0107 si\u0119 skuteczniej i&nbsp;osi\u0105ga\u0107 lepsze rezultaty.<\/p>\n<p>[\/vc_column_text][vc_empty_space height=&#8221;60px&#8221;][\/vc_column][\/vc_row][vc_row full_width=&#8221;stretch_row&#8221;][vc_column][vc_empty_space height=&#8221;60px&#8221;][\/vc_column][vc_column width=&#8221;1\/3&#8243;][mnky_service icon_fontawesome=&#8221;fas fa-bullseye&#8221; title=&#8221;Co zyskasz?&#8221; icon_color=&#8221;#993436&#8243;][\/mnky_service][vc_empty_space height=&#8221;30px&#8221;][\/vc_column][vc_column width=&#8221;2\/3&#8243;][vc_column_text]<\/p>\n<p data-start=\"1424\" data-end=\"1512\">Bior\u0105c udzia\u0142 w&nbsp;warsztacie Wsp\u00f3\u0142praca z&nbsp;osobami z&nbsp;Indii, dowiesz si\u0119:<\/p>\n<ul data-start=\"1513\" data-end=\"1859\">\n<li data-start=\"1513\" data-end=\"1611\">\n<p data-start=\"1515\" data-end=\"1611\">Jakie warto\u015bci kszta\u0142tuj\u0105 indyjsk\u0105 kultur\u0119 biznesow\u0105 i&nbsp;jak w\u0142a\u015bciwie interpretowa\u0107 zachowania.<\/p>\n<\/li>\n<li data-start=\"1612\" data-end=\"1703\">\n<p data-start=\"1614\" data-end=\"1703\">Sk\u0105d wynikaj\u0105 zachowania, kt\u00f3re mog\u0105 wydawa\u0107 si\u0119 niezrozumia\u0142e \u2014 i&nbsp;jak na&nbsp;nie reagowa\u0107.<\/p>\n<\/li>\n<li data-start=\"1704\" data-end=\"1772\">\n<p data-start=\"1706\" data-end=\"1772\">Jak wymiary kulturowe wp\u0142ywaj\u0105 na&nbsp;komunikacj\u0119 i&nbsp;prac\u0119 zespo\u0142ow\u0105.<\/p>\n<\/li>\n<li data-start=\"1773\" data-end=\"1859\">\n<p data-start=\"1775\" data-end=\"1859\">Jak praktycznie ustala\u0107 zasady i&nbsp;usprawnia\u0107 realizacj\u0119 projekt\u00f3w mi\u0119dzynarodowych.<\/p>\n<\/li>\n<\/ul>\n<p>[\/vc_column_text][vc_empty_space height=&#8221;60px&#8221;][\/vc_column][\/vc_row][vc_row full_width=&#8221;stretch_row&#8221; css=&#8221;.vc_custom_1646656326892{background-color: #f6f7f8&nbsp;!important;}&#8221;][vc_column][vc_empty_space height=&#8221;60px&#8221;][vc_column_text el_class=&#8221;button&#8221;]<\/p>\n<h2 style=\"text-align: center;\">Program szkolenia<\/h2>\n<p>[\/vc_column_text][vc_empty_space height=&#8221;30px&#8221;][\/vc_column][\/vc_row][vc_row full_width=&#8221;stretch_row&#8221; gap=&#8221;35&#8243; equal_height=&#8221;yes&#8221; el_class=&#8221;training-parts&#8221; css=&#8221;.vc_custom_1647354153948{background-color: #f6f7f8&nbsp;!important;}&#8221;][vc_column width=&#8221;1\/2&#8243; el_class=&#8221;section&#8221;][vc_empty_space height=&#8221;30px&#8221;][vc_column_text]<\/p>\n<h3 style=\"text-align: center;\">Modu\u0142 I<\/h3>\n<h4 style=\"text-align: center;\">Poznanie kultury indyjskiej<\/h4>\n<ul>\n<li data-start=\"1935\" data-end=\"2016\">Czym jest kultura? R\u00f3\u017cnicowanie wp\u0142ywu kultury i&nbsp;indywidualnych cech osobowo\u015bci<\/li>\n<li data-start=\"2019\" data-end=\"2082\">Indyjskie warto\u015bci \u2014 co kryje si\u0119 za&nbsp;konkretnymi zachowaniami<\/li>\n<li data-start=\"2085\" data-end=\"2159\">Wybrane cechy spo\u0142ecze\u0144stwa i&nbsp;historii Indii, kt\u00f3re maj\u0105 wp\u0142yw na&nbsp;biznes<\/li>\n<li data-start=\"2162\" data-end=\"2219\">Wymiary kultury \u2014 r\u00f3\u017cne podej\u015bcia do&nbsp;pracy i&nbsp;wsp\u00f3\u0142pracy<\/li>\n<li data-start=\"2222\" data-end=\"2306\">Podstawowe r\u00f3\u017cnice i&nbsp;podobie\u0144stwa pomi\u0119dzy praktyk\u0105 biznesow\u0105 w&nbsp;Polsce i&nbsp;w Indiach<\/li>\n<li data-start=\"2309\" data-end=\"2363\">Orientacja na&nbsp;zadanie czy&nbsp;na&nbsp;relacje w&nbsp;miejscu pracy<\/li>\n<li data-start=\"2366\" data-end=\"2426\">Budowanie autorytetu, rola prze\u0142o\u017conego i&nbsp;proces decyzyjny<\/li>\n<li data-start=\"2429\" data-end=\"2482\">Podej\u015bcie do&nbsp;czasu i&nbsp;termin\u00f3w w&nbsp;kulturze indyjskiej<\/li>\n<\/ul>\n<p>[\/vc_column_text][vc_empty_space height=&#8221;30px&#8221;][\/vc_column][vc_column width=&#8221;1\/2&#8243; el_class=&#8221;section&#8221;][vc_empty_space height=&#8221;30px&#8221;][vc_column_text]<\/p>\n<h3 style=\"text-align: center;\">Modu\u0142 II<\/h3>\n<h4 style=\"text-align: center;\">Wsp\u00f3\u0142praca i&nbsp;komunikacja z&nbsp;osobami z&nbsp;Indii<\/h4>\n<ul>\n<li data-start=\"2545\" data-end=\"2577\">Wyzwania wirtualnej wsp\u00f3\u0142pracy<\/li>\n<li data-start=\"2580\" data-end=\"2647\">Typowe style komunikacji \u2014 kultury wysokiego i&nbsp;niskiego kontekstu<\/li>\n<li data-start=\"2650\" data-end=\"2741\">\u201eTo, co niewypowiedziane\u201d \u2014 jak lepiej rozumie\u0107 komunikaty od indyjskich wsp\u00f3\u0142pracownik\u00f3w<\/li>\n<li data-start=\"2744\" data-end=\"2822\">Praktyczne wskaz\u00f3wki dotycz\u0105ce komunikacji telefonicznej, mailowej i&nbsp;spotka\u0144<\/li>\n<li data-start=\"2825\" data-end=\"2878\">Jak pisa\u0107 skuteczne wiadomo\u015bci do&nbsp;partner\u00f3w z&nbsp;Indii<\/li>\n<li data-start=\"2881\" data-end=\"2946\">Poj\u0119cia utraty i&nbsp;zachowania twarzy oraz&nbsp;ich wp\u0142yw na&nbsp;wsp\u00f3\u0142prac\u0119<\/li>\n<li data-start=\"2949\" data-end=\"2998\">Radzenie sobie z&nbsp;b\u0142\u0119dami i&nbsp;sytuacjami eskalacji<\/li>\n<li data-start=\"3001\" data-end=\"3094\">Podsumowanie: m\u00f3j osobisty plan skuteczniejszej wsp\u00f3\u0142pracy z&nbsp;kole\u017cankami i&nbsp;kolegami z&nbsp;Indii<\/li>\n<\/ul>\n<p>[\/vc_column_text][vc_empty_space height=&#8221;30px&#8221;][\/vc_column][\/vc_row][vc_row el_class=&#8221;training-for&#8221;][vc_column width=&#8221;1\/3&#8243;][vc_empty_space height=&#8221;60px&#8221;][mnky_service icon_fontawesome=&#8221;fas fa-info-circle&#8221; title=&#8221;Szczeg\u00f3\u0142y szkolenia:&#8221; icon_color=&#8221;#993436&#8243;][\/mnky_service][vc_empty_space height=&#8221;60px&#8221;][\/vc_column][vc_column width=&#8221;2\/3&#8243;][vc_empty_space height=&#8221;60px&#8221;][vc_column_text]<\/p>\n<ul>\n<li data-start=\"2674\" data-end=\"2707\"><strong data-start=\"2674\" data-end=\"2686\">Terminy:<\/strong> 12-13 marca 2026, 11-12 czerwca 2026<\/li>\n<li data-start=\"2710\" data-end=\"2743\"><strong data-start=\"2710\" data-end=\"2722\">Godziny:<\/strong> 9:00 \u2013 13:00 (CET)<\/li>\n<li data-start=\"2746\" data-end=\"2786\"><strong data-start=\"2746\" data-end=\"2756\">Forma:<\/strong> warsztat online (wirtualny)<\/li>\n<li data-start=\"2789\" data-end=\"2815\"><strong data-start=\"2789\" data-end=\"2798\">Cena:<\/strong> 1450z\u0142 netto (+23% VAT)<\/li>\n<li><strong data-start=\"2674\" data-end=\"2686\">J\u0119zyk: <\/strong>polski (mo\u017cliwo\u015b\u0107 zorganizowania warsztatu tak\u017ce w&nbsp;j\u0119zyku angielskim)<\/li>\n<li data-start=\"2818\" data-end=\"2883\"><strong data-start=\"2818\" data-end=\"2833\">Certyfikat:<\/strong> ka\u017cdy uczestnik otrzymuje certyfikat uko\u0144czenia<\/li>\n<li data-start=\"2818\" data-end=\"2883\"><strong>Bonus:<\/strong> uczestnicy otrzymuj\u0105 dost\u0119p do&nbsp;bazy wiedzy ETTA w&nbsp;postaci nagra\u0144 z&nbsp;webinar\u00f3w<\/li>\n<li data-start=\"2818\" data-end=\"2883\">Zapisz si\u0119 z&nbsp;koleg\u0105 lub&nbsp;kole\u017cank\u0105, a&nbsp;otrzymacie 10% zni\u017cki<\/li>\n<\/ul>\n<p>[\/vc_column_text][vc_empty_space height=&#8221;60px&#8221;][\/vc_column][\/vc_row][vc_row full_width=&#8221;stretch_row&#8221; css=&#8221;.vc_custom_1757678134900{background-color: #f6f7f8&nbsp;!important;}&#8221;][vc_column][vc_empty_space height=&#8221;60px&#8221;][vc_column_text]<\/p>\n<h3 data-start=\"3086\" data-end=\"3101\">Dlaczego warto?<\/h3>\n<p data-start=\"3368\" data-end=\"3651\">Indie to kraj ogromnej r\u00f3\u017cnorodno\u015bci i&nbsp;z\u0142o\u017cono\u015bci. Brak wiedzy kulturowej mo\u017ce sprawi\u0107, \u017ce&nbsp;nawet drobne r\u00f3\u017cnice stan\u0105 si\u0119 powa\u017cn\u0105 barier\u0105 we wsp\u00f3\u0142pracy. Posiadaj\u0105c w\u0142a\u015bciwe kompetencje, mo\u017cesz szybciej budowa\u0107 zaufanie, zapobiega\u0107 nieporozumieniom i&nbsp;skutecznie realizowa\u0107 projekty.<\/p>\n<p data-start=\"3653\" data-end=\"3815\">Do\u0142\u0105cz do&nbsp;warsztatu i&nbsp;dowiedz si\u0119, jak komunikowa\u0107 si\u0119 i&nbsp;wsp\u00f3\u0142pracowa\u0107 z&nbsp;indyjskimi wsp\u00f3\u0142pracownikami \u2014 dla&nbsp;p\u0142ynniejszej pracy zespo\u0142owej i&nbsp;lepszych rezultat\u00f3w.<\/p>\n<p>[\/vc_column_text][vc_empty_space height=&#8221;60px&#8221;][vc_column_text el_class=&#8221;button&#8221;]<\/p>\n<p style=\"text-align: center;\"><a href=\"https:\/\/ettagoglobal.com\/open-training-registration\/\">Zapisz si\u0119 na&nbsp;szkolenie<\/a><\/p>\n<p>[\/vc_column_text][vc_empty_space height=&#8221;60px&#8221;][\/vc_column][\/vc_row][vc_row full_width=&#8221;stretch_row&#8221;][vc_column][vc_empty_space height=&#8221;60px&#8221;][vc_column_text]<\/p>\n<h3 data-start=\"3086\" data-end=\"3101\">Nie mo\u017cesz do\u0142\u0105czy\u0107 w&nbsp;proponowanych terminach?<\/h3>\n<p data-start=\"119\" data-end=\"317\">Rozumiemy, \u017ce&nbsp;harmonogramy mog\u0105 by\u0107 wymagaj\u0105ce. Je\u015bli jeste\u015b zainteresowany\/a tym szkoleniem, ale&nbsp;nie mo\u017cesz wzi\u0105\u0107 w&nbsp;nim udzia\u0142u w&nbsp;podanych terminach, mo\u017cesz <strong data-start=\"277\" data-end=\"314\">zapisa\u0107 si\u0119 na&nbsp;list\u0119 oczekuj\u0105cych<\/strong>.<\/p>\n<p data-start=\"319\" data-end=\"344\">Zapisuj\u0105c si\u0119, zyskasz:<\/p>\n<ul>\n<li data-start=\"347\" data-end=\"416\">Informacje o&nbsp;nowych terminach szkole\u0144, jak tylko zostan\u0105 og\u0142oszone.<\/li>\n<li data-start=\"419\" data-end=\"449\">Pierwsze\u0144stwo w&nbsp;rejestracji.<\/li>\n<li data-start=\"452\" data-end=\"499\">Pewno\u015b\u0107, \u017ce&nbsp;nie przegapisz okazji do&nbsp;udzia\u0142u.<\/li>\n<\/ul>\n<p>[\/vc_column_text][vc_empty_space height=&#8221;60px&#8221;][vc_btn title=&#8221;Zapisz si\u0119 na&nbsp;list\u0119 oczekuj\u0105cych&#8221; shape=&#8221;round&#8221; color=&#8221;inverse&#8221; align=&#8221;center&#8221; link=&#8221;url:https%3A%2F%2Fettagoglobal.com%2Fopen-training-waiting-list%2F&#8221;][vc_empty_space height=&#8221;60px&#8221;][\/vc_column][\/vc_row]<\/p>\n","protected":false},"excerpt":{"rendered":"<p>[vc_row full_width=&#8221;stretch_row&#8221; css=&#8221;.vc_custom_1757756957737{background-image: url(https:\/\/ettagoglobal.com\/wp-content\/uploads\/2023\/07\/Cooperation-with-India.png?id=27419)&nbsp;!important;background-position: center&nbsp;!important;background-repeat: no-repeat&nbsp;!important;background-size: cover&nbsp;!important;}&#8221; el_class=&#8221;main-slide&#8221;][vc_column][vc_empty_space height=&#8221;100px&#8221;][vc_column_text] Wsp\u00f3\u0142praca z&nbsp;osobami z&nbsp;Indii [\/vc_column_text][vc_empty_space height=&#8221;30px&#8221;][vc_column_text]Szkolenie mi\u0119dzykulturowe dla&nbsp;mened\u017cer\u00f3w, cz\u0142onk\u00f3w zespo\u0142\u00f3w i&nbsp;profesjonalist\u00f3w wsp\u00f3\u0142pracuj\u0105cych &hellip; <\/p>\n","protected":false},"author":7,"featured_media":27421,"parent":29952,"menu_order":40,"comment_status":"closed","ping_status":"closed","template":"page-no-paddings.php","meta":{"_acf_changed":false,"footnotes":"","_links_to":"","_links_to_target":""},"class_list":["post-30210","page","type-page","status-publish","has-post-thumbnail","hentry"],"acf":[],"yoast_head":"<!-- This site is optimized with the Yoast SEO plugin v27.3 - https:\/\/yoast.com\/product\/yoast-seo-wordpress\/ -->\n<title>Wsp\u00f3\u0142praca z osobami z Indii - ETTA<\/title>\n<meta name=\"description\" content=\"Skuteczna wsp\u00f3\u0142praca z Hindusami mo\u017ce by\u0107 znacznie bardziej efektywna, je\u015bli uznamy wp\u0142yw kultury na biznes.\" \/>\n<meta name=\"robots\" content=\"index, follow, max-snippet:-1, max-image-preview:large, max-video-preview:-1\" \/>\n<link rel=\"canonical\" href=\"https:\/\/ettagoglobal.com\/pl\/kalendarz-szkolen\/wspolpraca-z-osobami-z-indii\/\" \/>\n<meta property=\"og:locale\" content=\"pl_PL\" \/>\n<meta property=\"og:type\" content=\"article\" \/>\n<meta property=\"og:title\" content=\"Wsp\u00f3\u0142praca z osobami z Indii - ETTA\" \/>\n<meta property=\"og:description\" content=\"Skuteczna wsp\u00f3\u0142praca z Hindusami mo\u017ce by\u0107 znacznie bardziej efektywna, je\u015bli uznamy wp\u0142yw kultury na biznes.\" \/>\n<meta property=\"og:url\" content=\"https:\/\/ettagoglobal.com\/pl\/kalendarz-szkolen\/wspolpraca-z-osobami-z-indii\/\" \/>\n<meta property=\"og:site_name\" content=\"ETTA\" \/>\n<meta property=\"article:modified_time\" content=\"2025-12-09T22:10:25+00:00\" \/>\n<meta property=\"og:image\" content=\"https:\/\/ettagoglobal.com\/wp-content\/uploads\/2023\/07\/Cooperation-with-India_kwadrat.png\" \/>\n\t<meta property=\"og:image:width\" content=\"1080\" \/>\n\t<meta property=\"og:image:height\" content=\"1080\" \/>\n\t<meta property=\"og:image:type\" content=\"image\/png\" \/>\n<meta name=\"twitter:card\" content=\"summary_large_image\" \/>\n<meta name=\"twitter:label1\" content=\"Szacowany czas czytania\" \/>\n\t<meta name=\"twitter:data1\" content=\"4 minuty\" \/>\n<script type=\"application\/ld+json\" class=\"yoast-schema-graph\">{\"@context\":\"https:\\\/\\\/schema.org\",\"@graph\":[{\"@type\":\"WebPage\",\"@id\":\"https:\\\/\\\/ettagoglobal.com\\\/pl\\\/kalendarz-szkolen\\\/wspolpraca-z-osobami-z-indii\\\/\",\"url\":\"https:\\\/\\\/ettagoglobal.com\\\/pl\\\/kalendarz-szkolen\\\/wspolpraca-z-osobami-z-indii\\\/\",\"name\":\"Wsp\u00f3\u0142praca z osobami z Indii - ETTA\",\"isPartOf\":{\"@id\":\"https:\\\/\\\/ettagoglobal.com\\\/#website\"},\"primaryImageOfPage\":{\"@id\":\"https:\\\/\\\/ettagoglobal.com\\\/pl\\\/kalendarz-szkolen\\\/wspolpraca-z-osobami-z-indii\\\/#primaryimage\"},\"image\":{\"@id\":\"https:\\\/\\\/ettagoglobal.com\\\/pl\\\/kalendarz-szkolen\\\/wspolpraca-z-osobami-z-indii\\\/#primaryimage\"},\"thumbnailUrl\":\"https:\\\/\\\/ettagoglobal.com\\\/wp-content\\\/uploads\\\/2023\\\/07\\\/Cooperation-with-India_kwadrat.png\",\"datePublished\":\"2025-09-11T19:30:16+00:00\",\"dateModified\":\"2025-12-09T22:10:25+00:00\",\"description\":\"Skuteczna wsp\u00f3\u0142praca z Hindusami mo\u017ce by\u0107 znacznie bardziej efektywna, je\u015bli uznamy wp\u0142yw kultury na biznes.\",\"breadcrumb\":{\"@id\":\"https:\\\/\\\/ettagoglobal.com\\\/pl\\\/kalendarz-szkolen\\\/wspolpraca-z-osobami-z-indii\\\/#breadcrumb\"},\"inLanguage\":\"pl-PL\",\"potentialAction\":[{\"@type\":\"ReadAction\",\"target\":[\"https:\\\/\\\/ettagoglobal.com\\\/pl\\\/kalendarz-szkolen\\\/wspolpraca-z-osobami-z-indii\\\/\"]}]},{\"@type\":\"ImageObject\",\"inLanguage\":\"pl-PL\",\"@id\":\"https:\\\/\\\/ettagoglobal.com\\\/pl\\\/kalendarz-szkolen\\\/wspolpraca-z-osobami-z-indii\\\/#primaryimage\",\"url\":\"https:\\\/\\\/ettagoglobal.com\\\/wp-content\\\/uploads\\\/2023\\\/07\\\/Cooperation-with-India_kwadrat.png\",\"contentUrl\":\"https:\\\/\\\/ettagoglobal.com\\\/wp-content\\\/uploads\\\/2023\\\/07\\\/Cooperation-with-India_kwadrat.png\",\"width\":1080,\"height\":1080,\"caption\":\"Cooperating with the Indians\"},{\"@type\":\"BreadcrumbList\",\"@id\":\"https:\\\/\\\/ettagoglobal.com\\\/pl\\\/kalendarz-szkolen\\\/wspolpraca-z-osobami-z-indii\\\/#breadcrumb\",\"itemListElement\":[{\"@type\":\"ListItem\",\"position\":1,\"name\":\"Strona g\u0142\u00f3wna\",\"item\":\"https:\\\/\\\/ettagoglobal.com\\\/pl\\\/home-2\\\/\"},{\"@type\":\"ListItem\",\"position\":2,\"name\":\"Kalendarz szkole\u0144\",\"item\":\"https:\\\/\\\/ettagoglobal.com\\\/pl\\\/kalendarz-szkolen\\\/\"},{\"@type\":\"ListItem\",\"position\":3,\"name\":\"Wsp\u00f3\u0142praca z osobami z Indii\"}]},{\"@type\":\"WebSite\",\"@id\":\"https:\\\/\\\/ettagoglobal.com\\\/#website\",\"url\":\"https:\\\/\\\/ettagoglobal.com\\\/\",\"name\":\"ETTA\",\"description\":\"Global Connections. Let&#039;s do it bETTA!\",\"potentialAction\":[{\"@type\":\"SearchAction\",\"target\":{\"@type\":\"EntryPoint\",\"urlTemplate\":\"https:\\\/\\\/ettagoglobal.com\\\/?s={search_term_string}\"},\"query-input\":{\"@type\":\"PropertyValueSpecification\",\"valueRequired\":true,\"valueName\":\"search_term_string\"}}],\"inLanguage\":\"pl-PL\"}]}<\/script>\n<!-- \/ Yoast SEO plugin. -->","yoast_head_json":{"title":"Wsp\u00f3\u0142praca z osobami z Indii - ETTA","description":"Skuteczna wsp\u00f3\u0142praca z Hindusami mo\u017ce by\u0107 znacznie bardziej efektywna, je\u015bli uznamy wp\u0142yw kultury na biznes.","robots":{"index":"index","follow":"follow","max-snippet":"max-snippet:-1","max-image-preview":"max-image-preview:large","max-video-preview":"max-video-preview:-1"},"canonical":"https:\/\/ettagoglobal.com\/pl\/kalendarz-szkolen\/wspolpraca-z-osobami-z-indii\/","og_locale":"pl_PL","og_type":"article","og_title":"Wsp\u00f3\u0142praca z osobami z Indii - ETTA","og_description":"Skuteczna wsp\u00f3\u0142praca z Hindusami mo\u017ce by\u0107 znacznie bardziej efektywna, je\u015bli uznamy wp\u0142yw kultury na biznes.","og_url":"https:\/\/ettagoglobal.com\/pl\/kalendarz-szkolen\/wspolpraca-z-osobami-z-indii\/","og_site_name":"ETTA","article_modified_time":"2025-12-09T22:10:25+00:00","og_image":[{"width":1080,"height":1080,"url":"https:\/\/ettagoglobal.com\/wp-content\/uploads\/2023\/07\/Cooperation-with-India_kwadrat.png","type":"image\/png"}],"twitter_card":"summary_large_image","twitter_misc":{"Szacowany czas czytania":"4 minuty"},"schema":{"@context":"https:\/\/schema.org","@graph":[{"@type":"WebPage","@id":"https:\/\/ettagoglobal.com\/pl\/kalendarz-szkolen\/wspolpraca-z-osobami-z-indii\/","url":"https:\/\/ettagoglobal.com\/pl\/kalendarz-szkolen\/wspolpraca-z-osobami-z-indii\/","name":"Wsp\u00f3\u0142praca z osobami z Indii - ETTA","isPartOf":{"@id":"https:\/\/ettagoglobal.com\/#website"},"primaryImageOfPage":{"@id":"https:\/\/ettagoglobal.com\/pl\/kalendarz-szkolen\/wspolpraca-z-osobami-z-indii\/#primaryimage"},"image":{"@id":"https:\/\/ettagoglobal.com\/pl\/kalendarz-szkolen\/wspolpraca-z-osobami-z-indii\/#primaryimage"},"thumbnailUrl":"https:\/\/ettagoglobal.com\/wp-content\/uploads\/2023\/07\/Cooperation-with-India_kwadrat.png","datePublished":"2025-09-11T19:30:16+00:00","dateModified":"2025-12-09T22:10:25+00:00","description":"Skuteczna wsp\u00f3\u0142praca z Hindusami mo\u017ce by\u0107 znacznie bardziej efektywna, je\u015bli uznamy wp\u0142yw kultury na biznes.","breadcrumb":{"@id":"https:\/\/ettagoglobal.com\/pl\/kalendarz-szkolen\/wspolpraca-z-osobami-z-indii\/#breadcrumb"},"inLanguage":"pl-PL","potentialAction":[{"@type":"ReadAction","target":["https:\/\/ettagoglobal.com\/pl\/kalendarz-szkolen\/wspolpraca-z-osobami-z-indii\/"]}]},{"@type":"ImageObject","inLanguage":"pl-PL","@id":"https:\/\/ettagoglobal.com\/pl\/kalendarz-szkolen\/wspolpraca-z-osobami-z-indii\/#primaryimage","url":"https:\/\/ettagoglobal.com\/wp-content\/uploads\/2023\/07\/Cooperation-with-India_kwadrat.png","contentUrl":"https:\/\/ettagoglobal.com\/wp-content\/uploads\/2023\/07\/Cooperation-with-India_kwadrat.png","width":1080,"height":1080,"caption":"Cooperating with the Indians"},{"@type":"BreadcrumbList","@id":"https:\/\/ettagoglobal.com\/pl\/kalendarz-szkolen\/wspolpraca-z-osobami-z-indii\/#breadcrumb","itemListElement":[{"@type":"ListItem","position":1,"name":"Strona g\u0142\u00f3wna","item":"https:\/\/ettagoglobal.com\/pl\/home-2\/"},{"@type":"ListItem","position":2,"name":"Kalendarz szkole\u0144","item":"https:\/\/ettagoglobal.com\/pl\/kalendarz-szkolen\/"},{"@type":"ListItem","position":3,"name":"Wsp\u00f3\u0142praca z osobami z Indii"}]},{"@type":"WebSite","@id":"https:\/\/ettagoglobal.com\/#website","url":"https:\/\/ettagoglobal.com\/","name":"ETTA","description":"Global Connections. Let&#039;s do it bETTA!","potentialAction":[{"@type":"SearchAction","target":{"@type":"EntryPoint","urlTemplate":"https:\/\/ettagoglobal.com\/?s={search_term_string}"},"query-input":{"@type":"PropertyValueSpecification","valueRequired":true,"valueName":"search_term_string"}}],"inLanguage":"pl-PL"}]}},"_links":{"self":[{"href":"https:\/\/ettagoglobal.com\/pl\/wp-json\/wp\/v2\/pages\/30210","targetHints":{"allow":["GET"]}}],"collection":[{"href":"https:\/\/ettagoglobal.com\/pl\/wp-json\/wp\/v2\/pages"}],"about":[{"href":"https:\/\/ettagoglobal.com\/pl\/wp-json\/wp\/v2\/types\/page"}],"author":[{"embeddable":true,"href":"https:\/\/ettagoglobal.com\/pl\/wp-json\/wp\/v2\/users\/7"}],"replies":[{"embeddable":true,"href":"https:\/\/ettagoglobal.com\/pl\/wp-json\/wp\/v2\/comments?post=30210"}],"version-history":[{"count":15,"href":"https:\/\/ettagoglobal.com\/pl\/wp-json\/wp\/v2\/pages\/30210\/revisions"}],"predecessor-version":[{"id":30549,"href":"https:\/\/ettagoglobal.com\/pl\/wp-json\/wp\/v2\/pages\/30210\/revisions\/30549"}],"up":[{"embeddable":true,"href":"https:\/\/ettagoglobal.com\/pl\/wp-json\/wp\/v2\/pages\/29952"}],"wp:featuredmedia":[{"embeddable":true,"href":"https:\/\/ettagoglobal.com\/pl\/wp-json\/wp\/v2\/media\/27421"}],"wp:attachment":[{"href":"https:\/\/ettagoglobal.com\/pl\/wp-json\/wp\/v2\/media?parent=30210"}],"curies":[{"name":"wp","href":"https:\/\/api.w.org\/{rel}","templated":true}]}}