{"id":30104,"date":"2025-07-26T18:44:02","date_gmt":"2025-07-26T18:44:02","guid":{"rendered":"https:\/\/ettagoglobal.com\/?page_id=30104"},"modified":"2025-07-27T10:14:57","modified_gmt":"2025-07-27T10:14:57","slug":"warsztaty","status":"publish","type":"page","link":"https:\/\/ettagoglobal.com\/pl\/warsztaty\/","title":{"rendered":"Warsztaty"},"content":{"rendered":"<p>[vc_row full_width=&#8221;stretch_row&#8221; css=&#8221;.vc_custom_1710854854095{background-image: url(https:\/\/ettagoglobal.com\/wp-content\/uploads\/2022\/04\/background-zarzadzanie-pokoleniami.jpg?id=24872)&nbsp;!important;background-position: center&nbsp;!important;background-repeat: no-repeat&nbsp;!important;background-size: cover&nbsp;!important;}&#8221; el_class=&#8221;main-slide&#8221;][vc_column width=&#8221;4\/5&#8243;][vc_empty_space height=&#8221;100px&#8221;][vc_column_text]<\/p>\n<h1>Warsztaty<\/h1>\n<p>[\/vc_column_text][vc_empty_space height=&#8221;30px&#8221;][vc_column_text]<\/p>\n<div class=\"wpb_text_column wpb_content_element \">\n<div class=\"wpb_wrapper\">\n<p>Wsp\u00f3\u0142praca mi\u0119dzykulturowa, przyw\u00f3dztwo zorientowane na&nbsp;cz\u0142owieka, umiej\u0119tno\u015bci przysz\u0142o\u015bci &#8211; wszystkie te tematy mog\u0105 by\u0107 om\u00f3wione podczas warsztat\u00f3w oferowanych przez&nbsp;ETTA. Rozwijamy globalnych lider\u00f3w od ponad 10 lat! Zdob\u0105d\u017a z&nbsp;nami kompetencje przysz\u0142o\u015bci.<\/p>\n<\/div>\n<\/div>\n<p>[\/vc_column_text][vc_empty_space height=&#8221;30px&#8221;][vc_column_text el_class=&#8221;more&#8221;]<a href=\"#warsztaty\">Dowiedz si\u0119 wi\u0119cej<\/a>[\/vc_column_text][vc_empty_space height=&#8221;100px&#8221;][\/vc_column][vc_column width=&#8221;1\/5&#8243;][\/vc_column][\/vc_row][vc_row full_width=&#8221;stretch_row&#8221;][vc_column][vc_separator color=&#8221;custom&#8221; accent_color=&#8221;#eaeaea&#8221;][\/vc_column][\/vc_row][vc_row full_width=&#8221;stretch_row&#8221; gap=&#8221;20&#8243; content_placement=&#8221;middle&#8221; el_class=&#8221;training-list&#8221; el_id=&#8221;warsztaty&#8221;][vc_column width=&#8221;1\/4&#8243;][mnky_retina_image img_url=&#8221;27736&#8243; width=&#8221;206px&#8221; height=&#8221;206px&#8221; link=&#8221;url:%23cross-cultural&#8221;][\/vc_column][vc_column width=&#8221;1\/2&#8243;][vc_column_text]<\/p>\n<h2>Wsp\u00f3\u0142praca mi\u0119dzykulturowa<\/h2>\n<p>[\/vc_column_text][vc_empty_space height=&#8221;30px&#8221;][vc_column_text]Praca w&nbsp;mi\u0119dzynarodowym, zr\u00f3\u017cnicowanym kulturowo zespole wymaga rozwoju nowych umiej\u0119tno\u015bci, takich jak zrozumienie, w&nbsp;jaki spos\u00f3b kultura wp\u0142ywa na&nbsp;nasz styl pracy, komunikacj\u0119, zarz\u0105dzanie czasem i&nbsp;hierarchi\u0119 w&nbsp;zespole. ETTA oferuje warsztaty na&nbsp;temat kultury ka\u017cdego kraju.[\/vc_column_text][vc_empty_space height=&#8221;30px&#8221;][vc_column_text el_class=&#8221;more&#8221;]<a href=\"https:\/\/ettagoglobal.com\/pl\/wspolpraca-miedzykulturowa-warsztaty\/\">Zobacz programy<\/a>[\/vc_column_text][\/vc_column][vc_column width=&#8221;1\/4&#8243;][mnky_list_item icon_fontawesome=&#8221;fas fa-user-clock&#8221;]4-8 godzin[\/mnky_list_item][mnky_list_item icon_fontawesome=&#8221;fas fa-language&#8221;]Angielski \/ Polski \/ inne[\/mnky_list_item][mnky_list_item icon_fontawesome=&#8221;fas fa-users&#8221;]do 12 uczestnik\u00f3w w&nbsp;grupie[\/mnky_list_item][\/vc_column][\/vc_row][vc_row][vc_column][vc_separator][\/vc_column][\/vc_row][vc_row full_width=&#8221;stretch_row&#8221; gap=&#8221;20&#8243; content_placement=&#8221;middle&#8221; el_class=&#8221;training-list&#8221;][vc_column width=&#8221;1\/4&#8243;][mnky_retina_image img_url=&#8221;27717&#8243; width=&#8221;206px&#8221; height=&#8221;206px&#8221; link=&#8221;url:%23dei&#8221;][\/vc_column][vc_column width=&#8221;1\/2&#8243;][vc_column_text]<\/p>\n<h2>Przyw\u00f3dztwo (human-centered leadership)<\/h2>\n<p>[\/vc_column_text][vc_empty_space height=&#8221;30px&#8221;][vc_column_text]Przyw\u00f3dztwo skoncentrowane na&nbsp;cz\u0142owieku (Human-Centred Leadership) to podej\u015bcie, kt\u00f3re stawia ludzi w&nbsp;centrum \u2013 ich talenty, mocne strony, bezpiecze\u0144stwo psychiczne lub&nbsp;trosk\u0119 o&nbsp;ich poziom si\u0142y psychicznej i&nbsp;odporno\u015bci. Je\u015bli jako lider chcesz stawia\u0107 ludzi na&nbsp;pierwszym miejscu, oto szkolenia, kt\u00f3re ci w&nbsp;tym pomog\u0105.[\/vc_column_text][vc_empty_space height=&#8221;30px&#8221;][vc_column_text el_class=&#8221;more&#8221;]<a href=\"https:\/\/ettagoglobal.com\/pl\/przywodztwo-warsztaty\/\">Zobacz programy<\/a>[\/vc_column_text][\/vc_column][vc_column width=&#8221;1\/4&#8243;][mnky_list_item icon_fontawesome=&#8221;fas fa-user-clock&#8221;]4-8 godzin[\/mnky_list_item][mnky_list_item icon_fontawesome=&#8221;fas fa-language&#8221;]Angielski \/ Polski \/ inne[\/mnky_list_item][mnky_list_item icon_fontawesome=&#8221;fas fa-users&#8221;]do 12 uczestnik\u00f3w w&nbsp;grupie[\/mnky_list_item][\/vc_column][\/vc_row][vc_row][vc_column][vc_separator][\/vc_column][\/vc_row][vc_row full_width=&#8221;stretch_row&#8221; gap=&#8221;20&#8243; content_placement=&#8221;middle&#8221; el_class=&#8221;training-list&#8221;][vc_column width=&#8221;1\/4&#8243;][mnky_retina_image img_url=&#8221;27592&#8243; width=&#8221;206px&#8221; height=&#8221;206px&#8221; link=&#8221;url:%23future&#8221;][\/vc_column][vc_column width=&#8221;1\/2&#8243;][vc_column_text]<\/p>\n<h2>Umiej\u0119tno\u015bci przysz\u0142o\u015bci<\/h2>\n<p>[\/vc_column_text][vc_empty_space height=&#8221;30px&#8221;][vc_column_text]Niezale\u017cnie od tego, czy&nbsp;m\u00f3wimy o&nbsp;liderze, cz\u0142onkach zespo\u0142u czy&nbsp;innej osobie w&nbsp;organizacji, istniej\u0105 umiej\u0119tno\u015bci, kt\u00f3rych wszyscy potrzebuj\u0105. W&nbsp;ka\u017cdej firmie s\u0105 obszary, kt\u00f3rymi nale\u017cy si\u0119 zaj\u0105\u0107. Warsztaty b\u0119d\u0105 tutaj dobrym rozwi\u0105zaniem. Mo\u017cna je organizowa\u0107 na&nbsp;specjalne okazje lub&nbsp;jako cz\u0119\u015b\u0107 programu rozwojowego.[\/vc_column_text][vc_empty_space height=&#8221;30px&#8221;][vc_column_text el_class=&#8221;more&#8221;]<a href=\"https:\/\/ettagoglobal.com\/pl\/umiejetnosci-przyszlosci-warsztaty\/\">Zobacz programy<\/a>[\/vc_column_text][\/vc_column][vc_column width=&#8221;1\/4&#8243;][mnky_list_item icon_fontawesome=&#8221;fas fa-user-clock&#8221;]4-8 godzin[\/mnky_list_item][mnky_list_item icon_fontawesome=&#8221;fas fa-language&#8221;]Angielski \/ Polski \/ inne[\/mnky_list_item][mnky_list_item icon_fontawesome=&#8221;fas fa-users&#8221;]do 12 uczestnik\u00f3w w&nbsp;grupie[\/mnky_list_item][\/vc_column][\/vc_row][vc_row][vc_column][vc_empty_space height=&#8221;30px&#8221;][\/vc_column][\/vc_row][vc_row][vc_column][vc_separator][\/vc_column][\/vc_row][vc_row][vc_column][vc_empty_space height=&#8221;30px&#8221;][\/vc_column][\/vc_row][vc_row full_width=&#8221;stretch_row&#8221; gap=&#8221;20&#8243; content_placement=&#8221;middle&#8221; el_class=&#8221;training-list&#8221;][vc_column width=&#8221;1\/4&#8243;][\/vc_column][vc_column width=&#8221;1\/2&#8243;][vc_column_text]<\/p>\n<h2>Czy&nbsp;wiesz, \u017ce&#8230;?<\/h2>\n<p>[\/vc_column_text][vc_empty_space height=&#8221;30px&#8221;][vc_column_text]Bior\u0105c udzia\u0142 w&nbsp;szkoleniach ETTA, wspierasz dzia\u0142ania Fundacji Kosmos dla&nbsp;Dziewczynek.[\/vc_column_text][vc_empty_space height=&#8221;30px&#8221;][mnky_retina_image img_url=&#8221;30017&#8243; width=&#8221;450px&#8221; height=&#8221;450px&#8221;][\/vc_column][vc_column width=&#8221;1\/4&#8243;][\/vc_column][\/vc_row][vc_row][vc_column][vc_empty_space height=&#8221;60px&#8221;][\/vc_column][\/vc_row]<\/p>\n","protected":false},"excerpt":{"rendered":"<p>[vc_row full_width=&#8221;stretch_row&#8221; css=&#8221;.vc_custom_1710854854095{background-image: url(https:\/\/ettagoglobal.com\/wp-content\/uploads\/2022\/04\/background-zarzadzanie-pokoleniami.jpg?id=24872)&nbsp;!important;background-position: center&nbsp;!important;background-repeat: no-repeat&nbsp;!important;background-size: cover&nbsp;!important;}&#8221; el_class=&#8221;main-slide&#8221;][vc_column width=&#8221;4\/5&#8243;][vc_empty_space height=&#8221;100px&#8221;][vc_column_text] Warsztaty [\/vc_column_text][vc_empty_space height=&#8221;30px&#8221;][vc_column_text] Wsp\u00f3\u0142praca mi\u0119dzykulturowa, przyw\u00f3dztwo zorientowane na&nbsp;cz\u0142owieka, umiej\u0119tno\u015bci przysz\u0142o\u015bci &hellip; <\/p>\n","protected":false},"author":7,"featured_media":24873,"parent":0,"menu_order":56,"comment_status":"closed","ping_status":"closed","template":"page-no-paddings.php","meta":{"_acf_changed":false,"footnotes":"","_links_to":"","_links_to_target":""},"class_list":["post-30104","page","type-page","status-publish","has-post-thumbnail","hentry"],"acf":[],"yoast_head":"<!-- This site is optimized with the Yoast SEO plugin v27.3 - https:\/\/yoast.com\/product\/yoast-seo-wordpress\/ -->\n<title>Warsztaty - ETTA<\/title>\n<meta name=\"description\" content=\"Wsp\u00f3\u0142praca mi\u0119dzykulturowa, przyw\u00f3dztwo, umiej\u0119tno\u015bci przysz\u0142o\u015bci - te tematy zostan\u0105 om\u00f3wione podczas warsztat\u00f3w oferowanych przez ETTA.\" \/>\n<meta name=\"robots\" content=\"index, follow, max-snippet:-1, max-image-preview:large, max-video-preview:-1\" \/>\n<link rel=\"canonical\" href=\"https:\/\/ettagoglobal.com\/pl\/warsztaty\/\" \/>\n<meta property=\"og:locale\" content=\"pl_PL\" \/>\n<meta property=\"og:type\" content=\"article\" \/>\n<meta property=\"og:title\" content=\"Warsztaty - ETTA\" \/>\n<meta property=\"og:description\" content=\"Wsp\u00f3\u0142praca mi\u0119dzykulturowa, przyw\u00f3dztwo, umiej\u0119tno\u015bci przysz\u0142o\u015bci - te tematy zostan\u0105 om\u00f3wione podczas warsztat\u00f3w oferowanych przez ETTA.\" \/>\n<meta property=\"og:url\" content=\"https:\/\/ettagoglobal.com\/pl\/warsztaty\/\" \/>\n<meta property=\"og:site_name\" content=\"ETTA\" \/>\n<meta property=\"article:modified_time\" content=\"2025-07-27T10:14:57+00:00\" \/>\n<meta property=\"og:image\" content=\"https:\/\/ettagoglobal.com\/wp-content\/uploads\/2022\/04\/zarzadzanie-pokoleniami.jpg\" \/>\n\t<meta property=\"og:image:width\" content=\"400\" \/>\n\t<meta property=\"og:image:height\" content=\"400\" \/>\n\t<meta property=\"og:image:type\" content=\"image\/jpeg\" \/>\n<meta name=\"twitter:card\" content=\"summary_large_image\" \/>\n<meta name=\"twitter:label1\" content=\"Szacowany czas czytania\" \/>\n\t<meta name=\"twitter:data1\" content=\"2 minuty\" \/>\n<script type=\"application\/ld+json\" class=\"yoast-schema-graph\">{\"@context\":\"https:\\\/\\\/schema.org\",\"@graph\":[{\"@type\":\"WebPage\",\"@id\":\"https:\\\/\\\/ettagoglobal.com\\\/pl\\\/warsztaty\\\/\",\"url\":\"https:\\\/\\\/ettagoglobal.com\\\/pl\\\/warsztaty\\\/\",\"name\":\"Warsztaty - ETTA\",\"isPartOf\":{\"@id\":\"https:\\\/\\\/ettagoglobal.com\\\/#website\"},\"primaryImageOfPage\":{\"@id\":\"https:\\\/\\\/ettagoglobal.com\\\/pl\\\/warsztaty\\\/#primaryimage\"},\"image\":{\"@id\":\"https:\\\/\\\/ettagoglobal.com\\\/pl\\\/warsztaty\\\/#primaryimage\"},\"thumbnailUrl\":\"https:\\\/\\\/ettagoglobal.com\\\/wp-content\\\/uploads\\\/2022\\\/04\\\/zarzadzanie-pokoleniami.jpg\",\"datePublished\":\"2025-07-26T18:44:02+00:00\",\"dateModified\":\"2025-07-27T10:14:57+00:00\",\"description\":\"Wsp\u00f3\u0142praca mi\u0119dzykulturowa, przyw\u00f3dztwo, umiej\u0119tno\u015bci przysz\u0142o\u015bci - te tematy zostan\u0105 om\u00f3wione podczas warsztat\u00f3w oferowanych przez ETTA.\",\"breadcrumb\":{\"@id\":\"https:\\\/\\\/ettagoglobal.com\\\/pl\\\/warsztaty\\\/#breadcrumb\"},\"inLanguage\":\"pl-PL\",\"potentialAction\":[{\"@type\":\"ReadAction\",\"target\":[\"https:\\\/\\\/ettagoglobal.com\\\/pl\\\/warsztaty\\\/\"]}]},{\"@type\":\"ImageObject\",\"inLanguage\":\"pl-PL\",\"@id\":\"https:\\\/\\\/ettagoglobal.com\\\/pl\\\/warsztaty\\\/#primaryimage\",\"url\":\"https:\\\/\\\/ettagoglobal.com\\\/wp-content\\\/uploads\\\/2022\\\/04\\\/zarzadzanie-pokoleniami.jpg\",\"contentUrl\":\"https:\\\/\\\/ettagoglobal.com\\\/wp-content\\\/uploads\\\/2022\\\/04\\\/zarzadzanie-pokoleniami.jpg\",\"width\":400,\"height\":400,\"caption\":\"zarz\u0105dzanie pokoleniami szkolenie ETTA pokolenie Z generacja Z\"},{\"@type\":\"BreadcrumbList\",\"@id\":\"https:\\\/\\\/ettagoglobal.com\\\/pl\\\/warsztaty\\\/#breadcrumb\",\"itemListElement\":[{\"@type\":\"ListItem\",\"position\":1,\"name\":\"Strona g\u0142\u00f3wna\",\"item\":\"https:\\\/\\\/ettagoglobal.com\\\/pl\\\/home-2\\\/\"},{\"@type\":\"ListItem\",\"position\":2,\"name\":\"Warsztaty\"}]},{\"@type\":\"WebSite\",\"@id\":\"https:\\\/\\\/ettagoglobal.com\\\/#website\",\"url\":\"https:\\\/\\\/ettagoglobal.com\\\/\",\"name\":\"ETTA\",\"description\":\"Global Connections. Let&#039;s do it bETTA!\",\"potentialAction\":[{\"@type\":\"SearchAction\",\"target\":{\"@type\":\"EntryPoint\",\"urlTemplate\":\"https:\\\/\\\/ettagoglobal.com\\\/?s={search_term_string}\"},\"query-input\":{\"@type\":\"PropertyValueSpecification\",\"valueRequired\":true,\"valueName\":\"search_term_string\"}}],\"inLanguage\":\"pl-PL\"}]}<\/script>\n<!-- \/ Yoast SEO plugin. -->","yoast_head_json":{"title":"Warsztaty - ETTA","description":"Wsp\u00f3\u0142praca mi\u0119dzykulturowa, przyw\u00f3dztwo, umiej\u0119tno\u015bci przysz\u0142o\u015bci - te tematy zostan\u0105 om\u00f3wione podczas warsztat\u00f3w oferowanych przez ETTA.","robots":{"index":"index","follow":"follow","max-snippet":"max-snippet:-1","max-image-preview":"max-image-preview:large","max-video-preview":"max-video-preview:-1"},"canonical":"https:\/\/ettagoglobal.com\/pl\/warsztaty\/","og_locale":"pl_PL","og_type":"article","og_title":"Warsztaty - ETTA","og_description":"Wsp\u00f3\u0142praca mi\u0119dzykulturowa, przyw\u00f3dztwo, umiej\u0119tno\u015bci przysz\u0142o\u015bci - te tematy zostan\u0105 om\u00f3wione podczas warsztat\u00f3w oferowanych przez ETTA.","og_url":"https:\/\/ettagoglobal.com\/pl\/warsztaty\/","og_site_name":"ETTA","article_modified_time":"2025-07-27T10:14:57+00:00","og_image":[{"width":400,"height":400,"url":"https:\/\/ettagoglobal.com\/wp-content\/uploads\/2022\/04\/zarzadzanie-pokoleniami.jpg","type":"image\/jpeg"}],"twitter_card":"summary_large_image","twitter_misc":{"Szacowany czas czytania":"2 minuty"},"schema":{"@context":"https:\/\/schema.org","@graph":[{"@type":"WebPage","@id":"https:\/\/ettagoglobal.com\/pl\/warsztaty\/","url":"https:\/\/ettagoglobal.com\/pl\/warsztaty\/","name":"Warsztaty - ETTA","isPartOf":{"@id":"https:\/\/ettagoglobal.com\/#website"},"primaryImageOfPage":{"@id":"https:\/\/ettagoglobal.com\/pl\/warsztaty\/#primaryimage"},"image":{"@id":"https:\/\/ettagoglobal.com\/pl\/warsztaty\/#primaryimage"},"thumbnailUrl":"https:\/\/ettagoglobal.com\/wp-content\/uploads\/2022\/04\/zarzadzanie-pokoleniami.jpg","datePublished":"2025-07-26T18:44:02+00:00","dateModified":"2025-07-27T10:14:57+00:00","description":"Wsp\u00f3\u0142praca mi\u0119dzykulturowa, przyw\u00f3dztwo, umiej\u0119tno\u015bci przysz\u0142o\u015bci - te tematy zostan\u0105 om\u00f3wione podczas warsztat\u00f3w oferowanych przez ETTA.","breadcrumb":{"@id":"https:\/\/ettagoglobal.com\/pl\/warsztaty\/#breadcrumb"},"inLanguage":"pl-PL","potentialAction":[{"@type":"ReadAction","target":["https:\/\/ettagoglobal.com\/pl\/warsztaty\/"]}]},{"@type":"ImageObject","inLanguage":"pl-PL","@id":"https:\/\/ettagoglobal.com\/pl\/warsztaty\/#primaryimage","url":"https:\/\/ettagoglobal.com\/wp-content\/uploads\/2022\/04\/zarzadzanie-pokoleniami.jpg","contentUrl":"https:\/\/ettagoglobal.com\/wp-content\/uploads\/2022\/04\/zarzadzanie-pokoleniami.jpg","width":400,"height":400,"caption":"zarz\u0105dzanie pokoleniami szkolenie ETTA pokolenie Z generacja Z"},{"@type":"BreadcrumbList","@id":"https:\/\/ettagoglobal.com\/pl\/warsztaty\/#breadcrumb","itemListElement":[{"@type":"ListItem","position":1,"name":"Strona g\u0142\u00f3wna","item":"https:\/\/ettagoglobal.com\/pl\/home-2\/"},{"@type":"ListItem","position":2,"name":"Warsztaty"}]},{"@type":"WebSite","@id":"https:\/\/ettagoglobal.com\/#website","url":"https:\/\/ettagoglobal.com\/","name":"ETTA","description":"Global Connections. Let&#039;s do it bETTA!","potentialAction":[{"@type":"SearchAction","target":{"@type":"EntryPoint","urlTemplate":"https:\/\/ettagoglobal.com\/?s={search_term_string}"},"query-input":{"@type":"PropertyValueSpecification","valueRequired":true,"valueName":"search_term_string"}}],"inLanguage":"pl-PL"}]}},"_links":{"self":[{"href":"https:\/\/ettagoglobal.com\/pl\/wp-json\/wp\/v2\/pages\/30104","targetHints":{"allow":["GET"]}}],"collection":[{"href":"https:\/\/ettagoglobal.com\/pl\/wp-json\/wp\/v2\/pages"}],"about":[{"href":"https:\/\/ettagoglobal.com\/pl\/wp-json\/wp\/v2\/types\/page"}],"author":[{"embeddable":true,"href":"https:\/\/ettagoglobal.com\/pl\/wp-json\/wp\/v2\/users\/7"}],"replies":[{"embeddable":true,"href":"https:\/\/ettagoglobal.com\/pl\/wp-json\/wp\/v2\/comments?post=30104"}],"version-history":[{"count":6,"href":"https:\/\/ettagoglobal.com\/pl\/wp-json\/wp\/v2\/pages\/30104\/revisions"}],"predecessor-version":[{"id":30136,"href":"https:\/\/ettagoglobal.com\/pl\/wp-json\/wp\/v2\/pages\/30104\/revisions\/30136"}],"wp:featuredmedia":[{"embeddable":true,"href":"https:\/\/ettagoglobal.com\/pl\/wp-json\/wp\/v2\/media\/24873"}],"wp:attachment":[{"href":"https:\/\/ettagoglobal.com\/pl\/wp-json\/wp\/v2\/media?parent=30104"}],"curies":[{"name":"wp","href":"https:\/\/api.w.org\/{rel}","templated":true}]}}