{"id":30034,"date":"2025-07-24T15:24:21","date_gmt":"2025-07-24T15:24:21","guid":{"rendered":"https:\/\/ettagoglobal.com\/?page_id=30034"},"modified":"2025-12-09T20:57:16","modified_gmt":"2025-12-09T20:57:16","slug":"unlock-poland","status":"publish","type":"page","link":"https:\/\/ettagoglobal.com\/pl\/kalendarz-szkolen\/unlock-poland\/","title":{"rendered":"Unlock Poland"},"content":{"rendered":"<p>[vc_row full_width=&#8221;stretch_row&#8221; css=&#8221;.vc_custom_1689849226450{background-image: url(https:\/\/ettagoglobal.com\/wp-content\/uploads\/2023\/07\/Welcome-to-Poland.png?id=27426)&nbsp;!important;background-position: center&nbsp;!important;background-repeat: no-repeat&nbsp;!important;background-size: cover&nbsp;!important;}&#8221; el_class=&#8221;main-slide&#8221;][vc_column][vc_empty_space height=&#8221;100px&#8221;][vc_column_text]<\/p>\n<h1>Unlock Poland: Wsp\u00f3\u0142praca z&nbsp;Polakami<\/h1>\n<p>[\/vc_column_text][vc_empty_space height=&#8221;30px&#8221;][vc_column_text]Szkolenie mi\u0119dzykulturowe dla&nbsp;profesjonalist\u00f3w, ekspat\u00f3w i&nbsp;os\u00f3b relokuj\u0105cych si\u0119 do&nbsp;Polski oraz&nbsp;tych pracuj\u0105cych z&nbsp;Polakami i&nbsp;polskimi firmami.[\/vc_column_text][vc_empty_space height=&#8221;100px&#8221;][\/vc_column][\/vc_row][vc_row el_class=&#8221;training-for&#8221;][vc_column][vc_empty_space height=&#8221;60px&#8221;][vc_column_text]<\/p>\n<h3 data-start=\"310\" data-end=\"368\">Poczuj si\u0119 w&nbsp;Polsce jak w&nbsp;domu<\/h3>\n<p data-start=\"369\" data-end=\"599\">Przeprowadzka do&nbsp;nowego kraju to ekscytuj\u0105ce, ale&nbsp;i&nbsp;wymagaj\u0105ce do\u015bwiadczenie. W&nbsp;Polsce kluczowe dla&nbsp;budowania zaufania, unikania nieporozumie\u0144 oraz&nbsp;skutecznej wsp\u00f3\u0142pracy jest zrozumienie warto\u015bci kulturowych i&nbsp;niepisanych zasad.<\/p>\n<p data-start=\"601\" data-end=\"767\">To praktyczne szkolenie dostarczy Ci narz\u0119dzi, dzi\u0119ki kt\u00f3rym szybciej si\u0119 zaaklimatyzujesz, zyskasz pewno\u015b\u0107 w&nbsp;kontaktach i&nbsp;wzmocnisz relacje zawodowe oraz&nbsp;prywatne.<\/p>\n<p>[\/vc_column_text][vc_empty_space height=&#8221;60px&#8221;][\/vc_column][\/vc_row][vc_row full_width=&#8221;stretch_row&#8221; el_class=&#8221;training-for&#8221; css=&#8221;.vc_custom_1757684017206{background-color: #f6f7f8&nbsp;!important;}&#8221;][vc_column width=&#8221;1\/3&#8243;][vc_empty_space height=&#8221;60px&#8221;][mnky_service icon_fontawesome=&#8221;fas fa-user-tie&#8221; title=&#8221;Dla kogo jest to szkolenie?&#8221; icon_color=&#8221;#993436&#8243;][\/mnky_service][vc_empty_space height=&#8221;60px&#8221;][\/vc_column][vc_column width=&#8221;2\/3&#8243;][vc_empty_space height=&#8221;60px&#8221;][vc_column_text]<\/p>\n<ul>\n<li data-start=\"809\" data-end=\"852\">Profesjonali\u015bci przenosz\u0105cy si\u0119 do&nbsp;Polski<\/li>\n<li data-start=\"855\" data-end=\"916\">Obcokrajowcy mieszkaj\u0105cy w&nbsp;Polsce oraz&nbsp;ich wsp\u00f3\u0142ma\u0142\u017conkowie<\/li>\n<li data-start=\"919\" data-end=\"981\">Eksperci mi\u0119dzynarodowi wsp\u00f3\u0142pracuj\u0105cy z&nbsp;polskimi partnerami<\/li>\n<\/ul>\n<p data-start=\"983\" data-end=\"1179\">Niezale\u017cnie od tego, czy&nbsp;rozpoczynasz now\u0105 rol\u0119, wspierasz blisk\u0105 osob\u0119, czy&nbsp;zarz\u0105dzasz mi\u0119dzynarodowymi projektami \u2014 to szkolenie pomo\u017ce Ci p\u0142ynnie si\u0119 zintegrowa\u0107 i&nbsp;odnale\u017a\u0107 w&nbsp;nowym otoczeniu.<\/p>\n<p>[\/vc_column_text][vc_empty_space height=&#8221;60px&#8221;][\/vc_column][\/vc_row][vc_row full_width=&#8221;stretch_row&#8221;][vc_column][vc_empty_space height=&#8221;60px&#8221;][\/vc_column][vc_column width=&#8221;1\/3&#8243;][mnky_service icon_fontawesome=&#8221;fas fa-bullseye&#8221; title=&#8221;Co zyskasz?&#8221; icon_color=&#8221;#993436&#8243;][\/mnky_service][vc_empty_space height=&#8221;30px&#8221;][\/vc_column][vc_column width=&#8221;2\/3&#8243;][vc_column_text]<\/p>\n<p data-start=\"1203\" data-end=\"1265\">Bior\u0105c udzia\u0142 w&nbsp;warsztacie Welcome to Poland, dowiesz si\u0119:<\/p>\n<ul data-start=\"1266\" data-end=\"1650\">\n<li data-start=\"1266\" data-end=\"1357\">\n<p data-start=\"1268\" data-end=\"1357\">Jakie warto\u015bci kszta\u0142tuj\u0105 polsk\u0105 kultur\u0119 i&nbsp;jak wp\u0142ywaj\u0105 na&nbsp;komunikacj\u0119 oraz&nbsp;zachowania.<\/p>\n<\/li>\n<li data-start=\"1358\" data-end=\"1447\">\n<p data-start=\"1360\" data-end=\"1447\">Jak interpretowa\u0107 zachowania, kt\u00f3re mog\u0105 wydawa\u0107 si\u0119 niejasne, i&nbsp;jak na&nbsp;nie reagowa\u0107.<\/p>\n<\/li>\n<li data-start=\"1448\" data-end=\"1540\">\n<p data-start=\"1450\" data-end=\"1540\">Jak wymiary kulturowe przek\u0142adaj\u0105 si\u0119 na&nbsp;wsp\u00f3\u0142prac\u0119 i&nbsp;co mo\u017cesz zrobi\u0107, by j\u0105 usprawni\u0107.<\/p>\n<\/li>\n<li data-start=\"1541\" data-end=\"1650\">\n<p data-start=\"1543\" data-end=\"1650\">Jakie praktyczne strategie pomog\u0105 Ci ustali\u0107 jasne zasady i&nbsp;skutecznie prowadzi\u0107 projekty mi\u0119dzynarodowe.<\/p>\n<\/li>\n<\/ul>\n<p>[\/vc_column_text][vc_empty_space height=&#8221;60px&#8221;][\/vc_column][\/vc_row][vc_row full_width=&#8221;stretch_row&#8221; css=&#8221;.vc_custom_1646656326892{background-color: #f6f7f8&nbsp;!important;}&#8221;][vc_column][vc_empty_space height=&#8221;60px&#8221;][vc_column_text el_class=&#8221;button&#8221;]<\/p>\n<h2 style=\"text-align: center;\">Program szkolenia<\/h2>\n<p>[\/vc_column_text][vc_empty_space height=&#8221;30px&#8221;][\/vc_column][\/vc_row][vc_row full_width=&#8221;stretch_row&#8221; gap=&#8221;35&#8243; equal_height=&#8221;yes&#8221; el_class=&#8221;training-parts&#8221; css=&#8221;.vc_custom_1647354153948{background-color: #f6f7f8&nbsp;!important;}&#8221;][vc_column width=&#8221;1\/2&#8243; el_class=&#8221;section&#8221;][vc_empty_space height=&#8221;30px&#8221;][vc_column_text]<\/p>\n<h3 style=\"text-align: center;\">Modu\u0142 I<\/h3>\n<h4 style=\"text-align: center;\">Zrozumie\u0107 Polsk\u0119: historia, kultura i&nbsp;kontekst biznesowy<\/h4>\n<ul>\n<li><span data-contrast=\"auto\">Funkcjonowanie w&nbsp;\u015brodowisku wielokulturowym<\/span><span data-ccp-props=\"{}\">\u00a0<\/span><\/li>\n<li><span data-contrast=\"auto\">Moje do\u015bwiadczenia w&nbsp;kontakcie z&nbsp;Polakami<\/span><span data-ccp-props=\"{}\">\u00a0<\/span><\/li>\n<li><span data-contrast=\"auto\">Koncepcja kultury jako \u201eg\u00f3ry lodowej\u201d<\/span><span data-ccp-props=\"{}\">\u00a0<\/span><\/li>\n<li><span data-contrast=\"auto\">Kluczowe dane o&nbsp;Polsce: geografia, podzia\u0142 regionalny, g\u0142\u00f3wne miasta i&nbsp;ich profil gospodarczy \/ biznesowy<\/span><span data-ccp-props=\"{}\">\u00a0<\/span><\/li>\n<li><span data-contrast=\"auto\">Najwa\u017cniejsze momenty w&nbsp;historii Polski, kt\u00f3re ukszta\u0142towa\u0142y to\u017csamo\u015b\u0107 narodow\u0105 i&nbsp;wp\u0142ywaj\u0105 na&nbsp;mentalno\u015b\u0107, warto\u015bci oraz&nbsp;postawy biznesowe<\/span><span data-ccp-props=\"{}\">\u00a0<\/span><\/li>\n<li><span data-contrast=\"auto\">Normy spo\u0142eczne, zasady i&nbsp;warto\u015bci \u2013 jak odnale\u017a\u0107 si\u0119 w\u015br\u00f3d Polak\u00f3w?<\/span><span data-ccp-props=\"{}\">\u00a0<\/span><\/li>\n<li><span data-contrast=\"auto\">Relacje a&nbsp;zadania \u2013 jak budowa\u0107 zaufanie w&nbsp;\u017cyciu prywatnym i&nbsp;zawodowym?<\/span><span data-ccp-props=\"{}\">\u00a0<\/span><\/li>\n<\/ul>\n<p>[\/vc_column_text][vc_empty_space height=&#8221;30px&#8221;][\/vc_column][vc_column width=&#8221;1\/2&#8243; el_class=&#8221;section&#8221;][vc_empty_space height=&#8221;30px&#8221;][vc_column_text]<\/p>\n<h3 style=\"text-align: center;\">Modu\u0142 II<\/h3>\n<h4 style=\"text-align: center;\">Efektywna wsp\u00f3\u0142praca i&nbsp;komunikacja z&nbsp;Polakami<\/h4>\n<ul>\n<li><span data-contrast=\"auto\">Podej\u015bcie do&nbsp;czasu \u2013 punktualno\u015b\u0107 czy&nbsp;wi\u0119ksza elastyczno\u015b\u0107? Oczekiwania dotycz\u0105ce terminowo\u015bci, rzetelno\u015bci i&nbsp;odpowiedzialno\u015bci<\/span><span data-ccp-props=\"{}\">\u00a0<\/span><\/li>\n<li><span data-contrast=\"auto\">Co i&nbsp;w jaki spos\u00f3b komunikuje si\u0119 w&nbsp;Polsce \u2013 jak mog\u0119 dostosowa\u0107 sw\u00f3j styl komunikacji?<\/span><span data-ccp-props=\"{}\">\u00a0<\/span><\/li>\n<li><span data-contrast=\"auto\">Styl komunikacji w&nbsp;pracy z&nbsp;Polakami: bezpo\u015brednio\u015b\u0107, szczero\u015b\u0107, oczekiwania zwi\u0105zane z&nbsp;jasno\u015bci\u0105 i&nbsp;precyzj\u0105<\/span><span data-ccp-props=\"{}\">\u00a0<\/span><\/li>\n<li><span data-contrast=\"auto\">Podej\u015bcie do&nbsp;hierarchii w&nbsp;Polsce<\/span><span data-ccp-props=\"{}\">\u00a0<\/span><\/li>\n<li><span data-contrast=\"auto\">Unikanie niepewno\u015bci \u2013 jak wp\u0142ywa na&nbsp;wsp\u00f3\u0142prac\u0119?<\/span><span data-ccp-props=\"{}\">\u00a0<\/span><\/li>\n<li><span data-contrast=\"auto\">Jak rozwi\u0105zuje si\u0119 konflikty w&nbsp;Polsce?<\/span><span data-ccp-props=\"{}\">\u00a0<\/span><\/li>\n<li><span data-contrast=\"auto\">Jak budowa\u0107 relacje i&nbsp;przyja\u017anie (feedback, relacje osobiste, spotkania towarzyskie, nieformalne kontakty)<\/span><span data-ccp-props=\"{}\">\u00a0<\/span><\/li>\n<\/ul>\n<p>[\/vc_column_text][vc_empty_space height=&#8221;30px&#8221;][\/vc_column][\/vc_row][vc_row el_class=&#8221;training-for&#8221;][vc_column width=&#8221;1\/3&#8243;][vc_empty_space height=&#8221;60px&#8221;][mnky_service icon_fontawesome=&#8221;fas fa-info-circle&#8221; title=&#8221;Szczeg\u00f3\u0142y szkolenia:&#8221; icon_color=&#8221;#993436&#8243;][\/mnky_service][vc_empty_space height=&#8221;60px&#8221;][\/vc_column][vc_column width=&#8221;2\/3&#8243;][vc_empty_space height=&#8221;60px&#8221;][vc_column_text]<\/p>\n<ul>\n<li data-start=\"2674\" data-end=\"2707\"><strong data-start=\"2674\" data-end=\"2686\">Terminy: <\/strong>5-6 marca 2026, 28-29 maja 2026<\/li>\n<li data-start=\"2710\" data-end=\"2743\"><strong data-start=\"2710\" data-end=\"2722\">Godziny:<\/strong> 9:00 \u2013 13:00 (CET)<\/li>\n<li data-start=\"2746\" data-end=\"2786\"><strong data-start=\"2746\" data-end=\"2756\">Forma:<\/strong> warsztat online (wirtualny)<\/li>\n<li data-start=\"2789\" data-end=\"2815\"><strong data-start=\"2789\" data-end=\"2798\">Cena:<\/strong> 1450z\u0142 netto (+23% VAT)<\/li>\n<li data-start=\"2818\" data-end=\"2883\"><strong data-start=\"2818\" data-end=\"2833\">Certyfikat:<\/strong> ka\u017cdy uczestnik otrzymuje certyfikat uko\u0144czenia<\/li>\n<li data-start=\"2818\" data-end=\"2883\"><strong>Bonus:<\/strong> uczestnicy otrzymuj\u0105 dost\u0119p do&nbsp;bazy wiedzy ETTA w&nbsp;postaci nagra\u0144 z&nbsp;webinar\u00f3w<\/li>\n<li>Zapisz si\u0119 z&nbsp;koleg\u0105 lub&nbsp;kole\u017cank\u0105, a&nbsp;otrzymacie 10% zni\u017cki<\/li>\n<\/ul>\n<p>[\/vc_column_text][vc_empty_space height=&#8221;60px&#8221;][\/vc_column][\/vc_row][vc_row full_width=&#8221;stretch_row&#8221; css=&#8221;.vc_custom_1757678134900{background-color: #f6f7f8&nbsp;!important;}&#8221;][vc_column][vc_empty_space height=&#8221;60px&#8221;][vc_column_text]<\/p>\n<h3 data-start=\"3086\" data-end=\"3101\">Dlaczego warto?<\/h3>\n<p data-start=\"2912\" data-end=\"3100\">Adaptacja do&nbsp;nowej kultury wymaga czasu, ale&nbsp;dzi\u0119ki odpowiedniemu wsparciu mo\u017cesz unikn\u0105\u0107 b\u0142\u0119d\u00f3w, szybciej zyska\u0107 pewno\u015b\u0107 siebie i&nbsp;skoncentrowa\u0107 si\u0119 na&nbsp;budowaniu swojego \u017cycia w&nbsp;Polsce.<\/p>\n<p data-start=\"3102\" data-end=\"3201\">Do\u0142\u0105cz do&nbsp;warsztatu i&nbsp;poznaj Polsk\u0119 tak, by od pocz\u0105tku pracowa\u0107 skutecznie i&nbsp;czu\u0107 si\u0119 swobodnie.<\/p>\n<p>[\/vc_column_text][vc_empty_space height=&#8221;60px&#8221;][vc_column_text el_class=&#8221;button&#8221;]<\/p>\n<p style=\"text-align: center;\"><a href=\"https:\/\/ettagoglobal.com\/open-training-registration\/\">Zapisz si\u0119 na&nbsp;szkolenie<\/a><\/p>\n<p>[\/vc_column_text][vc_empty_space height=&#8221;60px&#8221;][\/vc_column][\/vc_row][vc_row full_width=&#8221;stretch_row&#8221;][vc_column][vc_empty_space height=&#8221;60px&#8221;][vc_column_text]<\/p>\n<h3 data-start=\"3086\" data-end=\"3101\">Nie mo\u017cesz do\u0142\u0105czy\u0107 w&nbsp;proponowanych terminach?<\/h3>\n<p data-start=\"119\" data-end=\"317\">Rozumiemy, \u017ce&nbsp;harmonogramy mog\u0105 by\u0107 wymagaj\u0105ce. Je\u015bli jeste\u015b zainteresowany\/a tym szkoleniem, ale&nbsp;nie mo\u017cesz wzi\u0105\u0107 w&nbsp;nim udzia\u0142u w&nbsp;podanych terminach, mo\u017cesz <strong data-start=\"277\" data-end=\"314\">zapisa\u0107 si\u0119 na&nbsp;list\u0119 oczekuj\u0105cych<\/strong>.<\/p>\n<p data-start=\"319\" data-end=\"344\">Zapisuj\u0105c si\u0119, zyskasz:<\/p>\n<ul>\n<li data-start=\"347\" data-end=\"416\">Informacje o&nbsp;nowych terminach szkole\u0144, jak tylko zostan\u0105 og\u0142oszone.<\/li>\n<li data-start=\"419\" data-end=\"449\">Pierwsze\u0144stwo w&nbsp;rejestracji.<\/li>\n<li data-start=\"452\" data-end=\"499\">Pewno\u015b\u0107, \u017ce&nbsp;nie przegapisz okazji do&nbsp;udzia\u0142u.<\/li>\n<\/ul>\n<p>[\/vc_column_text][vc_empty_space height=&#8221;60px&#8221;][vc_btn title=&#8221;Zapisz si\u0119 na&nbsp;list\u0119 oczekuj\u0105cych&#8221; shape=&#8221;round&#8221; color=&#8221;inverse&#8221; align=&#8221;center&#8221; link=&#8221;url:https%3A%2F%2Fettagoglobal.com%2Fopen-training-waiting-list%2F&#8221;][vc_empty_space height=&#8221;60px&#8221;][\/vc_column][\/vc_row]<\/p>\n","protected":false},"excerpt":{"rendered":"<p>[vc_row full_width=&#8221;stretch_row&#8221; css=&#8221;.vc_custom_1689849226450{background-image: url(https:\/\/ettagoglobal.com\/wp-content\/uploads\/2023\/07\/Welcome-to-Poland.png?id=27426)&nbsp;!important;background-position: center&nbsp;!important;background-repeat: no-repeat&nbsp;!important;background-size: cover&nbsp;!important;}&#8221; el_class=&#8221;main-slide&#8221;][vc_column][vc_empty_space height=&#8221;100px&#8221;][vc_column_text] Unlock Poland: Wsp\u00f3\u0142praca z&nbsp;Polakami [\/vc_column_text][vc_empty_space height=&#8221;30px&#8221;][vc_column_text]Szkolenie mi\u0119dzykulturowe dla&nbsp;profesjonalist\u00f3w, ekspat\u00f3w i&nbsp;os\u00f3b relokuj\u0105cych &hellip; <\/p>\n","protected":false},"author":7,"featured_media":27429,"parent":29952,"menu_order":40,"comment_status":"closed","ping_status":"closed","template":"page-no-paddings.php","meta":{"_acf_changed":false,"footnotes":"","_links_to":"","_links_to_target":""},"class_list":["post-30034","page","type-page","status-publish","has-post-thumbnail","hentry"],"acf":[],"yoast_head":"<!-- This site is optimized with the Yoast SEO plugin v27.3 - https:\/\/yoast.com\/product\/yoast-seo-wordpress\/ -->\n<title>Unlock Poland - ETTA<\/title>\n<meta name=\"description\" content=\"Witaj w Polsce! Praca i \u017cycie w Polsce - otwarte warsztaty wirtualne dla zespo\u0142\u00f3w oraz globalnych lider\u00f3w mieszkaj\u0105cych w Polsce.\" \/>\n<meta name=\"robots\" content=\"index, follow, max-snippet:-1, max-image-preview:large, max-video-preview:-1\" \/>\n<link rel=\"canonical\" href=\"https:\/\/ettagoglobal.com\/pl\/kalendarz-szkolen\/unlock-poland\/\" \/>\n<meta property=\"og:locale\" content=\"pl_PL\" \/>\n<meta property=\"og:type\" content=\"article\" \/>\n<meta property=\"og:title\" content=\"Unlock Poland - ETTA\" \/>\n<meta property=\"og:description\" content=\"Witaj w Polsce! Praca i \u017cycie w Polsce - otwarte warsztaty wirtualne dla zespo\u0142\u00f3w oraz globalnych lider\u00f3w mieszkaj\u0105cych w Polsce.\" \/>\n<meta property=\"og:url\" content=\"https:\/\/ettagoglobal.com\/pl\/kalendarz-szkolen\/unlock-poland\/\" \/>\n<meta property=\"og:site_name\" content=\"ETTA\" \/>\n<meta property=\"article:modified_time\" content=\"2025-12-09T20:57:16+00:00\" \/>\n<meta property=\"og:image\" content=\"https:\/\/ettagoglobal.com\/wp-content\/uploads\/2023\/07\/Welcome-to-Poland_kwadrat-1024x1024.png\" \/>\n\t<meta property=\"og:image:width\" content=\"1024\" \/>\n\t<meta property=\"og:image:height\" content=\"1024\" \/>\n\t<meta property=\"og:image:type\" content=\"image\/png\" \/>\n<meta name=\"twitter:card\" content=\"summary_large_image\" \/>\n<meta name=\"twitter:label1\" content=\"Szacowany czas czytania\" \/>\n\t<meta name=\"twitter:data1\" content=\"3 minuty\" \/>\n<script type=\"application\/ld+json\" class=\"yoast-schema-graph\">{\"@context\":\"https:\\\/\\\/schema.org\",\"@graph\":[{\"@type\":\"WebPage\",\"@id\":\"https:\\\/\\\/ettagoglobal.com\\\/pl\\\/kalendarz-szkolen\\\/unlock-poland\\\/\",\"url\":\"https:\\\/\\\/ettagoglobal.com\\\/pl\\\/kalendarz-szkolen\\\/unlock-poland\\\/\",\"name\":\"Unlock Poland - ETTA\",\"isPartOf\":{\"@id\":\"https:\\\/\\\/ettagoglobal.com\\\/#website\"},\"primaryImageOfPage\":{\"@id\":\"https:\\\/\\\/ettagoglobal.com\\\/pl\\\/kalendarz-szkolen\\\/unlock-poland\\\/#primaryimage\"},\"image\":{\"@id\":\"https:\\\/\\\/ettagoglobal.com\\\/pl\\\/kalendarz-szkolen\\\/unlock-poland\\\/#primaryimage\"},\"thumbnailUrl\":\"https:\\\/\\\/ettagoglobal.com\\\/wp-content\\\/uploads\\\/2023\\\/07\\\/Welcome-to-Poland_kwadrat.png\",\"datePublished\":\"2025-07-24T15:24:21+00:00\",\"dateModified\":\"2025-12-09T20:57:16+00:00\",\"description\":\"Witaj w Polsce! Praca i \u017cycie w Polsce - otwarte warsztaty wirtualne dla zespo\u0142\u00f3w oraz globalnych lider\u00f3w mieszkaj\u0105cych w Polsce.\",\"breadcrumb\":{\"@id\":\"https:\\\/\\\/ettagoglobal.com\\\/pl\\\/kalendarz-szkolen\\\/unlock-poland\\\/#breadcrumb\"},\"inLanguage\":\"pl-PL\",\"potentialAction\":[{\"@type\":\"ReadAction\",\"target\":[\"https:\\\/\\\/ettagoglobal.com\\\/pl\\\/kalendarz-szkolen\\\/unlock-poland\\\/\"]}]},{\"@type\":\"ImageObject\",\"inLanguage\":\"pl-PL\",\"@id\":\"https:\\\/\\\/ettagoglobal.com\\\/pl\\\/kalendarz-szkolen\\\/unlock-poland\\\/#primaryimage\",\"url\":\"https:\\\/\\\/ettagoglobal.com\\\/wp-content\\\/uploads\\\/2023\\\/07\\\/Welcome-to-Poland_kwadrat.png\",\"contentUrl\":\"https:\\\/\\\/ettagoglobal.com\\\/wp-content\\\/uploads\\\/2023\\\/07\\\/Welcome-to-Poland_kwadrat.png\",\"width\":1080,\"height\":1080,\"caption\":\"Working and living in Poland\"},{\"@type\":\"BreadcrumbList\",\"@id\":\"https:\\\/\\\/ettagoglobal.com\\\/pl\\\/kalendarz-szkolen\\\/unlock-poland\\\/#breadcrumb\",\"itemListElement\":[{\"@type\":\"ListItem\",\"position\":1,\"name\":\"Strona g\u0142\u00f3wna\",\"item\":\"https:\\\/\\\/ettagoglobal.com\\\/pl\\\/home-2\\\/\"},{\"@type\":\"ListItem\",\"position\":2,\"name\":\"Kalendarz szkole\u0144\",\"item\":\"https:\\\/\\\/ettagoglobal.com\\\/pl\\\/kalendarz-szkolen\\\/\"},{\"@type\":\"ListItem\",\"position\":3,\"name\":\"Unlock Poland\"}]},{\"@type\":\"WebSite\",\"@id\":\"https:\\\/\\\/ettagoglobal.com\\\/#website\",\"url\":\"https:\\\/\\\/ettagoglobal.com\\\/\",\"name\":\"ETTA\",\"description\":\"Global Connections. Let&#039;s do it bETTA!\",\"potentialAction\":[{\"@type\":\"SearchAction\",\"target\":{\"@type\":\"EntryPoint\",\"urlTemplate\":\"https:\\\/\\\/ettagoglobal.com\\\/?s={search_term_string}\"},\"query-input\":{\"@type\":\"PropertyValueSpecification\",\"valueRequired\":true,\"valueName\":\"search_term_string\"}}],\"inLanguage\":\"pl-PL\"}]}<\/script>\n<!-- \/ Yoast SEO plugin. -->","yoast_head_json":{"title":"Unlock Poland - ETTA","description":"Witaj w Polsce! Praca i \u017cycie w Polsce - otwarte warsztaty wirtualne dla zespo\u0142\u00f3w oraz globalnych lider\u00f3w mieszkaj\u0105cych w Polsce.","robots":{"index":"index","follow":"follow","max-snippet":"max-snippet:-1","max-image-preview":"max-image-preview:large","max-video-preview":"max-video-preview:-1"},"canonical":"https:\/\/ettagoglobal.com\/pl\/kalendarz-szkolen\/unlock-poland\/","og_locale":"pl_PL","og_type":"article","og_title":"Unlock Poland - ETTA","og_description":"Witaj w Polsce! Praca i \u017cycie w Polsce - otwarte warsztaty wirtualne dla zespo\u0142\u00f3w oraz globalnych lider\u00f3w mieszkaj\u0105cych w Polsce.","og_url":"https:\/\/ettagoglobal.com\/pl\/kalendarz-szkolen\/unlock-poland\/","og_site_name":"ETTA","article_modified_time":"2025-12-09T20:57:16+00:00","og_image":[{"width":1024,"height":1024,"url":"https:\/\/ettagoglobal.com\/wp-content\/uploads\/2023\/07\/Welcome-to-Poland_kwadrat-1024x1024.png","type":"image\/png"}],"twitter_card":"summary_large_image","twitter_misc":{"Szacowany czas czytania":"3 minuty"},"schema":{"@context":"https:\/\/schema.org","@graph":[{"@type":"WebPage","@id":"https:\/\/ettagoglobal.com\/pl\/kalendarz-szkolen\/unlock-poland\/","url":"https:\/\/ettagoglobal.com\/pl\/kalendarz-szkolen\/unlock-poland\/","name":"Unlock Poland - ETTA","isPartOf":{"@id":"https:\/\/ettagoglobal.com\/#website"},"primaryImageOfPage":{"@id":"https:\/\/ettagoglobal.com\/pl\/kalendarz-szkolen\/unlock-poland\/#primaryimage"},"image":{"@id":"https:\/\/ettagoglobal.com\/pl\/kalendarz-szkolen\/unlock-poland\/#primaryimage"},"thumbnailUrl":"https:\/\/ettagoglobal.com\/wp-content\/uploads\/2023\/07\/Welcome-to-Poland_kwadrat.png","datePublished":"2025-07-24T15:24:21+00:00","dateModified":"2025-12-09T20:57:16+00:00","description":"Witaj w Polsce! Praca i \u017cycie w Polsce - otwarte warsztaty wirtualne dla zespo\u0142\u00f3w oraz globalnych lider\u00f3w mieszkaj\u0105cych w Polsce.","breadcrumb":{"@id":"https:\/\/ettagoglobal.com\/pl\/kalendarz-szkolen\/unlock-poland\/#breadcrumb"},"inLanguage":"pl-PL","potentialAction":[{"@type":"ReadAction","target":["https:\/\/ettagoglobal.com\/pl\/kalendarz-szkolen\/unlock-poland\/"]}]},{"@type":"ImageObject","inLanguage":"pl-PL","@id":"https:\/\/ettagoglobal.com\/pl\/kalendarz-szkolen\/unlock-poland\/#primaryimage","url":"https:\/\/ettagoglobal.com\/wp-content\/uploads\/2023\/07\/Welcome-to-Poland_kwadrat.png","contentUrl":"https:\/\/ettagoglobal.com\/wp-content\/uploads\/2023\/07\/Welcome-to-Poland_kwadrat.png","width":1080,"height":1080,"caption":"Working and living in Poland"},{"@type":"BreadcrumbList","@id":"https:\/\/ettagoglobal.com\/pl\/kalendarz-szkolen\/unlock-poland\/#breadcrumb","itemListElement":[{"@type":"ListItem","position":1,"name":"Strona g\u0142\u00f3wna","item":"https:\/\/ettagoglobal.com\/pl\/home-2\/"},{"@type":"ListItem","position":2,"name":"Kalendarz szkole\u0144","item":"https:\/\/ettagoglobal.com\/pl\/kalendarz-szkolen\/"},{"@type":"ListItem","position":3,"name":"Unlock Poland"}]},{"@type":"WebSite","@id":"https:\/\/ettagoglobal.com\/#website","url":"https:\/\/ettagoglobal.com\/","name":"ETTA","description":"Global Connections. Let&#039;s do it bETTA!","potentialAction":[{"@type":"SearchAction","target":{"@type":"EntryPoint","urlTemplate":"https:\/\/ettagoglobal.com\/?s={search_term_string}"},"query-input":{"@type":"PropertyValueSpecification","valueRequired":true,"valueName":"search_term_string"}}],"inLanguage":"pl-PL"}]}},"_links":{"self":[{"href":"https:\/\/ettagoglobal.com\/pl\/wp-json\/wp\/v2\/pages\/30034","targetHints":{"allow":["GET"]}}],"collection":[{"href":"https:\/\/ettagoglobal.com\/pl\/wp-json\/wp\/v2\/pages"}],"about":[{"href":"https:\/\/ettagoglobal.com\/pl\/wp-json\/wp\/v2\/types\/page"}],"author":[{"embeddable":true,"href":"https:\/\/ettagoglobal.com\/pl\/wp-json\/wp\/v2\/users\/7"}],"replies":[{"embeddable":true,"href":"https:\/\/ettagoglobal.com\/pl\/wp-json\/wp\/v2\/comments?post=30034"}],"version-history":[{"count":20,"href":"https:\/\/ettagoglobal.com\/pl\/wp-json\/wp\/v2\/pages\/30034\/revisions"}],"predecessor-version":[{"id":30534,"href":"https:\/\/ettagoglobal.com\/pl\/wp-json\/wp\/v2\/pages\/30034\/revisions\/30534"}],"up":[{"embeddable":true,"href":"https:\/\/ettagoglobal.com\/pl\/wp-json\/wp\/v2\/pages\/29952"}],"wp:featuredmedia":[{"embeddable":true,"href":"https:\/\/ettagoglobal.com\/pl\/wp-json\/wp\/v2\/media\/27429"}],"wp:attachment":[{"href":"https:\/\/ettagoglobal.com\/pl\/wp-json\/wp\/v2\/media?parent=30034"}],"curies":[{"name":"wp","href":"https:\/\/api.w.org\/{rel}","templated":true}]}}