{"id":29514,"date":"2024-05-17T12:58:16","date_gmt":"2024-05-17T12:58:16","guid":{"rendered":"https:\/\/ettagoglobal.com\/?page_id=29514"},"modified":"2024-12-27T20:07:52","modified_gmt":"2024-12-27T20:07:52","slug":"strategie-podejmowania-decyzji","status":"publish","type":"page","link":"https:\/\/ettagoglobal.com\/pl\/umiejetnosci-przyszlosci-warsztaty\/strategie-podejmowania-decyzji\/","title":{"rendered":"Strategie podejmowania decyzji"},"content":{"rendered":"<p>[vc_row full_width=&#8221;stretch_row&#8221; css=&#8221;.vc_custom_1715958192549{background-image: url(https:\/\/ettagoglobal.com\/wp-content\/uploads\/2023\/07\/Courageous-and-Assertive-Leader.png?id=27612)&nbsp;!important;background-position: center&nbsp;!important;background-repeat: no-repeat&nbsp;!important;background-size: cover&nbsp;!important;}&#8221; el_class=&#8221;main-slide&#8221;][vc_column width=&#8221;2\/3&#8243;][vc_empty_space height=&#8221;100px&#8221;][vc_column_text]<\/p>\n<h2>Umiej\u0119tno\u015bci przysz\u0142o\u015bci<\/h2>\n<h1>Strategie podejmowania decyzji<\/h1>\n<p>[\/vc_column_text][vc_empty_space height=&#8221;30px&#8221;][vc_column_text]Wzmocnij sw\u00f3j zesp\u00f3\u0142 umiej\u0119tno\u015bciami niezb\u0119dnymi do&nbsp;skutecznego podejmowania decyzji dzi\u0119ki naszym warsztatom. Program ten wyposa\u017ca uczestnik\u00f3w w&nbsp;strategie i&nbsp;narz\u0119dzia potrzebne do&nbsp;poruszania si\u0119 w&nbsp;z\u0142o\u017conych krajobrazach biznesowych i&nbsp;podejmowania \u015bwiadomych decyzji, kt\u00f3re nap\u0119dzaj\u0105 wzrost i&nbsp;konkurencyjno\u015b\u0107. Przekszta\u0142\u0107 swoj\u0105 organizacj\u0119, wyposa\u017caj\u0105c lider\u00f3w i&nbsp;pracownik\u00f3w w&nbsp;umiej\u0119tno\u015bci podejmowania strategicznych decyzji niezb\u0119dnych do&nbsp;poruszania si\u0119 w&nbsp;dzisiejszym dynamicznym \u015brodowisku biznesowym.[\/vc_column_text][vc_empty_space height=&#8221;100px&#8221;][\/vc_column][vc_column width=&#8221;1\/3&#8243;][\/vc_column][\/vc_row][vc_row el_class=&#8221;training-for&#8221;][vc_column][vc_empty_space height=&#8221;60px&#8221;][\/vc_column][vc_column width=&#8221;1\/3&#8243;][mnky_service icon_fontawesome=&#8221;fas fa-user-tie&#8221; title=&#8221;Dla kogo jest to szkolenie?&#8221; icon_color=&#8221;#993436&#8243;][\/mnky_service][vc_empty_space height=&#8221;30px&#8221;][\/vc_column][vc_column width=&#8221;1\/3&#8243; el_class=&#8221;center-column&#8221;][vc_column_text]Dla <strong>lider\u00f3w<\/strong>, <strong>mened\u017cer\u00f3w<\/strong> i&nbsp;<strong>pracownik\u00f3w<\/strong>, kt\u00f3rzy chc\u0105 poprawi\u0107 swoje kompetencje w&nbsp;zakresie podejmowania decyzji.\u200b[\/vc_column_text][\/vc_column][vc_column width=&#8221;1\/3&#8243; el_class=&#8221;contact-form&#8221;][vc_column_text]<div data-post-id=\"26139\" class=\"insert-page insert-page-26139 \"><p>[vc_row el_id=&#8221;skonsultuj-szkolenie&#8221;][vc_column][vc_column_text]<\/p>\n<h2>Skonsultuj szkolenie<\/h2>\n<p>[\/vc_column_text][vc_empty_space height=&#8221;30px&#8221;]\n<div class=\"wpcf7 no-js\" id=\"wpcf7-f1454-p26109-o1\" lang=\"pl-PL\" dir=\"ltr\" data-wpcf7-id=\"1454\">\n<div class=\"screen-reader-response\"><p role=\"status\" aria-live=\"polite\" aria-atomic=\"true\"><\/p> <ul><\/ul><\/div>\n<form action=\"\/pl\/wp-json\/wp\/v2\/pages\/29514#wpcf7-f1454-p26109-o1\" method=\"post\" class=\"wpcf7-form init\" aria-label=\"Formularz kontaktowy\" novalidate=\"novalidate\" data-status=\"init\">\n<fieldset class=\"hidden-fields-container\"><input type=\"hidden\" name=\"_wpcf7\" value=\"1454\" \/><input type=\"hidden\" name=\"_wpcf7_version\" value=\"6.1.5\" \/><input type=\"hidden\" name=\"_wpcf7_locale\" value=\"pl_PL\" \/><input type=\"hidden\" name=\"_wpcf7_unit_tag\" value=\"wpcf7-f1454-p26109-o1\" \/><input type=\"hidden\" name=\"_wpcf7_container_post\" value=\"26109\" \/><input type=\"hidden\" name=\"_wpcf7_posted_data_hash\" value=\"\" \/><input type=\"hidden\" name=\"_wpcf7_recaptcha_response\" value=\"\" \/>\n<\/fieldset>\n<div>\n\t<p><span class=\"wpcf7-form-control-wrap\" data-name=\"your-tel\"><input size=\"40\" maxlength=\"400\" class=\"wpcf7-form-control wpcf7-tel wpcf7-validates-as-required wpcf7-text wpcf7-validates-as-tel\" autocomplete=\"off\" aria-required=\"true\" aria-invalid=\"false\" placeholder=\"Numer telefonu\" value=\"\" type=\"tel\" name=\"your-tel\" \/><\/span>\n\t<\/p>\n<\/div>\n<div>\n\t<p><span class=\"wpcf7-form-control-wrap\" data-name=\"your-email\"><input size=\"40\" maxlength=\"400\" class=\"wpcf7-form-control wpcf7-email wpcf7-validates-as-required wpcf7-text wpcf7-validates-as-email\" autocomplete=\"off\" aria-required=\"true\" aria-invalid=\"false\" placeholder=\"Firmowy adres e-mail\" value=\"\" type=\"email\" name=\"your-email\" \/><\/span>\n\t<\/p>\n<\/div>\n<div>\n\t<p><span class=\"wpcf7-form-control-wrap\" data-name=\"your-subject\"><textarea cols=\"40\" rows=\"10\" maxlength=\"2000\" class=\"wpcf7-form-control wpcf7-textarea wpcf7-validates-as-required\" autocomplete=\"off\" aria-required=\"true\" aria-invalid=\"false\" placeholder=\"Temat rozmowy\" name=\"your-subject\"><\/textarea><\/span>\n\t<\/p>\n<\/div>\n<div>\n\t<p><span class=\"wpcf7-form-control-wrap\" data-name=\"acceptance-1\"><span class=\"wpcf7-form-control wpcf7-acceptance\"><span class=\"wpcf7-list-item\"><label><input type=\"checkbox\" name=\"acceptance-1\" value=\"1\" aria-invalid=\"false\" \/><span class=\"wpcf7-list-item-label\">Wyra\u017casz zgod\u0119 na kontakt telefoniczny w celu obs\u0142ugi niniejszego zg\u0142oszenia. Wyra\u017casz zgod\u0119 na otrzymywanie informacji handlowych \u015brodkami komunikacji elektronicznej wysy\u0142anymi przez www.ettagoglobal.com oraz na wykorzystanie komunikacji email w celach marketingowych <a href=\"https:\/\/ettagoglobal.com\/pl\/polityka-prywatnosci\/\" target=\"_blank\">(Polityka Prywatno\u015bci)<\/a>.<\/span><\/label><\/span><\/span><\/span>\n\t<\/p>\n<\/div>\n<div>\n\t<p><input class=\"wpcf7-form-control wpcf7-submit has-spinner\" type=\"submit\" value=\"Wy\u015blij\" \/>\n\t<\/p>\n<\/div>\n<div style=\"display:none;\">\n\t<p><span class=\"wpcf7-form-control-wrap\" data-name=\"page-url\"><input size=\"40\" maxlength=\"400\" class=\"wpcf7-form-control wpcf7-text\" aria-invalid=\"false\" value=\"https:\/\/www.ettagoglobal.com\/pl\/wp-json\/wp\/v2\/pages\/29514\" type=\"text\" name=\"page-url\" \/><\/span>\n\t<\/p>\n<\/div><div class=\"wpcf7-response-output\" aria-hidden=\"true\"><\/div>\n<\/form>\n<\/div>\n[\/vc_column][\/vc_row]<\/p>\n<\/div>[\/vc_column_text][\/vc_column][vc_column][vc_empty_space height=&#8221;60px&#8221;][\/vc_column][\/vc_row][vc_row full_width=&#8221;stretch_row&#8221; css=&#8221;.vc_custom_1647539472030{background-color: #f6f7f8&nbsp;!important;}&#8221;][vc_column][vc_empty_space height=&#8221;60px&#8221;][\/vc_column][vc_column width=&#8221;1\/3&#8243;][mnky_service icon_fontawesome=&#8221;fas fa-bullseye&#8221; title=&#8221;Czego nauczysz si\u0119 na&nbsp;wirtualnym warsztacie:&#8221; icon_color=&#8221;#993436&#8243;][\/mnky_service][vc_empty_space height=&#8221;30px&#8221;][\/vc_column][vc_column width=&#8221;2\/3&#8243;][vc_column_text]<\/p>\n<ul>\n<li>poznasz sprawdzone metodologie i&nbsp;ramy oceny opcji, ograniczania ryzyka i&nbsp;podejmowania strategicznych decyzji zgodnych z&nbsp;celami organizacyjnymi,<\/li>\n<li>zwi\u0119kszysz umiej\u0119tno\u015bci krytycznego my\u015blenia, aby&nbsp;analizowa\u0107 dane, przewidywa\u0107 konsekwencje i&nbsp;ocenia\u0107 potencjalny wp\u0142yw decyzji na&nbsp;interesariuszy i&nbsp;wyniki biznesowe,<\/li>\n<li>nauczysz si\u0119 wykorzystywa\u0107 dane i&nbsp;analizy do&nbsp;podejmowania decyzji, odkrywania trend\u00f3w i&nbsp;uzyskiwania praktycznych spostrze\u017ce\u0144, kt\u00f3re zwi\u0119kszaj\u0105 przewag\u0119 konkurencyjn\u0105.<\/li>\n<\/ul>\n<p>[\/vc_column_text][\/vc_column][vc_column][vc_empty_space height=&#8221;60px&#8221;][\/vc_column][vc_column][vc_column_text]<div data-post-id=\"25000\" class=\"insert-page insert-page-25000 \"><style type=\"text\/css\" data-type=\"vc_shortcodes-custom-css\">.vc_custom_1647539472030{background-color: #f6f7f8 !important;}<\/style><p>[vc_row full_width=&#8221;stretch_row&#8221; css=&#8221;.vc_custom_1647539472030{background-color: #f6f7f8&nbsp;!important;}&#8221;][vc_column width=&#8221;1\/3&#8243;][mnky_service icon_fontawesome=&#8221;fas fa-laptop&#8221; title=&#8221;Zalety wirtualnych warsztat\u00f3w&#8221; icon_color=&#8221;#993436&#8243;][\/mnky_service][vc_empty_space height=&#8221;30px&#8221;][\/vc_column][vc_column width=&#8221;2\/3&#8243;][vc_column_text]<\/p>\n<ul>\n<li>gwarancja <strong>interaktywnego uczestnictwa w&nbsp;szkoleniu<\/strong> z&nbsp;wykorzystaniem narz\u0119dzi anga\u017cowania uczestnik\u00f3w,<\/li>\n<li>p\u00f3\u0142dniowe warsztaty umo\u017cliwiaj\u0105 <strong>elastyczn\u0105 organizacj\u0119 dnia pracy,<\/strong><\/li>\n<li><strong>budowanie relacji<\/strong> ze zdalnymi wsp\u00f3\u0142pracownikami poprzez wsp\u00f3lne uczestnictwo w&nbsp;szkoleniu,<\/li>\n<li>mo\u017cliwo\u015b\u0107 uczestniczenia w&nbsp;warsztacie <strong>z&nbsp;dowolnego miejsca<\/strong>, wystarczy dost\u0119p do&nbsp;komputera.<\/li>\n<\/ul>\n<p>[\/vc_column_text][\/vc_column][\/vc_row]<\/p>\n<\/div>[\/vc_column_text][\/vc_column][vc_column][vc_empty_space height=&#8221;60px&#8221;][vc_separator color=&#8221;black&#8221;][vc_empty_space height=&#8221;60px&#8221;][\/vc_column][\/vc_row][vc_row full_width=&#8221;stretch_row&#8221; css=&#8221;.vc_custom_1646653466361{background-color: #f6f7f8&nbsp;!important;}&#8221;][vc_column][vc_column_text]<\/p>\n<h2>Program wirtualnych warsztat\u00f3w<\/h2>\n<p>[\/vc_column_text][vc_empty_space height=&#8221;30px&#8221;][\/vc_column][\/vc_row][vc_row full_width=&#8221;stretch_row&#8221; gap=&#8221;35&#8243; equal_height=&#8221;yes&#8221; el_class=&#8221;training-parts&#8221; css=&#8221;.vc_custom_1647354153948{background-color: #f6f7f8&nbsp;!important;}&#8221;][vc_column width=&#8221;1\/2&#8243; el_class=&#8221;section&#8221;][vc_empty_space height=&#8221;30px&#8221;][vc_column_text]<\/p>\n<h3 style=\"text-align: center;\">Modu\u0142 I<\/h3>\n<h4 style=\"text-align: center;\">Fundamenty podejmowania decyzji<\/h4>\n<ul>\n<li data-aria-posinset=\"1\" data-aria-level=\"1\">Czym jest strategia podejmowania decyzji? Dlaczego b\u0119dzie to umiej\u0119tno\u015b\u0107 przysz\u0142o\u015bci?<\/li>\n<li data-aria-posinset=\"1\" data-aria-level=\"1\">Rodzaje decyzji &#8211; czy&nbsp;rutyny s\u0105 decyzjami? Czym s\u0105 decyzje strategiczne lub&nbsp;kryzysowe?<\/li>\n<li data-aria-posinset=\"1\" data-aria-level=\"1\">Jak zdefiniowa\u0107 kryteria podejmowania decyzji?<\/li>\n<li data-aria-posinset=\"1\" data-aria-level=\"1\">Narz\u0119dzia wspieraj\u0105ce proces podejmowania decyzji<\/li>\n<li data-aria-posinset=\"1\" data-aria-level=\"1\">Studium przypadku &#8211; praktyczne wykorzystanie narz\u0119dzi<\/li>\n<li data-aria-posinset=\"1\" data-aria-level=\"1\">Prowadzenie zespo\u0142u przez&nbsp;proces decyzyjny\u200b\u200b<\/li>\n<\/ul>\n<p>[\/vc_column_text][vc_empty_space height=&#8221;30px&#8221;][\/vc_column][vc_column width=&#8221;1\/2&#8243; el_class=&#8221;section&#8221;][vc_empty_space height=&#8221;30px&#8221;][vc_column_text]<\/p>\n<h3 style=\"text-align: center;\">Modu\u0142 II<\/h3>\n<h4 style=\"text-align: center;\">Umiej\u0119tno\u015b\u0107 podejmowania decyzji<\/h4>\n<p>&nbsp;<\/p>\n<ul>\n<li>Czy&nbsp;mo\u017cemy my\u015ble\u0107 o&nbsp;alternatywach? Co zrobi\u0107, gdy pojawi\u0105 si\u0119 inne pomys\u0142y?<\/li>\n<li>Ocena ryzyka &#8211; co jest uwa\u017cane za&nbsp;ryzyko i&nbsp;czy istniej\u0105 r\u00f3\u017cne rodzaje ryzyka?<\/li>\n<li>Drzewo decyzyjne &#8211; jak mo\u017cemy przygotowa\u0107 si\u0119 na&nbsp;r\u00f3\u017cne scenariusze?<\/li>\n<li>Co mo\u017ce p\u00f3j\u015b\u0107 nie tak &#8211; przezwyci\u0119\u017canie uprzedze\u0144 i&nbsp;pu\u0142apek podczas procesu podejmowania decyzji<\/li>\n<li>Jak wdro\u017cy\u0107, monitorowa\u0107 i&nbsp;oceni\u0107, czy&nbsp;nasza decyzja by\u0142a dobra?<\/li>\n<li>Ci\u0105g\u0142e doskonalenie jako przysz\u0142a umiej\u0119tno\u015b\u0107 wa\u017cna w&nbsp;procesie podejmowania decyzji<\/li>\n<\/ul>\n<p>[\/vc_column_text][vc_empty_space height=&#8221;30px&#8221;][\/vc_column][\/vc_row][vc_row][vc_column][vc_column_text]<div data-post-id=\"24996\" class=\"insert-page insert-page-24996 \"><p>[vc_row full_width=&#8221;stretch_row&#8221;][vc_column][vc_empty_space height=&#8221;60px&#8221;][vc_column_text]<\/p>\n<h2>Harmonogram wirtualnych warsztat\u00f3w<\/h2>\n<p>[\/vc_column_text][vc_empty_space height=&#8221;60px&#8221;][\/vc_column][\/vc_row][vc_row][vc_column width=&#8221;1\/4&#8243;][mnky_service icon_fontawesome=&#8221;fas fa-sign-in-alt&#8221; title=&#8221;Diagnoza i&nbsp;prework&#8221; icon_color=&#8221;#993436&#8243;][\/mnky_service][vc_empty_space height=&#8221;30px&#8221;][\/vc_column][vc_column width=&#8221;3\/4&#8243;][vc_column_text]<\/p>\n<ul>\n<li style=\"font-weight: 400;\" aria-level=\"1\"><span style=\"font-weight: 400;\"><strong>wywiad<\/strong> ze sponsorem projektu<\/span><\/li>\n<li style=\"font-weight: 400;\" aria-level=\"1\"><span style=\"font-weight: 400;\">diagnoza potrzeb uczestniczek i&nbsp;uczestnik\u00f3w (<strong>ankieta i&nbsp;rozmowy<\/strong>)<\/span><\/li>\n<li style=\"font-weight: 400;\" aria-level=\"1\"><span style=\"font-weight: 400;\"><strong>prework<\/strong> dla&nbsp;uczestniczek i&nbsp;uczestnik\u00f3w (materia\u0142 do&nbsp;obejrzenia, przeczytania, przes\u0142uchania)<\/span><\/li>\n<\/ul>\n<p>[\/vc_column_text][\/vc_column][\/vc_row][vc_row][vc_column][vc_empty_space height=&#8221;60px&#8221;][\/vc_column][\/vc_row][vc_row][vc_column width=&#8221;1\/4&#8243;][mnky_service icon_fontawesome=&#8221;fas fa-chalkboard-teacher&#8221; title=&#8221;Wirtualne warsztaty&#8221; icon_color=&#8221;#993436&#8243;][\/mnky_service][vc_empty_space height=&#8221;30px&#8221;][\/vc_column][vc_column width=&#8221;3\/4&#8243;][vc_column_text]<\/p>\n<ul>\n<li>czas trwania szkolenia: <strong>2 warsztaty po&nbsp;3,5 h<\/strong><\/li>\n<li><strong>interaktywne metody pracy:<\/strong> dyskusje, czat, wirtualne tablice, ankiety, filmiki, case study, praca w&nbsp;podgrupach, narz\u0119dzia zewn\u0119trzne (Mentimeter, Miro, Funretro)<\/li>\n<li>wielko\u015b\u0107 grupy: <strong>do&nbsp;12 os\u00f3b<\/strong><\/li>\n<\/ul>\n<p>[\/vc_column_text][\/vc_column][\/vc_row][vc_row][vc_column][vc_empty_space height=&#8221;60px&#8221;][\/vc_column][\/vc_row][vc_row][vc_column width=&#8221;1\/4&#8243;][mnky_service icon_fontawesome=&#8221;fas fa-paper-plane&#8221; title=&#8221;Podsumowanie i&nbsp;follow up&#8221; icon_color=&#8221;#993436&#8243;][\/mnky_service][vc_empty_space height=&#8221;30px&#8221;][\/vc_column][vc_column width=&#8221;3\/4&#8243;][vc_column_text]<\/p>\n<ul>\n<li style=\"font-weight: 400;\" aria-level=\"1\"><span style=\"font-weight: 400;\"><strong>materia\u0142y szkoleniowe<\/strong> dla&nbsp;uczestniczek i&nbsp;uczestnik\u00f3w<\/span><\/li>\n<li style=\"font-weight: 400;\" aria-level=\"1\"><span style=\"font-weight: 400;\">dost\u0119p do&nbsp;<strong>bazy wiedzy ETTA<\/strong><\/span><\/li>\n<li style=\"font-weight: 400;\" aria-level=\"1\"><span style=\"font-weight: 400;\"><strong>rozmowa podsumowuj\u0105ca<\/strong> ze sponsorem projektu<\/span><\/li>\n<\/ul>\n<p>[\/vc_column_text][\/vc_column][\/vc_row][vc_row][vc_column][vc_empty_space height=&#8221;60px&#8221;][\/vc_column][\/vc_row][vc_row full_width=&#8221;stretch_row&#8221;][vc_column][vc_empty_space height=&#8221;30px&#8221;][vc_column_text el_class=&#8221;button cta&#8221;]<\/p>\n<p style=\"text-align: center;\"><a class=\"ps2id\" href=\"#skonsultuj-szkolenie\">Skonsultuj szkolenie<\/a><\/p>\n<p>[\/vc_column_text][vc_empty_space height=&#8221;60px&#8221;][\/vc_column][\/vc_row]<\/p>\n<\/div>[\/vc_column_text][\/vc_column][\/vc_row]<\/p>\n","protected":false},"excerpt":{"rendered":"<p>[vc_row full_width=&#8221;stretch_row&#8221; css=&#8221;.vc_custom_1715958192549{background-image: url(https:\/\/ettagoglobal.com\/wp-content\/uploads\/2023\/07\/Courageous-and-Assertive-Leader.png?id=27612)&nbsp;!important;background-position: center&nbsp;!important;background-repeat: no-repeat&nbsp;!important;background-size: cover&nbsp;!important;}&#8221; el_class=&#8221;main-slide&#8221;][vc_column width=&#8221;2\/3&#8243;][vc_empty_space height=&#8221;100px&#8221;][vc_column_text] Umiej\u0119tno\u015bci przysz\u0142o\u015bci Strategie podejmowania decyzji [\/vc_column_text][vc_empty_space height=&#8221;30px&#8221;][vc_column_text]Wzmocnij sw\u00f3j zesp\u00f3\u0142 umiej\u0119tno\u015bciami &hellip; <\/p>\n","protected":false},"author":7,"featured_media":27577,"parent":29249,"menu_order":26,"comment_status":"closed","ping_status":"closed","template":"page-no-paddings.php","meta":{"_acf_changed":false,"footnotes":"","_links_to":"","_links_to_target":""},"class_list":["post-29514","page","type-page","status-publish","has-post-thumbnail","hentry"],"acf":[],"yoast_head":"<!-- This site is optimized with the Yoast SEO plugin v27.3 - https:\/\/yoast.com\/product\/yoast-seo-wordpress\/ -->\n<title>Strategie podejmowania decyzji - ETTA<\/title>\n<meta name=\"description\" content=\"Naucz si\u0119 kompetencji przysz\u0142o\u015bci: r\u00f3\u017cnych strategii podejmowania decyzji. We\u017a udzia\u0142 w wirtualnych warszatach z etta.\" \/>\n<meta name=\"robots\" content=\"index, follow, max-snippet:-1, max-image-preview:large, max-video-preview:-1\" \/>\n<link rel=\"canonical\" href=\"https:\/\/ettagoglobal.com\/pl\/umiejetnosci-przyszlosci-warsztaty\/strategie-podejmowania-decyzji\/\" \/>\n<meta property=\"og:locale\" content=\"pl_PL\" \/>\n<meta property=\"og:type\" content=\"article\" \/>\n<meta property=\"og:title\" content=\"Strategie podejmowania decyzji - ETTA\" \/>\n<meta property=\"og:description\" content=\"Naucz si\u0119 kompetencji przysz\u0142o\u015bci: r\u00f3\u017cnych strategii podejmowania decyzji. We\u017a udzia\u0142 w wirtualnych warszatach z etta.\" \/>\n<meta property=\"og:url\" content=\"https:\/\/ettagoglobal.com\/pl\/umiejetnosci-przyszlosci-warsztaty\/strategie-podejmowania-decyzji\/\" \/>\n<meta property=\"og:site_name\" content=\"ETTA\" \/>\n<meta property=\"article:modified_time\" content=\"2024-12-27T20:07:52+00:00\" \/>\n<meta property=\"og:image\" content=\"https:\/\/ettagoglobal.com\/wp-content\/uploads\/2023\/07\/Courageous-and-Assertive-Leader_kwadrat.png\" \/>\n\t<meta property=\"og:image:width\" content=\"1080\" \/>\n\t<meta property=\"og:image:height\" content=\"1080\" \/>\n\t<meta property=\"og:image:type\" content=\"image\/png\" \/>\n<meta name=\"twitter:card\" content=\"summary_large_image\" \/>\n<meta name=\"twitter:label1\" content=\"Szacowany czas czytania\" \/>\n\t<meta name=\"twitter:data1\" content=\"2 minuty\" \/>\n<script type=\"application\/ld+json\" class=\"yoast-schema-graph\">{\"@context\":\"https:\\\/\\\/schema.org\",\"@graph\":[{\"@type\":\"WebPage\",\"@id\":\"https:\\\/\\\/ettagoglobal.com\\\/pl\\\/umiejetnosci-przyszlosci-warsztaty\\\/strategie-podejmowania-decyzji\\\/\",\"url\":\"https:\\\/\\\/ettagoglobal.com\\\/pl\\\/umiejetnosci-przyszlosci-warsztaty\\\/strategie-podejmowania-decyzji\\\/\",\"name\":\"Strategie podejmowania decyzji - ETTA\",\"isPartOf\":{\"@id\":\"https:\\\/\\\/ettagoglobal.com\\\/#website\"},\"primaryImageOfPage\":{\"@id\":\"https:\\\/\\\/ettagoglobal.com\\\/pl\\\/umiejetnosci-przyszlosci-warsztaty\\\/strategie-podejmowania-decyzji\\\/#primaryimage\"},\"image\":{\"@id\":\"https:\\\/\\\/ettagoglobal.com\\\/pl\\\/umiejetnosci-przyszlosci-warsztaty\\\/strategie-podejmowania-decyzji\\\/#primaryimage\"},\"thumbnailUrl\":\"https:\\\/\\\/ettagoglobal.com\\\/wp-content\\\/uploads\\\/2023\\\/07\\\/Courageous-and-Assertive-Leader_kwadrat.png\",\"datePublished\":\"2024-05-17T12:58:16+00:00\",\"dateModified\":\"2024-12-27T20:07:52+00:00\",\"description\":\"Naucz si\u0119 kompetencji przysz\u0142o\u015bci: r\u00f3\u017cnych strategii podejmowania decyzji. We\u017a udzia\u0142 w wirtualnych warszatach z etta.\",\"breadcrumb\":{\"@id\":\"https:\\\/\\\/ettagoglobal.com\\\/pl\\\/umiejetnosci-przyszlosci-warsztaty\\\/strategie-podejmowania-decyzji\\\/#breadcrumb\"},\"inLanguage\":\"pl-PL\",\"potentialAction\":[{\"@type\":\"ReadAction\",\"target\":[\"https:\\\/\\\/ettagoglobal.com\\\/pl\\\/umiejetnosci-przyszlosci-warsztaty\\\/strategie-podejmowania-decyzji\\\/\"]}]},{\"@type\":\"ImageObject\",\"inLanguage\":\"pl-PL\",\"@id\":\"https:\\\/\\\/ettagoglobal.com\\\/pl\\\/umiejetnosci-przyszlosci-warsztaty\\\/strategie-podejmowania-decyzji\\\/#primaryimage\",\"url\":\"https:\\\/\\\/ettagoglobal.com\\\/wp-content\\\/uploads\\\/2023\\\/07\\\/Courageous-and-Assertive-Leader_kwadrat.png\",\"contentUrl\":\"https:\\\/\\\/ettagoglobal.com\\\/wp-content\\\/uploads\\\/2023\\\/07\\\/Courageous-and-Assertive-Leader_kwadrat.png\",\"width\":1080,\"height\":1080},{\"@type\":\"BreadcrumbList\",\"@id\":\"https:\\\/\\\/ettagoglobal.com\\\/pl\\\/umiejetnosci-przyszlosci-warsztaty\\\/strategie-podejmowania-decyzji\\\/#breadcrumb\",\"itemListElement\":[{\"@type\":\"ListItem\",\"position\":1,\"name\":\"Strona g\u0142\u00f3wna\",\"item\":\"https:\\\/\\\/ettagoglobal.com\\\/pl\\\/home-2\\\/\"},{\"@type\":\"ListItem\",\"position\":2,\"name\":\"Umiej\u0119tno\u015bci przysz\u0142o\u015bci Warsztaty\",\"item\":\"https:\\\/\\\/ettagoglobal.com\\\/pl\\\/umiejetnosci-przyszlosci-warsztaty\\\/\"},{\"@type\":\"ListItem\",\"position\":3,\"name\":\"Strategie podejmowania decyzji\"}]},{\"@type\":\"WebSite\",\"@id\":\"https:\\\/\\\/ettagoglobal.com\\\/#website\",\"url\":\"https:\\\/\\\/ettagoglobal.com\\\/\",\"name\":\"ETTA\",\"description\":\"Global Connections. Let&#039;s do it bETTA!\",\"potentialAction\":[{\"@type\":\"SearchAction\",\"target\":{\"@type\":\"EntryPoint\",\"urlTemplate\":\"https:\\\/\\\/ettagoglobal.com\\\/?s={search_term_string}\"},\"query-input\":{\"@type\":\"PropertyValueSpecification\",\"valueRequired\":true,\"valueName\":\"search_term_string\"}}],\"inLanguage\":\"pl-PL\"}]}<\/script>\n<!-- \/ Yoast SEO plugin. -->","yoast_head_json":{"title":"Strategie podejmowania decyzji - ETTA","description":"Naucz si\u0119 kompetencji przysz\u0142o\u015bci: r\u00f3\u017cnych strategii podejmowania decyzji. We\u017a udzia\u0142 w wirtualnych warszatach z etta.","robots":{"index":"index","follow":"follow","max-snippet":"max-snippet:-1","max-image-preview":"max-image-preview:large","max-video-preview":"max-video-preview:-1"},"canonical":"https:\/\/ettagoglobal.com\/pl\/umiejetnosci-przyszlosci-warsztaty\/strategie-podejmowania-decyzji\/","og_locale":"pl_PL","og_type":"article","og_title":"Strategie podejmowania decyzji - ETTA","og_description":"Naucz si\u0119 kompetencji przysz\u0142o\u015bci: r\u00f3\u017cnych strategii podejmowania decyzji. We\u017a udzia\u0142 w wirtualnych warszatach z etta.","og_url":"https:\/\/ettagoglobal.com\/pl\/umiejetnosci-przyszlosci-warsztaty\/strategie-podejmowania-decyzji\/","og_site_name":"ETTA","article_modified_time":"2024-12-27T20:07:52+00:00","og_image":[{"width":1080,"height":1080,"url":"https:\/\/ettagoglobal.com\/wp-content\/uploads\/2023\/07\/Courageous-and-Assertive-Leader_kwadrat.png","type":"image\/png"}],"twitter_card":"summary_large_image","twitter_misc":{"Szacowany czas czytania":"2 minuty"},"schema":{"@context":"https:\/\/schema.org","@graph":[{"@type":"WebPage","@id":"https:\/\/ettagoglobal.com\/pl\/umiejetnosci-przyszlosci-warsztaty\/strategie-podejmowania-decyzji\/","url":"https:\/\/ettagoglobal.com\/pl\/umiejetnosci-przyszlosci-warsztaty\/strategie-podejmowania-decyzji\/","name":"Strategie podejmowania decyzji - ETTA","isPartOf":{"@id":"https:\/\/ettagoglobal.com\/#website"},"primaryImageOfPage":{"@id":"https:\/\/ettagoglobal.com\/pl\/umiejetnosci-przyszlosci-warsztaty\/strategie-podejmowania-decyzji\/#primaryimage"},"image":{"@id":"https:\/\/ettagoglobal.com\/pl\/umiejetnosci-przyszlosci-warsztaty\/strategie-podejmowania-decyzji\/#primaryimage"},"thumbnailUrl":"https:\/\/ettagoglobal.com\/wp-content\/uploads\/2023\/07\/Courageous-and-Assertive-Leader_kwadrat.png","datePublished":"2024-05-17T12:58:16+00:00","dateModified":"2024-12-27T20:07:52+00:00","description":"Naucz si\u0119 kompetencji przysz\u0142o\u015bci: r\u00f3\u017cnych strategii podejmowania decyzji. We\u017a udzia\u0142 w wirtualnych warszatach z etta.","breadcrumb":{"@id":"https:\/\/ettagoglobal.com\/pl\/umiejetnosci-przyszlosci-warsztaty\/strategie-podejmowania-decyzji\/#breadcrumb"},"inLanguage":"pl-PL","potentialAction":[{"@type":"ReadAction","target":["https:\/\/ettagoglobal.com\/pl\/umiejetnosci-przyszlosci-warsztaty\/strategie-podejmowania-decyzji\/"]}]},{"@type":"ImageObject","inLanguage":"pl-PL","@id":"https:\/\/ettagoglobal.com\/pl\/umiejetnosci-przyszlosci-warsztaty\/strategie-podejmowania-decyzji\/#primaryimage","url":"https:\/\/ettagoglobal.com\/wp-content\/uploads\/2023\/07\/Courageous-and-Assertive-Leader_kwadrat.png","contentUrl":"https:\/\/ettagoglobal.com\/wp-content\/uploads\/2023\/07\/Courageous-and-Assertive-Leader_kwadrat.png","width":1080,"height":1080},{"@type":"BreadcrumbList","@id":"https:\/\/ettagoglobal.com\/pl\/umiejetnosci-przyszlosci-warsztaty\/strategie-podejmowania-decyzji\/#breadcrumb","itemListElement":[{"@type":"ListItem","position":1,"name":"Strona g\u0142\u00f3wna","item":"https:\/\/ettagoglobal.com\/pl\/home-2\/"},{"@type":"ListItem","position":2,"name":"Umiej\u0119tno\u015bci przysz\u0142o\u015bci Warsztaty","item":"https:\/\/ettagoglobal.com\/pl\/umiejetnosci-przyszlosci-warsztaty\/"},{"@type":"ListItem","position":3,"name":"Strategie podejmowania decyzji"}]},{"@type":"WebSite","@id":"https:\/\/ettagoglobal.com\/#website","url":"https:\/\/ettagoglobal.com\/","name":"ETTA","description":"Global Connections. Let&#039;s do it bETTA!","potentialAction":[{"@type":"SearchAction","target":{"@type":"EntryPoint","urlTemplate":"https:\/\/ettagoglobal.com\/?s={search_term_string}"},"query-input":{"@type":"PropertyValueSpecification","valueRequired":true,"valueName":"search_term_string"}}],"inLanguage":"pl-PL"}]}},"_links":{"self":[{"href":"https:\/\/ettagoglobal.com\/pl\/wp-json\/wp\/v2\/pages\/29514","targetHints":{"allow":["GET"]}}],"collection":[{"href":"https:\/\/ettagoglobal.com\/pl\/wp-json\/wp\/v2\/pages"}],"about":[{"href":"https:\/\/ettagoglobal.com\/pl\/wp-json\/wp\/v2\/types\/page"}],"author":[{"embeddable":true,"href":"https:\/\/ettagoglobal.com\/pl\/wp-json\/wp\/v2\/users\/7"}],"replies":[{"embeddable":true,"href":"https:\/\/ettagoglobal.com\/pl\/wp-json\/wp\/v2\/comments?post=29514"}],"version-history":[{"count":1,"href":"https:\/\/ettagoglobal.com\/pl\/wp-json\/wp\/v2\/pages\/29514\/revisions"}],"predecessor-version":[{"id":29520,"href":"https:\/\/ettagoglobal.com\/pl\/wp-json\/wp\/v2\/pages\/29514\/revisions\/29520"}],"up":[{"embeddable":true,"href":"https:\/\/ettagoglobal.com\/pl\/wp-json\/wp\/v2\/pages\/29249"}],"wp:featuredmedia":[{"embeddable":true,"href":"https:\/\/ettagoglobal.com\/pl\/wp-json\/wp\/v2\/media\/27577"}],"wp:attachment":[{"href":"https:\/\/ettagoglobal.com\/pl\/wp-json\/wp\/v2\/media?parent=29514"}],"curies":[{"name":"wp","href":"https:\/\/api.w.org\/{rel}","templated":true}]}}