{"id":29446,"date":"2024-06-24T17:29:21","date_gmt":"2024-06-24T17:29:21","guid":{"rendered":"https:\/\/ettagoglobal.com\/?page_id=29446"},"modified":"2024-12-18T21:26:16","modified_gmt":"2024-12-18T21:26:16","slug":"bezpieczenstwo-psychologiczne","status":"publish","type":"page","link":"https:\/\/ettagoglobal.com\/pl\/roznorodnosc-i-wlaczenie-warsztaty\/bezpieczenstwo-psychologiczne\/","title":{"rendered":"Bezpiecze\u0144stwo psychologiczne"},"content":{"rendered":"<p>[vc_row full_width=&#8221;stretch_row&#8221; css=&#8221;.vc_custom_1719487435253{background-image: url(https:\/\/ettagoglobal.com\/wp-content\/uploads\/2023\/07\/Psychological-Safety-in-Hybrid-Workspace.png?id=27744)&nbsp;!important;background-position: center&nbsp;!important;background-repeat: no-repeat&nbsp;!important;background-size: cover&nbsp;!important;}&#8221; el_class=&#8221;main-slide&#8221;][vc_column width=&#8221;2\/3&#8243;][vc_empty_space height=&#8221;100px&#8221;][vc_column_text]<\/p>\n<h2>Diversity, Equity &amp; Inclusion<\/h2>\n<h1>Bezpiecze\u0144stwo psychologiczne<\/h1>\n<p>[\/vc_column_text][vc_empty_space height=&#8221;30px&#8221;][vc_column_text]<span style=\"font-weight: 400;\">Feeling psychologically safe is one of the basic needs in teams. The ability to be yourself, to express your opinions without fear of being ridiculed or humiliated, is an example of what a&nbsp;healthy workplace should look like. This is a&nbsp;very important area that every conscious leader should take a&nbsp;closer look at. We can help you do&nbsp;that as ETTA!<\/span>[\/vc_column_text][vc_empty_space height=&#8221;100px&#8221;][\/vc_column][vc_column width=&#8221;1\/3&#8243;][\/vc_column][\/vc_row][vc_row el_class=&#8221;training-for&#8221;][vc_column][vc_empty_space height=&#8221;60px&#8221;][\/vc_column][vc_column width=&#8221;1\/3&#8243;][mnky_service icon_fontawesome=&#8221;fas fa-user-tie&#8221; title=&#8221;Dla kogo jest to szkolenie?&#8221; icon_color=&#8221;#993436&#8243;][\/mnky_service][vc_empty_space height=&#8221;30px&#8221;][\/vc_column][vc_column width=&#8221;1\/3&#8243; el_class=&#8221;center-column&#8221;][vc_column_text]Dla <strong>lider\u00f3w<\/strong> i&nbsp;<strong>mened\u017cer\u00f3w<\/strong>, kt\u00f3rzy pracuj\u0105 z&nbsp;zespo\u0142ami wirtualnymi lub&nbsp;hybrydowymi i&nbsp;chc\u0105 rozwija\u0107 swoje bezpiecze\u0144stwo psychologiczne.[\/vc_column_text][\/vc_column][vc_column width=&#8221;1\/3&#8243; el_class=&#8221;contact-form&#8221;][vc_column_text]<div data-post-id=\"26139\" class=\"insert-page insert-page-26139 \"><p>[vc_row el_id=&#8221;skonsultuj-szkolenie&#8221;][vc_column][vc_column_text]<\/p>\n<h2>Skonsultuj szkolenie<\/h2>\n<p>[\/vc_column_text][vc_empty_space height=&#8221;30px&#8221;]\n<div class=\"wpcf7 no-js\" id=\"wpcf7-f1454-p26109-o1\" lang=\"pl-PL\" dir=\"ltr\" data-wpcf7-id=\"1454\">\n<div class=\"screen-reader-response\"><p role=\"status\" aria-live=\"polite\" aria-atomic=\"true\"><\/p> <ul><\/ul><\/div>\n<form action=\"\/pl\/wp-json\/wp\/v2\/pages\/29446#wpcf7-f1454-p26109-o1\" method=\"post\" class=\"wpcf7-form init\" aria-label=\"Formularz kontaktowy\" novalidate=\"novalidate\" data-status=\"init\">\n<fieldset class=\"hidden-fields-container\"><input type=\"hidden\" name=\"_wpcf7\" value=\"1454\" \/><input type=\"hidden\" name=\"_wpcf7_version\" value=\"6.1.5\" \/><input type=\"hidden\" name=\"_wpcf7_locale\" value=\"pl_PL\" \/><input type=\"hidden\" name=\"_wpcf7_unit_tag\" value=\"wpcf7-f1454-p26109-o1\" \/><input type=\"hidden\" name=\"_wpcf7_container_post\" value=\"26109\" \/><input type=\"hidden\" name=\"_wpcf7_posted_data_hash\" value=\"\" \/><input type=\"hidden\" name=\"_wpcf7_recaptcha_response\" value=\"\" \/>\n<\/fieldset>\n<div>\n\t<p><span class=\"wpcf7-form-control-wrap\" data-name=\"your-tel\"><input size=\"40\" maxlength=\"400\" class=\"wpcf7-form-control wpcf7-tel wpcf7-validates-as-required wpcf7-text wpcf7-validates-as-tel\" autocomplete=\"off\" aria-required=\"true\" aria-invalid=\"false\" placeholder=\"Numer telefonu\" value=\"\" type=\"tel\" name=\"your-tel\" \/><\/span>\n\t<\/p>\n<\/div>\n<div>\n\t<p><span class=\"wpcf7-form-control-wrap\" data-name=\"your-email\"><input size=\"40\" maxlength=\"400\" class=\"wpcf7-form-control wpcf7-email wpcf7-validates-as-required wpcf7-text wpcf7-validates-as-email\" autocomplete=\"off\" aria-required=\"true\" aria-invalid=\"false\" placeholder=\"Firmowy adres e-mail\" value=\"\" type=\"email\" name=\"your-email\" \/><\/span>\n\t<\/p>\n<\/div>\n<div>\n\t<p><span class=\"wpcf7-form-control-wrap\" data-name=\"your-subject\"><textarea cols=\"40\" rows=\"10\" maxlength=\"2000\" class=\"wpcf7-form-control wpcf7-textarea wpcf7-validates-as-required\" autocomplete=\"off\" aria-required=\"true\" aria-invalid=\"false\" placeholder=\"Temat rozmowy\" name=\"your-subject\"><\/textarea><\/span>\n\t<\/p>\n<\/div>\n<div>\n\t<p><span class=\"wpcf7-form-control-wrap\" data-name=\"acceptance-1\"><span class=\"wpcf7-form-control wpcf7-acceptance\"><span class=\"wpcf7-list-item\"><label><input type=\"checkbox\" name=\"acceptance-1\" value=\"1\" aria-invalid=\"false\" \/><span class=\"wpcf7-list-item-label\">Wyra\u017casz zgod\u0119 na kontakt telefoniczny w celu obs\u0142ugi niniejszego zg\u0142oszenia. Wyra\u017casz zgod\u0119 na otrzymywanie informacji handlowych \u015brodkami komunikacji elektronicznej wysy\u0142anymi przez www.ettagoglobal.com oraz na wykorzystanie komunikacji email w celach marketingowych <a href=\"https:\/\/ettagoglobal.com\/pl\/polityka-prywatnosci\/\" target=\"_blank\">(Polityka Prywatno\u015bci)<\/a>.<\/span><\/label><\/span><\/span><\/span>\n\t<\/p>\n<\/div>\n<div>\n\t<p><input class=\"wpcf7-form-control wpcf7-submit has-spinner\" type=\"submit\" value=\"Wy\u015blij\" \/>\n\t<\/p>\n<\/div>\n<div style=\"display:none;\">\n\t<p><span class=\"wpcf7-form-control-wrap\" data-name=\"page-url\"><input size=\"40\" maxlength=\"400\" class=\"wpcf7-form-control wpcf7-text\" aria-invalid=\"false\" value=\"https:\/\/www.ettagoglobal.com\/pl\/wp-json\/wp\/v2\/pages\/29446\" type=\"text\" name=\"page-url\" \/><\/span>\n\t<\/p>\n<\/div><div class=\"wpcf7-response-output\" aria-hidden=\"true\"><\/div>\n<\/form>\n<\/div>\n[\/vc_column][\/vc_row]<\/p>\n<\/div>[\/vc_column_text][\/vc_column][vc_column][vc_empty_space height=&#8221;60px&#8221;][\/vc_column][\/vc_row][vc_row full_width=&#8221;stretch_row&#8221; css=&#8221;.vc_custom_1647539472030{background-color: #f6f7f8&nbsp;!important;}&#8221;][vc_column][vc_empty_space height=&#8221;60px&#8221;][\/vc_column][vc_column width=&#8221;1\/3&#8243;][mnky_service icon_fontawesome=&#8221;fas fa-bullseye&#8221; title=&#8221;Czego nauczysz si\u0119 na&nbsp;wirtualnym warsztacie&#8221; icon_color=&#8221;#993436&#8243;][\/mnky_service][vc_empty_space height=&#8221;30px&#8221;][\/vc_column][vc_column width=&#8221;2\/3&#8243;][vc_column_text]<\/p>\n<ul>\n<li>Czym jest <strong>bezpiecze\u0144stwo psychologiczne<\/strong> i&nbsp;jak koreluje ono z&nbsp;efektywno\u015bci\u0105 zespo\u0142u,<\/li>\n<li>Jakie s\u0105 <strong>korzy\u015bci<\/strong> z&nbsp;tego, \u017ce&nbsp;cz\u0142onkowie zespo\u0142u maj\u0105 odwag\u0119 podejmowa\u0107 ryzyko,<\/li>\n<li>Jakie s\u0105 konkretne <strong>sposoby rozwijania bezpiecze\u0144stwa psychologicznego<\/strong> w&nbsp;zespo\u0142ach wirtualnych\/hybrydowych,<\/li>\n<li>Jakie kompetencje pozwalaj\u0105 na&nbsp;<strong>inkluzywne zarz\u0105dzanie zespo\u0142em<\/strong> i&nbsp;popraw\u0119 jego efektywno\u015bci.<\/li>\n<\/ul>\n<p>[\/vc_column_text][\/vc_column][vc_column][vc_empty_space height=&#8221;60px&#8221;][\/vc_column][vc_column][vc_column_text]<div data-post-id=\"25000\" class=\"insert-page insert-page-25000 \"><style type=\"text\/css\" data-type=\"vc_shortcodes-custom-css\">.vc_custom_1647539472030{background-color: #f6f7f8 !important;}<\/style><p>[vc_row full_width=&#8221;stretch_row&#8221; css=&#8221;.vc_custom_1647539472030{background-color: #f6f7f8&nbsp;!important;}&#8221;][vc_column width=&#8221;1\/3&#8243;][mnky_service icon_fontawesome=&#8221;fas fa-laptop&#8221; title=&#8221;Zalety wirtualnych warsztat\u00f3w&#8221; icon_color=&#8221;#993436&#8243;][\/mnky_service][vc_empty_space height=&#8221;30px&#8221;][\/vc_column][vc_column width=&#8221;2\/3&#8243;][vc_column_text]<\/p>\n<ul>\n<li>gwarancja <strong>interaktywnego uczestnictwa w&nbsp;szkoleniu<\/strong> z&nbsp;wykorzystaniem narz\u0119dzi anga\u017cowania uczestnik\u00f3w,<\/li>\n<li>p\u00f3\u0142dniowe warsztaty umo\u017cliwiaj\u0105 <strong>elastyczn\u0105 organizacj\u0119 dnia pracy,<\/strong><\/li>\n<li><strong>budowanie relacji<\/strong> ze zdalnymi wsp\u00f3\u0142pracownikami poprzez wsp\u00f3lne uczestnictwo w&nbsp;szkoleniu,<\/li>\n<li>mo\u017cliwo\u015b\u0107 uczestniczenia w&nbsp;warsztacie <strong>z&nbsp;dowolnego miejsca<\/strong>, wystarczy dost\u0119p do&nbsp;komputera.<\/li>\n<\/ul>\n<p>[\/vc_column_text][\/vc_column][\/vc_row]<\/p>\n<\/div>[\/vc_column_text][\/vc_column][vc_column][vc_empty_space height=&#8221;60px&#8221;][vc_separator color=&#8221;black&#8221;][vc_empty_space height=&#8221;60px&#8221;][\/vc_column][\/vc_row][vc_row full_width=&#8221;stretch_row&#8221; css=&#8221;.vc_custom_1646653466361{background-color: #f6f7f8&nbsp;!important;}&#8221;][vc_column][vc_column_text]<\/p>\n<h2>Program wirtualnych warsztat\u00f3w<\/h2>\n<p>[\/vc_column_text][vc_empty_space height=&#8221;30px&#8221;][\/vc_column][\/vc_row][vc_row full_width=&#8221;stretch_row&#8221; gap=&#8221;35&#8243; equal_height=&#8221;yes&#8221; el_class=&#8221;training-parts&#8221; css=&#8221;.vc_custom_1647354153948{background-color: #f6f7f8&nbsp;!important;}&#8221;][vc_column width=&#8221;1\/2&#8243; el_class=&#8221;section&#8221;][vc_empty_space height=&#8221;30px&#8221;][vc_column_text]<\/p>\n<h3 style=\"text-align: center;\">Modu\u0142 I<\/h3>\n<h4 style=\"text-align: center;\">Bezpiecze\u0144stwo psychologiczne w&nbsp;zespole<\/h4>\n<ul>\n<li>Czym jest bezpiecze\u0144stwo psychologiczne? Jak funkcjonuj\u0105 zespo\u0142y bezpieczne psychologicznie?<\/li>\n<li>Badania i&nbsp;praktyka biznesowa &#8211; dlaczego warto rozwija\u0107 bezpiecze\u0144stwo psychologiczne w&nbsp;zespo\u0142ach?<\/li>\n<li>Kompetencje spo\u0142eczne jako podstawa bezpiecznych psychologicznie zespo\u0142\u00f3w<\/li>\n<li>Co mo\u017ce p\u00f3j\u015b\u0107 nie tak, je\u015bli m\u00f3j zesp\u00f3\u0142 nie czuje si\u0119 bezpiecznie?<\/li>\n<li>Poziomy bezpiecze\u0144stwa psychologicznego w&nbsp;zespo\u0142ach &#8211; na&nbsp;jakim poziomie jeste\u015bmy?<\/li>\n<li>Jak sprawdzi\u0107, czy&nbsp;m\u00f3j zesp\u00f3\u0142 czuje si\u0119 bezpieczny psychologicznie? \u201eBadanie pulsu\u201d zespo\u0142u i&nbsp;jak to zrobi\u0107<\/li>\n<li>Bezpiecze\u0144stwo psychologiczne a&nbsp;kultura i&nbsp;warto\u015bci organizacji &#8211; jak s\u0105 ze sob\u0105 powi\u0105zane?<\/li>\n<li>Czynniki wp\u0142ywaj\u0105ce na&nbsp;poziom bezpiecze\u0144stwa psychologicznego &#8211; jak je kontrolowa\u0107?<\/li>\n<\/ul>\n<p>[\/vc_column_text][vc_empty_space height=&#8221;30px&#8221;][\/vc_column][vc_column width=&#8221;1\/2&#8243; el_class=&#8221;section&#8221;][vc_empty_space height=&#8221;30px&#8221;][vc_column_text]<\/p>\n<h3 style=\"text-align: center;\">Modu\u0142 II<\/h3>\n<h4 style=\"text-align: center;\">Lider bezpiecznego psychologicznie zespo\u0142u<\/h4>\n<ul>\n<li>Oczekiwania wobec lider\u00f3w &#8211; czym jest autentyczne przyw\u00f3dztwo?<\/li>\n<li>Autodiagnoza &#8211; czy&nbsp;wspieram m\u00f3j zesp\u00f3\u0142 w&nbsp;rozwijaniu bezpiecze\u0144stwa psychologicznego?<\/li>\n<li>Podej\u015bcie do&nbsp;b\u0142\u0119d\u00f3w w&nbsp;zespole &#8211; jak stworzy\u0107 przestrze\u0144 na&nbsp;b\u0142\u0119dy bez nadmiernej pob\u0142a\u017cliwo\u015bci?<\/li>\n<li>Czerwone flagi &#8211; jakie zachowania w&nbsp;zespole burz\u0105 bezpiecze\u0144stwo psychologiczne i&nbsp;jak lider powinien na&nbsp;nie reagowa\u0107?<\/li>\n<li>R\u00f3\u017cnorodno\u015b\u0107 &#8211; wra\u017cliwy j\u0119zyk &#8211; jak reagowa\u0107 na&nbsp;mikroagresj\u0119?<\/li>\n<li>Informacja zwrotna &#8211; jak sprawi\u0107, by dzia\u0142a\u0142a w&nbsp;obie strony? Dobre praktyki w&nbsp;r\u00f3\u017cnorodnym zespole<\/li>\n<li>W\u0142\u0105czanie os\u00f3b o&nbsp;r\u00f3\u017cnych potrzebach w&nbsp;\u017cycie zespo\u0142u &#8211; co zrobi\u0107, by r\u00f3\u017cne osoby zabiera\u0142y g\u0142os w&nbsp;sprawach zespo\u0142u?<\/li>\n<li>Zespo\u0142y wirtualne i&nbsp;hybrydowe &#8211; ich szczeg\u00f3lne potrzeby w&nbsp;zakresie bezpiecze\u0144stwa psychologicznego i&nbsp;jak na&nbsp;nie odpowiada\u0107?<\/li>\n<\/ul>\n<p>[\/vc_column_text][vc_empty_space height=&#8221;30px&#8221;][\/vc_column][\/vc_row][vc_row][vc_column][vc_column_text]<div data-post-id=\"24996\" class=\"insert-page insert-page-24996 \"><p>[vc_row full_width=&#8221;stretch_row&#8221;][vc_column][vc_empty_space height=&#8221;60px&#8221;][vc_column_text]<\/p>\n<h2>Harmonogram wirtualnych warsztat\u00f3w<\/h2>\n<p>[\/vc_column_text][vc_empty_space height=&#8221;60px&#8221;][\/vc_column][\/vc_row][vc_row][vc_column width=&#8221;1\/4&#8243;][mnky_service icon_fontawesome=&#8221;fas fa-sign-in-alt&#8221; title=&#8221;Diagnoza i&nbsp;prework&#8221; icon_color=&#8221;#993436&#8243;][\/mnky_service][vc_empty_space height=&#8221;30px&#8221;][\/vc_column][vc_column width=&#8221;3\/4&#8243;][vc_column_text]<\/p>\n<ul>\n<li style=\"font-weight: 400;\" aria-level=\"1\"><span style=\"font-weight: 400;\"><strong>wywiad<\/strong> ze sponsorem projektu<\/span><\/li>\n<li style=\"font-weight: 400;\" aria-level=\"1\"><span style=\"font-weight: 400;\">diagnoza potrzeb uczestniczek i&nbsp;uczestnik\u00f3w (<strong>ankieta i&nbsp;rozmowy<\/strong>)<\/span><\/li>\n<li style=\"font-weight: 400;\" aria-level=\"1\"><span style=\"font-weight: 400;\"><strong>prework<\/strong> dla&nbsp;uczestniczek i&nbsp;uczestnik\u00f3w (materia\u0142 do&nbsp;obejrzenia, przeczytania, przes\u0142uchania)<\/span><\/li>\n<\/ul>\n<p>[\/vc_column_text][\/vc_column][\/vc_row][vc_row][vc_column][vc_empty_space height=&#8221;60px&#8221;][\/vc_column][\/vc_row][vc_row][vc_column width=&#8221;1\/4&#8243;][mnky_service icon_fontawesome=&#8221;fas fa-chalkboard-teacher&#8221; title=&#8221;Wirtualne warsztaty&#8221; icon_color=&#8221;#993436&#8243;][\/mnky_service][vc_empty_space height=&#8221;30px&#8221;][\/vc_column][vc_column width=&#8221;3\/4&#8243;][vc_column_text]<\/p>\n<ul>\n<li>czas trwania szkolenia: <strong>2 warsztaty po&nbsp;3,5 h<\/strong><\/li>\n<li><strong>interaktywne metody pracy:<\/strong> dyskusje, czat, wirtualne tablice, ankiety, filmiki, case study, praca w&nbsp;podgrupach, narz\u0119dzia zewn\u0119trzne (Mentimeter, Miro, Funretro)<\/li>\n<li>wielko\u015b\u0107 grupy: <strong>do&nbsp;12 os\u00f3b<\/strong><\/li>\n<\/ul>\n<p>[\/vc_column_text][\/vc_column][\/vc_row][vc_row][vc_column][vc_empty_space height=&#8221;60px&#8221;][\/vc_column][\/vc_row][vc_row][vc_column width=&#8221;1\/4&#8243;][mnky_service icon_fontawesome=&#8221;fas fa-paper-plane&#8221; title=&#8221;Podsumowanie i&nbsp;follow up&#8221; icon_color=&#8221;#993436&#8243;][\/mnky_service][vc_empty_space height=&#8221;30px&#8221;][\/vc_column][vc_column width=&#8221;3\/4&#8243;][vc_column_text]<\/p>\n<ul>\n<li style=\"font-weight: 400;\" aria-level=\"1\"><span style=\"font-weight: 400;\"><strong>materia\u0142y szkoleniowe<\/strong> dla&nbsp;uczestniczek i&nbsp;uczestnik\u00f3w<\/span><\/li>\n<li style=\"font-weight: 400;\" aria-level=\"1\"><span style=\"font-weight: 400;\">dost\u0119p do&nbsp;<strong>bazy wiedzy ETTA<\/strong><\/span><\/li>\n<li style=\"font-weight: 400;\" aria-level=\"1\"><span style=\"font-weight: 400;\"><strong>rozmowa podsumowuj\u0105ca<\/strong> ze sponsorem projektu<\/span><\/li>\n<\/ul>\n<p>[\/vc_column_text][\/vc_column][\/vc_row][vc_row][vc_column][vc_empty_space height=&#8221;60px&#8221;][\/vc_column][\/vc_row][vc_row full_width=&#8221;stretch_row&#8221;][vc_column][vc_empty_space height=&#8221;30px&#8221;][vc_column_text el_class=&#8221;button cta&#8221;]<\/p>\n<p style=\"text-align: center;\"><a class=\"ps2id\" href=\"#skonsultuj-szkolenie\">Skonsultuj szkolenie<\/a><\/p>\n<p>[\/vc_column_text][vc_empty_space height=&#8221;60px&#8221;][\/vc_column][\/vc_row]<\/p>\n<\/div>[\/vc_column_text][\/vc_column][\/vc_row]<\/p>\n","protected":false},"excerpt":{"rendered":"<p>[vc_row full_width=&#8221;stretch_row&#8221; css=&#8221;.vc_custom_1719487435253{background-image: url(https:\/\/ettagoglobal.com\/wp-content\/uploads\/2023\/07\/Psychological-Safety-in-Hybrid-Workspace.png?id=27744)&nbsp;!important;background-position: center&nbsp;!important;background-repeat: no-repeat&nbsp;!important;background-size: cover&nbsp;!important;}&#8221; el_class=&#8221;main-slide&#8221;][vc_column width=&#8221;2\/3&#8243;][vc_empty_space height=&#8221;100px&#8221;][vc_column_text] Diversity, Equity &amp; Inclusion Bezpiecze\u0144stwo psychologiczne [\/vc_column_text][vc_empty_space height=&#8221;30px&#8221;][vc_column_text]Feeling psychologically safe &hellip; <\/p>\n","protected":false},"author":7,"featured_media":27711,"parent":29239,"menu_order":23,"comment_status":"closed","ping_status":"closed","template":"page-no-paddings.php","meta":{"_acf_changed":false,"footnotes":"","_links_to":"","_links_to_target":""},"class_list":["post-29446","page","type-page","status-publish","has-post-thumbnail","hentry"],"acf":[],"yoast_head":"<!-- This site is optimized with the Yoast SEO plugin v27.3 - https:\/\/yoast.com\/product\/yoast-seo-wordpress\/ -->\n<title>Bezpiecze\u0144stwo psychologiczne - ETTA<\/title>\n<meta name=\"description\" content=\"Jak zadba\u0107 o bezpiecze\u0144stwo psychologiczne i by\u0107 inkluzywnym liderem? Nauczysz si\u0119 tego podczas warsztat\u00f3w z ETTA.\" \/>\n<meta name=\"robots\" content=\"index, follow, max-snippet:-1, max-image-preview:large, max-video-preview:-1\" \/>\n<link rel=\"canonical\" href=\"https:\/\/ettagoglobal.com\/pl\/roznorodnosc-i-wlaczenie-warsztaty\/bezpieczenstwo-psychologiczne\/\" \/>\n<meta property=\"og:locale\" content=\"pl_PL\" \/>\n<meta property=\"og:type\" content=\"article\" \/>\n<meta property=\"og:title\" content=\"Bezpiecze\u0144stwo psychologiczne - ETTA\" \/>\n<meta property=\"og:description\" content=\"Jak zadba\u0107 o bezpiecze\u0144stwo psychologiczne i by\u0107 inkluzywnym liderem? Nauczysz si\u0119 tego podczas warsztat\u00f3w z ETTA.\" \/>\n<meta property=\"og:url\" content=\"https:\/\/ettagoglobal.com\/pl\/roznorodnosc-i-wlaczenie-warsztaty\/bezpieczenstwo-psychologiczne\/\" \/>\n<meta property=\"og:site_name\" content=\"ETTA\" \/>\n<meta property=\"article:modified_time\" content=\"2024-12-18T21:26:16+00:00\" \/>\n<meta property=\"og:image\" content=\"https:\/\/ettagoglobal.com\/wp-content\/uploads\/2023\/07\/Psychological-Safety-in-Hybrid-Workspace_kwadrat.png\" \/>\n\t<meta property=\"og:image:width\" content=\"1080\" \/>\n\t<meta property=\"og:image:height\" content=\"1080\" \/>\n\t<meta property=\"og:image:type\" content=\"image\/png\" \/>\n<meta name=\"twitter:card\" content=\"summary_large_image\" \/>\n<meta name=\"twitter:label1\" content=\"Szacowany czas czytania\" \/>\n\t<meta name=\"twitter:data1\" content=\"3 minuty\" \/>\n<script type=\"application\/ld+json\" class=\"yoast-schema-graph\">{\"@context\":\"https:\\\/\\\/schema.org\",\"@graph\":[{\"@type\":\"WebPage\",\"@id\":\"https:\\\/\\\/ettagoglobal.com\\\/pl\\\/roznorodnosc-i-wlaczenie-warsztaty\\\/bezpieczenstwo-psychologiczne\\\/\",\"url\":\"https:\\\/\\\/ettagoglobal.com\\\/pl\\\/roznorodnosc-i-wlaczenie-warsztaty\\\/bezpieczenstwo-psychologiczne\\\/\",\"name\":\"Bezpiecze\u0144stwo psychologiczne - ETTA\",\"isPartOf\":{\"@id\":\"https:\\\/\\\/ettagoglobal.com\\\/#website\"},\"primaryImageOfPage\":{\"@id\":\"https:\\\/\\\/ettagoglobal.com\\\/pl\\\/roznorodnosc-i-wlaczenie-warsztaty\\\/bezpieczenstwo-psychologiczne\\\/#primaryimage\"},\"image\":{\"@id\":\"https:\\\/\\\/ettagoglobal.com\\\/pl\\\/roznorodnosc-i-wlaczenie-warsztaty\\\/bezpieczenstwo-psychologiczne\\\/#primaryimage\"},\"thumbnailUrl\":\"https:\\\/\\\/ettagoglobal.com\\\/wp-content\\\/uploads\\\/2023\\\/07\\\/Psychological-Safety-in-Hybrid-Workspace_kwadrat.png\",\"datePublished\":\"2024-06-24T17:29:21+00:00\",\"dateModified\":\"2024-12-18T21:26:16+00:00\",\"description\":\"Jak zadba\u0107 o bezpiecze\u0144stwo psychologiczne i by\u0107 inkluzywnym liderem? Nauczysz si\u0119 tego podczas warsztat\u00f3w z ETTA.\",\"breadcrumb\":{\"@id\":\"https:\\\/\\\/ettagoglobal.com\\\/pl\\\/roznorodnosc-i-wlaczenie-warsztaty\\\/bezpieczenstwo-psychologiczne\\\/#breadcrumb\"},\"inLanguage\":\"pl-PL\",\"potentialAction\":[{\"@type\":\"ReadAction\",\"target\":[\"https:\\\/\\\/ettagoglobal.com\\\/pl\\\/roznorodnosc-i-wlaczenie-warsztaty\\\/bezpieczenstwo-psychologiczne\\\/\"]}]},{\"@type\":\"ImageObject\",\"inLanguage\":\"pl-PL\",\"@id\":\"https:\\\/\\\/ettagoglobal.com\\\/pl\\\/roznorodnosc-i-wlaczenie-warsztaty\\\/bezpieczenstwo-psychologiczne\\\/#primaryimage\",\"url\":\"https:\\\/\\\/ettagoglobal.com\\\/wp-content\\\/uploads\\\/2023\\\/07\\\/Psychological-Safety-in-Hybrid-Workspace_kwadrat.png\",\"contentUrl\":\"https:\\\/\\\/ettagoglobal.com\\\/wp-content\\\/uploads\\\/2023\\\/07\\\/Psychological-Safety-in-Hybrid-Workspace_kwadrat.png\",\"width\":1080,\"height\":1080},{\"@type\":\"BreadcrumbList\",\"@id\":\"https:\\\/\\\/ettagoglobal.com\\\/pl\\\/roznorodnosc-i-wlaczenie-warsztaty\\\/bezpieczenstwo-psychologiczne\\\/#breadcrumb\",\"itemListElement\":[{\"@type\":\"ListItem\",\"position\":1,\"name\":\"Strona g\u0142\u00f3wna\",\"item\":\"https:\\\/\\\/ettagoglobal.com\\\/pl\\\/home-2\\\/\"},{\"@type\":\"ListItem\",\"position\":2,\"name\":\"R\u00f3\u017cnorodno\u015b\u0107 i w\u0142\u0105czenie Warsztaty\",\"item\":\"https:\\\/\\\/ettagoglobal.com\\\/pl\\\/roznorodnosc-i-wlaczenie-warsztaty\\\/\"},{\"@type\":\"ListItem\",\"position\":3,\"name\":\"Bezpiecze\u0144stwo psychologiczne\"}]},{\"@type\":\"WebSite\",\"@id\":\"https:\\\/\\\/ettagoglobal.com\\\/#website\",\"url\":\"https:\\\/\\\/ettagoglobal.com\\\/\",\"name\":\"ETTA\",\"description\":\"Global Connections. Let&#039;s do it bETTA!\",\"potentialAction\":[{\"@type\":\"SearchAction\",\"target\":{\"@type\":\"EntryPoint\",\"urlTemplate\":\"https:\\\/\\\/ettagoglobal.com\\\/?s={search_term_string}\"},\"query-input\":{\"@type\":\"PropertyValueSpecification\",\"valueRequired\":true,\"valueName\":\"search_term_string\"}}],\"inLanguage\":\"pl-PL\"}]}<\/script>\n<!-- \/ Yoast SEO plugin. -->","yoast_head_json":{"title":"Bezpiecze\u0144stwo psychologiczne - ETTA","description":"Jak zadba\u0107 o bezpiecze\u0144stwo psychologiczne i by\u0107 inkluzywnym liderem? Nauczysz si\u0119 tego podczas warsztat\u00f3w z ETTA.","robots":{"index":"index","follow":"follow","max-snippet":"max-snippet:-1","max-image-preview":"max-image-preview:large","max-video-preview":"max-video-preview:-1"},"canonical":"https:\/\/ettagoglobal.com\/pl\/roznorodnosc-i-wlaczenie-warsztaty\/bezpieczenstwo-psychologiczne\/","og_locale":"pl_PL","og_type":"article","og_title":"Bezpiecze\u0144stwo psychologiczne - ETTA","og_description":"Jak zadba\u0107 o bezpiecze\u0144stwo psychologiczne i by\u0107 inkluzywnym liderem? Nauczysz si\u0119 tego podczas warsztat\u00f3w z ETTA.","og_url":"https:\/\/ettagoglobal.com\/pl\/roznorodnosc-i-wlaczenie-warsztaty\/bezpieczenstwo-psychologiczne\/","og_site_name":"ETTA","article_modified_time":"2024-12-18T21:26:16+00:00","og_image":[{"width":1080,"height":1080,"url":"https:\/\/ettagoglobal.com\/wp-content\/uploads\/2023\/07\/Psychological-Safety-in-Hybrid-Workspace_kwadrat.png","type":"image\/png"}],"twitter_card":"summary_large_image","twitter_misc":{"Szacowany czas czytania":"3 minuty"},"schema":{"@context":"https:\/\/schema.org","@graph":[{"@type":"WebPage","@id":"https:\/\/ettagoglobal.com\/pl\/roznorodnosc-i-wlaczenie-warsztaty\/bezpieczenstwo-psychologiczne\/","url":"https:\/\/ettagoglobal.com\/pl\/roznorodnosc-i-wlaczenie-warsztaty\/bezpieczenstwo-psychologiczne\/","name":"Bezpiecze\u0144stwo psychologiczne - ETTA","isPartOf":{"@id":"https:\/\/ettagoglobal.com\/#website"},"primaryImageOfPage":{"@id":"https:\/\/ettagoglobal.com\/pl\/roznorodnosc-i-wlaczenie-warsztaty\/bezpieczenstwo-psychologiczne\/#primaryimage"},"image":{"@id":"https:\/\/ettagoglobal.com\/pl\/roznorodnosc-i-wlaczenie-warsztaty\/bezpieczenstwo-psychologiczne\/#primaryimage"},"thumbnailUrl":"https:\/\/ettagoglobal.com\/wp-content\/uploads\/2023\/07\/Psychological-Safety-in-Hybrid-Workspace_kwadrat.png","datePublished":"2024-06-24T17:29:21+00:00","dateModified":"2024-12-18T21:26:16+00:00","description":"Jak zadba\u0107 o bezpiecze\u0144stwo psychologiczne i by\u0107 inkluzywnym liderem? Nauczysz si\u0119 tego podczas warsztat\u00f3w z ETTA.","breadcrumb":{"@id":"https:\/\/ettagoglobal.com\/pl\/roznorodnosc-i-wlaczenie-warsztaty\/bezpieczenstwo-psychologiczne\/#breadcrumb"},"inLanguage":"pl-PL","potentialAction":[{"@type":"ReadAction","target":["https:\/\/ettagoglobal.com\/pl\/roznorodnosc-i-wlaczenie-warsztaty\/bezpieczenstwo-psychologiczne\/"]}]},{"@type":"ImageObject","inLanguage":"pl-PL","@id":"https:\/\/ettagoglobal.com\/pl\/roznorodnosc-i-wlaczenie-warsztaty\/bezpieczenstwo-psychologiczne\/#primaryimage","url":"https:\/\/ettagoglobal.com\/wp-content\/uploads\/2023\/07\/Psychological-Safety-in-Hybrid-Workspace_kwadrat.png","contentUrl":"https:\/\/ettagoglobal.com\/wp-content\/uploads\/2023\/07\/Psychological-Safety-in-Hybrid-Workspace_kwadrat.png","width":1080,"height":1080},{"@type":"BreadcrumbList","@id":"https:\/\/ettagoglobal.com\/pl\/roznorodnosc-i-wlaczenie-warsztaty\/bezpieczenstwo-psychologiczne\/#breadcrumb","itemListElement":[{"@type":"ListItem","position":1,"name":"Strona g\u0142\u00f3wna","item":"https:\/\/ettagoglobal.com\/pl\/home-2\/"},{"@type":"ListItem","position":2,"name":"R\u00f3\u017cnorodno\u015b\u0107 i w\u0142\u0105czenie Warsztaty","item":"https:\/\/ettagoglobal.com\/pl\/roznorodnosc-i-wlaczenie-warsztaty\/"},{"@type":"ListItem","position":3,"name":"Bezpiecze\u0144stwo psychologiczne"}]},{"@type":"WebSite","@id":"https:\/\/ettagoglobal.com\/#website","url":"https:\/\/ettagoglobal.com\/","name":"ETTA","description":"Global Connections. Let&#039;s do it bETTA!","potentialAction":[{"@type":"SearchAction","target":{"@type":"EntryPoint","urlTemplate":"https:\/\/ettagoglobal.com\/?s={search_term_string}"},"query-input":{"@type":"PropertyValueSpecification","valueRequired":true,"valueName":"search_term_string"}}],"inLanguage":"pl-PL"}]}},"_links":{"self":[{"href":"https:\/\/ettagoglobal.com\/pl\/wp-json\/wp\/v2\/pages\/29446","targetHints":{"allow":["GET"]}}],"collection":[{"href":"https:\/\/ettagoglobal.com\/pl\/wp-json\/wp\/v2\/pages"}],"about":[{"href":"https:\/\/ettagoglobal.com\/pl\/wp-json\/wp\/v2\/types\/page"}],"author":[{"embeddable":true,"href":"https:\/\/ettagoglobal.com\/pl\/wp-json\/wp\/v2\/users\/7"}],"replies":[{"embeddable":true,"href":"https:\/\/ettagoglobal.com\/pl\/wp-json\/wp\/v2\/comments?post=29446"}],"version-history":[{"count":4,"href":"https:\/\/ettagoglobal.com\/pl\/wp-json\/wp\/v2\/pages\/29446\/revisions"}],"predecessor-version":[{"id":29459,"href":"https:\/\/ettagoglobal.com\/pl\/wp-json\/wp\/v2\/pages\/29446\/revisions\/29459"}],"up":[{"embeddable":true,"href":"https:\/\/ettagoglobal.com\/pl\/wp-json\/wp\/v2\/pages\/29239"}],"wp:featuredmedia":[{"embeddable":true,"href":"https:\/\/ettagoglobal.com\/pl\/wp-json\/wp\/v2\/media\/27711"}],"wp:attachment":[{"href":"https:\/\/ettagoglobal.com\/pl\/wp-json\/wp\/v2\/media?parent=29446"}],"curies":[{"name":"wp","href":"https:\/\/api.w.org\/{rel}","templated":true}]}}