{"id":29430,"date":"2024-04-15T14:21:57","date_gmt":"2024-04-15T14:21:57","guid":{"rendered":"https:\/\/ettagoglobal.com\/?page_id=29430"},"modified":"2024-12-18T20:44:06","modified_gmt":"2024-12-18T20:44:06","slug":"feedback-i-odwazne-rozmowy-online","status":"publish","type":"page","link":"https:\/\/ettagoglobal.com\/pl\/przywodztwo-warsztaty\/feedback-i-odwazne-rozmowy-online\/","title":{"rendered":"Feedback i odwa\u017cne rozmowy online"},"content":{"rendered":"<p>[vc_row full_width=&#8221;stretch_row&#8221; css=&#8221;.vc_custom_1650547049564{background-image: url(https:\/\/ettagoglobal.com\/wp-content\/uploads\/2022\/04\/background-zarzadzanie-miedzykulturowym-zespolem.jpg?id=24801)&nbsp;!important;background-position: center&nbsp;!important;background-repeat: no-repeat&nbsp;!important;background-size: cover&nbsp;!important;}&#8221; el_class=&#8221;main-slide&#8221;][vc_column width=&#8221;2\/3&#8243;][vc_empty_space height=&#8221;100px&#8221;][vc_column_text]<\/p>\n<h2>Przyw\u00f3dztwo<\/h2>\n<h1>Feedback i&nbsp;odwa\u017cne rozmowy online<\/h1>\n<p>[\/vc_column_text][vc_empty_space height=&#8221;30px&#8221;][vc_column_text]Dowiedz si\u0119, jak radzi\u0107 sobie z&nbsp;trudnymi rozmowami i&nbsp;udziela\u0107 skutecznych informacji zwrotnych w&nbsp;\u015bwiecie online. W&nbsp;miar\u0119 jak komunikacja wirtualna staje si\u0119 coraz bardziej powszechna, nauka udzielania i&nbsp;otrzymywania informacji zwrotnych na&nbsp;odleg\u0142o\u015b\u0107 ma kluczowe znaczenie dla&nbsp;promowania pracy zespo\u0142owej i&nbsp;rozwoju. Przygotuj si\u0119 na&nbsp;popraw\u0119 swoich umiej\u0119tno\u015bci komunikacyjnych, kultywowanie kultury konstruktywnej informacji zwrotnej i&nbsp;prowadzenie odwa\u017cnych rozm\u00f3w z&nbsp;pewno\u015bci\u0105 siebie w&nbsp;\u015brodowisku online.[\/vc_column_text][vc_empty_space height=&#8221;100px&#8221;][\/vc_column][vc_column width=&#8221;1\/3&#8243;][\/vc_column][\/vc_row][vc_row el_class=&#8221;training-for&#8221;][vc_column][vc_empty_space height=&#8221;60px&#8221;][\/vc_column][vc_column width=&#8221;1\/3&#8243;][mnky_service icon_fontawesome=&#8221;fas fa-user-tie&#8221; title=&#8221;Dla kogo jest to szkolenie?&#8221; icon_color=&#8221;#993436&#8243;][\/mnky_service][vc_empty_space height=&#8221;30px&#8221;][\/vc_column][vc_column width=&#8221;1\/3&#8243; el_class=&#8221;center-column&#8221;][vc_column_text]Dla <strong>lider\u00f3w<\/strong>, <strong>mened\u017cer\u00f3w<\/strong> i&nbsp;<strong>specjalist\u00f3w<\/strong> pracuj\u0105cych w&nbsp;zespo\u0142ach zdalnych lub&nbsp;hybrydowych, kt\u00f3rzy chc\u0105 usprawni\u0107 proces komunikacji i&nbsp;zwi\u0119kszy\u0107 swoje kompetencje w&nbsp;tym obszarze.[\/vc_column_text][\/vc_column][vc_column width=&#8221;1\/3&#8243; el_class=&#8221;contact-form&#8221;][vc_column_text]<div data-post-id=\"26139\" class=\"insert-page insert-page-26139 \"><p>[vc_row el_id=&#8221;skonsultuj-szkolenie&#8221;][vc_column][vc_column_text]<\/p>\n<h2>Skonsultuj szkolenie<\/h2>\n<p>[\/vc_column_text][vc_empty_space height=&#8221;30px&#8221;]\n<div class=\"wpcf7 no-js\" id=\"wpcf7-f1454-p26109-o1\" lang=\"pl-PL\" dir=\"ltr\" data-wpcf7-id=\"1454\">\n<div class=\"screen-reader-response\"><p role=\"status\" aria-live=\"polite\" aria-atomic=\"true\"><\/p> <ul><\/ul><\/div>\n<form action=\"\/pl\/wp-json\/wp\/v2\/pages\/29430#wpcf7-f1454-p26109-o1\" method=\"post\" class=\"wpcf7-form init\" aria-label=\"Formularz kontaktowy\" novalidate=\"novalidate\" data-status=\"init\">\n<fieldset class=\"hidden-fields-container\"><input type=\"hidden\" name=\"_wpcf7\" value=\"1454\" \/><input type=\"hidden\" name=\"_wpcf7_version\" value=\"6.1.5\" \/><input type=\"hidden\" name=\"_wpcf7_locale\" value=\"pl_PL\" \/><input type=\"hidden\" name=\"_wpcf7_unit_tag\" value=\"wpcf7-f1454-p26109-o1\" \/><input type=\"hidden\" name=\"_wpcf7_container_post\" value=\"26109\" \/><input type=\"hidden\" name=\"_wpcf7_posted_data_hash\" value=\"\" \/><input type=\"hidden\" name=\"_wpcf7_recaptcha_response\" value=\"\" \/>\n<\/fieldset>\n<div>\n\t<p><span class=\"wpcf7-form-control-wrap\" data-name=\"your-tel\"><input size=\"40\" maxlength=\"400\" class=\"wpcf7-form-control wpcf7-tel wpcf7-validates-as-required wpcf7-text wpcf7-validates-as-tel\" autocomplete=\"off\" aria-required=\"true\" aria-invalid=\"false\" placeholder=\"Numer telefonu\" value=\"\" type=\"tel\" name=\"your-tel\" \/><\/span>\n\t<\/p>\n<\/div>\n<div>\n\t<p><span class=\"wpcf7-form-control-wrap\" data-name=\"your-email\"><input size=\"40\" maxlength=\"400\" class=\"wpcf7-form-control wpcf7-email wpcf7-validates-as-required wpcf7-text wpcf7-validates-as-email\" autocomplete=\"off\" aria-required=\"true\" aria-invalid=\"false\" placeholder=\"Firmowy adres e-mail\" value=\"\" type=\"email\" name=\"your-email\" \/><\/span>\n\t<\/p>\n<\/div>\n<div>\n\t<p><span class=\"wpcf7-form-control-wrap\" data-name=\"your-subject\"><textarea cols=\"40\" rows=\"10\" maxlength=\"2000\" class=\"wpcf7-form-control wpcf7-textarea wpcf7-validates-as-required\" autocomplete=\"off\" aria-required=\"true\" aria-invalid=\"false\" placeholder=\"Temat rozmowy\" name=\"your-subject\"><\/textarea><\/span>\n\t<\/p>\n<\/div>\n<div>\n\t<p><span class=\"wpcf7-form-control-wrap\" data-name=\"acceptance-1\"><span class=\"wpcf7-form-control wpcf7-acceptance\"><span class=\"wpcf7-list-item\"><label><input type=\"checkbox\" name=\"acceptance-1\" value=\"1\" aria-invalid=\"false\" \/><span class=\"wpcf7-list-item-label\">Wyra\u017casz zgod\u0119 na kontakt telefoniczny w celu obs\u0142ugi niniejszego zg\u0142oszenia. Wyra\u017casz zgod\u0119 na otrzymywanie informacji handlowych \u015brodkami komunikacji elektronicznej wysy\u0142anymi przez www.ettagoglobal.com oraz na wykorzystanie komunikacji email w celach marketingowych <a href=\"https:\/\/ettagoglobal.com\/pl\/polityka-prywatnosci\/\" target=\"_blank\">(Polityka Prywatno\u015bci)<\/a>.<\/span><\/label><\/span><\/span><\/span>\n\t<\/p>\n<\/div>\n<div>\n\t<p><input class=\"wpcf7-form-control wpcf7-submit has-spinner\" type=\"submit\" value=\"Wy\u015blij\" \/>\n\t<\/p>\n<\/div>\n<div style=\"display:none;\">\n\t<p><span class=\"wpcf7-form-control-wrap\" data-name=\"page-url\"><input size=\"40\" maxlength=\"400\" class=\"wpcf7-form-control wpcf7-text\" aria-invalid=\"false\" value=\"https:\/\/www.ettagoglobal.com\/pl\/wp-json\/wp\/v2\/pages\/29430\" type=\"text\" name=\"page-url\" \/><\/span>\n\t<\/p>\n<\/div><div class=\"wpcf7-response-output\" aria-hidden=\"true\"><\/div>\n<\/form>\n<\/div>\n[\/vc_column][\/vc_row]<\/p>\n<\/div>[\/vc_column_text][\/vc_column][vc_column][vc_empty_space height=&#8221;60px&#8221;][\/vc_column][\/vc_row][vc_row full_width=&#8221;stretch_row&#8221; css=&#8221;.vc_custom_1647539472030{background-color: #f6f7f8&nbsp;!important;}&#8221;][vc_column][vc_empty_space height=&#8221;60px&#8221;][\/vc_column][vc_column width=&#8221;1\/3&#8243;][mnky_service icon_fontawesome=&#8221;fas fa-bullseye&#8221; title=&#8221;What you will learn in the virtual workshop:&#8221; icon_color=&#8221;#993436&#8243;][\/mnky_service][vc_empty_space height=&#8221;30px&#8221;][\/vc_column][vc_column width=&#8221;2\/3&#8243;][vc_column_text]<\/p>\n<ul>\n<li style=\"font-weight: 400;\" aria-level=\"1\">zrozumiesz r\u00f3\u017cnice mi\u0119dzy <strong>informacjami zwrotnymi<\/strong> w&nbsp;r\u00f3\u017cnych ustawieniach,<\/li>\n<li style=\"font-weight: 400;\" aria-level=\"1\">dowiesz si\u0119, jakie s\u0105 najcz\u0119stsze <strong>b\u0142\u0119dy w&nbsp;komunikacji online<\/strong> i&nbsp;jak ich unika\u0107,<\/li>\n<li style=\"font-weight: 400;\" aria-level=\"1\">poznasz techniki <strong>konstruktywnego i&nbsp;empatycznego przekazywania informacji<\/strong> zwrotnych w&nbsp;\u015brodowisku online,<\/li>\n<li style=\"font-weight: 400;\" aria-level=\"1\">poznasz skuteczne<strong> metody rozwi\u0105zywania konflikt\u00f3w<\/strong> i&nbsp;nieporozumie\u0144 w&nbsp;zespo\u0142ach zdalnych lub&nbsp;hybrydowych.<\/li>\n<\/ul>\n<p>[\/vc_column_text][\/vc_column][vc_column][vc_empty_space height=&#8221;60px&#8221;][\/vc_column][vc_column][vc_column_text]<div data-post-id=\"25000\" class=\"insert-page insert-page-25000 \"><style type=\"text\/css\" data-type=\"vc_shortcodes-custom-css\">.vc_custom_1647539472030{background-color: #f6f7f8 !important;}<\/style><p>[vc_row full_width=&#8221;stretch_row&#8221; css=&#8221;.vc_custom_1647539472030{background-color: #f6f7f8&nbsp;!important;}&#8221;][vc_column width=&#8221;1\/3&#8243;][mnky_service icon_fontawesome=&#8221;fas fa-laptop&#8221; title=&#8221;Zalety wirtualnych warsztat\u00f3w&#8221; icon_color=&#8221;#993436&#8243;][\/mnky_service][vc_empty_space height=&#8221;30px&#8221;][\/vc_column][vc_column width=&#8221;2\/3&#8243;][vc_column_text]<\/p>\n<ul>\n<li>gwarancja <strong>interaktywnego uczestnictwa w&nbsp;szkoleniu<\/strong> z&nbsp;wykorzystaniem narz\u0119dzi anga\u017cowania uczestnik\u00f3w,<\/li>\n<li>p\u00f3\u0142dniowe warsztaty umo\u017cliwiaj\u0105 <strong>elastyczn\u0105 organizacj\u0119 dnia pracy,<\/strong><\/li>\n<li><strong>budowanie relacji<\/strong> ze zdalnymi wsp\u00f3\u0142pracownikami poprzez wsp\u00f3lne uczestnictwo w&nbsp;szkoleniu,<\/li>\n<li>mo\u017cliwo\u015b\u0107 uczestniczenia w&nbsp;warsztacie <strong>z&nbsp;dowolnego miejsca<\/strong>, wystarczy dost\u0119p do&nbsp;komputera.<\/li>\n<\/ul>\n<p>[\/vc_column_text][\/vc_column][\/vc_row]<\/p>\n<\/div>[\/vc_column_text][\/vc_column][vc_column][vc_empty_space height=&#8221;60px&#8221;][vc_separator color=&#8221;black&#8221;][vc_empty_space height=&#8221;60px&#8221;][\/vc_column][\/vc_row][vc_row full_width=&#8221;stretch_row&#8221; css=&#8221;.vc_custom_1646653466361{background-color: #f6f7f8&nbsp;!important;}&#8221;][vc_column][vc_column_text]<\/p>\n<h2>Program wirtualnych warsztat\u00f3w<\/h2>\n<p>[\/vc_column_text][vc_empty_space height=&#8221;30px&#8221;][\/vc_column][\/vc_row][vc_row full_width=&#8221;stretch_row&#8221; gap=&#8221;35&#8243; equal_height=&#8221;yes&#8221; el_class=&#8221;training-parts&#8221; css=&#8221;.vc_custom_1647354153948{background-color: #f6f7f8&nbsp;!important;}&#8221;][vc_column width=&#8221;1\/2&#8243; el_class=&#8221;section&#8221;][vc_empty_space height=&#8221;30px&#8221;][vc_column_text]<\/p>\n<h3 style=\"text-align: center;\">Modu\u0142 I<\/h3>\n<h4 style=\"text-align: center;\">Komunikacja zdalna<\/h4>\n<p>&nbsp;<\/p>\n<ul>\n<li>Wa\u017cne rozmowy z&nbsp;pracownikami w&nbsp;\u015brodowisku hybrydowym i&nbsp;wirtualnym &#8211; na&nbsp;czym polega ich specyfika?<\/li>\n<li>S\u0142uchanie z&nbsp;pe\u0142nym zaanga\u017cowaniem &#8211; jak to robi\u0107 w&nbsp;\u015brodowisku online\/hybrydowym?<\/li>\n<li>Rozmowa 1:1 &#8211; podstawowe zasady i&nbsp;najlepsze praktyki<\/li>\n<li>Praktyka rozm\u00f3w 1:1 &#8211; aktywno\u015b\u0107 oparta na&nbsp;studiach przypadk\u00f3w<\/li>\n<li>Czym s\u0105 trudne rozmowy? Kiedy potrzebujemy odwagi do&nbsp;przeprowadzenia rozmowy? Techniki pracy nad&nbsp;w\u0142asnym nastawieniem<\/li>\n<li>Strategie zarz\u0105dzania reakcjami emocjonalnymi w&nbsp;trudnych sytuacjach<\/li>\n<li>Znaczenie zaufania i&nbsp;bezpiecze\u0144stwa psychologicznego oraz&nbsp;jak je budowa\u0107<\/li>\n<li>Poszukiwanie wzajemnych rozwi\u0105za\u0144 i&nbsp;korzystnych rezultat\u00f3w podczas odwa\u017cnych rozm\u00f3w<\/li>\n<\/ul>\n<p>\u200b\u200b<\/p>\n<p>[\/vc_column_text][vc_empty_space height=&#8221;30px&#8221;][\/vc_column][vc_column width=&#8221;1\/2&#8243; el_class=&#8221;section&#8221;][vc_empty_space height=&#8221;30px&#8221;][vc_column_text]<\/p>\n<h3 style=\"text-align: center;\">Modu\u0142 II<\/h3>\n<h4 style=\"text-align: center;\"><b>Rola informacji zwrotnej<\/b><\/h4>\n<p>&nbsp;<\/p>\n<ul>\n<li>Informacja zwrotna &#8211; element odwa\u017cnej komunikacji<\/li>\n<li>R\u00f3\u017cne rodzaje informacji zwrotnych &#8211; czy&nbsp;zawsze negatywne?<\/li>\n<li>Jakie s\u0105 pu\u0142apki feedbacku w&nbsp;\u015brodowisku online i&nbsp;jak ich unika\u0107?<\/li>\n<li>Jakich kana\u0142\u00f3w u\u017cywa\u0107 do&nbsp;r\u00f3\u017cnych rodzaj\u00f3w informacji zwrotnych?<\/li>\n<li>Jak udziela\u0107 informacji zwrotnej, gdy pracownik osi\u0105ga s\u0142abe wyniki? Jak zwraca\u0107 si\u0119 do&nbsp;najlepszych pracownik\u00f3w?<\/li>\n<li>Jak otrzymywa\u0107 informacje zwrotne z&nbsp;otwarto\u015bci\u0105, aktywnie s\u0142uchaj\u0105c, aby&nbsp;zrozumie\u0107 perspektyw\u0119 osoby udzielaj\u0105cej informacji zwrotnej i&nbsp;szukaj\u0105c wyja\u015bnie\u0144 w&nbsp;razie potrzeby.<\/li>\n<li>Praktyka &#8211; doceniaj\u0105ca i&nbsp;koryguj\u0105ca informacja zwrotna &#8211; \u0107wiczenie oparte na&nbsp;studiach przypadk\u00f3w<\/li>\n<li>Budowanie kultury feedbacku w&nbsp;zespole &#8211; od czego zacz\u0105\u0107? Wspieranie kultury, kt\u00f3ra ceni informacje zwrotne i&nbsp;otwart\u0105 komunikacj\u0119<\/li>\n<\/ul>\n<p>\u200b\u200b<\/p>\n<p>[\/vc_column_text][vc_empty_space height=&#8221;30px&#8221;][\/vc_column][\/vc_row][vc_row][vc_column][vc_column_text]<div data-post-id=\"24996\" class=\"insert-page insert-page-24996 \"><p>[vc_row full_width=&#8221;stretch_row&#8221;][vc_column][vc_empty_space height=&#8221;60px&#8221;][vc_column_text]<\/p>\n<h2>Harmonogram wirtualnych warsztat\u00f3w<\/h2>\n<p>[\/vc_column_text][vc_empty_space height=&#8221;60px&#8221;][\/vc_column][\/vc_row][vc_row][vc_column width=&#8221;1\/4&#8243;][mnky_service icon_fontawesome=&#8221;fas fa-sign-in-alt&#8221; title=&#8221;Diagnoza i&nbsp;prework&#8221; icon_color=&#8221;#993436&#8243;][\/mnky_service][vc_empty_space height=&#8221;30px&#8221;][\/vc_column][vc_column width=&#8221;3\/4&#8243;][vc_column_text]<\/p>\n<ul>\n<li style=\"font-weight: 400;\" aria-level=\"1\"><span style=\"font-weight: 400;\"><strong>wywiad<\/strong> ze sponsorem projektu<\/span><\/li>\n<li style=\"font-weight: 400;\" aria-level=\"1\"><span style=\"font-weight: 400;\">diagnoza potrzeb uczestniczek i&nbsp;uczestnik\u00f3w (<strong>ankieta i&nbsp;rozmowy<\/strong>)<\/span><\/li>\n<li style=\"font-weight: 400;\" aria-level=\"1\"><span style=\"font-weight: 400;\"><strong>prework<\/strong> dla&nbsp;uczestniczek i&nbsp;uczestnik\u00f3w (materia\u0142 do&nbsp;obejrzenia, przeczytania, przes\u0142uchania)<\/span><\/li>\n<\/ul>\n<p>[\/vc_column_text][\/vc_column][\/vc_row][vc_row][vc_column][vc_empty_space height=&#8221;60px&#8221;][\/vc_column][\/vc_row][vc_row][vc_column width=&#8221;1\/4&#8243;][mnky_service icon_fontawesome=&#8221;fas fa-chalkboard-teacher&#8221; title=&#8221;Wirtualne warsztaty&#8221; icon_color=&#8221;#993436&#8243;][\/mnky_service][vc_empty_space height=&#8221;30px&#8221;][\/vc_column][vc_column width=&#8221;3\/4&#8243;][vc_column_text]<\/p>\n<ul>\n<li>czas trwania szkolenia: <strong>2 warsztaty po&nbsp;3,5 h<\/strong><\/li>\n<li><strong>interaktywne metody pracy:<\/strong> dyskusje, czat, wirtualne tablice, ankiety, filmiki, case study, praca w&nbsp;podgrupach, narz\u0119dzia zewn\u0119trzne (Mentimeter, Miro, Funretro)<\/li>\n<li>wielko\u015b\u0107 grupy: <strong>do&nbsp;12 os\u00f3b<\/strong><\/li>\n<\/ul>\n<p>[\/vc_column_text][\/vc_column][\/vc_row][vc_row][vc_column][vc_empty_space height=&#8221;60px&#8221;][\/vc_column][\/vc_row][vc_row][vc_column width=&#8221;1\/4&#8243;][mnky_service icon_fontawesome=&#8221;fas fa-paper-plane&#8221; title=&#8221;Podsumowanie i&nbsp;follow up&#8221; icon_color=&#8221;#993436&#8243;][\/mnky_service][vc_empty_space height=&#8221;30px&#8221;][\/vc_column][vc_column width=&#8221;3\/4&#8243;][vc_column_text]<\/p>\n<ul>\n<li style=\"font-weight: 400;\" aria-level=\"1\"><span style=\"font-weight: 400;\"><strong>materia\u0142y szkoleniowe<\/strong> dla&nbsp;uczestniczek i&nbsp;uczestnik\u00f3w<\/span><\/li>\n<li style=\"font-weight: 400;\" aria-level=\"1\"><span style=\"font-weight: 400;\">dost\u0119p do&nbsp;<strong>bazy wiedzy ETTA<\/strong><\/span><\/li>\n<li style=\"font-weight: 400;\" aria-level=\"1\"><span style=\"font-weight: 400;\"><strong>rozmowa podsumowuj\u0105ca<\/strong> ze sponsorem projektu<\/span><\/li>\n<\/ul>\n<p>[\/vc_column_text][\/vc_column][\/vc_row][vc_row][vc_column][vc_empty_space height=&#8221;60px&#8221;][\/vc_column][\/vc_row][vc_row full_width=&#8221;stretch_row&#8221;][vc_column][vc_empty_space height=&#8221;30px&#8221;][vc_column_text el_class=&#8221;button cta&#8221;]<\/p>\n<p style=\"text-align: center;\"><a class=\"ps2id\" href=\"#skonsultuj-szkolenie\">Skonsultuj szkolenie<\/a><\/p>\n<p>[\/vc_column_text][vc_empty_space height=&#8221;60px&#8221;][\/vc_column][\/vc_row]<\/p>\n<\/div>[\/vc_column_text][\/vc_column][\/vc_row]<\/p>\n","protected":false},"excerpt":{"rendered":"<p>[vc_row full_width=&#8221;stretch_row&#8221; css=&#8221;.vc_custom_1650547049564{background-image: url(https:\/\/ettagoglobal.com\/wp-content\/uploads\/2022\/04\/background-zarzadzanie-miedzykulturowym-zespolem.jpg?id=24801)&nbsp;!important;background-position: center&nbsp;!important;background-repeat: no-repeat&nbsp;!important;background-size: cover&nbsp;!important;}&#8221; el_class=&#8221;main-slide&#8221;][vc_column width=&#8221;2\/3&#8243;][vc_empty_space height=&#8221;100px&#8221;][vc_column_text] Przyw\u00f3dztwo Feedback i&nbsp;odwa\u017cne rozmowy online [\/vc_column_text][vc_empty_space height=&#8221;30px&#8221;][vc_column_text]Dowiedz si\u0119, jak radzi\u0107 &hellip; <\/p>\n","protected":false},"author":7,"featured_media":24804,"parent":29232,"menu_order":28,"comment_status":"closed","ping_status":"closed","template":"page-no-paddings.php","meta":{"_acf_changed":false,"footnotes":"","_links_to":"","_links_to_target":""},"class_list":["post-29430","page","type-page","status-publish","has-post-thumbnail","hentry"],"acf":[],"yoast_head":"<!-- This site is optimized with the Yoast SEO plugin v27.3 - https:\/\/yoast.com\/product\/yoast-seo-wordpress\/ -->\n<title>Feedback i odwa\u017cne rozmowy online - ETTA<\/title>\n<meta name=\"description\" content=\"Nauczy si\u0119 jak przekazywa\u0107 feedback i prowadzi\u0107 odwa\u017cne rozmowy online. Warsztaty online dla lider\u00f3w, dzia\u0142\u00f3w HR.\" \/>\n<meta name=\"robots\" content=\"index, follow, max-snippet:-1, max-image-preview:large, max-video-preview:-1\" \/>\n<link rel=\"canonical\" href=\"https:\/\/ettagoglobal.com\/pl\/przywodztwo-warsztaty\/feedback-i-odwazne-rozmowy-online\/\" \/>\n<meta property=\"og:locale\" content=\"pl_PL\" \/>\n<meta property=\"og:type\" content=\"article\" \/>\n<meta property=\"og:title\" content=\"Feedback i odwa\u017cne rozmowy online - ETTA\" \/>\n<meta property=\"og:description\" content=\"Nauczy si\u0119 jak przekazywa\u0107 feedback i prowadzi\u0107 odwa\u017cne rozmowy online. Warsztaty online dla lider\u00f3w, dzia\u0142\u00f3w HR.\" \/>\n<meta property=\"og:url\" content=\"https:\/\/ettagoglobal.com\/pl\/przywodztwo-warsztaty\/feedback-i-odwazne-rozmowy-online\/\" \/>\n<meta property=\"og:site_name\" content=\"ETTA\" \/>\n<meta property=\"article:modified_time\" content=\"2024-12-18T20:44:06+00:00\" \/>\n<meta property=\"og:image\" content=\"https:\/\/ettagoglobal.com\/wp-content\/uploads\/2022\/04\/zarzadzanie-miedzykulturowym-zespolem.jpg\" \/>\n\t<meta property=\"og:image:width\" content=\"400\" \/>\n\t<meta property=\"og:image:height\" content=\"400\" \/>\n\t<meta property=\"og:image:type\" content=\"image\/jpeg\" \/>\n<meta name=\"twitter:card\" content=\"summary_large_image\" \/>\n<meta name=\"twitter:label1\" content=\"Szacowany czas czytania\" \/>\n\t<meta name=\"twitter:data1\" content=\"2 minuty\" \/>\n<script type=\"application\/ld+json\" class=\"yoast-schema-graph\">{\"@context\":\"https:\\\/\\\/schema.org\",\"@graph\":[{\"@type\":\"WebPage\",\"@id\":\"https:\\\/\\\/ettagoglobal.com\\\/pl\\\/przywodztwo-warsztaty\\\/feedback-i-odwazne-rozmowy-online\\\/\",\"url\":\"https:\\\/\\\/ettagoglobal.com\\\/pl\\\/przywodztwo-warsztaty\\\/feedback-i-odwazne-rozmowy-online\\\/\",\"name\":\"Feedback i odwa\u017cne rozmowy online - ETTA\",\"isPartOf\":{\"@id\":\"https:\\\/\\\/ettagoglobal.com\\\/#website\"},\"primaryImageOfPage\":{\"@id\":\"https:\\\/\\\/ettagoglobal.com\\\/pl\\\/przywodztwo-warsztaty\\\/feedback-i-odwazne-rozmowy-online\\\/#primaryimage\"},\"image\":{\"@id\":\"https:\\\/\\\/ettagoglobal.com\\\/pl\\\/przywodztwo-warsztaty\\\/feedback-i-odwazne-rozmowy-online\\\/#primaryimage\"},\"thumbnailUrl\":\"https:\\\/\\\/ettagoglobal.com\\\/wp-content\\\/uploads\\\/2022\\\/04\\\/zarzadzanie-miedzykulturowym-zespolem.jpg\",\"datePublished\":\"2024-04-15T14:21:57+00:00\",\"dateModified\":\"2024-12-18T20:44:06+00:00\",\"description\":\"Nauczy si\u0119 jak przekazywa\u0107 feedback i prowadzi\u0107 odwa\u017cne rozmowy online. Warsztaty online dla lider\u00f3w, dzia\u0142\u00f3w HR.\",\"breadcrumb\":{\"@id\":\"https:\\\/\\\/ettagoglobal.com\\\/pl\\\/przywodztwo-warsztaty\\\/feedback-i-odwazne-rozmowy-online\\\/#breadcrumb\"},\"inLanguage\":\"pl-PL\",\"potentialAction\":[{\"@type\":\"ReadAction\",\"target\":[\"https:\\\/\\\/ettagoglobal.com\\\/pl\\\/przywodztwo-warsztaty\\\/feedback-i-odwazne-rozmowy-online\\\/\"]}]},{\"@type\":\"ImageObject\",\"inLanguage\":\"pl-PL\",\"@id\":\"https:\\\/\\\/ettagoglobal.com\\\/pl\\\/przywodztwo-warsztaty\\\/feedback-i-odwazne-rozmowy-online\\\/#primaryimage\",\"url\":\"https:\\\/\\\/ettagoglobal.com\\\/wp-content\\\/uploads\\\/2022\\\/04\\\/zarzadzanie-miedzykulturowym-zespolem.jpg\",\"contentUrl\":\"https:\\\/\\\/ettagoglobal.com\\\/wp-content\\\/uploads\\\/2022\\\/04\\\/zarzadzanie-miedzykulturowym-zespolem.jpg\",\"width\":400,\"height\":400},{\"@type\":\"BreadcrumbList\",\"@id\":\"https:\\\/\\\/ettagoglobal.com\\\/pl\\\/przywodztwo-warsztaty\\\/feedback-i-odwazne-rozmowy-online\\\/#breadcrumb\",\"itemListElement\":[{\"@type\":\"ListItem\",\"position\":1,\"name\":\"Strona g\u0142\u00f3wna\",\"item\":\"https:\\\/\\\/ettagoglobal.com\\\/pl\\\/home-2\\\/\"},{\"@type\":\"ListItem\",\"position\":2,\"name\":\"Przyw\u00f3dztwo Warsztaty\",\"item\":\"https:\\\/\\\/ettagoglobal.com\\\/pl\\\/przywodztwo-warsztaty\\\/\"},{\"@type\":\"ListItem\",\"position\":3,\"name\":\"Feedback i odwa\u017cne rozmowy online\"}]},{\"@type\":\"WebSite\",\"@id\":\"https:\\\/\\\/ettagoglobal.com\\\/#website\",\"url\":\"https:\\\/\\\/ettagoglobal.com\\\/\",\"name\":\"ETTA\",\"description\":\"Global Connections. Let&#039;s do it bETTA!\",\"potentialAction\":[{\"@type\":\"SearchAction\",\"target\":{\"@type\":\"EntryPoint\",\"urlTemplate\":\"https:\\\/\\\/ettagoglobal.com\\\/?s={search_term_string}\"},\"query-input\":{\"@type\":\"PropertyValueSpecification\",\"valueRequired\":true,\"valueName\":\"search_term_string\"}}],\"inLanguage\":\"pl-PL\"}]}<\/script>\n<!-- \/ Yoast SEO plugin. -->","yoast_head_json":{"title":"Feedback i odwa\u017cne rozmowy online - ETTA","description":"Nauczy si\u0119 jak przekazywa\u0107 feedback i prowadzi\u0107 odwa\u017cne rozmowy online. Warsztaty online dla lider\u00f3w, dzia\u0142\u00f3w HR.","robots":{"index":"index","follow":"follow","max-snippet":"max-snippet:-1","max-image-preview":"max-image-preview:large","max-video-preview":"max-video-preview:-1"},"canonical":"https:\/\/ettagoglobal.com\/pl\/przywodztwo-warsztaty\/feedback-i-odwazne-rozmowy-online\/","og_locale":"pl_PL","og_type":"article","og_title":"Feedback i odwa\u017cne rozmowy online - ETTA","og_description":"Nauczy si\u0119 jak przekazywa\u0107 feedback i prowadzi\u0107 odwa\u017cne rozmowy online. Warsztaty online dla lider\u00f3w, dzia\u0142\u00f3w HR.","og_url":"https:\/\/ettagoglobal.com\/pl\/przywodztwo-warsztaty\/feedback-i-odwazne-rozmowy-online\/","og_site_name":"ETTA","article_modified_time":"2024-12-18T20:44:06+00:00","og_image":[{"width":400,"height":400,"url":"https:\/\/ettagoglobal.com\/wp-content\/uploads\/2022\/04\/zarzadzanie-miedzykulturowym-zespolem.jpg","type":"image\/jpeg"}],"twitter_card":"summary_large_image","twitter_misc":{"Szacowany czas czytania":"2 minuty"},"schema":{"@context":"https:\/\/schema.org","@graph":[{"@type":"WebPage","@id":"https:\/\/ettagoglobal.com\/pl\/przywodztwo-warsztaty\/feedback-i-odwazne-rozmowy-online\/","url":"https:\/\/ettagoglobal.com\/pl\/przywodztwo-warsztaty\/feedback-i-odwazne-rozmowy-online\/","name":"Feedback i odwa\u017cne rozmowy online - ETTA","isPartOf":{"@id":"https:\/\/ettagoglobal.com\/#website"},"primaryImageOfPage":{"@id":"https:\/\/ettagoglobal.com\/pl\/przywodztwo-warsztaty\/feedback-i-odwazne-rozmowy-online\/#primaryimage"},"image":{"@id":"https:\/\/ettagoglobal.com\/pl\/przywodztwo-warsztaty\/feedback-i-odwazne-rozmowy-online\/#primaryimage"},"thumbnailUrl":"https:\/\/ettagoglobal.com\/wp-content\/uploads\/2022\/04\/zarzadzanie-miedzykulturowym-zespolem.jpg","datePublished":"2024-04-15T14:21:57+00:00","dateModified":"2024-12-18T20:44:06+00:00","description":"Nauczy si\u0119 jak przekazywa\u0107 feedback i prowadzi\u0107 odwa\u017cne rozmowy online. Warsztaty online dla lider\u00f3w, dzia\u0142\u00f3w HR.","breadcrumb":{"@id":"https:\/\/ettagoglobal.com\/pl\/przywodztwo-warsztaty\/feedback-i-odwazne-rozmowy-online\/#breadcrumb"},"inLanguage":"pl-PL","potentialAction":[{"@type":"ReadAction","target":["https:\/\/ettagoglobal.com\/pl\/przywodztwo-warsztaty\/feedback-i-odwazne-rozmowy-online\/"]}]},{"@type":"ImageObject","inLanguage":"pl-PL","@id":"https:\/\/ettagoglobal.com\/pl\/przywodztwo-warsztaty\/feedback-i-odwazne-rozmowy-online\/#primaryimage","url":"https:\/\/ettagoglobal.com\/wp-content\/uploads\/2022\/04\/zarzadzanie-miedzykulturowym-zespolem.jpg","contentUrl":"https:\/\/ettagoglobal.com\/wp-content\/uploads\/2022\/04\/zarzadzanie-miedzykulturowym-zespolem.jpg","width":400,"height":400},{"@type":"BreadcrumbList","@id":"https:\/\/ettagoglobal.com\/pl\/przywodztwo-warsztaty\/feedback-i-odwazne-rozmowy-online\/#breadcrumb","itemListElement":[{"@type":"ListItem","position":1,"name":"Strona g\u0142\u00f3wna","item":"https:\/\/ettagoglobal.com\/pl\/home-2\/"},{"@type":"ListItem","position":2,"name":"Przyw\u00f3dztwo Warsztaty","item":"https:\/\/ettagoglobal.com\/pl\/przywodztwo-warsztaty\/"},{"@type":"ListItem","position":3,"name":"Feedback i odwa\u017cne rozmowy online"}]},{"@type":"WebSite","@id":"https:\/\/ettagoglobal.com\/#website","url":"https:\/\/ettagoglobal.com\/","name":"ETTA","description":"Global Connections. Let&#039;s do it bETTA!","potentialAction":[{"@type":"SearchAction","target":{"@type":"EntryPoint","urlTemplate":"https:\/\/ettagoglobal.com\/?s={search_term_string}"},"query-input":{"@type":"PropertyValueSpecification","valueRequired":true,"valueName":"search_term_string"}}],"inLanguage":"pl-PL"}]}},"_links":{"self":[{"href":"https:\/\/ettagoglobal.com\/pl\/wp-json\/wp\/v2\/pages\/29430","targetHints":{"allow":["GET"]}}],"collection":[{"href":"https:\/\/ettagoglobal.com\/pl\/wp-json\/wp\/v2\/pages"}],"about":[{"href":"https:\/\/ettagoglobal.com\/pl\/wp-json\/wp\/v2\/types\/page"}],"author":[{"embeddable":true,"href":"https:\/\/ettagoglobal.com\/pl\/wp-json\/wp\/v2\/users\/7"}],"replies":[{"embeddable":true,"href":"https:\/\/ettagoglobal.com\/pl\/wp-json\/wp\/v2\/comments?post=29430"}],"version-history":[{"count":1,"href":"https:\/\/ettagoglobal.com\/pl\/wp-json\/wp\/v2\/pages\/29430\/revisions"}],"predecessor-version":[{"id":29436,"href":"https:\/\/ettagoglobal.com\/pl\/wp-json\/wp\/v2\/pages\/29430\/revisions\/29436"}],"up":[{"embeddable":true,"href":"https:\/\/ettagoglobal.com\/pl\/wp-json\/wp\/v2\/pages\/29232"}],"wp:featuredmedia":[{"embeddable":true,"href":"https:\/\/ettagoglobal.com\/pl\/wp-json\/wp\/v2\/media\/24804"}],"wp:attachment":[{"href":"https:\/\/ettagoglobal.com\/pl\/wp-json\/wp\/v2\/media?parent=29430"}],"curies":[{"name":"wp","href":"https:\/\/api.w.org\/{rel}","templated":true}]}}