{"id":29385,"date":"2024-08-01T20:07:44","date_gmt":"2024-08-01T20:07:44","guid":{"rendered":"https:\/\/ettagoglobal.com\/?page_id=29385"},"modified":"2024-12-17T23:32:06","modified_gmt":"2024-12-17T23:32:06","slug":"przemeczenie-i-pulapka-perfekcjonizmu","status":"publish","type":"page","link":"https:\/\/ettagoglobal.com\/pl\/webinary\/przemeczenie-i-pulapka-perfekcjonizmu\/","title":{"rendered":"Przem\u0119czenie i pu\u0142apka perfekcjonizmu"},"content":{"rendered":"<p>[vc_row full_width=&#8221;stretch_row&#8221; css=&#8221;.vc_custom_1722542830408{background-image: url(https:\/\/ettagoglobal.com\/wp-content\/uploads\/2023\/07\/Building-Trust-in-a-Hybrid-Team.png?id=27674)&nbsp;!important;background-position: center&nbsp;!important;background-repeat: no-repeat&nbsp;!important;background-size: cover&nbsp;!important;}&#8221; el_class=&#8221;main-slide&#8221;][vc_column width=&#8221;2\/3&#8243;][vc_empty_space height=&#8221;100px&#8221;][vc_column_text]<\/p>\n<h2>Zdrowie psychiczne w&nbsp;pracy<\/h2>\n<h1>Przem\u0119czenie i&nbsp;pu\u0142apka perfekcjonizmu<\/h1>\n<p>[\/vc_column_text][vc_empty_space height=&#8221;30px&#8221;][vc_column_text]Dowiedz si\u0119 wi\u0119cej o&nbsp;przem\u0119czeniu i&nbsp;pu\u0142apce perfekcjonizmu. Zdob\u0105d\u017a wiedz\u0119 wspieraj\u0105c\u0105 zdrowie psychiczne Twoje i&nbsp;Twojego zespo\u0142u. Poznaj praktyczne wskaz\u00f3wki i&nbsp;naucz si\u0119 technik, kt\u00f3re pomog\u0105 Ci zadba\u0107 o&nbsp;komfort w&nbsp;miejscu pracy.[<span style=\"font-weight: 400;\">\/vc_column_text][vc_empty_space height=&#8221;100px&#8221;][\/vc_column][vc_column width=&#8221;1\/3&#8243;][\/vc_column][\/vc_row][vc_row el_class=&#8221;training-for&#8221;][vc_column][vc_empty_space height=&#8221;60px&#8221;][\/vc_column][vc_column width=&#8221;1\/3&#8243;][mnky_service icon_fontawesome=&#8221;fas fa-user-tie&#8221; title=&#8221;Dla kogo jest ten webinar?&#8221; icon_color=&#8221;#993436&#8243;][\/mnky_service][vc_empty_space height=&#8221;30px&#8221;][\/vc_column][vc_column width=&#8221;1\/3&#8243; el_class=&#8221;center-column&#8221;][vc_column_text]Dla <strong>mened\u017cer\u00f3w<\/strong>, <strong>zespo\u0142\u00f3w<\/strong> i&nbsp;<strong>profesjonalist\u00f3w<\/strong>, kt\u00f3rzy chc\u0105 zadba\u0107 o&nbsp;swoje zdrowie psychiczne i&nbsp;by\u0107 w&nbsp;stanie wspiera\u0107 swoje zespo\u0142y w&nbsp;wyzwaniach zwi\u0105zanych ze zdrowiem psychicznych.[\/vc_column_text][\/vc_column][vc_column width=&#8221;1\/3&#8243; el_class=&#8221;contact-form&#8221;][vc_column_text]<div data-post-id=\"26139\" class=\"insert-page insert-page-26139 \"><p>[vc_row el_id=&#8221;skonsultuj-szkolenie&#8221;][vc_column][vc_column_text]<\/p>\n<h2>Skonsultuj szkolenie<\/h2>\n<p>[\/vc_column_text][vc_empty_space height=&#8221;30px&#8221;]\n<div class=\"wpcf7 no-js\" id=\"wpcf7-f1454-p26109-o1\" lang=\"pl-PL\" dir=\"ltr\" data-wpcf7-id=\"1454\">\n<div class=\"screen-reader-response\"><p role=\"status\" aria-live=\"polite\" aria-atomic=\"true\"><\/p> <ul><\/ul><\/div>\n<form action=\"\/pl\/wp-json\/wp\/v2\/pages\/29385#wpcf7-f1454-p26109-o1\" method=\"post\" class=\"wpcf7-form init\" aria-label=\"Formularz kontaktowy\" novalidate=\"novalidate\" data-status=\"init\">\n<fieldset class=\"hidden-fields-container\"><input type=\"hidden\" name=\"_wpcf7\" value=\"1454\" \/><input type=\"hidden\" name=\"_wpcf7_version\" value=\"6.1.5\" \/><input type=\"hidden\" name=\"_wpcf7_locale\" value=\"pl_PL\" \/><input type=\"hidden\" name=\"_wpcf7_unit_tag\" value=\"wpcf7-f1454-p26109-o1\" \/><input type=\"hidden\" name=\"_wpcf7_container_post\" value=\"26109\" \/><input type=\"hidden\" name=\"_wpcf7_posted_data_hash\" value=\"\" \/><input type=\"hidden\" name=\"_wpcf7_recaptcha_response\" value=\"\" \/>\n<\/fieldset>\n<div>\n\t<p><span class=\"wpcf7-form-control-wrap\" data-name=\"your-tel\"><input size=\"40\" maxlength=\"400\" class=\"wpcf7-form-control wpcf7-tel wpcf7-validates-as-required wpcf7-text wpcf7-validates-as-tel\" autocomplete=\"off\" aria-required=\"true\" aria-invalid=\"false\" placeholder=\"Numer telefonu\" value=\"\" type=\"tel\" name=\"your-tel\" \/><\/span>\n\t<\/p>\n<\/div>\n<div>\n\t<p><span class=\"wpcf7-form-control-wrap\" data-name=\"your-email\"><input size=\"40\" maxlength=\"400\" class=\"wpcf7-form-control wpcf7-email wpcf7-validates-as-required wpcf7-text wpcf7-validates-as-email\" autocomplete=\"off\" aria-required=\"true\" aria-invalid=\"false\" placeholder=\"Firmowy adres e-mail\" value=\"\" type=\"email\" name=\"your-email\" \/><\/span>\n\t<\/p>\n<\/div>\n<div>\n\t<p><span class=\"wpcf7-form-control-wrap\" data-name=\"your-subject\"><textarea cols=\"40\" rows=\"10\" maxlength=\"2000\" class=\"wpcf7-form-control wpcf7-textarea wpcf7-validates-as-required\" autocomplete=\"off\" aria-required=\"true\" aria-invalid=\"false\" placeholder=\"Temat rozmowy\" name=\"your-subject\"><\/textarea><\/span>\n\t<\/p>\n<\/div>\n<div>\n\t<p><span class=\"wpcf7-form-control-wrap\" data-name=\"acceptance-1\"><span class=\"wpcf7-form-control wpcf7-acceptance\"><span class=\"wpcf7-list-item\"><label><input type=\"checkbox\" name=\"acceptance-1\" value=\"1\" aria-invalid=\"false\" \/><span class=\"wpcf7-list-item-label\">Wyra\u017casz zgod\u0119 na kontakt telefoniczny w celu obs\u0142ugi niniejszego zg\u0142oszenia. Wyra\u017casz zgod\u0119 na otrzymywanie informacji handlowych \u015brodkami komunikacji elektronicznej wysy\u0142anymi przez www.ettagoglobal.com oraz na wykorzystanie komunikacji email w celach marketingowych <a href=\"https:\/\/ettagoglobal.com\/pl\/polityka-prywatnosci\/\" target=\"_blank\">(Polityka Prywatno\u015bci)<\/a>.<\/span><\/label><\/span><\/span><\/span>\n\t<\/p>\n<\/div>\n<div>\n\t<p><input class=\"wpcf7-form-control wpcf7-submit has-spinner\" type=\"submit\" value=\"Wy\u015blij\" \/>\n\t<\/p>\n<\/div>\n<div style=\"display:none;\">\n\t<p><span class=\"wpcf7-form-control-wrap\" data-name=\"page-url\"><input size=\"40\" maxlength=\"400\" class=\"wpcf7-form-control wpcf7-text\" aria-invalid=\"false\" value=\"https:\/\/www.ettagoglobal.com\/pl\/wp-json\/wp\/v2\/pages\/29385\" type=\"text\" name=\"page-url\" \/><\/span>\n\t<\/p>\n<\/div><div class=\"wpcf7-response-output\" aria-hidden=\"true\"><\/div>\n<\/form>\n<\/div>\n[\/vc_column][\/vc_row]<\/p>\n<\/div>[\/vc_column_text][\/vc_column][vc_column][vc_empty_space height=&#8221;60px&#8221;][\/vc_column][\/vc_row][vc_row full_width=&#8221;stretch_row&#8221; css=&#8221;.vc_custom_1647539472030{background-color: #f6f7f8&nbsp;!important;}&#8221;][vc_column][vc_empty_space height=&#8221;60px&#8221;][\/vc_column][vc_column][vc_column_text]<div data-post-id=\"29348\" class=\"insert-page insert-page-29348 \"><style type=\"text\/css\" data-type=\"vc_shortcodes-custom-css\">.vc_custom_1647539472030{background-color: #f6f7f8 !important;}<\/style><p>[vc_row full_width=&#8221;stretch_row&#8221; css=&#8221;.vc_custom_1647539472030{background-color: #f6f7f8&nbsp;!important;}&#8221;][vc_column width=&#8221;1\/3&#8243;][mnky_service icon_fontawesome=&#8221;fas fa-laptop&#8221; title=&#8221;Zalety webinar\u00f3w&#8221; icon_color=&#8221;#993436&#8243;][\/mnky_service][vc_empty_space height=&#8221;30px&#8221;][\/vc_column][vc_column width=&#8221;2\/3&#8243;][vc_column_text]<\/p>\n<ul>\n<li>gwarancja interaktywnego udzia\u0142u w&nbsp;szkoleniu z&nbsp;wykorzystaniem anga\u017cuj\u0105cych narz\u0119dzi online<\/li>\n<li>kr\u00f3tki czas trwania pozwala na&nbsp;elastyczn\u0105 organizacj\u0119 dnia pracy<\/li>\n<li>mo\u017cliwo\u015b\u0107 uczestnictwa bardzo du\u017cej grupy<\/li>\n<li>udzia\u0142 w&nbsp;webinarze z&nbsp;dowolnego miejsca, wystarczy dost\u0119p do&nbsp;komputera<\/li>\n<\/ul>\n<p>[\/vc_column_text][\/vc_column][\/vc_row]<\/p>\n<\/div>[\/vc_column_text][\/vc_column][vc_column][vc_empty_space height=&#8221;60px&#8221;][vc_separator color=&#8221;black&#8221;][vc_empty_space height=&#8221;60px&#8221;][\/vc_column][\/vc_row][vc_row full_width=&#8221;stretch_row&#8221; css=&#8221;.vc_custom_1646653466361{background-color: #f6f7f8&nbsp;!important;}&#8221;][vc_column][vc_column_text]<\/span><\/p>\n<h2>Program webinaru<\/h2>\n<p>[\/vc_column_text][vc_empty_space height=&#8221;30px&#8221;][\/vc_column][\/vc_row][vc_row full_width=&#8221;stretch_row&#8221; gap=&#8221;35&#8243; equal_height=&#8221;yes&#8221; el_class=&#8221;training-parts&#8221; css=&#8221;.vc_custom_1647354153948{background-color: #f6f7f8&nbsp;!important;}&#8221;][vc_column el_class=&#8221;section&#8221;][vc_empty_space height=&#8221;30px&#8221;][vc_column_text]<\/p>\n<ul style=\"font-weight: 400;\">\n<li data-aria-posinset=\"1\" data-aria-level=\"1\">Czym jest nadmierne zm\u0119czenie? Czym jest perfekcjonizm? W&nbsp;jaki spos\u00f3b s\u0105 one ze sob\u0105 powi\u0105zane i&nbsp;jak przejawiaj\u0105 si\u0119 w&nbsp;\u017cyciu osobistym i&nbsp;zawodowym?<\/li>\n<li data-aria-posinset=\"1\" data-aria-level=\"1\">Jakie s\u0105 wsp\u00f3lne przyczyny przem\u0119czenia i&nbsp;perfekcjonizmu? Jakie s\u0105 cechy charakterystyczne os\u00f3b, kt\u00f3re mog\u0105 by\u0107 nimi dotkni\u0119te?<\/li>\n<li data-aria-posinset=\"1\" data-aria-level=\"1\">Jakie s\u0105 wczesne sygna\u0142y ostrzegawcze przem\u0119czenia?<\/li>\n<li data-aria-posinset=\"1\" data-aria-level=\"1\">Jak rozpozna\u0107 behawioralne i&nbsp;emocjonalne oznaki perfekcjonizmu?<\/li>\n<li data-aria-posinset=\"1\" data-aria-level=\"1\">Jakich strategii mo\u017cna u\u017cy\u0107, aby&nbsp;zapobiega\u0107 i&nbsp;radzi\u0107 sobie z&nbsp;nadmiernym zm\u0119czeniem?<\/li>\n<li data-aria-posinset=\"1\" data-aria-level=\"1\">Jak rzuci\u0107 wyzwanie perfekcjonistycznym my\u015blom? Techniki poznawcze i&nbsp;podej\u015bcie do&nbsp;rozwijania odporno\u015bci i&nbsp;wsp\u00f3\u0142czucia dla&nbsp;samego siebie\u200b<\/li>\n<\/ul>\n<p>[\/vc_column_text][vc_empty_space height=&#8221;30px&#8221;][\/vc_column][\/vc_row][vc_row][vc_column][vc_column_text]<div data-post-id=\"28719\" class=\"insert-page insert-page-28719 \"><p>[vc_row full_width=&#8221;stretch_row&#8221;][vc_column][vc_empty_space height=&#8221;60px&#8221;][vc_column_text]<\/p>\n<h2>Harmonogram projektu<\/h2>\n<p>[\/vc_column_text][vc_empty_space height=&#8221;60px&#8221;][\/vc_column][\/vc_row][vc_row][vc_column width=&#8221;1\/4&#8243;][mnky_service icon_fontawesome=&#8221;fas fa-sign-in-alt&#8221; title=&#8221;Diagnoza i&nbsp;prework&#8221; icon_color=&#8221;#993436&#8243;][\/mnky_service][vc_empty_space height=&#8221;30px&#8221;][\/vc_column][vc_column width=&#8221;3\/4&#8243;][vc_column_text]<\/p>\n<ul>\n<li style=\"font-weight: 400;\" aria-level=\"1\"><span style=\"font-weight: 400;\"><strong>wywiad<\/strong> ze sponsorem projektu<\/span><\/li>\n<li style=\"font-weight: 400;\" aria-level=\"1\"><span style=\"font-weight: 400;\">diagnoza potrzeb uczestniczek i&nbsp;uczestnik\u00f3w\u00a0<\/span><\/li>\n<\/ul>\n<p>[\/vc_column_text][\/vc_column][\/vc_row][vc_row][vc_column][vc_empty_space height=&#8221;60px&#8221;][\/vc_column][\/vc_row][vc_row][vc_column width=&#8221;1\/4&#8243;][mnky_service icon_fontawesome=&#8221;fas fa-chalkboard-teacher&#8221; title=&#8221;Wirtualne spotkanie&#8221; icon_color=&#8221;#993436&#8243;][\/mnky_service][vc_empty_space height=&#8221;30px&#8221;][\/vc_column][vc_column width=&#8221;3\/4&#8243;][vc_column_text]<\/p>\n<ul>\n<li>czas trwania szkolenia: <strong>pojedynczy webinar 1-1,5h\u00a0<\/strong>lub&nbsp;<strong>seria<\/strong> czterech webinar\u00f3w<\/li>\n<li><strong>interaktywne metody pracy:<\/strong> czat, wirtualne tablice, ankiety, filmiki, case study, narz\u0119dzia zewn\u0119trzne (Mentimeter, Miro, Funretro)<\/li>\n<li>wielko\u015b\u0107 grupy: <strong>do&nbsp;1000 os\u00f3b<\/strong><\/li>\n<\/ul>\n<p>[\/vc_column_text][\/vc_column][\/vc_row][vc_row][vc_column][vc_empty_space height=&#8221;60px&#8221;][\/vc_column][\/vc_row][vc_row][vc_column width=&#8221;1\/4&#8243;][mnky_service icon_fontawesome=&#8221;fas fa-paper-plane&#8221; title=&#8221;Podsumowanie i&nbsp;follow up&#8221; icon_color=&#8221;#993436&#8243;][\/mnky_service][vc_empty_space height=&#8221;30px&#8221;][\/vc_column][vc_column width=&#8221;3\/4&#8243;][vc_column_text]<\/p>\n<ul>\n<li style=\"font-weight: 400;\" aria-level=\"1\"><span style=\"font-weight: 400;\"><strong>materia\u0142y szkoleniowe<\/strong> dla&nbsp;uczestniczek i&nbsp;uczestnik\u00f3w<\/span><\/li>\n<li style=\"font-weight: 400;\" aria-level=\"1\"><span style=\"font-weight: 400;\">dost\u0119p do&nbsp;<strong>bazy wiedzy ETTA<\/strong><\/span><\/li>\n<li style=\"font-weight: 400;\" aria-level=\"1\"><span style=\"font-weight: 400;\"><strong>rozmowa podsumowuj\u0105ca<\/strong> ze sponsorem projektu<\/span><\/li>\n<\/ul>\n<p>[\/vc_column_text][\/vc_column][\/vc_row][vc_row][vc_column][vc_empty_space height=&#8221;60px&#8221;][\/vc_column][\/vc_row][vc_row full_width=&#8221;stretch_row&#8221;][vc_column][vc_empty_space height=&#8221;30px&#8221;][vc_column_text el_class=&#8221;button cta&#8221;]<\/p>\n<p style=\"text-align: center;\"><a class=\"ps2id\" href=\"#skonsultuj-szkolenie\">Skonsultuj szkolenie<\/a><\/p>\n<p>[\/vc_column_text][vc_empty_space height=&#8221;60px&#8221;][\/vc_column][\/vc_row]<\/p>\n<\/div>[\/vc_column_text][\/vc_column][\/vc_row]<\/p>\n","protected":false},"excerpt":{"rendered":"<p>[vc_row full_width=&#8221;stretch_row&#8221; css=&#8221;.vc_custom_1722542830408{background-image: url(https:\/\/ettagoglobal.com\/wp-content\/uploads\/2023\/07\/Building-Trust-in-a-Hybrid-Team.png?id=27674)&nbsp;!important;background-position: center&nbsp;!important;background-repeat: no-repeat&nbsp;!important;background-size: cover&nbsp;!important;}&#8221; el_class=&#8221;main-slide&#8221;][vc_column width=&#8221;2\/3&#8243;][vc_empty_space height=&#8221;100px&#8221;][vc_column_text] Zdrowie psychiczne w&nbsp;pracy Przem\u0119czenie i&nbsp;pu\u0142apka perfekcjonizmu [\/vc_column_text][vc_empty_space height=&#8221;30px&#8221;][vc_column_text]Dowiedz si\u0119 wi\u0119cej &hellip; <\/p>\n","protected":false},"author":7,"featured_media":27641,"parent":29218,"menu_order":40,"comment_status":"closed","ping_status":"closed","template":"page-no-paddings.php","meta":{"_acf_changed":false,"footnotes":"","_links_to":"","_links_to_target":""},"class_list":["post-29385","page","type-page","status-publish","has-post-thumbnail","hentry"],"acf":[],"yoast_head":"<!-- This site is optimized with the Yoast SEO plugin v27.3 - https:\/\/yoast.com\/product\/yoast-seo-wordpress\/ -->\n<title>Przem\u0119czenie i pu\u0142apka perfekcjonizmu - ETTA<\/title>\n<meta name=\"description\" content=\"Webinar dotycz\u0105cy wspierania zdrowia psychicznego w miejscu pracy, a w szczeg\u00f3lno\u015bci tematu przem\u0119czenia i pu\u0142apki perfekcjonizmu.\" \/>\n<meta name=\"robots\" content=\"index, follow, max-snippet:-1, max-image-preview:large, max-video-preview:-1\" \/>\n<link rel=\"canonical\" href=\"https:\/\/ettagoglobal.com\/pl\/webinary\/przemeczenie-i-pulapka-perfekcjonizmu\/\" \/>\n<meta property=\"og:locale\" content=\"pl_PL\" \/>\n<meta property=\"og:type\" content=\"article\" \/>\n<meta property=\"og:title\" content=\"Przem\u0119czenie i pu\u0142apka perfekcjonizmu - ETTA\" \/>\n<meta property=\"og:description\" content=\"Webinar dotycz\u0105cy wspierania zdrowia psychicznego w miejscu pracy, a w szczeg\u00f3lno\u015bci tematu przem\u0119czenia i pu\u0142apki perfekcjonizmu.\" \/>\n<meta property=\"og:url\" content=\"https:\/\/ettagoglobal.com\/pl\/webinary\/przemeczenie-i-pulapka-perfekcjonizmu\/\" \/>\n<meta property=\"og:site_name\" content=\"ETTA\" \/>\n<meta property=\"article:modified_time\" content=\"2024-12-17T23:32:06+00:00\" \/>\n<meta property=\"og:image\" content=\"https:\/\/ettagoglobal.com\/wp-content\/uploads\/2023\/07\/Building-Trust-in-a-Hybrid-Team_kwadrat.png\" \/>\n\t<meta property=\"og:image:width\" content=\"1080\" \/>\n\t<meta property=\"og:image:height\" content=\"1080\" \/>\n\t<meta property=\"og:image:type\" content=\"image\/png\" \/>\n<meta name=\"twitter:card\" content=\"summary_large_image\" \/>\n<meta name=\"twitter:label1\" content=\"Szacowany czas czytania\" \/>\n\t<meta name=\"twitter:data1\" content=\"1 minuta\" \/>\n<script type=\"application\/ld+json\" class=\"yoast-schema-graph\">{\"@context\":\"https:\\\/\\\/schema.org\",\"@graph\":[{\"@type\":\"WebPage\",\"@id\":\"https:\\\/\\\/ettagoglobal.com\\\/pl\\\/webinary\\\/przemeczenie-i-pulapka-perfekcjonizmu\\\/\",\"url\":\"https:\\\/\\\/ettagoglobal.com\\\/pl\\\/webinary\\\/przemeczenie-i-pulapka-perfekcjonizmu\\\/\",\"name\":\"Przem\u0119czenie i pu\u0142apka perfekcjonizmu - ETTA\",\"isPartOf\":{\"@id\":\"https:\\\/\\\/ettagoglobal.com\\\/#website\"},\"primaryImageOfPage\":{\"@id\":\"https:\\\/\\\/ettagoglobal.com\\\/pl\\\/webinary\\\/przemeczenie-i-pulapka-perfekcjonizmu\\\/#primaryimage\"},\"image\":{\"@id\":\"https:\\\/\\\/ettagoglobal.com\\\/pl\\\/webinary\\\/przemeczenie-i-pulapka-perfekcjonizmu\\\/#primaryimage\"},\"thumbnailUrl\":\"https:\\\/\\\/ettagoglobal.com\\\/wp-content\\\/uploads\\\/2023\\\/07\\\/Building-Trust-in-a-Hybrid-Team_kwadrat.png\",\"datePublished\":\"2024-08-01T20:07:44+00:00\",\"dateModified\":\"2024-12-17T23:32:06+00:00\",\"description\":\"Webinar dotycz\u0105cy wspierania zdrowia psychicznego w miejscu pracy, a w szczeg\u00f3lno\u015bci tematu przem\u0119czenia i pu\u0142apki perfekcjonizmu.\",\"breadcrumb\":{\"@id\":\"https:\\\/\\\/ettagoglobal.com\\\/pl\\\/webinary\\\/przemeczenie-i-pulapka-perfekcjonizmu\\\/#breadcrumb\"},\"inLanguage\":\"pl-PL\",\"potentialAction\":[{\"@type\":\"ReadAction\",\"target\":[\"https:\\\/\\\/ettagoglobal.com\\\/pl\\\/webinary\\\/przemeczenie-i-pulapka-perfekcjonizmu\\\/\"]}]},{\"@type\":\"ImageObject\",\"inLanguage\":\"pl-PL\",\"@id\":\"https:\\\/\\\/ettagoglobal.com\\\/pl\\\/webinary\\\/przemeczenie-i-pulapka-perfekcjonizmu\\\/#primaryimage\",\"url\":\"https:\\\/\\\/ettagoglobal.com\\\/wp-content\\\/uploads\\\/2023\\\/07\\\/Building-Trust-in-a-Hybrid-Team_kwadrat.png\",\"contentUrl\":\"https:\\\/\\\/ettagoglobal.com\\\/wp-content\\\/uploads\\\/2023\\\/07\\\/Building-Trust-in-a-Hybrid-Team_kwadrat.png\",\"width\":1080,\"height\":1080,\"caption\":\"Building Trust in a Hybrid Team\u00a0\"},{\"@type\":\"BreadcrumbList\",\"@id\":\"https:\\\/\\\/ettagoglobal.com\\\/pl\\\/webinary\\\/przemeczenie-i-pulapka-perfekcjonizmu\\\/#breadcrumb\",\"itemListElement\":[{\"@type\":\"ListItem\",\"position\":1,\"name\":\"Strona g\u0142\u00f3wna\",\"item\":\"https:\\\/\\\/ettagoglobal.com\\\/pl\\\/home-2\\\/\"},{\"@type\":\"ListItem\",\"position\":2,\"name\":\"Webinary\",\"item\":\"https:\\\/\\\/ettagoglobal.com\\\/pl\\\/webinary\\\/\"},{\"@type\":\"ListItem\",\"position\":3,\"name\":\"Przem\u0119czenie i pu\u0142apka perfekcjonizmu\"}]},{\"@type\":\"WebSite\",\"@id\":\"https:\\\/\\\/ettagoglobal.com\\\/#website\",\"url\":\"https:\\\/\\\/ettagoglobal.com\\\/\",\"name\":\"ETTA\",\"description\":\"Global Connections. Let&#039;s do it bETTA!\",\"potentialAction\":[{\"@type\":\"SearchAction\",\"target\":{\"@type\":\"EntryPoint\",\"urlTemplate\":\"https:\\\/\\\/ettagoglobal.com\\\/?s={search_term_string}\"},\"query-input\":{\"@type\":\"PropertyValueSpecification\",\"valueRequired\":true,\"valueName\":\"search_term_string\"}}],\"inLanguage\":\"pl-PL\"}]}<\/script>\n<!-- \/ Yoast SEO plugin. -->","yoast_head_json":{"title":"Przem\u0119czenie i pu\u0142apka perfekcjonizmu - ETTA","description":"Webinar dotycz\u0105cy wspierania zdrowia psychicznego w miejscu pracy, a w szczeg\u00f3lno\u015bci tematu przem\u0119czenia i pu\u0142apki perfekcjonizmu.","robots":{"index":"index","follow":"follow","max-snippet":"max-snippet:-1","max-image-preview":"max-image-preview:large","max-video-preview":"max-video-preview:-1"},"canonical":"https:\/\/ettagoglobal.com\/pl\/webinary\/przemeczenie-i-pulapka-perfekcjonizmu\/","og_locale":"pl_PL","og_type":"article","og_title":"Przem\u0119czenie i pu\u0142apka perfekcjonizmu - ETTA","og_description":"Webinar dotycz\u0105cy wspierania zdrowia psychicznego w miejscu pracy, a w szczeg\u00f3lno\u015bci tematu przem\u0119czenia i pu\u0142apki perfekcjonizmu.","og_url":"https:\/\/ettagoglobal.com\/pl\/webinary\/przemeczenie-i-pulapka-perfekcjonizmu\/","og_site_name":"ETTA","article_modified_time":"2024-12-17T23:32:06+00:00","og_image":[{"width":1080,"height":1080,"url":"https:\/\/ettagoglobal.com\/wp-content\/uploads\/2023\/07\/Building-Trust-in-a-Hybrid-Team_kwadrat.png","type":"image\/png"}],"twitter_card":"summary_large_image","twitter_misc":{"Szacowany czas czytania":"1 minuta"},"schema":{"@context":"https:\/\/schema.org","@graph":[{"@type":"WebPage","@id":"https:\/\/ettagoglobal.com\/pl\/webinary\/przemeczenie-i-pulapka-perfekcjonizmu\/","url":"https:\/\/ettagoglobal.com\/pl\/webinary\/przemeczenie-i-pulapka-perfekcjonizmu\/","name":"Przem\u0119czenie i pu\u0142apka perfekcjonizmu - ETTA","isPartOf":{"@id":"https:\/\/ettagoglobal.com\/#website"},"primaryImageOfPage":{"@id":"https:\/\/ettagoglobal.com\/pl\/webinary\/przemeczenie-i-pulapka-perfekcjonizmu\/#primaryimage"},"image":{"@id":"https:\/\/ettagoglobal.com\/pl\/webinary\/przemeczenie-i-pulapka-perfekcjonizmu\/#primaryimage"},"thumbnailUrl":"https:\/\/ettagoglobal.com\/wp-content\/uploads\/2023\/07\/Building-Trust-in-a-Hybrid-Team_kwadrat.png","datePublished":"2024-08-01T20:07:44+00:00","dateModified":"2024-12-17T23:32:06+00:00","description":"Webinar dotycz\u0105cy wspierania zdrowia psychicznego w miejscu pracy, a w szczeg\u00f3lno\u015bci tematu przem\u0119czenia i pu\u0142apki perfekcjonizmu.","breadcrumb":{"@id":"https:\/\/ettagoglobal.com\/pl\/webinary\/przemeczenie-i-pulapka-perfekcjonizmu\/#breadcrumb"},"inLanguage":"pl-PL","potentialAction":[{"@type":"ReadAction","target":["https:\/\/ettagoglobal.com\/pl\/webinary\/przemeczenie-i-pulapka-perfekcjonizmu\/"]}]},{"@type":"ImageObject","inLanguage":"pl-PL","@id":"https:\/\/ettagoglobal.com\/pl\/webinary\/przemeczenie-i-pulapka-perfekcjonizmu\/#primaryimage","url":"https:\/\/ettagoglobal.com\/wp-content\/uploads\/2023\/07\/Building-Trust-in-a-Hybrid-Team_kwadrat.png","contentUrl":"https:\/\/ettagoglobal.com\/wp-content\/uploads\/2023\/07\/Building-Trust-in-a-Hybrid-Team_kwadrat.png","width":1080,"height":1080,"caption":"Building Trust in a Hybrid Team\u00a0"},{"@type":"BreadcrumbList","@id":"https:\/\/ettagoglobal.com\/pl\/webinary\/przemeczenie-i-pulapka-perfekcjonizmu\/#breadcrumb","itemListElement":[{"@type":"ListItem","position":1,"name":"Strona g\u0142\u00f3wna","item":"https:\/\/ettagoglobal.com\/pl\/home-2\/"},{"@type":"ListItem","position":2,"name":"Webinary","item":"https:\/\/ettagoglobal.com\/pl\/webinary\/"},{"@type":"ListItem","position":3,"name":"Przem\u0119czenie i pu\u0142apka perfekcjonizmu"}]},{"@type":"WebSite","@id":"https:\/\/ettagoglobal.com\/#website","url":"https:\/\/ettagoglobal.com\/","name":"ETTA","description":"Global Connections. Let&#039;s do it bETTA!","potentialAction":[{"@type":"SearchAction","target":{"@type":"EntryPoint","urlTemplate":"https:\/\/ettagoglobal.com\/?s={search_term_string}"},"query-input":{"@type":"PropertyValueSpecification","valueRequired":true,"valueName":"search_term_string"}}],"inLanguage":"pl-PL"}]}},"_links":{"self":[{"href":"https:\/\/ettagoglobal.com\/pl\/wp-json\/wp\/v2\/pages\/29385","targetHints":{"allow":["GET"]}}],"collection":[{"href":"https:\/\/ettagoglobal.com\/pl\/wp-json\/wp\/v2\/pages"}],"about":[{"href":"https:\/\/ettagoglobal.com\/pl\/wp-json\/wp\/v2\/types\/page"}],"author":[{"embeddable":true,"href":"https:\/\/ettagoglobal.com\/pl\/wp-json\/wp\/v2\/users\/7"}],"replies":[{"embeddable":true,"href":"https:\/\/ettagoglobal.com\/pl\/wp-json\/wp\/v2\/comments?post=29385"}],"version-history":[{"count":1,"href":"https:\/\/ettagoglobal.com\/pl\/wp-json\/wp\/v2\/pages\/29385\/revisions"}],"predecessor-version":[{"id":29386,"href":"https:\/\/ettagoglobal.com\/pl\/wp-json\/wp\/v2\/pages\/29385\/revisions\/29386"}],"up":[{"embeddable":true,"href":"https:\/\/ettagoglobal.com\/pl\/wp-json\/wp\/v2\/pages\/29218"}],"wp:featuredmedia":[{"embeddable":true,"href":"https:\/\/ettagoglobal.com\/pl\/wp-json\/wp\/v2\/media\/27641"}],"wp:attachment":[{"href":"https:\/\/ettagoglobal.com\/pl\/wp-json\/wp\/v2\/media?parent=29385"}],"curies":[{"name":"wp","href":"https:\/\/api.w.org\/{rel}","templated":true}]}}