{"id":28371,"date":"2024-04-15T12:01:12","date_gmt":"2024-04-15T12:01:12","guid":{"rendered":"https:\/\/ettagoglobal.com\/?page_id=28371"},"modified":"2024-12-18T21:02:44","modified_gmt":"2024-12-18T21:02:44","slug":"prowadzenie-ludzi-przez-zmiany","status":"publish","type":"page","link":"https:\/\/ettagoglobal.com\/pl\/przywodztwo-warsztaty\/prowadzenie-ludzi-przez-zmiany\/","title":{"rendered":"Prowadzenie ludzi przez zmiany"},"content":{"rendered":"<p>[vc_row full_width=&#8221;stretch_row&#8221; css=&#8221;.vc_custom_1650546357111{background-image: url(https:\/\/ettagoglobal.com\/wp-content\/uploads\/2022\/04\/background-lider-wirtualnego-zespolu.jpg?id=24822)&nbsp;!important;background-position: center&nbsp;!important;background-repeat: no-repeat&nbsp;!important;background-size: cover&nbsp;!important;}&#8221; el_class=&#8221;main-slide&#8221;][vc_column width=&#8221;2\/3&#8243;][vc_empty_space height=&#8221;100px&#8221;][vc_column_text]<\/p>\n<h2>Przyw\u00f3dztwo<\/h2>\n<h1>Prowadzenie ludzi przez&nbsp;zmiany<\/h1>\n<p>[\/vc_column_text][vc_empty_space height=&#8221;30px&#8221;][vc_column_text]Poruszaj si\u0119 pewnie po&nbsp;zmianach organizacyjnych. Uzyskaj bezcenny wgl\u0105d w&nbsp;ludzk\u0105 stron\u0119 zarz\u0105dzania zmian\u0105, umo\u017cliwiaj\u0105c liderom inspirowanie i&nbsp;wspieranie swoich zespo\u0142\u00f3w w&nbsp;okresach transformacji. Naucz si\u0119 strategii i&nbsp;empatii potrzebnych do&nbsp;wspierania odporno\u015bci, utrzymania morale i&nbsp;osi\u0105gania pomy\u015blnych wynik\u00f3w w&nbsp;obliczu zmian.[\/vc_column_text][vc_empty_space height=&#8221;100px&#8221;][\/vc_column][vc_column width=&#8221;1\/3&#8243;][\/vc_column][\/vc_row][vc_row el_class=&#8221;training-for&#8221;][vc_column][vc_empty_space height=&#8221;60px&#8221;][\/vc_column][vc_column width=&#8221;1\/3&#8243;][mnky_service icon_fontawesome=&#8221;fas fa-user-tie&#8221; title=&#8221;Dla kogo jest to szkolenie?&#8221; icon_color=&#8221;#993436&#8243;][\/mnky_service][vc_empty_space height=&#8221;30px&#8221;][\/vc_column][vc_column width=&#8221;1\/3&#8243; el_class=&#8221;center-column&#8221;][vc_column_text]Dla <strong>lider\u00f3w<\/strong> i&nbsp;<strong>mened\u017cer\u00f3w<\/strong>, kt\u00f3rzy musz\u0105 wdra\u017ca\u0107 zmiany w&nbsp;swoich zespo\u0142ach lub&nbsp;organizacjach i&nbsp;chc\u0105 poprawi\u0107 swoje kompetencje w&nbsp;zakresie zarz\u0105dzania zmian\u0105.[\/vc_column_text][\/vc_column][vc_column width=&#8221;1\/3&#8243; el_class=&#8221;contact-form&#8221;][vc_column_text]<div data-post-id=\"26139\" class=\"insert-page insert-page-26139 \"><p>[vc_row el_id=&#8221;skonsultuj-szkolenie&#8221;][vc_column][vc_column_text]<\/p>\n<h2>Skonsultuj szkolenie<\/h2>\n<p>[\/vc_column_text][vc_empty_space height=&#8221;30px&#8221;]\n<div class=\"wpcf7 no-js\" id=\"wpcf7-f1454-p26109-o1\" lang=\"pl-PL\" dir=\"ltr\" data-wpcf7-id=\"1454\">\n<div class=\"screen-reader-response\"><p role=\"status\" aria-live=\"polite\" aria-atomic=\"true\"><\/p> <ul><\/ul><\/div>\n<form action=\"\/pl\/wp-json\/wp\/v2\/pages\/28371#wpcf7-f1454-p26109-o1\" method=\"post\" class=\"wpcf7-form init\" aria-label=\"Formularz kontaktowy\" novalidate=\"novalidate\" data-status=\"init\">\n<fieldset class=\"hidden-fields-container\"><input type=\"hidden\" name=\"_wpcf7\" value=\"1454\" \/><input type=\"hidden\" name=\"_wpcf7_version\" value=\"6.1.5\" \/><input type=\"hidden\" name=\"_wpcf7_locale\" value=\"pl_PL\" \/><input type=\"hidden\" name=\"_wpcf7_unit_tag\" value=\"wpcf7-f1454-p26109-o1\" \/><input type=\"hidden\" name=\"_wpcf7_container_post\" value=\"26109\" \/><input type=\"hidden\" name=\"_wpcf7_posted_data_hash\" value=\"\" \/><input type=\"hidden\" name=\"_wpcf7_recaptcha_response\" value=\"\" \/>\n<\/fieldset>\n<div>\n\t<p><span class=\"wpcf7-form-control-wrap\" data-name=\"your-tel\"><input size=\"40\" maxlength=\"400\" class=\"wpcf7-form-control wpcf7-tel wpcf7-validates-as-required wpcf7-text wpcf7-validates-as-tel\" autocomplete=\"off\" aria-required=\"true\" aria-invalid=\"false\" placeholder=\"Numer telefonu\" value=\"\" type=\"tel\" name=\"your-tel\" \/><\/span>\n\t<\/p>\n<\/div>\n<div>\n\t<p><span class=\"wpcf7-form-control-wrap\" data-name=\"your-email\"><input size=\"40\" maxlength=\"400\" class=\"wpcf7-form-control wpcf7-email wpcf7-validates-as-required wpcf7-text wpcf7-validates-as-email\" autocomplete=\"off\" aria-required=\"true\" aria-invalid=\"false\" placeholder=\"Firmowy adres e-mail\" value=\"\" type=\"email\" name=\"your-email\" \/><\/span>\n\t<\/p>\n<\/div>\n<div>\n\t<p><span class=\"wpcf7-form-control-wrap\" data-name=\"your-subject\"><textarea cols=\"40\" rows=\"10\" maxlength=\"2000\" class=\"wpcf7-form-control wpcf7-textarea wpcf7-validates-as-required\" autocomplete=\"off\" aria-required=\"true\" aria-invalid=\"false\" placeholder=\"Temat rozmowy\" name=\"your-subject\"><\/textarea><\/span>\n\t<\/p>\n<\/div>\n<div>\n\t<p><span class=\"wpcf7-form-control-wrap\" data-name=\"acceptance-1\"><span class=\"wpcf7-form-control wpcf7-acceptance\"><span class=\"wpcf7-list-item\"><label><input type=\"checkbox\" name=\"acceptance-1\" value=\"1\" aria-invalid=\"false\" \/><span class=\"wpcf7-list-item-label\">Wyra\u017casz zgod\u0119 na kontakt telefoniczny w celu obs\u0142ugi niniejszego zg\u0142oszenia. Wyra\u017casz zgod\u0119 na otrzymywanie informacji handlowych \u015brodkami komunikacji elektronicznej wysy\u0142anymi przez www.ettagoglobal.com oraz na wykorzystanie komunikacji email w celach marketingowych <a href=\"https:\/\/ettagoglobal.com\/pl\/polityka-prywatnosci\/\" target=\"_blank\">(Polityka Prywatno\u015bci)<\/a>.<\/span><\/label><\/span><\/span><\/span>\n\t<\/p>\n<\/div>\n<div>\n\t<p><input class=\"wpcf7-form-control wpcf7-submit has-spinner\" type=\"submit\" value=\"Wy\u015blij\" \/>\n\t<\/p>\n<\/div>\n<div style=\"display:none;\">\n\t<p><span class=\"wpcf7-form-control-wrap\" data-name=\"page-url\"><input size=\"40\" maxlength=\"400\" class=\"wpcf7-form-control wpcf7-text\" aria-invalid=\"false\" value=\"https:\/\/www.ettagoglobal.com\/pl\/wp-json\/wp\/v2\/pages\/28371\" type=\"text\" name=\"page-url\" \/><\/span>\n\t<\/p>\n<\/div><div class=\"wpcf7-response-output\" aria-hidden=\"true\"><\/div>\n<\/form>\n<\/div>\n[\/vc_column][\/vc_row]<\/p>\n<\/div>[\/vc_column_text][\/vc_column][vc_column][vc_empty_space height=&#8221;60px&#8221;][\/vc_column][\/vc_row][vc_row full_width=&#8221;stretch_row&#8221; css=&#8221;.vc_custom_1647539472030{background-color: #f6f7f8&nbsp;!important;}&#8221;][vc_column][vc_empty_space height=&#8221;60px&#8221;][\/vc_column][vc_column width=&#8221;1\/3&#8243;][mnky_service icon_fontawesome=&#8221;fas fa-bullseye&#8221; title=&#8221;What you will learn in the virtual workshop:&#8221; icon_color=&#8221;#993436&#8243;][\/mnky_service][vc_empty_space height=&#8221;30px&#8221;][\/vc_column][vc_column width=&#8221;2\/3&#8243;][vc_column_text]<\/p>\n<ul>\n<li>zrozumiesz znaczenie modelowania <strong>pozytywnych<\/strong> <strong>zachowa\u0144<\/strong> i&nbsp;dawania dobrego przyk\u0142adu,<\/li>\n<li>dowiesz si\u0119, jak zadba\u0107 o&nbsp;w\u0142a\u015bciw\u0105 <strong>komunikacj\u0119<\/strong> inicjatyw zmian,<\/li>\n<li>poznasz konkretne sposoby prowadzenia <strong>trudnych<\/strong> <strong>rozm\u00f3w<\/strong> i&nbsp;konstruktywnego rozwi\u0105zywania konflikt\u00f3w,<\/li>\n<li>zdob\u0119dziesz kompetencje pozwalaj\u0105ce <strong>budowa\u0107<\/strong> <strong>odporno\u015b\u0107<\/strong> i&nbsp;utrzymywa\u0107 zaanga\u017cowanie w&nbsp;trakcie procesu zmiany.<\/li>\n<\/ul>\n<p>[\/vc_column_text][\/vc_column][vc_column][vc_empty_space height=&#8221;60px&#8221;][\/vc_column][vc_column][vc_column_text]<div data-post-id=\"25000\" class=\"insert-page insert-page-25000 \"><style type=\"text\/css\" data-type=\"vc_shortcodes-custom-css\">.vc_custom_1647539472030{background-color: #f6f7f8 !important;}<\/style><p>[vc_row full_width=&#8221;stretch_row&#8221; css=&#8221;.vc_custom_1647539472030{background-color: #f6f7f8&nbsp;!important;}&#8221;][vc_column width=&#8221;1\/3&#8243;][mnky_service icon_fontawesome=&#8221;fas fa-laptop&#8221; title=&#8221;Zalety wirtualnych warsztat\u00f3w&#8221; icon_color=&#8221;#993436&#8243;][\/mnky_service][vc_empty_space height=&#8221;30px&#8221;][\/vc_column][vc_column width=&#8221;2\/3&#8243;][vc_column_text]<\/p>\n<ul>\n<li>gwarancja <strong>interaktywnego uczestnictwa w&nbsp;szkoleniu<\/strong> z&nbsp;wykorzystaniem narz\u0119dzi anga\u017cowania uczestnik\u00f3w,<\/li>\n<li>p\u00f3\u0142dniowe warsztaty umo\u017cliwiaj\u0105 <strong>elastyczn\u0105 organizacj\u0119 dnia pracy,<\/strong><\/li>\n<li><strong>budowanie relacji<\/strong> ze zdalnymi wsp\u00f3\u0142pracownikami poprzez wsp\u00f3lne uczestnictwo w&nbsp;szkoleniu,<\/li>\n<li>mo\u017cliwo\u015b\u0107 uczestniczenia w&nbsp;warsztacie <strong>z&nbsp;dowolnego miejsca<\/strong>, wystarczy dost\u0119p do&nbsp;komputera.<\/li>\n<\/ul>\n<p>[\/vc_column_text][\/vc_column][\/vc_row]<\/p>\n<\/div>[\/vc_column_text][\/vc_column][vc_column][vc_empty_space height=&#8221;60px&#8221;][vc_separator color=&#8221;black&#8221;][vc_empty_space height=&#8221;60px&#8221;][\/vc_column][\/vc_row][vc_row full_width=&#8221;stretch_row&#8221; css=&#8221;.vc_custom_1646653466361{background-color: #f6f7f8&nbsp;!important;}&#8221;][vc_column][vc_column_text]<\/p>\n<h2>Program wirtualnych warsztat\u00f3w<\/h2>\n<p>[\/vc_column_text][vc_empty_space height=&#8221;30px&#8221;][\/vc_column][\/vc_row][vc_row full_width=&#8221;stretch_row&#8221; gap=&#8221;35&#8243; equal_height=&#8221;yes&#8221; el_class=&#8221;training-parts&#8221; css=&#8221;.vc_custom_1647354153948{background-color: #f6f7f8&nbsp;!important;}&#8221;][vc_column width=&#8221;1\/2&#8243; el_class=&#8221;section&#8221;][vc_empty_space height=&#8221;30px&#8221;][vc_column_text]<\/p>\n<h3 style=\"text-align: center;\">Modu\u0142 I<\/h3>\n<h4 style=\"text-align: center;\">Podstawy zarz\u0105dzania zmian\u0105<\/h4>\n<ul>\n<li data-aria-posinset=\"1\" data-aria-level=\"1\">Czym jest zmiana i&nbsp;jak ludzie o&nbsp;niej my\u015bl\u0105 i&nbsp;j\u0105 odczuwaj\u0105?<\/li>\n<li data-aria-posinset=\"1\" data-aria-level=\"1\">Jakie s\u0105 fazy przechodzenia przez&nbsp;zmian\u0119 &#8211; koncepcja 4 pokoi zmiany.<\/li>\n<li data-aria-posinset=\"1\" data-aria-level=\"1\">Typowe postawy wobec zmian &#8211; jak je rozpozna\u0107 i&nbsp;jak sobie z&nbsp;nimi radzi\u0107?<\/li>\n<li data-aria-posinset=\"1\" data-aria-level=\"1\">Co zrobi\u0107 z&nbsp;emocjonalnymi reakcjami na&nbsp;zmian\u0119?<\/li>\n<li data-aria-posinset=\"1\" data-aria-level=\"1\">Komunikowanie zmian &#8211; jak si\u0119 komunikowa\u0107, aby&nbsp;si\u0119 zaanga\u017cowa\u0107?<\/li>\n<li data-aria-posinset=\"1\" data-aria-level=\"1\">Czy&nbsp;wszystkie zmiany s\u0105 dobre? Co zrobi\u0107, je\u015bli nie podoba mi si\u0119 konkretna zmiana?\u200b<\/li>\n<\/ul>\n<p>[\/vc_column_text][vc_empty_space height=&#8221;30px&#8221;][\/vc_column][vc_column width=&#8221;1\/2&#8243; el_class=&#8221;section&#8221;][vc_empty_space height=&#8221;30px&#8221;][vc_column_text]<\/p>\n<h3 style=\"text-align: center;\">Modu\u0142 II<\/h3>\n<h4 style=\"text-align: center;\">Przyw\u00f3dztwo w&nbsp;procesie zmian<\/h4>\n<ul>\n<li data-aria-posinset=\"1\" data-aria-level=\"1\">S\u0142o\u0144, je\u017adziec i&nbsp;\u015bcie\u017cka jako metafory zarz\u0105dzania zmian\u0105.<\/li>\n<li data-aria-posinset=\"1\" data-aria-level=\"1\">Odporno\u015b\u0107 na&nbsp;zmiany &#8211; jak j\u0105 rozpozna\u0107 i&nbsp;co z&nbsp;ni\u0105 zrobi\u0107?<\/li>\n<li data-aria-posinset=\"1\" data-aria-level=\"1\">Jakie jest 6 etap\u00f3w niepokoju<\/li>\n<li data-aria-posinset=\"1\" data-aria-level=\"1\">Jak utrzyma\u0107 zmian\u0119 &#8211; ma\u0142e rzeczy robi\u0105 wielk\u0105 r\u00f3\u017cnic\u0119<\/li>\n<li data-aria-posinset=\"1\" data-aria-level=\"1\">Studium przypadku &#8211; jak przeprowadzi\u0107 ludzi przez&nbsp;zmian\u0119, kt\u00f3rej obecnie do\u015bwiadczamy?<\/li>\n<li data-aria-posinset=\"1\" data-aria-level=\"1\">Co zmieni\u0119, aby&nbsp;lepiej przeprowadza\u0107 innych przez&nbsp;zmian\u0119?\u200b<\/li>\n<\/ul>\n<p>[\/vc_column_text][vc_empty_space height=&#8221;30px&#8221;][\/vc_column][\/vc_row][vc_row][vc_column][vc_column_text]<div data-post-id=\"24996\" class=\"insert-page insert-page-24996 \"><p>[vc_row full_width=&#8221;stretch_row&#8221;][vc_column][vc_empty_space height=&#8221;60px&#8221;][vc_column_text]<\/p>\n<h2>Harmonogram wirtualnych warsztat\u00f3w<\/h2>\n<p>[\/vc_column_text][vc_empty_space height=&#8221;60px&#8221;][\/vc_column][\/vc_row][vc_row][vc_column width=&#8221;1\/4&#8243;][mnky_service icon_fontawesome=&#8221;fas fa-sign-in-alt&#8221; title=&#8221;Diagnoza i&nbsp;prework&#8221; icon_color=&#8221;#993436&#8243;][\/mnky_service][vc_empty_space height=&#8221;30px&#8221;][\/vc_column][vc_column width=&#8221;3\/4&#8243;][vc_column_text]<\/p>\n<ul>\n<li style=\"font-weight: 400;\" aria-level=\"1\"><span style=\"font-weight: 400;\"><strong>wywiad<\/strong> ze sponsorem projektu<\/span><\/li>\n<li style=\"font-weight: 400;\" aria-level=\"1\"><span style=\"font-weight: 400;\">diagnoza potrzeb uczestniczek i&nbsp;uczestnik\u00f3w (<strong>ankieta i&nbsp;rozmowy<\/strong>)<\/span><\/li>\n<li style=\"font-weight: 400;\" aria-level=\"1\"><span style=\"font-weight: 400;\"><strong>prework<\/strong> dla&nbsp;uczestniczek i&nbsp;uczestnik\u00f3w (materia\u0142 do&nbsp;obejrzenia, przeczytania, przes\u0142uchania)<\/span><\/li>\n<\/ul>\n<p>[\/vc_column_text][\/vc_column][\/vc_row][vc_row][vc_column][vc_empty_space height=&#8221;60px&#8221;][\/vc_column][\/vc_row][vc_row][vc_column width=&#8221;1\/4&#8243;][mnky_service icon_fontawesome=&#8221;fas fa-chalkboard-teacher&#8221; title=&#8221;Wirtualne warsztaty&#8221; icon_color=&#8221;#993436&#8243;][\/mnky_service][vc_empty_space height=&#8221;30px&#8221;][\/vc_column][vc_column width=&#8221;3\/4&#8243;][vc_column_text]<\/p>\n<ul>\n<li>czas trwania szkolenia: <strong>2 warsztaty po&nbsp;3,5 h<\/strong><\/li>\n<li><strong>interaktywne metody pracy:<\/strong> dyskusje, czat, wirtualne tablice, ankiety, filmiki, case study, praca w&nbsp;podgrupach, narz\u0119dzia zewn\u0119trzne (Mentimeter, Miro, Funretro)<\/li>\n<li>wielko\u015b\u0107 grupy: <strong>do&nbsp;12 os\u00f3b<\/strong><\/li>\n<\/ul>\n<p>[\/vc_column_text][\/vc_column][\/vc_row][vc_row][vc_column][vc_empty_space height=&#8221;60px&#8221;][\/vc_column][\/vc_row][vc_row][vc_column width=&#8221;1\/4&#8243;][mnky_service icon_fontawesome=&#8221;fas fa-paper-plane&#8221; title=&#8221;Podsumowanie i&nbsp;follow up&#8221; icon_color=&#8221;#993436&#8243;][\/mnky_service][vc_empty_space height=&#8221;30px&#8221;][\/vc_column][vc_column width=&#8221;3\/4&#8243;][vc_column_text]<\/p>\n<ul>\n<li style=\"font-weight: 400;\" aria-level=\"1\"><span style=\"font-weight: 400;\"><strong>materia\u0142y szkoleniowe<\/strong> dla&nbsp;uczestniczek i&nbsp;uczestnik\u00f3w<\/span><\/li>\n<li style=\"font-weight: 400;\" aria-level=\"1\"><span style=\"font-weight: 400;\">dost\u0119p do&nbsp;<strong>bazy wiedzy ETTA<\/strong><\/span><\/li>\n<li style=\"font-weight: 400;\" aria-level=\"1\"><span style=\"font-weight: 400;\"><strong>rozmowa podsumowuj\u0105ca<\/strong> ze sponsorem projektu<\/span><\/li>\n<\/ul>\n<p>[\/vc_column_text][\/vc_column][\/vc_row][vc_row][vc_column][vc_empty_space height=&#8221;60px&#8221;][\/vc_column][\/vc_row][vc_row full_width=&#8221;stretch_row&#8221;][vc_column][vc_empty_space height=&#8221;30px&#8221;][vc_column_text el_class=&#8221;button cta&#8221;]<\/p>\n<p style=\"text-align: center;\"><a class=\"ps2id\" href=\"#skonsultuj-szkolenie\">Skonsultuj szkolenie<\/a><\/p>\n<p>[\/vc_column_text][vc_empty_space height=&#8221;60px&#8221;][\/vc_column][\/vc_row]<\/p>\n<\/div>[\/vc_column_text][\/vc_column][\/vc_row]<\/p>\n","protected":false},"excerpt":{"rendered":"<p>[vc_row full_width=&#8221;stretch_row&#8221; css=&#8221;.vc_custom_1650546357111{background-image: url(https:\/\/ettagoglobal.com\/wp-content\/uploads\/2022\/04\/background-lider-wirtualnego-zespolu.jpg?id=24822)&nbsp;!important;background-position: center&nbsp;!important;background-repeat: no-repeat&nbsp;!important;background-size: cover&nbsp;!important;}&#8221; el_class=&#8221;main-slide&#8221;][vc_column width=&#8221;2\/3&#8243;][vc_empty_space height=&#8221;100px&#8221;][vc_column_text] Przyw\u00f3dztwo Prowadzenie ludzi przez&nbsp;zmiany [\/vc_column_text][vc_empty_space height=&#8221;30px&#8221;][vc_column_text]Poruszaj si\u0119 pewnie po&nbsp;zmianach organizacyjnych. &hellip; <\/p>\n","protected":false},"author":7,"featured_media":24825,"parent":29232,"menu_order":34,"comment_status":"closed","ping_status":"closed","template":"page-no-paddings.php","meta":{"_acf_changed":false,"footnotes":"","_links_to":"","_links_to_target":""},"class_list":["post-28371","page","type-page","status-publish","has-post-thumbnail","hentry"],"acf":[],"yoast_head":"<!-- This site is optimized with the Yoast SEO plugin v27.3 - https:\/\/yoast.com\/product\/yoast-seo-wordpress\/ -->\n<title>Prowadzenie ludzi przez zmiany - ETTA<\/title>\n<meta name=\"description\" content=\"Przyw\u00f3dztwo w procesie zmian to wa\u017cna umiej\u0119tno\u015b\u0107 dla lider\u00f3w pracuj\u0105cych w globalnych organizacjach. Wybierz szkolenie z ETTA!\" \/>\n<meta name=\"robots\" content=\"index, follow, max-snippet:-1, max-image-preview:large, max-video-preview:-1\" \/>\n<link rel=\"canonical\" href=\"https:\/\/ettagoglobal.com\/pl\/przywodztwo-warsztaty\/prowadzenie-ludzi-przez-zmiany\/\" \/>\n<meta property=\"og:locale\" content=\"pl_PL\" \/>\n<meta property=\"og:type\" content=\"article\" \/>\n<meta property=\"og:title\" content=\"Prowadzenie ludzi przez zmiany - ETTA\" \/>\n<meta property=\"og:description\" content=\"Przyw\u00f3dztwo w procesie zmian to wa\u017cna umiej\u0119tno\u015b\u0107 dla lider\u00f3w pracuj\u0105cych w globalnych organizacjach. Wybierz szkolenie z ETTA!\" \/>\n<meta property=\"og:url\" content=\"https:\/\/ettagoglobal.com\/pl\/przywodztwo-warsztaty\/prowadzenie-ludzi-przez-zmiany\/\" \/>\n<meta property=\"og:site_name\" content=\"ETTA\" \/>\n<meta property=\"article:modified_time\" content=\"2024-12-18T21:02:44+00:00\" \/>\n<meta property=\"og:image\" content=\"https:\/\/ettagoglobal.com\/wp-content\/uploads\/2022\/04\/lider-wirtualnego-zespolu.jpg\" \/>\n\t<meta property=\"og:image:width\" content=\"400\" \/>\n\t<meta property=\"og:image:height\" content=\"400\" \/>\n\t<meta property=\"og:image:type\" content=\"image\/jpeg\" \/>\n<meta name=\"twitter:card\" content=\"summary_large_image\" \/>\n<meta name=\"twitter:label1\" content=\"Szacowany czas czytania\" \/>\n\t<meta name=\"twitter:data1\" content=\"2 minuty\" \/>\n<script type=\"application\/ld+json\" class=\"yoast-schema-graph\">{\"@context\":\"https:\\\/\\\/schema.org\",\"@graph\":[{\"@type\":\"WebPage\",\"@id\":\"https:\\\/\\\/ettagoglobal.com\\\/pl\\\/przywodztwo-warsztaty\\\/prowadzenie-ludzi-przez-zmiany\\\/\",\"url\":\"https:\\\/\\\/ettagoglobal.com\\\/pl\\\/przywodztwo-warsztaty\\\/prowadzenie-ludzi-przez-zmiany\\\/\",\"name\":\"Prowadzenie ludzi przez zmiany - ETTA\",\"isPartOf\":{\"@id\":\"https:\\\/\\\/ettagoglobal.com\\\/#website\"},\"primaryImageOfPage\":{\"@id\":\"https:\\\/\\\/ettagoglobal.com\\\/pl\\\/przywodztwo-warsztaty\\\/prowadzenie-ludzi-przez-zmiany\\\/#primaryimage\"},\"image\":{\"@id\":\"https:\\\/\\\/ettagoglobal.com\\\/pl\\\/przywodztwo-warsztaty\\\/prowadzenie-ludzi-przez-zmiany\\\/#primaryimage\"},\"thumbnailUrl\":\"https:\\\/\\\/ettagoglobal.com\\\/wp-content\\\/uploads\\\/2022\\\/04\\\/lider-wirtualnego-zespolu.jpg\",\"datePublished\":\"2024-04-15T12:01:12+00:00\",\"dateModified\":\"2024-12-18T21:02:44+00:00\",\"description\":\"Przyw\u00f3dztwo w procesie zmian to wa\u017cna umiej\u0119tno\u015b\u0107 dla lider\u00f3w pracuj\u0105cych w globalnych organizacjach. Wybierz szkolenie z ETTA!\",\"breadcrumb\":{\"@id\":\"https:\\\/\\\/ettagoglobal.com\\\/pl\\\/przywodztwo-warsztaty\\\/prowadzenie-ludzi-przez-zmiany\\\/#breadcrumb\"},\"inLanguage\":\"pl-PL\",\"potentialAction\":[{\"@type\":\"ReadAction\",\"target\":[\"https:\\\/\\\/ettagoglobal.com\\\/pl\\\/przywodztwo-warsztaty\\\/prowadzenie-ludzi-przez-zmiany\\\/\"]}]},{\"@type\":\"ImageObject\",\"inLanguage\":\"pl-PL\",\"@id\":\"https:\\\/\\\/ettagoglobal.com\\\/pl\\\/przywodztwo-warsztaty\\\/prowadzenie-ludzi-przez-zmiany\\\/#primaryimage\",\"url\":\"https:\\\/\\\/ettagoglobal.com\\\/wp-content\\\/uploads\\\/2022\\\/04\\\/lider-wirtualnego-zespolu.jpg\",\"contentUrl\":\"https:\\\/\\\/ettagoglobal.com\\\/wp-content\\\/uploads\\\/2022\\\/04\\\/lider-wirtualnego-zespolu.jpg\",\"width\":400,\"height\":400},{\"@type\":\"BreadcrumbList\",\"@id\":\"https:\\\/\\\/ettagoglobal.com\\\/pl\\\/przywodztwo-warsztaty\\\/prowadzenie-ludzi-przez-zmiany\\\/#breadcrumb\",\"itemListElement\":[{\"@type\":\"ListItem\",\"position\":1,\"name\":\"Strona g\u0142\u00f3wna\",\"item\":\"https:\\\/\\\/ettagoglobal.com\\\/pl\\\/home-2\\\/\"},{\"@type\":\"ListItem\",\"position\":2,\"name\":\"Przyw\u00f3dztwo Warsztaty\",\"item\":\"https:\\\/\\\/ettagoglobal.com\\\/pl\\\/przywodztwo-warsztaty\\\/\"},{\"@type\":\"ListItem\",\"position\":3,\"name\":\"Prowadzenie ludzi przez zmiany\"}]},{\"@type\":\"WebSite\",\"@id\":\"https:\\\/\\\/ettagoglobal.com\\\/#website\",\"url\":\"https:\\\/\\\/ettagoglobal.com\\\/\",\"name\":\"ETTA\",\"description\":\"Global Connections. Let&#039;s do it bETTA!\",\"potentialAction\":[{\"@type\":\"SearchAction\",\"target\":{\"@type\":\"EntryPoint\",\"urlTemplate\":\"https:\\\/\\\/ettagoglobal.com\\\/?s={search_term_string}\"},\"query-input\":{\"@type\":\"PropertyValueSpecification\",\"valueRequired\":true,\"valueName\":\"search_term_string\"}}],\"inLanguage\":\"pl-PL\"}]}<\/script>\n<!-- \/ Yoast SEO plugin. -->","yoast_head_json":{"title":"Prowadzenie ludzi przez zmiany - ETTA","description":"Przyw\u00f3dztwo w procesie zmian to wa\u017cna umiej\u0119tno\u015b\u0107 dla lider\u00f3w pracuj\u0105cych w globalnych organizacjach. Wybierz szkolenie z ETTA!","robots":{"index":"index","follow":"follow","max-snippet":"max-snippet:-1","max-image-preview":"max-image-preview:large","max-video-preview":"max-video-preview:-1"},"canonical":"https:\/\/ettagoglobal.com\/pl\/przywodztwo-warsztaty\/prowadzenie-ludzi-przez-zmiany\/","og_locale":"pl_PL","og_type":"article","og_title":"Prowadzenie ludzi przez zmiany - ETTA","og_description":"Przyw\u00f3dztwo w procesie zmian to wa\u017cna umiej\u0119tno\u015b\u0107 dla lider\u00f3w pracuj\u0105cych w globalnych organizacjach. Wybierz szkolenie z ETTA!","og_url":"https:\/\/ettagoglobal.com\/pl\/przywodztwo-warsztaty\/prowadzenie-ludzi-przez-zmiany\/","og_site_name":"ETTA","article_modified_time":"2024-12-18T21:02:44+00:00","og_image":[{"width":400,"height":400,"url":"https:\/\/ettagoglobal.com\/wp-content\/uploads\/2022\/04\/lider-wirtualnego-zespolu.jpg","type":"image\/jpeg"}],"twitter_card":"summary_large_image","twitter_misc":{"Szacowany czas czytania":"2 minuty"},"schema":{"@context":"https:\/\/schema.org","@graph":[{"@type":"WebPage","@id":"https:\/\/ettagoglobal.com\/pl\/przywodztwo-warsztaty\/prowadzenie-ludzi-przez-zmiany\/","url":"https:\/\/ettagoglobal.com\/pl\/przywodztwo-warsztaty\/prowadzenie-ludzi-przez-zmiany\/","name":"Prowadzenie ludzi przez zmiany - ETTA","isPartOf":{"@id":"https:\/\/ettagoglobal.com\/#website"},"primaryImageOfPage":{"@id":"https:\/\/ettagoglobal.com\/pl\/przywodztwo-warsztaty\/prowadzenie-ludzi-przez-zmiany\/#primaryimage"},"image":{"@id":"https:\/\/ettagoglobal.com\/pl\/przywodztwo-warsztaty\/prowadzenie-ludzi-przez-zmiany\/#primaryimage"},"thumbnailUrl":"https:\/\/ettagoglobal.com\/wp-content\/uploads\/2022\/04\/lider-wirtualnego-zespolu.jpg","datePublished":"2024-04-15T12:01:12+00:00","dateModified":"2024-12-18T21:02:44+00:00","description":"Przyw\u00f3dztwo w procesie zmian to wa\u017cna umiej\u0119tno\u015b\u0107 dla lider\u00f3w pracuj\u0105cych w globalnych organizacjach. Wybierz szkolenie z ETTA!","breadcrumb":{"@id":"https:\/\/ettagoglobal.com\/pl\/przywodztwo-warsztaty\/prowadzenie-ludzi-przez-zmiany\/#breadcrumb"},"inLanguage":"pl-PL","potentialAction":[{"@type":"ReadAction","target":["https:\/\/ettagoglobal.com\/pl\/przywodztwo-warsztaty\/prowadzenie-ludzi-przez-zmiany\/"]}]},{"@type":"ImageObject","inLanguage":"pl-PL","@id":"https:\/\/ettagoglobal.com\/pl\/przywodztwo-warsztaty\/prowadzenie-ludzi-przez-zmiany\/#primaryimage","url":"https:\/\/ettagoglobal.com\/wp-content\/uploads\/2022\/04\/lider-wirtualnego-zespolu.jpg","contentUrl":"https:\/\/ettagoglobal.com\/wp-content\/uploads\/2022\/04\/lider-wirtualnego-zespolu.jpg","width":400,"height":400},{"@type":"BreadcrumbList","@id":"https:\/\/ettagoglobal.com\/pl\/przywodztwo-warsztaty\/prowadzenie-ludzi-przez-zmiany\/#breadcrumb","itemListElement":[{"@type":"ListItem","position":1,"name":"Strona g\u0142\u00f3wna","item":"https:\/\/ettagoglobal.com\/pl\/home-2\/"},{"@type":"ListItem","position":2,"name":"Przyw\u00f3dztwo Warsztaty","item":"https:\/\/ettagoglobal.com\/pl\/przywodztwo-warsztaty\/"},{"@type":"ListItem","position":3,"name":"Prowadzenie ludzi przez zmiany"}]},{"@type":"WebSite","@id":"https:\/\/ettagoglobal.com\/#website","url":"https:\/\/ettagoglobal.com\/","name":"ETTA","description":"Global Connections. Let&#039;s do it bETTA!","potentialAction":[{"@type":"SearchAction","target":{"@type":"EntryPoint","urlTemplate":"https:\/\/ettagoglobal.com\/?s={search_term_string}"},"query-input":{"@type":"PropertyValueSpecification","valueRequired":true,"valueName":"search_term_string"}}],"inLanguage":"pl-PL"}]}},"_links":{"self":[{"href":"https:\/\/ettagoglobal.com\/pl\/wp-json\/wp\/v2\/pages\/28371","targetHints":{"allow":["GET"]}}],"collection":[{"href":"https:\/\/ettagoglobal.com\/pl\/wp-json\/wp\/v2\/pages"}],"about":[{"href":"https:\/\/ettagoglobal.com\/pl\/wp-json\/wp\/v2\/types\/page"}],"author":[{"embeddable":true,"href":"https:\/\/ettagoglobal.com\/pl\/wp-json\/wp\/v2\/users\/7"}],"replies":[{"embeddable":true,"href":"https:\/\/ettagoglobal.com\/pl\/wp-json\/wp\/v2\/comments?post=28371"}],"version-history":[{"count":2,"href":"https:\/\/ettagoglobal.com\/pl\/wp-json\/wp\/v2\/pages\/28371\/revisions"}],"predecessor-version":[{"id":29418,"href":"https:\/\/ettagoglobal.com\/pl\/wp-json\/wp\/v2\/pages\/28371\/revisions\/29418"}],"up":[{"embeddable":true,"href":"https:\/\/ettagoglobal.com\/pl\/wp-json\/wp\/v2\/pages\/29232"}],"wp:featuredmedia":[{"embeddable":true,"href":"https:\/\/ettagoglobal.com\/pl\/wp-json\/wp\/v2\/media\/24825"}],"wp:attachment":[{"href":"https:\/\/ettagoglobal.com\/pl\/wp-json\/wp\/v2\/media?parent=28371"}],"curies":[{"name":"wp","href":"https:\/\/api.w.org\/{rel}","templated":true}]}}