{"id":28357,"date":"2024-04-15T11:04:14","date_gmt":"2024-04-15T11:04:14","guid":{"rendered":"https:\/\/ettagoglobal.com\/?page_id=28357"},"modified":"2024-12-18T00:28:48","modified_gmt":"2024-12-18T00:28:48","slug":"zarzadzanie-miedzynarodowymi-partnerami","status":"publish","type":"page","link":"https:\/\/ettagoglobal.com\/pl\/wspolpraca-miedzykulturowa-warsztaty\/zarzadzanie-miedzynarodowymi-partnerami\/","title":{"rendered":"Zarz\u0105dzanie mi\u0119dzynarodowymi partnerami"},"content":{"rendered":"<p>[vc_row full_width=&#8221;stretch_row&#8221; css=&#8221;.vc_custom_1650546745783{background-image: url(https:\/\/ettagoglobal.com\/wp-content\/uploads\/2022\/04\/background-efektywna-wspolpraca-z-hindusami-niemcami-francuzami-i-innymi-kulturami.jpg?id=24835)&nbsp;!important;background-position: center&nbsp;!important;background-repeat: no-repeat&nbsp;!important;background-size: cover&nbsp;!important;}&#8221; el_class=&#8221;main-slide&#8221;][vc_column width=&#8221;2\/3&#8243;][vc_empty_space height=&#8221;100px&#8221;][vc_column_text]<\/p>\n<h2>Wsp\u00f3\u0142praca mi\u0119dzykulturowa<\/h2>\n<h1>Zarz\u0105dzanie mi\u0119dzynarodowymi partnerami<\/h1>\n<p>[\/vc_column_text][vc_empty_space height=&#8221;30px&#8221;][vc_column_text]Podnie\u015b swoje umiej\u0119tno\u015bci zarz\u0105dzania interesariuszami do&nbsp;poziomu globalnego dzi\u0119ki naszemu dostosowanemu programowi szkoleniowemu. Poznaj podstawowe strategie skutecznej komunikacji, budowania relacji i&nbsp;rozwi\u0105zywania konflikt\u00f3w w&nbsp;r\u00f3\u017cnych kontekstach kulturowych.[\/vc_column_text][vc_empty_space height=&#8221;100px&#8221;][\/vc_column][vc_column width=&#8221;1\/3&#8243;][\/vc_column][\/vc_row][vc_row el_class=&#8221;training-for&#8221;][vc_column][vc_empty_space height=&#8221;60px&#8221;][\/vc_column][vc_column width=&#8221;1\/3&#8243;][mnky_service icon_fontawesome=&#8221;fas fa-user-tie&#8221; title=&#8221;Dla kogo jest to szkolenie?&#8221; icon_color=&#8221;#993436&#8243;][\/mnky_service][vc_empty_space height=&#8221;30px&#8221;][\/vc_column][vc_column width=&#8221;1\/3&#8243; el_class=&#8221;center-column&#8221;][vc_column_text]<span style=\"font-weight: 400;\">Dla<strong> mened\u017cer\u00f3w, cz\u0142onk\u00f3w zespo\u0142u<\/strong> pracuj\u0105cego na&nbsp;dany kraj oraz&nbsp;specjalist\u00f3w wsp\u00f3\u0142pracuj\u0105cych projektowo z&nbsp;osobami\u00a0 z&nbsp;Indii, Niemiec, Francji i&nbsp;innych kraj\u00f3w.<\/span>[\/vc_column_text][\/vc_column][vc_column width=&#8221;1\/3&#8243; el_class=&#8221;contact-form&#8221;][vc_column_text]<div data-post-id=\"26109\" class=\"insert-page insert-page-26109 \"><p>[vc_row el_id=&#8221;skonsultuj-szkolenie&#8221;][vc_column][vc_column_text]<\/p>\n<h2>Skonsultuj szkolenie<\/h2>\n<p>[\/vc_column_text][vc_empty_space height=&#8221;30px&#8221;]\n<div class=\"wpcf7 no-js\" id=\"wpcf7-f1454-p26109-o1\" lang=\"pl-PL\" dir=\"ltr\" data-wpcf7-id=\"1454\">\n<div class=\"screen-reader-response\"><p role=\"status\" aria-live=\"polite\" aria-atomic=\"true\"><\/p> <ul><\/ul><\/div>\n<form action=\"\/pl\/wp-json\/wp\/v2\/pages\/28357#wpcf7-f1454-p26109-o1\" method=\"post\" class=\"wpcf7-form init\" aria-label=\"Formularz kontaktowy\" novalidate=\"novalidate\" data-status=\"init\">\n<fieldset class=\"hidden-fields-container\"><input type=\"hidden\" name=\"_wpcf7\" value=\"1454\" \/><input type=\"hidden\" name=\"_wpcf7_version\" value=\"6.1.5\" \/><input type=\"hidden\" name=\"_wpcf7_locale\" value=\"pl_PL\" \/><input type=\"hidden\" name=\"_wpcf7_unit_tag\" value=\"wpcf7-f1454-p26109-o1\" \/><input type=\"hidden\" name=\"_wpcf7_container_post\" value=\"26109\" \/><input type=\"hidden\" name=\"_wpcf7_posted_data_hash\" value=\"\" \/><input type=\"hidden\" name=\"_wpcf7_recaptcha_response\" value=\"\" \/>\n<\/fieldset>\n<div>\n\t<p><span class=\"wpcf7-form-control-wrap\" data-name=\"your-tel\"><input size=\"40\" maxlength=\"400\" class=\"wpcf7-form-control wpcf7-tel wpcf7-validates-as-required wpcf7-text wpcf7-validates-as-tel\" autocomplete=\"off\" aria-required=\"true\" aria-invalid=\"false\" placeholder=\"Numer telefonu\" value=\"\" type=\"tel\" name=\"your-tel\" \/><\/span>\n\t<\/p>\n<\/div>\n<div>\n\t<p><span class=\"wpcf7-form-control-wrap\" data-name=\"your-email\"><input size=\"40\" maxlength=\"400\" class=\"wpcf7-form-control wpcf7-email wpcf7-validates-as-required wpcf7-text wpcf7-validates-as-email\" autocomplete=\"off\" aria-required=\"true\" aria-invalid=\"false\" placeholder=\"Firmowy adres e-mail\" value=\"\" type=\"email\" name=\"your-email\" \/><\/span>\n\t<\/p>\n<\/div>\n<div>\n\t<p><span class=\"wpcf7-form-control-wrap\" data-name=\"your-subject\"><textarea cols=\"40\" rows=\"10\" maxlength=\"2000\" class=\"wpcf7-form-control wpcf7-textarea wpcf7-validates-as-required\" autocomplete=\"off\" aria-required=\"true\" aria-invalid=\"false\" placeholder=\"Temat rozmowy\" name=\"your-subject\"><\/textarea><\/span>\n\t<\/p>\n<\/div>\n<div>\n\t<p><span class=\"wpcf7-form-control-wrap\" data-name=\"acceptance-1\"><span class=\"wpcf7-form-control wpcf7-acceptance\"><span class=\"wpcf7-list-item\"><label><input type=\"checkbox\" name=\"acceptance-1\" value=\"1\" aria-invalid=\"false\" \/><span class=\"wpcf7-list-item-label\">Wyra\u017casz zgod\u0119 na kontakt telefoniczny w celu obs\u0142ugi niniejszego zg\u0142oszenia. Wyra\u017casz zgod\u0119 na otrzymywanie informacji handlowych \u015brodkami komunikacji elektronicznej wysy\u0142anymi przez www.ettagoglobal.com oraz na wykorzystanie komunikacji email w celach marketingowych <a href=\"https:\/\/ettagoglobal.com\/pl\/polityka-prywatnosci\/\" target=\"_blank\">(Polityka Prywatno\u015bci)<\/a>.<\/span><\/label><\/span><\/span><\/span>\n\t<\/p>\n<\/div>\n<div>\n\t<p><input class=\"wpcf7-form-control wpcf7-submit has-spinner\" type=\"submit\" value=\"Wy\u015blij\" \/>\n\t<\/p>\n<\/div>\n<div style=\"display:none;\">\n\t<p><span class=\"wpcf7-form-control-wrap\" data-name=\"page-url\"><input size=\"40\" maxlength=\"400\" class=\"wpcf7-form-control wpcf7-text\" aria-invalid=\"false\" value=\"https:\/\/www.ettagoglobal.com\/pl\/wp-json\/wp\/v2\/pages\/28357\" type=\"text\" name=\"page-url\" \/><\/span>\n\t<\/p>\n<\/div><div class=\"wpcf7-response-output\" aria-hidden=\"true\"><\/div>\n<\/form>\n<\/div>\n[\/vc_column][\/vc_row]<\/p>\n<\/div>[\/vc_column_text][\/vc_column][vc_column][vc_empty_space height=&#8221;60px&#8221;][\/vc_column][\/vc_row][vc_row full_width=&#8221;stretch_row&#8221; css=&#8221;.vc_custom_1647539472030{background-color: #f6f7f8&nbsp;!important;}&#8221;][vc_column][vc_empty_space height=&#8221;60px&#8221;][\/vc_column][vc_column width=&#8221;1\/3&#8243;][mnky_service icon_fontawesome=&#8221;fas fa-bullseye&#8221; title=&#8221;Cele \/ Czego nauczysz si\u0119 na&nbsp;wirtualnym warsztacie&#8221; icon_color=&#8221;#993436&#8243;][\/mnky_service][vc_empty_space height=&#8221;30px&#8221;][\/vc_column][vc_column width=&#8221;2\/3&#8243;][vc_column_text]<\/p>\n<ul>\n<li><strong>jakie warto\u015bci<\/strong> rz\u0105dz\u0105ce \u015bwiatem Twojego partnera biznesowego oraz&nbsp;interpretowa\u0107 jego zachowania,<\/li>\n<li>sk\u0105d bior\u0105 si\u0119 niezrozumia\u0142e dla&nbsp;Ciebie zachowania i&nbsp;<strong>jak sobie z&nbsp;nimi radzi\u0107<\/strong>,<\/li>\n<li>jak <strong>znajomo\u015b\u0107 wymiar\u00f3w kultury<\/strong> przek\u0142ada si\u0119 na&nbsp;bardziej efektywn\u0105 komunikacj\u0119 i&nbsp;wsp\u00f3\u0142prac\u0119,<\/li>\n<li>ustala\u0107 i&nbsp;egzekwowa\u0107 zasady usprawniaj\u0105ce<strong> realizacj\u0119 wsp\u00f3lnych mi\u0119dzynarodowych projekt\u00f3w<\/strong>.<\/li>\n<\/ul>\n<p>[\/vc_column_text][\/vc_column][vc_column][vc_empty_space height=&#8221;60px&#8221;][\/vc_column][vc_column][vc_column_text]<div data-post-id=\"24685\" class=\"insert-page insert-page-24685 \"><style type=\"text\/css\" data-type=\"vc_shortcodes-custom-css\">.vc_custom_1647539472030{background-color: #f6f7f8 !important;}<\/style><p>[vc_row full_width=&#8221;stretch_row&#8221; css=&#8221;.vc_custom_1647539472030{background-color: #f6f7f8&nbsp;!important;}&#8221;][vc_column width=&#8221;1\/3&#8243;][mnky_service icon_fontawesome=&#8221;fas fa-laptop&#8221; title=&#8221;Zalety wirtualnych warsztat\u00f3w&#8221; icon_color=&#8221;#993436&#8243;][\/mnky_service][vc_empty_space height=&#8221;30px&#8221;][\/vc_column][vc_column width=&#8221;2\/3&#8243;][vc_column_text]<\/p>\n<ul>\n<li>gwarancja <strong>interaktywnego uczestnictwa w&nbsp;szkoleniu<\/strong> z&nbsp;wykorzystaniem narz\u0119dzi anga\u017cowania uczestnik\u00f3w,<\/li>\n<li>p\u00f3\u0142dniowe warsztaty umo\u017cliwiaj\u0105 <strong>elastyczn\u0105 organizacj\u0119 dnia pracy,<\/strong><\/li>\n<li><strong>budowanie relacji<\/strong> ze zdalnymi wsp\u00f3\u0142pracownikami poprzez wsp\u00f3lne uczestnictwo w&nbsp;szkoleniu,<\/li>\n<li>mo\u017cliwo\u015b\u0107 uczestniczenia w&nbsp;warsztacie <strong>z&nbsp;dowolnego miejsca<\/strong>, wystarczy dost\u0119p do&nbsp;komputera.<\/li>\n<\/ul>\n<p>[\/vc_column_text][\/vc_column][\/vc_row]<\/p>\n<\/div>[\/vc_column_text][\/vc_column][vc_column][vc_empty_space height=&#8221;60px&#8221;][vc_separator color=&#8221;black&#8221;][vc_empty_space height=&#8221;60px&#8221;][\/vc_column][\/vc_row][vc_row full_width=&#8221;stretch_row&#8221; css=&#8221;.vc_custom_1646653466361{background-color: #f6f7f8&nbsp;!important;}&#8221;][vc_column][vc_column_text]<\/p>\n<h2>Program wirtualnych warsztat\u00f3w<\/h2>\n<p>[\/vc_column_text][vc_empty_space height=&#8221;30px&#8221;][\/vc_column][\/vc_row][vc_row full_width=&#8221;stretch_row&#8221; gap=&#8221;35&#8243; equal_height=&#8221;yes&#8221; el_class=&#8221;training-parts&#8221; css=&#8221;.vc_custom_1647354153948{background-color: #f6f7f8&nbsp;!important;}&#8221;][vc_column width=&#8221;1\/2&#8243; el_class=&#8221;section&#8221;][vc_empty_space height=&#8221;30px&#8221;][vc_column_text]<\/p>\n<h3 style=\"text-align: center;\">Modu\u0142 I<\/h3>\n<h4 style=\"text-align: center;\">Poznawanie kultury<\/h4>\n<ul>\n<li style=\"font-weight: 400;\" aria-level=\"1\">Co oznacza dla&nbsp;mnie skuteczna komunikacja z&nbsp;interesariuszami?<\/li>\n<li style=\"font-weight: 400;\" aria-level=\"1\">Kontekst mojego autorytetu w&nbsp;mojej roli<\/li>\n<li style=\"font-weight: 400;\" aria-level=\"1\">Moja rola w&nbsp;organizacji i&nbsp;spos\u00f3b jej rozumienia przez&nbsp;osoby z&nbsp;r\u00f3\u017cnych \u015brodowisk kulturowych &#8211; wprowadzenie do&nbsp;wymiaru kulturowego dystansu w\u0142adzy<\/li>\n<li style=\"font-weight: 400;\" aria-level=\"1\">M\u00f3j autorytet jako lidera &#8211; jak go rozwija\u0107 w&nbsp;oparciu o&nbsp;moj\u0105 wiedz\u0119 o&nbsp;pochodzeniu interesariuszy?<\/li>\n<li style=\"font-weight: 400;\" aria-level=\"1\">Moje przekonania dotycz\u0105ce mojej roli &#8211; do&nbsp;czego daj\u0119 sobie prawo? Jakie s\u0105 moje obawy?<\/li>\n<li style=\"font-weight: 400;\" aria-level=\"1\">Jak dobrze si\u0119 zaprezentowa\u0107? Jak skutecznie prezentowa\u0107 si\u0119 w&nbsp;r\u00f3\u017cnych kulturach?<\/li>\n<li style=\"font-weight: 400;\" aria-level=\"1\">Elementy asertywnej komunikacji z&nbsp;interesariuszami i&nbsp;jak dostosowa\u0107 je do&nbsp;kontekstu interesariusza<\/li>\n<li style=\"font-weight: 400;\" aria-level=\"1\">Wyra\u017canie w\u0142asnych opinii i&nbsp;decyzji<\/li>\n<\/ul>\n<p>[\/vc_column_text][vc_empty_space height=&#8221;30px&#8221;][\/vc_column][vc_column width=&#8221;1\/2&#8243; el_class=&#8221;section&#8221;][vc_empty_space height=&#8221;30px&#8221;][vc_column_text]<\/p>\n<h3 style=\"text-align: center;\">Modu\u0142 II<\/h3>\n<h4 style=\"text-align: center;\">Wsp\u00f3\u0142praca i&nbsp;komunikacja<\/h4>\n<ul>\n<li>Odpowiadanie na&nbsp;krytyk\u0119 \/ zastrze\u017cenia \/ eskalacje<\/li>\n<li>Wywieranie wp\u0142ywu na&nbsp;innych &#8211; wybrane zasady perswazji &#8211; teoria i&nbsp;praktyka<\/li>\n<li>Komunikacja perswazyjna &#8211; metody i&nbsp;dzia\u0142ania na&nbsp;przyk\u0142adach uczestnik\u00f3w<\/li>\n<li>Perswazja &#8211; od czego zacz\u0105\u0107? Najpierw zasady czy&nbsp;najpierw zastosowanie<\/li>\n<li>Jak przekona\u0107 kogo\u015b w&nbsp;r\u00f3\u017cnych kulturach<\/li>\n<li>Prezentowanie w\u0142asnego sposobu my\u015blenia &#8211; jak odnie\u015b\u0107 sukces?<\/li>\n<li>Rozmowa skoncentrowana na&nbsp;rozwi\u0105zaniu &#8211; 4 etapy rozmowy diagnozuj\u0105cej stanowisko i&nbsp;interesy drugiej strony<\/li>\n<li>Jak zarz\u0105dza\u0107 mi\u0119dzynarodowymi interesariuszami &#8211; tworzenie planu dzia\u0142ania<\/li>\n<\/ul>\n<p>[\/vc_column_text][vc_empty_space height=&#8221;30px&#8221;][\/vc_column][\/vc_row][vc_row][vc_column][vc_column_text]<div data-post-id=\"24681\" class=\"insert-page insert-page-24681 \"><p>[vc_row full_width=&#8221;stretch_row&#8221;][vc_column][vc_empty_space height=&#8221;60px&#8221;][vc_column_text]<\/p>\n<h2>Harmonogram wirtualnych warsztat\u00f3w<\/h2>\n<p>[\/vc_column_text][vc_empty_space height=&#8221;60px&#8221;][\/vc_column][\/vc_row][vc_row][vc_column width=&#8221;1\/4&#8243;][mnky_service icon_fontawesome=&#8221;fas fa-sign-in-alt&#8221; title=&#8221;Diagnoza i&nbsp;prework&#8221; icon_color=&#8221;#993436&#8243;][\/mnky_service][vc_empty_space height=&#8221;30px&#8221;][\/vc_column][vc_column width=&#8221;3\/4&#8243;][vc_column_text]<\/p>\n<ul>\n<li style=\"font-weight: 400;\" aria-level=\"1\"><span style=\"font-weight: 400;\"><strong>wywiad<\/strong> ze sponsorem projektu<\/span><\/li>\n<li style=\"font-weight: 400;\" aria-level=\"1\"><span style=\"font-weight: 400;\">diagnoza potrzeb uczestniczek i&nbsp;uczestnik\u00f3w (<strong>ankieta i&nbsp;rozmowy<\/strong>)<\/span><\/li>\n<li style=\"font-weight: 400;\" aria-level=\"1\"><span style=\"font-weight: 400;\"><strong>prework<\/strong> dla&nbsp;uczestniczek i&nbsp;uczestnik\u00f3w (materia\u0142 do&nbsp;obejrzenia, przeczytania, przes\u0142uchania)<\/span><\/li>\n<\/ul>\n<p>[\/vc_column_text][\/vc_column][\/vc_row][vc_row][vc_column][vc_empty_space height=&#8221;60px&#8221;][\/vc_column][\/vc_row][vc_row][vc_column width=&#8221;1\/4&#8243;][mnky_service icon_fontawesome=&#8221;fas fa-chalkboard-teacher&#8221; title=&#8221;Wirtualne warsztaty&#8221; icon_color=&#8221;#993436&#8243;][\/mnky_service][vc_empty_space height=&#8221;30px&#8221;][\/vc_column][vc_column width=&#8221;3\/4&#8243;][vc_column_text]<\/p>\n<ul>\n<li>czas trwania szkolenia: <strong>2 warsztaty po&nbsp;3,5 h<\/strong><\/li>\n<li><strong>interaktywne metody pracy:<\/strong> dyskusje, czat, wirtualne tablice, ankiety, filmiki, case study, praca w&nbsp;podgrupach, narz\u0119dzia zewn\u0119trzne (Mentimeter, Miro, Funretro)<\/li>\n<li>wielko\u015b\u0107 grupy: <strong>do&nbsp;12 os\u00f3b<\/strong><\/li>\n<\/ul>\n<p>[\/vc_column_text][\/vc_column][\/vc_row][vc_row][vc_column][vc_empty_space height=&#8221;60px&#8221;][\/vc_column][\/vc_row][vc_row][vc_column width=&#8221;1\/4&#8243;][mnky_service icon_fontawesome=&#8221;fas fa-paper-plane&#8221; title=&#8221;Podsumowanie i&nbsp;follow up&#8221; icon_color=&#8221;#993436&#8243;][\/mnky_service][vc_empty_space height=&#8221;30px&#8221;][\/vc_column][vc_column width=&#8221;3\/4&#8243;][vc_column_text]<\/p>\n<ul>\n<li style=\"font-weight: 400;\" aria-level=\"1\"><span style=\"font-weight: 400;\"><strong>materia\u0142y szkoleniowe<\/strong> dla&nbsp;uczestniczek i&nbsp;uczestnik\u00f3w<\/span><\/li>\n<li style=\"font-weight: 400;\" aria-level=\"1\"><span style=\"font-weight: 400;\">dost\u0119p do&nbsp;<strong>bazy wiedzy ETTA<\/strong><\/span><\/li>\n<li style=\"font-weight: 400;\" aria-level=\"1\"><span style=\"font-weight: 400;\"><strong>rozmowa podsumowuj\u0105ca<\/strong> ze sponsorem projektu<\/span><\/li>\n<\/ul>\n<p>[\/vc_column_text][\/vc_column][\/vc_row][vc_row][vc_column][vc_empty_space height=&#8221;60px&#8221;][\/vc_column][\/vc_row][vc_row full_width=&#8221;stretch_row&#8221;][vc_column][vc_empty_space height=&#8221;30px&#8221;][vc_column_text el_class=&#8221;button cta&#8221;]<\/p>\n<p style=\"text-align: center;\"><a class=\"ps2id\" href=\"#skonsultuj-szkolenie\">Skonsultuj szkolenie<\/a><\/p>\n<p>[\/vc_column_text][vc_empty_space height=&#8221;60px&#8221;][\/vc_column][\/vc_row]<\/p>\n<\/div>[\/vc_column_text][\/vc_column][\/vc_row]<\/p>\n","protected":false},"excerpt":{"rendered":"<p>[vc_row full_width=&#8221;stretch_row&#8221; css=&#8221;.vc_custom_1650546745783{background-image: url(https:\/\/ettagoglobal.com\/wp-content\/uploads\/2022\/04\/background-efektywna-wspolpraca-z-hindusami-niemcami-francuzami-i-innymi-kulturami.jpg?id=24835)&nbsp;!important;background-position: center&nbsp;!important;background-repeat: no-repeat&nbsp;!important;background-size: cover&nbsp;!important;}&#8221; el_class=&#8221;main-slide&#8221;][vc_column width=&#8221;2\/3&#8243;][vc_empty_space height=&#8221;100px&#8221;][vc_column_text] Wsp\u00f3\u0142praca mi\u0119dzykulturowa Zarz\u0105dzanie mi\u0119dzynarodowymi partnerami [\/vc_column_text][vc_empty_space height=&#8221;30px&#8221;][vc_column_text]Podnie\u015b swoje umiej\u0119tno\u015bci zarz\u0105dzania &hellip; <\/p>\n","protected":false},"author":7,"featured_media":0,"parent":29225,"menu_order":41,"comment_status":"closed","ping_status":"closed","template":"page-no-paddings.php","meta":{"_acf_changed":false,"footnotes":"","_links_to":"","_links_to_target":""},"class_list":["post-28357","page","type-page","status-publish","hentry"],"acf":[],"yoast_head":"<!-- This site is optimized with the Yoast SEO plugin v27.3 - https:\/\/yoast.com\/product\/yoast-seo-wordpress\/ -->\n<title>Zarz\u0105dzanie mi\u0119dzynarodowymi partnerami - ETTA<\/title>\n<meta name=\"description\" content=\"Wsp\u00f3\u0142praca z mi\u0119dzynarodowymi partnerami to Twoja codzienno\u015b\u0107? Dowiedz si\u0119 jak ni\u0105 zarz\u0105dza\u0107 aby by\u0142a udana. Warsztaty mi\u0119dzykulturowe.\" \/>\n<meta name=\"robots\" content=\"index, follow, max-snippet:-1, max-image-preview:large, max-video-preview:-1\" \/>\n<link rel=\"canonical\" href=\"https:\/\/ettagoglobal.com\/pl\/wspolpraca-miedzykulturowa-warsztaty\/zarzadzanie-miedzynarodowymi-partnerami\/\" \/>\n<meta property=\"og:locale\" content=\"pl_PL\" \/>\n<meta property=\"og:type\" content=\"article\" \/>\n<meta property=\"og:title\" content=\"Zarz\u0105dzanie mi\u0119dzynarodowymi partnerami - ETTA\" \/>\n<meta property=\"og:description\" content=\"Wsp\u00f3\u0142praca z mi\u0119dzynarodowymi partnerami to Twoja codzienno\u015b\u0107? Dowiedz si\u0119 jak ni\u0105 zarz\u0105dza\u0107 aby by\u0142a udana. Warsztaty mi\u0119dzykulturowe.\" \/>\n<meta property=\"og:url\" content=\"https:\/\/ettagoglobal.com\/pl\/wspolpraca-miedzykulturowa-warsztaty\/zarzadzanie-miedzynarodowymi-partnerami\/\" \/>\n<meta property=\"og:site_name\" content=\"ETTA\" \/>\n<meta property=\"article:modified_time\" content=\"2024-12-18T00:28:48+00:00\" \/>\n<meta property=\"og:image\" content=\"https:\/\/ettagoglobal.com\/wp-content\/uploads\/2022\/02\/etta_logo_retina-1.png\" \/>\n\t<meta property=\"og:image:width\" content=\"410\" \/>\n\t<meta property=\"og:image:height\" content=\"150\" \/>\n\t<meta property=\"og:image:type\" content=\"image\/png\" \/>\n<meta name=\"twitter:card\" content=\"summary_large_image\" \/>\n<meta name=\"twitter:label1\" content=\"Szacowany czas czytania\" \/>\n\t<meta name=\"twitter:data1\" content=\"2 minuty\" \/>\n<script type=\"application\/ld+json\" class=\"yoast-schema-graph\">{\"@context\":\"https:\\\/\\\/schema.org\",\"@graph\":[{\"@type\":\"WebPage\",\"@id\":\"https:\\\/\\\/ettagoglobal.com\\\/pl\\\/wspolpraca-miedzykulturowa-warsztaty\\\/zarzadzanie-miedzynarodowymi-partnerami\\\/\",\"url\":\"https:\\\/\\\/ettagoglobal.com\\\/pl\\\/wspolpraca-miedzykulturowa-warsztaty\\\/zarzadzanie-miedzynarodowymi-partnerami\\\/\",\"name\":\"Zarz\u0105dzanie mi\u0119dzynarodowymi partnerami - ETTA\",\"isPartOf\":{\"@id\":\"https:\\\/\\\/ettagoglobal.com\\\/#website\"},\"datePublished\":\"2024-04-15T11:04:14+00:00\",\"dateModified\":\"2024-12-18T00:28:48+00:00\",\"description\":\"Wsp\u00f3\u0142praca z mi\u0119dzynarodowymi partnerami to Twoja codzienno\u015b\u0107? Dowiedz si\u0119 jak ni\u0105 zarz\u0105dza\u0107 aby by\u0142a udana. Warsztaty mi\u0119dzykulturowe.\",\"breadcrumb\":{\"@id\":\"https:\\\/\\\/ettagoglobal.com\\\/pl\\\/wspolpraca-miedzykulturowa-warsztaty\\\/zarzadzanie-miedzynarodowymi-partnerami\\\/#breadcrumb\"},\"inLanguage\":\"pl-PL\",\"potentialAction\":[{\"@type\":\"ReadAction\",\"target\":[\"https:\\\/\\\/ettagoglobal.com\\\/pl\\\/wspolpraca-miedzykulturowa-warsztaty\\\/zarzadzanie-miedzynarodowymi-partnerami\\\/\"]}]},{\"@type\":\"BreadcrumbList\",\"@id\":\"https:\\\/\\\/ettagoglobal.com\\\/pl\\\/wspolpraca-miedzykulturowa-warsztaty\\\/zarzadzanie-miedzynarodowymi-partnerami\\\/#breadcrumb\",\"itemListElement\":[{\"@type\":\"ListItem\",\"position\":1,\"name\":\"Strona g\u0142\u00f3wna\",\"item\":\"https:\\\/\\\/ettagoglobal.com\\\/pl\\\/home-2\\\/\"},{\"@type\":\"ListItem\",\"position\":2,\"name\":\"Wsp\u00f3\u0142praca mi\u0119dzykulturowa Warsztaty\",\"item\":\"https:\\\/\\\/ettagoglobal.com\\\/pl\\\/wspolpraca-miedzykulturowa-warsztaty\\\/\"},{\"@type\":\"ListItem\",\"position\":3,\"name\":\"Zarz\u0105dzanie mi\u0119dzynarodowymi partnerami\"}]},{\"@type\":\"WebSite\",\"@id\":\"https:\\\/\\\/ettagoglobal.com\\\/#website\",\"url\":\"https:\\\/\\\/ettagoglobal.com\\\/\",\"name\":\"ETTA\",\"description\":\"Global Connections. Let&#039;s do it bETTA!\",\"potentialAction\":[{\"@type\":\"SearchAction\",\"target\":{\"@type\":\"EntryPoint\",\"urlTemplate\":\"https:\\\/\\\/ettagoglobal.com\\\/?s={search_term_string}\"},\"query-input\":{\"@type\":\"PropertyValueSpecification\",\"valueRequired\":true,\"valueName\":\"search_term_string\"}}],\"inLanguage\":\"pl-PL\"}]}<\/script>\n<!-- \/ Yoast SEO plugin. -->","yoast_head_json":{"title":"Zarz\u0105dzanie mi\u0119dzynarodowymi partnerami - ETTA","description":"Wsp\u00f3\u0142praca z mi\u0119dzynarodowymi partnerami to Twoja codzienno\u015b\u0107? Dowiedz si\u0119 jak ni\u0105 zarz\u0105dza\u0107 aby by\u0142a udana. Warsztaty mi\u0119dzykulturowe.","robots":{"index":"index","follow":"follow","max-snippet":"max-snippet:-1","max-image-preview":"max-image-preview:large","max-video-preview":"max-video-preview:-1"},"canonical":"https:\/\/ettagoglobal.com\/pl\/wspolpraca-miedzykulturowa-warsztaty\/zarzadzanie-miedzynarodowymi-partnerami\/","og_locale":"pl_PL","og_type":"article","og_title":"Zarz\u0105dzanie mi\u0119dzynarodowymi partnerami - ETTA","og_description":"Wsp\u00f3\u0142praca z mi\u0119dzynarodowymi partnerami to Twoja codzienno\u015b\u0107? Dowiedz si\u0119 jak ni\u0105 zarz\u0105dza\u0107 aby by\u0142a udana. Warsztaty mi\u0119dzykulturowe.","og_url":"https:\/\/ettagoglobal.com\/pl\/wspolpraca-miedzykulturowa-warsztaty\/zarzadzanie-miedzynarodowymi-partnerami\/","og_site_name":"ETTA","article_modified_time":"2024-12-18T00:28:48+00:00","og_image":[{"width":410,"height":150,"url":"https:\/\/ettagoglobal.com\/wp-content\/uploads\/2022\/02\/etta_logo_retina-1.png","type":"image\/png"}],"twitter_card":"summary_large_image","twitter_misc":{"Szacowany czas czytania":"2 minuty"},"schema":{"@context":"https:\/\/schema.org","@graph":[{"@type":"WebPage","@id":"https:\/\/ettagoglobal.com\/pl\/wspolpraca-miedzykulturowa-warsztaty\/zarzadzanie-miedzynarodowymi-partnerami\/","url":"https:\/\/ettagoglobal.com\/pl\/wspolpraca-miedzykulturowa-warsztaty\/zarzadzanie-miedzynarodowymi-partnerami\/","name":"Zarz\u0105dzanie mi\u0119dzynarodowymi partnerami - ETTA","isPartOf":{"@id":"https:\/\/ettagoglobal.com\/#website"},"datePublished":"2024-04-15T11:04:14+00:00","dateModified":"2024-12-18T00:28:48+00:00","description":"Wsp\u00f3\u0142praca z mi\u0119dzynarodowymi partnerami to Twoja codzienno\u015b\u0107? Dowiedz si\u0119 jak ni\u0105 zarz\u0105dza\u0107 aby by\u0142a udana. Warsztaty mi\u0119dzykulturowe.","breadcrumb":{"@id":"https:\/\/ettagoglobal.com\/pl\/wspolpraca-miedzykulturowa-warsztaty\/zarzadzanie-miedzynarodowymi-partnerami\/#breadcrumb"},"inLanguage":"pl-PL","potentialAction":[{"@type":"ReadAction","target":["https:\/\/ettagoglobal.com\/pl\/wspolpraca-miedzykulturowa-warsztaty\/zarzadzanie-miedzynarodowymi-partnerami\/"]}]},{"@type":"BreadcrumbList","@id":"https:\/\/ettagoglobal.com\/pl\/wspolpraca-miedzykulturowa-warsztaty\/zarzadzanie-miedzynarodowymi-partnerami\/#breadcrumb","itemListElement":[{"@type":"ListItem","position":1,"name":"Strona g\u0142\u00f3wna","item":"https:\/\/ettagoglobal.com\/pl\/home-2\/"},{"@type":"ListItem","position":2,"name":"Wsp\u00f3\u0142praca mi\u0119dzykulturowa Warsztaty","item":"https:\/\/ettagoglobal.com\/pl\/wspolpraca-miedzykulturowa-warsztaty\/"},{"@type":"ListItem","position":3,"name":"Zarz\u0105dzanie mi\u0119dzynarodowymi partnerami"}]},{"@type":"WebSite","@id":"https:\/\/ettagoglobal.com\/#website","url":"https:\/\/ettagoglobal.com\/","name":"ETTA","description":"Global Connections. Let&#039;s do it bETTA!","potentialAction":[{"@type":"SearchAction","target":{"@type":"EntryPoint","urlTemplate":"https:\/\/ettagoglobal.com\/?s={search_term_string}"},"query-input":{"@type":"PropertyValueSpecification","valueRequired":true,"valueName":"search_term_string"}}],"inLanguage":"pl-PL"}]}},"_links":{"self":[{"href":"https:\/\/ettagoglobal.com\/pl\/wp-json\/wp\/v2\/pages\/28357","targetHints":{"allow":["GET"]}}],"collection":[{"href":"https:\/\/ettagoglobal.com\/pl\/wp-json\/wp\/v2\/pages"}],"about":[{"href":"https:\/\/ettagoglobal.com\/pl\/wp-json\/wp\/v2\/types\/page"}],"author":[{"embeddable":true,"href":"https:\/\/ettagoglobal.com\/pl\/wp-json\/wp\/v2\/users\/7"}],"replies":[{"embeddable":true,"href":"https:\/\/ettagoglobal.com\/pl\/wp-json\/wp\/v2\/comments?post=28357"}],"version-history":[{"count":1,"href":"https:\/\/ettagoglobal.com\/pl\/wp-json\/wp\/v2\/pages\/28357\/revisions"}],"predecessor-version":[{"id":29404,"href":"https:\/\/ettagoglobal.com\/pl\/wp-json\/wp\/v2\/pages\/28357\/revisions\/29404"}],"up":[{"embeddable":true,"href":"https:\/\/ettagoglobal.com\/pl\/wp-json\/wp\/v2\/pages\/29225"}],"wp:attachment":[{"href":"https:\/\/ettagoglobal.com\/pl\/wp-json\/wp\/v2\/media?parent=28357"}],"curies":[{"name":"wp","href":"https:\/\/api.w.org\/{rel}","templated":true}]}}