{"id":27052,"date":"2023-07-05T11:14:26","date_gmt":"2023-07-05T11:14:26","guid":{"rendered":"https:\/\/ettagoglobal.com\/?page_id=27052"},"modified":"2024-12-18T00:25:12","modified_gmt":"2024-12-18T00:25:12","slug":"feedback-miedzykulturowy","status":"publish","type":"page","link":"https:\/\/ettagoglobal.com\/pl\/wspolpraca-miedzykulturowa-warsztaty\/feedback-miedzykulturowy\/","title":{"rendered":"Feedback mi\u0119dzykulturowy"},"content":{"rendered":"<p>[vc_row full_width=&#8221;stretch_row&#8221; css=&#8221;.vc_custom_1650543502172{background-image: url(https:\/\/ettagoglobal.com\/wp-content\/uploads\/2022\/04\/background-zarzadzanie-miedzykulturowym-zespolem.jpg?id=24801)&nbsp;!important;background-position: center&nbsp;!important;background-repeat: no-repeat&nbsp;!important;background-size: cover&nbsp;!important;}&#8221; el_class=&#8221;main-slide&#8221;][vc_column width=&#8221;2\/3&#8243;][vc_empty_space height=&#8221;100px&#8221;][vc_column_text]<\/p>\n<h2>Wsp\u00f3\u0142praca mi\u0119dzykulturowa<\/h2>\n<h1>Feedback mi\u0119dzykulturowy<\/h1>\n<p>[\/vc_column_text][vc_empty_space height=&#8221;30px&#8221;][vc_column_text]Odblokuj umiej\u0119tno\u015b\u0107 skutecznego przekazywania informacji zwrotnych w&nbsp;kontek\u015bcie globalnym. Poznaj zniuansowane style komunikacji, wra\u017cliwo\u015b\u0107 kulturow\u0105 i&nbsp;skuteczne strategie przekazywania informacji zwrotnych w&nbsp;zr\u00f3\u017cnicowanych \u015brodowiskach pracy.[\/vc_column_text][vc_empty_space height=&#8221;100px&#8221;][\/vc_column][vc_column width=&#8221;1\/3&#8243;][\/vc_column][\/vc_row][vc_row el_class=&#8221;training-for&#8221;][vc_column][vc_empty_space height=&#8221;60px&#8221;][\/vc_column][vc_column width=&#8221;1\/3&#8243;][mnky_service icon_fontawesome=&#8221;fas fa-user-tie&#8221; title=&#8221;Dla kogo jest to szkolenie?&#8221; icon_color=&#8221;#993436&#8243;][\/mnky_service][vc_empty_space height=&#8221;30px&#8221;][\/vc_column][vc_column width=&#8221;1\/3&#8243; el_class=&#8221;center-column&#8221;][vc_column_text]<span style=\"font-weight: 400;\">Dla&nbsp;<strong>lider\u00f3w i&nbsp;mened\u017cer\u00f3w<\/strong>, kt\u00f3rzy zarz\u0105dzaj\u0105 mi\u0119dzykulturowymi zespo\u0142ami i&nbsp;chc\u0105 podnie\u015b\u0107 swoje kompetencje w&nbsp;tym obszarze. <\/span>[\/vc_column_text][\/vc_column][vc_column width=&#8221;1\/3&#8243; el_class=&#8221;contact-form&#8221;][vc_column_text]<div data-post-id=\"26109\" class=\"insert-page insert-page-26109 \"><p>[vc_row el_id=&#8221;skonsultuj-szkolenie&#8221;][vc_column][vc_column_text]<\/p>\n<h2>Skonsultuj szkolenie<\/h2>\n<p>[\/vc_column_text][vc_empty_space height=&#8221;30px&#8221;]\n<div class=\"wpcf7 no-js\" id=\"wpcf7-f1454-p26109-o1\" lang=\"pl-PL\" dir=\"ltr\" data-wpcf7-id=\"1454\">\n<div class=\"screen-reader-response\"><p role=\"status\" aria-live=\"polite\" aria-atomic=\"true\"><\/p> <ul><\/ul><\/div>\n<form action=\"\/pl\/wp-json\/wp\/v2\/pages\/27052#wpcf7-f1454-p26109-o1\" method=\"post\" class=\"wpcf7-form init\" aria-label=\"Formularz kontaktowy\" novalidate=\"novalidate\" data-status=\"init\">\n<fieldset class=\"hidden-fields-container\"><input type=\"hidden\" name=\"_wpcf7\" value=\"1454\" \/><input type=\"hidden\" name=\"_wpcf7_version\" value=\"6.1.5\" \/><input type=\"hidden\" name=\"_wpcf7_locale\" value=\"pl_PL\" \/><input type=\"hidden\" name=\"_wpcf7_unit_tag\" value=\"wpcf7-f1454-p26109-o1\" \/><input type=\"hidden\" name=\"_wpcf7_container_post\" value=\"26109\" \/><input type=\"hidden\" name=\"_wpcf7_posted_data_hash\" value=\"\" \/><input type=\"hidden\" name=\"_wpcf7_recaptcha_response\" value=\"\" \/>\n<\/fieldset>\n<div>\n\t<p><span class=\"wpcf7-form-control-wrap\" data-name=\"your-tel\"><input size=\"40\" maxlength=\"400\" class=\"wpcf7-form-control wpcf7-tel wpcf7-validates-as-required wpcf7-text wpcf7-validates-as-tel\" autocomplete=\"off\" aria-required=\"true\" aria-invalid=\"false\" placeholder=\"Numer telefonu\" value=\"\" type=\"tel\" name=\"your-tel\" \/><\/span>\n\t<\/p>\n<\/div>\n<div>\n\t<p><span class=\"wpcf7-form-control-wrap\" data-name=\"your-email\"><input size=\"40\" maxlength=\"400\" class=\"wpcf7-form-control wpcf7-email wpcf7-validates-as-required wpcf7-text wpcf7-validates-as-email\" autocomplete=\"off\" aria-required=\"true\" aria-invalid=\"false\" placeholder=\"Firmowy adres e-mail\" value=\"\" type=\"email\" name=\"your-email\" \/><\/span>\n\t<\/p>\n<\/div>\n<div>\n\t<p><span class=\"wpcf7-form-control-wrap\" data-name=\"your-subject\"><textarea cols=\"40\" rows=\"10\" maxlength=\"2000\" class=\"wpcf7-form-control wpcf7-textarea wpcf7-validates-as-required\" autocomplete=\"off\" aria-required=\"true\" aria-invalid=\"false\" placeholder=\"Temat rozmowy\" name=\"your-subject\"><\/textarea><\/span>\n\t<\/p>\n<\/div>\n<div>\n\t<p><span class=\"wpcf7-form-control-wrap\" data-name=\"acceptance-1\"><span class=\"wpcf7-form-control wpcf7-acceptance\"><span class=\"wpcf7-list-item\"><label><input type=\"checkbox\" name=\"acceptance-1\" value=\"1\" aria-invalid=\"false\" \/><span class=\"wpcf7-list-item-label\">Wyra\u017casz zgod\u0119 na kontakt telefoniczny w celu obs\u0142ugi niniejszego zg\u0142oszenia. Wyra\u017casz zgod\u0119 na otrzymywanie informacji handlowych \u015brodkami komunikacji elektronicznej wysy\u0142anymi przez www.ettagoglobal.com oraz na wykorzystanie komunikacji email w celach marketingowych <a href=\"https:\/\/ettagoglobal.com\/pl\/polityka-prywatnosci\/\" target=\"_blank\">(Polityka Prywatno\u015bci)<\/a>.<\/span><\/label><\/span><\/span><\/span>\n\t<\/p>\n<\/div>\n<div>\n\t<p><input class=\"wpcf7-form-control wpcf7-submit has-spinner\" type=\"submit\" value=\"Wy\u015blij\" \/>\n\t<\/p>\n<\/div>\n<div style=\"display:none;\">\n\t<p><span class=\"wpcf7-form-control-wrap\" data-name=\"page-url\"><input size=\"40\" maxlength=\"400\" class=\"wpcf7-form-control wpcf7-text\" aria-invalid=\"false\" value=\"https:\/\/www.ettagoglobal.com\/pl\/wp-json\/wp\/v2\/pages\/27052\" type=\"text\" name=\"page-url\" \/><\/span>\n\t<\/p>\n<\/div><div class=\"wpcf7-response-output\" aria-hidden=\"true\"><\/div>\n<\/form>\n<\/div>\n[\/vc_column][\/vc_row]<\/p>\n<\/div>[\/vc_column_text][\/vc_column][vc_column][vc_empty_space height=&#8221;60px&#8221;][\/vc_column][\/vc_row][vc_row full_width=&#8221;stretch_row&#8221; css=&#8221;.vc_custom_1647539472030{background-color: #f6f7f8&nbsp;!important;}&#8221;][vc_column][vc_empty_space height=&#8221;60px&#8221;][\/vc_column][vc_column width=&#8221;1\/3&#8243;][mnky_service icon_fontawesome=&#8221;fas fa-bullseye&#8221; title=&#8221;Cele \/ Czego nauczysz si\u0119 na&nbsp;wirtualnym warsztacie&#8221; icon_color=&#8221;#993436&#8243;][\/mnky_service][vc_empty_space height=&#8221;30px&#8221;][\/vc_column][vc_column width=&#8221;2\/3&#8243;][vc_column_text]<\/p>\n<ul>\n<li style=\"font-weight: 400;\" aria-level=\"1\"><span style=\"font-weight: 400;\">w&nbsp;jaki spos\u00f3b <strong>dostosowywa\u0107 komunikacj\u0119<\/strong> do&nbsp;pracownik\u00f3w z&nbsp;r\u00f3\u017cnych kultur,<\/span><\/li>\n<li style=\"font-weight: 400;\" aria-level=\"1\"><span style=\"font-weight: 400;\">jak <strong>budowa\u0107 autorytet lidera<\/strong> w&nbsp;mi\u0119dzynarodowym zespole,<\/span><\/li>\n<li style=\"font-weight: 400;\" aria-level=\"1\"><span style=\"font-weight: 400;\">czy&nbsp;i&nbsp;jak anga\u017cowa\u0107 pracownik\u00f3w w&nbsp;proces <strong>podejmowania decyzji,<\/strong><\/span><\/li>\n<li style=\"font-weight: 400;\" aria-level=\"1\"><span style=\"font-weight: 400;\">czym jest <strong>dystans w\u0142adzy<\/strong>, czyli&nbsp;jak postrzegana jest rola lidera w&nbsp;r\u00f3\u017cnych kulturach.<\/span><\/li>\n<\/ul>\n<p>[\/vc_column_text][\/vc_column][vc_column][vc_empty_space height=&#8221;60px&#8221;][\/vc_column][vc_column][vc_column_text]<div data-post-id=\"24685\" class=\"insert-page insert-page-24685 \"><style type=\"text\/css\" data-type=\"vc_shortcodes-custom-css\">.vc_custom_1647539472030{background-color: #f6f7f8 !important;}<\/style><p>[vc_row full_width=&#8221;stretch_row&#8221; css=&#8221;.vc_custom_1647539472030{background-color: #f6f7f8&nbsp;!important;}&#8221;][vc_column width=&#8221;1\/3&#8243;][mnky_service icon_fontawesome=&#8221;fas fa-laptop&#8221; title=&#8221;Zalety wirtualnych warsztat\u00f3w&#8221; icon_color=&#8221;#993436&#8243;][\/mnky_service][vc_empty_space height=&#8221;30px&#8221;][\/vc_column][vc_column width=&#8221;2\/3&#8243;][vc_column_text]<\/p>\n<ul>\n<li>gwarancja <strong>interaktywnego uczestnictwa w&nbsp;szkoleniu<\/strong> z&nbsp;wykorzystaniem narz\u0119dzi anga\u017cowania uczestnik\u00f3w,<\/li>\n<li>p\u00f3\u0142dniowe warsztaty umo\u017cliwiaj\u0105 <strong>elastyczn\u0105 organizacj\u0119 dnia pracy,<\/strong><\/li>\n<li><strong>budowanie relacji<\/strong> ze zdalnymi wsp\u00f3\u0142pracownikami poprzez wsp\u00f3lne uczestnictwo w&nbsp;szkoleniu,<\/li>\n<li>mo\u017cliwo\u015b\u0107 uczestniczenia w&nbsp;warsztacie <strong>z&nbsp;dowolnego miejsca<\/strong>, wystarczy dost\u0119p do&nbsp;komputera.<\/li>\n<\/ul>\n<p>[\/vc_column_text][\/vc_column][\/vc_row]<\/p>\n<\/div>[\/vc_column_text][\/vc_column][vc_column][vc_empty_space height=&#8221;60px&#8221;][vc_separator color=&#8221;black&#8221;][vc_empty_space height=&#8221;60px&#8221;][\/vc_column][\/vc_row][vc_row full_width=&#8221;stretch_row&#8221; css=&#8221;.vc_custom_1646653466361{background-color: #f6f7f8&nbsp;!important;}&#8221;][vc_column][vc_column_text]<\/p>\n<h2>Program wirtualnych warsztat\u00f3w<\/h2>\n<p>[\/vc_column_text][vc_empty_space height=&#8221;30px&#8221;][\/vc_column][\/vc_row][vc_row full_width=&#8221;stretch_row&#8221; gap=&#8221;35&#8243; equal_height=&#8221;yes&#8221; el_class=&#8221;training-parts&#8221; css=&#8221;.vc_custom_1647354153948{background-color: #f6f7f8&nbsp;!important;}&#8221;][vc_column width=&#8221;1\/2&#8243; el_class=&#8221;section&#8221;][vc_empty_space height=&#8221;30px&#8221;][vc_column_text]<\/p>\n<h3 style=\"text-align: center;\">Modu\u0142 I<\/h3>\n<h4 style=\"text-align: center;\">Podstawy mi\u0119dzykulturowego feedbacku<\/h4>\n<ul>\n<li style=\"font-weight: 400;\" aria-level=\"1\">Znaczenie informacji zwrotnej<\/li>\n<li style=\"font-weight: 400;\" aria-level=\"1\">Udzielanie i&nbsp;otrzymywanie informacji zwrotnych<\/li>\n<li style=\"font-weight: 400;\" aria-level=\"1\">Fakty a&nbsp;opinie<\/li>\n<li style=\"font-weight: 400;\" aria-level=\"1\">Pozytywny feedback &#8211; dlaczego warto go stosowa\u0107<\/li>\n<li style=\"font-weight: 400;\" aria-level=\"1\">Stwierdzenie \u201eja\u201d i&nbsp;jego znaczenie podczas udzielania informacji zwrotnej<\/li>\n<li style=\"font-weight: 400;\" aria-level=\"1\">Feedback i&nbsp;feedforward &#8211; kiedy stosowa\u0107 kt\u00f3ry z&nbsp;nich?<\/li>\n<li style=\"font-weight: 400;\" aria-level=\"1\">Model SPaNCA &#8211; jak udziela\u0107 informacji zwrotnej innym<\/li>\n<li style=\"font-weight: 400;\" aria-level=\"1\">Studia przypadk\u00f3w i&nbsp;praktyka<\/li>\n<\/ul>\n<p>[\/vc_column_text][vc_empty_space height=&#8221;30px&#8221;][\/vc_column][vc_column width=&#8221;1\/2&#8243; el_class=&#8221;section&#8221;][vc_empty_space height=&#8221;30px&#8221;][vc_column_text]<\/p>\n<h3 style=\"text-align: center;\">Modu\u0142 II<\/h3>\n<h4 style=\"text-align: center;\">Podej\u015bcie do&nbsp;informacji zwrotnej w&nbsp;r\u00f3\u017cnych kulturach<\/h4>\n<ul>\n<li>T\u0142o kulturowe &#8211; jak wp\u0142ywa na&nbsp;wsp\u00f3\u0142prac\u0119?<\/li>\n<li>Skala oceny: bezpo\u015brednia negatywna informacja zwrotna a&nbsp;po\u015brednia negatywna informacja zwrotna<\/li>\n<li>Zachowanie twarzy: w&nbsp;jakich kulturach jest to wa\u017cne i&nbsp;jak wp\u0142ywa na&nbsp;spos\u00f3b przekazywania informacji zwrotnej?<\/li>\n<li>Praktyczne wskaz\u00f3wki: jak udziela\u0107 informacji zwrotnej w&nbsp;\u015brodowisku wielokulturowym i&nbsp;wirtualnym (tre\u015b\u0107, kana\u0142, forma)<\/li>\n<li>Udzielanie informacji zwrotnej prze\u0142o\u017conym<\/li>\n<li>Skala zaufania: relacja a&nbsp;zadanie<\/li>\n<li>Studia przypadk\u00f3w i&nbsp;praktyka<\/li>\n<li>M\u00f3j w\u0142asny plan udzielania informacji zwrotnej innym &#8211; jakie b\u0119dzie moje pierwsze dzia\u0142anie po&nbsp;szkoleniu?<\/li>\n<\/ul>\n<p>[\/vc_column_text][vc_empty_space height=&#8221;30px&#8221;][\/vc_column][\/vc_row][vc_row][vc_column][vc_column_text]<div data-post-id=\"24681\" class=\"insert-page insert-page-24681 \"><p>[vc_row full_width=&#8221;stretch_row&#8221;][vc_column][vc_empty_space height=&#8221;60px&#8221;][vc_column_text]<\/p>\n<h2>Harmonogram wirtualnych warsztat\u00f3w<\/h2>\n<p>[\/vc_column_text][vc_empty_space height=&#8221;60px&#8221;][\/vc_column][\/vc_row][vc_row][vc_column width=&#8221;1\/4&#8243;][mnky_service icon_fontawesome=&#8221;fas fa-sign-in-alt&#8221; title=&#8221;Diagnoza i&nbsp;prework&#8221; icon_color=&#8221;#993436&#8243;][\/mnky_service][vc_empty_space height=&#8221;30px&#8221;][\/vc_column][vc_column width=&#8221;3\/4&#8243;][vc_column_text]<\/p>\n<ul>\n<li style=\"font-weight: 400;\" aria-level=\"1\"><span style=\"font-weight: 400;\"><strong>wywiad<\/strong> ze sponsorem projektu<\/span><\/li>\n<li style=\"font-weight: 400;\" aria-level=\"1\"><span style=\"font-weight: 400;\">diagnoza potrzeb uczestniczek i&nbsp;uczestnik\u00f3w (<strong>ankieta i&nbsp;rozmowy<\/strong>)<\/span><\/li>\n<li style=\"font-weight: 400;\" aria-level=\"1\"><span style=\"font-weight: 400;\"><strong>prework<\/strong> dla&nbsp;uczestniczek i&nbsp;uczestnik\u00f3w (materia\u0142 do&nbsp;obejrzenia, przeczytania, przes\u0142uchania)<\/span><\/li>\n<\/ul>\n<p>[\/vc_column_text][\/vc_column][\/vc_row][vc_row][vc_column][vc_empty_space height=&#8221;60px&#8221;][\/vc_column][\/vc_row][vc_row][vc_column width=&#8221;1\/4&#8243;][mnky_service icon_fontawesome=&#8221;fas fa-chalkboard-teacher&#8221; title=&#8221;Wirtualne warsztaty&#8221; icon_color=&#8221;#993436&#8243;][\/mnky_service][vc_empty_space height=&#8221;30px&#8221;][\/vc_column][vc_column width=&#8221;3\/4&#8243;][vc_column_text]<\/p>\n<ul>\n<li>czas trwania szkolenia: <strong>2 warsztaty po&nbsp;3,5 h<\/strong><\/li>\n<li><strong>interaktywne metody pracy:<\/strong> dyskusje, czat, wirtualne tablice, ankiety, filmiki, case study, praca w&nbsp;podgrupach, narz\u0119dzia zewn\u0119trzne (Mentimeter, Miro, Funretro)<\/li>\n<li>wielko\u015b\u0107 grupy: <strong>do&nbsp;12 os\u00f3b<\/strong><\/li>\n<\/ul>\n<p>[\/vc_column_text][\/vc_column][\/vc_row][vc_row][vc_column][vc_empty_space height=&#8221;60px&#8221;][\/vc_column][\/vc_row][vc_row][vc_column width=&#8221;1\/4&#8243;][mnky_service icon_fontawesome=&#8221;fas fa-paper-plane&#8221; title=&#8221;Podsumowanie i&nbsp;follow up&#8221; icon_color=&#8221;#993436&#8243;][\/mnky_service][vc_empty_space height=&#8221;30px&#8221;][\/vc_column][vc_column width=&#8221;3\/4&#8243;][vc_column_text]<\/p>\n<ul>\n<li style=\"font-weight: 400;\" aria-level=\"1\"><span style=\"font-weight: 400;\"><strong>materia\u0142y szkoleniowe<\/strong> dla&nbsp;uczestniczek i&nbsp;uczestnik\u00f3w<\/span><\/li>\n<li style=\"font-weight: 400;\" aria-level=\"1\"><span style=\"font-weight: 400;\">dost\u0119p do&nbsp;<strong>bazy wiedzy ETTA<\/strong><\/span><\/li>\n<li style=\"font-weight: 400;\" aria-level=\"1\"><span style=\"font-weight: 400;\"><strong>rozmowa podsumowuj\u0105ca<\/strong> ze sponsorem projektu<\/span><\/li>\n<\/ul>\n<p>[\/vc_column_text][\/vc_column][\/vc_row][vc_row][vc_column][vc_empty_space height=&#8221;60px&#8221;][\/vc_column][\/vc_row][vc_row full_width=&#8221;stretch_row&#8221;][vc_column][vc_empty_space height=&#8221;30px&#8221;][vc_column_text el_class=&#8221;button cta&#8221;]<\/p>\n<p style=\"text-align: center;\"><a class=\"ps2id\" href=\"#skonsultuj-szkolenie\">Skonsultuj szkolenie<\/a><\/p>\n<p>[\/vc_column_text][vc_empty_space height=&#8221;60px&#8221;][\/vc_column][\/vc_row]<\/p>\n<\/div>[\/vc_column_text][\/vc_column][\/vc_row]<\/p>\n","protected":false},"excerpt":{"rendered":"<p>[vc_row full_width=&#8221;stretch_row&#8221; css=&#8221;.vc_custom_1650543502172{background-image: url(https:\/\/ettagoglobal.com\/wp-content\/uploads\/2022\/04\/background-zarzadzanie-miedzykulturowym-zespolem.jpg?id=24801)&nbsp;!important;background-position: center&nbsp;!important;background-repeat: no-repeat&nbsp;!important;background-size: cover&nbsp;!important;}&#8221; el_class=&#8221;main-slide&#8221;][vc_column width=&#8221;2\/3&#8243;][vc_empty_space height=&#8221;100px&#8221;][vc_column_text] Wsp\u00f3\u0142praca mi\u0119dzykulturowa Feedback mi\u0119dzykulturowy [\/vc_column_text][vc_empty_space height=&#8221;30px&#8221;][vc_column_text]Odblokuj umiej\u0119tno\u015b\u0107 skutecznego przekazywania informacji &hellip; <\/p>\n","protected":false},"author":7,"featured_media":27435,"parent":29225,"menu_order":54,"comment_status":"closed","ping_status":"closed","template":"page-no-paddings.php","meta":{"_acf_changed":false,"footnotes":"","_links_to":"","_links_to_target":""},"class_list":["post-27052","page","type-page","status-publish","has-post-thumbnail","hentry"],"acf":[],"yoast_head":"<!-- This site is optimized with the Yoast SEO plugin v27.3 - https:\/\/yoast.com\/product\/yoast-seo-wordpress\/ -->\n<title>Feedback mi\u0119dzykulturowy - ETTA<\/title>\n<meta name=\"description\" content=\"Wsp\u00f3\u0142praca w mi\u0119dzykulturowym zespole to Twoja codzienno\u015b\u0107? Chcesz wiedzie\u0107 jak kultura przek\u0142ada si\u0119 na feedback, informacj\u0119 zwrotn\u0105?\" \/>\n<meta name=\"robots\" content=\"index, follow, max-snippet:-1, max-image-preview:large, max-video-preview:-1\" \/>\n<link rel=\"canonical\" href=\"https:\/\/ettagoglobal.com\/pl\/wspolpraca-miedzykulturowa-warsztaty\/feedback-miedzykulturowy\/\" \/>\n<meta property=\"og:locale\" content=\"pl_PL\" \/>\n<meta property=\"og:type\" content=\"article\" \/>\n<meta property=\"og:title\" content=\"Feedback mi\u0119dzykulturowy - ETTA\" \/>\n<meta property=\"og:description\" content=\"Wsp\u00f3\u0142praca w mi\u0119dzykulturowym zespole to Twoja codzienno\u015b\u0107? Chcesz wiedzie\u0107 jak kultura przek\u0142ada si\u0119 na feedback, informacj\u0119 zwrotn\u0105?\" \/>\n<meta property=\"og:url\" content=\"https:\/\/ettagoglobal.com\/pl\/wspolpraca-miedzykulturowa-warsztaty\/feedback-miedzykulturowy\/\" \/>\n<meta property=\"og:site_name\" content=\"ETTA\" \/>\n<meta property=\"article:modified_time\" content=\"2024-12-18T00:25:12+00:00\" \/>\n<meta property=\"og:image\" content=\"https:\/\/ettagoglobal.com\/wp-content\/uploads\/2023\/07\/Feedback-the-Cross-Cultural-Way_kwadrat.png\" \/>\n\t<meta property=\"og:image:width\" content=\"1080\" \/>\n\t<meta property=\"og:image:height\" content=\"1080\" \/>\n\t<meta property=\"og:image:type\" content=\"image\/png\" \/>\n<meta name=\"twitter:card\" content=\"summary_large_image\" \/>\n<meta name=\"twitter:label1\" content=\"Szacowany czas czytania\" \/>\n\t<meta name=\"twitter:data1\" content=\"2 minuty\" \/>\n<script type=\"application\/ld+json\" class=\"yoast-schema-graph\">{\"@context\":\"https:\\\/\\\/schema.org\",\"@graph\":[{\"@type\":\"WebPage\",\"@id\":\"https:\\\/\\\/ettagoglobal.com\\\/pl\\\/wspolpraca-miedzykulturowa-warsztaty\\\/feedback-miedzykulturowy\\\/\",\"url\":\"https:\\\/\\\/ettagoglobal.com\\\/pl\\\/wspolpraca-miedzykulturowa-warsztaty\\\/feedback-miedzykulturowy\\\/\",\"name\":\"Feedback mi\u0119dzykulturowy - ETTA\",\"isPartOf\":{\"@id\":\"https:\\\/\\\/ettagoglobal.com\\\/#website\"},\"primaryImageOfPage\":{\"@id\":\"https:\\\/\\\/ettagoglobal.com\\\/pl\\\/wspolpraca-miedzykulturowa-warsztaty\\\/feedback-miedzykulturowy\\\/#primaryimage\"},\"image\":{\"@id\":\"https:\\\/\\\/ettagoglobal.com\\\/pl\\\/wspolpraca-miedzykulturowa-warsztaty\\\/feedback-miedzykulturowy\\\/#primaryimage\"},\"thumbnailUrl\":\"https:\\\/\\\/ettagoglobal.com\\\/wp-content\\\/uploads\\\/2023\\\/07\\\/Feedback-the-Cross-Cultural-Way_kwadrat.png\",\"datePublished\":\"2023-07-05T11:14:26+00:00\",\"dateModified\":\"2024-12-18T00:25:12+00:00\",\"description\":\"Wsp\u00f3\u0142praca w mi\u0119dzykulturowym zespole to Twoja codzienno\u015b\u0107? Chcesz wiedzie\u0107 jak kultura przek\u0142ada si\u0119 na feedback, informacj\u0119 zwrotn\u0105?\",\"breadcrumb\":{\"@id\":\"https:\\\/\\\/ettagoglobal.com\\\/pl\\\/wspolpraca-miedzykulturowa-warsztaty\\\/feedback-miedzykulturowy\\\/#breadcrumb\"},\"inLanguage\":\"pl-PL\",\"potentialAction\":[{\"@type\":\"ReadAction\",\"target\":[\"https:\\\/\\\/ettagoglobal.com\\\/pl\\\/wspolpraca-miedzykulturowa-warsztaty\\\/feedback-miedzykulturowy\\\/\"]}]},{\"@type\":\"ImageObject\",\"inLanguage\":\"pl-PL\",\"@id\":\"https:\\\/\\\/ettagoglobal.com\\\/pl\\\/wspolpraca-miedzykulturowa-warsztaty\\\/feedback-miedzykulturowy\\\/#primaryimage\",\"url\":\"https:\\\/\\\/ettagoglobal.com\\\/wp-content\\\/uploads\\\/2023\\\/07\\\/Feedback-the-Cross-Cultural-Way_kwadrat.png\",\"contentUrl\":\"https:\\\/\\\/ettagoglobal.com\\\/wp-content\\\/uploads\\\/2023\\\/07\\\/Feedback-the-Cross-Cultural-Way_kwadrat.png\",\"width\":1080,\"height\":1080,\"caption\":\"Feedback Across Cultures\"},{\"@type\":\"BreadcrumbList\",\"@id\":\"https:\\\/\\\/ettagoglobal.com\\\/pl\\\/wspolpraca-miedzykulturowa-warsztaty\\\/feedback-miedzykulturowy\\\/#breadcrumb\",\"itemListElement\":[{\"@type\":\"ListItem\",\"position\":1,\"name\":\"Strona g\u0142\u00f3wna\",\"item\":\"https:\\\/\\\/ettagoglobal.com\\\/pl\\\/home-2\\\/\"},{\"@type\":\"ListItem\",\"position\":2,\"name\":\"Wsp\u00f3\u0142praca mi\u0119dzykulturowa Warsztaty\",\"item\":\"https:\\\/\\\/ettagoglobal.com\\\/pl\\\/wspolpraca-miedzykulturowa-warsztaty\\\/\"},{\"@type\":\"ListItem\",\"position\":3,\"name\":\"Feedback mi\u0119dzykulturowy\"}]},{\"@type\":\"WebSite\",\"@id\":\"https:\\\/\\\/ettagoglobal.com\\\/#website\",\"url\":\"https:\\\/\\\/ettagoglobal.com\\\/\",\"name\":\"ETTA\",\"description\":\"Global Connections. Let&#039;s do it bETTA!\",\"potentialAction\":[{\"@type\":\"SearchAction\",\"target\":{\"@type\":\"EntryPoint\",\"urlTemplate\":\"https:\\\/\\\/ettagoglobal.com\\\/?s={search_term_string}\"},\"query-input\":{\"@type\":\"PropertyValueSpecification\",\"valueRequired\":true,\"valueName\":\"search_term_string\"}}],\"inLanguage\":\"pl-PL\"}]}<\/script>\n<!-- \/ Yoast SEO plugin. -->","yoast_head_json":{"title":"Feedback mi\u0119dzykulturowy - ETTA","description":"Wsp\u00f3\u0142praca w mi\u0119dzykulturowym zespole to Twoja codzienno\u015b\u0107? Chcesz wiedzie\u0107 jak kultura przek\u0142ada si\u0119 na feedback, informacj\u0119 zwrotn\u0105?","robots":{"index":"index","follow":"follow","max-snippet":"max-snippet:-1","max-image-preview":"max-image-preview:large","max-video-preview":"max-video-preview:-1"},"canonical":"https:\/\/ettagoglobal.com\/pl\/wspolpraca-miedzykulturowa-warsztaty\/feedback-miedzykulturowy\/","og_locale":"pl_PL","og_type":"article","og_title":"Feedback mi\u0119dzykulturowy - ETTA","og_description":"Wsp\u00f3\u0142praca w mi\u0119dzykulturowym zespole to Twoja codzienno\u015b\u0107? Chcesz wiedzie\u0107 jak kultura przek\u0142ada si\u0119 na feedback, informacj\u0119 zwrotn\u0105?","og_url":"https:\/\/ettagoglobal.com\/pl\/wspolpraca-miedzykulturowa-warsztaty\/feedback-miedzykulturowy\/","og_site_name":"ETTA","article_modified_time":"2024-12-18T00:25:12+00:00","og_image":[{"width":1080,"height":1080,"url":"https:\/\/ettagoglobal.com\/wp-content\/uploads\/2023\/07\/Feedback-the-Cross-Cultural-Way_kwadrat.png","type":"image\/png"}],"twitter_card":"summary_large_image","twitter_misc":{"Szacowany czas czytania":"2 minuty"},"schema":{"@context":"https:\/\/schema.org","@graph":[{"@type":"WebPage","@id":"https:\/\/ettagoglobal.com\/pl\/wspolpraca-miedzykulturowa-warsztaty\/feedback-miedzykulturowy\/","url":"https:\/\/ettagoglobal.com\/pl\/wspolpraca-miedzykulturowa-warsztaty\/feedback-miedzykulturowy\/","name":"Feedback mi\u0119dzykulturowy - ETTA","isPartOf":{"@id":"https:\/\/ettagoglobal.com\/#website"},"primaryImageOfPage":{"@id":"https:\/\/ettagoglobal.com\/pl\/wspolpraca-miedzykulturowa-warsztaty\/feedback-miedzykulturowy\/#primaryimage"},"image":{"@id":"https:\/\/ettagoglobal.com\/pl\/wspolpraca-miedzykulturowa-warsztaty\/feedback-miedzykulturowy\/#primaryimage"},"thumbnailUrl":"https:\/\/ettagoglobal.com\/wp-content\/uploads\/2023\/07\/Feedback-the-Cross-Cultural-Way_kwadrat.png","datePublished":"2023-07-05T11:14:26+00:00","dateModified":"2024-12-18T00:25:12+00:00","description":"Wsp\u00f3\u0142praca w mi\u0119dzykulturowym zespole to Twoja codzienno\u015b\u0107? Chcesz wiedzie\u0107 jak kultura przek\u0142ada si\u0119 na feedback, informacj\u0119 zwrotn\u0105?","breadcrumb":{"@id":"https:\/\/ettagoglobal.com\/pl\/wspolpraca-miedzykulturowa-warsztaty\/feedback-miedzykulturowy\/#breadcrumb"},"inLanguage":"pl-PL","potentialAction":[{"@type":"ReadAction","target":["https:\/\/ettagoglobal.com\/pl\/wspolpraca-miedzykulturowa-warsztaty\/feedback-miedzykulturowy\/"]}]},{"@type":"ImageObject","inLanguage":"pl-PL","@id":"https:\/\/ettagoglobal.com\/pl\/wspolpraca-miedzykulturowa-warsztaty\/feedback-miedzykulturowy\/#primaryimage","url":"https:\/\/ettagoglobal.com\/wp-content\/uploads\/2023\/07\/Feedback-the-Cross-Cultural-Way_kwadrat.png","contentUrl":"https:\/\/ettagoglobal.com\/wp-content\/uploads\/2023\/07\/Feedback-the-Cross-Cultural-Way_kwadrat.png","width":1080,"height":1080,"caption":"Feedback Across Cultures"},{"@type":"BreadcrumbList","@id":"https:\/\/ettagoglobal.com\/pl\/wspolpraca-miedzykulturowa-warsztaty\/feedback-miedzykulturowy\/#breadcrumb","itemListElement":[{"@type":"ListItem","position":1,"name":"Strona g\u0142\u00f3wna","item":"https:\/\/ettagoglobal.com\/pl\/home-2\/"},{"@type":"ListItem","position":2,"name":"Wsp\u00f3\u0142praca mi\u0119dzykulturowa Warsztaty","item":"https:\/\/ettagoglobal.com\/pl\/wspolpraca-miedzykulturowa-warsztaty\/"},{"@type":"ListItem","position":3,"name":"Feedback mi\u0119dzykulturowy"}]},{"@type":"WebSite","@id":"https:\/\/ettagoglobal.com\/#website","url":"https:\/\/ettagoglobal.com\/","name":"ETTA","description":"Global Connections. Let&#039;s do it bETTA!","potentialAction":[{"@type":"SearchAction","target":{"@type":"EntryPoint","urlTemplate":"https:\/\/ettagoglobal.com\/?s={search_term_string}"},"query-input":{"@type":"PropertyValueSpecification","valueRequired":true,"valueName":"search_term_string"}}],"inLanguage":"pl-PL"}]}},"_links":{"self":[{"href":"https:\/\/ettagoglobal.com\/pl\/wp-json\/wp\/v2\/pages\/27052","targetHints":{"allow":["GET"]}}],"collection":[{"href":"https:\/\/ettagoglobal.com\/pl\/wp-json\/wp\/v2\/pages"}],"about":[{"href":"https:\/\/ettagoglobal.com\/pl\/wp-json\/wp\/v2\/types\/page"}],"author":[{"embeddable":true,"href":"https:\/\/ettagoglobal.com\/pl\/wp-json\/wp\/v2\/users\/7"}],"replies":[{"embeddable":true,"href":"https:\/\/ettagoglobal.com\/pl\/wp-json\/wp\/v2\/comments?post=27052"}],"version-history":[{"count":1,"href":"https:\/\/ettagoglobal.com\/pl\/wp-json\/wp\/v2\/pages\/27052\/revisions"}],"predecessor-version":[{"id":29403,"href":"https:\/\/ettagoglobal.com\/pl\/wp-json\/wp\/v2\/pages\/27052\/revisions\/29403"}],"up":[{"embeddable":true,"href":"https:\/\/ettagoglobal.com\/pl\/wp-json\/wp\/v2\/pages\/29225"}],"wp:featuredmedia":[{"embeddable":true,"href":"https:\/\/ettagoglobal.com\/pl\/wp-json\/wp\/v2\/media\/27435"}],"wp:attachment":[{"href":"https:\/\/ettagoglobal.com\/pl\/wp-json\/wp\/v2\/media?parent=27052"}],"curies":[{"name":"wp","href":"https:\/\/api.w.org\/{rel}","templated":true}]}}