{"id":24672,"date":"2022-04-15T11:00:44","date_gmt":"2022-04-15T11:00:44","guid":{"rendered":"https:\/\/flamboyant-cerf.46-242-130-188.plesk.page\/?page_id=24672"},"modified":"2022-07-15T16:29:36","modified_gmt":"2022-07-15T16:29:36","slug":"mocne-strony-zespolu-talenty-gallupa","status":"publish","type":"page","link":"https:\/\/ettagoglobal.com\/pl\/human-centred-leadership\/mocne-strony-zespolu-talenty-gallupa\/","title":{"rendered":"Mocne strony zespo\u0142u &#8211; talenty Gallupa"},"content":{"rendered":"<p>[vc_row full_width=&#8221;stretch_row&#8221; css=&#8221;.vc_custom_1650547848921{background-image: url(https:\/\/ettagoglobal.com\/wp-content\/uploads\/2022\/04\/background-talenty-galloupa.jpg?id=24859)&nbsp;!important;background-position: center&nbsp;!important;background-repeat: no-repeat&nbsp;!important;background-size: cover&nbsp;!important;}&#8221; el_class=&#8221;main-slide&#8221;][vc_column width=&#8221;2\/3&#8243;][vc_empty_space height=&#8221;100px&#8221;][vc_column_text]<\/p>\n<h2>Human-Centred Leadership<\/h2>\n<h1>Mocne strony zespo\u0142u &#8211; talenty Gallupa<\/h1>\n<p>[\/vc_column_text][vc_empty_space height=&#8221;30px&#8221;][vc_column_text]Czy warto koncentrowa\u0107 si\u0119 raczej na&nbsp;swoich s\u0142abo\u015bciach, czy&nbsp;mocnych stronach? Instytut Gallupa propaguje podej\u015bcie oparte na&nbsp;talentach, kt\u00f3re mo\u017cemy rozwija\u0107 w&nbsp;mocne strony. Koncentruj\u0105c si\u0119 na&nbsp;tym co mocne w&nbsp;nas samych i&nbsp;w zespole, mo\u017cemy wydoby\u0107 pe\u0142ny potencja\u0142. Z&nbsp;ekspertami ETTA zrozumiesz pe\u0142ny potencja\u0142 swojego zespo\u0142u![\/vc_column_text][vc_empty_space height=&#8221;100px&#8221;][\/vc_column][vc_column width=&#8221;1\/3&#8243;][\/vc_column][\/vc_row][vc_row el_class=&#8221;training-for&#8221;][vc_column][vc_empty_space height=&#8221;60px&#8221;][\/vc_column][vc_column width=&#8221;1\/3&#8243;][mnky_service icon_fontawesome=&#8221;fas fa-user-tie&#8221; title=&#8221;Dla kogo jest to szkolenie?&#8221; icon_color=&#8221;#993436&#8243;][\/mnky_service][vc_empty_space height=&#8221;30px&#8221;][\/vc_column][vc_column width=&#8221;1\/3&#8243; el_class=&#8221;center-column&#8221;][vc_column_text]Dla <strong>lider\u00f3w i&nbsp;menad\u017cer\u00f3w<\/strong>, kt\u00f3rzy chc\u0105 zrozumie\u0107 i&nbsp;rozwija\u0107 potencja\u0142 w\u0142asny i&nbsp;zespo\u0142u, a&nbsp;tak\u017ce dla&nbsp;os\u00f3b pracuj\u0105cych w&nbsp;ramach jednego zespo\u0142u.[\/vc_column_text][\/vc_column][vc_column width=&#8221;1\/3&#8243; el_class=&#8221;contact-form&#8221;][vc_column_text]<div data-post-id=\"26109\" class=\"insert-page insert-page-26109 \"><p>[vc_row el_id=&#8221;skonsultuj-szkolenie&#8221;][vc_column][vc_column_text]<\/p>\n<h2>Skonsultuj szkolenie<\/h2>\n<p>[\/vc_column_text][vc_empty_space height=&#8221;30px&#8221;]\n<div class=\"wpcf7 no-js\" id=\"wpcf7-f1454-p26109-o1\" lang=\"pl-PL\" dir=\"ltr\" data-wpcf7-id=\"1454\">\n<div class=\"screen-reader-response\"><p role=\"status\" aria-live=\"polite\" aria-atomic=\"true\"><\/p> <ul><\/ul><\/div>\n<form action=\"\/pl\/wp-json\/wp\/v2\/pages\/24672#wpcf7-f1454-p26109-o1\" method=\"post\" class=\"wpcf7-form init\" aria-label=\"Formularz kontaktowy\" novalidate=\"novalidate\" data-status=\"init\">\n<fieldset class=\"hidden-fields-container\"><input type=\"hidden\" name=\"_wpcf7\" value=\"1454\" \/><input type=\"hidden\" name=\"_wpcf7_version\" value=\"6.1.5\" \/><input type=\"hidden\" name=\"_wpcf7_locale\" value=\"pl_PL\" \/><input type=\"hidden\" name=\"_wpcf7_unit_tag\" value=\"wpcf7-f1454-p26109-o1\" \/><input type=\"hidden\" name=\"_wpcf7_container_post\" value=\"26109\" \/><input type=\"hidden\" name=\"_wpcf7_posted_data_hash\" value=\"\" \/><input type=\"hidden\" name=\"_wpcf7_recaptcha_response\" value=\"\" \/>\n<\/fieldset>\n<div>\n\t<p><span class=\"wpcf7-form-control-wrap\" data-name=\"your-tel\"><input size=\"40\" maxlength=\"400\" class=\"wpcf7-form-control wpcf7-tel wpcf7-validates-as-required wpcf7-text wpcf7-validates-as-tel\" autocomplete=\"off\" aria-required=\"true\" aria-invalid=\"false\" placeholder=\"Numer telefonu\" value=\"\" type=\"tel\" name=\"your-tel\" \/><\/span>\n\t<\/p>\n<\/div>\n<div>\n\t<p><span class=\"wpcf7-form-control-wrap\" data-name=\"your-email\"><input size=\"40\" maxlength=\"400\" class=\"wpcf7-form-control wpcf7-email wpcf7-validates-as-required wpcf7-text wpcf7-validates-as-email\" autocomplete=\"off\" aria-required=\"true\" aria-invalid=\"false\" placeholder=\"Firmowy adres e-mail\" value=\"\" type=\"email\" name=\"your-email\" \/><\/span>\n\t<\/p>\n<\/div>\n<div>\n\t<p><span class=\"wpcf7-form-control-wrap\" data-name=\"your-subject\"><textarea cols=\"40\" rows=\"10\" maxlength=\"2000\" class=\"wpcf7-form-control wpcf7-textarea wpcf7-validates-as-required\" autocomplete=\"off\" aria-required=\"true\" aria-invalid=\"false\" placeholder=\"Temat rozmowy\" name=\"your-subject\"><\/textarea><\/span>\n\t<\/p>\n<\/div>\n<div>\n\t<p><span class=\"wpcf7-form-control-wrap\" data-name=\"acceptance-1\"><span class=\"wpcf7-form-control wpcf7-acceptance\"><span class=\"wpcf7-list-item\"><label><input type=\"checkbox\" name=\"acceptance-1\" value=\"1\" aria-invalid=\"false\" \/><span class=\"wpcf7-list-item-label\">Wyra\u017casz zgod\u0119 na kontakt telefoniczny w celu obs\u0142ugi niniejszego zg\u0142oszenia. Wyra\u017casz zgod\u0119 na otrzymywanie informacji handlowych \u015brodkami komunikacji elektronicznej wysy\u0142anymi przez www.ettagoglobal.com oraz na wykorzystanie komunikacji email w celach marketingowych <a href=\"https:\/\/ettagoglobal.com\/pl\/polityka-prywatnosci\/\" target=\"_blank\">(Polityka Prywatno\u015bci)<\/a>.<\/span><\/label><\/span><\/span><\/span>\n\t<\/p>\n<\/div>\n<div>\n\t<p><input class=\"wpcf7-form-control wpcf7-submit has-spinner\" type=\"submit\" value=\"Wy\u015blij\" \/>\n\t<\/p>\n<\/div>\n<div style=\"display:none;\">\n\t<p><span class=\"wpcf7-form-control-wrap\" data-name=\"page-url\"><input size=\"40\" maxlength=\"400\" class=\"wpcf7-form-control wpcf7-text\" aria-invalid=\"false\" value=\"https:\/\/www.ettagoglobal.com\/pl\/wp-json\/wp\/v2\/pages\/24672\" type=\"text\" name=\"page-url\" \/><\/span>\n\t<\/p>\n<\/div><div class=\"wpcf7-response-output\" aria-hidden=\"true\"><\/div>\n<\/form>\n<\/div>\n[\/vc_column][\/vc_row]<\/p>\n<\/div>[\/vc_column_text][\/vc_column][vc_column][vc_empty_space height=&#8221;60px&#8221;][\/vc_column][\/vc_row][vc_row full_width=&#8221;stretch_row&#8221; css=&#8221;.vc_custom_1647539472030{background-color: #f6f7f8&nbsp;!important;}&#8221;][vc_column][vc_empty_space height=&#8221;60px&#8221;][\/vc_column][vc_column width=&#8221;1\/3&#8243;][mnky_service icon_fontawesome=&#8221;fas fa-bullseye&#8221; title=&#8221;Cele \/ Czego nauczysz si\u0119 na&nbsp;wirtualnym warsztacie&#8221; icon_color=&#8221;#993436&#8243;][\/mnky_service][vc_empty_space height=&#8221;30px&#8221;][\/vc_column][vc_column width=&#8221;2\/3&#8243;][vc_column_text]<\/p>\n<ul>\n<li><strong>poznasz swoje najmocniejsze talenty<\/strong> i&nbsp;dowiesz si\u0119, jaki potencja\u0142 za&nbsp;nimi stoi,<\/li>\n<li>zrozumiesz mo\u017cliwe <strong>zalety swoich talent\u00f3w<\/strong>, ale&nbsp;tak\u017ce napi\u0119cia, kt\u00f3re mog\u0105 si\u0119 pojawia\u0107 w&nbsp;kontaktach z&nbsp;osobami o&nbsp;innych talentach,<\/li>\n<li>dowiesz si\u0119, <strong>jak konkretnie pracowa\u0107 z&nbsp;talentami<\/strong>, aby&nbsp;rozwija\u0107 je w&nbsp;silne strony,<\/li>\n<li>poznasz konkretne sposoby <strong>rozwijania potencja\u0142u zespo\u0142u<\/strong> na&nbsp;podstawie zidentyfikowanych w&nbsp;nim talent\u00f3w.<\/li>\n<\/ul>\n<p>[\/vc_column_text][\/vc_column][vc_column][vc_empty_space height=&#8221;60px&#8221;][\/vc_column][vc_column][vc_column_text]<div data-post-id=\"24685\" class=\"insert-page insert-page-24685 \"><style type=\"text\/css\" data-type=\"vc_shortcodes-custom-css\">.vc_custom_1647539472030{background-color: #f6f7f8 !important;}<\/style><p>[vc_row full_width=&#8221;stretch_row&#8221; css=&#8221;.vc_custom_1647539472030{background-color: #f6f7f8&nbsp;!important;}&#8221;][vc_column width=&#8221;1\/3&#8243;][mnky_service icon_fontawesome=&#8221;fas fa-laptop&#8221; title=&#8221;Zalety wirtualnych warsztat\u00f3w&#8221; icon_color=&#8221;#993436&#8243;][\/mnky_service][vc_empty_space height=&#8221;30px&#8221;][\/vc_column][vc_column width=&#8221;2\/3&#8243;][vc_column_text]<\/p>\n<ul>\n<li>gwarancja <strong>interaktywnego uczestnictwa w&nbsp;szkoleniu<\/strong> z&nbsp;wykorzystaniem narz\u0119dzi anga\u017cowania uczestnik\u00f3w,<\/li>\n<li>p\u00f3\u0142dniowe warsztaty umo\u017cliwiaj\u0105 <strong>elastyczn\u0105 organizacj\u0119 dnia pracy,<\/strong><\/li>\n<li><strong>budowanie relacji<\/strong> ze zdalnymi wsp\u00f3\u0142pracownikami poprzez wsp\u00f3lne uczestnictwo w&nbsp;szkoleniu,<\/li>\n<li>mo\u017cliwo\u015b\u0107 uczestniczenia w&nbsp;warsztacie <strong>z&nbsp;dowolnego miejsca<\/strong>, wystarczy dost\u0119p do&nbsp;komputera.<\/li>\n<\/ul>\n<p>[\/vc_column_text][\/vc_column][\/vc_row]<\/p>\n<\/div>[\/vc_column_text][\/vc_column][vc_column][vc_empty_space height=&#8221;60px&#8221;][vc_separator color=&#8221;black&#8221;][vc_empty_space height=&#8221;60px&#8221;][\/vc_column][\/vc_row][vc_row full_width=&#8221;stretch_row&#8221; css=&#8221;.vc_custom_1646653466361{background-color: #f6f7f8&nbsp;!important;}&#8221;][vc_column][vc_column_text]<\/p>\n<h2>Program wirtualnych warsztat\u00f3w<\/h2>\n<p>[\/vc_column_text][vc_empty_space height=&#8221;30px&#8221;][\/vc_column][\/vc_row][vc_row full_width=&#8221;stretch_row&#8221; gap=&#8221;35&#8243; equal_height=&#8221;yes&#8221; el_class=&#8221;training-parts&#8221; css=&#8221;.vc_custom_1647354153948{background-color: #f6f7f8&nbsp;!important;}&#8221;][vc_column width=&#8221;1\/2&#8243; el_class=&#8221;section&#8221;][vc_empty_space height=&#8221;30px&#8221;][vc_column_text]<\/p>\n<h3 style=\"text-align: center;\">Modu\u0142 I<\/h3>\n<p style=\"text-align: center;\"><strong>Talenty \u2013 czym s\u0105?<\/strong><\/p>\n<ul>\n<li style=\"font-weight: 400;\" aria-level=\"1\"><span style=\"font-weight: 400;\">Podej\u015bcie pozytywne w&nbsp;psychologii \u2013 dlaczego mo\u017ce by\u0107 skuteczne?<\/span><\/li>\n<li style=\"font-weight: 400;\" aria-level=\"1\"><span style=\"font-weight: 400;\">Czym s\u0105 talenty i&nbsp;w jaki spos\u00f3b r\u00f3\u017cni\u0105 si\u0119 od silnych stron, oraz&nbsp;jak przekuwa\u0107 talenty w&nbsp;silne strony<\/span><\/li>\n<li style=\"font-weight: 400;\" aria-level=\"1\"><span style=\"font-weight: 400;\">Badania na&nbsp;temat talent\u00f3w i&nbsp;pozytywnego podej\u015bcia do&nbsp;potencja\u0142u<\/span><\/li>\n<li style=\"font-weight: 400;\" aria-level=\"1\"><span style=\"font-weight: 400;\">Domeny talentowe \u2013 co oznaczaj\u0105 w&nbsp;praktyce?<\/span><\/li>\n<li style=\"font-weight: 400;\" aria-level=\"1\"><span style=\"font-weight: 400;\">Silne strony i&nbsp;\u201e\u015blepe punkty\u201d \u2013 jak rozumie\u0107 swoje talenty<\/span><\/li>\n<li style=\"font-weight: 400;\" aria-level=\"1\"><span style=\"font-weight: 400;\">Moje indywidualne talenty \u2013 jak rozumie\u0107 ich sekwencj\u0119?<\/span><\/li>\n<li style=\"font-weight: 400;\" aria-level=\"1\"><span style=\"font-weight: 400;\">Dojrza\u0142y a&nbsp;niedojrza\u0142y talent \u2013 czym si\u0119 r\u00f3\u017cni\u0105? Jak pracowa\u0107 nad&nbsp;dojrza\u0142o\u015bci\u0105 talent\u00f3w?<\/span><\/li>\n<li style=\"font-weight: 400;\" aria-level=\"1\"><span style=\"font-weight: 400;\">Talent nr 1 \u2013 co oznacza? Przegl\u0105d wybranych talent\u00f3w<br \/>\n<\/span><\/li>\n<\/ul>\n<p>[\/vc_column_text][vc_empty_space height=&#8221;30px&#8221;][\/vc_column][vc_column width=&#8221;1\/2&#8243; el_class=&#8221;section&#8221;][vc_empty_space height=&#8221;30px&#8221;][vc_column_text]<\/p>\n<h3 style=\"text-align: center;\">Modu\u0142 II<\/h3>\n<p style=\"text-align: center;\"><strong>Potencja\u0142 naszego zespo\u0142u<\/strong><\/p>\n<ul>\n<li>Kolejne talenty w&nbsp;naszym zespole \u2013 co oznaczaj\u0105? Jak mo\u017cna je rozwija\u0107<\/li>\n<li>Mapa zespo\u0142u \u2013 przegl\u0105d domen talentowych i&nbsp;najcz\u0119\u015bciej wyst\u0119puj\u0105cych talent\u00f3w<\/li>\n<li>Napi\u0119cia mi\u0119dzy talentami \u2013 jak lepiej zrozumie\u0107 trudne sytuacje w&nbsp;zespole?<\/li>\n<li>Partnerstwa talent\u00f3w \u2013 budowanie wsp\u00f3\u0142pracy i&nbsp;koalicji na&nbsp;podstawie znajomo\u015bci talent\u00f3w<\/li>\n<li>Jak mo\u017cemy wykorzysta\u0107 \u015bwiadomo\u015b\u0107 naszych talent\u00f3w we wsp\u00f3\u0142pracy z&nbsp;interesariuszami naszego zespo\u0142u?<\/li>\n<li>Rozwijanie potencja\u0142u zespo\u0142u \u2013 o&nbsp;co powinni\u015bmy zadba\u0107?<\/li>\n<li>Sesje informacji zwrotnej mi\u0119dzy cz\u0142onkami zespo\u0142u<\/li>\n<li>Plan dzia\u0142ania \u2013 rozwijanie naszego grupowe potencja\u0142u<\/li>\n<\/ul>\n<p>[\/vc_column_text][vc_empty_space height=&#8221;30px&#8221;][\/vc_column][\/vc_row][vc_row][vc_column][vc_column_text]<div data-post-id=\"24681\" class=\"insert-page insert-page-24681 \"><p>[vc_row full_width=&#8221;stretch_row&#8221;][vc_column][vc_empty_space height=&#8221;60px&#8221;][vc_column_text]<\/p>\n<h2>Harmonogram wirtualnych warsztat\u00f3w<\/h2>\n<p>[\/vc_column_text][vc_empty_space height=&#8221;60px&#8221;][\/vc_column][\/vc_row][vc_row][vc_column width=&#8221;1\/4&#8243;][mnky_service icon_fontawesome=&#8221;fas fa-sign-in-alt&#8221; title=&#8221;Diagnoza i&nbsp;prework&#8221; icon_color=&#8221;#993436&#8243;][\/mnky_service][vc_empty_space height=&#8221;30px&#8221;][\/vc_column][vc_column width=&#8221;3\/4&#8243;][vc_column_text]<\/p>\n<ul>\n<li style=\"font-weight: 400;\" aria-level=\"1\"><span style=\"font-weight: 400;\"><strong>wywiad<\/strong> ze sponsorem projektu<\/span><\/li>\n<li style=\"font-weight: 400;\" aria-level=\"1\"><span style=\"font-weight: 400;\">diagnoza potrzeb uczestniczek i&nbsp;uczestnik\u00f3w (<strong>ankieta i&nbsp;rozmowy<\/strong>)<\/span><\/li>\n<li style=\"font-weight: 400;\" aria-level=\"1\"><span style=\"font-weight: 400;\"><strong>prework<\/strong> dla&nbsp;uczestniczek i&nbsp;uczestnik\u00f3w (materia\u0142 do&nbsp;obejrzenia, przeczytania, przes\u0142uchania)<\/span><\/li>\n<\/ul>\n<p>[\/vc_column_text][\/vc_column][\/vc_row][vc_row][vc_column][vc_empty_space height=&#8221;60px&#8221;][\/vc_column][\/vc_row][vc_row][vc_column width=&#8221;1\/4&#8243;][mnky_service icon_fontawesome=&#8221;fas fa-chalkboard-teacher&#8221; title=&#8221;Wirtualne warsztaty&#8221; icon_color=&#8221;#993436&#8243;][\/mnky_service][vc_empty_space height=&#8221;30px&#8221;][\/vc_column][vc_column width=&#8221;3\/4&#8243;][vc_column_text]<\/p>\n<ul>\n<li>czas trwania szkolenia: <strong>2 warsztaty po&nbsp;3,5 h<\/strong><\/li>\n<li><strong>interaktywne metody pracy:<\/strong> dyskusje, czat, wirtualne tablice, ankiety, filmiki, case study, praca w&nbsp;podgrupach, narz\u0119dzia zewn\u0119trzne (Mentimeter, Miro, Funretro)<\/li>\n<li>wielko\u015b\u0107 grupy: <strong>do&nbsp;12 os\u00f3b<\/strong><\/li>\n<\/ul>\n<p>[\/vc_column_text][\/vc_column][\/vc_row][vc_row][vc_column][vc_empty_space height=&#8221;60px&#8221;][\/vc_column][\/vc_row][vc_row][vc_column width=&#8221;1\/4&#8243;][mnky_service icon_fontawesome=&#8221;fas fa-paper-plane&#8221; title=&#8221;Podsumowanie i&nbsp;follow up&#8221; icon_color=&#8221;#993436&#8243;][\/mnky_service][vc_empty_space height=&#8221;30px&#8221;][\/vc_column][vc_column width=&#8221;3\/4&#8243;][vc_column_text]<\/p>\n<ul>\n<li style=\"font-weight: 400;\" aria-level=\"1\"><span style=\"font-weight: 400;\"><strong>materia\u0142y szkoleniowe<\/strong> dla&nbsp;uczestniczek i&nbsp;uczestnik\u00f3w<\/span><\/li>\n<li style=\"font-weight: 400;\" aria-level=\"1\"><span style=\"font-weight: 400;\">dost\u0119p do&nbsp;<strong>bazy wiedzy ETTA<\/strong><\/span><\/li>\n<li style=\"font-weight: 400;\" aria-level=\"1\"><span style=\"font-weight: 400;\"><strong>rozmowa podsumowuj\u0105ca<\/strong> ze sponsorem projektu<\/span><\/li>\n<\/ul>\n<p>[\/vc_column_text][\/vc_column][\/vc_row][vc_row][vc_column][vc_empty_space height=&#8221;60px&#8221;][\/vc_column][\/vc_row][vc_row full_width=&#8221;stretch_row&#8221;][vc_column][vc_empty_space height=&#8221;30px&#8221;][vc_column_text el_class=&#8221;button cta&#8221;]<\/p>\n<p style=\"text-align: center;\"><a class=\"ps2id\" href=\"#skonsultuj-szkolenie\">Skonsultuj szkolenie<\/a><\/p>\n<p>[\/vc_column_text][vc_empty_space height=&#8221;60px&#8221;][\/vc_column][\/vc_row]<\/p>\n<\/div>[\/vc_column_text][\/vc_column][\/vc_row]<\/p>\n","protected":false},"excerpt":{"rendered":"<p>[vc_row full_width=&#8221;stretch_row&#8221; css=&#8221;.vc_custom_1650547848921{background-image: url(https:\/\/ettagoglobal.com\/wp-content\/uploads\/2022\/04\/background-talenty-galloupa.jpg?id=24859)&nbsp;!important;background-position: center&nbsp;!important;background-repeat: no-repeat&nbsp;!important;background-size: cover&nbsp;!important;}&#8221; el_class=&#8221;main-slide&#8221;][vc_column width=&#8221;2\/3&#8243;][vc_empty_space height=&#8221;100px&#8221;][vc_column_text] Human-Centred Leadership Mocne strony zespo\u0142u &#8211; talenty Gallupa [\/vc_column_text][vc_empty_space height=&#8221;30px&#8221;][vc_column_text]Czy &hellip; <\/p>\n","protected":false},"author":1,"featured_media":24862,"parent":24201,"menu_order":11,"comment_status":"closed","ping_status":"closed","template":"page-no-paddings.php","meta":{"_acf_changed":false,"footnotes":"","_links_to":"","_links_to_target":""},"class_list":["post-24672","page","type-page","status-publish","has-post-thumbnail","hentry"],"acf":[],"yoast_head":"<!-- This site is optimized with the Yoast SEO plugin v27.3 - https:\/\/yoast.com\/product\/yoast-seo-wordpress\/ -->\n<title>Mocne strony zespo\u0142u - talenty Gallupa - ETTA<\/title>\n<meta name=\"description\" content=\"Chcesz pozna\u0107 swoje mocne strony i wykorzysta\u0107 je do rozwijania siebie i zespo\u0142u? Talenty Gallupa b\u0119d\u0105 doskona\u0142ym narz\u0119dziem.\" \/>\n<meta name=\"robots\" content=\"index, follow, max-snippet:-1, max-image-preview:large, max-video-preview:-1\" \/>\n<link rel=\"canonical\" href=\"https:\/\/ettagoglobal.com\/pl\/human-centred-leadership\/mocne-strony-zespolu-talenty-gallupa\/\" \/>\n<meta property=\"og:locale\" content=\"pl_PL\" \/>\n<meta property=\"og:type\" content=\"article\" \/>\n<meta property=\"og:title\" content=\"Mocne strony zespo\u0142u - talenty Gallupa - ETTA\" \/>\n<meta property=\"og:description\" content=\"Chcesz pozna\u0107 swoje mocne strony i wykorzysta\u0107 je do rozwijania siebie i zespo\u0142u? Talenty Gallupa b\u0119d\u0105 doskona\u0142ym narz\u0119dziem.\" \/>\n<meta property=\"og:url\" content=\"https:\/\/ettagoglobal.com\/pl\/human-centred-leadership\/mocne-strony-zespolu-talenty-gallupa\/\" \/>\n<meta property=\"og:site_name\" content=\"ETTA\" \/>\n<meta property=\"article:modified_time\" content=\"2022-07-15T16:29:36+00:00\" \/>\n<meta property=\"og:image\" content=\"https:\/\/ettagoglobal.com\/wp-content\/uploads\/2022\/04\/talenty-galloupa.jpg\" \/>\n\t<meta property=\"og:image:width\" content=\"400\" \/>\n\t<meta property=\"og:image:height\" content=\"400\" \/>\n\t<meta property=\"og:image:type\" content=\"image\/jpeg\" \/>\n<meta name=\"twitter:card\" content=\"summary_large_image\" \/>\n<meta name=\"twitter:label1\" content=\"Szacowany czas czytania\" \/>\n\t<meta name=\"twitter:data1\" content=\"2 minuty\" \/>\n<script type=\"application\/ld+json\" class=\"yoast-schema-graph\">{\"@context\":\"https:\\\/\\\/schema.org\",\"@graph\":[{\"@type\":\"WebPage\",\"@id\":\"https:\\\/\\\/ettagoglobal.com\\\/pl\\\/human-centred-leadership\\\/mocne-strony-zespolu-talenty-gallupa\\\/\",\"url\":\"https:\\\/\\\/ettagoglobal.com\\\/pl\\\/human-centred-leadership\\\/mocne-strony-zespolu-talenty-gallupa\\\/\",\"name\":\"Mocne strony zespo\u0142u - talenty Gallupa - ETTA\",\"isPartOf\":{\"@id\":\"https:\\\/\\\/ettagoglobal.com\\\/#website\"},\"primaryImageOfPage\":{\"@id\":\"https:\\\/\\\/ettagoglobal.com\\\/pl\\\/human-centred-leadership\\\/mocne-strony-zespolu-talenty-gallupa\\\/#primaryimage\"},\"image\":{\"@id\":\"https:\\\/\\\/ettagoglobal.com\\\/pl\\\/human-centred-leadership\\\/mocne-strony-zespolu-talenty-gallupa\\\/#primaryimage\"},\"thumbnailUrl\":\"https:\\\/\\\/ettagoglobal.com\\\/wp-content\\\/uploads\\\/2022\\\/04\\\/talenty-galloupa.jpg\",\"datePublished\":\"2022-04-15T11:00:44+00:00\",\"dateModified\":\"2022-07-15T16:29:36+00:00\",\"description\":\"Chcesz pozna\u0107 swoje mocne strony i wykorzysta\u0107 je do rozwijania siebie i zespo\u0142u? Talenty Gallupa b\u0119d\u0105 doskona\u0142ym narz\u0119dziem.\",\"breadcrumb\":{\"@id\":\"https:\\\/\\\/ettagoglobal.com\\\/pl\\\/human-centred-leadership\\\/mocne-strony-zespolu-talenty-gallupa\\\/#breadcrumb\"},\"inLanguage\":\"pl-PL\",\"potentialAction\":[{\"@type\":\"ReadAction\",\"target\":[\"https:\\\/\\\/ettagoglobal.com\\\/pl\\\/human-centred-leadership\\\/mocne-strony-zespolu-talenty-gallupa\\\/\"]}]},{\"@type\":\"ImageObject\",\"inLanguage\":\"pl-PL\",\"@id\":\"https:\\\/\\\/ettagoglobal.com\\\/pl\\\/human-centred-leadership\\\/mocne-strony-zespolu-talenty-gallupa\\\/#primaryimage\",\"url\":\"https:\\\/\\\/ettagoglobal.com\\\/wp-content\\\/uploads\\\/2022\\\/04\\\/talenty-galloupa.jpg\",\"contentUrl\":\"https:\\\/\\\/ettagoglobal.com\\\/wp-content\\\/uploads\\\/2022\\\/04\\\/talenty-galloupa.jpg\",\"width\":400,\"height\":400,\"caption\":\"mocne strony talenty gallupa szkolenie dla zespo\u0142u ETTA\"},{\"@type\":\"BreadcrumbList\",\"@id\":\"https:\\\/\\\/ettagoglobal.com\\\/pl\\\/human-centred-leadership\\\/mocne-strony-zespolu-talenty-gallupa\\\/#breadcrumb\",\"itemListElement\":[{\"@type\":\"ListItem\",\"position\":1,\"name\":\"Strona g\u0142\u00f3wna\",\"item\":\"https:\\\/\\\/ettagoglobal.com\\\/pl\\\/home-2\\\/\"},{\"@type\":\"ListItem\",\"position\":2,\"name\":\"Human-Centred Leadership\",\"item\":\"https:\\\/\\\/ettagoglobal.com\\\/pl\\\/human-centred-leadership\\\/\"},{\"@type\":\"ListItem\",\"position\":3,\"name\":\"Mocne strony zespo\u0142u &#8211; talenty Gallupa\"}]},{\"@type\":\"WebSite\",\"@id\":\"https:\\\/\\\/ettagoglobal.com\\\/#website\",\"url\":\"https:\\\/\\\/ettagoglobal.com\\\/\",\"name\":\"ETTA\",\"description\":\"Global Connections. Let&#039;s do it bETTA!\",\"potentialAction\":[{\"@type\":\"SearchAction\",\"target\":{\"@type\":\"EntryPoint\",\"urlTemplate\":\"https:\\\/\\\/ettagoglobal.com\\\/?s={search_term_string}\"},\"query-input\":{\"@type\":\"PropertyValueSpecification\",\"valueRequired\":true,\"valueName\":\"search_term_string\"}}],\"inLanguage\":\"pl-PL\"}]}<\/script>\n<!-- \/ Yoast SEO plugin. -->","yoast_head_json":{"title":"Mocne strony zespo\u0142u - talenty Gallupa - ETTA","description":"Chcesz pozna\u0107 swoje mocne strony i wykorzysta\u0107 je do rozwijania siebie i zespo\u0142u? Talenty Gallupa b\u0119d\u0105 doskona\u0142ym narz\u0119dziem.","robots":{"index":"index","follow":"follow","max-snippet":"max-snippet:-1","max-image-preview":"max-image-preview:large","max-video-preview":"max-video-preview:-1"},"canonical":"https:\/\/ettagoglobal.com\/pl\/human-centred-leadership\/mocne-strony-zespolu-talenty-gallupa\/","og_locale":"pl_PL","og_type":"article","og_title":"Mocne strony zespo\u0142u - talenty Gallupa - ETTA","og_description":"Chcesz pozna\u0107 swoje mocne strony i wykorzysta\u0107 je do rozwijania siebie i zespo\u0142u? Talenty Gallupa b\u0119d\u0105 doskona\u0142ym narz\u0119dziem.","og_url":"https:\/\/ettagoglobal.com\/pl\/human-centred-leadership\/mocne-strony-zespolu-talenty-gallupa\/","og_site_name":"ETTA","article_modified_time":"2022-07-15T16:29:36+00:00","og_image":[{"width":400,"height":400,"url":"https:\/\/ettagoglobal.com\/wp-content\/uploads\/2022\/04\/talenty-galloupa.jpg","type":"image\/jpeg"}],"twitter_card":"summary_large_image","twitter_misc":{"Szacowany czas czytania":"2 minuty"},"schema":{"@context":"https:\/\/schema.org","@graph":[{"@type":"WebPage","@id":"https:\/\/ettagoglobal.com\/pl\/human-centred-leadership\/mocne-strony-zespolu-talenty-gallupa\/","url":"https:\/\/ettagoglobal.com\/pl\/human-centred-leadership\/mocne-strony-zespolu-talenty-gallupa\/","name":"Mocne strony zespo\u0142u - talenty Gallupa - ETTA","isPartOf":{"@id":"https:\/\/ettagoglobal.com\/#website"},"primaryImageOfPage":{"@id":"https:\/\/ettagoglobal.com\/pl\/human-centred-leadership\/mocne-strony-zespolu-talenty-gallupa\/#primaryimage"},"image":{"@id":"https:\/\/ettagoglobal.com\/pl\/human-centred-leadership\/mocne-strony-zespolu-talenty-gallupa\/#primaryimage"},"thumbnailUrl":"https:\/\/ettagoglobal.com\/wp-content\/uploads\/2022\/04\/talenty-galloupa.jpg","datePublished":"2022-04-15T11:00:44+00:00","dateModified":"2022-07-15T16:29:36+00:00","description":"Chcesz pozna\u0107 swoje mocne strony i wykorzysta\u0107 je do rozwijania siebie i zespo\u0142u? Talenty Gallupa b\u0119d\u0105 doskona\u0142ym narz\u0119dziem.","breadcrumb":{"@id":"https:\/\/ettagoglobal.com\/pl\/human-centred-leadership\/mocne-strony-zespolu-talenty-gallupa\/#breadcrumb"},"inLanguage":"pl-PL","potentialAction":[{"@type":"ReadAction","target":["https:\/\/ettagoglobal.com\/pl\/human-centred-leadership\/mocne-strony-zespolu-talenty-gallupa\/"]}]},{"@type":"ImageObject","inLanguage":"pl-PL","@id":"https:\/\/ettagoglobal.com\/pl\/human-centred-leadership\/mocne-strony-zespolu-talenty-gallupa\/#primaryimage","url":"https:\/\/ettagoglobal.com\/wp-content\/uploads\/2022\/04\/talenty-galloupa.jpg","contentUrl":"https:\/\/ettagoglobal.com\/wp-content\/uploads\/2022\/04\/talenty-galloupa.jpg","width":400,"height":400,"caption":"mocne strony talenty gallupa szkolenie dla zespo\u0142u ETTA"},{"@type":"BreadcrumbList","@id":"https:\/\/ettagoglobal.com\/pl\/human-centred-leadership\/mocne-strony-zespolu-talenty-gallupa\/#breadcrumb","itemListElement":[{"@type":"ListItem","position":1,"name":"Strona g\u0142\u00f3wna","item":"https:\/\/ettagoglobal.com\/pl\/home-2\/"},{"@type":"ListItem","position":2,"name":"Human-Centred Leadership","item":"https:\/\/ettagoglobal.com\/pl\/human-centred-leadership\/"},{"@type":"ListItem","position":3,"name":"Mocne strony zespo\u0142u &#8211; talenty Gallupa"}]},{"@type":"WebSite","@id":"https:\/\/ettagoglobal.com\/#website","url":"https:\/\/ettagoglobal.com\/","name":"ETTA","description":"Global Connections. Let&#039;s do it bETTA!","potentialAction":[{"@type":"SearchAction","target":{"@type":"EntryPoint","urlTemplate":"https:\/\/ettagoglobal.com\/?s={search_term_string}"},"query-input":{"@type":"PropertyValueSpecification","valueRequired":true,"valueName":"search_term_string"}}],"inLanguage":"pl-PL"}]}},"_links":{"self":[{"href":"https:\/\/ettagoglobal.com\/pl\/wp-json\/wp\/v2\/pages\/24672","targetHints":{"allow":["GET"]}}],"collection":[{"href":"https:\/\/ettagoglobal.com\/pl\/wp-json\/wp\/v2\/pages"}],"about":[{"href":"https:\/\/ettagoglobal.com\/pl\/wp-json\/wp\/v2\/types\/page"}],"author":[{"embeddable":true,"href":"https:\/\/ettagoglobal.com\/pl\/wp-json\/wp\/v2\/users\/1"}],"replies":[{"embeddable":true,"href":"https:\/\/ettagoglobal.com\/pl\/wp-json\/wp\/v2\/comments?post=24672"}],"version-history":[{"count":0,"href":"https:\/\/ettagoglobal.com\/pl\/wp-json\/wp\/v2\/pages\/24672\/revisions"}],"up":[{"embeddable":true,"href":"https:\/\/ettagoglobal.com\/pl\/wp-json\/wp\/v2\/pages\/24201"}],"wp:featuredmedia":[{"embeddable":true,"href":"https:\/\/ettagoglobal.com\/pl\/wp-json\/wp\/v2\/media\/24862"}],"wp:attachment":[{"href":"https:\/\/ettagoglobal.com\/pl\/wp-json\/wp\/v2\/media?parent=24672"}],"curies":[{"name":"wp","href":"https:\/\/api.w.org\/{rel}","templated":true}]}}