{"id":24670,"date":"2022-04-15T11:00:33","date_gmt":"2022-04-15T11:00:33","guid":{"rendered":"https:\/\/flamboyant-cerf.46-242-130-188.plesk.page\/?page_id=24670"},"modified":"2022-07-15T16:29:03","modified_gmt":"2022-07-15T16:29:03","slug":"zarzadzanie-pokoleniami","status":"publish","type":"page","link":"https:\/\/ettagoglobal.com\/pl\/human-centred-leadership\/zarzadzanie-pokoleniami\/","title":{"rendered":"Zarz\u0105dzanie pokoleniami"},"content":{"rendered":"<p>[vc_row full_width=&#8221;stretch_row&#8221; css=&#8221;.vc_custom_1650548288317{background-image: url(https:\/\/ettagoglobal.com\/wp-content\/uploads\/2022\/04\/background-zarzadzanie-pokoleniami.jpg?id=24871)&nbsp;!important;background-position: center&nbsp;!important;background-repeat: no-repeat&nbsp;!important;background-size: cover&nbsp;!important;}&#8221; el_class=&#8221;main-slide&#8221;][vc_column width=&#8221;2\/3&#8243;][vc_empty_space height=&#8221;100px&#8221;][vc_column_text]<\/p>\n<h2>Human-Centred Leadership<\/h2>\n<h1>Zarz\u0105dzanie pokoleniami<\/h1>\n<p>[\/vc_column_text][vc_empty_space height=&#8221;30px&#8221;][vc_column_text]W organizacjach, w&nbsp;zespo\u0142ach, spotykaj\u0105 si\u0119 aktualnie przedstawiciele 4 pokole\u0144. Zr\u00f3\u017cnicowane oczekiwania i&nbsp;styl \u017cycia mog\u0105 budzi\u0107 sporo napi\u0119\u0107, zar\u00f3wno mi\u0119dzy cz\u0142onkami zespo\u0142u, jak i&nbsp;w dostosowaniu sposob\u00f3w zarz\u0105dzania do&nbsp;potrzeb poszczeg\u00f3lnych os\u00f3b. W&nbsp;ETTA pomagamy liderom zrozumie\u0107 te r\u00f3\u017cnice i&nbsp;zmodyfikowa\u0107 sw\u00f3j styl zarz\u0105dzania tak, by wsp\u00f3\u0142praca mi\u0119dzypokoleniowa sta\u0142a si\u0119 przyjemno\u015bci\u0105.[\/vc_column_text][vc_empty_space height=&#8221;100px&#8221;][\/vc_column][vc_column width=&#8221;1\/3&#8243;][\/vc_column][\/vc_row][vc_row el_class=&#8221;training-for&#8221;][vc_column][vc_empty_space height=&#8221;60px&#8221;][\/vc_column][vc_column width=&#8221;1\/3&#8243;][mnky_service icon_fontawesome=&#8221;fas fa-user-tie&#8221; title=&#8221;Dla kogo jest to szkolenie?&#8221; icon_color=&#8221;#993436&#8243;][\/mnky_service][vc_empty_space height=&#8221;30px&#8221;][\/vc_column][vc_column width=&#8221;1\/3&#8243; el_class=&#8221;center-column&#8221;][vc_column_text]Dla <strong>Team Lider\u00f3w, mened\u017cer\u00f3w zespo\u0142\u00f3w mi\u0119dzypokoleniowych, <\/strong>kt\u00f3rzy chcieliby podnie\u015b\u0107 swoje kompetencje w&nbsp;zarz\u0105dzaniu takimi zespo\u0142ami i&nbsp;poczu\u0107 si\u0119 pewniej w&nbsp;kontaktach z&nbsp;pracownikami z&nbsp;innego pokolenia ni\u017c ich w\u0142asne.[\/vc_column_text][\/vc_column][vc_column width=&#8221;1\/3&#8243; el_class=&#8221;contact-form&#8221;][vc_column_text]<div data-post-id=\"26109\" class=\"insert-page insert-page-26109 \"><p>[vc_row el_id=&#8221;skonsultuj-szkolenie&#8221;][vc_column][vc_column_text]<\/p>\n<h2>Skonsultuj szkolenie<\/h2>\n<p>[\/vc_column_text][vc_empty_space height=&#8221;30px&#8221;]\n<div class=\"wpcf7 no-js\" id=\"wpcf7-f1454-p26109-o1\" lang=\"pl-PL\" dir=\"ltr\" data-wpcf7-id=\"1454\">\n<div class=\"screen-reader-response\"><p role=\"status\" aria-live=\"polite\" aria-atomic=\"true\"><\/p> <ul><\/ul><\/div>\n<form action=\"\/pl\/wp-json\/wp\/v2\/pages\/24670#wpcf7-f1454-p26109-o1\" method=\"post\" class=\"wpcf7-form init\" aria-label=\"Formularz kontaktowy\" novalidate=\"novalidate\" data-status=\"init\">\n<fieldset class=\"hidden-fields-container\"><input type=\"hidden\" name=\"_wpcf7\" value=\"1454\" \/><input type=\"hidden\" name=\"_wpcf7_version\" value=\"6.1.5\" \/><input type=\"hidden\" name=\"_wpcf7_locale\" value=\"pl_PL\" \/><input type=\"hidden\" name=\"_wpcf7_unit_tag\" value=\"wpcf7-f1454-p26109-o1\" \/><input type=\"hidden\" name=\"_wpcf7_container_post\" value=\"26109\" \/><input type=\"hidden\" name=\"_wpcf7_posted_data_hash\" value=\"\" \/><input type=\"hidden\" name=\"_wpcf7_recaptcha_response\" value=\"\" \/>\n<\/fieldset>\n<div>\n\t<p><span class=\"wpcf7-form-control-wrap\" data-name=\"your-tel\"><input size=\"40\" maxlength=\"400\" class=\"wpcf7-form-control wpcf7-tel wpcf7-validates-as-required wpcf7-text wpcf7-validates-as-tel\" autocomplete=\"off\" aria-required=\"true\" aria-invalid=\"false\" placeholder=\"Numer telefonu\" value=\"\" type=\"tel\" name=\"your-tel\" \/><\/span>\n\t<\/p>\n<\/div>\n<div>\n\t<p><span class=\"wpcf7-form-control-wrap\" data-name=\"your-email\"><input size=\"40\" maxlength=\"400\" class=\"wpcf7-form-control wpcf7-email wpcf7-validates-as-required wpcf7-text wpcf7-validates-as-email\" autocomplete=\"off\" aria-required=\"true\" aria-invalid=\"false\" placeholder=\"Firmowy adres e-mail\" value=\"\" type=\"email\" name=\"your-email\" \/><\/span>\n\t<\/p>\n<\/div>\n<div>\n\t<p><span class=\"wpcf7-form-control-wrap\" data-name=\"your-subject\"><textarea cols=\"40\" rows=\"10\" maxlength=\"2000\" class=\"wpcf7-form-control wpcf7-textarea wpcf7-validates-as-required\" autocomplete=\"off\" aria-required=\"true\" aria-invalid=\"false\" placeholder=\"Temat rozmowy\" name=\"your-subject\"><\/textarea><\/span>\n\t<\/p>\n<\/div>\n<div>\n\t<p><span class=\"wpcf7-form-control-wrap\" data-name=\"acceptance-1\"><span class=\"wpcf7-form-control wpcf7-acceptance\"><span class=\"wpcf7-list-item\"><label><input type=\"checkbox\" name=\"acceptance-1\" value=\"1\" aria-invalid=\"false\" \/><span class=\"wpcf7-list-item-label\">Wyra\u017casz zgod\u0119 na kontakt telefoniczny w celu obs\u0142ugi niniejszego zg\u0142oszenia. Wyra\u017casz zgod\u0119 na otrzymywanie informacji handlowych \u015brodkami komunikacji elektronicznej wysy\u0142anymi przez www.ettagoglobal.com oraz na wykorzystanie komunikacji email w celach marketingowych <a href=\"https:\/\/ettagoglobal.com\/pl\/polityka-prywatnosci\/\" target=\"_blank\">(Polityka Prywatno\u015bci)<\/a>.<\/span><\/label><\/span><\/span><\/span>\n\t<\/p>\n<\/div>\n<div>\n\t<p><input class=\"wpcf7-form-control wpcf7-submit has-spinner\" type=\"submit\" value=\"Wy\u015blij\" \/>\n\t<\/p>\n<\/div>\n<div style=\"display:none;\">\n\t<p><span class=\"wpcf7-form-control-wrap\" data-name=\"page-url\"><input size=\"40\" maxlength=\"400\" class=\"wpcf7-form-control wpcf7-text\" aria-invalid=\"false\" value=\"https:\/\/www.ettagoglobal.com\/pl\/wp-json\/wp\/v2\/pages\/24670\" type=\"text\" name=\"page-url\" \/><\/span>\n\t<\/p>\n<\/div><div class=\"wpcf7-response-output\" aria-hidden=\"true\"><\/div>\n<\/form>\n<\/div>\n[\/vc_column][\/vc_row]<\/p>\n<\/div>[\/vc_column_text][\/vc_column][vc_column][vc_empty_space height=&#8221;60px&#8221;][\/vc_column][\/vc_row][vc_row full_width=&#8221;stretch_row&#8221; css=&#8221;.vc_custom_1647539472030{background-color: #f6f7f8&nbsp;!important;}&#8221;][vc_column][vc_empty_space height=&#8221;60px&#8221;][\/vc_column][vc_column width=&#8221;1\/3&#8243;][mnky_service icon_fontawesome=&#8221;fas fa-bullseye&#8221; title=&#8221;Cele \/ Czego nauczysz si\u0119 na&nbsp;wirtualnym warsztacie&#8221; icon_color=&#8221;#993436&#8243;][\/mnky_service][vc_empty_space height=&#8221;30px&#8221;][\/vc_column][vc_column width=&#8221;2\/3&#8243;][vc_column_text]<\/p>\n<ul>\n<li>dowiesz si\u0119, <strong>czym s\u0105 pokolenia<\/strong> i&nbsp;w jaki spos\u00f3b do\u015bwiadczenia pokoleniowe mog\u0105 wp\u0142ywa\u0107 na&nbsp;zachowania w&nbsp;pracy,<\/li>\n<li>zrozumiesz zr\u00f3\u017cnicowane podej\u015bcie przedstawicieli r\u00f3\u017cnych pokole\u0144 do&nbsp;<strong>autorytetu, pracy, zaanga\u017cowania,<\/strong><\/li>\n<li>poznasz konkretne sposoby na&nbsp;<strong>efektywne zarz\u0105dzanie mi\u0119dzypokoleniowym zespo\u0142em<\/strong>,<\/li>\n<li>prze\u0107wiczysz <strong>metody efektywnej komunikacji<\/strong> z&nbsp;osobami z&nbsp;innych pokole\u0144 ni\u017c Twoje.<\/li>\n<\/ul>\n<p>[\/vc_column_text][\/vc_column][vc_column][vc_empty_space height=&#8221;60px&#8221;][\/vc_column][vc_column][vc_column_text]<div data-post-id=\"24685\" class=\"insert-page insert-page-24685 \"><style type=\"text\/css\" data-type=\"vc_shortcodes-custom-css\">.vc_custom_1647539472030{background-color: #f6f7f8 !important;}<\/style><p>[vc_row full_width=&#8221;stretch_row&#8221; css=&#8221;.vc_custom_1647539472030{background-color: #f6f7f8&nbsp;!important;}&#8221;][vc_column width=&#8221;1\/3&#8243;][mnky_service icon_fontawesome=&#8221;fas fa-laptop&#8221; title=&#8221;Zalety wirtualnych warsztat\u00f3w&#8221; icon_color=&#8221;#993436&#8243;][\/mnky_service][vc_empty_space height=&#8221;30px&#8221;][\/vc_column][vc_column width=&#8221;2\/3&#8243;][vc_column_text]<\/p>\n<ul>\n<li>gwarancja <strong>interaktywnego uczestnictwa w&nbsp;szkoleniu<\/strong> z&nbsp;wykorzystaniem narz\u0119dzi anga\u017cowania uczestnik\u00f3w,<\/li>\n<li>p\u00f3\u0142dniowe warsztaty umo\u017cliwiaj\u0105 <strong>elastyczn\u0105 organizacj\u0119 dnia pracy,<\/strong><\/li>\n<li><strong>budowanie relacji<\/strong> ze zdalnymi wsp\u00f3\u0142pracownikami poprzez wsp\u00f3lne uczestnictwo w&nbsp;szkoleniu,<\/li>\n<li>mo\u017cliwo\u015b\u0107 uczestniczenia w&nbsp;warsztacie <strong>z&nbsp;dowolnego miejsca<\/strong>, wystarczy dost\u0119p do&nbsp;komputera.<\/li>\n<\/ul>\n<p>[\/vc_column_text][\/vc_column][\/vc_row]<\/p>\n<\/div>[\/vc_column_text][\/vc_column][vc_column][vc_empty_space height=&#8221;60px&#8221;][vc_separator color=&#8221;black&#8221;][vc_empty_space height=&#8221;60px&#8221;][\/vc_column][\/vc_row][vc_row full_width=&#8221;stretch_row&#8221; css=&#8221;.vc_custom_1646653466361{background-color: #f6f7f8&nbsp;!important;}&#8221;][vc_column][vc_column_text]<\/p>\n<h2>Program wirtualnych warsztat\u00f3w<\/h2>\n<p>[\/vc_column_text][vc_empty_space height=&#8221;30px&#8221;][\/vc_column][\/vc_row][vc_row full_width=&#8221;stretch_row&#8221; gap=&#8221;35&#8243; equal_height=&#8221;yes&#8221; el_class=&#8221;training-parts&#8221; css=&#8221;.vc_custom_1647354153948{background-color: #f6f7f8&nbsp;!important;}&#8221;][vc_column width=&#8221;1\/2&#8243; el_class=&#8221;section&#8221;][vc_empty_space height=&#8221;30px&#8221;][vc_column_text]<\/p>\n<h3 style=\"text-align: center;\">Modu\u0142 I<\/h3>\n<h4 style=\"text-align: center;\">R\u00f3\u017cne pokolenia w&nbsp;organizacji<\/h4>\n<ul>\n<li style=\"font-weight: 400;\" aria-level=\"1\">Zarz\u0105dzanie mi\u0119dzypokoleniowe jako element zarz\u0105dzania r\u00f3\u017cnorodno\u015bci\u0105 \u2013 jak wpisuje si\u0119 w&nbsp;kultur\u0119 organizacji?<\/li>\n<li style=\"font-weight: 400;\" aria-level=\"1\">Co to s\u0105 pokolenia i&nbsp;sk\u0105d bior\u0105 si\u0119 r\u00f3\u017cnice mi\u0119dzypokoleniowe?<\/li>\n<li style=\"font-weight: 400;\" aria-level=\"1\">Pokolenia w&nbsp;organizacjach: Baby Boomers, X, Y, Z:<\/li>\n<li style=\"font-weight: 400;\" aria-level=\"1\">Zakres rocznikowy, do\u015bwiadczenia formuj\u0105ce i&nbsp;warto\u015bci poszczeg\u00f3lnych pokole\u0144 \u2013 jaki wp\u0142yw mog\u0105 mie\u0107 na&nbsp;zachowania w&nbsp;pracy?<\/li>\n<li style=\"font-weight: 400;\" aria-level=\"1\">Co mo\u017ce szczeg\u00f3lnie motywowa\u0107 przedstawicieli danego pokolenia? Podej\u015bcie oparte na&nbsp;potrzebach<\/li>\n<li style=\"font-weight: 400;\" aria-level=\"1\">Wsp\u00f3\u0142praca z&nbsp;osobami z&nbsp;r\u00f3\u017cnych pokole\u0144 \u2013 obszary komfortu i&nbsp;obszary trudno\u015bci<\/li>\n<li style=\"font-weight: 400;\" aria-level=\"1\">Jak powstaj\u0105 uprzedzenia wobec os\u00f3b z&nbsp;innych pokole\u0144 i&nbsp;jak je identyfikowa\u0107?<\/li>\n<li style=\"font-weight: 400;\" aria-level=\"1\">Jak poprawia\u0107 jako\u015b\u0107 wsp\u00f3\u0142pracy z&nbsp;osobami z&nbsp;innego pokolenia ni\u017c moje?<\/li>\n<\/ul>\n<p>[\/vc_column_text][vc_empty_space height=&#8221;30px&#8221;][\/vc_column][vc_column width=&#8221;1\/2&#8243; el_class=&#8221;section&#8221;][vc_empty_space height=&#8221;30px&#8221;][vc_column_text]<\/p>\n<h3 style=\"text-align: center;\">Modu\u0142 II<\/h3>\n<h4 style=\"text-align: center;\">Mi\u0119dzypokoleniowy zesp\u00f3\u0142<\/h4>\n<ul>\n<li>Mened\u017cer, lider, dobry kolega \u2013 co to oznacza dla&nbsp;poszczeg\u00f3lnych pokole\u0144? Jak zarz\u0105dza\u0107 osobami z&nbsp;r\u00f3\u017cnych pokole\u0144?<\/li>\n<li>Obszary i&nbsp;\u017ar\u00f3d\u0142a autorytetu lidera<\/li>\n<li>Budowanie autorytetu \u2013 na&nbsp;co po\u0142o\u017cy\u0107 nacisk we wsp\u00f3\u0142pracy z&nbsp;r\u00f3\u017cnorodnymi osobami?<\/li>\n<li>Metoda 5A \u2013 budowanie porozumienia z&nbsp;osobami r\u00f3\u017cni\u0105cymi si\u0119 od nas<\/li>\n<li>Jak zadba\u0107 o&nbsp;wsp\u00f3\u0142prac\u0119 w&nbsp;zespole mi\u0119dzypokoleniowym? Dobre praktyki z&nbsp;wybranych organizacji<\/li>\n<li>Intermentoring \u2013 wykorzystanie potencja\u0142u r\u00f3\u017cnych pokole\u0144<\/li>\n<li>Pokolenie Z&nbsp;\u2013 na&nbsp;czym polega wyzwanie? Co wnosz\u0105 do&nbsp;zespo\u0142\u00f3w przedstawiciele tego pokolenia?<\/li>\n<li>Co dalej \u2013 czyli&nbsp;przewidywane trendy w&nbsp;pracy w&nbsp;zwi\u0105zku ze zmianami pokoleniowymi.<\/li>\n<\/ul>\n<p>[\/vc_column_text][vc_empty_space height=&#8221;30px&#8221;][\/vc_column][\/vc_row][vc_row][vc_column][vc_column_text]<div data-post-id=\"24681\" class=\"insert-page insert-page-24681 \"><p>[vc_row full_width=&#8221;stretch_row&#8221;][vc_column][vc_empty_space height=&#8221;60px&#8221;][vc_column_text]<\/p>\n<h2>Harmonogram wirtualnych warsztat\u00f3w<\/h2>\n<p>[\/vc_column_text][vc_empty_space height=&#8221;60px&#8221;][\/vc_column][\/vc_row][vc_row][vc_column width=&#8221;1\/4&#8243;][mnky_service icon_fontawesome=&#8221;fas fa-sign-in-alt&#8221; title=&#8221;Diagnoza i&nbsp;prework&#8221; icon_color=&#8221;#993436&#8243;][\/mnky_service][vc_empty_space height=&#8221;30px&#8221;][\/vc_column][vc_column width=&#8221;3\/4&#8243;][vc_column_text]<\/p>\n<ul>\n<li style=\"font-weight: 400;\" aria-level=\"1\"><span style=\"font-weight: 400;\"><strong>wywiad<\/strong> ze sponsorem projektu<\/span><\/li>\n<li style=\"font-weight: 400;\" aria-level=\"1\"><span style=\"font-weight: 400;\">diagnoza potrzeb uczestniczek i&nbsp;uczestnik\u00f3w (<strong>ankieta i&nbsp;rozmowy<\/strong>)<\/span><\/li>\n<li style=\"font-weight: 400;\" aria-level=\"1\"><span style=\"font-weight: 400;\"><strong>prework<\/strong> dla&nbsp;uczestniczek i&nbsp;uczestnik\u00f3w (materia\u0142 do&nbsp;obejrzenia, przeczytania, przes\u0142uchania)<\/span><\/li>\n<\/ul>\n<p>[\/vc_column_text][\/vc_column][\/vc_row][vc_row][vc_column][vc_empty_space height=&#8221;60px&#8221;][\/vc_column][\/vc_row][vc_row][vc_column width=&#8221;1\/4&#8243;][mnky_service icon_fontawesome=&#8221;fas fa-chalkboard-teacher&#8221; title=&#8221;Wirtualne warsztaty&#8221; icon_color=&#8221;#993436&#8243;][\/mnky_service][vc_empty_space height=&#8221;30px&#8221;][\/vc_column][vc_column width=&#8221;3\/4&#8243;][vc_column_text]<\/p>\n<ul>\n<li>czas trwania szkolenia: <strong>2 warsztaty po&nbsp;3,5 h<\/strong><\/li>\n<li><strong>interaktywne metody pracy:<\/strong> dyskusje, czat, wirtualne tablice, ankiety, filmiki, case study, praca w&nbsp;podgrupach, narz\u0119dzia zewn\u0119trzne (Mentimeter, Miro, Funretro)<\/li>\n<li>wielko\u015b\u0107 grupy: <strong>do&nbsp;12 os\u00f3b<\/strong><\/li>\n<\/ul>\n<p>[\/vc_column_text][\/vc_column][\/vc_row][vc_row][vc_column][vc_empty_space height=&#8221;60px&#8221;][\/vc_column][\/vc_row][vc_row][vc_column width=&#8221;1\/4&#8243;][mnky_service icon_fontawesome=&#8221;fas fa-paper-plane&#8221; title=&#8221;Podsumowanie i&nbsp;follow up&#8221; icon_color=&#8221;#993436&#8243;][\/mnky_service][vc_empty_space height=&#8221;30px&#8221;][\/vc_column][vc_column width=&#8221;3\/4&#8243;][vc_column_text]<\/p>\n<ul>\n<li style=\"font-weight: 400;\" aria-level=\"1\"><span style=\"font-weight: 400;\"><strong>materia\u0142y szkoleniowe<\/strong> dla&nbsp;uczestniczek i&nbsp;uczestnik\u00f3w<\/span><\/li>\n<li style=\"font-weight: 400;\" aria-level=\"1\"><span style=\"font-weight: 400;\">dost\u0119p do&nbsp;<strong>bazy wiedzy ETTA<\/strong><\/span><\/li>\n<li style=\"font-weight: 400;\" aria-level=\"1\"><span style=\"font-weight: 400;\"><strong>rozmowa podsumowuj\u0105ca<\/strong> ze sponsorem projektu<\/span><\/li>\n<\/ul>\n<p>[\/vc_column_text][\/vc_column][\/vc_row][vc_row][vc_column][vc_empty_space height=&#8221;60px&#8221;][\/vc_column][\/vc_row][vc_row full_width=&#8221;stretch_row&#8221;][vc_column][vc_empty_space height=&#8221;30px&#8221;][vc_column_text el_class=&#8221;button cta&#8221;]<\/p>\n<p style=\"text-align: center;\"><a class=\"ps2id\" href=\"#skonsultuj-szkolenie\">Skonsultuj szkolenie<\/a><\/p>\n<p>[\/vc_column_text][vc_empty_space height=&#8221;60px&#8221;][\/vc_column][\/vc_row]<\/p>\n<\/div>[\/vc_column_text][\/vc_column][\/vc_row]<\/p>\n","protected":false},"excerpt":{"rendered":"<p>[vc_row full_width=&#8221;stretch_row&#8221; css=&#8221;.vc_custom_1650548288317{background-image: url(https:\/\/ettagoglobal.com\/wp-content\/uploads\/2022\/04\/background-zarzadzanie-pokoleniami.jpg?id=24871)&nbsp;!important;background-position: center&nbsp;!important;background-repeat: no-repeat&nbsp;!important;background-size: cover&nbsp;!important;}&#8221; el_class=&#8221;main-slide&#8221;][vc_column width=&#8221;2\/3&#8243;][vc_empty_space height=&#8221;100px&#8221;][vc_column_text] Human-Centred Leadership Zarz\u0105dzanie pokoleniami [\/vc_column_text][vc_empty_space height=&#8221;30px&#8221;][vc_column_text]W organizacjach, w&nbsp;zespo\u0142ach, spotykaj\u0105 si\u0119 &hellip; <\/p>\n","protected":false},"author":1,"featured_media":24873,"parent":24201,"menu_order":10,"comment_status":"closed","ping_status":"closed","template":"page-no-paddings.php","meta":{"_acf_changed":false,"footnotes":"","_links_to":"","_links_to_target":""},"class_list":["post-24670","page","type-page","status-publish","has-post-thumbnail","hentry"],"acf":[],"yoast_head":"<!-- This site is optimized with the Yoast SEO plugin v27.3 - https:\/\/yoast.com\/product\/yoast-seo-wordpress\/ -->\n<title>Zarz\u0105dzanie pokoleniami - ETTA<\/title>\n<meta name=\"description\" content=\"Generacja X, Y, Z, Baby Boomers - wiesz jak je rozr\u00f3\u017cni\u0107? Jak si\u0119 z nimi komunikowa\u0107? Zarz\u0105dzanie czterema pokoleniami mo\u017ce by\u0107 wyzwaniem dla lidera.\" \/>\n<meta name=\"robots\" content=\"index, follow, max-snippet:-1, max-image-preview:large, max-video-preview:-1\" \/>\n<link rel=\"canonical\" href=\"https:\/\/ettagoglobal.com\/pl\/human-centred-leadership\/zarzadzanie-pokoleniami\/\" \/>\n<meta property=\"og:locale\" content=\"pl_PL\" \/>\n<meta property=\"og:type\" content=\"article\" \/>\n<meta property=\"og:title\" content=\"Zarz\u0105dzanie pokoleniami - ETTA\" \/>\n<meta property=\"og:description\" content=\"Generacja X, Y, Z, Baby Boomers - wiesz jak je rozr\u00f3\u017cni\u0107? Jak si\u0119 z nimi komunikowa\u0107? Zarz\u0105dzanie czterema pokoleniami mo\u017ce by\u0107 wyzwaniem dla lidera.\" \/>\n<meta property=\"og:url\" content=\"https:\/\/ettagoglobal.com\/pl\/human-centred-leadership\/zarzadzanie-pokoleniami\/\" \/>\n<meta property=\"og:site_name\" content=\"ETTA\" \/>\n<meta property=\"article:modified_time\" content=\"2022-07-15T16:29:03+00:00\" \/>\n<meta property=\"og:image\" content=\"https:\/\/ettagoglobal.com\/wp-content\/uploads\/2022\/04\/zarzadzanie-pokoleniami.jpg\" \/>\n\t<meta property=\"og:image:width\" content=\"400\" \/>\n\t<meta property=\"og:image:height\" content=\"400\" \/>\n\t<meta property=\"og:image:type\" content=\"image\/jpeg\" \/>\n<meta name=\"twitter:card\" content=\"summary_large_image\" \/>\n<meta name=\"twitter:label1\" content=\"Szacowany czas czytania\" \/>\n\t<meta name=\"twitter:data1\" content=\"2 minuty\" \/>\n<script type=\"application\/ld+json\" class=\"yoast-schema-graph\">{\"@context\":\"https:\\\/\\\/schema.org\",\"@graph\":[{\"@type\":\"WebPage\",\"@id\":\"https:\\\/\\\/ettagoglobal.com\\\/pl\\\/human-centred-leadership\\\/zarzadzanie-pokoleniami\\\/\",\"url\":\"https:\\\/\\\/ettagoglobal.com\\\/pl\\\/human-centred-leadership\\\/zarzadzanie-pokoleniami\\\/\",\"name\":\"Zarz\u0105dzanie pokoleniami - ETTA\",\"isPartOf\":{\"@id\":\"https:\\\/\\\/ettagoglobal.com\\\/#website\"},\"primaryImageOfPage\":{\"@id\":\"https:\\\/\\\/ettagoglobal.com\\\/pl\\\/human-centred-leadership\\\/zarzadzanie-pokoleniami\\\/#primaryimage\"},\"image\":{\"@id\":\"https:\\\/\\\/ettagoglobal.com\\\/pl\\\/human-centred-leadership\\\/zarzadzanie-pokoleniami\\\/#primaryimage\"},\"thumbnailUrl\":\"https:\\\/\\\/ettagoglobal.com\\\/wp-content\\\/uploads\\\/2022\\\/04\\\/zarzadzanie-pokoleniami.jpg\",\"datePublished\":\"2022-04-15T11:00:33+00:00\",\"dateModified\":\"2022-07-15T16:29:03+00:00\",\"description\":\"Generacja X, Y, Z, Baby Boomers - wiesz jak je rozr\u00f3\u017cni\u0107? Jak si\u0119 z nimi komunikowa\u0107? Zarz\u0105dzanie czterema pokoleniami mo\u017ce by\u0107 wyzwaniem dla lidera.\",\"breadcrumb\":{\"@id\":\"https:\\\/\\\/ettagoglobal.com\\\/pl\\\/human-centred-leadership\\\/zarzadzanie-pokoleniami\\\/#breadcrumb\"},\"inLanguage\":\"pl-PL\",\"potentialAction\":[{\"@type\":\"ReadAction\",\"target\":[\"https:\\\/\\\/ettagoglobal.com\\\/pl\\\/human-centred-leadership\\\/zarzadzanie-pokoleniami\\\/\"]}]},{\"@type\":\"ImageObject\",\"inLanguage\":\"pl-PL\",\"@id\":\"https:\\\/\\\/ettagoglobal.com\\\/pl\\\/human-centred-leadership\\\/zarzadzanie-pokoleniami\\\/#primaryimage\",\"url\":\"https:\\\/\\\/ettagoglobal.com\\\/wp-content\\\/uploads\\\/2022\\\/04\\\/zarzadzanie-pokoleniami.jpg\",\"contentUrl\":\"https:\\\/\\\/ettagoglobal.com\\\/wp-content\\\/uploads\\\/2022\\\/04\\\/zarzadzanie-pokoleniami.jpg\",\"width\":400,\"height\":400,\"caption\":\"zarz\u0105dzanie pokoleniami szkolenie ETTA pokolenie Z generacja Z\"},{\"@type\":\"BreadcrumbList\",\"@id\":\"https:\\\/\\\/ettagoglobal.com\\\/pl\\\/human-centred-leadership\\\/zarzadzanie-pokoleniami\\\/#breadcrumb\",\"itemListElement\":[{\"@type\":\"ListItem\",\"position\":1,\"name\":\"Strona g\u0142\u00f3wna\",\"item\":\"https:\\\/\\\/ettagoglobal.com\\\/pl\\\/home-2\\\/\"},{\"@type\":\"ListItem\",\"position\":2,\"name\":\"Human-Centred Leadership\",\"item\":\"https:\\\/\\\/ettagoglobal.com\\\/pl\\\/human-centred-leadership\\\/\"},{\"@type\":\"ListItem\",\"position\":3,\"name\":\"Zarz\u0105dzanie pokoleniami\"}]},{\"@type\":\"WebSite\",\"@id\":\"https:\\\/\\\/ettagoglobal.com\\\/#website\",\"url\":\"https:\\\/\\\/ettagoglobal.com\\\/\",\"name\":\"ETTA\",\"description\":\"Global Connections. Let&#039;s do it bETTA!\",\"potentialAction\":[{\"@type\":\"SearchAction\",\"target\":{\"@type\":\"EntryPoint\",\"urlTemplate\":\"https:\\\/\\\/ettagoglobal.com\\\/?s={search_term_string}\"},\"query-input\":{\"@type\":\"PropertyValueSpecification\",\"valueRequired\":true,\"valueName\":\"search_term_string\"}}],\"inLanguage\":\"pl-PL\"}]}<\/script>\n<!-- \/ Yoast SEO plugin. -->","yoast_head_json":{"title":"Zarz\u0105dzanie pokoleniami - ETTA","description":"Generacja X, Y, Z, Baby Boomers - wiesz jak je rozr\u00f3\u017cni\u0107? Jak si\u0119 z nimi komunikowa\u0107? Zarz\u0105dzanie czterema pokoleniami mo\u017ce by\u0107 wyzwaniem dla lidera.","robots":{"index":"index","follow":"follow","max-snippet":"max-snippet:-1","max-image-preview":"max-image-preview:large","max-video-preview":"max-video-preview:-1"},"canonical":"https:\/\/ettagoglobal.com\/pl\/human-centred-leadership\/zarzadzanie-pokoleniami\/","og_locale":"pl_PL","og_type":"article","og_title":"Zarz\u0105dzanie pokoleniami - ETTA","og_description":"Generacja X, Y, Z, Baby Boomers - wiesz jak je rozr\u00f3\u017cni\u0107? Jak si\u0119 z nimi komunikowa\u0107? Zarz\u0105dzanie czterema pokoleniami mo\u017ce by\u0107 wyzwaniem dla lidera.","og_url":"https:\/\/ettagoglobal.com\/pl\/human-centred-leadership\/zarzadzanie-pokoleniami\/","og_site_name":"ETTA","article_modified_time":"2022-07-15T16:29:03+00:00","og_image":[{"width":400,"height":400,"url":"https:\/\/ettagoglobal.com\/wp-content\/uploads\/2022\/04\/zarzadzanie-pokoleniami.jpg","type":"image\/jpeg"}],"twitter_card":"summary_large_image","twitter_misc":{"Szacowany czas czytania":"2 minuty"},"schema":{"@context":"https:\/\/schema.org","@graph":[{"@type":"WebPage","@id":"https:\/\/ettagoglobal.com\/pl\/human-centred-leadership\/zarzadzanie-pokoleniami\/","url":"https:\/\/ettagoglobal.com\/pl\/human-centred-leadership\/zarzadzanie-pokoleniami\/","name":"Zarz\u0105dzanie pokoleniami - ETTA","isPartOf":{"@id":"https:\/\/ettagoglobal.com\/#website"},"primaryImageOfPage":{"@id":"https:\/\/ettagoglobal.com\/pl\/human-centred-leadership\/zarzadzanie-pokoleniami\/#primaryimage"},"image":{"@id":"https:\/\/ettagoglobal.com\/pl\/human-centred-leadership\/zarzadzanie-pokoleniami\/#primaryimage"},"thumbnailUrl":"https:\/\/ettagoglobal.com\/wp-content\/uploads\/2022\/04\/zarzadzanie-pokoleniami.jpg","datePublished":"2022-04-15T11:00:33+00:00","dateModified":"2022-07-15T16:29:03+00:00","description":"Generacja X, Y, Z, Baby Boomers - wiesz jak je rozr\u00f3\u017cni\u0107? Jak si\u0119 z nimi komunikowa\u0107? Zarz\u0105dzanie czterema pokoleniami mo\u017ce by\u0107 wyzwaniem dla lidera.","breadcrumb":{"@id":"https:\/\/ettagoglobal.com\/pl\/human-centred-leadership\/zarzadzanie-pokoleniami\/#breadcrumb"},"inLanguage":"pl-PL","potentialAction":[{"@type":"ReadAction","target":["https:\/\/ettagoglobal.com\/pl\/human-centred-leadership\/zarzadzanie-pokoleniami\/"]}]},{"@type":"ImageObject","inLanguage":"pl-PL","@id":"https:\/\/ettagoglobal.com\/pl\/human-centred-leadership\/zarzadzanie-pokoleniami\/#primaryimage","url":"https:\/\/ettagoglobal.com\/wp-content\/uploads\/2022\/04\/zarzadzanie-pokoleniami.jpg","contentUrl":"https:\/\/ettagoglobal.com\/wp-content\/uploads\/2022\/04\/zarzadzanie-pokoleniami.jpg","width":400,"height":400,"caption":"zarz\u0105dzanie pokoleniami szkolenie ETTA pokolenie Z generacja Z"},{"@type":"BreadcrumbList","@id":"https:\/\/ettagoglobal.com\/pl\/human-centred-leadership\/zarzadzanie-pokoleniami\/#breadcrumb","itemListElement":[{"@type":"ListItem","position":1,"name":"Strona g\u0142\u00f3wna","item":"https:\/\/ettagoglobal.com\/pl\/home-2\/"},{"@type":"ListItem","position":2,"name":"Human-Centred Leadership","item":"https:\/\/ettagoglobal.com\/pl\/human-centred-leadership\/"},{"@type":"ListItem","position":3,"name":"Zarz\u0105dzanie pokoleniami"}]},{"@type":"WebSite","@id":"https:\/\/ettagoglobal.com\/#website","url":"https:\/\/ettagoglobal.com\/","name":"ETTA","description":"Global Connections. Let&#039;s do it bETTA!","potentialAction":[{"@type":"SearchAction","target":{"@type":"EntryPoint","urlTemplate":"https:\/\/ettagoglobal.com\/?s={search_term_string}"},"query-input":{"@type":"PropertyValueSpecification","valueRequired":true,"valueName":"search_term_string"}}],"inLanguage":"pl-PL"}]}},"_links":{"self":[{"href":"https:\/\/ettagoglobal.com\/pl\/wp-json\/wp\/v2\/pages\/24670","targetHints":{"allow":["GET"]}}],"collection":[{"href":"https:\/\/ettagoglobal.com\/pl\/wp-json\/wp\/v2\/pages"}],"about":[{"href":"https:\/\/ettagoglobal.com\/pl\/wp-json\/wp\/v2\/types\/page"}],"author":[{"embeddable":true,"href":"https:\/\/ettagoglobal.com\/pl\/wp-json\/wp\/v2\/users\/1"}],"replies":[{"embeddable":true,"href":"https:\/\/ettagoglobal.com\/pl\/wp-json\/wp\/v2\/comments?post=24670"}],"version-history":[{"count":0,"href":"https:\/\/ettagoglobal.com\/pl\/wp-json\/wp\/v2\/pages\/24670\/revisions"}],"up":[{"embeddable":true,"href":"https:\/\/ettagoglobal.com\/pl\/wp-json\/wp\/v2\/pages\/24201"}],"wp:featuredmedia":[{"embeddable":true,"href":"https:\/\/ettagoglobal.com\/pl\/wp-json\/wp\/v2\/media\/24873"}],"wp:attachment":[{"href":"https:\/\/ettagoglobal.com\/pl\/wp-json\/wp\/v2\/media?parent=24670"}],"curies":[{"name":"wp","href":"https:\/\/api.w.org\/{rel}","templated":true}]}}