{"id":24649,"date":"2022-04-15T10:54:09","date_gmt":"2022-04-15T10:54:09","guid":{"rendered":"https:\/\/flamboyant-cerf.46-242-130-188.plesk.page\/?page_id=24649"},"modified":"2023-03-23T17:56:09","modified_gmt":"2023-03-23T17:56:09","slug":"first-time-online-hybrid-leader","status":"publish","type":"page","link":"https:\/\/ettagoglobal.com\/pl\/human-centred-leadership\/first-time-online-hybrid-leader\/","title":{"rendered":"First Time Online \/ Hybrid Leader"},"content":{"rendered":"<p>[vc_row full_width=&#8221;stretch_row&#8221; css=&#8221;.vc_custom_1650546542253{background-image: url(https:\/\/ettagoglobal.com\/wp-content\/uploads\/2022\/04\/background-first-time-online.jpg?id=24832)&nbsp;!important;background-position: center&nbsp;!important;background-repeat: no-repeat&nbsp;!important;background-size: cover&nbsp;!important;}&#8221; el_class=&#8221;main-slide&#8221;][vc_column width=&#8221;2\/3&#8243;][vc_empty_space height=&#8221;100px&#8221;][vc_column_text]<\/p>\n<h2>Zarz\u0105dzanie wirtualnymi \/ hybrydowymi zespo\u0142ami<\/h2>\n<h1>First Time Online \/ Hybrid Leader<\/h1>\n<p>[\/vc_column_text][vc_empty_space height=&#8221;30px&#8221;][vc_column_text]<span style=\"font-weight: 400;\">Przej\u015bcie z&nbsp;poziomu specjalisty na&nbsp;stanowiska lidera wymaga zdobycia nowych kompetencji. Szczeg\u00f3lnie w&nbsp;obecnych realiach, gdy proces ten przebiega online, a&nbsp;lider nie zna osobi\u015bcie os\u00f3b kt\u00f3rymi b\u0119dzie zarz\u0105dza\u0107. Potrzebne jest tu nie tylko zbudowanie autorytetu, ale&nbsp;r\u00f3wnie\u017c zbudowanie zaufania i&nbsp;utrzymanie zaanga\u017cowania &#8211; nad&nbsp;tym pracujemy na&nbsp;szkoleniu ETTA.\u00a0<\/span>[\/vc_column_text][vc_empty_space height=&#8221;100px&#8221;][\/vc_column][vc_column width=&#8221;1\/3&#8243;][\/vc_column][\/vc_row][vc_row el_class=&#8221;training-for&#8221;][vc_column][vc_empty_space height=&#8221;60px&#8221;][\/vc_column][vc_column width=&#8221;1\/3&#8243;][mnky_service icon_fontawesome=&#8221;fas fa-user-tie&#8221; title=&#8221;Dla kogo jest to szkolenie?&#8221; icon_color=&#8221;#993436&#8243;][\/mnky_service][vc_empty_space height=&#8221;30px&#8221;][\/vc_column][vc_column width=&#8221;1\/3&#8243; el_class=&#8221;center-column&#8221;][vc_column_text]Dla <strong>m\u0142odych lider\u00f3w i&nbsp;mened\u017cer\u00f3w<\/strong>, kt\u00f3rzy zarz\u0105dzaj\u0105 wirtualnymi i&nbsp;hybrydowymi zespo\u0142ami, lub&nbsp;chc\u0105 si\u0119 przygotowa\u0107 do&nbsp;obj\u0119cia tej roli.[\/vc_column_text][\/vc_column][vc_column width=&#8221;1\/3&#8243; el_class=&#8221;contact-form&#8221;][vc_column_text]<div data-post-id=\"26109\" class=\"insert-page insert-page-26109 \"><p>[vc_row el_id=&#8221;skonsultuj-szkolenie&#8221;][vc_column][vc_column_text]<\/p>\n<h2>Skonsultuj szkolenie<\/h2>\n<p>[\/vc_column_text][vc_empty_space height=&#8221;30px&#8221;]\n<div class=\"wpcf7 no-js\" id=\"wpcf7-f1454-p26109-o1\" lang=\"pl-PL\" dir=\"ltr\" data-wpcf7-id=\"1454\">\n<div class=\"screen-reader-response\"><p role=\"status\" aria-live=\"polite\" aria-atomic=\"true\"><\/p> <ul><\/ul><\/div>\n<form action=\"\/pl\/wp-json\/wp\/v2\/pages\/24649#wpcf7-f1454-p26109-o1\" method=\"post\" class=\"wpcf7-form init\" aria-label=\"Formularz kontaktowy\" novalidate=\"novalidate\" data-status=\"init\">\n<fieldset class=\"hidden-fields-container\"><input type=\"hidden\" name=\"_wpcf7\" value=\"1454\" \/><input type=\"hidden\" name=\"_wpcf7_version\" value=\"6.1.5\" \/><input type=\"hidden\" name=\"_wpcf7_locale\" value=\"pl_PL\" \/><input type=\"hidden\" name=\"_wpcf7_unit_tag\" value=\"wpcf7-f1454-p26109-o1\" \/><input type=\"hidden\" name=\"_wpcf7_container_post\" value=\"26109\" \/><input type=\"hidden\" name=\"_wpcf7_posted_data_hash\" value=\"\" \/><input type=\"hidden\" name=\"_wpcf7_recaptcha_response\" value=\"\" \/>\n<\/fieldset>\n<div>\n\t<p><span class=\"wpcf7-form-control-wrap\" data-name=\"your-tel\"><input size=\"40\" maxlength=\"400\" class=\"wpcf7-form-control wpcf7-tel wpcf7-validates-as-required wpcf7-text wpcf7-validates-as-tel\" autocomplete=\"off\" aria-required=\"true\" aria-invalid=\"false\" placeholder=\"Numer telefonu\" value=\"\" type=\"tel\" name=\"your-tel\" \/><\/span>\n\t<\/p>\n<\/div>\n<div>\n\t<p><span class=\"wpcf7-form-control-wrap\" data-name=\"your-email\"><input size=\"40\" maxlength=\"400\" class=\"wpcf7-form-control wpcf7-email wpcf7-validates-as-required wpcf7-text wpcf7-validates-as-email\" autocomplete=\"off\" aria-required=\"true\" aria-invalid=\"false\" placeholder=\"Firmowy adres e-mail\" value=\"\" type=\"email\" name=\"your-email\" \/><\/span>\n\t<\/p>\n<\/div>\n<div>\n\t<p><span class=\"wpcf7-form-control-wrap\" data-name=\"your-subject\"><textarea cols=\"40\" rows=\"10\" maxlength=\"2000\" class=\"wpcf7-form-control wpcf7-textarea wpcf7-validates-as-required\" autocomplete=\"off\" aria-required=\"true\" aria-invalid=\"false\" placeholder=\"Temat rozmowy\" name=\"your-subject\"><\/textarea><\/span>\n\t<\/p>\n<\/div>\n<div>\n\t<p><span class=\"wpcf7-form-control-wrap\" data-name=\"acceptance-1\"><span class=\"wpcf7-form-control wpcf7-acceptance\"><span class=\"wpcf7-list-item\"><label><input type=\"checkbox\" name=\"acceptance-1\" value=\"1\" aria-invalid=\"false\" \/><span class=\"wpcf7-list-item-label\">Wyra\u017casz zgod\u0119 na kontakt telefoniczny w celu obs\u0142ugi niniejszego zg\u0142oszenia. Wyra\u017casz zgod\u0119 na otrzymywanie informacji handlowych \u015brodkami komunikacji elektronicznej wysy\u0142anymi przez www.ettagoglobal.com oraz na wykorzystanie komunikacji email w celach marketingowych <a href=\"https:\/\/ettagoglobal.com\/pl\/polityka-prywatnosci\/\" target=\"_blank\">(Polityka Prywatno\u015bci)<\/a>.<\/span><\/label><\/span><\/span><\/span>\n\t<\/p>\n<\/div>\n<div>\n\t<p><input class=\"wpcf7-form-control wpcf7-submit has-spinner\" type=\"submit\" value=\"Wy\u015blij\" \/>\n\t<\/p>\n<\/div>\n<div style=\"display:none;\">\n\t<p><span class=\"wpcf7-form-control-wrap\" data-name=\"page-url\"><input size=\"40\" maxlength=\"400\" class=\"wpcf7-form-control wpcf7-text\" aria-invalid=\"false\" value=\"https:\/\/www.ettagoglobal.com\/pl\/wp-json\/wp\/v2\/pages\/24649\" type=\"text\" name=\"page-url\" \/><\/span>\n\t<\/p>\n<\/div><div class=\"wpcf7-response-output\" aria-hidden=\"true\"><\/div>\n<\/form>\n<\/div>\n[\/vc_column][\/vc_row]<\/p>\n<\/div>[\/vc_column_text][\/vc_column][vc_column][vc_empty_space height=&#8221;60px&#8221;][\/vc_column][\/vc_row][vc_row full_width=&#8221;stretch_row&#8221; css=&#8221;.vc_custom_1647539472030{background-color: #f6f7f8&nbsp;!important;}&#8221;][vc_column][vc_empty_space height=&#8221;60px&#8221;][\/vc_column][vc_column width=&#8221;1\/3&#8243;][mnky_service icon_fontawesome=&#8221;fas fa-bullseye&#8221; title=&#8221;Cele \/ Czego nauczysz si\u0119 na&nbsp;wirtualnym warsztacie&#8221; icon_color=&#8221;#993436&#8243;][\/mnky_service][vc_empty_space height=&#8221;30px&#8221;][\/vc_column][vc_column width=&#8221;2\/3&#8243;][vc_column_text]<\/p>\n<ul>\n<li>dowiesz si\u0119 jak <strong>budowa\u0107 autorytet lidera<\/strong>, jednocze\u015bnie dbaj\u0105c o&nbsp;relacje i&nbsp;buduj\u0105c zaufanie,<\/li>\n<li>poznasz <strong>konkretne narz\u0119dzia<\/strong> i&nbsp;sprawdzone sposoby na&nbsp;komunikacj\u0119 w&nbsp;zespole zdalnym\/hybrydowym,<\/li>\n<li>zdob\u0119dziesz kompetencje pozwalaj\u0105ce na&nbsp;zbudowanie motywacji i&nbsp;<strong>utrzymanie zaanga\u017cowania<\/strong> w&nbsp;wirtualnym\/hybrydowym zespole,<\/li>\n<li>dowiesz si\u0119, jak rozpoznawa\u0107 etapy rozwoju zespo\u0142u i&nbsp;dba\u0107 o&nbsp;odpowiednie <strong>budowanie swojego stylu zarz\u0105dzania<\/strong>.<\/li>\n<\/ul>\n<p>[\/vc_column_text][\/vc_column][vc_column][vc_empty_space height=&#8221;60px&#8221;][\/vc_column][vc_column][vc_column_text]<div data-post-id=\"24685\" class=\"insert-page insert-page-24685 \"><style type=\"text\/css\" data-type=\"vc_shortcodes-custom-css\">.vc_custom_1647539472030{background-color: #f6f7f8 !important;}<\/style><p>[vc_row full_width=&#8221;stretch_row&#8221; css=&#8221;.vc_custom_1647539472030{background-color: #f6f7f8&nbsp;!important;}&#8221;][vc_column width=&#8221;1\/3&#8243;][mnky_service icon_fontawesome=&#8221;fas fa-laptop&#8221; title=&#8221;Zalety wirtualnych warsztat\u00f3w&#8221; icon_color=&#8221;#993436&#8243;][\/mnky_service][vc_empty_space height=&#8221;30px&#8221;][\/vc_column][vc_column width=&#8221;2\/3&#8243;][vc_column_text]<\/p>\n<ul>\n<li>gwarancja <strong>interaktywnego uczestnictwa w&nbsp;szkoleniu<\/strong> z&nbsp;wykorzystaniem narz\u0119dzi anga\u017cowania uczestnik\u00f3w,<\/li>\n<li>p\u00f3\u0142dniowe warsztaty umo\u017cliwiaj\u0105 <strong>elastyczn\u0105 organizacj\u0119 dnia pracy,<\/strong><\/li>\n<li><strong>budowanie relacji<\/strong> ze zdalnymi wsp\u00f3\u0142pracownikami poprzez wsp\u00f3lne uczestnictwo w&nbsp;szkoleniu,<\/li>\n<li>mo\u017cliwo\u015b\u0107 uczestniczenia w&nbsp;warsztacie <strong>z&nbsp;dowolnego miejsca<\/strong>, wystarczy dost\u0119p do&nbsp;komputera.<\/li>\n<\/ul>\n<p>[\/vc_column_text][\/vc_column][\/vc_row]<\/p>\n<\/div>[\/vc_column_text][\/vc_column][vc_column][vc_empty_space height=&#8221;60px&#8221;][vc_separator color=&#8221;black&#8221;][vc_empty_space height=&#8221;60px&#8221;][\/vc_column][\/vc_row][vc_row full_width=&#8221;stretch_row&#8221; css=&#8221;.vc_custom_1646653466361{background-color: #f6f7f8&nbsp;!important;}&#8221;][vc_column][vc_column_text]<\/p>\n<h2>Program wirtualnych warsztat\u00f3w<\/h2>\n<p>[\/vc_column_text][vc_empty_space height=&#8221;30px&#8221;][\/vc_column][\/vc_row][vc_row full_width=&#8221;stretch_row&#8221; gap=&#8221;35&#8243; equal_height=&#8221;yes&#8221; el_class=&#8221;training-parts&#8221; css=&#8221;.vc_custom_1647354153948{background-color: #f6f7f8&nbsp;!important;}&#8221;][vc_column width=&#8221;1\/2&#8243; el_class=&#8221;section&#8221;][vc_empty_space height=&#8221;30px&#8221;][vc_column_text]<\/p>\n<h3 style=\"text-align: center;\">Modu\u0142 I<\/h3>\n<h4 style=\"text-align: center;\">First Time Leader i&nbsp;zesp\u00f3\u0142<\/h4>\n<ul>\n<li style=\"font-weight: 400;\" aria-level=\"1\">Rola lidera \u2013 interface pomi\u0119dzy pracownikami a&nbsp;organizacj\u0105 \u2013 podejmowanie odpowiedzialno\u015bci za&nbsp;decyzje organizacji<\/li>\n<li style=\"font-weight: 400;\" aria-level=\"1\">M\u00f3j cel i&nbsp;moje warto\u015bci jako lidera<\/li>\n<li style=\"font-weight: 400;\" aria-level=\"1\">Budowanie autorytetu &#8211; \u017ar\u00f3d\u0142a autorytetu i&nbsp;jak je rozwija\u0107 w&nbsp;\u015brodowisku hybrydowym \/ wirtualnym?<\/li>\n<li style=\"font-weight: 400;\" aria-level=\"1\">Jak ustala\u0107 zasady wsp\u00f3lnej pracy z&nbsp;lud\u017ami, kt\u00f3rzy do&nbsp;niedawna byli naszymi kolegami i&nbsp;kole\u017cankami?<\/li>\n<li style=\"font-weight: 400;\" aria-level=\"1\">Co motywuje ludzi w&nbsp;zale\u017cno\u015bci od etapu rozwoju zespo\u0142u?<\/li>\n<li style=\"font-weight: 400;\" aria-level=\"1\">Budowanie zaufania i&nbsp;przynale\u017cno\u015bci w&nbsp;zespole &#8211; przydatne narz\u0119dzia<\/li>\n<li style=\"font-weight: 400;\" aria-level=\"1\">Cele zespo\u0142u, przejrzysto\u015b\u0107 indywidualnych cel\u00f3w i&nbsp;zada\u0144 &#8211; jak delegowa\u0107, by koledzy czuli si\u0119 zmotywowani?<\/li>\n<li style=\"font-weight: 400;\" aria-level=\"1\">Organizacja pracy zespo\u0142u hybrydowego \/ wirtualnego &#8211; dobre praktyki<span style=\"font-weight: 400;\">\u00a0<\/span><\/li>\n<\/ul>\n<p>[\/vc_column_text][vc_empty_space height=&#8221;30px&#8221;][\/vc_column][vc_column width=&#8221;1\/2&#8243; el_class=&#8221;section&#8221;][vc_empty_space height=&#8221;30px&#8221;][vc_column_text]<\/p>\n<h3 style=\"text-align: center;\">Modu\u0142 II<\/h3>\n<h4 style=\"text-align: center;\">Lider a&nbsp;komunikacja w&nbsp;hybrydowym \/ wirtualnym zespole<\/h4>\n<ul>\n<li>Komunikacja w&nbsp;\u015brodowisku wirtualnym \/ hybrydowym \u2013 typowe wyzwania<\/li>\n<li>Komunikacja synchroniczna i&nbsp;asynchroniczna &#8211; jak znale\u017a\u0107 w\u0142a\u015bciw\u0105 r\u00f3wnowag\u0119?<\/li>\n<li>Asertywny lider &#8211; komunikowanie granic i&nbsp;decyzji, stawianie i&nbsp;realizowanie oczekiwa\u0144<\/li>\n<li>Konstruktywna informacja zwrotna i&nbsp;asertywno\u015b\u0107 &#8211; jak sprawi\u0107, by ludzie czuli si\u0119 docenieni i&nbsp;w\u0142\u0105czeni?<\/li>\n<li>Wa\u017cne rozmowy &#8211; jak sprawi\u0107, by ludzie czuli si\u0119 zrozumiani?<\/li>\n<li>Rozmowy w&nbsp;trudnych sytuacjach &#8211; przydatne struktury<\/li>\n<li>Wprowadzenie do&nbsp;pyta\u0144 coachingowych i&nbsp;podstawowych rozm\u00f3w coachingowych<\/li>\n<li>Podsumowanie &#8211; moje pierwsze kroki w&nbsp;kierunku bycia skutecznym liderem<\/li>\n<\/ul>\n<p>[\/vc_column_text][vc_empty_space height=&#8221;30px&#8221;][\/vc_column][\/vc_row][vc_row][vc_column][vc_column_text]<div data-post-id=\"24681\" class=\"insert-page insert-page-24681 \"><p>[vc_row full_width=&#8221;stretch_row&#8221;][vc_column][vc_empty_space height=&#8221;60px&#8221;][vc_column_text]<\/p>\n<h2>Harmonogram wirtualnych warsztat\u00f3w<\/h2>\n<p>[\/vc_column_text][vc_empty_space height=&#8221;60px&#8221;][\/vc_column][\/vc_row][vc_row][vc_column width=&#8221;1\/4&#8243;][mnky_service icon_fontawesome=&#8221;fas fa-sign-in-alt&#8221; title=&#8221;Diagnoza i&nbsp;prework&#8221; icon_color=&#8221;#993436&#8243;][\/mnky_service][vc_empty_space height=&#8221;30px&#8221;][\/vc_column][vc_column width=&#8221;3\/4&#8243;][vc_column_text]<\/p>\n<ul>\n<li style=\"font-weight: 400;\" aria-level=\"1\"><span style=\"font-weight: 400;\"><strong>wywiad<\/strong> ze sponsorem projektu<\/span><\/li>\n<li style=\"font-weight: 400;\" aria-level=\"1\"><span style=\"font-weight: 400;\">diagnoza potrzeb uczestniczek i&nbsp;uczestnik\u00f3w (<strong>ankieta i&nbsp;rozmowy<\/strong>)<\/span><\/li>\n<li style=\"font-weight: 400;\" aria-level=\"1\"><span style=\"font-weight: 400;\"><strong>prework<\/strong> dla&nbsp;uczestniczek i&nbsp;uczestnik\u00f3w (materia\u0142 do&nbsp;obejrzenia, przeczytania, przes\u0142uchania)<\/span><\/li>\n<\/ul>\n<p>[\/vc_column_text][\/vc_column][\/vc_row][vc_row][vc_column][vc_empty_space height=&#8221;60px&#8221;][\/vc_column][\/vc_row][vc_row][vc_column width=&#8221;1\/4&#8243;][mnky_service icon_fontawesome=&#8221;fas fa-chalkboard-teacher&#8221; title=&#8221;Wirtualne warsztaty&#8221; icon_color=&#8221;#993436&#8243;][\/mnky_service][vc_empty_space height=&#8221;30px&#8221;][\/vc_column][vc_column width=&#8221;3\/4&#8243;][vc_column_text]<\/p>\n<ul>\n<li>czas trwania szkolenia: <strong>2 warsztaty po&nbsp;3,5 h<\/strong><\/li>\n<li><strong>interaktywne metody pracy:<\/strong> dyskusje, czat, wirtualne tablice, ankiety, filmiki, case study, praca w&nbsp;podgrupach, narz\u0119dzia zewn\u0119trzne (Mentimeter, Miro, Funretro)<\/li>\n<li>wielko\u015b\u0107 grupy: <strong>do&nbsp;12 os\u00f3b<\/strong><\/li>\n<\/ul>\n<p>[\/vc_column_text][\/vc_column][\/vc_row][vc_row][vc_column][vc_empty_space height=&#8221;60px&#8221;][\/vc_column][\/vc_row][vc_row][vc_column width=&#8221;1\/4&#8243;][mnky_service icon_fontawesome=&#8221;fas fa-paper-plane&#8221; title=&#8221;Podsumowanie i&nbsp;follow up&#8221; icon_color=&#8221;#993436&#8243;][\/mnky_service][vc_empty_space height=&#8221;30px&#8221;][\/vc_column][vc_column width=&#8221;3\/4&#8243;][vc_column_text]<\/p>\n<ul>\n<li style=\"font-weight: 400;\" aria-level=\"1\"><span style=\"font-weight: 400;\"><strong>materia\u0142y szkoleniowe<\/strong> dla&nbsp;uczestniczek i&nbsp;uczestnik\u00f3w<\/span><\/li>\n<li style=\"font-weight: 400;\" aria-level=\"1\"><span style=\"font-weight: 400;\">dost\u0119p do&nbsp;<strong>bazy wiedzy ETTA<\/strong><\/span><\/li>\n<li style=\"font-weight: 400;\" aria-level=\"1\"><span style=\"font-weight: 400;\"><strong>rozmowa podsumowuj\u0105ca<\/strong> ze sponsorem projektu<\/span><\/li>\n<\/ul>\n<p>[\/vc_column_text][\/vc_column][\/vc_row][vc_row][vc_column][vc_empty_space height=&#8221;60px&#8221;][\/vc_column][\/vc_row][vc_row full_width=&#8221;stretch_row&#8221;][vc_column][vc_empty_space height=&#8221;30px&#8221;][vc_column_text el_class=&#8221;button cta&#8221;]<\/p>\n<p style=\"text-align: center;\"><a class=\"ps2id\" href=\"#skonsultuj-szkolenie\">Skonsultuj szkolenie<\/a><\/p>\n<p>[\/vc_column_text][vc_empty_space height=&#8221;60px&#8221;][\/vc_column][\/vc_row]<\/p>\n<\/div>[\/vc_column_text][\/vc_column][\/vc_row]<\/p>\n","protected":false},"excerpt":{"rendered":"<p>[vc_row full_width=&#8221;stretch_row&#8221; css=&#8221;.vc_custom_1650546542253{background-image: url(https:\/\/ettagoglobal.com\/wp-content\/uploads\/2022\/04\/background-first-time-online.jpg?id=24832)&nbsp;!important;background-position: center&nbsp;!important;background-repeat: no-repeat&nbsp;!important;background-size: cover&nbsp;!important;}&#8221; el_class=&#8221;main-slide&#8221;][vc_column width=&#8221;2\/3&#8243;][vc_empty_space height=&#8221;100px&#8221;][vc_column_text] Zarz\u0105dzanie wirtualnymi \/ hybrydowymi zespo\u0142ami First Time Online \/ Hybrid &hellip; <\/p>\n","protected":false},"author":1,"featured_media":24828,"parent":24201,"menu_order":32,"comment_status":"closed","ping_status":"closed","template":"page-no-paddings.php","meta":{"_acf_changed":false,"footnotes":"","_links_to":"","_links_to_target":""},"class_list":["post-24649","page","type-page","status-publish","has-post-thumbnail","hentry"],"acf":[],"yoast_head":"<!-- This site is optimized with the Yoast SEO plugin v27.3 - https:\/\/yoast.com\/product\/yoast-seo-wordpress\/ -->\n<title>First Time Online \/ Hybrid Leader - ETTA<\/title>\n<meta name=\"description\" content=\"Przygotowujesz si\u0119 do obj\u0119cia nowej roli jako First Time Leader i zastanawiasz si\u0119, jak dobrze zarz\u0105dza\u0107 zespo\u0142em online? Sprawd\u017a szkolenie ETTA.\" \/>\n<meta name=\"robots\" content=\"index, follow, max-snippet:-1, max-image-preview:large, max-video-preview:-1\" \/>\n<link rel=\"canonical\" href=\"https:\/\/ettagoglobal.com\/pl\/human-centred-leadership\/first-time-online-hybrid-leader\/\" \/>\n<meta property=\"og:locale\" content=\"pl_PL\" \/>\n<meta property=\"og:type\" content=\"article\" \/>\n<meta property=\"og:title\" content=\"First Time Online \/ Hybrid Leader - ETTA\" \/>\n<meta property=\"og:description\" content=\"Przygotowujesz si\u0119 do obj\u0119cia nowej roli jako First Time Leader i zastanawiasz si\u0119, jak dobrze zarz\u0105dza\u0107 zespo\u0142em online? Sprawd\u017a szkolenie ETTA.\" \/>\n<meta property=\"og:url\" content=\"https:\/\/ettagoglobal.com\/pl\/human-centred-leadership\/first-time-online-hybrid-leader\/\" \/>\n<meta property=\"og:site_name\" content=\"ETTA\" \/>\n<meta property=\"article:modified_time\" content=\"2023-03-23T17:56:09+00:00\" \/>\n<meta property=\"og:image\" content=\"https:\/\/ettagoglobal.com\/wp-content\/uploads\/2022\/04\/first-time-online.jpg\" \/>\n\t<meta property=\"og:image:width\" content=\"400\" \/>\n\t<meta property=\"og:image:height\" content=\"400\" \/>\n\t<meta property=\"og:image:type\" content=\"image\/jpeg\" \/>\n<meta name=\"twitter:card\" content=\"summary_large_image\" \/>\n<meta name=\"twitter:label1\" content=\"Szacowany czas czytania\" \/>\n\t<meta name=\"twitter:data1\" content=\"2 minuty\" \/>\n<script type=\"application\/ld+json\" class=\"yoast-schema-graph\">{\"@context\":\"https:\\\/\\\/schema.org\",\"@graph\":[{\"@type\":\"WebPage\",\"@id\":\"https:\\\/\\\/ettagoglobal.com\\\/pl\\\/human-centred-leadership\\\/first-time-online-hybrid-leader\\\/\",\"url\":\"https:\\\/\\\/ettagoglobal.com\\\/pl\\\/human-centred-leadership\\\/first-time-online-hybrid-leader\\\/\",\"name\":\"First Time Online \\\/ Hybrid Leader - ETTA\",\"isPartOf\":{\"@id\":\"https:\\\/\\\/ettagoglobal.com\\\/#website\"},\"primaryImageOfPage\":{\"@id\":\"https:\\\/\\\/ettagoglobal.com\\\/pl\\\/human-centred-leadership\\\/first-time-online-hybrid-leader\\\/#primaryimage\"},\"image\":{\"@id\":\"https:\\\/\\\/ettagoglobal.com\\\/pl\\\/human-centred-leadership\\\/first-time-online-hybrid-leader\\\/#primaryimage\"},\"thumbnailUrl\":\"https:\\\/\\\/ettagoglobal.com\\\/wp-content\\\/uploads\\\/2022\\\/04\\\/first-time-online.jpg\",\"datePublished\":\"2022-04-15T10:54:09+00:00\",\"dateModified\":\"2023-03-23T17:56:09+00:00\",\"description\":\"Przygotowujesz si\u0119 do obj\u0119cia nowej roli jako First Time Leader i zastanawiasz si\u0119, jak dobrze zarz\u0105dza\u0107 zespo\u0142em online? Sprawd\u017a szkolenie ETTA.\",\"breadcrumb\":{\"@id\":\"https:\\\/\\\/ettagoglobal.com\\\/pl\\\/human-centred-leadership\\\/first-time-online-hybrid-leader\\\/#breadcrumb\"},\"inLanguage\":\"pl-PL\",\"potentialAction\":[{\"@type\":\"ReadAction\",\"target\":[\"https:\\\/\\\/ettagoglobal.com\\\/pl\\\/human-centred-leadership\\\/first-time-online-hybrid-leader\\\/\"]}]},{\"@type\":\"ImageObject\",\"inLanguage\":\"pl-PL\",\"@id\":\"https:\\\/\\\/ettagoglobal.com\\\/pl\\\/human-centred-leadership\\\/first-time-online-hybrid-leader\\\/#primaryimage\",\"url\":\"https:\\\/\\\/ettagoglobal.com\\\/wp-content\\\/uploads\\\/2022\\\/04\\\/first-time-online.jpg\",\"contentUrl\":\"https:\\\/\\\/ettagoglobal.com\\\/wp-content\\\/uploads\\\/2022\\\/04\\\/first-time-online.jpg\",\"width\":400,\"height\":400},{\"@type\":\"BreadcrumbList\",\"@id\":\"https:\\\/\\\/ettagoglobal.com\\\/pl\\\/human-centred-leadership\\\/first-time-online-hybrid-leader\\\/#breadcrumb\",\"itemListElement\":[{\"@type\":\"ListItem\",\"position\":1,\"name\":\"Strona g\u0142\u00f3wna\",\"item\":\"https:\\\/\\\/ettagoglobal.com\\\/pl\\\/home-2\\\/\"},{\"@type\":\"ListItem\",\"position\":2,\"name\":\"Human-Centred Leadership\",\"item\":\"https:\\\/\\\/ettagoglobal.com\\\/pl\\\/human-centred-leadership\\\/\"},{\"@type\":\"ListItem\",\"position\":3,\"name\":\"First Time Online \\\/ Hybrid Leader\"}]},{\"@type\":\"WebSite\",\"@id\":\"https:\\\/\\\/ettagoglobal.com\\\/#website\",\"url\":\"https:\\\/\\\/ettagoglobal.com\\\/\",\"name\":\"ETTA\",\"description\":\"Global Connections. Let&#039;s do it bETTA!\",\"potentialAction\":[{\"@type\":\"SearchAction\",\"target\":{\"@type\":\"EntryPoint\",\"urlTemplate\":\"https:\\\/\\\/ettagoglobal.com\\\/?s={search_term_string}\"},\"query-input\":{\"@type\":\"PropertyValueSpecification\",\"valueRequired\":true,\"valueName\":\"search_term_string\"}}],\"inLanguage\":\"pl-PL\"}]}<\/script>\n<!-- \/ Yoast SEO plugin. -->","yoast_head_json":{"title":"First Time Online \/ Hybrid Leader - ETTA","description":"Przygotowujesz si\u0119 do obj\u0119cia nowej roli jako First Time Leader i zastanawiasz si\u0119, jak dobrze zarz\u0105dza\u0107 zespo\u0142em online? Sprawd\u017a szkolenie ETTA.","robots":{"index":"index","follow":"follow","max-snippet":"max-snippet:-1","max-image-preview":"max-image-preview:large","max-video-preview":"max-video-preview:-1"},"canonical":"https:\/\/ettagoglobal.com\/pl\/human-centred-leadership\/first-time-online-hybrid-leader\/","og_locale":"pl_PL","og_type":"article","og_title":"First Time Online \/ Hybrid Leader - ETTA","og_description":"Przygotowujesz si\u0119 do obj\u0119cia nowej roli jako First Time Leader i zastanawiasz si\u0119, jak dobrze zarz\u0105dza\u0107 zespo\u0142em online? Sprawd\u017a szkolenie ETTA.","og_url":"https:\/\/ettagoglobal.com\/pl\/human-centred-leadership\/first-time-online-hybrid-leader\/","og_site_name":"ETTA","article_modified_time":"2023-03-23T17:56:09+00:00","og_image":[{"width":400,"height":400,"url":"https:\/\/ettagoglobal.com\/wp-content\/uploads\/2022\/04\/first-time-online.jpg","type":"image\/jpeg"}],"twitter_card":"summary_large_image","twitter_misc":{"Szacowany czas czytania":"2 minuty"},"schema":{"@context":"https:\/\/schema.org","@graph":[{"@type":"WebPage","@id":"https:\/\/ettagoglobal.com\/pl\/human-centred-leadership\/first-time-online-hybrid-leader\/","url":"https:\/\/ettagoglobal.com\/pl\/human-centred-leadership\/first-time-online-hybrid-leader\/","name":"First Time Online \/ Hybrid Leader - ETTA","isPartOf":{"@id":"https:\/\/ettagoglobal.com\/#website"},"primaryImageOfPage":{"@id":"https:\/\/ettagoglobal.com\/pl\/human-centred-leadership\/first-time-online-hybrid-leader\/#primaryimage"},"image":{"@id":"https:\/\/ettagoglobal.com\/pl\/human-centred-leadership\/first-time-online-hybrid-leader\/#primaryimage"},"thumbnailUrl":"https:\/\/ettagoglobal.com\/wp-content\/uploads\/2022\/04\/first-time-online.jpg","datePublished":"2022-04-15T10:54:09+00:00","dateModified":"2023-03-23T17:56:09+00:00","description":"Przygotowujesz si\u0119 do obj\u0119cia nowej roli jako First Time Leader i zastanawiasz si\u0119, jak dobrze zarz\u0105dza\u0107 zespo\u0142em online? Sprawd\u017a szkolenie ETTA.","breadcrumb":{"@id":"https:\/\/ettagoglobal.com\/pl\/human-centred-leadership\/first-time-online-hybrid-leader\/#breadcrumb"},"inLanguage":"pl-PL","potentialAction":[{"@type":"ReadAction","target":["https:\/\/ettagoglobal.com\/pl\/human-centred-leadership\/first-time-online-hybrid-leader\/"]}]},{"@type":"ImageObject","inLanguage":"pl-PL","@id":"https:\/\/ettagoglobal.com\/pl\/human-centred-leadership\/first-time-online-hybrid-leader\/#primaryimage","url":"https:\/\/ettagoglobal.com\/wp-content\/uploads\/2022\/04\/first-time-online.jpg","contentUrl":"https:\/\/ettagoglobal.com\/wp-content\/uploads\/2022\/04\/first-time-online.jpg","width":400,"height":400},{"@type":"BreadcrumbList","@id":"https:\/\/ettagoglobal.com\/pl\/human-centred-leadership\/first-time-online-hybrid-leader\/#breadcrumb","itemListElement":[{"@type":"ListItem","position":1,"name":"Strona g\u0142\u00f3wna","item":"https:\/\/ettagoglobal.com\/pl\/home-2\/"},{"@type":"ListItem","position":2,"name":"Human-Centred Leadership","item":"https:\/\/ettagoglobal.com\/pl\/human-centred-leadership\/"},{"@type":"ListItem","position":3,"name":"First Time Online \/ Hybrid Leader"}]},{"@type":"WebSite","@id":"https:\/\/ettagoglobal.com\/#website","url":"https:\/\/ettagoglobal.com\/","name":"ETTA","description":"Global Connections. Let&#039;s do it bETTA!","potentialAction":[{"@type":"SearchAction","target":{"@type":"EntryPoint","urlTemplate":"https:\/\/ettagoglobal.com\/?s={search_term_string}"},"query-input":{"@type":"PropertyValueSpecification","valueRequired":true,"valueName":"search_term_string"}}],"inLanguage":"pl-PL"}]}},"_links":{"self":[{"href":"https:\/\/ettagoglobal.com\/pl\/wp-json\/wp\/v2\/pages\/24649","targetHints":{"allow":["GET"]}}],"collection":[{"href":"https:\/\/ettagoglobal.com\/pl\/wp-json\/wp\/v2\/pages"}],"about":[{"href":"https:\/\/ettagoglobal.com\/pl\/wp-json\/wp\/v2\/types\/page"}],"author":[{"embeddable":true,"href":"https:\/\/ettagoglobal.com\/pl\/wp-json\/wp\/v2\/users\/1"}],"replies":[{"embeddable":true,"href":"https:\/\/ettagoglobal.com\/pl\/wp-json\/wp\/v2\/comments?post=24649"}],"version-history":[{"count":0,"href":"https:\/\/ettagoglobal.com\/pl\/wp-json\/wp\/v2\/pages\/24649\/revisions"}],"up":[{"embeddable":true,"href":"https:\/\/ettagoglobal.com\/pl\/wp-json\/wp\/v2\/pages\/24201"}],"wp:featuredmedia":[{"embeddable":true,"href":"https:\/\/ettagoglobal.com\/pl\/wp-json\/wp\/v2\/media\/24828"}],"wp:attachment":[{"href":"https:\/\/ettagoglobal.com\/pl\/wp-json\/wp\/v2\/media?parent=24649"}],"curies":[{"name":"wp","href":"https:\/\/api.w.org\/{rel}","templated":true}]}}