{"id":24201,"date":"2022-03-21T09:16:49","date_gmt":"2022-03-21T09:16:49","guid":{"rendered":"https:\/\/flamboyant-cerf.46-242-130-188.plesk.page\/?page_id=24201"},"modified":"2023-06-12T11:05:36","modified_gmt":"2023-06-12T11:05:36","slug":"human-centred-leadership","status":"publish","type":"page","link":"https:\/\/ettagoglobal.com\/pl\/human-centred-leadership\/","title":{"rendered":"Human-Centred Leadership"},"content":{"rendered":"<p>[vc_row full_width=&#8221;stretch_row&#8221; css=&#8221;.vc_custom_1650532855864{background-image: url(https:\/\/ettagoglobal.com\/wp-content\/uploads\/2022\/04\/background-human-centered-leadership.jpg?id=24756)&nbsp;!important;background-position: center&nbsp;!important;background-repeat: no-repeat&nbsp;!important;background-size: cover&nbsp;!important;}&#8221; el_class=&#8221;main-slide&#8221;][vc_column width=&#8221;4\/5&#8243;][vc_empty_space height=&#8221;100px&#8221;][vc_column_text]<\/p>\n<h1>Human-Centred Leadership<\/h1>\n<p>[\/vc_column_text][vc_empty_space height=&#8221;30px&#8221;][vc_column_text]Human-Centered Leadership to podej\u015bcie, kt\u00f3re w&nbsp;centrum zainteresowania stawia cz\u0142owieka &#8211; jego talenty, mocne strony, bezpiecze\u0144stwo psychologiczne czy&nbsp;trosk\u0119 o&nbsp;poziom si\u0142y i&nbsp;odporno\u015bci psychicznej. Je\u017celi&nbsp;jako lider stawiasz ludzi na&nbsp;pierwszym miejscu, to tutaj znajdziesz szkolenia, kt\u00f3re Ci w&nbsp;tym pomog\u0105.[\/vc_column_text][vc_empty_space height=&#8221;30px&#8221;][vc_column_text el_class=&#8221;more&#8221;]<a href=\"#szkolenia\">Zobacz wszystkie treningi<\/a>[\/vc_column_text][vc_empty_space height=&#8221;100px&#8221;][\/vc_column][vc_column width=&#8221;1\/5&#8243;][\/vc_column][\/vc_row][vc_row][vc_column][vc_separator color=&#8221;custom&#8221; accent_color=&#8221;#eaeaea&#8221;][\/vc_column][\/vc_row][vc_row full_width=&#8221;stretch_row&#8221; gap=&#8221;30&#8243; content_placement=&#8221;middle&#8221; el_class=&#8221;training-list&#8221;][vc_column width=&#8221;1\/5&#8243;][mnky_retina_image img_url=&#8221;24825&#8243; width=&#8221;206px&#8221; height=&#8221;206px&#8221; link=&#8221;url:%2Fpl%2Fhuman-centred-leadership%2Finkluzywny-lider%2F&#8221;][\/vc_column][vc_column width=&#8221;3\/5&#8243;][vc_column_text]<\/p>\n<h2><a href=\"\/pl\/human-centred-leadership\/inkluzywny-lider\/\">Inkluzywny Lider<\/a><\/h2>\n<p>Skuteczny lider XXI wieku to ten, kt\u00f3ry nie tylko dba o&nbsp;wykonanie zada\u0144 przez&nbsp;zesp\u00f3\u0142, ale&nbsp;tak\u017ce o&nbsp;poczucie w\u0142\u0105czenia ka\u017cdego cz\u0142onka zespo\u0142u. Jakie kompetencje nale\u017cy rozwija\u0107, aby&nbsp;sta\u0107 si\u0119 inkluzywnym liderem? Na&nbsp;co inkluzywny lider potrafi si\u0119 odwa\u017cy\u0107? W&nbsp;ETTA od lat wspieramy lider\u00f3w w&nbsp;budowaniu zespo\u0142\u00f3w, w&nbsp;kt\u00f3rych ludzie chc\u0105 pracowa\u0107 \u2013 sprawd\u017a, w&nbsp;czym mo\u017cemy wesprze\u0107 Ciebie.[\/vc_column_text][vc_empty_space height=&#8221;30px&#8221;][vc_column_text el_class=&#8221;more&#8221;]<a href=\"\/pl\/human-centred-leadership\/inkluzywny-lider\/\">Zobacz wi\u0119cej<\/a>[\/vc_column_text][\/vc_column][vc_column width=&#8221;1\/5&#8243;][mnky_list_item icon_fontawesome=&#8221;fas fa-user-clock&#8221;]2 modu\u0142y[\/mnky_list_item][mnky_list_item icon_fontawesome=&#8221;fas fa-language&#8221;]polski \/ angielski[\/mnky_list_item][mnky_list_item icon_fontawesome=&#8221;fas fa-users&#8221;]max. 12 os\u00f3b[\/mnky_list_item][\/vc_column][\/vc_row][vc_row][vc_column][vc_separator color=&#8221;custom&#8221; accent_color=&#8221;#eaeaea&#8221;][\/vc_column][\/vc_row][vc_row full_width=&#8221;stretch_row&#8221; gap=&#8221;30&#8243; content_placement=&#8221;middle&#8221; el_class=&#8221;training-list&#8221;][vc_column width=&#8221;1\/5&#8243;][mnky_retina_image img_url=&#8221;24873&#8243; width=&#8221;206px&#8221; height=&#8221;206px&#8221; link=&#8221;url:%2Fpl%2Fhuman-centred-leadership%2Fzarzadzanie-pokoleniami%2F&#8221;][\/vc_column][vc_column width=&#8221;3\/5&#8243;][vc_column_text]<\/p>\n<h2><a href=\"\/pl\/human-centred-leadership\/zarzadzanie-pokoleniami\/\">Zarz\u0105dzanie pokoleniami<\/a><\/h2>\n<p>W&nbsp;organizacjach, w&nbsp;zespo\u0142ach, spotykaj\u0105 si\u0119 aktualnie przedstawiciele 4 pokole\u0144. Zr\u00f3\u017cnicowane oczekiwania i&nbsp;styl \u017cycia mog\u0105 budzi\u0107 sporo napi\u0119\u0107, zar\u00f3wno mi\u0119dzy cz\u0142onkami zespo\u0142u, jak i&nbsp;w dostosowaniu sposob\u00f3w zarz\u0105dzania do&nbsp;potrzeb poszczeg\u00f3lnych os\u00f3b. W&nbsp;ETTA pomagamy liderom zrozumie\u0107 te r\u00f3\u017cnice i&nbsp;zmodyfikowa\u0107 sw\u00f3j styl zarz\u0105dzania tak, by wsp\u00f3\u0142praca mi\u0119dzypokoleniowa sta\u0142a si\u0119 przyjemno\u015bci\u0105.[\/vc_column_text][vc_empty_space height=&#8221;30px&#8221;][vc_column_text el_class=&#8221;more&#8221;]<a href=\"\/pl\/human-centred-leadership\/zarzadzanie-pokoleniami\/\">Zobacz wi\u0119cej<\/a>[\/vc_column_text][\/vc_column][vc_column width=&#8221;1\/5&#8243;][mnky_list_item icon_fontawesome=&#8221;fas fa-user-clock&#8221;]2 modu\u0142y[\/mnky_list_item][mnky_list_item icon_fontawesome=&#8221;fas fa-language&#8221;]polski \/ angielski[\/mnky_list_item][mnky_list_item icon_fontawesome=&#8221;fas fa-users&#8221;]max. 12 os\u00f3b[\/mnky_list_item][\/vc_column][\/vc_row][vc_row][vc_column][vc_separator color=&#8221;custom&#8221; accent_color=&#8221;#eaeaea&#8221;][\/vc_column][\/vc_row][vc_row full_width=&#8221;stretch_row&#8221; gap=&#8221;30&#8243; content_placement=&#8221;middle&#8221; el_class=&#8221;training-list&#8221;][vc_column width=&#8221;1\/5&#8243;][mnky_retina_image img_url=&#8221;24825&#8243; width=&#8221;206px&#8221; height=&#8221;206px&#8221; link=&#8221;url:%2Fpl%2Fhuman-centred-leadership%2Fzarzadzanie-pokoleniami%2F&#8221;][\/vc_column][vc_column width=&#8221;3\/5&#8243;][vc_column_text]<\/p>\n<h2><a href=\"\/pl\/zarzadzanie-wirtualnymi-hybrydowymi-zespolami\/lider-wirtualnego-hybrydowego-zespolu\/\">Lider wirtualnego \/ hybrydowego zespo\u0142u<\/a><\/h2>\n<p>Zbudowanie efektywnego wirtualnego \/ hybrydowego zespo\u0142u, skuteczna komunikacja na\u00a0odleg\u0142o\u015b\u0107, prowadzenie spotka\u0144 online, utrzymanie zaanga\u017cowania pracownik\u00f3w \u2013 to wyzwania z\u00a0jakimi obecnie mierz\u0105 si\u0119 globalni liderzy. Wiemy o\u00a0tym, bo\u00a0pracujemy z\u00a0nimi rami\u0119 w\u00a0rami\u0119 od kilkunastu lat. Zdob\u0105d\u017a kompetencje przysz\u0142o\u015bci z\u00a0ETTA.[\/vc_column_text][vc_empty_space height=&#8221;30px&#8221;][vc_column_text el_class=&#8221;more&#8221;]<a href=\"\/pl\/human-centred-leadership\/zarzadzanie-pokoleniami\/\">Zobacz wi\u0119cej<\/a>[\/vc_column_text][\/vc_column][vc_column width=&#8221;1\/5&#8243;][mnky_list_item icon_fontawesome=&#8221;fas fa-user-clock&#8221;]2 modu\u0142y[\/mnky_list_item][mnky_list_item icon_fontawesome=&#8221;fas fa-language&#8221;]polski \/ angielski[\/mnky_list_item][mnky_list_item icon_fontawesome=&#8221;fas fa-users&#8221;]max. 12 os\u00f3b[\/mnky_list_item][\/vc_column][\/vc_row][vc_row][vc_column][vc_separator color=&#8221;custom&#8221; accent_color=&#8221;#eaeaea&#8221;][\/vc_column][\/vc_row][vc_row full_width=&#8221;stretch_row&#8221; gap=&#8221;30&#8243; content_placement=&#8221;middle&#8221; el_class=&#8221;training-list&#8221;][vc_column width=&#8221;1\/5&#8243;][mnky_retina_image img_url=&#8221;24828&#8243; width=&#8221;206px&#8221; height=&#8221;206px&#8221; link=&#8221;url:%2Fpl%2Fhuman-centred-leadership%2Fzarzadzanie-pokoleniami%2F&#8221;][\/vc_column][vc_column width=&#8221;3\/5&#8243;][vc_column_text]<\/p>\n<h2><a href=\"\/pl\/zarzadzanie-wirtualnymi-hybrydowymi-zespolami\/first-time-online-hybrid-leader\/\">First Time Online \/ Hybrid Leader<\/a><\/h2>\n<p>Przej\u015bcie z&nbsp;poziomu specjalisty na&nbsp;stanowiska lidera wymaga zdobycia nowych kompetencji. Szczeg\u00f3lnie w&nbsp;obecnych realiach, gdy proces ten przebiega online, a&nbsp;lider nie zna osobi\u015bcie os\u00f3b kt\u00f3rymi b\u0119dzie zarz\u0105dza\u0107. Potrzebne jest tu nie tylko zbudowanie autorytetu, ale&nbsp;r\u00f3wnie\u017c zbudowanie zaufania i&nbsp;utrzymanie zaanga\u017cowania \u2013 nad&nbsp;tym pracujemy na&nbsp;szkoleniu ETTA.[\/vc_column_text][vc_empty_space height=&#8221;30px&#8221;][vc_column_text el_class=&#8221;more&#8221;]<a href=\"\/pl\/human-centred-leadership\/zarzadzanie-pokoleniami\/\">Zobacz wi\u0119cej<\/a>[\/vc_column_text][\/vc_column][vc_column width=&#8221;1\/5&#8243;][mnky_list_item icon_fontawesome=&#8221;fas fa-user-clock&#8221;]2 modu\u0142y[\/mnky_list_item][mnky_list_item icon_fontawesome=&#8221;fas fa-language&#8221;]polski \/ angielski[\/mnky_list_item][mnky_list_item icon_fontawesome=&#8221;fas fa-users&#8221;]max. 12 os\u00f3b[\/mnky_list_item][\/vc_column][\/vc_row][vc_row][vc_column][vc_separator color=&#8221;custom&#8221; accent_color=&#8221;#eaeaea&#8221;][\/vc_column][\/vc_row][vc_row full_width=&#8221;stretch_row&#8221; gap=&#8221;30&#8243; content_placement=&#8221;middle&#8221; el_class=&#8221;training-list&#8221;][vc_column width=&#8221;1\/5&#8243;][mnky_retina_image img_url=&#8221;24851&#8243; width=&#8221;206px&#8221; height=&#8221;206px&#8221; link=&#8221;url:%2Fpl%2Fhuman-centred-leadership%2Fzarzadzanie-pokoleniami%2F&#8221;][\/vc_column][vc_column width=&#8221;3\/5&#8243;][vc_column_text]<\/p>\n<h2><a href=\"\/pl\/zarzadzanie-wirtualnymi-hybrydowymi-zespolami\/kreowanie-wizerunku-wirtualnego-lidera\/\">Kreowanie wizerunku wirtualnego lidera<\/a><\/h2>\n<p>Zarz\u0105dzanie wirtualnym zespo\u0142em wymaga od lidera umiej\u0119tno\u015bci budowania autorytetu oraz\u00a0wywierania wp\u0142ywu na\u00a0odleg\u0142o\u015b\u0107. Dodatkowym wyzwaniem jest zarz\u0105dzanie wielokulturowym zespo\u0142em, kt\u00f3rego pracownicy maj\u0105 r\u00f3\u017cne oczekiwania wobec szefa. Nad\u00a0tym w\u0142a\u015bnie pracujemy podczas wirtualnych warsztat\u00f3w ETTA.[\/vc_column_text][vc_empty_space height=&#8221;30px&#8221;][vc_column_text el_class=&#8221;more&#8221;]<a href=\"\/pl\/human-centred-leadership\/zarzadzanie-pokoleniami\/\">Zobacz wi\u0119cej<\/a>[\/vc_column_text][\/vc_column][vc_column width=&#8221;1\/5&#8243;][mnky_list_item icon_fontawesome=&#8221;fas fa-user-clock&#8221;]2 modu\u0142y[\/mnky_list_item][mnky_list_item icon_fontawesome=&#8221;fas fa-language&#8221;]polski \/ angielski[\/mnky_list_item][mnky_list_item icon_fontawesome=&#8221;fas fa-users&#8221;]max. 12 os\u00f3b[\/mnky_list_item][\/vc_column][\/vc_row][vc_row full_width=&#8221;stretch_row&#8221;][vc_column][vc_column_text]<div data-post-id=\"1508\" class=\"insert-page insert-page-1508 \"><p>[vc_row full_width=&#8221;stretch_row&#8221;][vc_column][vc_empty_space height=&#8221;30px&#8221;][vc_column_text]<\/p>\n<h2>Porozmawiajmy o&nbsp;rozwi\u0105zaniu dopasowanym do&nbsp;Twojego biznesu<\/h2>\n<p>[\/vc_column_text][vc_empty_space height=&#8221;60px&#8221;][\/vc_column][\/vc_row][vc_row content_placement=&#8221;middle&#8221; el_class=&#8221;contact-form&#8221;][vc_column width=&#8221;5\/12&#8243;][mnky_retina_image img_url=&#8221;24770&#8243; el_class=&#8221;radius&#8221;][\/vc_column][vc_column width=&#8221;7\/12&#8243; el_class=&#8221;right-column&#8221;][vc_empty_space height=&#8221;30px&#8221;][vc_column_text]<\/p>\n<h3>Skontaktuj si\u0119 z&nbsp;nami<\/h3>\n<p>[\/vc_column_text][vc_empty_space height=&#8221;15px&#8221;][vc_column_text]<span style=\"font-weight: 400;\">Zastanawiasz si\u0119 jakie szkolenie b\u0119dzie optymalne dla&nbsp;Twojej firmy? Napisz do&nbsp;nas, a&nbsp;dopasujemy najlepsze rozwi\u0105zanie.<\/span>[\/vc_column_text][vc_empty_space height=&#8221;15px&#8221;]\n<div class=\"wpcf7 no-js\" id=\"wpcf7-f1454-p1508-o1\" lang=\"pl-PL\" dir=\"ltr\" data-wpcf7-id=\"1454\">\n<div class=\"screen-reader-response\"><p role=\"status\" aria-live=\"polite\" aria-atomic=\"true\"><\/p> <ul><\/ul><\/div>\n<form action=\"\/pl\/wp-json\/wp\/v2\/pages\/24201#wpcf7-f1454-p1508-o1\" method=\"post\" class=\"wpcf7-form init\" aria-label=\"Formularz kontaktowy\" novalidate=\"novalidate\" data-status=\"init\">\n<fieldset class=\"hidden-fields-container\"><input type=\"hidden\" name=\"_wpcf7\" value=\"1454\" \/><input type=\"hidden\" name=\"_wpcf7_version\" value=\"6.1.5\" \/><input type=\"hidden\" name=\"_wpcf7_locale\" value=\"pl_PL\" \/><input type=\"hidden\" name=\"_wpcf7_unit_tag\" value=\"wpcf7-f1454-p1508-o1\" \/><input type=\"hidden\" name=\"_wpcf7_container_post\" value=\"1508\" \/><input type=\"hidden\" name=\"_wpcf7_posted_data_hash\" value=\"\" \/><input type=\"hidden\" name=\"_wpcf7_recaptcha_response\" value=\"\" \/>\n<\/fieldset>\n<div>\n\t<p><span class=\"wpcf7-form-control-wrap\" data-name=\"your-tel\"><input size=\"40\" maxlength=\"400\" class=\"wpcf7-form-control wpcf7-tel wpcf7-validates-as-required wpcf7-text wpcf7-validates-as-tel\" autocomplete=\"off\" aria-required=\"true\" aria-invalid=\"false\" placeholder=\"Numer telefonu\" value=\"\" type=\"tel\" name=\"your-tel\" \/><\/span>\n\t<\/p>\n<\/div>\n<div>\n\t<p><span class=\"wpcf7-form-control-wrap\" data-name=\"your-email\"><input size=\"40\" maxlength=\"400\" class=\"wpcf7-form-control wpcf7-email wpcf7-validates-as-required wpcf7-text wpcf7-validates-as-email\" autocomplete=\"off\" aria-required=\"true\" aria-invalid=\"false\" placeholder=\"Firmowy adres e-mail\" value=\"\" type=\"email\" name=\"your-email\" \/><\/span>\n\t<\/p>\n<\/div>\n<div>\n\t<p><span class=\"wpcf7-form-control-wrap\" data-name=\"your-subject\"><textarea cols=\"40\" rows=\"10\" maxlength=\"2000\" class=\"wpcf7-form-control wpcf7-textarea wpcf7-validates-as-required\" autocomplete=\"off\" aria-required=\"true\" aria-invalid=\"false\" placeholder=\"Temat rozmowy\" name=\"your-subject\"><\/textarea><\/span>\n\t<\/p>\n<\/div>\n<div>\n\t<p><span class=\"wpcf7-form-control-wrap\" data-name=\"acceptance-1\"><span class=\"wpcf7-form-control wpcf7-acceptance\"><span class=\"wpcf7-list-item\"><label><input type=\"checkbox\" name=\"acceptance-1\" value=\"1\" aria-invalid=\"false\" \/><span class=\"wpcf7-list-item-label\">Wyra\u017casz zgod\u0119 na kontakt telefoniczny w celu obs\u0142ugi niniejszego zg\u0142oszenia. Wyra\u017casz zgod\u0119 na otrzymywanie informacji handlowych \u015brodkami komunikacji elektronicznej wysy\u0142anymi przez www.ettagoglobal.com oraz na wykorzystanie komunikacji email w celach marketingowych <a href=\"https:\/\/ettagoglobal.com\/pl\/polityka-prywatnosci\/\" target=\"_blank\">(Polityka Prywatno\u015bci)<\/a>.<\/span><\/label><\/span><\/span><\/span>\n\t<\/p>\n<\/div>\n<div>\n\t<p><input class=\"wpcf7-form-control wpcf7-submit has-spinner\" type=\"submit\" value=\"Wy\u015blij\" \/>\n\t<\/p>\n<\/div>\n<div style=\"display:none;\">\n\t<p><span class=\"wpcf7-form-control-wrap\" data-name=\"page-url\"><input size=\"40\" maxlength=\"400\" class=\"wpcf7-form-control wpcf7-text\" aria-invalid=\"false\" value=\"https:\/\/www.ettagoglobal.com\/pl\/wp-json\/wp\/v2\/pages\/24201\" type=\"text\" name=\"page-url\" \/><\/span>\n\t<\/p>\n<\/div><div class=\"wpcf7-response-output\" aria-hidden=\"true\"><\/div>\n<\/form>\n<\/div>\n[vc_empty_space height=&#8221;30px&#8221;][\/vc_column][\/vc_row][vc_row][vc_column][vc_empty_space height=&#8221;60px&#8221;][\/vc_column][\/vc_row]<\/p>\n<\/div>[\/vc_column_text][\/vc_column][\/vc_row]<\/p>\n","protected":false},"excerpt":{"rendered":"<p>[vc_row full_width=&#8221;stretch_row&#8221; css=&#8221;.vc_custom_1650532855864{background-image: url(https:\/\/ettagoglobal.com\/wp-content\/uploads\/2022\/04\/background-human-centered-leadership.jpg?id=24756)&nbsp;!important;background-position: center&nbsp;!important;background-repeat: no-repeat&nbsp;!important;background-size: cover&nbsp;!important;}&#8221; el_class=&#8221;main-slide&#8221;][vc_column width=&#8221;4\/5&#8243;][vc_empty_space height=&#8221;100px&#8221;][vc_column_text] Human-Centred Leadership [\/vc_column_text][vc_empty_space height=&#8221;30px&#8221;][vc_column_text]Human-Centered Leadership to podej\u015bcie, kt\u00f3re w&nbsp;centrum zainteresowania &hellip; <\/p>\n","protected":false},"author":1,"featured_media":24765,"parent":0,"menu_order":49,"comment_status":"closed","ping_status":"closed","template":"page-no-paddings.php","meta":{"_acf_changed":false,"footnotes":"","_links_to":"","_links_to_target":""},"class_list":["post-24201","page","type-page","status-publish","has-post-thumbnail","hentry"],"acf":[],"yoast_head":"<!-- This site is optimized with the Yoast SEO plugin v27.3 - https:\/\/yoast.com\/product\/yoast-seo-wordpress\/ -->\n<title>Human-Centred Leadership - ETTA<\/title>\n<meta name=\"description\" content=\"Human-Centered Leadership to podej\u015bcie, kt\u00f3re w centrum zainteresowania stawia cz\u0142owieka - talenty, mocne strony, si\u0142\u0119 i odporno\u015b\u0107 psychiczn\u0105.\" \/>\n<meta name=\"robots\" content=\"index, follow, max-snippet:-1, max-image-preview:large, max-video-preview:-1\" \/>\n<link rel=\"canonical\" href=\"https:\/\/ettagoglobal.com\/pl\/human-centred-leadership\/\" \/>\n<meta property=\"og:locale\" content=\"pl_PL\" \/>\n<meta property=\"og:type\" content=\"article\" \/>\n<meta property=\"og:title\" content=\"Human-Centred Leadership - ETTA\" \/>\n<meta property=\"og:description\" content=\"Human-Centered Leadership to podej\u015bcie, kt\u00f3re w centrum zainteresowania stawia cz\u0142owieka - talenty, mocne strony, si\u0142\u0119 i odporno\u015b\u0107 psychiczn\u0105.\" \/>\n<meta property=\"og:url\" content=\"https:\/\/ettagoglobal.com\/pl\/human-centred-leadership\/\" \/>\n<meta property=\"og:site_name\" content=\"ETTA\" \/>\n<meta property=\"article:modified_time\" content=\"2023-06-12T11:05:36+00:00\" \/>\n<meta property=\"og:image\" content=\"https:\/\/ettagoglobal.com\/wp-content\/uploads\/2022\/04\/human-centered-leadership.jpg\" \/>\n\t<meta property=\"og:image:width\" content=\"400\" \/>\n\t<meta property=\"og:image:height\" content=\"400\" \/>\n\t<meta property=\"og:image:type\" content=\"image\/jpeg\" \/>\n<meta name=\"twitter:card\" content=\"summary_large_image\" \/>\n<meta name=\"twitter:label1\" content=\"Szacowany czas czytania\" \/>\n\t<meta name=\"twitter:data1\" content=\"3 minuty\" \/>\n<script type=\"application\/ld+json\" class=\"yoast-schema-graph\">{\"@context\":\"https:\\\/\\\/schema.org\",\"@graph\":[{\"@type\":\"WebPage\",\"@id\":\"https:\\\/\\\/ettagoglobal.com\\\/pl\\\/human-centred-leadership\\\/\",\"url\":\"https:\\\/\\\/ettagoglobal.com\\\/pl\\\/human-centred-leadership\\\/\",\"name\":\"Human-Centred Leadership - ETTA\",\"isPartOf\":{\"@id\":\"https:\\\/\\\/ettagoglobal.com\\\/#website\"},\"primaryImageOfPage\":{\"@id\":\"https:\\\/\\\/ettagoglobal.com\\\/pl\\\/human-centred-leadership\\\/#primaryimage\"},\"image\":{\"@id\":\"https:\\\/\\\/ettagoglobal.com\\\/pl\\\/human-centred-leadership\\\/#primaryimage\"},\"thumbnailUrl\":\"https:\\\/\\\/ettagoglobal.com\\\/wp-content\\\/uploads\\\/2022\\\/04\\\/human-centered-leadership.jpg\",\"datePublished\":\"2022-03-21T09:16:49+00:00\",\"dateModified\":\"2023-06-12T11:05:36+00:00\",\"description\":\"Human-Centered Leadership to podej\u015bcie, kt\u00f3re w centrum zainteresowania stawia cz\u0142owieka - talenty, mocne strony, si\u0142\u0119 i odporno\u015b\u0107 psychiczn\u0105.\",\"breadcrumb\":{\"@id\":\"https:\\\/\\\/ettagoglobal.com\\\/pl\\\/human-centred-leadership\\\/#breadcrumb\"},\"inLanguage\":\"pl-PL\",\"potentialAction\":[{\"@type\":\"ReadAction\",\"target\":[\"https:\\\/\\\/ettagoglobal.com\\\/pl\\\/human-centred-leadership\\\/\"]}]},{\"@type\":\"ImageObject\",\"inLanguage\":\"pl-PL\",\"@id\":\"https:\\\/\\\/ettagoglobal.com\\\/pl\\\/human-centred-leadership\\\/#primaryimage\",\"url\":\"https:\\\/\\\/ettagoglobal.com\\\/wp-content\\\/uploads\\\/2022\\\/04\\\/human-centered-leadership.jpg\",\"contentUrl\":\"https:\\\/\\\/ettagoglobal.com\\\/wp-content\\\/uploads\\\/2022\\\/04\\\/human-centered-leadership.jpg\",\"width\":400,\"height\":400,\"caption\":\"human centered leadership etta\"},{\"@type\":\"BreadcrumbList\",\"@id\":\"https:\\\/\\\/ettagoglobal.com\\\/pl\\\/human-centred-leadership\\\/#breadcrumb\",\"itemListElement\":[{\"@type\":\"ListItem\",\"position\":1,\"name\":\"Strona g\u0142\u00f3wna\",\"item\":\"https:\\\/\\\/ettagoglobal.com\\\/pl\\\/home-2\\\/\"},{\"@type\":\"ListItem\",\"position\":2,\"name\":\"Human-Centred Leadership\"}]},{\"@type\":\"WebSite\",\"@id\":\"https:\\\/\\\/ettagoglobal.com\\\/#website\",\"url\":\"https:\\\/\\\/ettagoglobal.com\\\/\",\"name\":\"ETTA\",\"description\":\"Global Connections. Let&#039;s do it bETTA!\",\"potentialAction\":[{\"@type\":\"SearchAction\",\"target\":{\"@type\":\"EntryPoint\",\"urlTemplate\":\"https:\\\/\\\/ettagoglobal.com\\\/?s={search_term_string}\"},\"query-input\":{\"@type\":\"PropertyValueSpecification\",\"valueRequired\":true,\"valueName\":\"search_term_string\"}}],\"inLanguage\":\"pl-PL\"}]}<\/script>\n<!-- \/ Yoast SEO plugin. -->","yoast_head_json":{"title":"Human-Centred Leadership - ETTA","description":"Human-Centered Leadership to podej\u015bcie, kt\u00f3re w centrum zainteresowania stawia cz\u0142owieka - talenty, mocne strony, si\u0142\u0119 i odporno\u015b\u0107 psychiczn\u0105.","robots":{"index":"index","follow":"follow","max-snippet":"max-snippet:-1","max-image-preview":"max-image-preview:large","max-video-preview":"max-video-preview:-1"},"canonical":"https:\/\/ettagoglobal.com\/pl\/human-centred-leadership\/","og_locale":"pl_PL","og_type":"article","og_title":"Human-Centred Leadership - ETTA","og_description":"Human-Centered Leadership to podej\u015bcie, kt\u00f3re w centrum zainteresowania stawia cz\u0142owieka - talenty, mocne strony, si\u0142\u0119 i odporno\u015b\u0107 psychiczn\u0105.","og_url":"https:\/\/ettagoglobal.com\/pl\/human-centred-leadership\/","og_site_name":"ETTA","article_modified_time":"2023-06-12T11:05:36+00:00","og_image":[{"width":400,"height":400,"url":"https:\/\/ettagoglobal.com\/wp-content\/uploads\/2022\/04\/human-centered-leadership.jpg","type":"image\/jpeg"}],"twitter_card":"summary_large_image","twitter_misc":{"Szacowany czas czytania":"3 minuty"},"schema":{"@context":"https:\/\/schema.org","@graph":[{"@type":"WebPage","@id":"https:\/\/ettagoglobal.com\/pl\/human-centred-leadership\/","url":"https:\/\/ettagoglobal.com\/pl\/human-centred-leadership\/","name":"Human-Centred Leadership - ETTA","isPartOf":{"@id":"https:\/\/ettagoglobal.com\/#website"},"primaryImageOfPage":{"@id":"https:\/\/ettagoglobal.com\/pl\/human-centred-leadership\/#primaryimage"},"image":{"@id":"https:\/\/ettagoglobal.com\/pl\/human-centred-leadership\/#primaryimage"},"thumbnailUrl":"https:\/\/ettagoglobal.com\/wp-content\/uploads\/2022\/04\/human-centered-leadership.jpg","datePublished":"2022-03-21T09:16:49+00:00","dateModified":"2023-06-12T11:05:36+00:00","description":"Human-Centered Leadership to podej\u015bcie, kt\u00f3re w centrum zainteresowania stawia cz\u0142owieka - talenty, mocne strony, si\u0142\u0119 i odporno\u015b\u0107 psychiczn\u0105.","breadcrumb":{"@id":"https:\/\/ettagoglobal.com\/pl\/human-centred-leadership\/#breadcrumb"},"inLanguage":"pl-PL","potentialAction":[{"@type":"ReadAction","target":["https:\/\/ettagoglobal.com\/pl\/human-centred-leadership\/"]}]},{"@type":"ImageObject","inLanguage":"pl-PL","@id":"https:\/\/ettagoglobal.com\/pl\/human-centred-leadership\/#primaryimage","url":"https:\/\/ettagoglobal.com\/wp-content\/uploads\/2022\/04\/human-centered-leadership.jpg","contentUrl":"https:\/\/ettagoglobal.com\/wp-content\/uploads\/2022\/04\/human-centered-leadership.jpg","width":400,"height":400,"caption":"human centered leadership etta"},{"@type":"BreadcrumbList","@id":"https:\/\/ettagoglobal.com\/pl\/human-centred-leadership\/#breadcrumb","itemListElement":[{"@type":"ListItem","position":1,"name":"Strona g\u0142\u00f3wna","item":"https:\/\/ettagoglobal.com\/pl\/home-2\/"},{"@type":"ListItem","position":2,"name":"Human-Centred Leadership"}]},{"@type":"WebSite","@id":"https:\/\/ettagoglobal.com\/#website","url":"https:\/\/ettagoglobal.com\/","name":"ETTA","description":"Global Connections. Let&#039;s do it bETTA!","potentialAction":[{"@type":"SearchAction","target":{"@type":"EntryPoint","urlTemplate":"https:\/\/ettagoglobal.com\/?s={search_term_string}"},"query-input":{"@type":"PropertyValueSpecification","valueRequired":true,"valueName":"search_term_string"}}],"inLanguage":"pl-PL"}]}},"_links":{"self":[{"href":"https:\/\/ettagoglobal.com\/pl\/wp-json\/wp\/v2\/pages\/24201","targetHints":{"allow":["GET"]}}],"collection":[{"href":"https:\/\/ettagoglobal.com\/pl\/wp-json\/wp\/v2\/pages"}],"about":[{"href":"https:\/\/ettagoglobal.com\/pl\/wp-json\/wp\/v2\/types\/page"}],"author":[{"embeddable":true,"href":"https:\/\/ettagoglobal.com\/pl\/wp-json\/wp\/v2\/users\/1"}],"replies":[{"embeddable":true,"href":"https:\/\/ettagoglobal.com\/pl\/wp-json\/wp\/v2\/comments?post=24201"}],"version-history":[{"count":0,"href":"https:\/\/ettagoglobal.com\/pl\/wp-json\/wp\/v2\/pages\/24201\/revisions"}],"wp:featuredmedia":[{"embeddable":true,"href":"https:\/\/ettagoglobal.com\/pl\/wp-json\/wp\/v2\/media\/24765"}],"wp:attachment":[{"href":"https:\/\/ettagoglobal.com\/pl\/wp-json\/wp\/v2\/media?parent=24201"}],"curies":[{"name":"wp","href":"https:\/\/api.w.org\/{rel}","templated":true}]}}