{"id":24198,"date":"2022-03-21T09:15:25","date_gmt":"2022-03-21T09:15:25","guid":{"rendered":"https:\/\/flamboyant-cerf.46-242-130-188.plesk.page\/?page_id=24198"},"modified":"2023-06-12T11:06:26","modified_gmt":"2023-06-12T11:06:26","slug":"kompetencje-przyszlosci","status":"publish","type":"page","link":"https:\/\/ettagoglobal.com\/pl\/kompetencje-przyszlosci\/","title":{"rendered":"Kompetencje przysz\u0142o\u015bci"},"content":{"rendered":"<p>[vc_row full_width=&#8221;stretch_row&#8221; css=&#8221;.vc_custom_1650532683156{background-image: url(https:\/\/ettagoglobal.com\/wp-content\/uploads\/2022\/04\/background-zarzadzanie-wirtualnymi-hybrydowymi-zespolami.jpg?id=24753)&nbsp;!important;background-position: center&nbsp;!important;background-repeat: no-repeat&nbsp;!important;background-size: cover&nbsp;!important;}&#8221; el_class=&#8221;main-slide&#8221;][vc_column width=&#8221;4\/5&#8243;][vc_empty_space height=&#8221;100px&#8221;][vc_column_text]<\/p>\n<h1>Kompetencje przysz\u0142o\u015bci<\/h1>\n<p>[\/vc_column_text][vc_empty_space height=&#8221;30px&#8221;][vc_column_text]Rozwi\u0105zywanie problem\u00f3w, zarz\u0105dzanie sob\u0105 i&nbsp;wsp\u00f3\u0142praca w&nbsp;wirtualnym \u015brodowisku &#8211; wszystkie te tematy przerobisz podczas wirtualnego warsztatu oferowanego przez&nbsp;ETTA Leadership&amp;Culture. Kszta\u0142cimy nowoczesnych lider\u00f3w i&nbsp;zespo\u0142y od ponad 10 lat! Zdob\u0105d\u017a z&nbsp;nami kompetencje przysz\u0142o\u015bci.[\/vc_column_text][vc_empty_space height=&#8221;30px&#8221;][vc_column_text el_class=&#8221;more&#8221;]<a href=\"#szkolenia\">Zobacz wszystkie treningi<\/a>[\/vc_column_text][vc_empty_space height=&#8221;100px&#8221;][\/vc_column][vc_column width=&#8221;1\/5&#8243;][\/vc_column][\/vc_row][vc_row full_width=&#8221;stretch_row&#8221; gap=&#8221;30&#8243; content_placement=&#8221;middle&#8221; el_class=&#8221;training-list&#8221; el_id=&#8221;szkolenia&#8221;][vc_column width=&#8221;1\/5&#8243;][mnky_retina_image img_url=&#8221;24536&#8243; width=&#8221;206px&#8221; height=&#8221;206px&#8221; link=&#8221;url:%2Fpl%2Fzarzadzanie-wirtualnymi-hybrydowymi-zespolami%2Flider-wirtualnego-hybrydowego-zespolu%2F&#8221;][\/vc_column][vc_column width=&#8221;3\/5&#8243;][vc_column_text]<\/p>\n<h2><a href=\"https:\/\/ettagoglobal.com\/pl\/wellbeing-w-wirtualnym-zespole\/mental-health-first-aider\/\">Mental Health First Aider<\/a><\/h2>\n<div class=\"wpb_text_column wpb_content_element \">\n<div class=\"wpb_wrapper\">\n<p>Czy&nbsp;i\u00a0jak mo\u017cna zauwa\u017cy\u0107 wczesne oznaki problem\u00f3w ze zdrowiem psychicznym, kt\u00f3re mog\u0105 mie\u0107 osoby w\u00a0twoim zespole? Co robi\u0107 gdy si\u0119 pojawi\u0105? Odpowiedzi na\u00a0te pytania s\u0105 wa\u017cne, zw\u0142aszcza dla\u00a0lider\u00f3w. Dzi\u0119ki ETTA dowiesz si\u0119, jak dba\u0107 o\u00a0zdrowie psychiczne swoje i\u00a0swojego zespo\u0142u oraz\u00a0co robi\u0107 w\u00a0trudnych sytuacjach.<\/p>\n<\/div>\n<\/div>\n<p>[\/vc_column_text][vc_empty_space height=&#8221;30px&#8221;][vc_column_text el_class=&#8221;more&#8221;]<a href=\"\/pl\/zarzadzanie-wirtualnymi-hybrydowymi-zespolami\/lider-wirtualnego-hybrydowego-zespolu\/\">Zobacz wi\u0119cej<\/a>[\/vc_column_text][\/vc_column][vc_column width=&#8221;1\/5&#8243;][mnky_list_item icon_fontawesome=&#8221;fas fa-user-clock&#8221;]2 modu\u0142y[\/mnky_list_item][mnky_list_item icon_fontawesome=&#8221;fas fa-language&#8221;]polski \/ angielski[\/mnky_list_item][mnky_list_item icon_fontawesome=&#8221;fas fa-users&#8221;]max. 12 os\u00f3b[\/mnky_list_item][\/vc_column][\/vc_row][vc_row][vc_column][vc_separator color=&#8221;custom&#8221; accent_color=&#8221;#eaeaea&#8221;][\/vc_column][\/vc_row][vc_row full_width=&#8221;stretch_row&#8221; gap=&#8221;30&#8243; content_placement=&#8221;middle&#8221; el_class=&#8221;training-list&#8221;][vc_column width=&#8221;1\/5&#8243;][mnky_retina_image img_url=&#8221;24865&#8243; width=&#8221;206px&#8221; height=&#8221;206px&#8221; link=&#8221;url:%2Fpl%2Fzarzadzanie-wirtualnymi-hybrydowymi-zespolami%2Flider-wirtualnego-hybrydowego-zespolu%2F&#8221;][\/vc_column][vc_column width=&#8221;3\/5&#8243;][vc_column_text]<\/p>\n<h2><a href=\"\/pl\/human-centred-leadership\/psychological-safety\/\">Psychological Safety<\/a><\/h2>\n<p>Poczucie bezpiecze\u0144stwa psychologicznego to jedna z&nbsp;podstawowych potrzeb w&nbsp;zespo\u0142ach. Mo\u017cliwo\u015b\u0107 pozostania sob\u0105, wypowiadania swoich opinii bez obaw o&nbsp;wy\u015bmianie czy&nbsp;poni\u017cenie, to wz\u00f3r zdrowego miejsca pracy. To bardzo wa\u017cny obszar, nad&nbsp;kt\u00f3rym powinien pochyli\u0107 si\u0119 ka\u017cdy \u015bwiadomy lider. Pomo\u017cemy Ci w&nbsp;tym jako ETTA![\/vc_column_text][vc_empty_space height=&#8221;30px&#8221;][vc_column_text el_class=&#8221;more&#8221;]<a href=\"\/pl\/zarzadzanie-wirtualnymi-hybrydowymi-zespolami\/lider-wirtualnego-hybrydowego-zespolu\/\">Zobacz wi\u0119cej<\/a>[\/vc_column_text][\/vc_column][vc_column width=&#8221;1\/5&#8243;][mnky_list_item icon_fontawesome=&#8221;fas fa-user-clock&#8221;]2 modu\u0142y[\/mnky_list_item][mnky_list_item icon_fontawesome=&#8221;fas fa-language&#8221;]polski \/ angielski[\/mnky_list_item][mnky_list_item icon_fontawesome=&#8221;fas fa-users&#8221;]max. 12 os\u00f3b[\/mnky_list_item][\/vc_column][\/vc_row][vc_row][vc_column][vc_separator color=&#8221;custom&#8221; accent_color=&#8221;#eaeaea&#8221;][\/vc_column][\/vc_row][vc_row full_width=&#8221;stretch_row&#8221; gap=&#8221;30&#8243; content_placement=&#8221;middle&#8221; el_class=&#8221;training-list&#8221;][vc_column width=&#8221;1\/5&#8243;][mnky_retina_image img_url=&#8221;24880&#8243; width=&#8221;206px&#8221; height=&#8221;206px&#8221; link=&#8221;url:%2Fpl%2Fzarzadzanie-wirtualnymi-hybrydowymi-zespolami%2Flider-wirtualnego-hybrydowego-zespolu%2F&#8221;][\/vc_column][vc_column width=&#8221;3\/5&#8243;][vc_column_text]<\/p>\n<h2><a href=\"\/pl\/human-centred-leadership\/sila-i-odpornosc-psychiczna\/\">Si\u0142a i&nbsp;odporno\u015b\u0107 psychiczna<\/a><\/h2>\n<p>Pandemia, kryzys gospodarczy, ci\u0105g\u0142e zmiany \u2013 jednym s\u0142owem \u015bwiat VUCA. Jak\u0105 postaw\u0119 powinien przyj\u0105\u0107 lider? W&nbsp;jaki spos\u00f3b zarz\u0105dza\u0107 zespo\u0142em w&nbsp;kryzysie? Podstaw\u0105 jest odporno\u015b\u0107 psychiczna. Jako ETTA wspieramy globalnych lider\u00f3w od kilkunastu lat, razem przeszli\u015bmy wiele zmian \u2013 sprawd\u017a jak mo\u017cemy zadba\u0107 o&nbsp;Ciebie i&nbsp;o Tw\u00f3j zesp\u00f3\u0142.[\/vc_column_text][vc_empty_space height=&#8221;30px&#8221;][vc_column_text el_class=&#8221;more&#8221;]<a href=\"\/pl\/zarzadzanie-wirtualnymi-hybrydowymi-zespolami\/lider-wirtualnego-hybrydowego-zespolu\/\">Zobacz wi\u0119cej<\/a>[\/vc_column_text][\/vc_column][vc_column width=&#8221;1\/5&#8243;][mnky_list_item icon_fontawesome=&#8221;fas fa-user-clock&#8221;]2 modu\u0142y[\/mnky_list_item][mnky_list_item icon_fontawesome=&#8221;fas fa-language&#8221;]polski \/ angielski[\/mnky_list_item][mnky_list_item icon_fontawesome=&#8221;fas fa-users&#8221;]max. 12 os\u00f3b[\/mnky_list_item][\/vc_column][\/vc_row][vc_row][vc_column][vc_separator color=&#8221;custom&#8221; accent_color=&#8221;#eaeaea&#8221;][\/vc_column][\/vc_row][vc_row full_width=&#8221;stretch_row&#8221; gap=&#8221;30&#8243; content_placement=&#8221;middle&#8221; el_class=&#8221;training-list&#8221;][vc_column width=&#8221;1\/5&#8243;][mnky_retina_image img_url=&#8221;24804&#8243; width=&#8221;206px&#8221; height=&#8221;206px&#8221; link=&#8221;url:%2Fpl%2Fzarzadzanie-wirtualnymi-hybrydowymi-zespolami%2Flider-wirtualnego-hybrydowego-zespolu%2F&#8221;][\/vc_column][vc_column width=&#8221;3\/5&#8243;][vc_column_text]<\/p>\n<h2><a href=\"\/pl\/zarzadzanie-wirtualnymi-hybrydowymi-zespolami\/efektywna-komunikacja-w-zdalnym-zespole\/\">Efektywna komunikacja w&nbsp;zdalnym zespole<\/a><\/h2>\n<p>Komunikacja w\u00a0rozproszonym zespole dostarcza wielu wyzwa\u0144 \u2013 z\u00a0jednej strony brakuje nam rozm\u00f3w przy\u00a0kawie, czy\u00a0szybkich spotka\u0144 w\u00a0biurze, a\u00a0z drugiej czujemy si\u0119 przyt\u0142oczeni spotkaniami online. Jak sprawi\u0107, \u017ceby komunikacja w\u00a0zdalnym zespole by\u0142a nie tylko efektywna, ale\u00a0te\u017c pozwala\u0142a na\u00a0utrzymanie relacji? Tego dowiecie si\u0119 na\u00a0szkoleniu ETTA.[\/vc_column_text][vc_empty_space height=&#8221;30px&#8221;][vc_column_text el_class=&#8221;more&#8221;]<a href=\"\/pl\/zarzadzanie-wirtualnymi-hybrydowymi-zespolami\/lider-wirtualnego-hybrydowego-zespolu\/\">Zobacz wi\u0119cej<\/a>[\/vc_column_text][\/vc_column][vc_column width=&#8221;1\/5&#8243;][mnky_list_item icon_fontawesome=&#8221;fas fa-user-clock&#8221;]2 modu\u0142y[\/mnky_list_item][mnky_list_item icon_fontawesome=&#8221;fas fa-language&#8221;]polski \/ angielski[\/mnky_list_item][mnky_list_item icon_fontawesome=&#8221;fas fa-users&#8221;]max. 12 os\u00f3b[\/mnky_list_item][\/vc_column][\/vc_row][vc_row][vc_column][vc_separator color=&#8221;custom&#8221; accent_color=&#8221;#eaeaea&#8221;][\/vc_column][\/vc_row][vc_row full_width=&#8221;stretch_row&#8221; gap=&#8221;30&#8243; content_placement=&#8221;middle&#8221; el_class=&#8221;training-list&#8221;][vc_column width=&#8221;1\/5&#8243;][mnky_retina_image img_url=&#8221;24845&#8243; width=&#8221;206px&#8221; height=&#8221;206px&#8221; link=&#8221;url:%2Fpl%2Fzarzadzanie-wirtualnymi-hybrydowymi-zespolami%2Flider-wirtualnego-hybrydowego-zespolu%2F&#8221;][\/vc_column][vc_column width=&#8221;3\/5&#8243;][vc_column_text]<\/p>\n<h2><a href=\"\/pl\/zarzadzanie-wirtualnymi-hybrydowymi-zespolami\/angazujace-spotkania-online\/\">Anga\u017cuj\u0105ce spotkania online<\/a><\/h2>\n<p>Prowadzenie spotka\u0144 online sta\u0142o si\u0119 nasz\u0105 now\u0105 normalno\u015bci\u0105 \u2013 niezale\u017cnie od tego, czy\u00a0pracujemy z\u00a0domu, czy\u00a0z\u00a0biura. Spotkania z\u00a0rozrzuconym po\u00a0ca\u0142ym \u015bwiecie z\u00a0zespo\u0142em, calle z\u00a0klientami, rozmowy one to one lidera z\u00a0pracownikami. Na\u00a0wirtualnym warsztacie ETTA pokazujemy, jak dobrze zorganizowa\u0107 i\u00a0poprowadzi\u0107 ka\u017cde z\u00a0nich.[\/vc_column_text][vc_empty_space height=&#8221;30px&#8221;][vc_column_text el_class=&#8221;more&#8221;]<a href=\"\/pl\/zarzadzanie-wirtualnymi-hybrydowymi-zespolami\/lider-wirtualnego-hybrydowego-zespolu\/\">Zobacz wi\u0119cej<\/a>[\/vc_column_text][\/vc_column][vc_column width=&#8221;1\/5&#8243;][mnky_list_item icon_fontawesome=&#8221;fas fa-user-clock&#8221;]2 modu\u0142y[\/mnky_list_item][mnky_list_item icon_fontawesome=&#8221;fas fa-language&#8221;]polski \/ angielski[\/mnky_list_item][mnky_list_item icon_fontawesome=&#8221;fas fa-users&#8221;]max. 12 os\u00f3b[\/mnky_list_item][\/vc_column][\/vc_row][vc_row][vc_column][vc_separator color=&#8221;custom&#8221; accent_color=&#8221;#eaeaea&#8221;][\/vc_column][\/vc_row][vc_row full_width=&#8221;stretch_row&#8221; gap=&#8221;30&#8243; content_placement=&#8221;middle&#8221; el_class=&#8221;training-list&#8221;][vc_column width=&#8221;1\/5&#8243;][mnky_retina_image img_url=&#8221;24862&#8243; width=&#8221;206px&#8221; height=&#8221;206px&#8221; link=&#8221;url:%2Fpl%2Fzarzadzanie-wirtualnymi-hybrydowymi-zespolami%2Flider-wirtualnego-hybrydowego-zespolu%2F&#8221;][\/vc_column][vc_column width=&#8221;3\/5&#8243;][vc_column_text]<\/p>\n<h2><a href=\"\/pl\/human-centred-leadership\/mocne-strony-zespolu-talenty-gallupa\/\">Mocne strony zespo\u0142u \u2013 talenty Gallupa<\/a><\/h2>\n<p>Czy&nbsp;warto koncentrowa\u0107 si\u0119 raczej na&nbsp;swoich s\u0142abo\u015bciach, czy&nbsp;mocnych stronach? Instytut Gallupa propaguje podej\u015bcie oparte na&nbsp;talentach, kt\u00f3re mo\u017cemy rozwija\u0107 w&nbsp;mocne strony. Koncentruj\u0105c si\u0119 na&nbsp;tym co mocne w&nbsp;nas samych i&nbsp;w zespole, mo\u017cemy wydoby\u0107 pe\u0142ny potencja\u0142. Z&nbsp;ekspertami ETTA zrozumiesz i&nbsp;wykorzystasz talenty swojego zespo\u0142u![\/vc_column_text][vc_empty_space height=&#8221;30px&#8221;][vc_column_text el_class=&#8221;more&#8221;]<a href=\"\/pl\/zarzadzanie-wirtualnymi-hybrydowymi-zespolami\/lider-wirtualnego-hybrydowego-zespolu\/\">Zobacz wi\u0119cej<\/a>[\/vc_column_text][\/vc_column][vc_column width=&#8221;1\/5&#8243;][mnky_list_item icon_fontawesome=&#8221;fas fa-user-clock&#8221;]2 modu\u0142y[\/mnky_list_item][mnky_list_item icon_fontawesome=&#8221;fas fa-language&#8221;]polski \/ angielski[\/mnky_list_item][mnky_list_item icon_fontawesome=&#8221;fas fa-users&#8221;]max. 12 os\u00f3b[\/mnky_list_item][\/vc_column][\/vc_row][vc_row full_width=&#8221;stretch_row&#8221;][vc_column][vc_column_text]<div data-post-id=\"1508\" class=\"insert-page insert-page-1508 \"><p>[vc_row full_width=&#8221;stretch_row&#8221;][vc_column][vc_empty_space height=&#8221;30px&#8221;][vc_column_text]<\/p>\n<h2>Porozmawiajmy o&nbsp;rozwi\u0105zaniu dopasowanym do&nbsp;Twojego biznesu<\/h2>\n<p>[\/vc_column_text][vc_empty_space height=&#8221;60px&#8221;][\/vc_column][\/vc_row][vc_row content_placement=&#8221;middle&#8221; el_class=&#8221;contact-form&#8221;][vc_column width=&#8221;5\/12&#8243;][mnky_retina_image img_url=&#8221;24770&#8243; el_class=&#8221;radius&#8221;][\/vc_column][vc_column width=&#8221;7\/12&#8243; el_class=&#8221;right-column&#8221;][vc_empty_space height=&#8221;30px&#8221;][vc_column_text]<\/p>\n<h3>Skontaktuj si\u0119 z&nbsp;nami<\/h3>\n<p>[\/vc_column_text][vc_empty_space height=&#8221;15px&#8221;][vc_column_text]<span style=\"font-weight: 400;\">Zastanawiasz si\u0119 jakie szkolenie b\u0119dzie optymalne dla&nbsp;Twojej firmy? Napisz do&nbsp;nas, a&nbsp;dopasujemy najlepsze rozwi\u0105zanie.<\/span>[\/vc_column_text][vc_empty_space height=&#8221;15px&#8221;]\n<div class=\"wpcf7 no-js\" id=\"wpcf7-f1454-p1508-o1\" lang=\"pl-PL\" dir=\"ltr\" data-wpcf7-id=\"1454\">\n<div class=\"screen-reader-response\"><p role=\"status\" aria-live=\"polite\" aria-atomic=\"true\"><\/p> <ul><\/ul><\/div>\n<form action=\"\/pl\/wp-json\/wp\/v2\/pages\/24198#wpcf7-f1454-p1508-o1\" method=\"post\" class=\"wpcf7-form init\" aria-label=\"Formularz kontaktowy\" novalidate=\"novalidate\" data-status=\"init\">\n<fieldset class=\"hidden-fields-container\"><input type=\"hidden\" name=\"_wpcf7\" value=\"1454\" \/><input type=\"hidden\" name=\"_wpcf7_version\" value=\"6.1.5\" \/><input type=\"hidden\" name=\"_wpcf7_locale\" value=\"pl_PL\" \/><input type=\"hidden\" name=\"_wpcf7_unit_tag\" value=\"wpcf7-f1454-p1508-o1\" \/><input type=\"hidden\" name=\"_wpcf7_container_post\" value=\"1508\" \/><input type=\"hidden\" name=\"_wpcf7_posted_data_hash\" value=\"\" \/><input type=\"hidden\" name=\"_wpcf7_recaptcha_response\" value=\"\" \/>\n<\/fieldset>\n<div>\n\t<p><span class=\"wpcf7-form-control-wrap\" data-name=\"your-tel\"><input size=\"40\" maxlength=\"400\" class=\"wpcf7-form-control wpcf7-tel wpcf7-validates-as-required wpcf7-text wpcf7-validates-as-tel\" autocomplete=\"off\" aria-required=\"true\" aria-invalid=\"false\" placeholder=\"Numer telefonu\" value=\"\" type=\"tel\" name=\"your-tel\" \/><\/span>\n\t<\/p>\n<\/div>\n<div>\n\t<p><span class=\"wpcf7-form-control-wrap\" data-name=\"your-email\"><input size=\"40\" maxlength=\"400\" class=\"wpcf7-form-control wpcf7-email wpcf7-validates-as-required wpcf7-text wpcf7-validates-as-email\" autocomplete=\"off\" aria-required=\"true\" aria-invalid=\"false\" placeholder=\"Firmowy adres e-mail\" value=\"\" type=\"email\" name=\"your-email\" \/><\/span>\n\t<\/p>\n<\/div>\n<div>\n\t<p><span class=\"wpcf7-form-control-wrap\" data-name=\"your-subject\"><textarea cols=\"40\" rows=\"10\" maxlength=\"2000\" class=\"wpcf7-form-control wpcf7-textarea wpcf7-validates-as-required\" autocomplete=\"off\" aria-required=\"true\" aria-invalid=\"false\" placeholder=\"Temat rozmowy\" name=\"your-subject\"><\/textarea><\/span>\n\t<\/p>\n<\/div>\n<div>\n\t<p><span class=\"wpcf7-form-control-wrap\" data-name=\"acceptance-1\"><span class=\"wpcf7-form-control wpcf7-acceptance\"><span class=\"wpcf7-list-item\"><label><input type=\"checkbox\" name=\"acceptance-1\" value=\"1\" aria-invalid=\"false\" \/><span class=\"wpcf7-list-item-label\">Wyra\u017casz zgod\u0119 na kontakt telefoniczny w celu obs\u0142ugi niniejszego zg\u0142oszenia. Wyra\u017casz zgod\u0119 na otrzymywanie informacji handlowych \u015brodkami komunikacji elektronicznej wysy\u0142anymi przez www.ettagoglobal.com oraz na wykorzystanie komunikacji email w celach marketingowych <a href=\"https:\/\/ettagoglobal.com\/pl\/polityka-prywatnosci\/\" target=\"_blank\">(Polityka Prywatno\u015bci)<\/a>.<\/span><\/label><\/span><\/span><\/span>\n\t<\/p>\n<\/div>\n<div>\n\t<p><input class=\"wpcf7-form-control wpcf7-submit has-spinner\" type=\"submit\" value=\"Wy\u015blij\" \/>\n\t<\/p>\n<\/div>\n<div style=\"display:none;\">\n\t<p><span class=\"wpcf7-form-control-wrap\" data-name=\"page-url\"><input size=\"40\" maxlength=\"400\" class=\"wpcf7-form-control wpcf7-text\" aria-invalid=\"false\" value=\"https:\/\/www.ettagoglobal.com\/pl\/wp-json\/wp\/v2\/pages\/24198\" type=\"text\" name=\"page-url\" \/><\/span>\n\t<\/p>\n<\/div><div class=\"wpcf7-response-output\" aria-hidden=\"true\"><\/div>\n<\/form>\n<\/div>\n[vc_empty_space height=&#8221;30px&#8221;][\/vc_column][\/vc_row][vc_row][vc_column][vc_empty_space height=&#8221;60px&#8221;][\/vc_column][\/vc_row]<\/p>\n<\/div>[\/vc_column_text][\/vc_column][\/vc_row]<\/p>\n","protected":false},"excerpt":{"rendered":"<p>[vc_row full_width=&#8221;stretch_row&#8221; css=&#8221;.vc_custom_1650532683156{background-image: url(https:\/\/ettagoglobal.com\/wp-content\/uploads\/2022\/04\/background-zarzadzanie-wirtualnymi-hybrydowymi-zespolami.jpg?id=24753)&nbsp;!important;background-position: center&nbsp;!important;background-repeat: no-repeat&nbsp;!important;background-size: cover&nbsp;!important;}&#8221; el_class=&#8221;main-slide&#8221;][vc_column width=&#8221;4\/5&#8243;][vc_empty_space height=&#8221;100px&#8221;][vc_column_text] Kompetencje przysz\u0142o\u015bci [\/vc_column_text][vc_empty_space height=&#8221;30px&#8221;][vc_column_text]Rozwi\u0105zywanie problem\u00f3w, zarz\u0105dzanie sob\u0105 i&nbsp;wsp\u00f3\u0142praca w&nbsp;wirtualnym \u015brodowisku &hellip; <\/p>\n","protected":false},"author":1,"featured_media":24762,"parent":0,"menu_order":50,"comment_status":"closed","ping_status":"closed","template":"page-no-paddings.php","meta":{"_acf_changed":false,"footnotes":"","_links_to":"","_links_to_target":""},"class_list":["post-24198","page","type-page","status-publish","has-post-thumbnail","hentry"],"acf":[],"yoast_head":"<!-- This site is optimized with the Yoast SEO plugin v27.3 - https:\/\/yoast.com\/product\/yoast-seo-wordpress\/ -->\n<title>Kompetencje przysz\u0142o\u015bci - ETTA<\/title>\n<meta name=\"description\" content=\"Efektywna praca w wirtualnych i hybrydowych zespo\u0142ach wymaga zdobycia kompetencji przysz\u0142o\u015bci. Sprawd\u017a ofert\u0119 szkole\u0144 ETTA.\" \/>\n<meta name=\"robots\" content=\"index, follow, max-snippet:-1, max-image-preview:large, max-video-preview:-1\" \/>\n<link rel=\"canonical\" href=\"https:\/\/ettagoglobal.com\/pl\/kompetencje-przyszlosci\/\" \/>\n<meta property=\"og:locale\" content=\"pl_PL\" \/>\n<meta property=\"og:type\" content=\"article\" \/>\n<meta property=\"og:title\" content=\"Kompetencje przysz\u0142o\u015bci - ETTA\" \/>\n<meta property=\"og:description\" content=\"Efektywna praca w wirtualnych i hybrydowych zespo\u0142ach wymaga zdobycia kompetencji przysz\u0142o\u015bci. Sprawd\u017a ofert\u0119 szkole\u0144 ETTA.\" \/>\n<meta property=\"og:url\" content=\"https:\/\/ettagoglobal.com\/pl\/kompetencje-przyszlosci\/\" \/>\n<meta property=\"og:site_name\" content=\"ETTA\" \/>\n<meta property=\"article:modified_time\" content=\"2023-06-12T11:06:26+00:00\" \/>\n<meta property=\"og:image\" content=\"https:\/\/ettagoglobal.com\/wp-content\/uploads\/2022\/04\/zarzadzanie-wirtualnymi-hybrydowymi-zespolami-1.jpg\" \/>\n\t<meta property=\"og:image:width\" content=\"400\" \/>\n\t<meta property=\"og:image:height\" content=\"400\" \/>\n\t<meta property=\"og:image:type\" content=\"image\/jpeg\" \/>\n<meta name=\"twitter:card\" content=\"summary_large_image\" \/>\n<meta name=\"twitter:label1\" content=\"Szacowany czas czytania\" \/>\n\t<meta name=\"twitter:data1\" content=\"3 minuty\" \/>\n<script type=\"application\/ld+json\" class=\"yoast-schema-graph\">{\"@context\":\"https:\\\/\\\/schema.org\",\"@graph\":[{\"@type\":\"WebPage\",\"@id\":\"https:\\\/\\\/ettagoglobal.com\\\/pl\\\/kompetencje-przyszlosci\\\/\",\"url\":\"https:\\\/\\\/ettagoglobal.com\\\/pl\\\/kompetencje-przyszlosci\\\/\",\"name\":\"Kompetencje przysz\u0142o\u015bci - ETTA\",\"isPartOf\":{\"@id\":\"https:\\\/\\\/ettagoglobal.com\\\/#website\"},\"primaryImageOfPage\":{\"@id\":\"https:\\\/\\\/ettagoglobal.com\\\/pl\\\/kompetencje-przyszlosci\\\/#primaryimage\"},\"image\":{\"@id\":\"https:\\\/\\\/ettagoglobal.com\\\/pl\\\/kompetencje-przyszlosci\\\/#primaryimage\"},\"thumbnailUrl\":\"https:\\\/\\\/ettagoglobal.com\\\/wp-content\\\/uploads\\\/2022\\\/04\\\/zarzadzanie-wirtualnymi-hybrydowymi-zespolami-1.jpg\",\"datePublished\":\"2022-03-21T09:15:25+00:00\",\"dateModified\":\"2023-06-12T11:06:26+00:00\",\"description\":\"Efektywna praca w wirtualnych i hybrydowych zespo\u0142ach wymaga zdobycia kompetencji przysz\u0142o\u015bci. Sprawd\u017a ofert\u0119 szkole\u0144 ETTA.\",\"breadcrumb\":{\"@id\":\"https:\\\/\\\/ettagoglobal.com\\\/pl\\\/kompetencje-przyszlosci\\\/#breadcrumb\"},\"inLanguage\":\"pl-PL\",\"potentialAction\":[{\"@type\":\"ReadAction\",\"target\":[\"https:\\\/\\\/ettagoglobal.com\\\/pl\\\/kompetencje-przyszlosci\\\/\"]}]},{\"@type\":\"ImageObject\",\"inLanguage\":\"pl-PL\",\"@id\":\"https:\\\/\\\/ettagoglobal.com\\\/pl\\\/kompetencje-przyszlosci\\\/#primaryimage\",\"url\":\"https:\\\/\\\/ettagoglobal.com\\\/wp-content\\\/uploads\\\/2022\\\/04\\\/zarzadzanie-wirtualnymi-hybrydowymi-zespolami-1.jpg\",\"contentUrl\":\"https:\\\/\\\/ettagoglobal.com\\\/wp-content\\\/uploads\\\/2022\\\/04\\\/zarzadzanie-wirtualnymi-hybrydowymi-zespolami-1.jpg\",\"width\":400,\"height\":400},{\"@type\":\"BreadcrumbList\",\"@id\":\"https:\\\/\\\/ettagoglobal.com\\\/pl\\\/kompetencje-przyszlosci\\\/#breadcrumb\",\"itemListElement\":[{\"@type\":\"ListItem\",\"position\":1,\"name\":\"Strona g\u0142\u00f3wna\",\"item\":\"https:\\\/\\\/ettagoglobal.com\\\/pl\\\/home-2\\\/\"},{\"@type\":\"ListItem\",\"position\":2,\"name\":\"Kompetencje przysz\u0142o\u015bci\"}]},{\"@type\":\"WebSite\",\"@id\":\"https:\\\/\\\/ettagoglobal.com\\\/#website\",\"url\":\"https:\\\/\\\/ettagoglobal.com\\\/\",\"name\":\"ETTA\",\"description\":\"Global Connections. Let&#039;s do it bETTA!\",\"potentialAction\":[{\"@type\":\"SearchAction\",\"target\":{\"@type\":\"EntryPoint\",\"urlTemplate\":\"https:\\\/\\\/ettagoglobal.com\\\/?s={search_term_string}\"},\"query-input\":{\"@type\":\"PropertyValueSpecification\",\"valueRequired\":true,\"valueName\":\"search_term_string\"}}],\"inLanguage\":\"pl-PL\"}]}<\/script>\n<!-- \/ Yoast SEO plugin. -->","yoast_head_json":{"title":"Kompetencje przysz\u0142o\u015bci - ETTA","description":"Efektywna praca w wirtualnych i hybrydowych zespo\u0142ach wymaga zdobycia kompetencji przysz\u0142o\u015bci. Sprawd\u017a ofert\u0119 szkole\u0144 ETTA.","robots":{"index":"index","follow":"follow","max-snippet":"max-snippet:-1","max-image-preview":"max-image-preview:large","max-video-preview":"max-video-preview:-1"},"canonical":"https:\/\/ettagoglobal.com\/pl\/kompetencje-przyszlosci\/","og_locale":"pl_PL","og_type":"article","og_title":"Kompetencje przysz\u0142o\u015bci - ETTA","og_description":"Efektywna praca w wirtualnych i hybrydowych zespo\u0142ach wymaga zdobycia kompetencji przysz\u0142o\u015bci. Sprawd\u017a ofert\u0119 szkole\u0144 ETTA.","og_url":"https:\/\/ettagoglobal.com\/pl\/kompetencje-przyszlosci\/","og_site_name":"ETTA","article_modified_time":"2023-06-12T11:06:26+00:00","og_image":[{"width":400,"height":400,"url":"https:\/\/ettagoglobal.com\/wp-content\/uploads\/2022\/04\/zarzadzanie-wirtualnymi-hybrydowymi-zespolami-1.jpg","type":"image\/jpeg"}],"twitter_card":"summary_large_image","twitter_misc":{"Szacowany czas czytania":"3 minuty"},"schema":{"@context":"https:\/\/schema.org","@graph":[{"@type":"WebPage","@id":"https:\/\/ettagoglobal.com\/pl\/kompetencje-przyszlosci\/","url":"https:\/\/ettagoglobal.com\/pl\/kompetencje-przyszlosci\/","name":"Kompetencje przysz\u0142o\u015bci - ETTA","isPartOf":{"@id":"https:\/\/ettagoglobal.com\/#website"},"primaryImageOfPage":{"@id":"https:\/\/ettagoglobal.com\/pl\/kompetencje-przyszlosci\/#primaryimage"},"image":{"@id":"https:\/\/ettagoglobal.com\/pl\/kompetencje-przyszlosci\/#primaryimage"},"thumbnailUrl":"https:\/\/ettagoglobal.com\/wp-content\/uploads\/2022\/04\/zarzadzanie-wirtualnymi-hybrydowymi-zespolami-1.jpg","datePublished":"2022-03-21T09:15:25+00:00","dateModified":"2023-06-12T11:06:26+00:00","description":"Efektywna praca w wirtualnych i hybrydowych zespo\u0142ach wymaga zdobycia kompetencji przysz\u0142o\u015bci. Sprawd\u017a ofert\u0119 szkole\u0144 ETTA.","breadcrumb":{"@id":"https:\/\/ettagoglobal.com\/pl\/kompetencje-przyszlosci\/#breadcrumb"},"inLanguage":"pl-PL","potentialAction":[{"@type":"ReadAction","target":["https:\/\/ettagoglobal.com\/pl\/kompetencje-przyszlosci\/"]}]},{"@type":"ImageObject","inLanguage":"pl-PL","@id":"https:\/\/ettagoglobal.com\/pl\/kompetencje-przyszlosci\/#primaryimage","url":"https:\/\/ettagoglobal.com\/wp-content\/uploads\/2022\/04\/zarzadzanie-wirtualnymi-hybrydowymi-zespolami-1.jpg","contentUrl":"https:\/\/ettagoglobal.com\/wp-content\/uploads\/2022\/04\/zarzadzanie-wirtualnymi-hybrydowymi-zespolami-1.jpg","width":400,"height":400},{"@type":"BreadcrumbList","@id":"https:\/\/ettagoglobal.com\/pl\/kompetencje-przyszlosci\/#breadcrumb","itemListElement":[{"@type":"ListItem","position":1,"name":"Strona g\u0142\u00f3wna","item":"https:\/\/ettagoglobal.com\/pl\/home-2\/"},{"@type":"ListItem","position":2,"name":"Kompetencje przysz\u0142o\u015bci"}]},{"@type":"WebSite","@id":"https:\/\/ettagoglobal.com\/#website","url":"https:\/\/ettagoglobal.com\/","name":"ETTA","description":"Global Connections. Let&#039;s do it bETTA!","potentialAction":[{"@type":"SearchAction","target":{"@type":"EntryPoint","urlTemplate":"https:\/\/ettagoglobal.com\/?s={search_term_string}"},"query-input":{"@type":"PropertyValueSpecification","valueRequired":true,"valueName":"search_term_string"}}],"inLanguage":"pl-PL"}]}},"_links":{"self":[{"href":"https:\/\/ettagoglobal.com\/pl\/wp-json\/wp\/v2\/pages\/24198","targetHints":{"allow":["GET"]}}],"collection":[{"href":"https:\/\/ettagoglobal.com\/pl\/wp-json\/wp\/v2\/pages"}],"about":[{"href":"https:\/\/ettagoglobal.com\/pl\/wp-json\/wp\/v2\/types\/page"}],"author":[{"embeddable":true,"href":"https:\/\/ettagoglobal.com\/pl\/wp-json\/wp\/v2\/users\/1"}],"replies":[{"embeddable":true,"href":"https:\/\/ettagoglobal.com\/pl\/wp-json\/wp\/v2\/comments?post=24198"}],"version-history":[{"count":1,"href":"https:\/\/ettagoglobal.com\/pl\/wp-json\/wp\/v2\/pages\/24198\/revisions"}],"predecessor-version":[{"id":29248,"href":"https:\/\/ettagoglobal.com\/pl\/wp-json\/wp\/v2\/pages\/24198\/revisions\/29248"}],"wp:featuredmedia":[{"embeddable":true,"href":"https:\/\/ettagoglobal.com\/pl\/wp-json\/wp\/v2\/media\/24762"}],"wp:attachment":[{"href":"https:\/\/ettagoglobal.com\/pl\/wp-json\/wp\/v2\/media?parent=24198"}],"curies":[{"name":"wp","href":"https:\/\/api.w.org\/{rel}","templated":true}]}}