{"id":1597,"date":"2022-03-12T09:40:31","date_gmt":"2022-03-12T09:40:31","guid":{"rendered":"https:\/\/flamboyant-cerf.46-242-130-188.plesk.page\/?page_id=1597"},"modified":"2022-07-28T13:05:49","modified_gmt":"2022-07-28T13:05:49","slug":"faq","status":"publish","type":"page","link":"https:\/\/ettagoglobal.com\/pl\/faq\/","title":{"rendered":"FAQ"},"content":{"rendered":"<p>[vc_row top=&#8221;60px&#8221; bottom=&#8221;150px&#8221; el_class=&#8221;faq-row&#8221;][vc_column][vc_column_text]<\/p>\n<h1>FAQ &#8211; tu znajdziesz odpowiedzi na&nbsp;najcz\u0119\u015bciej zadawane pytania<\/h1>\n<p>[\/vc_column_text][vc_empty_space height=&#8221;30px&#8221;][vc_tta_accordion shape=&#8221;square&#8221; color=&#8221;white&#8221; c_icon=&#8221;chevron&#8221; c_position=&#8221;right&#8221; active_section=&#8221;999&#8243; no_fill=&#8221;true&#8221; collapsible_all=&#8221;true&#8221; el_class=&#8221;mnky-accordion&#8221;][vc_tta_section title=&#8221;Jak wygl\u0105da proces wsp\u00f3\u0142pracy z&nbsp;ETTA?&#8221; tab_id=&#8221;1450023211952-3903973f-46c1&#8243;][vc_column_text]<span style=\"font-weight: 400;\">Zawsze zaczynamy od rozmowy i&nbsp;poznania Twoich potrzeb \u2013 zar\u00f3wno pod&nbsp;k\u0105tem celu szkolenia, jego formy, jak i&nbsp;os\u00f3b kt\u00f3re b\u0119d\u0105 bra\u0142y w&nbsp;nim udzia\u0142. Mo\u017cesz skontaktowa\u0107 si\u0119 z&nbsp;nami poprzez formularz kontaktowy na&nbsp;dole strony, pisz\u0105c na&nbsp;maila <a href=\"mailto:iLike@ettagoglobal.com\">iLike@ettagoglobal.com<\/a>, lub&nbsp;kontaktuj\u0105c si\u0119 bezposrednio z&nbsp;nasz\u0105 Mened\u017cerk\u0105 ds. Relacji z&nbsp;Klientami <\/span><a href=\"https:\/\/ettagoglobal.com\/pl\/kontakt\/\" target=\"_blank\" rel=\"noopener\"><span style=\"font-weight: 400;\">Aleksandr\u0105 Jaroci\u0144sk\u0105<\/span><\/a><span style=\"font-weight: 400;\">. Kolejnym krokiem jest przygotowanie dla&nbsp;Ciebie oferty z&nbsp;propozycj\u0105 wsp\u00f3\u0142pracy, zakresem wsparcia i&nbsp;wycen\u0105.<\/span>[\/vc_column_text][\/vc_tta_section][vc_tta_section title=&#8221;Czy realizujecie szkolenia stacjonarne?&#8221; tab_id=&#8221;1450023212178-f3e45a46-312d&#8221;][vc_column_text]Jako eksperci rozwoju lider\u00f3w pracuj\u0105cych w&nbsp;wirtualnym i&nbsp;mi\u0119dzynarodowym \u015brodowisku zapraszamy uczestnik\u00f3w naszych szkole\u0144 do&nbsp;udzia\u0142u w&nbsp;webinarach i&nbsp;wirtualnych warsztatach, poniewa\u017c&nbsp;\u015bwiat online to ich codzienne miejsce pracy. Rozumiemy jednak&nbsp;jak wa\u017cny jest kontakt bezpo\u015bredni, wiec ch\u0119tnie podejmiemy rozmow\u0119 na&nbsp;temat Twojego szkolenia stacjonarnego! Niezale\u017cnie od formy spotkania, nasze sesje s\u0105 anga\u017cuj\u0105ce, praktyczne i&nbsp;oparte na&nbsp;biznesowym do\u015bwiadczeniu.[\/vc_column_text][\/vc_tta_section][vc_tta_section title=&#8221;Ile czasu trwa szkolenie?&#8221; tab_id=&#8221;1450025967336-e0850113-e5ef&#8221;][vc_column_text]Szkolenia realizowane s\u0105 w&nbsp;formie wirtualnych warsztat\u00f3w, s\u0105 to dwa spotkania po&nbsp;3,5 godziny ka\u017cde. Mog\u0105 by\u0107 to dwa nast\u0119puj\u0105ce po&nbsp;sobie dni, ale&nbsp;zach\u0119camy do&nbsp;przerwy pomi\u0119dzy sesjami, \u017ceby uczestnicy mieli czas na&nbsp;wykonanie zadania wdro\u017ceniowego i&nbsp;przemy\u015blenie tre\u015bci z&nbsp;pierwszego warsztatu. Dla&nbsp;wi\u0119kszych grup proponujemy webinary, kt\u00f3re trwaj\u0105 mi\u0119dzy 1 a&nbsp;1,5 godziny.[\/vc_column_text][\/vc_tta_section][vc_tta_section title=&#8221;Jak du\u017ce s\u0105 grupy szkoleniowe?&#8221; tab_id=&#8221;1450263180391-5e79b4ad-0a53&#8243;][vc_column_text]W warsztatach bierze udzia\u0142 minimum 1 (sesje indywidualne), a&nbsp;maksimum 12 os\u00f3b. Taka grupa szkoleniowa pracuje z&nbsp;jednym trenerem. Sesje dla&nbsp;zespo\u0142\u00f3w zarz\u0105dzaj\u0105cych? S\u0105 prowadzone przez&nbsp;dw\u00f3ch trener\u00f3w. Masz wi\u0119cej os\u00f3b do&nbsp;przeszkolenia? Zapraszamy do&nbsp;rozmowy o&nbsp;najlepszym rozwi\u0105zaniu![\/vc_column_text][\/vc_tta_section][vc_tta_section title=&#8221;Ile os\u00f3b mo\u017ce wzi\u0105\u0107 udzia\u0142 w&nbsp;webinarze?&#8221; tab_id=&#8221;1450026026265-ebd616bf-40f4&#8243;][vc_column_text]Nie ma limitu uczestnik\u00f3w webinar\u00f3w. Ograniczenia wynikaj\u0105 jedynie z&nbsp;platformy, na&nbsp;kt\u00f3rej planowana jest organizacja spotkania. Standardowe rozwi\u0105zanie to 100-200 os\u00f3b, realizowali\u015bmy jednak&nbsp;te\u017c sesje dla&nbsp;1000.[\/vc_column_text][\/vc_tta_section][vc_tta_section title=&#8221;Ile kosztuje szkolenie?&#8221; tab_id=&#8221;1450026085820-4ad6d672-6592&#8243;][vc_column_text]Cena szkolenia zale\u017cy od formatu pracy z&nbsp;grup\u0105, ilo\u015bci uczestnik\u00f3w, d\u0142ugo\u015bci projektu. Nie r\u00f3\u017cnicujemy jej jednak&nbsp;pod&nbsp;wzgl\u0119dem prowadzenia po&nbsp;polsku lub&nbsp;angielsku. Zapraszamy do&nbsp;rozmowy w&nbsp;celu uzyskania wyceny![\/vc_column_text][\/vc_tta_section][vc_tta_section title=&#8221;Czy organizujecie szkolenia otwarte?&#8221; tab_id=&#8221;1450026159592-76f0cfa8-4ae8&#8243;][vc_column_text]Nie, nasze szkolenia s\u0105 zamkni\u0119tymi sesjami dla&nbsp;grup w&nbsp;ramach jednej organizacji. Ale&nbsp;nie zostawimy Ci\u0119 w&nbsp;potrzebie! \ud83d\ude0a W&nbsp;naszej <a href=\"\/pl\/baza-wiedzy\/\" target=\"_blank\" rel=\"noopener\">bazie wiedzy<\/a> znajdziesz materia\u0142y do&nbsp;samodzielnego zg\u0142\u0119biania interesuj\u0105cych Ci\u0119 temat\u00f3w. Zapraszamy r\u00f3wnie\u017c na&nbsp;webinary otwarte, o&nbsp;kt\u00f3rych dowiesz si\u0119 z&nbsp;naszego <a href=\"#site-footer\">newslettera<\/a>, lub&nbsp;<a href=\"https:\/\/www.linkedin.com\/company\/ettaleadingacrosscultures\/\" target=\"_blank\" rel=\"noopener\">obserwuj\u0105c profil na&nbsp;Linkedin<\/a>.[\/vc_column_text][\/vc_tta_section][vc_tta_section title=&#8221;Czy szkolenia s\u0105 nagrywane?&#8221; tab_id=&#8221;1647078304330-96453b5f-273c&#8221;][vc_column_text]Wirtualne warsztaty nigdy nie s\u0105 nagrywane, poniewa\u017c&nbsp;w&nbsp;trakcie szkole\u0144 kierujemy si\u0119 zasad\u0105 poufno\u015bci. Tworzymy psychologicznie bezpieczne dla&nbsp;uczestnik\u00f3w \u015brodowisko pracy, gdzie mog\u0105 dzieli\u0107 si\u0119 swoimi wyzwaniami oraz&nbsp;przyk\u0142adami z&nbsp;\u017cycia zawodowego. Mo\u017cliwe jest natomiast&nbsp;nagranie webinaru i&nbsp;wykorzystywanie takiego nagrania przez&nbsp;klienta do&nbsp;dalszych wewn\u0119trznych cel\u00f3w rozwojowych \u2013 dodanie do&nbsp;bazy wiedzy, wykorzystanie w&nbsp;procesie onboardingu etc.[\/vc_column_text][\/vc_tta_section][vc_tta_section title=&#8221;Kto poprowadzi moje szkolenie?&#8221; tab_id=&#8221;1656330336476-9eeab4af-eeef&#8221;][vc_column_text]Do ka\u017cdego projektu rekomendujemy trenera\/trenerk\u0119 bior\u0105c pod&nbsp;uwag\u0119 specjalizacj\u0119 w&nbsp;obszarze szkolenia, specyfik\u0119 odbiorc\u00f3w szkolenia, dost\u0119pno\u015b\u0107. Zapoznaj si\u0119 z&nbsp;sylwetkami naszych konsultant\u00f3w <a href=\"\/pl\/o-nas\/#trenerzy\" target=\"_blank\" rel=\"noopener\">w&nbsp;sekcji o&nbsp;nas<\/a>.[\/vc_column_text][\/vc_tta_section][vc_tta_section title=&#8221;Na jakich platformach realizujecie szkolenia?&#8221; tab_id=&#8221;1656330456845-b6a75df5-161f&#8221;][vc_column_text]Pytanie brzmi na&nbsp;jakich nie realizujemy \ud83d\ude0a. Dopasowujemy si\u0119 do&nbsp;narz\u0119dzia wykorzystywanego przez&nbsp;klienta. Najbardziej popularne platformy to Zoom, MS Teams, Adobe Connect, Google Meet, ClickMeeting. Podczas naszych szkole\u0144 zapraszamy uczestnik\u00f3w tak\u017ce do&nbsp;zapoznania si\u0119 wirtualnymi tablicami, ankietami, formularzami. W&nbsp;ka\u017cdej sesji realizowanej przez&nbsp;ETTA uczestniczy producent\/ka sesji online \u2013 osoba, kt\u00f3ra wspiera technicznie trenera i&nbsp;uczestnik\u00f3w, \u017ceby proces rozwojowy przebiega\u0142 bez zak\u0142\u00f3ce\u0144 i&nbsp;by\u0142 interaktywny.[\/vc_column_text][\/vc_tta_section][vc_tta_section title=&#8221;Czy szkolenia s\u0105 prowadzone po&nbsp;angielsku?&#8221; tab_id=&#8221;1656330500900-79d43c44-48b4&#8243;][vc_column_text]Ka\u017cde nasze szkolenie mo\u017ce by\u0107 prowadzone po&nbsp;polsku lub&nbsp;angielsku i&nbsp;nie wp\u0142ywa na&nbsp;to jego cen\u0119. Nasi trenerzy biegle pracuj\u0105 w&nbsp;obu tych j\u0119zykach. Szkolimy r\u00f3wnie\u017c w&nbsp;innych j\u0119zykach \u2013 zapytaj o&nbsp;realizacj\u0119 wedle Twojej potrzeby.[\/vc_column_text][\/vc_tta_section][vc_tta_section title=&#8221;Czy mog\u0119 zobaczy\u0107 jak pracujecie zanim zam\u00f3wi\u0119 szkolenie?&#8221; tab_id=&#8221;1656330531230-355f002e-957d&#8221;][vc_column_text]Tak! Zapraszamy do&nbsp;naszej <a href=\"\/baza-wiedzy\/\" target=\"_blank\" rel=\"noopener\">bazy wiedzy<\/a>, w&nbsp;kt\u00f3rej publikujemy materia\u0142y z&nbsp;obszaru wsp\u00f3\u0142pracy mi\u0119dzykulturowej, zarz\u0105dzania hybrydowymi zespo\u0142ami, diversity &amp; inclusion. Webinary, podcasty, artyku\u0142y \u2013 w&nbsp;zale\u017cno\u015bci od tego w&nbsp;jaki spos\u00f3b lubisz ch\u0142on\u0105\u0107 wiedz\u0119. Mo\u017cesz te\u017c do\u0142\u0105czy\u0107 na&nbsp;webinar otwarty \u2013 dowiesz si\u0119 o&nbsp;nim zapisuj\u0105c si\u0119 na&nbsp;newsletter lub&nbsp;<a href=\"https:\/\/www.linkedin.com\/company\/ettaleadingacrosscultures\/\" target=\"_blank\" rel=\"noopener\">obserwuj\u0105c nas na&nbsp;LinkedIn<\/a>.[\/vc_column_text][\/vc_tta_section][vc_tta_section title=&#8221;Czy wasze sesje s\u0105 nastawione na&nbsp;rozwijanie praktycznych umiej\u0119tno\u015bci?&#8221; tab_id=&#8221;1656330625837-76efa4d3-c0e0&#8243;][vc_column_text]Zdecydowanie tak! Szkolenia ETTA wymagaj\u0105 od uczestnik\u00f3w zaanga\u017cowania si\u0119 w&nbsp;proces szkoleniowy, w\u0142\u0105czenia w&nbsp;dyskusje na&nbsp;forum, prac\u0119 w&nbsp;mniejszych grupach, rozwi\u0105zanie case study, generowanie rozwi\u0105za\u0144, a&nbsp;wszystko pod&nbsp;okiem trenera\/ki, kt\u00f3ry dba o&nbsp;niezb\u0119dny wsad merytoryczny oraz&nbsp;efektywn\u0105 prac\u0119 zespo\u0142ow\u0105 w&nbsp;trakcie warsztat\u00f3w. Webinary s\u0105 sesjami nastawionymi na&nbsp;przekazanie wiedzy, jednak&nbsp;nawet i&nbsp;tu uczestnicy s\u0105 zapraszani do&nbsp;dyskusji na&nbsp;czacie, brania udzia\u0142u w&nbsp;g\u0142osowaniach i&nbsp;ankietach umo\u017cliwiaj\u0105cych im wi\u0119ksze zaanga\u017cowanie w&nbsp;sesj\u0119. Od ponad 12 lat pracujemy z&nbsp;liderami globalnych organizacji, nasze programy oparte s\u0105 o&nbsp;biznesow\u0105 praktyk\u0119, nie akademickie teorie.[\/vc_column_text][\/vc_tta_section][vc_tta_section title=&#8221;Czy prowadzicie inne szkolenia poza tymi wymienionymi na&nbsp;stronie internetowej?&#8221; tab_id=&#8221;1656330647387-d665993b-625d&#8221;][vc_column_text]Tak! Szkolenia zaprezentowane na&nbsp;naszej stronie internetowej s\u0105 najbardziej popularnymi tematami rozwojowymi, kt\u00f3re obecnie realizujemy. Naszym celem jest rozw\u00f3j kompetencji przysz\u0142o\u015bci, kt\u00f3re s\u0105 niezb\u0119dne do&nbsp;pracy w&nbsp;mi\u0119dzynarodowym, wirtualnym \u015brodowisku. \u00a0Je\u017celi masz sw\u00f3j pomys\u0142 na&nbsp;projekt rozwojowy, porozmawiajmy o&nbsp;nim. A&nbsp;jak chcesz si\u0119 zainspirowa\u0107 <a href=\"https:\/\/ettagoglobal.com\/pl\/kategoria\/case-study\/\" target=\"_blank\" rel=\"noopener\">zajrzyj na&nbsp;case studies<\/a> z&nbsp;naszych realizacji.[\/vc_column_text][\/vc_tta_section][\/vc_tta_accordion][\/vc_column][\/vc_row][vc_row full_width=&#8221;stretch_row&#8221;][vc_column][vc_column_text]<div data-post-id=\"1508\" class=\"insert-page insert-page-1508 \"><p>[vc_row full_width=&#8221;stretch_row&#8221;][vc_column][vc_empty_space height=&#8221;30px&#8221;][vc_column_text]<\/p>\n<h2>Porozmawiajmy o&nbsp;rozwi\u0105zaniu dopasowanym do&nbsp;Twojego biznesu<\/h2>\n<p>[\/vc_column_text][vc_empty_space height=&#8221;60px&#8221;][\/vc_column][\/vc_row][vc_row content_placement=&#8221;middle&#8221; el_class=&#8221;contact-form&#8221;][vc_column width=&#8221;5\/12&#8243;][mnky_retina_image img_url=&#8221;24770&#8243; el_class=&#8221;radius&#8221;][\/vc_column][vc_column width=&#8221;7\/12&#8243; el_class=&#8221;right-column&#8221;][vc_empty_space height=&#8221;30px&#8221;][vc_column_text]<\/p>\n<h3>Skontaktuj si\u0119 z&nbsp;nami<\/h3>\n<p>[\/vc_column_text][vc_empty_space height=&#8221;15px&#8221;][vc_column_text]<span style=\"font-weight: 400;\">Zastanawiasz si\u0119 jakie szkolenie b\u0119dzie optymalne dla&nbsp;Twojej firmy? Napisz do&nbsp;nas, a&nbsp;dopasujemy najlepsze rozwi\u0105zanie.<\/span>[\/vc_column_text][vc_empty_space height=&#8221;15px&#8221;]\n<div class=\"wpcf7 no-js\" id=\"wpcf7-f1454-p1508-o1\" lang=\"pl-PL\" dir=\"ltr\" data-wpcf7-id=\"1454\">\n<div class=\"screen-reader-response\"><p role=\"status\" aria-live=\"polite\" aria-atomic=\"true\"><\/p> <ul><\/ul><\/div>\n<form action=\"\/pl\/wp-json\/wp\/v2\/pages\/1597#wpcf7-f1454-p1508-o1\" method=\"post\" class=\"wpcf7-form init\" aria-label=\"Formularz kontaktowy\" novalidate=\"novalidate\" data-status=\"init\">\n<fieldset class=\"hidden-fields-container\"><input type=\"hidden\" name=\"_wpcf7\" value=\"1454\" \/><input type=\"hidden\" name=\"_wpcf7_version\" value=\"6.1.5\" \/><input type=\"hidden\" name=\"_wpcf7_locale\" value=\"pl_PL\" \/><input type=\"hidden\" name=\"_wpcf7_unit_tag\" value=\"wpcf7-f1454-p1508-o1\" \/><input type=\"hidden\" name=\"_wpcf7_container_post\" value=\"1508\" \/><input type=\"hidden\" name=\"_wpcf7_posted_data_hash\" value=\"\" \/><input type=\"hidden\" name=\"_wpcf7_recaptcha_response\" value=\"\" \/>\n<\/fieldset>\n<div>\n\t<p><span class=\"wpcf7-form-control-wrap\" data-name=\"your-tel\"><input size=\"40\" maxlength=\"400\" class=\"wpcf7-form-control wpcf7-tel wpcf7-validates-as-required wpcf7-text wpcf7-validates-as-tel\" autocomplete=\"off\" aria-required=\"true\" aria-invalid=\"false\" placeholder=\"Numer telefonu\" value=\"\" type=\"tel\" name=\"your-tel\" \/><\/span>\n\t<\/p>\n<\/div>\n<div>\n\t<p><span class=\"wpcf7-form-control-wrap\" data-name=\"your-email\"><input size=\"40\" maxlength=\"400\" class=\"wpcf7-form-control wpcf7-email wpcf7-validates-as-required wpcf7-text wpcf7-validates-as-email\" autocomplete=\"off\" aria-required=\"true\" aria-invalid=\"false\" placeholder=\"Firmowy adres e-mail\" value=\"\" type=\"email\" name=\"your-email\" \/><\/span>\n\t<\/p>\n<\/div>\n<div>\n\t<p><span class=\"wpcf7-form-control-wrap\" data-name=\"your-subject\"><textarea cols=\"40\" rows=\"10\" maxlength=\"2000\" class=\"wpcf7-form-control wpcf7-textarea wpcf7-validates-as-required\" autocomplete=\"off\" aria-required=\"true\" aria-invalid=\"false\" placeholder=\"Temat rozmowy\" name=\"your-subject\"><\/textarea><\/span>\n\t<\/p>\n<\/div>\n<div>\n\t<p><span class=\"wpcf7-form-control-wrap\" data-name=\"acceptance-1\"><span class=\"wpcf7-form-control wpcf7-acceptance\"><span class=\"wpcf7-list-item\"><label><input type=\"checkbox\" name=\"acceptance-1\" value=\"1\" aria-invalid=\"false\" \/><span class=\"wpcf7-list-item-label\">Wyra\u017casz zgod\u0119 na kontakt telefoniczny w celu obs\u0142ugi niniejszego zg\u0142oszenia. Wyra\u017casz zgod\u0119 na otrzymywanie informacji handlowych \u015brodkami komunikacji elektronicznej wysy\u0142anymi przez www.ettagoglobal.com oraz na wykorzystanie komunikacji email w celach marketingowych <a href=\"https:\/\/ettagoglobal.com\/pl\/polityka-prywatnosci\/\" target=\"_blank\">(Polityka Prywatno\u015bci)<\/a>.<\/span><\/label><\/span><\/span><\/span>\n\t<\/p>\n<\/div>\n<div>\n\t<p><input class=\"wpcf7-form-control wpcf7-submit has-spinner\" type=\"submit\" value=\"Wy\u015blij\" \/>\n\t<\/p>\n<\/div>\n<div style=\"display:none;\">\n\t<p><span class=\"wpcf7-form-control-wrap\" data-name=\"page-url\"><input size=\"40\" maxlength=\"400\" class=\"wpcf7-form-control wpcf7-text\" aria-invalid=\"false\" value=\"https:\/\/www.ettagoglobal.com\/pl\/wp-json\/wp\/v2\/pages\/1597\" type=\"text\" name=\"page-url\" \/><\/span>\n\t<\/p>\n<\/div><div class=\"wpcf7-response-output\" aria-hidden=\"true\"><\/div>\n<\/form>\n<\/div>\n[vc_empty_space height=&#8221;30px&#8221;][\/vc_column][\/vc_row][vc_row][vc_column][vc_empty_space height=&#8221;60px&#8221;][\/vc_column][\/vc_row]<\/p>\n<\/div>[\/vc_column_text][\/vc_column][\/vc_row]<\/p>\n","protected":false},"excerpt":{"rendered":"<p>[vc_row top=&#8221;60px&#8221; bottom=&#8221;150px&#8221; el_class=&#8221;faq-row&#8221;][vc_column][vc_column_text] FAQ &#8211; tu znajdziesz odpowiedzi na&nbsp;najcz\u0119\u015bciej zadawane pytania [\/vc_column_text][vc_empty_space height=&#8221;30px&#8221;][vc_tta_accordion shape=&#8221;square&#8221; color=&#8221;white&#8221; c_icon=&#8221;chevron&#8221; c_position=&#8221;right&#8221; active_section=&#8221;999&#8243; no_fill=&#8221;true&#8221; &hellip; <\/p>\n","protected":false},"author":1,"featured_media":0,"parent":0,"menu_order":59,"comment_status":"closed","ping_status":"closed","template":"","meta":{"_acf_changed":false,"footnotes":"","_links_to":"","_links_to_target":""},"class_list":["post-1597","page","type-page","status-publish","hentry"],"acf":[],"yoast_head":"<!-- This site is optimized with the Yoast SEO plugin v27.3 - https:\/\/yoast.com\/product\/yoast-seo-wordpress\/ -->\n<title>FAQ - ETTA<\/title>\n<meta name=\"robots\" content=\"index, follow, max-snippet:-1, max-image-preview:large, max-video-preview:-1\" \/>\n<link rel=\"canonical\" href=\"https:\/\/ettagoglobal.com\/pl\/faq\/\" \/>\n<meta property=\"og:locale\" content=\"pl_PL\" \/>\n<meta property=\"og:type\" content=\"article\" \/>\n<meta property=\"og:title\" content=\"FAQ - ETTA\" \/>\n<meta property=\"og:description\" content=\"[vc_row top=&#8221;60px&#8221; bottom=&#8221;150px&#8221; el_class=&#8221;faq-row&#8221;][vc_column][vc_column_text] FAQ &#8211; tu znajdziesz odpowiedzi na&nbsp;najcz\u0119\u015bciej zadawane pytania [\/vc_column_text][vc_empty_space height=&#8221;30px&#8221;][vc_tta_accordion shape=&#8221;square&#8221; color=&#8221;white&#8221; c_icon=&#8221;chevron&#8221; c_position=&#8221;right&#8221; active_section=&#8221;999&#8243; no_fill=&#8221;true&#8221; &hellip;\" \/>\n<meta property=\"og:url\" content=\"https:\/\/ettagoglobal.com\/pl\/faq\/\" \/>\n<meta property=\"og:site_name\" content=\"ETTA\" \/>\n<meta property=\"article:modified_time\" content=\"2022-07-28T13:05:49+00:00\" \/>\n<meta property=\"og:image\" content=\"https:\/\/ettagoglobal.com\/wp-content\/uploads\/2022\/02\/etta_logo_retina-1.png\" \/>\n\t<meta property=\"og:image:width\" content=\"410\" \/>\n\t<meta property=\"og:image:height\" content=\"150\" \/>\n\t<meta property=\"og:image:type\" content=\"image\/png\" \/>\n<meta name=\"twitter:card\" content=\"summary_large_image\" \/>\n<meta name=\"twitter:label1\" content=\"Szacowany czas czytania\" \/>\n\t<meta name=\"twitter:data1\" content=\"4 minuty\" \/>\n<script type=\"application\/ld+json\" class=\"yoast-schema-graph\">{\"@context\":\"https:\\\/\\\/schema.org\",\"@graph\":[{\"@type\":\"WebPage\",\"@id\":\"https:\\\/\\\/ettagoglobal.com\\\/pl\\\/faq\\\/\",\"url\":\"https:\\\/\\\/ettagoglobal.com\\\/pl\\\/faq\\\/\",\"name\":\"FAQ - ETTA\",\"isPartOf\":{\"@id\":\"https:\\\/\\\/ettagoglobal.com\\\/#website\"},\"datePublished\":\"2022-03-12T09:40:31+00:00\",\"dateModified\":\"2022-07-28T13:05:49+00:00\",\"breadcrumb\":{\"@id\":\"https:\\\/\\\/ettagoglobal.com\\\/pl\\\/faq\\\/#breadcrumb\"},\"inLanguage\":\"pl-PL\",\"potentialAction\":[{\"@type\":\"ReadAction\",\"target\":[\"https:\\\/\\\/ettagoglobal.com\\\/pl\\\/faq\\\/\"]}]},{\"@type\":\"BreadcrumbList\",\"@id\":\"https:\\\/\\\/ettagoglobal.com\\\/pl\\\/faq\\\/#breadcrumb\",\"itemListElement\":[{\"@type\":\"ListItem\",\"position\":1,\"name\":\"Strona g\u0142\u00f3wna\",\"item\":\"https:\\\/\\\/ettagoglobal.com\\\/pl\\\/home-2\\\/\"},{\"@type\":\"ListItem\",\"position\":2,\"name\":\"FAQ\"}]},{\"@type\":\"WebSite\",\"@id\":\"https:\\\/\\\/ettagoglobal.com\\\/#website\",\"url\":\"https:\\\/\\\/ettagoglobal.com\\\/\",\"name\":\"ETTA\",\"description\":\"Global Connections. Let&#039;s do it bETTA!\",\"potentialAction\":[{\"@type\":\"SearchAction\",\"target\":{\"@type\":\"EntryPoint\",\"urlTemplate\":\"https:\\\/\\\/ettagoglobal.com\\\/?s={search_term_string}\"},\"query-input\":{\"@type\":\"PropertyValueSpecification\",\"valueRequired\":true,\"valueName\":\"search_term_string\"}}],\"inLanguage\":\"pl-PL\"}]}<\/script>\n<!-- \/ Yoast SEO plugin. -->","yoast_head_json":{"title":"FAQ - ETTA","robots":{"index":"index","follow":"follow","max-snippet":"max-snippet:-1","max-image-preview":"max-image-preview:large","max-video-preview":"max-video-preview:-1"},"canonical":"https:\/\/ettagoglobal.com\/pl\/faq\/","og_locale":"pl_PL","og_type":"article","og_title":"FAQ - ETTA","og_description":"[vc_row top=&#8221;60px&#8221; bottom=&#8221;150px&#8221; el_class=&#8221;faq-row&#8221;][vc_column][vc_column_text] FAQ &#8211; tu znajdziesz odpowiedzi na&nbsp;najcz\u0119\u015bciej zadawane pytania [\/vc_column_text][vc_empty_space height=&#8221;30px&#8221;][vc_tta_accordion shape=&#8221;square&#8221; color=&#8221;white&#8221; c_icon=&#8221;chevron&#8221; c_position=&#8221;right&#8221; active_section=&#8221;999&#8243; no_fill=&#8221;true&#8221; &hellip;","og_url":"https:\/\/ettagoglobal.com\/pl\/faq\/","og_site_name":"ETTA","article_modified_time":"2022-07-28T13:05:49+00:00","og_image":[{"width":410,"height":150,"url":"https:\/\/ettagoglobal.com\/wp-content\/uploads\/2022\/02\/etta_logo_retina-1.png","type":"image\/png"}],"twitter_card":"summary_large_image","twitter_misc":{"Szacowany czas czytania":"4 minuty"},"schema":{"@context":"https:\/\/schema.org","@graph":[{"@type":"WebPage","@id":"https:\/\/ettagoglobal.com\/pl\/faq\/","url":"https:\/\/ettagoglobal.com\/pl\/faq\/","name":"FAQ - ETTA","isPartOf":{"@id":"https:\/\/ettagoglobal.com\/#website"},"datePublished":"2022-03-12T09:40:31+00:00","dateModified":"2022-07-28T13:05:49+00:00","breadcrumb":{"@id":"https:\/\/ettagoglobal.com\/pl\/faq\/#breadcrumb"},"inLanguage":"pl-PL","potentialAction":[{"@type":"ReadAction","target":["https:\/\/ettagoglobal.com\/pl\/faq\/"]}]},{"@type":"BreadcrumbList","@id":"https:\/\/ettagoglobal.com\/pl\/faq\/#breadcrumb","itemListElement":[{"@type":"ListItem","position":1,"name":"Strona g\u0142\u00f3wna","item":"https:\/\/ettagoglobal.com\/pl\/home-2\/"},{"@type":"ListItem","position":2,"name":"FAQ"}]},{"@type":"WebSite","@id":"https:\/\/ettagoglobal.com\/#website","url":"https:\/\/ettagoglobal.com\/","name":"ETTA","description":"Global Connections. Let&#039;s do it bETTA!","potentialAction":[{"@type":"SearchAction","target":{"@type":"EntryPoint","urlTemplate":"https:\/\/ettagoglobal.com\/?s={search_term_string}"},"query-input":{"@type":"PropertyValueSpecification","valueRequired":true,"valueName":"search_term_string"}}],"inLanguage":"pl-PL"}]}},"_links":{"self":[{"href":"https:\/\/ettagoglobal.com\/pl\/wp-json\/wp\/v2\/pages\/1597","targetHints":{"allow":["GET"]}}],"collection":[{"href":"https:\/\/ettagoglobal.com\/pl\/wp-json\/wp\/v2\/pages"}],"about":[{"href":"https:\/\/ettagoglobal.com\/pl\/wp-json\/wp\/v2\/types\/page"}],"author":[{"embeddable":true,"href":"https:\/\/ettagoglobal.com\/pl\/wp-json\/wp\/v2\/users\/1"}],"replies":[{"embeddable":true,"href":"https:\/\/ettagoglobal.com\/pl\/wp-json\/wp\/v2\/comments?post=1597"}],"version-history":[{"count":0,"href":"https:\/\/ettagoglobal.com\/pl\/wp-json\/wp\/v2\/pages\/1597\/revisions"}],"wp:attachment":[{"href":"https:\/\/ettagoglobal.com\/pl\/wp-json\/wp\/v2\/media?parent=1597"}],"curies":[{"name":"wp","href":"https:\/\/api.w.org\/{rel}","templated":true}]}}