{"id":1523,"date":"2022-03-09T19:56:42","date_gmt":"2022-03-09T19:56:42","guid":{"rendered":"https:\/\/flamboyant-cerf.46-242-130-188.plesk.page\/?page_id=1523"},"modified":"2022-07-15T09:11:14","modified_gmt":"2022-07-15T09:11:14","slug":"skonsultuj-szkolenie","status":"publish","type":"page","link":"https:\/\/ettagoglobal.com\/pl\/skonsultuj-szkolenie\/","title":{"rendered":"Skonsultuj szkolenie"},"content":{"rendered":"<p>[vc_row full_width=&#8221;stretch_row&#8221; css=&#8221;.vc_custom_1646648286320{background-image: url(https:\/\/ettagoglobal.com\/wp-content\/uploads\/2022\/03\/main_slide-2.jpg?id=1382)&nbsp;!important;background-position: center&nbsp;!important;background-repeat: no-repeat&nbsp;!important;background-size: cover&nbsp;!important;}&#8221; el_class=&#8221;main-slide&#8221;][vc_column width=&#8221;4\/5&#8243;][vc_empty_space height=&#8221;100px&#8221;][vc_column_text]<\/p>\n<h1>Skonsultuj nasze szkolenia<\/h1>\n<p>[\/vc_column_text][vc_empty_space height=&#8221;30px&#8221;][vc_column_text]Na tej stronie znajdziesz przyk\u0142ady szkole\u0144, kt\u00f3re odpowiadaj\u0105 na&nbsp;aktualne wyzwania globalnych lider\u00f3w. Zawsze jednak&nbsp;dopasowujemy tre\u015bci, przyk\u0142ady i&nbsp;case study do&nbsp;reali\u00f3w biznesu os\u00f3b w&nbsp;nich uczestnicz\u0105cych. Porozmawiajmy o&nbsp;Waszych celach i&nbsp;oczekiwaniach.[\/vc_column_text][vc_empty_space height=&#8221;30px&#8221;][vc_column_text el_class=&#8221;more&#8221;]<a href=\"#formularz\">Zapytaj o&nbsp;nasze szkolenia<\/a>[\/vc_column_text][vc_empty_space height=&#8221;100px&#8221;][\/vc_column][vc_column width=&#8221;1\/5&#8243;][\/vc_column][\/vc_row][vc_row full_width=&#8221;stretch_row&#8221; el_id=&#8221;formularz&#8221;][vc_column][vc_empty_space height=&#8221;30px&#8221;][vc_column_text]<div data-post-id=\"1508\" class=\"insert-page insert-page-1508 \"><p>[vc_row full_width=&#8221;stretch_row&#8221;][vc_column][vc_empty_space height=&#8221;30px&#8221;][vc_column_text]<\/p>\n<h2>Porozmawiajmy o&nbsp;rozwi\u0105zaniu dopasowanym do&nbsp;Twojego biznesu<\/h2>\n<p>[\/vc_column_text][vc_empty_space height=&#8221;60px&#8221;][\/vc_column][\/vc_row][vc_row content_placement=&#8221;middle&#8221; el_class=&#8221;contact-form&#8221;][vc_column width=&#8221;5\/12&#8243;][mnky_retina_image img_url=&#8221;24770&#8243; el_class=&#8221;radius&#8221;][\/vc_column][vc_column width=&#8221;7\/12&#8243; el_class=&#8221;right-column&#8221;][vc_empty_space height=&#8221;30px&#8221;][vc_column_text]<\/p>\n<h3>Skontaktuj si\u0119 z&nbsp;nami<\/h3>\n<p>[\/vc_column_text][vc_empty_space height=&#8221;15px&#8221;][vc_column_text]<span style=\"font-weight: 400;\">Zastanawiasz si\u0119 jakie szkolenie b\u0119dzie optymalne dla&nbsp;Twojej firmy? Napisz do&nbsp;nas, a&nbsp;dopasujemy najlepsze rozwi\u0105zanie.<\/span>[\/vc_column_text][vc_empty_space height=&#8221;15px&#8221;]\n<div class=\"wpcf7 no-js\" id=\"wpcf7-f1454-p1508-o1\" lang=\"pl-PL\" dir=\"ltr\" data-wpcf7-id=\"1454\">\n<div class=\"screen-reader-response\"><p role=\"status\" aria-live=\"polite\" aria-atomic=\"true\"><\/p> <ul><\/ul><\/div>\n<form action=\"\/pl\/wp-json\/wp\/v2\/pages\/1523#wpcf7-f1454-p1508-o1\" method=\"post\" class=\"wpcf7-form init\" aria-label=\"Formularz kontaktowy\" novalidate=\"novalidate\" data-status=\"init\">\n<fieldset class=\"hidden-fields-container\"><input type=\"hidden\" name=\"_wpcf7\" value=\"1454\" \/><input type=\"hidden\" name=\"_wpcf7_version\" value=\"6.1.5\" \/><input type=\"hidden\" name=\"_wpcf7_locale\" value=\"pl_PL\" \/><input type=\"hidden\" name=\"_wpcf7_unit_tag\" value=\"wpcf7-f1454-p1508-o1\" \/><input type=\"hidden\" name=\"_wpcf7_container_post\" value=\"1508\" \/><input type=\"hidden\" name=\"_wpcf7_posted_data_hash\" value=\"\" \/><input type=\"hidden\" name=\"_wpcf7_recaptcha_response\" value=\"\" \/>\n<\/fieldset>\n<div>\n\t<p><span class=\"wpcf7-form-control-wrap\" data-name=\"your-tel\"><input size=\"40\" maxlength=\"400\" class=\"wpcf7-form-control wpcf7-tel wpcf7-validates-as-required wpcf7-text wpcf7-validates-as-tel\" autocomplete=\"off\" aria-required=\"true\" aria-invalid=\"false\" placeholder=\"Numer telefonu\" value=\"\" type=\"tel\" name=\"your-tel\" \/><\/span>\n\t<\/p>\n<\/div>\n<div>\n\t<p><span class=\"wpcf7-form-control-wrap\" data-name=\"your-email\"><input size=\"40\" maxlength=\"400\" class=\"wpcf7-form-control wpcf7-email wpcf7-validates-as-required wpcf7-text wpcf7-validates-as-email\" autocomplete=\"off\" aria-required=\"true\" aria-invalid=\"false\" placeholder=\"Firmowy adres e-mail\" value=\"\" type=\"email\" name=\"your-email\" \/><\/span>\n\t<\/p>\n<\/div>\n<div>\n\t<p><span class=\"wpcf7-form-control-wrap\" data-name=\"your-subject\"><textarea cols=\"40\" rows=\"10\" maxlength=\"2000\" class=\"wpcf7-form-control wpcf7-textarea wpcf7-validates-as-required\" autocomplete=\"off\" aria-required=\"true\" aria-invalid=\"false\" placeholder=\"Temat rozmowy\" name=\"your-subject\"><\/textarea><\/span>\n\t<\/p>\n<\/div>\n<div>\n\t<p><span class=\"wpcf7-form-control-wrap\" data-name=\"acceptance-1\"><span class=\"wpcf7-form-control wpcf7-acceptance\"><span class=\"wpcf7-list-item\"><label><input type=\"checkbox\" name=\"acceptance-1\" value=\"1\" aria-invalid=\"false\" \/><span class=\"wpcf7-list-item-label\">Wyra\u017casz zgod\u0119 na kontakt telefoniczny w celu obs\u0142ugi niniejszego zg\u0142oszenia. Wyra\u017casz zgod\u0119 na otrzymywanie informacji handlowych \u015brodkami komunikacji elektronicznej wysy\u0142anymi przez www.ettagoglobal.com oraz na wykorzystanie komunikacji email w celach marketingowych <a href=\"https:\/\/ettagoglobal.com\/pl\/polityka-prywatnosci\/\" target=\"_blank\">(Polityka Prywatno\u015bci)<\/a>.<\/span><\/label><\/span><\/span><\/span>\n\t<\/p>\n<\/div>\n<div>\n\t<p><input class=\"wpcf7-form-control wpcf7-submit has-spinner\" type=\"submit\" value=\"Wy\u015blij\" \/>\n\t<\/p>\n<\/div>\n<div style=\"display:none;\">\n\t<p><span class=\"wpcf7-form-control-wrap\" data-name=\"page-url\"><input size=\"40\" maxlength=\"400\" class=\"wpcf7-form-control wpcf7-text\" aria-invalid=\"false\" value=\"https:\/\/www.ettagoglobal.com\/pl\/wp-json\/wp\/v2\/pages\/1523\" type=\"text\" name=\"page-url\" \/><\/span>\n\t<\/p>\n<\/div><div class=\"wpcf7-response-output\" aria-hidden=\"true\"><\/div>\n<\/form>\n<\/div>\n[vc_empty_space height=&#8221;30px&#8221;][\/vc_column][\/vc_row][vc_row][vc_column][vc_empty_space height=&#8221;60px&#8221;][\/vc_column][\/vc_row]<\/p>\n<\/div>[\/vc_column_text][\/vc_column][\/vc_row]<\/p>\n","protected":false},"excerpt":{"rendered":"<p>[vc_row full_width=&#8221;stretch_row&#8221; css=&#8221;.vc_custom_1646648286320{background-image: url(https:\/\/ettagoglobal.com\/wp-content\/uploads\/2022\/03\/main_slide-2.jpg?id=1382)&nbsp;!important;background-position: center&nbsp;!important;background-repeat: no-repeat&nbsp;!important;background-size: cover&nbsp;!important;}&#8221; el_class=&#8221;main-slide&#8221;][vc_column width=&#8221;4\/5&#8243;][vc_empty_space height=&#8221;100px&#8221;][vc_column_text] Skonsultuj nasze szkolenia [\/vc_column_text][vc_empty_space height=&#8221;30px&#8221;][vc_column_text]Na tej stronie znajdziesz przyk\u0142ady szkole\u0144, &hellip; <\/p>\n","protected":false},"author":1,"featured_media":0,"parent":0,"menu_order":63,"comment_status":"closed","ping_status":"closed","template":"page-no-paddings.php","meta":{"_acf_changed":false,"footnotes":"","_links_to":"","_links_to_target":""},"class_list":["post-1523","page","type-page","status-publish","hentry"],"acf":[],"yoast_head":"<!-- This site is optimized with the Yoast SEO plugin v27.3 - https:\/\/yoast.com\/product\/yoast-seo-wordpress\/ -->\n<title>Skonsultuj szkolenie - ETTA<\/title>\n<meta name=\"description\" content=\"Szukasz szkolenia online dla lider\u00f3w wirtualnych \/ hybrydowych zespo\u0142\u00f3w, kt\u00f3re dzia\u0142aj\u0105 na mi\u0119dzynarodowych rynkach? Zapraszamy do ETTA!\" \/>\n<meta name=\"robots\" content=\"index, follow, max-snippet:-1, max-image-preview:large, max-video-preview:-1\" \/>\n<link rel=\"canonical\" href=\"https:\/\/ettagoglobal.com\/pl\/skonsultuj-szkolenie\/\" \/>\n<meta property=\"og:locale\" content=\"pl_PL\" \/>\n<meta property=\"og:type\" content=\"article\" \/>\n<meta property=\"og:title\" content=\"Skonsultuj szkolenie - ETTA\" \/>\n<meta property=\"og:description\" content=\"Szukasz szkolenia online dla lider\u00f3w wirtualnych \/ hybrydowych zespo\u0142\u00f3w, kt\u00f3re dzia\u0142aj\u0105 na mi\u0119dzynarodowych rynkach? Zapraszamy do ETTA!\" \/>\n<meta property=\"og:url\" content=\"https:\/\/ettagoglobal.com\/pl\/skonsultuj-szkolenie\/\" \/>\n<meta property=\"og:site_name\" content=\"ETTA\" \/>\n<meta property=\"article:modified_time\" content=\"2022-07-15T09:11:14+00:00\" \/>\n<meta property=\"og:image\" content=\"https:\/\/ettagoglobal.com\/wp-content\/uploads\/2022\/02\/etta_logo_retina-1.png\" \/>\n\t<meta property=\"og:image:width\" content=\"410\" \/>\n\t<meta property=\"og:image:height\" content=\"150\" \/>\n\t<meta property=\"og:image:type\" content=\"image\/png\" \/>\n<meta name=\"twitter:card\" content=\"summary_large_image\" \/>\n<meta name=\"twitter:label1\" content=\"Szacowany czas czytania\" \/>\n\t<meta name=\"twitter:data1\" content=\"1 minuta\" \/>\n<script type=\"application\/ld+json\" class=\"yoast-schema-graph\">{\"@context\":\"https:\\\/\\\/schema.org\",\"@graph\":[{\"@type\":\"WebPage\",\"@id\":\"https:\\\/\\\/ettagoglobal.com\\\/pl\\\/skonsultuj-szkolenie\\\/\",\"url\":\"https:\\\/\\\/ettagoglobal.com\\\/pl\\\/skonsultuj-szkolenie\\\/\",\"name\":\"Skonsultuj szkolenie - ETTA\",\"isPartOf\":{\"@id\":\"https:\\\/\\\/ettagoglobal.com\\\/#website\"},\"datePublished\":\"2022-03-09T19:56:42+00:00\",\"dateModified\":\"2022-07-15T09:11:14+00:00\",\"description\":\"Szukasz szkolenia online dla lider\u00f3w wirtualnych \\\/ hybrydowych zespo\u0142\u00f3w, kt\u00f3re dzia\u0142aj\u0105 na mi\u0119dzynarodowych rynkach? Zapraszamy do ETTA!\",\"breadcrumb\":{\"@id\":\"https:\\\/\\\/ettagoglobal.com\\\/pl\\\/skonsultuj-szkolenie\\\/#breadcrumb\"},\"inLanguage\":\"pl-PL\",\"potentialAction\":[{\"@type\":\"ReadAction\",\"target\":[\"https:\\\/\\\/ettagoglobal.com\\\/pl\\\/skonsultuj-szkolenie\\\/\"]}]},{\"@type\":\"BreadcrumbList\",\"@id\":\"https:\\\/\\\/ettagoglobal.com\\\/pl\\\/skonsultuj-szkolenie\\\/#breadcrumb\",\"itemListElement\":[{\"@type\":\"ListItem\",\"position\":1,\"name\":\"Strona g\u0142\u00f3wna\",\"item\":\"https:\\\/\\\/ettagoglobal.com\\\/pl\\\/home-2\\\/\"},{\"@type\":\"ListItem\",\"position\":2,\"name\":\"Skonsultuj szkolenie\"}]},{\"@type\":\"WebSite\",\"@id\":\"https:\\\/\\\/ettagoglobal.com\\\/#website\",\"url\":\"https:\\\/\\\/ettagoglobal.com\\\/\",\"name\":\"ETTA\",\"description\":\"Global Connections. Let&#039;s do it bETTA!\",\"potentialAction\":[{\"@type\":\"SearchAction\",\"target\":{\"@type\":\"EntryPoint\",\"urlTemplate\":\"https:\\\/\\\/ettagoglobal.com\\\/?s={search_term_string}\"},\"query-input\":{\"@type\":\"PropertyValueSpecification\",\"valueRequired\":true,\"valueName\":\"search_term_string\"}}],\"inLanguage\":\"pl-PL\"}]}<\/script>\n<!-- \/ Yoast SEO plugin. -->","yoast_head_json":{"title":"Skonsultuj szkolenie - ETTA","description":"Szukasz szkolenia online dla lider\u00f3w wirtualnych \/ hybrydowych zespo\u0142\u00f3w, kt\u00f3re dzia\u0142aj\u0105 na mi\u0119dzynarodowych rynkach? Zapraszamy do ETTA!","robots":{"index":"index","follow":"follow","max-snippet":"max-snippet:-1","max-image-preview":"max-image-preview:large","max-video-preview":"max-video-preview:-1"},"canonical":"https:\/\/ettagoglobal.com\/pl\/skonsultuj-szkolenie\/","og_locale":"pl_PL","og_type":"article","og_title":"Skonsultuj szkolenie - ETTA","og_description":"Szukasz szkolenia online dla lider\u00f3w wirtualnych \/ hybrydowych zespo\u0142\u00f3w, kt\u00f3re dzia\u0142aj\u0105 na mi\u0119dzynarodowych rynkach? Zapraszamy do ETTA!","og_url":"https:\/\/ettagoglobal.com\/pl\/skonsultuj-szkolenie\/","og_site_name":"ETTA","article_modified_time":"2022-07-15T09:11:14+00:00","og_image":[{"width":410,"height":150,"url":"https:\/\/ettagoglobal.com\/wp-content\/uploads\/2022\/02\/etta_logo_retina-1.png","type":"image\/png"}],"twitter_card":"summary_large_image","twitter_misc":{"Szacowany czas czytania":"1 minuta"},"schema":{"@context":"https:\/\/schema.org","@graph":[{"@type":"WebPage","@id":"https:\/\/ettagoglobal.com\/pl\/skonsultuj-szkolenie\/","url":"https:\/\/ettagoglobal.com\/pl\/skonsultuj-szkolenie\/","name":"Skonsultuj szkolenie - ETTA","isPartOf":{"@id":"https:\/\/ettagoglobal.com\/#website"},"datePublished":"2022-03-09T19:56:42+00:00","dateModified":"2022-07-15T09:11:14+00:00","description":"Szukasz szkolenia online dla lider\u00f3w wirtualnych \/ hybrydowych zespo\u0142\u00f3w, kt\u00f3re dzia\u0142aj\u0105 na mi\u0119dzynarodowych rynkach? Zapraszamy do ETTA!","breadcrumb":{"@id":"https:\/\/ettagoglobal.com\/pl\/skonsultuj-szkolenie\/#breadcrumb"},"inLanguage":"pl-PL","potentialAction":[{"@type":"ReadAction","target":["https:\/\/ettagoglobal.com\/pl\/skonsultuj-szkolenie\/"]}]},{"@type":"BreadcrumbList","@id":"https:\/\/ettagoglobal.com\/pl\/skonsultuj-szkolenie\/#breadcrumb","itemListElement":[{"@type":"ListItem","position":1,"name":"Strona g\u0142\u00f3wna","item":"https:\/\/ettagoglobal.com\/pl\/home-2\/"},{"@type":"ListItem","position":2,"name":"Skonsultuj szkolenie"}]},{"@type":"WebSite","@id":"https:\/\/ettagoglobal.com\/#website","url":"https:\/\/ettagoglobal.com\/","name":"ETTA","description":"Global Connections. Let&#039;s do it bETTA!","potentialAction":[{"@type":"SearchAction","target":{"@type":"EntryPoint","urlTemplate":"https:\/\/ettagoglobal.com\/?s={search_term_string}"},"query-input":{"@type":"PropertyValueSpecification","valueRequired":true,"valueName":"search_term_string"}}],"inLanguage":"pl-PL"}]}},"_links":{"self":[{"href":"https:\/\/ettagoglobal.com\/pl\/wp-json\/wp\/v2\/pages\/1523","targetHints":{"allow":["GET"]}}],"collection":[{"href":"https:\/\/ettagoglobal.com\/pl\/wp-json\/wp\/v2\/pages"}],"about":[{"href":"https:\/\/ettagoglobal.com\/pl\/wp-json\/wp\/v2\/types\/page"}],"author":[{"embeddable":true,"href":"https:\/\/ettagoglobal.com\/pl\/wp-json\/wp\/v2\/users\/1"}],"replies":[{"embeddable":true,"href":"https:\/\/ettagoglobal.com\/pl\/wp-json\/wp\/v2\/comments?post=1523"}],"version-history":[{"count":0,"href":"https:\/\/ettagoglobal.com\/pl\/wp-json\/wp\/v2\/pages\/1523\/revisions"}],"wp:attachment":[{"href":"https:\/\/ettagoglobal.com\/pl\/wp-json\/wp\/v2\/media?parent=1523"}],"curies":[{"name":"wp","href":"https:\/\/api.w.org\/{rel}","templated":true}]}}